{"id":255415,"date":"2023-11-20T11:40:35","date_gmt":"2023-11-20T10:40:35","guid":{"rendered":"https:\/\/webdesi-gn.fr\/dev_deltalabo\/?post_type=product&#038;p=255415"},"modified":"2025-11-24T13:59:40","modified_gmt":"2025-11-24T12:59:40","slug":"solutions-etalons-pour-densimetres-electroniques","status":"publish","type":"product","link":"https:\/\/webdesi-gn.fr\/dev_deltalabo\/produits\/categories\/solutions-etalons-pour-densimetres-electroniques\/","title":{"rendered":"Solutions \u00e9talons pour densim\u00e8tres \u00e9lectroniques"},"content":{"rendered":"","protected":false},"excerpt":{"rendered":"<p><strong>Solutions \u00e9talons pour densim\u00e8tres \u00e9lectroniques :<\/strong><\/p>\n<p>Nous vous proposons une gamme compl\u00e8te de solutions \u00e9talons certifi\u00e9es conditionn\u00e9es en ampoule de 10mL.<br \/>\nLes solutions \u00e9talon de masse volumique sont certifi\u00e9es UKAS.<\/p>\n<p>Solutions disponibles avec valeurs certifi\u00e9es \u00e0 20\u00b0C :<\/p>\n<ul>\n<li>trim\u00e9thylpentane \u00e0 0.692g\/cm3<\/li>\n<li>dod\u00e9cane \u00e0 0.749g\/cm3<\/li>\n<li>huile \u00e0 0.868g\/cm3<\/li>\n<li>huile \u00e0 0.870g\/cm3<\/li>\n<li>huile \u00e0 0.882g\/cm3<\/li>\n<li>huile \u00e0 0.887g\/cm3<\/li>\n<li>40% \u00e9thanol \u00e0 0.948g\/cm3<\/li>\n<li>9% \u00e9thanol \u00e0 0.985g\/cm3<\/li>\n<li>eau pure \u00e0 0.99821g\/cm3<\/li>\n<li>dim\u00e9thyl phtalate \u00e0 1.191g\/cm3<\/li>\n<li>dextrose dans eau \u00e0 1.037g\/cm3<\/li>\n<li>bromure de sodium \u00e0 1.264g\/cm3<\/li>\n<li>chlorure de caesium \u00e0 1.525g\/cm3<\/li>\n<li>t\u00e9trachloro\u00e9thyl\u00e8ne \u00e0 1.623g\/cm3<\/li>\n<\/ul>\n<p><strong>Visualiser la brochure produit :<\/strong> <a class=\"wplightbox\" href=\"https:\/\/www.deltalabo.fr\/wp-content\/uploads\/2023\/11\/SOL.pdf\">Solutions \u00e9talons pour densim\u00e8tres \u00e9lectroniques<\/a><\/p>\n","protected":false},"featured_media":262362,"template":"","meta":{"_acf_changed":false,"site-sidebar-layout":"default","site-content-layout":"","ast-site-content-layout":"default","site-content-style":"default","site-sidebar-style":"default","ast-global-header-display":"","ast-banner-title-visibility":"","ast-main-header-display":"","ast-hfb-above-header-display":"","ast-hfb-below-header-display":"","ast-hfb-mobile-header-display":"","site-post-title":"","ast-breadcrumbs-content":"","ast-featured-img":"","footer-sml-layout":"","ast-disable-related-posts":"","theme-transparent-header-meta":"","adv-header-id-meta":"","stick-header-meta":"","header-above-stick-meta":"","header-main-stick-meta":"","header-below-stick-meta":"","astra-migrate-meta-layouts":"default","ast-page-background-enabled":"default","ast-page-background-meta":{"desktop":{"background-color":"var(--ast-global-color-5)","background-image":"","background-repeat":"repeat","background-position":"center center","background-size":"auto","background-attachment":"scroll","background-type":"","background-media":"","overlay-type":"","overlay-color":"","overlay-opacity":"","overlay-gradient":""},"tablet":{"background-color":"","background-image":"","background-repeat":"repeat","background-position":"center center","background-size":"auto","background-attachment":"scroll","background-type":"","background-media":"","overlay-type":"","overlay-color":"","overlay-opacity":"","overlay-gradient":""},"mobile":{"background-color":"","background-image":"","background-repeat":"repeat","background-position":"center center","background-size":"auto","background-attachment":"scroll","background-type":"","background-media":"","overlay-type":"","overlay-color":"","overlay-opacity":"","overlay-gradient":""}},"ast-content-background-meta":{"desktop":{"background-color":"var(--ast-global-color-4)","background-image":"","background-repeat":"repeat","background-position":"center center","background-size":"auto","background-attachment":"scroll","background-type":"","background-media":"","overlay-type":"","overlay-color":"","overlay-opacity":"","overlay-gradient":""},"tablet":{"background-color":"var(--ast-global-color-4)","background-image":"","background-repeat":"repeat","background-position":"center center","background-size":"auto","background-attachment":"scroll","background-type":"","background-media":"","overlay-type":"","overlay-color":"","overlay-opacity":"","overlay-gradient":""},"mobile":{"background-color":"var(--ast-global-color-4)","background-image":"","background-repeat":"repeat","background-position":"center center","background-size":"auto","background-attachment":"scroll","background-type":"","background-media":"","overlay-type":"","overlay-color":"","overlay-opacity":"","overlay-gradient":""}}},"domaine":[17180,17181],"normes":[],"product_brand":[],"product_cat":[17240],"product_tag":[],"class_list":{"0":"post-255415","1":"product","2":"type-product","3":"status-publish","4":"has-post-thumbnail","6":"domaine-analyse-de-boissons","7":"domaine-analyses-petrochimiques","8":"product_cat-categories","9":"desktop-align-left","10":"tablet-align-left","11":"mobile-align-left","13":"first","14":"instock","15":"shipping-taxable","16":"product-type-simple"},"acf":[],"yoast_head":"<!-- This site is optimized with the Yoast SEO plugin v27.4 - https:\/\/yoast.com\/product\/yoast-seo-wordpress\/ -->\n<title>Solutions \u00e9talons pour densim\u00e8tres \u00e9lectroniques | DeltaLabo<\/title>\n<meta name=\"robots\" content=\"noindex, follow, max-snippet:-1, max-image-preview:large, max-video-preview:-1\" \/>\n<meta property=\"og:locale\" content=\"fr_FR\" \/>\n<meta property=\"og:type\" content=\"article\" \/>\n<meta property=\"og:title\" content=\"Solutions \u00e9talons pour densim\u00e8tres \u00e9lectroniques | DeltaLabo\" \/>\n<meta property=\"og:description\" content=\"Solutions \u00e9talons pour densim\u00e8tres \u00e9lectroniques :  Nous vous proposons une gamme compl\u00e8te de solutions \u00e9talons certifi\u00e9es conditionn\u00e9es en ampoule de 10mL. Les solutions \u00e9talon de masse volumique sont certifi\u00e9es UKAS.  Solutions disponibles avec valeurs certifi\u00e9es \u00e0 20\u00b0C :   trim\u00e9thylpentane \u00e0 0.692g\/cm3  dod\u00e9cane \u00e0 0.749g\/cm3  huile \u00e0 0.868g\/cm3  huile \u00e0 0.870g\/cm3  huile \u00e0 0.882g\/cm3  huile \u00e0 0.887g\/cm3  40% \u00e9thanol \u00e0 0.948g\/cm3  9% \u00e9thanol \u00e0 0.985g\/cm3  eau pure \u00e0 0.99821g\/cm3  dim\u00e9thyl phtalate \u00e0 1.191g\/cm3  dextrose dans eau \u00e0 1.037g\/cm3  bromure de sodium \u00e0 1.264g\/cm3  chlorure de caesium \u00e0 1.525g\/cm3  t\u00e9trachloro\u00e9thyl\u00e8ne \u00e0 1.623g\/cm3  Visualiser la brochure produit : Solutions \u00e9talons pour densim\u00e8tres \u00e9lectroniques\" \/>\n<meta property=\"og:url\" content=\"https:\/\/webdesi-gn.fr\/dev_deltalabo\/produits\/biotechnologies\/solutions-etalons-pour-densimetres-electroniques\/\" \/>\n<meta property=\"og:site_name\" content=\"DeltaLabo\" \/>\n<meta property=\"article:modified_time\" content=\"2025-11-24T12:59:40+00:00\" \/>\n<meta property=\"og:image\" content=\"https:\/\/webdesi-gn.fr\/dev_deltalabo\/wp-content\/uploads\/2023\/11\/DELTA-LABO-Solution-etalon-pour-densimetre-electronique.jpg\" \/>\n\t<meta property=\"og:image:width\" content=\"980\" \/>\n\t<meta property=\"og:image:height\" content=\"607\" \/>\n\t<meta property=\"og:image:type\" content=\"image\/jpeg\" \/>\n<meta name=\"twitter:card\" content=\"summary_large_image\" \/>\n<meta name=\"twitter:label1\" content=\"Dur\u00e9e de lecture estim\u00e9e\" \/>\n\t<meta name=\"twitter:data1\" content=\"1 minute\" \/>\n<script type=\"application\/ld+json\" class=\"yoast-schema-graph\">{\"@context\":\"https:\\\/\\\/schema.org\",\"@graph\":[{\"@type\":\"WebPage\",\"@id\":\"https:\\\/\\\/webdesi-gn.fr\\\/dev_deltalabo\\\/produits\\\/biotechnologies\\\/solutions-etalons-pour-densimetres-electroniques\\\/\",\"url\":\"https:\\\/\\\/webdesi-gn.fr\\\/dev_deltalabo\\\/produits\\\/biotechnologies\\\/solutions-etalons-pour-densimetres-electroniques\\\/\",\"name\":\"Solutions \u00e9talons pour densim\u00e8tres \u00e9lectroniques | DeltaLabo\",\"isPartOf\":{\"@id\":\"https:\\\/\\\/webdesi-gn.fr\\\/dev_deltalabo\\\/#website\"},\"primaryImageOfPage\":{\"@id\":\"https:\\\/\\\/webdesi-gn.fr\\\/dev_deltalabo\\\/produits\\\/biotechnologies\\\/solutions-etalons-pour-densimetres-electroniques\\\/#primaryimage\"},\"image\":{\"@id\":\"https:\\\/\\\/webdesi-gn.fr\\\/dev_deltalabo\\\/produits\\\/biotechnologies\\\/solutions-etalons-pour-densimetres-electroniques\\\/#primaryimage\"},\"thumbnailUrl\":\"https:\\\/\\\/webdesi-gn.fr\\\/dev_deltalabo\\\/wp-content\\\/uploads\\\/2025\\\/11\\\/DELTA-LABO-Solution-etalon-pour-densimetre-electronique.jpg\",\"datePublished\":\"2023-11-20T10:40:35+00:00\",\"dateModified\":\"2025-11-24T12:59:40+00:00\",\"breadcrumb\":{\"@id\":\"https:\\\/\\\/webdesi-gn.fr\\\/dev_deltalabo\\\/produits\\\/biotechnologies\\\/solutions-etalons-pour-densimetres-electroniques\\\/#breadcrumb\"},\"inLanguage\":\"fr-FR\",\"potentialAction\":[{\"@type\":\"ReadAction\",\"target\":[\"https:\\\/\\\/webdesi-gn.fr\\\/dev_deltalabo\\\/produits\\\/biotechnologies\\\/solutions-etalons-pour-densimetres-electroniques\\\/\"]}]},{\"@type\":\"ImageObject\",\"inLanguage\":\"fr-FR\",\"@id\":\"https:\\\/\\\/webdesi-gn.fr\\\/dev_deltalabo\\\/produits\\\/biotechnologies\\\/solutions-etalons-pour-densimetres-electroniques\\\/#primaryimage\",\"url\":\"https:\\\/\\\/webdesi-gn.fr\\\/dev_deltalabo\\\/wp-content\\\/uploads\\\/2025\\\/11\\\/DELTA-LABO-Solution-etalon-pour-densimetre-electronique.jpg\",\"contentUrl\":\"https:\\\/\\\/webdesi-gn.fr\\\/dev_deltalabo\\\/wp-content\\\/uploads\\\/2025\\\/11\\\/DELTA-LABO-Solution-etalon-pour-densimetre-electronique.jpg\",\"width\":980,\"height\":607},{\"@type\":\"BreadcrumbList\",\"@id\":\"https:\\\/\\\/webdesi-gn.fr\\\/dev_deltalabo\\\/produits\\\/biotechnologies\\\/solutions-etalons-pour-densimetres-electroniques\\\/#breadcrumb\",\"itemListElement\":[{\"@type\":\"ListItem\",\"position\":1,\"name\":\"Accueil\",\"item\":\"https:\\\/\\\/webdesi-gn.fr\\\/dev_deltalabo\\\/\"},{\"@type\":\"ListItem\",\"position\":2,\"name\":\"Produits\",\"item\":\"https:\\\/\\\/webdesi-gn.fr\\\/dev_deltalabo\\\/produits\\\/\"},{\"@type\":\"ListItem\",\"position\":3,\"name\":\"Solutions \u00e9talons pour densim\u00e8tres \u00e9lectroniques\"}]},{\"@type\":\"WebSite\",\"@id\":\"https:\\\/\\\/webdesi-gn.fr\\\/dev_deltalabo\\\/#website\",\"url\":\"https:\\\/\\\/webdesi-gn.fr\\\/dev_deltalabo\\\/\",\"name\":\"Delta Labo\",\"description\":\"Un site utilisant WordPress\",\"publisher\":{\"@id\":\"https:\\\/\\\/webdesi-gn.fr\\\/dev_deltalabo\\\/#organization\"},\"alternateName\":\"Delta Labo\",\"potentialAction\":[{\"@type\":\"SearchAction\",\"target\":{\"@type\":\"EntryPoint\",\"urlTemplate\":\"https:\\\/\\\/webdesi-gn.fr\\\/dev_deltalabo\\\/?s={search_term_string}\"},\"query-input\":{\"@type\":\"PropertyValueSpecification\",\"valueRequired\":true,\"valueName\":\"search_term_string\"}}],\"inLanguage\":\"fr-FR\"},{\"@type\":\"Organization\",\"@id\":\"https:\\\/\\\/webdesi-gn.fr\\\/dev_deltalabo\\\/#organization\",\"name\":\"DeltaLabo\",\"url\":\"https:\\\/\\\/webdesi-gn.fr\\\/dev_deltalabo\\\/\",\"logo\":{\"@type\":\"ImageObject\",\"inLanguage\":\"fr-FR\",\"@id\":\"https:\\\/\\\/webdesi-gn.fr\\\/dev_deltalabo\\\/#\\\/schema\\\/logo\\\/image\\\/\",\"url\":\"https:\\\/\\\/webdesi-gn.fr\\\/dev_deltalabo\\\/wp-content\\\/uploads\\\/2022\\\/07\\\/logo-deltalabo.png\",\"contentUrl\":\"https:\\\/\\\/webdesi-gn.fr\\\/dev_deltalabo\\\/wp-content\\\/uploads\\\/2022\\\/07\\\/logo-deltalabo.png\",\"width\":694,\"height\":306,\"caption\":\"DeltaLabo\"},\"image\":{\"@id\":\"https:\\\/\\\/webdesi-gn.fr\\\/dev_deltalabo\\\/#\\\/schema\\\/logo\\\/image\\\/\"}}]}<\/script>\n<!-- \/ Yoast SEO plugin. -->","yoast_head_json":{"title":"Solutions \u00e9talons pour densim\u00e8tres \u00e9lectroniques | DeltaLabo","robots":{"index":"noindex","follow":"follow","max-snippet":"max-snippet:-1","max-image-preview":"max-image-preview:large","max-video-preview":"max-video-preview:-1"},"og_locale":"fr_FR","og_type":"article","og_title":"Solutions \u00e9talons pour densim\u00e8tres \u00e9lectroniques | DeltaLabo","og_description":"Solutions \u00e9talons pour densim\u00e8tres \u00e9lectroniques :  Nous vous proposons une gamme compl\u00e8te de solutions \u00e9talons certifi\u00e9es conditionn\u00e9es en ampoule de 10mL. Les solutions \u00e9talon de masse volumique sont certifi\u00e9es UKAS.  Solutions disponibles avec valeurs certifi\u00e9es \u00e0 20\u00b0C :   trim\u00e9thylpentane \u00e0 0.692g\/cm3  dod\u00e9cane \u00e0 0.749g\/cm3  huile \u00e0 0.868g\/cm3  huile \u00e0 0.870g\/cm3  huile \u00e0 0.882g\/cm3  huile \u00e0 0.887g\/cm3  40% \u00e9thanol \u00e0 0.948g\/cm3  9% \u00e9thanol \u00e0 0.985g\/cm3  eau pure \u00e0 0.99821g\/cm3  dim\u00e9thyl phtalate \u00e0 1.191g\/cm3  dextrose dans eau \u00e0 1.037g\/cm3  bromure de sodium \u00e0 1.264g\/cm3  chlorure de caesium \u00e0 1.525g\/cm3  t\u00e9trachloro\u00e9thyl\u00e8ne \u00e0 1.623g\/cm3  Visualiser la brochure produit : Solutions \u00e9talons pour densim\u00e8tres \u00e9lectroniques","og_url":"https:\/\/webdesi-gn.fr\/dev_deltalabo\/produits\/biotechnologies\/solutions-etalons-pour-densimetres-electroniques\/","og_site_name":"DeltaLabo","article_modified_time":"2025-11-24T12:59:40+00:00","og_image":[{"width":980,"height":607,"url":"https:\/\/webdesi-gn.fr\/dev_deltalabo\/wp-content\/uploads\/2023\/11\/DELTA-LABO-Solution-etalon-pour-densimetre-electronique.jpg","type":"image\/jpeg"}],"twitter_card":"summary_large_image","twitter_misc":{"Dur\u00e9e de lecture estim\u00e9e":"1 minute"},"schema":{"@context":"https:\/\/schema.org","@graph":[{"@type":"WebPage","@id":"https:\/\/webdesi-gn.fr\/dev_deltalabo\/produits\/biotechnologies\/solutions-etalons-pour-densimetres-electroniques\/","url":"https:\/\/webdesi-gn.fr\/dev_deltalabo\/produits\/biotechnologies\/solutions-etalons-pour-densimetres-electroniques\/","name":"Solutions \u00e9talons pour densim\u00e8tres \u00e9lectroniques | DeltaLabo","isPartOf":{"@id":"https:\/\/webdesi-gn.fr\/dev_deltalabo\/#website"},"primaryImageOfPage":{"@id":"https:\/\/webdesi-gn.fr\/dev_deltalabo\/produits\/biotechnologies\/solutions-etalons-pour-densimetres-electroniques\/#primaryimage"},"image":{"@id":"https:\/\/webdesi-gn.fr\/dev_deltalabo\/produits\/biotechnologies\/solutions-etalons-pour-densimetres-electroniques\/#primaryimage"},"thumbnailUrl":"https:\/\/webdesi-gn.fr\/dev_deltalabo\/wp-content\/uploads\/2025\/11\/DELTA-LABO-Solution-etalon-pour-densimetre-electronique.jpg","datePublished":"2023-11-20T10:40:35+00:00","dateModified":"2025-11-24T12:59:40+00:00","breadcrumb":{"@id":"https:\/\/webdesi-gn.fr\/dev_deltalabo\/produits\/biotechnologies\/solutions-etalons-pour-densimetres-electroniques\/#breadcrumb"},"inLanguage":"fr-FR","potentialAction":[{"@type":"ReadAction","target":["https:\/\/webdesi-gn.fr\/dev_deltalabo\/produits\/biotechnologies\/solutions-etalons-pour-densimetres-electroniques\/"]}]},{"@type":"ImageObject","inLanguage":"fr-FR","@id":"https:\/\/webdesi-gn.fr\/dev_deltalabo\/produits\/biotechnologies\/solutions-etalons-pour-densimetres-electroniques\/#primaryimage","url":"https:\/\/webdesi-gn.fr\/dev_deltalabo\/wp-content\/uploads\/2025\/11\/DELTA-LABO-Solution-etalon-pour-densimetre-electronique.jpg","contentUrl":"https:\/\/webdesi-gn.fr\/dev_deltalabo\/wp-content\/uploads\/2025\/11\/DELTA-LABO-Solution-etalon-pour-densimetre-electronique.jpg","width":980,"height":607},{"@type":"BreadcrumbList","@id":"https:\/\/webdesi-gn.fr\/dev_deltalabo\/produits\/biotechnologies\/solutions-etalons-pour-densimetres-electroniques\/#breadcrumb","itemListElement":[{"@type":"ListItem","position":1,"name":"Accueil","item":"https:\/\/webdesi-gn.fr\/dev_deltalabo\/"},{"@type":"ListItem","position":2,"name":"Produits","item":"https:\/\/webdesi-gn.fr\/dev_deltalabo\/produits\/"},{"@type":"ListItem","position":3,"name":"Solutions \u00e9talons pour densim\u00e8tres \u00e9lectroniques"}]},{"@type":"WebSite","@id":"https:\/\/webdesi-gn.fr\/dev_deltalabo\/#website","url":"https:\/\/webdesi-gn.fr\/dev_deltalabo\/","name":"Delta Labo","description":"Un site utilisant WordPress","publisher":{"@id":"https:\/\/webdesi-gn.fr\/dev_deltalabo\/#organization"},"alternateName":"Delta Labo","potentialAction":[{"@type":"SearchAction","target":{"@type":"EntryPoint","urlTemplate":"https:\/\/webdesi-gn.fr\/dev_deltalabo\/?s={search_term_string}"},"query-input":{"@type":"PropertyValueSpecification","valueRequired":true,"valueName":"search_term_string"}}],"inLanguage":"fr-FR"},{"@type":"Organization","@id":"https:\/\/webdesi-gn.fr\/dev_deltalabo\/#organization","name":"DeltaLabo","url":"https:\/\/webdesi-gn.fr\/dev_deltalabo\/","logo":{"@type":"ImageObject","inLanguage":"fr-FR","@id":"https:\/\/webdesi-gn.fr\/dev_deltalabo\/#\/schema\/logo\/image\/","url":"https:\/\/webdesi-gn.fr\/dev_deltalabo\/wp-content\/uploads\/2022\/07\/logo-deltalabo.png","contentUrl":"https:\/\/webdesi-gn.fr\/dev_deltalabo\/wp-content\/uploads\/2022\/07\/logo-deltalabo.png","width":694,"height":306,"caption":"DeltaLabo"},"image":{"@id":"https:\/\/webdesi-gn.fr\/dev_deltalabo\/#\/schema\/logo\/image\/"}}]}},"_links":{"self":[{"href":"https:\/\/webdesi-gn.fr\/dev_deltalabo\/wp-json\/wp\/v2\/product\/255415","targetHints":{"allow":["GET"]}}],"collection":[{"href":"https:\/\/webdesi-gn.fr\/dev_deltalabo\/wp-json\/wp\/v2\/product"}],"about":[{"href":"https:\/\/webdesi-gn.fr\/dev_deltalabo\/wp-json\/wp\/v2\/types\/product"}],"wp:featuredmedia":[{"embeddable":true,"href":"https:\/\/webdesi-gn.fr\/dev_deltalabo\/wp-json\/wp\/v2\/media\/262362"}],"wp:attachment":[{"href":"https:\/\/webdesi-gn.fr\/dev_deltalabo\/wp-json\/wp\/v2\/media?parent=255415"}],"wp:term":[{"taxonomy":"domaine","embeddable":true,"href":"https:\/\/webdesi-gn.fr\/dev_deltalabo\/wp-json\/wp\/v2\/domaine?post=255415"},{"taxonomy":"normes","embeddable":true,"href":"https:\/\/webdesi-gn.fr\/dev_deltalabo\/wp-json\/wp\/v2\/normes?post=255415"},{"taxonomy":"product_brand","embeddable":true,"href":"https:\/\/webdesi-gn.fr\/dev_deltalabo\/wp-json\/wp\/v2\/product_brand?post=255415"},{"taxonomy":"product_cat","embeddable":true,"href":"https:\/\/webdesi-gn.fr\/dev_deltalabo\/wp-json\/wp\/v2\/product_cat?post=255415"},{"taxonomy":"product_tag","embeddable":true,"href":"https:\/\/webdesi-gn.fr\/dev_deltalabo\/wp-json\/wp\/v2\/product_tag?post=255415"}],"curies":[{"name":"wp","href":"https:\/\/api.w.org\/{rel}","templated":true}]}}