{"id":255425,"date":"2023-11-20T12:29:18","date_gmt":"2023-11-20T11:29:18","guid":{"rendered":"https:\/\/webdesi-gn.fr\/dev_deltalabo\/?post_type=product&#038;p=255425"},"modified":"2025-11-24T13:59:24","modified_gmt":"2025-11-24T12:59:24","slug":"distillateur-automatique-super-dee-gibertini","status":"publish","type":"product","link":"https:\/\/webdesi-gn.fr\/dev_deltalabo\/produits\/categories\/distillateur-automatique-super-dee-gibertini\/","title":{"rendered":"Distillateur automatique GIBERTINI &#8211; SUPER DEE"},"content":{"rendered":"","protected":false},"excerpt":{"rendered":"<p><strong>Distillateur automatique GIBERTINI &#8211; SUPER DEE :<\/strong><\/p>\n<p>Le distillateur automatique Gibertini &#8211; SUPER DEE, conform\u00e9ment \u00e0 la m\u00e9thode officielle OIV, est un instrument destin\u00e9 \u00e0 la d\u00e9termination du titre alcoolique volumique et de l&rsquo;acidit\u00e9 volatile dans les vins, mo\u00fbts, alcools, bi\u00e8re, spiritueux et toutes solutions hydroalcooliques en g\u00e9n\u00e9ral (parfums etc&#8230;)<\/p>\n<p>Le distillateur SUPER DEE Gibertini permet une distillation du vin en un temps record de 3 minutes. Il est particuli\u00e8rement compact avec un encombrement sur la paillasse limit\u00e9 \u00e0 29 x 30cm. Il remplacera avantageusement les syst\u00e8mes de distillation avec chauffe ballon et verrerie, encombrants et fragiles.<\/p>\n<p>Le distillateur SUPER DEE associ\u00e9 \u00e0 la balance hydrostatique SUPER ALCOMAT permet la quantification pr\u00e9cise du titre alcoolique volumique (TAV).<\/p>\n<p><strong>T\u00e9l\u00e9charger la brochure produit :<\/strong> <a href=\"https:\/\/www.deltalabo.fr\/wp-content\/uploads\/2025\/04\/Doc-Super-Dee-DL-2021.pdf\">Distillateur automatique Gibertini &#8211; SUPER DEE<\/a><\/p>\n","protected":false},"featured_media":262355,"template":"","meta":{"_acf_changed":false,"site-sidebar-layout":"default","site-content-layout":"","ast-site-content-layout":"default","site-content-style":"default","site-sidebar-style":"default","ast-global-header-display":"","ast-banner-title-visibility":"","ast-main-header-display":"","ast-hfb-above-header-display":"","ast-hfb-below-header-display":"","ast-hfb-mobile-header-display":"","site-post-title":"","ast-breadcrumbs-content":"","ast-featured-img":"","footer-sml-layout":"","ast-disable-related-posts":"","theme-transparent-header-meta":"","adv-header-id-meta":"","stick-header-meta":"","header-above-stick-meta":"","header-main-stick-meta":"","header-below-stick-meta":"","astra-migrate-meta-layouts":"default","ast-page-background-enabled":"default","ast-page-background-meta":{"desktop":{"background-color":"var(--ast-global-color-5)","background-image":"","background-repeat":"repeat","background-position":"center center","background-size":"auto","background-attachment":"scroll","background-type":"","background-media":"","overlay-type":"","overlay-color":"","overlay-opacity":"","overlay-gradient":""},"tablet":{"background-color":"","background-image":"","background-repeat":"repeat","background-position":"center center","background-size":"auto","background-attachment":"scroll","background-type":"","background-media":"","overlay-type":"","overlay-color":"","overlay-opacity":"","overlay-gradient":""},"mobile":{"background-color":"","background-image":"","background-repeat":"repeat","background-position":"center center","background-size":"auto","background-attachment":"scroll","background-type":"","background-media":"","overlay-type":"","overlay-color":"","overlay-opacity":"","overlay-gradient":""}},"ast-content-background-meta":{"desktop":{"background-color":"var(--ast-global-color-4)","background-image":"","background-repeat":"repeat","background-position":"center center","background-size":"auto","background-attachment":"scroll","background-type":"","background-media":"","overlay-type":"","overlay-color":"","overlay-opacity":"","overlay-gradient":""},"tablet":{"background-color":"var(--ast-global-color-4)","background-image":"","background-repeat":"repeat","background-position":"center center","background-size":"auto","background-attachment":"scroll","background-type":"","background-media":"","overlay-type":"","overlay-color":"","overlay-opacity":"","overlay-gradient":""},"mobile":{"background-color":"var(--ast-global-color-4)","background-image":"","background-repeat":"repeat","background-position":"center center","background-size":"auto","background-attachment":"scroll","background-type":"","background-media":"","overlay-type":"","overlay-color":"","overlay-opacity":"","overlay-gradient":""}}},"domaine":[17180],"normes":[],"product_brand":[],"product_cat":[17240],"product_tag":[],"class_list":{"0":"post-255425","1":"product","2":"type-product","3":"status-publish","4":"has-post-thumbnail","6":"domaine-analyse-de-boissons","7":"product_cat-categories","8":"desktop-align-left","9":"tablet-align-left","10":"mobile-align-left","12":"first","13":"instock","14":"shipping-taxable","15":"product-type-simple"},"acf":[],"yoast_head":"<!-- This site is optimized with the Yoast SEO plugin v27.4 - https:\/\/yoast.com\/product\/yoast-seo-wordpress\/ -->\n<title>Distillateur automatique GIBERTINI - SUPER DEE | DeltaLabo<\/title>\n<meta name=\"robots\" content=\"noindex, follow, max-snippet:-1, max-image-preview:large, max-video-preview:-1\" \/>\n<meta property=\"og:locale\" content=\"fr_FR\" \/>\n<meta property=\"og:type\" content=\"article\" \/>\n<meta property=\"og:title\" content=\"Distillateur automatique GIBERTINI - SUPER DEE | DeltaLabo\" \/>\n<meta property=\"og:description\" content=\"Distillateur automatique GIBERTINI - SUPER DEE :  Le distillateur automatique Gibertini - SUPER DEE, conform\u00e9ment \u00e0 la m\u00e9thode officielle OIV, est un instrument destin\u00e9 \u00e0 la d\u00e9termination du titre alcoolique volumique et de l&#039;acidit\u00e9 volatile dans les vins, mo\u00fbts, alcools, bi\u00e8re, spiritueux et toutes solutions hydroalcooliques en g\u00e9n\u00e9ral (parfums etc...)  Le distillateur SUPER DEE Gibertini permet une distillation du vin en un temps record de 3 minutes. Il est particuli\u00e8rement compact avec un encombrement sur la paillasse limit\u00e9 \u00e0 29 x 30cm. Il remplacera avantageusement les syst\u00e8mes de distillation avec chauffe ballon et verrerie, encombrants et fragiles.  Le distillateur SUPER DEE associ\u00e9 \u00e0 la balance hydrostatique SUPER ALCOMAT permet la quantification pr\u00e9cise du titre alcoolique volumique (TAV).  T\u00e9l\u00e9charger la brochure produit : Distillateur automatique Gibertini - SUPER DEE\" \/>\n<meta property=\"og:url\" content=\"https:\/\/webdesi-gn.fr\/dev_deltalabo\/produits\/agro-alimentaire\/distillateur-automatique-super-dee-gibertini\/\" \/>\n<meta property=\"og:site_name\" content=\"DeltaLabo\" \/>\n<meta property=\"article:modified_time\" content=\"2025-11-24T12:59:24+00:00\" \/>\n<meta property=\"og:image\" content=\"https:\/\/webdesi-gn.fr\/dev_deltalabo\/wp-content\/uploads\/2023\/11\/DELTA-LABO-distillateur-automatique-Super-Dee-Gibertini.jpg\" \/>\n\t<meta property=\"og:image:width\" content=\"537\" \/>\n\t<meta property=\"og:image:height\" content=\"797\" \/>\n\t<meta property=\"og:image:type\" content=\"image\/jpeg\" \/>\n<meta name=\"twitter:card\" content=\"summary_large_image\" \/>\n<meta name=\"twitter:label1\" content=\"Dur\u00e9e de lecture estim\u00e9e\" \/>\n\t<meta name=\"twitter:data1\" content=\"1 minute\" \/>\n<script type=\"application\/ld+json\" class=\"yoast-schema-graph\">{\"@context\":\"https:\\\/\\\/schema.org\",\"@graph\":[{\"@type\":\"WebPage\",\"@id\":\"https:\\\/\\\/webdesi-gn.fr\\\/dev_deltalabo\\\/produits\\\/agro-alimentaire\\\/distillateur-automatique-super-dee-gibertini\\\/\",\"url\":\"https:\\\/\\\/webdesi-gn.fr\\\/dev_deltalabo\\\/produits\\\/agro-alimentaire\\\/distillateur-automatique-super-dee-gibertini\\\/\",\"name\":\"Distillateur automatique GIBERTINI - SUPER DEE | DeltaLabo\",\"isPartOf\":{\"@id\":\"https:\\\/\\\/webdesi-gn.fr\\\/dev_deltalabo\\\/#website\"},\"primaryImageOfPage\":{\"@id\":\"https:\\\/\\\/webdesi-gn.fr\\\/dev_deltalabo\\\/produits\\\/agro-alimentaire\\\/distillateur-automatique-super-dee-gibertini\\\/#primaryimage\"},\"image\":{\"@id\":\"https:\\\/\\\/webdesi-gn.fr\\\/dev_deltalabo\\\/produits\\\/agro-alimentaire\\\/distillateur-automatique-super-dee-gibertini\\\/#primaryimage\"},\"thumbnailUrl\":\"https:\\\/\\\/webdesi-gn.fr\\\/dev_deltalabo\\\/wp-content\\\/uploads\\\/2025\\\/11\\\/DELTA-LABO-Distillateur-automatique-SUPER-DEE-Gibertini.png\",\"datePublished\":\"2023-11-20T11:29:18+00:00\",\"dateModified\":\"2025-11-24T12:59:24+00:00\",\"breadcrumb\":{\"@id\":\"https:\\\/\\\/webdesi-gn.fr\\\/dev_deltalabo\\\/produits\\\/agro-alimentaire\\\/distillateur-automatique-super-dee-gibertini\\\/#breadcrumb\"},\"inLanguage\":\"fr-FR\",\"potentialAction\":[{\"@type\":\"ReadAction\",\"target\":[\"https:\\\/\\\/webdesi-gn.fr\\\/dev_deltalabo\\\/produits\\\/agro-alimentaire\\\/distillateur-automatique-super-dee-gibertini\\\/\"]}]},{\"@type\":\"ImageObject\",\"inLanguage\":\"fr-FR\",\"@id\":\"https:\\\/\\\/webdesi-gn.fr\\\/dev_deltalabo\\\/produits\\\/agro-alimentaire\\\/distillateur-automatique-super-dee-gibertini\\\/#primaryimage\",\"url\":\"https:\\\/\\\/webdesi-gn.fr\\\/dev_deltalabo\\\/wp-content\\\/uploads\\\/2025\\\/11\\\/DELTA-LABO-Distillateur-automatique-SUPER-DEE-Gibertini.png\",\"contentUrl\":\"https:\\\/\\\/webdesi-gn.fr\\\/dev_deltalabo\\\/wp-content\\\/uploads\\\/2025\\\/11\\\/DELTA-LABO-Distillateur-automatique-SUPER-DEE-Gibertini.png\",\"width\":800,\"height\":800},{\"@type\":\"BreadcrumbList\",\"@id\":\"https:\\\/\\\/webdesi-gn.fr\\\/dev_deltalabo\\\/produits\\\/agro-alimentaire\\\/distillateur-automatique-super-dee-gibertini\\\/#breadcrumb\",\"itemListElement\":[{\"@type\":\"ListItem\",\"position\":1,\"name\":\"Accueil\",\"item\":\"https:\\\/\\\/webdesi-gn.fr\\\/dev_deltalabo\\\/\"},{\"@type\":\"ListItem\",\"position\":2,\"name\":\"Produits\",\"item\":\"https:\\\/\\\/webdesi-gn.fr\\\/dev_deltalabo\\\/produits\\\/\"},{\"@type\":\"ListItem\",\"position\":3,\"name\":\"Distillateur automatique GIBERTINI &#8211; SUPER DEE\"}]},{\"@type\":\"WebSite\",\"@id\":\"https:\\\/\\\/webdesi-gn.fr\\\/dev_deltalabo\\\/#website\",\"url\":\"https:\\\/\\\/webdesi-gn.fr\\\/dev_deltalabo\\\/\",\"name\":\"Delta Labo\",\"description\":\"Un site utilisant WordPress\",\"publisher\":{\"@id\":\"https:\\\/\\\/webdesi-gn.fr\\\/dev_deltalabo\\\/#organization\"},\"alternateName\":\"Delta Labo\",\"potentialAction\":[{\"@type\":\"SearchAction\",\"target\":{\"@type\":\"EntryPoint\",\"urlTemplate\":\"https:\\\/\\\/webdesi-gn.fr\\\/dev_deltalabo\\\/?s={search_term_string}\"},\"query-input\":{\"@type\":\"PropertyValueSpecification\",\"valueRequired\":true,\"valueName\":\"search_term_string\"}}],\"inLanguage\":\"fr-FR\"},{\"@type\":\"Organization\",\"@id\":\"https:\\\/\\\/webdesi-gn.fr\\\/dev_deltalabo\\\/#organization\",\"name\":\"DeltaLabo\",\"url\":\"https:\\\/\\\/webdesi-gn.fr\\\/dev_deltalabo\\\/\",\"logo\":{\"@type\":\"ImageObject\",\"inLanguage\":\"fr-FR\",\"@id\":\"https:\\\/\\\/webdesi-gn.fr\\\/dev_deltalabo\\\/#\\\/schema\\\/logo\\\/image\\\/\",\"url\":\"https:\\\/\\\/webdesi-gn.fr\\\/dev_deltalabo\\\/wp-content\\\/uploads\\\/2022\\\/07\\\/logo-deltalabo.png\",\"contentUrl\":\"https:\\\/\\\/webdesi-gn.fr\\\/dev_deltalabo\\\/wp-content\\\/uploads\\\/2022\\\/07\\\/logo-deltalabo.png\",\"width\":694,\"height\":306,\"caption\":\"DeltaLabo\"},\"image\":{\"@id\":\"https:\\\/\\\/webdesi-gn.fr\\\/dev_deltalabo\\\/#\\\/schema\\\/logo\\\/image\\\/\"}}]}<\/script>\n<!-- \/ Yoast SEO plugin. -->","yoast_head_json":{"title":"Distillateur automatique GIBERTINI - SUPER DEE | DeltaLabo","robots":{"index":"noindex","follow":"follow","max-snippet":"max-snippet:-1","max-image-preview":"max-image-preview:large","max-video-preview":"max-video-preview:-1"},"og_locale":"fr_FR","og_type":"article","og_title":"Distillateur automatique GIBERTINI - SUPER DEE | DeltaLabo","og_description":"Distillateur automatique GIBERTINI - SUPER DEE :  Le distillateur automatique Gibertini - SUPER DEE, conform\u00e9ment \u00e0 la m\u00e9thode officielle OIV, est un instrument destin\u00e9 \u00e0 la d\u00e9termination du titre alcoolique volumique et de l'acidit\u00e9 volatile dans les vins, mo\u00fbts, alcools, bi\u00e8re, spiritueux et toutes solutions hydroalcooliques en g\u00e9n\u00e9ral (parfums etc...)  Le distillateur SUPER DEE Gibertini permet une distillation du vin en un temps record de 3 minutes. Il est particuli\u00e8rement compact avec un encombrement sur la paillasse limit\u00e9 \u00e0 29 x 30cm. Il remplacera avantageusement les syst\u00e8mes de distillation avec chauffe ballon et verrerie, encombrants et fragiles.  Le distillateur SUPER DEE associ\u00e9 \u00e0 la balance hydrostatique SUPER ALCOMAT permet la quantification pr\u00e9cise du titre alcoolique volumique (TAV).  T\u00e9l\u00e9charger la brochure produit : Distillateur automatique Gibertini - SUPER DEE","og_url":"https:\/\/webdesi-gn.fr\/dev_deltalabo\/produits\/agro-alimentaire\/distillateur-automatique-super-dee-gibertini\/","og_site_name":"DeltaLabo","article_modified_time":"2025-11-24T12:59:24+00:00","og_image":[{"width":537,"height":797,"url":"https:\/\/webdesi-gn.fr\/dev_deltalabo\/wp-content\/uploads\/2023\/11\/DELTA-LABO-distillateur-automatique-Super-Dee-Gibertini.jpg","type":"image\/jpeg"}],"twitter_card":"summary_large_image","twitter_misc":{"Dur\u00e9e de lecture estim\u00e9e":"1 minute"},"schema":{"@context":"https:\/\/schema.org","@graph":[{"@type":"WebPage","@id":"https:\/\/webdesi-gn.fr\/dev_deltalabo\/produits\/agro-alimentaire\/distillateur-automatique-super-dee-gibertini\/","url":"https:\/\/webdesi-gn.fr\/dev_deltalabo\/produits\/agro-alimentaire\/distillateur-automatique-super-dee-gibertini\/","name":"Distillateur automatique GIBERTINI - SUPER DEE | DeltaLabo","isPartOf":{"@id":"https:\/\/webdesi-gn.fr\/dev_deltalabo\/#website"},"primaryImageOfPage":{"@id":"https:\/\/webdesi-gn.fr\/dev_deltalabo\/produits\/agro-alimentaire\/distillateur-automatique-super-dee-gibertini\/#primaryimage"},"image":{"@id":"https:\/\/webdesi-gn.fr\/dev_deltalabo\/produits\/agro-alimentaire\/distillateur-automatique-super-dee-gibertini\/#primaryimage"},"thumbnailUrl":"https:\/\/webdesi-gn.fr\/dev_deltalabo\/wp-content\/uploads\/2025\/11\/DELTA-LABO-Distillateur-automatique-SUPER-DEE-Gibertini.png","datePublished":"2023-11-20T11:29:18+00:00","dateModified":"2025-11-24T12:59:24+00:00","breadcrumb":{"@id":"https:\/\/webdesi-gn.fr\/dev_deltalabo\/produits\/agro-alimentaire\/distillateur-automatique-super-dee-gibertini\/#breadcrumb"},"inLanguage":"fr-FR","potentialAction":[{"@type":"ReadAction","target":["https:\/\/webdesi-gn.fr\/dev_deltalabo\/produits\/agro-alimentaire\/distillateur-automatique-super-dee-gibertini\/"]}]},{"@type":"ImageObject","inLanguage":"fr-FR","@id":"https:\/\/webdesi-gn.fr\/dev_deltalabo\/produits\/agro-alimentaire\/distillateur-automatique-super-dee-gibertini\/#primaryimage","url":"https:\/\/webdesi-gn.fr\/dev_deltalabo\/wp-content\/uploads\/2025\/11\/DELTA-LABO-Distillateur-automatique-SUPER-DEE-Gibertini.png","contentUrl":"https:\/\/webdesi-gn.fr\/dev_deltalabo\/wp-content\/uploads\/2025\/11\/DELTA-LABO-Distillateur-automatique-SUPER-DEE-Gibertini.png","width":800,"height":800},{"@type":"BreadcrumbList","@id":"https:\/\/webdesi-gn.fr\/dev_deltalabo\/produits\/agro-alimentaire\/distillateur-automatique-super-dee-gibertini\/#breadcrumb","itemListElement":[{"@type":"ListItem","position":1,"name":"Accueil","item":"https:\/\/webdesi-gn.fr\/dev_deltalabo\/"},{"@type":"ListItem","position":2,"name":"Produits","item":"https:\/\/webdesi-gn.fr\/dev_deltalabo\/produits\/"},{"@type":"ListItem","position":3,"name":"Distillateur automatique GIBERTINI &#8211; SUPER DEE"}]},{"@type":"WebSite","@id":"https:\/\/webdesi-gn.fr\/dev_deltalabo\/#website","url":"https:\/\/webdesi-gn.fr\/dev_deltalabo\/","name":"Delta Labo","description":"Un site utilisant WordPress","publisher":{"@id":"https:\/\/webdesi-gn.fr\/dev_deltalabo\/#organization"},"alternateName":"Delta Labo","potentialAction":[{"@type":"SearchAction","target":{"@type":"EntryPoint","urlTemplate":"https:\/\/webdesi-gn.fr\/dev_deltalabo\/?s={search_term_string}"},"query-input":{"@type":"PropertyValueSpecification","valueRequired":true,"valueName":"search_term_string"}}],"inLanguage":"fr-FR"},{"@type":"Organization","@id":"https:\/\/webdesi-gn.fr\/dev_deltalabo\/#organization","name":"DeltaLabo","url":"https:\/\/webdesi-gn.fr\/dev_deltalabo\/","logo":{"@type":"ImageObject","inLanguage":"fr-FR","@id":"https:\/\/webdesi-gn.fr\/dev_deltalabo\/#\/schema\/logo\/image\/","url":"https:\/\/webdesi-gn.fr\/dev_deltalabo\/wp-content\/uploads\/2022\/07\/logo-deltalabo.png","contentUrl":"https:\/\/webdesi-gn.fr\/dev_deltalabo\/wp-content\/uploads\/2022\/07\/logo-deltalabo.png","width":694,"height":306,"caption":"DeltaLabo"},"image":{"@id":"https:\/\/webdesi-gn.fr\/dev_deltalabo\/#\/schema\/logo\/image\/"}}]}},"_links":{"self":[{"href":"https:\/\/webdesi-gn.fr\/dev_deltalabo\/wp-json\/wp\/v2\/product\/255425","targetHints":{"allow":["GET"]}}],"collection":[{"href":"https:\/\/webdesi-gn.fr\/dev_deltalabo\/wp-json\/wp\/v2\/product"}],"about":[{"href":"https:\/\/webdesi-gn.fr\/dev_deltalabo\/wp-json\/wp\/v2\/types\/product"}],"wp:featuredmedia":[{"embeddable":true,"href":"https:\/\/webdesi-gn.fr\/dev_deltalabo\/wp-json\/wp\/v2\/media\/262355"}],"wp:attachment":[{"href":"https:\/\/webdesi-gn.fr\/dev_deltalabo\/wp-json\/wp\/v2\/media?parent=255425"}],"wp:term":[{"taxonomy":"domaine","embeddable":true,"href":"https:\/\/webdesi-gn.fr\/dev_deltalabo\/wp-json\/wp\/v2\/domaine?post=255425"},{"taxonomy":"normes","embeddable":true,"href":"https:\/\/webdesi-gn.fr\/dev_deltalabo\/wp-json\/wp\/v2\/normes?post=255425"},{"taxonomy":"product_brand","embeddable":true,"href":"https:\/\/webdesi-gn.fr\/dev_deltalabo\/wp-json\/wp\/v2\/product_brand?post=255425"},{"taxonomy":"product_cat","embeddable":true,"href":"https:\/\/webdesi-gn.fr\/dev_deltalabo\/wp-json\/wp\/v2\/product_cat?post=255425"},{"taxonomy":"product_tag","embeddable":true,"href":"https:\/\/webdesi-gn.fr\/dev_deltalabo\/wp-json\/wp\/v2\/product_tag?post=255425"}],"curies":[{"name":"wp","href":"https:\/\/api.w.org\/{rel}","templated":true}]}}