{"id":255428,"date":"2023-11-20T12:37:13","date_gmt":"2023-11-20T11:37:13","guid":{"rendered":"https:\/\/webdesi-gn.fr\/dev_deltalabo\/?post_type=product&#038;p=255428"},"modified":"2025-11-24T13:59:15","modified_gmt":"2025-11-24T12:59:15","slug":"refractometre-dabbe-bellingham-stanley","status":"publish","type":"product","link":"https:\/\/webdesi-gn.fr\/dev_deltalabo\/produits\/categories\/refractometre-dabbe-bellingham-stanley\/","title":{"rendered":"R\u00e9fractom\u00e8tre Bellingham &#038; Stanley &#8211; Abbe 5"},"content":{"rendered":"","protected":false},"excerpt":{"rendered":"<p><strong>R\u00e9fractom\u00e8tre Bellingham &amp; Stanley &#8211; Abbe 5 :<\/strong><\/p>\n<p>Le r\u00e9fractom\u00e8tre Bellingham &amp; Stanley &#8211; Abbe 5 est destin\u00e9 aux applications universitaires et de recherche. Il est id\u00e9al pour des mesures d\u2019un large spectre d\u2019indices de r\u00e9fraction.<\/p>\n<p>Compact, \u00e0 lecture digitale de la temp\u00e9rature, il est \u00e9quip\u00e9 d\u2019une sonde de temp\u00e9rature int\u00e9gr\u00e9e au prisme de mesure et directement connect\u00e9e \u00e0 un afficheur num\u00e9rique. L\u2019afficheur num\u00e9rique est solidaire du statif du r\u00e9fractom\u00e8tre.<\/p>\n<p>Le prisme de mesure est thermostatable par un thermostat \u00e0 circulation externe.<\/p>\n<p>Le refractom\u00e8tre est fourni avec une plaque en verre pour le calibrage de l\u2019instrument, un liquide de contact et un manuel d\u2019instructions.<\/p>\n<p>Caract\u00e9ristiques :<\/p>\n<ul>\n<li>Double \u00e9chelle<\/li>\n<li>Indice de r\u00e9fraction et 0-95 Brix<\/li>\n<li>Mesure de dispersion<\/li>\n<li>Source lumineuse, bain thermostat\u00e9, cryostat en option<\/li>\n<li>Garantie 24 mois<\/li>\n<\/ul>\n<p><strong>T\u00e9l\u00e9charger la brochure produit :<\/strong> <a href=\"https:\/\/www.deltalabo.fr\/wp-content\/uploads\/2025\/07\/Doc-Refractometre-Abbe-5-fr-DL-2025.pdf\">R\u00e9fractom\u00e8tre Bellingham &amp; Stanley &#8211; Abbe 5<\/a><\/p>\n","protected":false},"featured_media":262354,"template":"","meta":{"_acf_changed":false,"site-sidebar-layout":"default","site-content-layout":"","ast-site-content-layout":"default","site-content-style":"default","site-sidebar-style":"default","ast-global-header-display":"","ast-banner-title-visibility":"","ast-main-header-display":"","ast-hfb-above-header-display":"","ast-hfb-below-header-display":"","ast-hfb-mobile-header-display":"","site-post-title":"","ast-breadcrumbs-content":"","ast-featured-img":"","footer-sml-layout":"","ast-disable-related-posts":"","theme-transparent-header-meta":"","adv-header-id-meta":"","stick-header-meta":"","header-above-stick-meta":"","header-main-stick-meta":"","header-below-stick-meta":"","astra-migrate-meta-layouts":"default","ast-page-background-enabled":"default","ast-page-background-meta":{"desktop":{"background-color":"var(--ast-global-color-5)","background-image":"","background-repeat":"repeat","background-position":"center center","background-size":"auto","background-attachment":"scroll","background-type":"","background-media":"","overlay-type":"","overlay-color":"","overlay-opacity":"","overlay-gradient":""},"tablet":{"background-color":"","background-image":"","background-repeat":"repeat","background-position":"center center","background-size":"auto","background-attachment":"scroll","background-type":"","background-media":"","overlay-type":"","overlay-color":"","overlay-opacity":"","overlay-gradient":""},"mobile":{"background-color":"","background-image":"","background-repeat":"repeat","background-position":"center center","background-size":"auto","background-attachment":"scroll","background-type":"","background-media":"","overlay-type":"","overlay-color":"","overlay-opacity":"","overlay-gradient":""}},"ast-content-background-meta":{"desktop":{"background-color":"var(--ast-global-color-4)","background-image":"","background-repeat":"repeat","background-position":"center center","background-size":"auto","background-attachment":"scroll","background-type":"","background-media":"","overlay-type":"","overlay-color":"","overlay-opacity":"","overlay-gradient":""},"tablet":{"background-color":"var(--ast-global-color-4)","background-image":"","background-repeat":"repeat","background-position":"center center","background-size":"auto","background-attachment":"scroll","background-type":"","background-media":"","overlay-type":"","overlay-color":"","overlay-opacity":"","overlay-gradient":""},"mobile":{"background-color":"var(--ast-global-color-4)","background-image":"","background-repeat":"repeat","background-position":"center center","background-size":"auto","background-attachment":"scroll","background-type":"","background-media":"","overlay-type":"","overlay-color":"","overlay-opacity":"","overlay-gradient":""}}},"domaine":[17180,17183],"normes":[],"product_brand":[],"product_cat":[17240],"product_tag":[],"class_list":{"0":"post-255428","1":"product","2":"type-product","3":"status-publish","4":"has-post-thumbnail","6":"domaine-analyse-de-boissons","7":"domaine-analyses-physico-chimiques","8":"product_cat-categories","9":"desktop-align-left","10":"tablet-align-left","11":"mobile-align-left","13":"first","14":"instock","15":"shipping-taxable","16":"product-type-simple"},"acf":[],"yoast_head":"<!-- This site is optimized with the Yoast SEO plugin v27.4 - https:\/\/yoast.com\/product\/yoast-seo-wordpress\/ -->\n<title>R\u00e9fractom\u00e8tre Bellingham &amp; Stanley - Abbe 5 | DeltaLabo<\/title>\n<meta name=\"robots\" content=\"noindex, follow, max-snippet:-1, max-image-preview:large, max-video-preview:-1\" \/>\n<meta property=\"og:locale\" content=\"fr_FR\" \/>\n<meta property=\"og:type\" content=\"article\" \/>\n<meta property=\"og:title\" content=\"R\u00e9fractom\u00e8tre Bellingham &amp; Stanley - Abbe 5 | DeltaLabo\" \/>\n<meta property=\"og:description\" content=\"R\u00e9fractom\u00e8tre Bellingham &amp; Stanley - Abbe 5 :  Le r\u00e9fractom\u00e8tre Bellingham &amp; Stanley - Abbe 5 est destin\u00e9 aux applications universitaires et de recherche. Il est id\u00e9al pour des mesures d\u2019un large spectre d\u2019indices de r\u00e9fraction.  Compact, \u00e0 lecture digitale de la temp\u00e9rature, il est \u00e9quip\u00e9 d\u2019une sonde de temp\u00e9rature int\u00e9gr\u00e9e au prisme de mesure et directement connect\u00e9e \u00e0 un afficheur num\u00e9rique. L\u2019afficheur num\u00e9rique est solidaire du statif du r\u00e9fractom\u00e8tre.  Le prisme de mesure est thermostatable par un thermostat \u00e0 circulation externe.  Le refractom\u00e8tre est fourni avec une plaque en verre pour le calibrage de l\u2019instrument, un liquide de contact et un manuel d\u2019instructions.  Caract\u00e9ristiques :   Double \u00e9chelle  Indice de r\u00e9fraction et 0-95 Brix  Mesure de dispersion  Source lumineuse, bain thermostat\u00e9, cryostat en option  Garantie 24 mois  T\u00e9l\u00e9charger la brochure produit : R\u00e9fractom\u00e8tre Bellingham &amp; Stanley - Abbe 5\" \/>\n<meta property=\"og:url\" content=\"https:\/\/webdesi-gn.fr\/dev_deltalabo\/produits\/pharmacie-biochimie\/refractometre-dabbe-bellingham-stanley\/\" \/>\n<meta property=\"og:site_name\" content=\"DeltaLabo\" \/>\n<meta property=\"article:modified_time\" content=\"2025-11-24T12:59:15+00:00\" \/>\n<meta property=\"og:image\" content=\"https:\/\/webdesi-gn.fr\/dev_deltalabo\/wp-content\/uploads\/2023\/11\/DELTA-LABO-Refractometre-dAbbe-Bellingham-and-Stanley.jpg\" \/>\n\t<meta property=\"og:image:width\" content=\"546\" \/>\n\t<meta property=\"og:image:height\" content=\"598\" \/>\n\t<meta property=\"og:image:type\" content=\"image\/jpeg\" \/>\n<meta name=\"twitter:card\" content=\"summary_large_image\" \/>\n<meta name=\"twitter:label1\" content=\"Dur\u00e9e de lecture estim\u00e9e\" \/>\n\t<meta name=\"twitter:data1\" content=\"1 minute\" \/>\n<script type=\"application\/ld+json\" class=\"yoast-schema-graph\">{\"@context\":\"https:\\\/\\\/schema.org\",\"@graph\":[{\"@type\":\"WebPage\",\"@id\":\"https:\\\/\\\/webdesi-gn.fr\\\/dev_deltalabo\\\/produits\\\/pharmacie-biochimie\\\/refractometre-dabbe-bellingham-stanley\\\/\",\"url\":\"https:\\\/\\\/webdesi-gn.fr\\\/dev_deltalabo\\\/produits\\\/pharmacie-biochimie\\\/refractometre-dabbe-bellingham-stanley\\\/\",\"name\":\"R\u00e9fractom\u00e8tre Bellingham & Stanley - Abbe 5 | DeltaLabo\",\"isPartOf\":{\"@id\":\"https:\\\/\\\/webdesi-gn.fr\\\/dev_deltalabo\\\/#website\"},\"primaryImageOfPage\":{\"@id\":\"https:\\\/\\\/webdesi-gn.fr\\\/dev_deltalabo\\\/produits\\\/pharmacie-biochimie\\\/refractometre-dabbe-bellingham-stanley\\\/#primaryimage\"},\"image\":{\"@id\":\"https:\\\/\\\/webdesi-gn.fr\\\/dev_deltalabo\\\/produits\\\/pharmacie-biochimie\\\/refractometre-dabbe-bellingham-stanley\\\/#primaryimage\"},\"thumbnailUrl\":\"https:\\\/\\\/webdesi-gn.fr\\\/dev_deltalabo\\\/wp-content\\\/uploads\\\/2025\\\/11\\\/DELTA-LABO-Refractometre-dAbbe-Bellingham-and-Stanley.jpg\",\"datePublished\":\"2023-11-20T11:37:13+00:00\",\"dateModified\":\"2025-11-24T12:59:15+00:00\",\"breadcrumb\":{\"@id\":\"https:\\\/\\\/webdesi-gn.fr\\\/dev_deltalabo\\\/produits\\\/pharmacie-biochimie\\\/refractometre-dabbe-bellingham-stanley\\\/#breadcrumb\"},\"inLanguage\":\"fr-FR\",\"potentialAction\":[{\"@type\":\"ReadAction\",\"target\":[\"https:\\\/\\\/webdesi-gn.fr\\\/dev_deltalabo\\\/produits\\\/pharmacie-biochimie\\\/refractometre-dabbe-bellingham-stanley\\\/\"]}]},{\"@type\":\"ImageObject\",\"inLanguage\":\"fr-FR\",\"@id\":\"https:\\\/\\\/webdesi-gn.fr\\\/dev_deltalabo\\\/produits\\\/pharmacie-biochimie\\\/refractometre-dabbe-bellingham-stanley\\\/#primaryimage\",\"url\":\"https:\\\/\\\/webdesi-gn.fr\\\/dev_deltalabo\\\/wp-content\\\/uploads\\\/2025\\\/11\\\/DELTA-LABO-Refractometre-dAbbe-Bellingham-and-Stanley.jpg\",\"contentUrl\":\"https:\\\/\\\/webdesi-gn.fr\\\/dev_deltalabo\\\/wp-content\\\/uploads\\\/2025\\\/11\\\/DELTA-LABO-Refractometre-dAbbe-Bellingham-and-Stanley.jpg\",\"width\":546,\"height\":598},{\"@type\":\"BreadcrumbList\",\"@id\":\"https:\\\/\\\/webdesi-gn.fr\\\/dev_deltalabo\\\/produits\\\/pharmacie-biochimie\\\/refractometre-dabbe-bellingham-stanley\\\/#breadcrumb\",\"itemListElement\":[{\"@type\":\"ListItem\",\"position\":1,\"name\":\"Accueil\",\"item\":\"https:\\\/\\\/webdesi-gn.fr\\\/dev_deltalabo\\\/\"},{\"@type\":\"ListItem\",\"position\":2,\"name\":\"Produits\",\"item\":\"https:\\\/\\\/webdesi-gn.fr\\\/dev_deltalabo\\\/produits\\\/\"},{\"@type\":\"ListItem\",\"position\":3,\"name\":\"R\u00e9fractom\u00e8tre Bellingham &#038; Stanley &#8211; Abbe 5\"}]},{\"@type\":\"WebSite\",\"@id\":\"https:\\\/\\\/webdesi-gn.fr\\\/dev_deltalabo\\\/#website\",\"url\":\"https:\\\/\\\/webdesi-gn.fr\\\/dev_deltalabo\\\/\",\"name\":\"Delta Labo\",\"description\":\"Un site utilisant WordPress\",\"publisher\":{\"@id\":\"https:\\\/\\\/webdesi-gn.fr\\\/dev_deltalabo\\\/#organization\"},\"alternateName\":\"Delta Labo\",\"potentialAction\":[{\"@type\":\"SearchAction\",\"target\":{\"@type\":\"EntryPoint\",\"urlTemplate\":\"https:\\\/\\\/webdesi-gn.fr\\\/dev_deltalabo\\\/?s={search_term_string}\"},\"query-input\":{\"@type\":\"PropertyValueSpecification\",\"valueRequired\":true,\"valueName\":\"search_term_string\"}}],\"inLanguage\":\"fr-FR\"},{\"@type\":\"Organization\",\"@id\":\"https:\\\/\\\/webdesi-gn.fr\\\/dev_deltalabo\\\/#organization\",\"name\":\"DeltaLabo\",\"url\":\"https:\\\/\\\/webdesi-gn.fr\\\/dev_deltalabo\\\/\",\"logo\":{\"@type\":\"ImageObject\",\"inLanguage\":\"fr-FR\",\"@id\":\"https:\\\/\\\/webdesi-gn.fr\\\/dev_deltalabo\\\/#\\\/schema\\\/logo\\\/image\\\/\",\"url\":\"https:\\\/\\\/webdesi-gn.fr\\\/dev_deltalabo\\\/wp-content\\\/uploads\\\/2022\\\/07\\\/logo-deltalabo.png\",\"contentUrl\":\"https:\\\/\\\/webdesi-gn.fr\\\/dev_deltalabo\\\/wp-content\\\/uploads\\\/2022\\\/07\\\/logo-deltalabo.png\",\"width\":694,\"height\":306,\"caption\":\"DeltaLabo\"},\"image\":{\"@id\":\"https:\\\/\\\/webdesi-gn.fr\\\/dev_deltalabo\\\/#\\\/schema\\\/logo\\\/image\\\/\"}}]}<\/script>\n<!-- \/ Yoast SEO plugin. -->","yoast_head_json":{"title":"R\u00e9fractom\u00e8tre Bellingham & Stanley - Abbe 5 | DeltaLabo","robots":{"index":"noindex","follow":"follow","max-snippet":"max-snippet:-1","max-image-preview":"max-image-preview:large","max-video-preview":"max-video-preview:-1"},"og_locale":"fr_FR","og_type":"article","og_title":"R\u00e9fractom\u00e8tre Bellingham & Stanley - Abbe 5 | DeltaLabo","og_description":"R\u00e9fractom\u00e8tre Bellingham &amp; Stanley - Abbe 5 :  Le r\u00e9fractom\u00e8tre Bellingham &amp; Stanley - Abbe 5 est destin\u00e9 aux applications universitaires et de recherche. Il est id\u00e9al pour des mesures d\u2019un large spectre d\u2019indices de r\u00e9fraction.  Compact, \u00e0 lecture digitale de la temp\u00e9rature, il est \u00e9quip\u00e9 d\u2019une sonde de temp\u00e9rature int\u00e9gr\u00e9e au prisme de mesure et directement connect\u00e9e \u00e0 un afficheur num\u00e9rique. L\u2019afficheur num\u00e9rique est solidaire du statif du r\u00e9fractom\u00e8tre.  Le prisme de mesure est thermostatable par un thermostat \u00e0 circulation externe.  Le refractom\u00e8tre est fourni avec une plaque en verre pour le calibrage de l\u2019instrument, un liquide de contact et un manuel d\u2019instructions.  Caract\u00e9ristiques :   Double \u00e9chelle  Indice de r\u00e9fraction et 0-95 Brix  Mesure de dispersion  Source lumineuse, bain thermostat\u00e9, cryostat en option  Garantie 24 mois  T\u00e9l\u00e9charger la brochure produit : R\u00e9fractom\u00e8tre Bellingham &amp; Stanley - Abbe 5","og_url":"https:\/\/webdesi-gn.fr\/dev_deltalabo\/produits\/pharmacie-biochimie\/refractometre-dabbe-bellingham-stanley\/","og_site_name":"DeltaLabo","article_modified_time":"2025-11-24T12:59:15+00:00","og_image":[{"width":546,"height":598,"url":"https:\/\/webdesi-gn.fr\/dev_deltalabo\/wp-content\/uploads\/2023\/11\/DELTA-LABO-Refractometre-dAbbe-Bellingham-and-Stanley.jpg","type":"image\/jpeg"}],"twitter_card":"summary_large_image","twitter_misc":{"Dur\u00e9e de lecture estim\u00e9e":"1 minute"},"schema":{"@context":"https:\/\/schema.org","@graph":[{"@type":"WebPage","@id":"https:\/\/webdesi-gn.fr\/dev_deltalabo\/produits\/pharmacie-biochimie\/refractometre-dabbe-bellingham-stanley\/","url":"https:\/\/webdesi-gn.fr\/dev_deltalabo\/produits\/pharmacie-biochimie\/refractometre-dabbe-bellingham-stanley\/","name":"R\u00e9fractom\u00e8tre Bellingham & Stanley - Abbe 5 | DeltaLabo","isPartOf":{"@id":"https:\/\/webdesi-gn.fr\/dev_deltalabo\/#website"},"primaryImageOfPage":{"@id":"https:\/\/webdesi-gn.fr\/dev_deltalabo\/produits\/pharmacie-biochimie\/refractometre-dabbe-bellingham-stanley\/#primaryimage"},"image":{"@id":"https:\/\/webdesi-gn.fr\/dev_deltalabo\/produits\/pharmacie-biochimie\/refractometre-dabbe-bellingham-stanley\/#primaryimage"},"thumbnailUrl":"https:\/\/webdesi-gn.fr\/dev_deltalabo\/wp-content\/uploads\/2025\/11\/DELTA-LABO-Refractometre-dAbbe-Bellingham-and-Stanley.jpg","datePublished":"2023-11-20T11:37:13+00:00","dateModified":"2025-11-24T12:59:15+00:00","breadcrumb":{"@id":"https:\/\/webdesi-gn.fr\/dev_deltalabo\/produits\/pharmacie-biochimie\/refractometre-dabbe-bellingham-stanley\/#breadcrumb"},"inLanguage":"fr-FR","potentialAction":[{"@type":"ReadAction","target":["https:\/\/webdesi-gn.fr\/dev_deltalabo\/produits\/pharmacie-biochimie\/refractometre-dabbe-bellingham-stanley\/"]}]},{"@type":"ImageObject","inLanguage":"fr-FR","@id":"https:\/\/webdesi-gn.fr\/dev_deltalabo\/produits\/pharmacie-biochimie\/refractometre-dabbe-bellingham-stanley\/#primaryimage","url":"https:\/\/webdesi-gn.fr\/dev_deltalabo\/wp-content\/uploads\/2025\/11\/DELTA-LABO-Refractometre-dAbbe-Bellingham-and-Stanley.jpg","contentUrl":"https:\/\/webdesi-gn.fr\/dev_deltalabo\/wp-content\/uploads\/2025\/11\/DELTA-LABO-Refractometre-dAbbe-Bellingham-and-Stanley.jpg","width":546,"height":598},{"@type":"BreadcrumbList","@id":"https:\/\/webdesi-gn.fr\/dev_deltalabo\/produits\/pharmacie-biochimie\/refractometre-dabbe-bellingham-stanley\/#breadcrumb","itemListElement":[{"@type":"ListItem","position":1,"name":"Accueil","item":"https:\/\/webdesi-gn.fr\/dev_deltalabo\/"},{"@type":"ListItem","position":2,"name":"Produits","item":"https:\/\/webdesi-gn.fr\/dev_deltalabo\/produits\/"},{"@type":"ListItem","position":3,"name":"R\u00e9fractom\u00e8tre Bellingham &#038; Stanley &#8211; Abbe 5"}]},{"@type":"WebSite","@id":"https:\/\/webdesi-gn.fr\/dev_deltalabo\/#website","url":"https:\/\/webdesi-gn.fr\/dev_deltalabo\/","name":"Delta Labo","description":"Un site utilisant WordPress","publisher":{"@id":"https:\/\/webdesi-gn.fr\/dev_deltalabo\/#organization"},"alternateName":"Delta Labo","potentialAction":[{"@type":"SearchAction","target":{"@type":"EntryPoint","urlTemplate":"https:\/\/webdesi-gn.fr\/dev_deltalabo\/?s={search_term_string}"},"query-input":{"@type":"PropertyValueSpecification","valueRequired":true,"valueName":"search_term_string"}}],"inLanguage":"fr-FR"},{"@type":"Organization","@id":"https:\/\/webdesi-gn.fr\/dev_deltalabo\/#organization","name":"DeltaLabo","url":"https:\/\/webdesi-gn.fr\/dev_deltalabo\/","logo":{"@type":"ImageObject","inLanguage":"fr-FR","@id":"https:\/\/webdesi-gn.fr\/dev_deltalabo\/#\/schema\/logo\/image\/","url":"https:\/\/webdesi-gn.fr\/dev_deltalabo\/wp-content\/uploads\/2022\/07\/logo-deltalabo.png","contentUrl":"https:\/\/webdesi-gn.fr\/dev_deltalabo\/wp-content\/uploads\/2022\/07\/logo-deltalabo.png","width":694,"height":306,"caption":"DeltaLabo"},"image":{"@id":"https:\/\/webdesi-gn.fr\/dev_deltalabo\/#\/schema\/logo\/image\/"}}]}},"_links":{"self":[{"href":"https:\/\/webdesi-gn.fr\/dev_deltalabo\/wp-json\/wp\/v2\/product\/255428","targetHints":{"allow":["GET"]}}],"collection":[{"href":"https:\/\/webdesi-gn.fr\/dev_deltalabo\/wp-json\/wp\/v2\/product"}],"about":[{"href":"https:\/\/webdesi-gn.fr\/dev_deltalabo\/wp-json\/wp\/v2\/types\/product"}],"wp:featuredmedia":[{"embeddable":true,"href":"https:\/\/webdesi-gn.fr\/dev_deltalabo\/wp-json\/wp\/v2\/media\/262354"}],"wp:attachment":[{"href":"https:\/\/webdesi-gn.fr\/dev_deltalabo\/wp-json\/wp\/v2\/media?parent=255428"}],"wp:term":[{"taxonomy":"domaine","embeddable":true,"href":"https:\/\/webdesi-gn.fr\/dev_deltalabo\/wp-json\/wp\/v2\/domaine?post=255428"},{"taxonomy":"normes","embeddable":true,"href":"https:\/\/webdesi-gn.fr\/dev_deltalabo\/wp-json\/wp\/v2\/normes?post=255428"},{"taxonomy":"product_brand","embeddable":true,"href":"https:\/\/webdesi-gn.fr\/dev_deltalabo\/wp-json\/wp\/v2\/product_brand?post=255428"},{"taxonomy":"product_cat","embeddable":true,"href":"https:\/\/webdesi-gn.fr\/dev_deltalabo\/wp-json\/wp\/v2\/product_cat?post=255428"},{"taxonomy":"product_tag","embeddable":true,"href":"https:\/\/webdesi-gn.fr\/dev_deltalabo\/wp-json\/wp\/v2\/product_tag?post=255428"}],"curies":[{"name":"wp","href":"https:\/\/api.w.org\/{rel}","templated":true}]}}