{"id":255437,"date":"2023-11-20T14:44:57","date_gmt":"2023-11-20T13:44:57","guid":{"rendered":"https:\/\/webdesi-gn.fr\/dev_deltalabo\/?post_type=product&#038;p=255437"},"modified":"2025-11-24T13:59:09","modified_gmt":"2025-11-24T12:59:09","slug":"refractometres-automatiques-bellingham-stanley-series-rfm-800","status":"publish","type":"product","link":"https:\/\/webdesi-gn.fr\/dev_deltalabo\/produits\/categories\/refractometres-automatiques-bellingham-stanley-series-rfm-800\/","title":{"rendered":"R\u00e9fractom\u00e8tres num\u00e9riques Bellingham &#038; Stanley &#8211; RFM \u00e0 clavier"},"content":{"rendered":"","protected":false},"excerpt":{"rendered":"<p><strong>R\u00e9fractom\u00e8tres num\u00e9riques Bellingham &amp; Stanley &#8211; RFM \u00e0 clavier : <\/strong><\/p>\n<p>Les r\u00e9fractom\u00e8tres num\u00e9riques Bellingham &amp; Stanley &#8211; RFM \u00e0 clavier int\u00e8grent les derni\u00e8res innovations des laboratoires Bellingham &amp; Stanley. Ils sont dot\u00e9s d&rsquo;un bo\u00eetier ABS durable et con\u00e7us pour offrir pr\u00e9cision et efficacit\u00e9. Ils disposent d&rsquo;une r\u00e9gulation de la temp\u00e9rature par effet Peltier, de micro cellules \u00e0 flux continu avec joints sp\u00e9ciaux Chemraz, de fonctions polynomiales sp\u00e9cifiques etc&#8230;<\/p>\n<p>Les r\u00e9fractom\u00e8tres num\u00e9riques Bellingham &amp; Stanley &#8211; RFM \u00e0 clavier sont id\u00e9als pour des environnements industriels ou agro-alimentaires o\u00f9 les \u00e9crans tactiles sont d\u00e9conseill\u00e9s et particuli\u00e8rement bien adapt\u00e9s aux environnements de travail difficiles.<\/p>\n<p>Les r\u00e9sultats s&rsquo;affichent rapidement, en moins de 5 secondes. La stabilisation intelligente de la temp\u00e9rature est activ\u00e9e avant la lecture afin d&rsquo;obtenir les r\u00e9sultats les plus pr\u00e9cis en un temps record.<\/p>\n<p><strong>T\u00e9l\u00e9charger la brochure produit :<\/strong> <a href=\"https:\/\/www.deltalabo.fr\/wp-content\/uploads\/2025\/07\/Brochure-Refractometers-RFM-engl-DL-2025.pdf\">R\u00e9fractom\u00e8tre num\u00e9rique Bellingham &amp; Stanley &#8211; RFM \u00e0 clavier\u00a0<\/a><\/p>\n<p><strong>T\u00e9l\u00e9charger la brochure produit \u00ab\u00a0\u00e9talons de r\u00e9f\u00e9rence certifi\u00e9s\u00a0\u00bb :<\/strong>\u00a0<a href=\"https:\/\/www.deltalabo.fr\/wp-content\/uploads\/2025\/08\/Brochure-etalons-de-reference-certifies-fr-DL.pdf\">Etalons de r\u00e9f\u00e9rence certifi\u00e9s<\/a><\/p>\n","protected":false},"featured_media":262351,"template":"","meta":{"_acf_changed":false,"site-sidebar-layout":"default","site-content-layout":"","ast-site-content-layout":"default","site-content-style":"default","site-sidebar-style":"default","ast-global-header-display":"","ast-banner-title-visibility":"","ast-main-header-display":"","ast-hfb-above-header-display":"","ast-hfb-below-header-display":"","ast-hfb-mobile-header-display":"","site-post-title":"","ast-breadcrumbs-content":"","ast-featured-img":"","footer-sml-layout":"","ast-disable-related-posts":"","theme-transparent-header-meta":"","adv-header-id-meta":"","stick-header-meta":"","header-above-stick-meta":"","header-main-stick-meta":"","header-below-stick-meta":"","astra-migrate-meta-layouts":"default","ast-page-background-enabled":"default","ast-page-background-meta":{"desktop":{"background-color":"var(--ast-global-color-5)","background-image":"","background-repeat":"repeat","background-position":"center center","background-size":"auto","background-attachment":"scroll","background-type":"","background-media":"","overlay-type":"","overlay-color":"","overlay-opacity":"","overlay-gradient":""},"tablet":{"background-color":"","background-image":"","background-repeat":"repeat","background-position":"center center","background-size":"auto","background-attachment":"scroll","background-type":"","background-media":"","overlay-type":"","overlay-color":"","overlay-opacity":"","overlay-gradient":""},"mobile":{"background-color":"","background-image":"","background-repeat":"repeat","background-position":"center center","background-size":"auto","background-attachment":"scroll","background-type":"","background-media":"","overlay-type":"","overlay-color":"","overlay-opacity":"","overlay-gradient":""}},"ast-content-background-meta":{"desktop":{"background-color":"var(--ast-global-color-4)","background-image":"","background-repeat":"repeat","background-position":"center center","background-size":"auto","background-attachment":"scroll","background-type":"","background-media":"","overlay-type":"","overlay-color":"","overlay-opacity":"","overlay-gradient":""},"tablet":{"background-color":"var(--ast-global-color-4)","background-image":"","background-repeat":"repeat","background-position":"center center","background-size":"auto","background-attachment":"scroll","background-type":"","background-media":"","overlay-type":"","overlay-color":"","overlay-opacity":"","overlay-gradient":""},"mobile":{"background-color":"var(--ast-global-color-4)","background-image":"","background-repeat":"repeat","background-position":"center center","background-size":"auto","background-attachment":"scroll","background-type":"","background-media":"","overlay-type":"","overlay-color":"","overlay-opacity":"","overlay-gradient":""}}},"domaine":[17180,17183],"normes":[],"product_brand":[],"product_cat":[17240],"product_tag":[],"class_list":{"0":"post-255437","1":"product","2":"type-product","3":"status-publish","4":"has-post-thumbnail","6":"domaine-analyse-de-boissons","7":"domaine-analyses-physico-chimiques","8":"product_cat-categories","9":"desktop-align-left","10":"tablet-align-left","11":"mobile-align-left","13":"first","14":"instock","15":"shipping-taxable","16":"product-type-simple"},"acf":[],"yoast_head":"<!-- This site is optimized with the Yoast SEO plugin v27.4 - https:\/\/yoast.com\/product\/yoast-seo-wordpress\/ -->\n<title>R\u00e9fractom\u00e8tres num\u00e9riques Bellingham &amp; Stanley - RFM \u00e0 clavier | DeltaLabo<\/title>\n<meta name=\"robots\" content=\"noindex, follow, max-snippet:-1, max-image-preview:large, max-video-preview:-1\" \/>\n<meta property=\"og:locale\" content=\"fr_FR\" \/>\n<meta property=\"og:type\" content=\"article\" \/>\n<meta property=\"og:title\" content=\"R\u00e9fractom\u00e8tres num\u00e9riques Bellingham &amp; Stanley - RFM \u00e0 clavier | DeltaLabo\" \/>\n<meta property=\"og:description\" content=\"R\u00e9fractom\u00e8tres num\u00e9riques Bellingham &amp; Stanley - RFM \u00e0 clavier :   Les r\u00e9fractom\u00e8tres num\u00e9riques Bellingham &amp; Stanley - RFM \u00e0 clavier int\u00e8grent les derni\u00e8res innovations des laboratoires Bellingham &amp; Stanley. Ils sont dot\u00e9s d&#039;un bo\u00eetier ABS durable et con\u00e7us pour offrir pr\u00e9cision et efficacit\u00e9. Ils disposent d&#039;une r\u00e9gulation de la temp\u00e9rature par effet Peltier, de micro cellules \u00e0 flux continu avec joints sp\u00e9ciaux Chemraz, de fonctions polynomiales sp\u00e9cifiques etc...  Les r\u00e9fractom\u00e8tres num\u00e9riques Bellingham &amp; Stanley - RFM \u00e0 clavier sont id\u00e9als pour des environnements industriels ou agro-alimentaires o\u00f9 les \u00e9crans tactiles sont d\u00e9conseill\u00e9s et particuli\u00e8rement bien adapt\u00e9s aux environnements de travail difficiles.  Les r\u00e9sultats s&#039;affichent rapidement, en moins de 5 secondes. La stabilisation intelligente de la temp\u00e9rature est activ\u00e9e avant la lecture afin d&#039;obtenir les r\u00e9sultats les plus pr\u00e9cis en un temps record.  T\u00e9l\u00e9charger la brochure produit : R\u00e9fractom\u00e8tre num\u00e9rique Bellingham &amp; Stanley - RFM \u00e0 clavier\u00a0  T\u00e9l\u00e9charger la brochure produit \u00ab\u00a0\u00e9talons de r\u00e9f\u00e9rence certifi\u00e9s\u00a0\u00bb :\u00a0Etalons de r\u00e9f\u00e9rence certifi\u00e9s\" \/>\n<meta property=\"og:url\" content=\"https:\/\/webdesi-gn.fr\/dev_deltalabo\/produits\/pharmacie-biochimie\/refractometres-automatiques-bellingham-stanley-series-rfm-800\/\" \/>\n<meta property=\"og:site_name\" content=\"DeltaLabo\" \/>\n<meta property=\"article:modified_time\" content=\"2025-11-24T12:59:09+00:00\" \/>\n<meta property=\"og:image\" content=\"https:\/\/webdesi-gn.fr\/dev_deltalabo\/wp-content\/uploads\/2023\/11\/DELTA-LABO-Refractometre-RFM.jpg\" \/>\n\t<meta property=\"og:image:width\" content=\"528\" \/>\n\t<meta property=\"og:image:height\" content=\"463\" \/>\n\t<meta property=\"og:image:type\" content=\"image\/jpeg\" \/>\n<meta name=\"twitter:card\" content=\"summary_large_image\" \/>\n<meta name=\"twitter:label1\" content=\"Dur\u00e9e de lecture estim\u00e9e\" \/>\n\t<meta name=\"twitter:data1\" content=\"1 minute\" \/>\n<script type=\"application\/ld+json\" class=\"yoast-schema-graph\">{\"@context\":\"https:\\\/\\\/schema.org\",\"@graph\":[{\"@type\":\"WebPage\",\"@id\":\"https:\\\/\\\/webdesi-gn.fr\\\/dev_deltalabo\\\/produits\\\/pharmacie-biochimie\\\/refractometres-automatiques-bellingham-stanley-series-rfm-800\\\/\",\"url\":\"https:\\\/\\\/webdesi-gn.fr\\\/dev_deltalabo\\\/produits\\\/pharmacie-biochimie\\\/refractometres-automatiques-bellingham-stanley-series-rfm-800\\\/\",\"name\":\"R\u00e9fractom\u00e8tres num\u00e9riques Bellingham & Stanley - RFM \u00e0 clavier | DeltaLabo\",\"isPartOf\":{\"@id\":\"https:\\\/\\\/webdesi-gn.fr\\\/dev_deltalabo\\\/#website\"},\"primaryImageOfPage\":{\"@id\":\"https:\\\/\\\/webdesi-gn.fr\\\/dev_deltalabo\\\/produits\\\/pharmacie-biochimie\\\/refractometres-automatiques-bellingham-stanley-series-rfm-800\\\/#primaryimage\"},\"image\":{\"@id\":\"https:\\\/\\\/webdesi-gn.fr\\\/dev_deltalabo\\\/produits\\\/pharmacie-biochimie\\\/refractometres-automatiques-bellingham-stanley-series-rfm-800\\\/#primaryimage\"},\"thumbnailUrl\":\"https:\\\/\\\/webdesi-gn.fr\\\/dev_deltalabo\\\/wp-content\\\/uploads\\\/2025\\\/11\\\/DELTA-LABO-RFM300M.jpg\",\"datePublished\":\"2023-11-20T13:44:57+00:00\",\"dateModified\":\"2025-11-24T12:59:09+00:00\",\"breadcrumb\":{\"@id\":\"https:\\\/\\\/webdesi-gn.fr\\\/dev_deltalabo\\\/produits\\\/pharmacie-biochimie\\\/refractometres-automatiques-bellingham-stanley-series-rfm-800\\\/#breadcrumb\"},\"inLanguage\":\"fr-FR\",\"potentialAction\":[{\"@type\":\"ReadAction\",\"target\":[\"https:\\\/\\\/webdesi-gn.fr\\\/dev_deltalabo\\\/produits\\\/pharmacie-biochimie\\\/refractometres-automatiques-bellingham-stanley-series-rfm-800\\\/\"]}]},{\"@type\":\"ImageObject\",\"inLanguage\":\"fr-FR\",\"@id\":\"https:\\\/\\\/webdesi-gn.fr\\\/dev_deltalabo\\\/produits\\\/pharmacie-biochimie\\\/refractometres-automatiques-bellingham-stanley-series-rfm-800\\\/#primaryimage\",\"url\":\"https:\\\/\\\/webdesi-gn.fr\\\/dev_deltalabo\\\/wp-content\\\/uploads\\\/2025\\\/11\\\/DELTA-LABO-RFM300M.jpg\",\"contentUrl\":\"https:\\\/\\\/webdesi-gn.fr\\\/dev_deltalabo\\\/wp-content\\\/uploads\\\/2025\\\/11\\\/DELTA-LABO-RFM300M.jpg\",\"width\":600,\"height\":600},{\"@type\":\"BreadcrumbList\",\"@id\":\"https:\\\/\\\/webdesi-gn.fr\\\/dev_deltalabo\\\/produits\\\/pharmacie-biochimie\\\/refractometres-automatiques-bellingham-stanley-series-rfm-800\\\/#breadcrumb\",\"itemListElement\":[{\"@type\":\"ListItem\",\"position\":1,\"name\":\"Accueil\",\"item\":\"https:\\\/\\\/webdesi-gn.fr\\\/dev_deltalabo\\\/\"},{\"@type\":\"ListItem\",\"position\":2,\"name\":\"Produits\",\"item\":\"https:\\\/\\\/webdesi-gn.fr\\\/dev_deltalabo\\\/produits\\\/\"},{\"@type\":\"ListItem\",\"position\":3,\"name\":\"R\u00e9fractom\u00e8tres num\u00e9riques Bellingham &#038; Stanley &#8211; RFM \u00e0 clavier\"}]},{\"@type\":\"WebSite\",\"@id\":\"https:\\\/\\\/webdesi-gn.fr\\\/dev_deltalabo\\\/#website\",\"url\":\"https:\\\/\\\/webdesi-gn.fr\\\/dev_deltalabo\\\/\",\"name\":\"Delta Labo\",\"description\":\"Un site utilisant WordPress\",\"publisher\":{\"@id\":\"https:\\\/\\\/webdesi-gn.fr\\\/dev_deltalabo\\\/#organization\"},\"alternateName\":\"Delta Labo\",\"potentialAction\":[{\"@type\":\"SearchAction\",\"target\":{\"@type\":\"EntryPoint\",\"urlTemplate\":\"https:\\\/\\\/webdesi-gn.fr\\\/dev_deltalabo\\\/?s={search_term_string}\"},\"query-input\":{\"@type\":\"PropertyValueSpecification\",\"valueRequired\":true,\"valueName\":\"search_term_string\"}}],\"inLanguage\":\"fr-FR\"},{\"@type\":\"Organization\",\"@id\":\"https:\\\/\\\/webdesi-gn.fr\\\/dev_deltalabo\\\/#organization\",\"name\":\"DeltaLabo\",\"url\":\"https:\\\/\\\/webdesi-gn.fr\\\/dev_deltalabo\\\/\",\"logo\":{\"@type\":\"ImageObject\",\"inLanguage\":\"fr-FR\",\"@id\":\"https:\\\/\\\/webdesi-gn.fr\\\/dev_deltalabo\\\/#\\\/schema\\\/logo\\\/image\\\/\",\"url\":\"https:\\\/\\\/webdesi-gn.fr\\\/dev_deltalabo\\\/wp-content\\\/uploads\\\/2022\\\/07\\\/logo-deltalabo.png\",\"contentUrl\":\"https:\\\/\\\/webdesi-gn.fr\\\/dev_deltalabo\\\/wp-content\\\/uploads\\\/2022\\\/07\\\/logo-deltalabo.png\",\"width\":694,\"height\":306,\"caption\":\"DeltaLabo\"},\"image\":{\"@id\":\"https:\\\/\\\/webdesi-gn.fr\\\/dev_deltalabo\\\/#\\\/schema\\\/logo\\\/image\\\/\"}}]}<\/script>\n<!-- \/ Yoast SEO plugin. -->","yoast_head_json":{"title":"R\u00e9fractom\u00e8tres num\u00e9riques Bellingham & Stanley - RFM \u00e0 clavier | DeltaLabo","robots":{"index":"noindex","follow":"follow","max-snippet":"max-snippet:-1","max-image-preview":"max-image-preview:large","max-video-preview":"max-video-preview:-1"},"og_locale":"fr_FR","og_type":"article","og_title":"R\u00e9fractom\u00e8tres num\u00e9riques Bellingham & Stanley - RFM \u00e0 clavier | DeltaLabo","og_description":"R\u00e9fractom\u00e8tres num\u00e9riques Bellingham &amp; Stanley - RFM \u00e0 clavier :   Les r\u00e9fractom\u00e8tres num\u00e9riques Bellingham &amp; Stanley - RFM \u00e0 clavier int\u00e8grent les derni\u00e8res innovations des laboratoires Bellingham &amp; Stanley. Ils sont dot\u00e9s d'un bo\u00eetier ABS durable et con\u00e7us pour offrir pr\u00e9cision et efficacit\u00e9. Ils disposent d'une r\u00e9gulation de la temp\u00e9rature par effet Peltier, de micro cellules \u00e0 flux continu avec joints sp\u00e9ciaux Chemraz, de fonctions polynomiales sp\u00e9cifiques etc...  Les r\u00e9fractom\u00e8tres num\u00e9riques Bellingham &amp; Stanley - RFM \u00e0 clavier sont id\u00e9als pour des environnements industriels ou agro-alimentaires o\u00f9 les \u00e9crans tactiles sont d\u00e9conseill\u00e9s et particuli\u00e8rement bien adapt\u00e9s aux environnements de travail difficiles.  Les r\u00e9sultats s'affichent rapidement, en moins de 5 secondes. La stabilisation intelligente de la temp\u00e9rature est activ\u00e9e avant la lecture afin d'obtenir les r\u00e9sultats les plus pr\u00e9cis en un temps record.  T\u00e9l\u00e9charger la brochure produit : R\u00e9fractom\u00e8tre num\u00e9rique Bellingham &amp; Stanley - RFM \u00e0 clavier\u00a0  T\u00e9l\u00e9charger la brochure produit \u00ab\u00a0\u00e9talons de r\u00e9f\u00e9rence certifi\u00e9s\u00a0\u00bb :\u00a0Etalons de r\u00e9f\u00e9rence certifi\u00e9s","og_url":"https:\/\/webdesi-gn.fr\/dev_deltalabo\/produits\/pharmacie-biochimie\/refractometres-automatiques-bellingham-stanley-series-rfm-800\/","og_site_name":"DeltaLabo","article_modified_time":"2025-11-24T12:59:09+00:00","og_image":[{"width":528,"height":463,"url":"https:\/\/webdesi-gn.fr\/dev_deltalabo\/wp-content\/uploads\/2023\/11\/DELTA-LABO-Refractometre-RFM.jpg","type":"image\/jpeg"}],"twitter_card":"summary_large_image","twitter_misc":{"Dur\u00e9e de lecture estim\u00e9e":"1 minute"},"schema":{"@context":"https:\/\/schema.org","@graph":[{"@type":"WebPage","@id":"https:\/\/webdesi-gn.fr\/dev_deltalabo\/produits\/pharmacie-biochimie\/refractometres-automatiques-bellingham-stanley-series-rfm-800\/","url":"https:\/\/webdesi-gn.fr\/dev_deltalabo\/produits\/pharmacie-biochimie\/refractometres-automatiques-bellingham-stanley-series-rfm-800\/","name":"R\u00e9fractom\u00e8tres num\u00e9riques Bellingham & Stanley - RFM \u00e0 clavier | DeltaLabo","isPartOf":{"@id":"https:\/\/webdesi-gn.fr\/dev_deltalabo\/#website"},"primaryImageOfPage":{"@id":"https:\/\/webdesi-gn.fr\/dev_deltalabo\/produits\/pharmacie-biochimie\/refractometres-automatiques-bellingham-stanley-series-rfm-800\/#primaryimage"},"image":{"@id":"https:\/\/webdesi-gn.fr\/dev_deltalabo\/produits\/pharmacie-biochimie\/refractometres-automatiques-bellingham-stanley-series-rfm-800\/#primaryimage"},"thumbnailUrl":"https:\/\/webdesi-gn.fr\/dev_deltalabo\/wp-content\/uploads\/2025\/11\/DELTA-LABO-RFM300M.jpg","datePublished":"2023-11-20T13:44:57+00:00","dateModified":"2025-11-24T12:59:09+00:00","breadcrumb":{"@id":"https:\/\/webdesi-gn.fr\/dev_deltalabo\/produits\/pharmacie-biochimie\/refractometres-automatiques-bellingham-stanley-series-rfm-800\/#breadcrumb"},"inLanguage":"fr-FR","potentialAction":[{"@type":"ReadAction","target":["https:\/\/webdesi-gn.fr\/dev_deltalabo\/produits\/pharmacie-biochimie\/refractometres-automatiques-bellingham-stanley-series-rfm-800\/"]}]},{"@type":"ImageObject","inLanguage":"fr-FR","@id":"https:\/\/webdesi-gn.fr\/dev_deltalabo\/produits\/pharmacie-biochimie\/refractometres-automatiques-bellingham-stanley-series-rfm-800\/#primaryimage","url":"https:\/\/webdesi-gn.fr\/dev_deltalabo\/wp-content\/uploads\/2025\/11\/DELTA-LABO-RFM300M.jpg","contentUrl":"https:\/\/webdesi-gn.fr\/dev_deltalabo\/wp-content\/uploads\/2025\/11\/DELTA-LABO-RFM300M.jpg","width":600,"height":600},{"@type":"BreadcrumbList","@id":"https:\/\/webdesi-gn.fr\/dev_deltalabo\/produits\/pharmacie-biochimie\/refractometres-automatiques-bellingham-stanley-series-rfm-800\/#breadcrumb","itemListElement":[{"@type":"ListItem","position":1,"name":"Accueil","item":"https:\/\/webdesi-gn.fr\/dev_deltalabo\/"},{"@type":"ListItem","position":2,"name":"Produits","item":"https:\/\/webdesi-gn.fr\/dev_deltalabo\/produits\/"},{"@type":"ListItem","position":3,"name":"R\u00e9fractom\u00e8tres num\u00e9riques Bellingham &#038; Stanley &#8211; RFM \u00e0 clavier"}]},{"@type":"WebSite","@id":"https:\/\/webdesi-gn.fr\/dev_deltalabo\/#website","url":"https:\/\/webdesi-gn.fr\/dev_deltalabo\/","name":"Delta Labo","description":"Un site utilisant WordPress","publisher":{"@id":"https:\/\/webdesi-gn.fr\/dev_deltalabo\/#organization"},"alternateName":"Delta Labo","potentialAction":[{"@type":"SearchAction","target":{"@type":"EntryPoint","urlTemplate":"https:\/\/webdesi-gn.fr\/dev_deltalabo\/?s={search_term_string}"},"query-input":{"@type":"PropertyValueSpecification","valueRequired":true,"valueName":"search_term_string"}}],"inLanguage":"fr-FR"},{"@type":"Organization","@id":"https:\/\/webdesi-gn.fr\/dev_deltalabo\/#organization","name":"DeltaLabo","url":"https:\/\/webdesi-gn.fr\/dev_deltalabo\/","logo":{"@type":"ImageObject","inLanguage":"fr-FR","@id":"https:\/\/webdesi-gn.fr\/dev_deltalabo\/#\/schema\/logo\/image\/","url":"https:\/\/webdesi-gn.fr\/dev_deltalabo\/wp-content\/uploads\/2022\/07\/logo-deltalabo.png","contentUrl":"https:\/\/webdesi-gn.fr\/dev_deltalabo\/wp-content\/uploads\/2022\/07\/logo-deltalabo.png","width":694,"height":306,"caption":"DeltaLabo"},"image":{"@id":"https:\/\/webdesi-gn.fr\/dev_deltalabo\/#\/schema\/logo\/image\/"}}]}},"_links":{"self":[{"href":"https:\/\/webdesi-gn.fr\/dev_deltalabo\/wp-json\/wp\/v2\/product\/255437","targetHints":{"allow":["GET"]}}],"collection":[{"href":"https:\/\/webdesi-gn.fr\/dev_deltalabo\/wp-json\/wp\/v2\/product"}],"about":[{"href":"https:\/\/webdesi-gn.fr\/dev_deltalabo\/wp-json\/wp\/v2\/types\/product"}],"wp:featuredmedia":[{"embeddable":true,"href":"https:\/\/webdesi-gn.fr\/dev_deltalabo\/wp-json\/wp\/v2\/media\/262351"}],"wp:attachment":[{"href":"https:\/\/webdesi-gn.fr\/dev_deltalabo\/wp-json\/wp\/v2\/media?parent=255437"}],"wp:term":[{"taxonomy":"domaine","embeddable":true,"href":"https:\/\/webdesi-gn.fr\/dev_deltalabo\/wp-json\/wp\/v2\/domaine?post=255437"},{"taxonomy":"normes","embeddable":true,"href":"https:\/\/webdesi-gn.fr\/dev_deltalabo\/wp-json\/wp\/v2\/normes?post=255437"},{"taxonomy":"product_brand","embeddable":true,"href":"https:\/\/webdesi-gn.fr\/dev_deltalabo\/wp-json\/wp\/v2\/product_brand?post=255437"},{"taxonomy":"product_cat","embeddable":true,"href":"https:\/\/webdesi-gn.fr\/dev_deltalabo\/wp-json\/wp\/v2\/product_cat?post=255437"},{"taxonomy":"product_tag","embeddable":true,"href":"https:\/\/webdesi-gn.fr\/dev_deltalabo\/wp-json\/wp\/v2\/product_tag?post=255437"}],"curies":[{"name":"wp","href":"https:\/\/api.w.org\/{rel}","templated":true}]}}