{"id":255457,"date":"2024-01-08T10:14:33","date_gmt":"2024-01-08T09:14:33","guid":{"rendered":"https:\/\/webdesi-gn.fr\/dev_deltalabo\/?post_type=product&#038;p=255457"},"modified":"2025-11-24T13:58:50","modified_gmt":"2025-11-24T12:58:50","slug":"appareil-de-test-doxydation-des-huiles-a-hautes-temperatures-teost-tannas","status":"publish","type":"product","link":"https:\/\/webdesi-gn.fr\/dev_deltalabo\/produits\/cat-produit\/appareil-de-test-doxydation-des-huiles-a-hautes-temperatures-teost-tannas\/","title":{"rendered":"Appareil de test d&rsquo;oxydation des huiles \u00e0 hautes temp\u00e9ratures TEOST &#8211; TANNAS &#8211; ASTM D6335"},"content":{"rendered":"","protected":false},"excerpt":{"rendered":"<p><strong>Appareil de test d&rsquo;oxydation des huiles \u00e0 hautes temp\u00e9ratures selon ASTM D6335, TANNAS mod\u00e8le TEOST :<\/strong><\/p>\n<p>L&rsquo;appareil pour test d\u2019oxydation des huiles \u00e0 hautes temp\u00e9ratures TEOST est conforme aux normes ASTM D6335, ASTM D7097 et ASTM D8447.<\/p>\n<p>Le TEOST est un appareil permettant de r\u00e9aliser le test d&rsquo;oxydation des huiles de moteur \u00e0 hautes temp\u00e9ratures. Les tests effectu\u00e9s permettent de r\u00e9pondre aux sp\u00e9cifications ILSAC GF-2 et GF-5 ainsi que les sp\u00e9cifications API &lsquo;SJ&rsquo; et &lsquo;SN&rsquo;.<\/p>\n<p>Le principe de fonctionnement de l&rsquo;appareil est la simulation de la tendance aux huiles de moteurs \u00e0 la formation d&rsquo;un d\u00e9p\u00f4t lors des oxydations de ces huiles \u00e0 des temp\u00e9ratures \u00e9lev\u00e9es.<\/p>\n<p><strong>T\u00e9l\u00e9charger la brochure produit :<\/strong> <a href=\"https:\/\/www.deltalabo.fr\/wp-content\/uploads\/2025\/04\/TEOST\u00ae-Trident-Brochure-eng-DL.pdf\">Appareil test oxydation huiles TANNAS TEOST<\/a><\/p>\n<p><strong>Visionner l\u2019utilisation du produit\u00a0<\/strong>: <a href=\"https:\/\/www.youtube.com\/watch?v=C4gbyAa_zbY\">Appareil test oxydation huiles TANNAS TEOS<\/a><a href=\"https:\/\/www.youtube.com\/watch?v=Go5QQGWdB-8\">T<\/a><\/p>\n","protected":false},"featured_media":262343,"template":"","meta":{"_acf_changed":false,"site-sidebar-layout":"default","site-content-layout":"","ast-site-content-layout":"default","site-content-style":"default","site-sidebar-style":"default","ast-global-header-display":"","ast-banner-title-visibility":"","ast-main-header-display":"","ast-hfb-above-header-display":"","ast-hfb-below-header-display":"","ast-hfb-mobile-header-display":"","site-post-title":"","ast-breadcrumbs-content":"","ast-featured-img":"","footer-sml-layout":"","ast-disable-related-posts":"","theme-transparent-header-meta":"","adv-header-id-meta":"","stick-header-meta":"","header-above-stick-meta":"","header-main-stick-meta":"","header-below-stick-meta":"","astra-migrate-meta-layouts":"default","ast-page-background-enabled":"default","ast-page-background-meta":{"desktop":{"background-color":"var(--ast-global-color-5)","background-image":"","background-repeat":"repeat","background-position":"center center","background-size":"auto","background-attachment":"scroll","background-type":"","background-media":"","overlay-type":"","overlay-color":"","overlay-opacity":"","overlay-gradient":""},"tablet":{"background-color":"","background-image":"","background-repeat":"repeat","background-position":"center center","background-size":"auto","background-attachment":"scroll","background-type":"","background-media":"","overlay-type":"","overlay-color":"","overlay-opacity":"","overlay-gradient":""},"mobile":{"background-color":"","background-image":"","background-repeat":"repeat","background-position":"center center","background-size":"auto","background-attachment":"scroll","background-type":"","background-media":"","overlay-type":"","overlay-color":"","overlay-opacity":"","overlay-gradient":""}},"ast-content-background-meta":{"desktop":{"background-color":"var(--ast-global-color-4)","background-image":"","background-repeat":"repeat","background-position":"center center","background-size":"auto","background-attachment":"scroll","background-type":"","background-media":"","overlay-type":"","overlay-color":"","overlay-opacity":"","overlay-gradient":""},"tablet":{"background-color":"var(--ast-global-color-4)","background-image":"","background-repeat":"repeat","background-position":"center center","background-size":"auto","background-attachment":"scroll","background-type":"","background-media":"","overlay-type":"","overlay-color":"","overlay-opacity":"","overlay-gradient":""},"mobile":{"background-color":"var(--ast-global-color-4)","background-image":"","background-repeat":"repeat","background-position":"center center","background-size":"auto","background-attachment":"scroll","background-type":"","background-media":"","overlay-type":"","overlay-color":"","overlay-opacity":"","overlay-gradient":""}}},"domaine":[],"normes":[3360,3374,3389,17135],"product_brand":[],"product_cat":[15],"product_tag":[],"class_list":{"0":"post-255457","1":"product","2":"type-product","3":"status-publish","4":"has-post-thumbnail","6":"normes-d6335","7":"normes-d7097","8":"normes-d8447","9":"normes-din-51562","10":"product_cat-cat-produit","11":"desktop-align-left","12":"tablet-align-left","13":"mobile-align-left","15":"first","16":"instock","17":"shipping-taxable","18":"purchasable","19":"product-type-simple"},"acf":[],"yoast_head":"<!-- This site is optimized with the Yoast SEO plugin v27.4 - https:\/\/yoast.com\/product\/yoast-seo-wordpress\/ -->\n<title>Appareil de test d&#039;oxydation des huiles \u00e0 hautes temp\u00e9ratures TEOST - TANNAS - ASTM D6335 | DeltaLabo<\/title>\n<meta name=\"robots\" content=\"noindex, follow, max-snippet:-1, max-image-preview:large, max-video-preview:-1\" \/>\n<meta property=\"og:locale\" content=\"fr_FR\" \/>\n<meta property=\"og:type\" content=\"article\" \/>\n<meta property=\"og:title\" content=\"Appareil de test d&#039;oxydation des huiles \u00e0 hautes temp\u00e9ratures TEOST - TANNAS - ASTM D6335 | DeltaLabo\" \/>\n<meta property=\"og:description\" content=\"Appareil de test d&#039;oxydation des huiles \u00e0 hautes temp\u00e9ratures selon ASTM D6335, TANNAS mod\u00e8le TEOST :  L&#039;appareil pour test d\u2019oxydation des huiles \u00e0 hautes temp\u00e9ratures TEOST est conforme aux normes ASTM D6335, ASTM D7097 et ASTM D8447.  Le TEOST est un appareil permettant de r\u00e9aliser le test d&#039;oxydation des huiles de moteur \u00e0 hautes temp\u00e9ratures. Les tests effectu\u00e9s permettent de r\u00e9pondre aux sp\u00e9cifications ILSAC GF-2 et GF-5 ainsi que les sp\u00e9cifications API &#039;SJ&#039; et &#039;SN&#039;.  Le principe de fonctionnement de l&#039;appareil est la simulation de la tendance aux huiles de moteurs \u00e0 la formation d&#039;un d\u00e9p\u00f4t lors des oxydations de ces huiles \u00e0 des temp\u00e9ratures \u00e9lev\u00e9es.  T\u00e9l\u00e9charger la brochure produit : Appareil test oxydation huiles TANNAS TEOST  Visionner l\u2019utilisation du produit\u00a0: Appareil test oxydation huiles TANNAS TEOST\" \/>\n<meta property=\"og:url\" content=\"https:\/\/webdesi-gn.fr\/dev_deltalabo\/produits\/cat-produit\/appareil-de-test-doxydation-des-huiles-a-hautes-temperatures-teost-tannas\/\" \/>\n<meta property=\"og:site_name\" content=\"DeltaLabo\" \/>\n<meta property=\"article:modified_time\" content=\"2025-11-24T12:58:50+00:00\" \/>\n<meta property=\"og:image\" content=\"https:\/\/webdesi-gn.fr\/dev_deltalabo\/wp-content\/uploads\/2024\/01\/DELTALABO-Test-doxydation-des-huiles-a-hautes-temperatures-TEOST-Tannas.jpg\" \/>\n\t<meta property=\"og:image:width\" content=\"454\" \/>\n\t<meta property=\"og:image:height\" content=\"452\" \/>\n\t<meta property=\"og:image:type\" content=\"image\/jpeg\" \/>\n<meta name=\"twitter:card\" content=\"summary_large_image\" \/>\n<meta name=\"twitter:label1\" content=\"Dur\u00e9e de lecture estim\u00e9e\" \/>\n\t<meta name=\"twitter:data1\" content=\"1 minute\" \/>\n<script type=\"application\/ld+json\" class=\"yoast-schema-graph\">{\"@context\":\"https:\\\/\\\/schema.org\",\"@graph\":[{\"@type\":\"WebPage\",\"@id\":\"https:\\\/\\\/webdesi-gn.fr\\\/dev_deltalabo\\\/produits\\\/cat-produit\\\/appareil-de-test-doxydation-des-huiles-a-hautes-temperatures-teost-tannas\\\/\",\"url\":\"https:\\\/\\\/webdesi-gn.fr\\\/dev_deltalabo\\\/produits\\\/cat-produit\\\/appareil-de-test-doxydation-des-huiles-a-hautes-temperatures-teost-tannas\\\/\",\"name\":\"Appareil de test d'oxydation des huiles \u00e0 hautes temp\u00e9ratures TEOST - TANNAS - ASTM D6335 | DeltaLabo\",\"isPartOf\":{\"@id\":\"https:\\\/\\\/webdesi-gn.fr\\\/dev_deltalabo\\\/#website\"},\"primaryImageOfPage\":{\"@id\":\"https:\\\/\\\/webdesi-gn.fr\\\/dev_deltalabo\\\/produits\\\/cat-produit\\\/appareil-de-test-doxydation-des-huiles-a-hautes-temperatures-teost-tannas\\\/#primaryimage\"},\"image\":{\"@id\":\"https:\\\/\\\/webdesi-gn.fr\\\/dev_deltalabo\\\/produits\\\/cat-produit\\\/appareil-de-test-doxydation-des-huiles-a-hautes-temperatures-teost-tannas\\\/#primaryimage\"},\"thumbnailUrl\":\"https:\\\/\\\/webdesi-gn.fr\\\/dev_deltalabo\\\/wp-content\\\/uploads\\\/2025\\\/11\\\/DELTALABO-Test-doxydation-des-huiles-a-hautes-temperatures-TEOST-Tannas.jpg\",\"datePublished\":\"2024-01-08T09:14:33+00:00\",\"dateModified\":\"2025-11-24T12:58:50+00:00\",\"breadcrumb\":{\"@id\":\"https:\\\/\\\/webdesi-gn.fr\\\/dev_deltalabo\\\/produits\\\/cat-produit\\\/appareil-de-test-doxydation-des-huiles-a-hautes-temperatures-teost-tannas\\\/#breadcrumb\"},\"inLanguage\":\"fr-FR\",\"potentialAction\":[{\"@type\":\"ReadAction\",\"target\":[\"https:\\\/\\\/webdesi-gn.fr\\\/dev_deltalabo\\\/produits\\\/cat-produit\\\/appareil-de-test-doxydation-des-huiles-a-hautes-temperatures-teost-tannas\\\/\"]}]},{\"@type\":\"ImageObject\",\"inLanguage\":\"fr-FR\",\"@id\":\"https:\\\/\\\/webdesi-gn.fr\\\/dev_deltalabo\\\/produits\\\/cat-produit\\\/appareil-de-test-doxydation-des-huiles-a-hautes-temperatures-teost-tannas\\\/#primaryimage\",\"url\":\"https:\\\/\\\/webdesi-gn.fr\\\/dev_deltalabo\\\/wp-content\\\/uploads\\\/2025\\\/11\\\/DELTALABO-Test-doxydation-des-huiles-a-hautes-temperatures-TEOST-Tannas.jpg\",\"contentUrl\":\"https:\\\/\\\/webdesi-gn.fr\\\/dev_deltalabo\\\/wp-content\\\/uploads\\\/2025\\\/11\\\/DELTALABO-Test-doxydation-des-huiles-a-hautes-temperatures-TEOST-Tannas.jpg\",\"width\":454,\"height\":452},{\"@type\":\"BreadcrumbList\",\"@id\":\"https:\\\/\\\/webdesi-gn.fr\\\/dev_deltalabo\\\/produits\\\/cat-produit\\\/appareil-de-test-doxydation-des-huiles-a-hautes-temperatures-teost-tannas\\\/#breadcrumb\",\"itemListElement\":[{\"@type\":\"ListItem\",\"position\":1,\"name\":\"Accueil\",\"item\":\"https:\\\/\\\/webdesi-gn.fr\\\/dev_deltalabo\\\/\"},{\"@type\":\"ListItem\",\"position\":2,\"name\":\"Produits\",\"item\":\"https:\\\/\\\/webdesi-gn.fr\\\/dev_deltalabo\\\/produits\\\/\"},{\"@type\":\"ListItem\",\"position\":3,\"name\":\"Appareil de test d&rsquo;oxydation des huiles \u00e0 hautes temp\u00e9ratures TEOST &#8211; TANNAS &#8211; ASTM D6335\"}]},{\"@type\":\"WebSite\",\"@id\":\"https:\\\/\\\/webdesi-gn.fr\\\/dev_deltalabo\\\/#website\",\"url\":\"https:\\\/\\\/webdesi-gn.fr\\\/dev_deltalabo\\\/\",\"name\":\"Delta Labo\",\"description\":\"Un site utilisant WordPress\",\"publisher\":{\"@id\":\"https:\\\/\\\/webdesi-gn.fr\\\/dev_deltalabo\\\/#organization\"},\"alternateName\":\"Delta Labo\",\"potentialAction\":[{\"@type\":\"SearchAction\",\"target\":{\"@type\":\"EntryPoint\",\"urlTemplate\":\"https:\\\/\\\/webdesi-gn.fr\\\/dev_deltalabo\\\/?s={search_term_string}\"},\"query-input\":{\"@type\":\"PropertyValueSpecification\",\"valueRequired\":true,\"valueName\":\"search_term_string\"}}],\"inLanguage\":\"fr-FR\"},{\"@type\":\"Organization\",\"@id\":\"https:\\\/\\\/webdesi-gn.fr\\\/dev_deltalabo\\\/#organization\",\"name\":\"DeltaLabo\",\"url\":\"https:\\\/\\\/webdesi-gn.fr\\\/dev_deltalabo\\\/\",\"logo\":{\"@type\":\"ImageObject\",\"inLanguage\":\"fr-FR\",\"@id\":\"https:\\\/\\\/webdesi-gn.fr\\\/dev_deltalabo\\\/#\\\/schema\\\/logo\\\/image\\\/\",\"url\":\"https:\\\/\\\/webdesi-gn.fr\\\/dev_deltalabo\\\/wp-content\\\/uploads\\\/2022\\\/07\\\/logo-deltalabo.png\",\"contentUrl\":\"https:\\\/\\\/webdesi-gn.fr\\\/dev_deltalabo\\\/wp-content\\\/uploads\\\/2022\\\/07\\\/logo-deltalabo.png\",\"width\":694,\"height\":306,\"caption\":\"DeltaLabo\"},\"image\":{\"@id\":\"https:\\\/\\\/webdesi-gn.fr\\\/dev_deltalabo\\\/#\\\/schema\\\/logo\\\/image\\\/\"}}]}<\/script>\n<!-- \/ Yoast SEO plugin. -->","yoast_head_json":{"title":"Appareil de test d'oxydation des huiles \u00e0 hautes temp\u00e9ratures TEOST - TANNAS - ASTM D6335 | DeltaLabo","robots":{"index":"noindex","follow":"follow","max-snippet":"max-snippet:-1","max-image-preview":"max-image-preview:large","max-video-preview":"max-video-preview:-1"},"og_locale":"fr_FR","og_type":"article","og_title":"Appareil de test d'oxydation des huiles \u00e0 hautes temp\u00e9ratures TEOST - TANNAS - ASTM D6335 | DeltaLabo","og_description":"Appareil de test d'oxydation des huiles \u00e0 hautes temp\u00e9ratures selon ASTM D6335, TANNAS mod\u00e8le TEOST :  L'appareil pour test d\u2019oxydation des huiles \u00e0 hautes temp\u00e9ratures TEOST est conforme aux normes ASTM D6335, ASTM D7097 et ASTM D8447.  Le TEOST est un appareil permettant de r\u00e9aliser le test d'oxydation des huiles de moteur \u00e0 hautes temp\u00e9ratures. Les tests effectu\u00e9s permettent de r\u00e9pondre aux sp\u00e9cifications ILSAC GF-2 et GF-5 ainsi que les sp\u00e9cifications API 'SJ' et 'SN'.  Le principe de fonctionnement de l'appareil est la simulation de la tendance aux huiles de moteurs \u00e0 la formation d'un d\u00e9p\u00f4t lors des oxydations de ces huiles \u00e0 des temp\u00e9ratures \u00e9lev\u00e9es.  T\u00e9l\u00e9charger la brochure produit : Appareil test oxydation huiles TANNAS TEOST  Visionner l\u2019utilisation du produit\u00a0: Appareil test oxydation huiles TANNAS TEOST","og_url":"https:\/\/webdesi-gn.fr\/dev_deltalabo\/produits\/cat-produit\/appareil-de-test-doxydation-des-huiles-a-hautes-temperatures-teost-tannas\/","og_site_name":"DeltaLabo","article_modified_time":"2025-11-24T12:58:50+00:00","og_image":[{"width":454,"height":452,"url":"https:\/\/webdesi-gn.fr\/dev_deltalabo\/wp-content\/uploads\/2024\/01\/DELTALABO-Test-doxydation-des-huiles-a-hautes-temperatures-TEOST-Tannas.jpg","type":"image\/jpeg"}],"twitter_card":"summary_large_image","twitter_misc":{"Dur\u00e9e de lecture estim\u00e9e":"1 minute"},"schema":{"@context":"https:\/\/schema.org","@graph":[{"@type":"WebPage","@id":"https:\/\/webdesi-gn.fr\/dev_deltalabo\/produits\/cat-produit\/appareil-de-test-doxydation-des-huiles-a-hautes-temperatures-teost-tannas\/","url":"https:\/\/webdesi-gn.fr\/dev_deltalabo\/produits\/cat-produit\/appareil-de-test-doxydation-des-huiles-a-hautes-temperatures-teost-tannas\/","name":"Appareil de test d'oxydation des huiles \u00e0 hautes temp\u00e9ratures TEOST - TANNAS - ASTM D6335 | DeltaLabo","isPartOf":{"@id":"https:\/\/webdesi-gn.fr\/dev_deltalabo\/#website"},"primaryImageOfPage":{"@id":"https:\/\/webdesi-gn.fr\/dev_deltalabo\/produits\/cat-produit\/appareil-de-test-doxydation-des-huiles-a-hautes-temperatures-teost-tannas\/#primaryimage"},"image":{"@id":"https:\/\/webdesi-gn.fr\/dev_deltalabo\/produits\/cat-produit\/appareil-de-test-doxydation-des-huiles-a-hautes-temperatures-teost-tannas\/#primaryimage"},"thumbnailUrl":"https:\/\/webdesi-gn.fr\/dev_deltalabo\/wp-content\/uploads\/2025\/11\/DELTALABO-Test-doxydation-des-huiles-a-hautes-temperatures-TEOST-Tannas.jpg","datePublished":"2024-01-08T09:14:33+00:00","dateModified":"2025-11-24T12:58:50+00:00","breadcrumb":{"@id":"https:\/\/webdesi-gn.fr\/dev_deltalabo\/produits\/cat-produit\/appareil-de-test-doxydation-des-huiles-a-hautes-temperatures-teost-tannas\/#breadcrumb"},"inLanguage":"fr-FR","potentialAction":[{"@type":"ReadAction","target":["https:\/\/webdesi-gn.fr\/dev_deltalabo\/produits\/cat-produit\/appareil-de-test-doxydation-des-huiles-a-hautes-temperatures-teost-tannas\/"]}]},{"@type":"ImageObject","inLanguage":"fr-FR","@id":"https:\/\/webdesi-gn.fr\/dev_deltalabo\/produits\/cat-produit\/appareil-de-test-doxydation-des-huiles-a-hautes-temperatures-teost-tannas\/#primaryimage","url":"https:\/\/webdesi-gn.fr\/dev_deltalabo\/wp-content\/uploads\/2025\/11\/DELTALABO-Test-doxydation-des-huiles-a-hautes-temperatures-TEOST-Tannas.jpg","contentUrl":"https:\/\/webdesi-gn.fr\/dev_deltalabo\/wp-content\/uploads\/2025\/11\/DELTALABO-Test-doxydation-des-huiles-a-hautes-temperatures-TEOST-Tannas.jpg","width":454,"height":452},{"@type":"BreadcrumbList","@id":"https:\/\/webdesi-gn.fr\/dev_deltalabo\/produits\/cat-produit\/appareil-de-test-doxydation-des-huiles-a-hautes-temperatures-teost-tannas\/#breadcrumb","itemListElement":[{"@type":"ListItem","position":1,"name":"Accueil","item":"https:\/\/webdesi-gn.fr\/dev_deltalabo\/"},{"@type":"ListItem","position":2,"name":"Produits","item":"https:\/\/webdesi-gn.fr\/dev_deltalabo\/produits\/"},{"@type":"ListItem","position":3,"name":"Appareil de test d&rsquo;oxydation des huiles \u00e0 hautes temp\u00e9ratures TEOST &#8211; TANNAS &#8211; ASTM D6335"}]},{"@type":"WebSite","@id":"https:\/\/webdesi-gn.fr\/dev_deltalabo\/#website","url":"https:\/\/webdesi-gn.fr\/dev_deltalabo\/","name":"Delta Labo","description":"Un site utilisant WordPress","publisher":{"@id":"https:\/\/webdesi-gn.fr\/dev_deltalabo\/#organization"},"alternateName":"Delta Labo","potentialAction":[{"@type":"SearchAction","target":{"@type":"EntryPoint","urlTemplate":"https:\/\/webdesi-gn.fr\/dev_deltalabo\/?s={search_term_string}"},"query-input":{"@type":"PropertyValueSpecification","valueRequired":true,"valueName":"search_term_string"}}],"inLanguage":"fr-FR"},{"@type":"Organization","@id":"https:\/\/webdesi-gn.fr\/dev_deltalabo\/#organization","name":"DeltaLabo","url":"https:\/\/webdesi-gn.fr\/dev_deltalabo\/","logo":{"@type":"ImageObject","inLanguage":"fr-FR","@id":"https:\/\/webdesi-gn.fr\/dev_deltalabo\/#\/schema\/logo\/image\/","url":"https:\/\/webdesi-gn.fr\/dev_deltalabo\/wp-content\/uploads\/2022\/07\/logo-deltalabo.png","contentUrl":"https:\/\/webdesi-gn.fr\/dev_deltalabo\/wp-content\/uploads\/2022\/07\/logo-deltalabo.png","width":694,"height":306,"caption":"DeltaLabo"},"image":{"@id":"https:\/\/webdesi-gn.fr\/dev_deltalabo\/#\/schema\/logo\/image\/"}}]}},"_links":{"self":[{"href":"https:\/\/webdesi-gn.fr\/dev_deltalabo\/wp-json\/wp\/v2\/product\/255457","targetHints":{"allow":["GET"]}}],"collection":[{"href":"https:\/\/webdesi-gn.fr\/dev_deltalabo\/wp-json\/wp\/v2\/product"}],"about":[{"href":"https:\/\/webdesi-gn.fr\/dev_deltalabo\/wp-json\/wp\/v2\/types\/product"}],"wp:featuredmedia":[{"embeddable":true,"href":"https:\/\/webdesi-gn.fr\/dev_deltalabo\/wp-json\/wp\/v2\/media\/262343"}],"wp:attachment":[{"href":"https:\/\/webdesi-gn.fr\/dev_deltalabo\/wp-json\/wp\/v2\/media?parent=255457"}],"wp:term":[{"taxonomy":"domaine","embeddable":true,"href":"https:\/\/webdesi-gn.fr\/dev_deltalabo\/wp-json\/wp\/v2\/domaine?post=255457"},{"taxonomy":"normes","embeddable":true,"href":"https:\/\/webdesi-gn.fr\/dev_deltalabo\/wp-json\/wp\/v2\/normes?post=255457"},{"taxonomy":"product_brand","embeddable":true,"href":"https:\/\/webdesi-gn.fr\/dev_deltalabo\/wp-json\/wp\/v2\/product_brand?post=255457"},{"taxonomy":"product_cat","embeddable":true,"href":"https:\/\/webdesi-gn.fr\/dev_deltalabo\/wp-json\/wp\/v2\/product_cat?post=255457"},{"taxonomy":"product_tag","embeddable":true,"href":"https:\/\/webdesi-gn.fr\/dev_deltalabo\/wp-json\/wp\/v2\/product_tag?post=255457"}],"curies":[{"name":"wp","href":"https:\/\/api.w.org\/{rel}","templated":true}]}}