{"id":255470,"date":"2024-01-08T10:37:10","date_gmt":"2024-01-08T09:37:10","guid":{"rendered":"https:\/\/webdesi-gn.fr\/dev_deltalabo\/?post_type=product&#038;p=255470"},"modified":"2025-11-24T13:58:32","modified_gmt":"2025-11-24T12:58:32","slug":"analyseur-dhydrocarbures-pour-eaux-et-sols-haute-sensibilite","status":"publish","type":"product","link":"https:\/\/webdesi-gn.fr\/dev_deltalabo\/produits\/cat-produit\/analyseur-dhydrocarbures-pour-eaux-et-sols-haute-sensibilite\/","title":{"rendered":"Analyseur d&rsquo;hydrocarbures pour eaux et sols, haute sensibilit\u00e9 SPECTRO SCIENTIFIC"},"content":{"rendered":"<div class=\"ast-oembed-container \" style=\"height: 100%;\"><iframe title=\"ATR B E\" width=\"500\" height=\"281\" src=\"https:\/\/www.youtube.com\/embed\/TkbrjTNyXbM?feature=oembed\" frameborder=\"0\" allow=\"accelerometer; autoplay; clipboard-write; encrypted-media; gyroscope; picture-in-picture; web-share\" referrerpolicy=\"strict-origin-when-cross-origin\" allowfullscreen><\/iframe><\/div>\n","protected":false},"excerpt":{"rendered":"<p><strong>Analyseur d&rsquo;hydrocarbures dans les eaux et les sols, haute sensibilit\u00e9 SPECTRO SCIENTIFIC :<\/strong><\/p>\n<p>L&rsquo;analyseur d&rsquo;hydrocarbures INFRACAL 2 TRANS-SP est un instrument simple et robuste destin\u00e9 aux contr\u00f4les environnementaux de routine au niveau des raffineries, des plate formes p\u00e9troli\u00e8res, des sites de pompage, des terminaux, des d\u00e9p\u00f4ts etc&#8230;<\/p>\n<p>Il permet d&rsquo;analyser les traces d&rsquo;hydrocarbures dans les effluents aqueux (0,1 \u00e0 1000ppm) ou dans les sols (1 \u00e0 5000ppm) selon ASTM D7066, avec les solvants d&rsquo;extraction Fr\u00e9on-113, perchloro\u00e9thyl\u00e8ne, AK-225 ou S-116.<\/p>\n<p>L&rsquo;INFRACAL 2 TRANS-SP permet de d\u00e9tecter des traces d&rsquo;hydrocarbures en 10-15min. L&rsquo;appareil est enti\u00e8rement autonome et de type \u00ab\u00a0presse bouton\u00a0\u00bb.<\/p>\n<p><strong>T\u00e9l\u00e9charger la brochure produit :<\/strong> <a href=\"https:\/\/www.deltalabo.fr\/wp-content\/uploads\/2025\/02\/Doc-InfraCal-2-ATR-SP-Trans-SP-oil-in-water-soil-engl-DL-1.pdf\">Analyseur d&rsquo;hydrocarbures Spectro Scientific<\/a><\/p>\n<p><strong>Visualiser la video Infracal 2 TRANS-SP :<\/strong> <a href=\"https:\/\/youtu.be\/m6vnl9X7BbU\">Analyseur d&rsquo;hydrocarbures Spectro Scientific<\/a><\/p>\n","protected":false},"featured_media":262340,"template":"","meta":{"_acf_changed":false,"site-sidebar-layout":"default","site-content-layout":"","ast-site-content-layout":"default","site-content-style":"default","site-sidebar-style":"default","ast-global-header-display":"","ast-banner-title-visibility":"","ast-main-header-display":"","ast-hfb-above-header-display":"","ast-hfb-below-header-display":"","ast-hfb-mobile-header-display":"","site-post-title":"","ast-breadcrumbs-content":"","ast-featured-img":"","footer-sml-layout":"","ast-disable-related-posts":"","theme-transparent-header-meta":"","adv-header-id-meta":"","stick-header-meta":"","header-above-stick-meta":"","header-main-stick-meta":"","header-below-stick-meta":"","astra-migrate-meta-layouts":"default","ast-page-background-enabled":"default","ast-page-background-meta":{"desktop":{"background-color":"var(--ast-global-color-5)","background-image":"","background-repeat":"repeat","background-position":"center center","background-size":"auto","background-attachment":"scroll","background-type":"","background-media":"","overlay-type":"","overlay-color":"","overlay-opacity":"","overlay-gradient":""},"tablet":{"background-color":"","background-image":"","background-repeat":"repeat","background-position":"center center","background-size":"auto","background-attachment":"scroll","background-type":"","background-media":"","overlay-type":"","overlay-color":"","overlay-opacity":"","overlay-gradient":""},"mobile":{"background-color":"","background-image":"","background-repeat":"repeat","background-position":"center center","background-size":"auto","background-attachment":"scroll","background-type":"","background-media":"","overlay-type":"","overlay-color":"","overlay-opacity":"","overlay-gradient":""}},"ast-content-background-meta":{"desktop":{"background-color":"var(--ast-global-color-4)","background-image":"","background-repeat":"repeat","background-position":"center center","background-size":"auto","background-attachment":"scroll","background-type":"","background-media":"","overlay-type":"","overlay-color":"","overlay-opacity":"","overlay-gradient":""},"tablet":{"background-color":"var(--ast-global-color-4)","background-image":"","background-repeat":"repeat","background-position":"center center","background-size":"auto","background-attachment":"scroll","background-type":"","background-media":"","overlay-type":"","overlay-color":"","overlay-opacity":"","overlay-gradient":""},"mobile":{"background-color":"var(--ast-global-color-4)","background-image":"","background-repeat":"repeat","background-position":"center center","background-size":"auto","background-attachment":"scroll","background-type":"","background-media":"","overlay-type":"","overlay-color":"","overlay-opacity":"","overlay-gradient":""}}},"domaine":[],"normes":[3371,17135],"product_brand":[],"product_cat":[15],"product_tag":[],"class_list":{"0":"post-255470","1":"product","2":"type-product","3":"status-publish","4":"has-post-thumbnail","6":"normes-d7066","7":"normes-din-51562","8":"product_cat-cat-produit","9":"desktop-align-left","10":"tablet-align-left","11":"mobile-align-left","13":"first","14":"instock","15":"shipping-taxable","16":"purchasable","17":"product-type-simple"},"acf":[],"yoast_head":"<!-- This site is optimized with the Yoast SEO plugin v27.4 - https:\/\/yoast.com\/product\/yoast-seo-wordpress\/ -->\n<title>Analyseur d&#039;hydrocarbures pour eaux et sols, haute sensibilit\u00e9 SPECTRO SCIENTIFIC | DeltaLabo<\/title>\n<meta name=\"robots\" content=\"noindex, follow, max-snippet:-1, max-image-preview:large, max-video-preview:-1\" \/>\n<meta property=\"og:locale\" content=\"fr_FR\" \/>\n<meta property=\"og:type\" content=\"article\" \/>\n<meta property=\"og:title\" content=\"Analyseur d&#039;hydrocarbures pour eaux et sols, haute sensibilit\u00e9 SPECTRO SCIENTIFIC | DeltaLabo\" \/>\n<meta property=\"og:description\" content=\"Analyseur d&#039;hydrocarbures dans les eaux et les sols, haute sensibilit\u00e9 SPECTRO SCIENTIFIC :  L&#039;analyseur d&#039;hydrocarbures INFRACAL 2 TRANS-SP est un instrument simple et robuste destin\u00e9 aux contr\u00f4les environnementaux de routine au niveau des raffineries, des plate formes p\u00e9troli\u00e8res, des sites de pompage, des terminaux, des d\u00e9p\u00f4ts etc...  Il permet d&#039;analyser les traces d&#039;hydrocarbures dans les effluents aqueux (0,1 \u00e0 1000ppm) ou dans les sols (1 \u00e0 5000ppm) selon ASTM D7066, avec les solvants d&#039;extraction Fr\u00e9on-113, perchloro\u00e9thyl\u00e8ne, AK-225 ou S-116.  L&#039;INFRACAL 2 TRANS-SP permet de d\u00e9tecter des traces d&#039;hydrocarbures en 10-15min. L&#039;appareil est enti\u00e8rement autonome et de type &quot;presse bouton&quot;.  T\u00e9l\u00e9charger la brochure produit : Analyseur d&#039;hydrocarbures Spectro Scientific  Visualiser la video Infracal 2 TRANS-SP : Analyseur d&#039;hydrocarbures Spectro Scientific\" \/>\n<meta property=\"og:url\" content=\"https:\/\/webdesi-gn.fr\/dev_deltalabo\/produits\/cat-produit\/analyseur-dhydrocarbures-pour-eaux-et-sols-haute-sensibilite\/\" \/>\n<meta property=\"og:site_name\" content=\"DeltaLabo\" \/>\n<meta property=\"article:modified_time\" content=\"2025-11-24T12:58:32+00:00\" \/>\n<meta property=\"og:image\" content=\"https:\/\/webdesi-gn.fr\/dev_deltalabo\/wp-content\/uploads\/2024\/01\/DELTALABO-Analyseur-dhydrocarbures-haute-sensibilite-Infracal-2-TRANS-SP.jpg\" \/>\n\t<meta property=\"og:image:width\" content=\"547\" \/>\n\t<meta property=\"og:image:height\" content=\"484\" \/>\n\t<meta property=\"og:image:type\" content=\"image\/jpeg\" \/>\n<meta name=\"twitter:card\" content=\"summary_large_image\" \/>\n<meta name=\"twitter:label1\" content=\"Dur\u00e9e de lecture estim\u00e9e\" \/>\n\t<meta name=\"twitter:data1\" content=\"1 minute\" \/>\n<script type=\"application\/ld+json\" class=\"yoast-schema-graph\">{\"@context\":\"https:\\\/\\\/schema.org\",\"@graph\":[{\"@type\":\"WebPage\",\"@id\":\"https:\\\/\\\/webdesi-gn.fr\\\/dev_deltalabo\\\/produits\\\/cat-produit\\\/analyseur-dhydrocarbures-pour-eaux-et-sols-haute-sensibilite\\\/\",\"url\":\"https:\\\/\\\/webdesi-gn.fr\\\/dev_deltalabo\\\/produits\\\/cat-produit\\\/analyseur-dhydrocarbures-pour-eaux-et-sols-haute-sensibilite\\\/\",\"name\":\"Analyseur d'hydrocarbures pour eaux et sols, haute sensibilit\u00e9 SPECTRO SCIENTIFIC | DeltaLabo\",\"isPartOf\":{\"@id\":\"https:\\\/\\\/webdesi-gn.fr\\\/dev_deltalabo\\\/#website\"},\"primaryImageOfPage\":{\"@id\":\"https:\\\/\\\/webdesi-gn.fr\\\/dev_deltalabo\\\/produits\\\/cat-produit\\\/analyseur-dhydrocarbures-pour-eaux-et-sols-haute-sensibilite\\\/#primaryimage\"},\"image\":{\"@id\":\"https:\\\/\\\/webdesi-gn.fr\\\/dev_deltalabo\\\/produits\\\/cat-produit\\\/analyseur-dhydrocarbures-pour-eaux-et-sols-haute-sensibilite\\\/#primaryimage\"},\"thumbnailUrl\":\"https:\\\/\\\/webdesi-gn.fr\\\/dev_deltalabo\\\/wp-content\\\/uploads\\\/2025\\\/11\\\/DELTALABO-Analyseur-dhydrocarbures-haute-sensibilite-Infracal-2-TRANS-SP.jpg\",\"datePublished\":\"2024-01-08T09:37:10+00:00\",\"dateModified\":\"2025-11-24T12:58:32+00:00\",\"breadcrumb\":{\"@id\":\"https:\\\/\\\/webdesi-gn.fr\\\/dev_deltalabo\\\/produits\\\/cat-produit\\\/analyseur-dhydrocarbures-pour-eaux-et-sols-haute-sensibilite\\\/#breadcrumb\"},\"inLanguage\":\"fr-FR\",\"potentialAction\":[{\"@type\":\"ReadAction\",\"target\":[\"https:\\\/\\\/webdesi-gn.fr\\\/dev_deltalabo\\\/produits\\\/cat-produit\\\/analyseur-dhydrocarbures-pour-eaux-et-sols-haute-sensibilite\\\/\"]}]},{\"@type\":\"ImageObject\",\"inLanguage\":\"fr-FR\",\"@id\":\"https:\\\/\\\/webdesi-gn.fr\\\/dev_deltalabo\\\/produits\\\/cat-produit\\\/analyseur-dhydrocarbures-pour-eaux-et-sols-haute-sensibilite\\\/#primaryimage\",\"url\":\"https:\\\/\\\/webdesi-gn.fr\\\/dev_deltalabo\\\/wp-content\\\/uploads\\\/2025\\\/11\\\/DELTALABO-Analyseur-dhydrocarbures-haute-sensibilite-Infracal-2-TRANS-SP.jpg\",\"contentUrl\":\"https:\\\/\\\/webdesi-gn.fr\\\/dev_deltalabo\\\/wp-content\\\/uploads\\\/2025\\\/11\\\/DELTALABO-Analyseur-dhydrocarbures-haute-sensibilite-Infracal-2-TRANS-SP.jpg\",\"width\":547,\"height\":484},{\"@type\":\"BreadcrumbList\",\"@id\":\"https:\\\/\\\/webdesi-gn.fr\\\/dev_deltalabo\\\/produits\\\/cat-produit\\\/analyseur-dhydrocarbures-pour-eaux-et-sols-haute-sensibilite\\\/#breadcrumb\",\"itemListElement\":[{\"@type\":\"ListItem\",\"position\":1,\"name\":\"Accueil\",\"item\":\"https:\\\/\\\/webdesi-gn.fr\\\/dev_deltalabo\\\/\"},{\"@type\":\"ListItem\",\"position\":2,\"name\":\"Produits\",\"item\":\"https:\\\/\\\/webdesi-gn.fr\\\/dev_deltalabo\\\/produits\\\/\"},{\"@type\":\"ListItem\",\"position\":3,\"name\":\"Analyseur d&rsquo;hydrocarbures pour eaux et sols, haute sensibilit\u00e9 SPECTRO SCIENTIFIC\"}]},{\"@type\":\"WebSite\",\"@id\":\"https:\\\/\\\/webdesi-gn.fr\\\/dev_deltalabo\\\/#website\",\"url\":\"https:\\\/\\\/webdesi-gn.fr\\\/dev_deltalabo\\\/\",\"name\":\"Delta Labo\",\"description\":\"Un site utilisant WordPress\",\"publisher\":{\"@id\":\"https:\\\/\\\/webdesi-gn.fr\\\/dev_deltalabo\\\/#organization\"},\"alternateName\":\"Delta Labo\",\"potentialAction\":[{\"@type\":\"SearchAction\",\"target\":{\"@type\":\"EntryPoint\",\"urlTemplate\":\"https:\\\/\\\/webdesi-gn.fr\\\/dev_deltalabo\\\/?s={search_term_string}\"},\"query-input\":{\"@type\":\"PropertyValueSpecification\",\"valueRequired\":true,\"valueName\":\"search_term_string\"}}],\"inLanguage\":\"fr-FR\"},{\"@type\":\"Organization\",\"@id\":\"https:\\\/\\\/webdesi-gn.fr\\\/dev_deltalabo\\\/#organization\",\"name\":\"DeltaLabo\",\"url\":\"https:\\\/\\\/webdesi-gn.fr\\\/dev_deltalabo\\\/\",\"logo\":{\"@type\":\"ImageObject\",\"inLanguage\":\"fr-FR\",\"@id\":\"https:\\\/\\\/webdesi-gn.fr\\\/dev_deltalabo\\\/#\\\/schema\\\/logo\\\/image\\\/\",\"url\":\"https:\\\/\\\/webdesi-gn.fr\\\/dev_deltalabo\\\/wp-content\\\/uploads\\\/2022\\\/07\\\/logo-deltalabo.png\",\"contentUrl\":\"https:\\\/\\\/webdesi-gn.fr\\\/dev_deltalabo\\\/wp-content\\\/uploads\\\/2022\\\/07\\\/logo-deltalabo.png\",\"width\":694,\"height\":306,\"caption\":\"DeltaLabo\"},\"image\":{\"@id\":\"https:\\\/\\\/webdesi-gn.fr\\\/dev_deltalabo\\\/#\\\/schema\\\/logo\\\/image\\\/\"}}]}<\/script>\n<!-- \/ Yoast SEO plugin. -->","yoast_head_json":{"title":"Analyseur d'hydrocarbures pour eaux et sols, haute sensibilit\u00e9 SPECTRO SCIENTIFIC | DeltaLabo","robots":{"index":"noindex","follow":"follow","max-snippet":"max-snippet:-1","max-image-preview":"max-image-preview:large","max-video-preview":"max-video-preview:-1"},"og_locale":"fr_FR","og_type":"article","og_title":"Analyseur d'hydrocarbures pour eaux et sols, haute sensibilit\u00e9 SPECTRO SCIENTIFIC | DeltaLabo","og_description":"Analyseur d'hydrocarbures dans les eaux et les sols, haute sensibilit\u00e9 SPECTRO SCIENTIFIC :  L'analyseur d'hydrocarbures INFRACAL 2 TRANS-SP est un instrument simple et robuste destin\u00e9 aux contr\u00f4les environnementaux de routine au niveau des raffineries, des plate formes p\u00e9troli\u00e8res, des sites de pompage, des terminaux, des d\u00e9p\u00f4ts etc...  Il permet d'analyser les traces d'hydrocarbures dans les effluents aqueux (0,1 \u00e0 1000ppm) ou dans les sols (1 \u00e0 5000ppm) selon ASTM D7066, avec les solvants d'extraction Fr\u00e9on-113, perchloro\u00e9thyl\u00e8ne, AK-225 ou S-116.  L'INFRACAL 2 TRANS-SP permet de d\u00e9tecter des traces d'hydrocarbures en 10-15min. L'appareil est enti\u00e8rement autonome et de type \"presse bouton\".  T\u00e9l\u00e9charger la brochure produit : Analyseur d'hydrocarbures Spectro Scientific  Visualiser la video Infracal 2 TRANS-SP : Analyseur d'hydrocarbures Spectro Scientific","og_url":"https:\/\/webdesi-gn.fr\/dev_deltalabo\/produits\/cat-produit\/analyseur-dhydrocarbures-pour-eaux-et-sols-haute-sensibilite\/","og_site_name":"DeltaLabo","article_modified_time":"2025-11-24T12:58:32+00:00","og_image":[{"width":547,"height":484,"url":"https:\/\/webdesi-gn.fr\/dev_deltalabo\/wp-content\/uploads\/2024\/01\/DELTALABO-Analyseur-dhydrocarbures-haute-sensibilite-Infracal-2-TRANS-SP.jpg","type":"image\/jpeg"}],"twitter_card":"summary_large_image","twitter_misc":{"Dur\u00e9e de lecture estim\u00e9e":"1 minute"},"schema":{"@context":"https:\/\/schema.org","@graph":[{"@type":"WebPage","@id":"https:\/\/webdesi-gn.fr\/dev_deltalabo\/produits\/cat-produit\/analyseur-dhydrocarbures-pour-eaux-et-sols-haute-sensibilite\/","url":"https:\/\/webdesi-gn.fr\/dev_deltalabo\/produits\/cat-produit\/analyseur-dhydrocarbures-pour-eaux-et-sols-haute-sensibilite\/","name":"Analyseur d'hydrocarbures pour eaux et sols, haute sensibilit\u00e9 SPECTRO SCIENTIFIC | DeltaLabo","isPartOf":{"@id":"https:\/\/webdesi-gn.fr\/dev_deltalabo\/#website"},"primaryImageOfPage":{"@id":"https:\/\/webdesi-gn.fr\/dev_deltalabo\/produits\/cat-produit\/analyseur-dhydrocarbures-pour-eaux-et-sols-haute-sensibilite\/#primaryimage"},"image":{"@id":"https:\/\/webdesi-gn.fr\/dev_deltalabo\/produits\/cat-produit\/analyseur-dhydrocarbures-pour-eaux-et-sols-haute-sensibilite\/#primaryimage"},"thumbnailUrl":"https:\/\/webdesi-gn.fr\/dev_deltalabo\/wp-content\/uploads\/2025\/11\/DELTALABO-Analyseur-dhydrocarbures-haute-sensibilite-Infracal-2-TRANS-SP.jpg","datePublished":"2024-01-08T09:37:10+00:00","dateModified":"2025-11-24T12:58:32+00:00","breadcrumb":{"@id":"https:\/\/webdesi-gn.fr\/dev_deltalabo\/produits\/cat-produit\/analyseur-dhydrocarbures-pour-eaux-et-sols-haute-sensibilite\/#breadcrumb"},"inLanguage":"fr-FR","potentialAction":[{"@type":"ReadAction","target":["https:\/\/webdesi-gn.fr\/dev_deltalabo\/produits\/cat-produit\/analyseur-dhydrocarbures-pour-eaux-et-sols-haute-sensibilite\/"]}]},{"@type":"ImageObject","inLanguage":"fr-FR","@id":"https:\/\/webdesi-gn.fr\/dev_deltalabo\/produits\/cat-produit\/analyseur-dhydrocarbures-pour-eaux-et-sols-haute-sensibilite\/#primaryimage","url":"https:\/\/webdesi-gn.fr\/dev_deltalabo\/wp-content\/uploads\/2025\/11\/DELTALABO-Analyseur-dhydrocarbures-haute-sensibilite-Infracal-2-TRANS-SP.jpg","contentUrl":"https:\/\/webdesi-gn.fr\/dev_deltalabo\/wp-content\/uploads\/2025\/11\/DELTALABO-Analyseur-dhydrocarbures-haute-sensibilite-Infracal-2-TRANS-SP.jpg","width":547,"height":484},{"@type":"BreadcrumbList","@id":"https:\/\/webdesi-gn.fr\/dev_deltalabo\/produits\/cat-produit\/analyseur-dhydrocarbures-pour-eaux-et-sols-haute-sensibilite\/#breadcrumb","itemListElement":[{"@type":"ListItem","position":1,"name":"Accueil","item":"https:\/\/webdesi-gn.fr\/dev_deltalabo\/"},{"@type":"ListItem","position":2,"name":"Produits","item":"https:\/\/webdesi-gn.fr\/dev_deltalabo\/produits\/"},{"@type":"ListItem","position":3,"name":"Analyseur d&rsquo;hydrocarbures pour eaux et sols, haute sensibilit\u00e9 SPECTRO SCIENTIFIC"}]},{"@type":"WebSite","@id":"https:\/\/webdesi-gn.fr\/dev_deltalabo\/#website","url":"https:\/\/webdesi-gn.fr\/dev_deltalabo\/","name":"Delta Labo","description":"Un site utilisant WordPress","publisher":{"@id":"https:\/\/webdesi-gn.fr\/dev_deltalabo\/#organization"},"alternateName":"Delta Labo","potentialAction":[{"@type":"SearchAction","target":{"@type":"EntryPoint","urlTemplate":"https:\/\/webdesi-gn.fr\/dev_deltalabo\/?s={search_term_string}"},"query-input":{"@type":"PropertyValueSpecification","valueRequired":true,"valueName":"search_term_string"}}],"inLanguage":"fr-FR"},{"@type":"Organization","@id":"https:\/\/webdesi-gn.fr\/dev_deltalabo\/#organization","name":"DeltaLabo","url":"https:\/\/webdesi-gn.fr\/dev_deltalabo\/","logo":{"@type":"ImageObject","inLanguage":"fr-FR","@id":"https:\/\/webdesi-gn.fr\/dev_deltalabo\/#\/schema\/logo\/image\/","url":"https:\/\/webdesi-gn.fr\/dev_deltalabo\/wp-content\/uploads\/2022\/07\/logo-deltalabo.png","contentUrl":"https:\/\/webdesi-gn.fr\/dev_deltalabo\/wp-content\/uploads\/2022\/07\/logo-deltalabo.png","width":694,"height":306,"caption":"DeltaLabo"},"image":{"@id":"https:\/\/webdesi-gn.fr\/dev_deltalabo\/#\/schema\/logo\/image\/"}}]}},"_links":{"self":[{"href":"https:\/\/webdesi-gn.fr\/dev_deltalabo\/wp-json\/wp\/v2\/product\/255470","targetHints":{"allow":["GET"]}}],"collection":[{"href":"https:\/\/webdesi-gn.fr\/dev_deltalabo\/wp-json\/wp\/v2\/product"}],"about":[{"href":"https:\/\/webdesi-gn.fr\/dev_deltalabo\/wp-json\/wp\/v2\/types\/product"}],"wp:featuredmedia":[{"embeddable":true,"href":"https:\/\/webdesi-gn.fr\/dev_deltalabo\/wp-json\/wp\/v2\/media\/262340"}],"wp:attachment":[{"href":"https:\/\/webdesi-gn.fr\/dev_deltalabo\/wp-json\/wp\/v2\/media?parent=255470"}],"wp:term":[{"taxonomy":"domaine","embeddable":true,"href":"https:\/\/webdesi-gn.fr\/dev_deltalabo\/wp-json\/wp\/v2\/domaine?post=255470"},{"taxonomy":"normes","embeddable":true,"href":"https:\/\/webdesi-gn.fr\/dev_deltalabo\/wp-json\/wp\/v2\/normes?post=255470"},{"taxonomy":"product_brand","embeddable":true,"href":"https:\/\/webdesi-gn.fr\/dev_deltalabo\/wp-json\/wp\/v2\/product_brand?post=255470"},{"taxonomy":"product_cat","embeddable":true,"href":"https:\/\/webdesi-gn.fr\/dev_deltalabo\/wp-json\/wp\/v2\/product_cat?post=255470"},{"taxonomy":"product_tag","embeddable":true,"href":"https:\/\/webdesi-gn.fr\/dev_deltalabo\/wp-json\/wp\/v2\/product_tag?post=255470"}],"curies":[{"name":"wp","href":"https:\/\/api.w.org\/{rel}","templated":true}]}}