{"id":255476,"date":"2024-01-08T10:45:28","date_gmt":"2024-01-08T09:45:28","guid":{"rendered":"https:\/\/webdesi-gn.fr\/dev_deltalabo\/?post_type=product&#038;p=255476"},"modified":"2025-11-24T16:11:13","modified_gmt":"2025-11-24T15:11:13","slug":"centrifugeuse-pour-produits-petroliers-thermostatee-a-6-positions","status":"publish","type":"product","link":"https:\/\/webdesi-gn.fr\/dev_deltalabo\/produits\/cat-produit\/centrifugeuse-pour-produits-petroliers-thermostatee-a-6-positions\/","title":{"rendered":"Centrifugeuse pour produits p\u00e9troliers thermostat\u00e9e \u00e0 6 positions STANHOPE SETA &#8211; Setafuge"},"content":{"rendered":"","protected":false},"excerpt":{"rendered":"<p><strong>Centrifugeuse pour produits p\u00e9troliers thermostat\u00e9e \u00e0 6 positions STANHOPE SETA &#8211; Setafuge :<\/strong><\/p>\n<p>La centrifugeuse pour produits p\u00e9troliers thermostat\u00e9e \u00e0 6 positions STANHOPE SETA &#8211; Setafuge a \u00e9t\u00e9 sp\u00e9cialement con\u00e7ue pour les tests sur les produits p\u00e9troliers.<\/p>\n<p>Elle est rigoureusement conforme aux normes ASTM D1290, ASTM D1796, ASTM D2273, ASTM D2709, ASTM D2711, ASTM D4007, ASTM D893, ASTM D91, ISO 3734, ISO 9030 et ISO 15031.<\/p>\n<p>Sa vitesse est contr\u00f4l\u00e9e par microprocesseur d&rsquo;o\u00f9 un niveau sonore particuli\u00e8rement r\u00e9duit. Sa temp\u00e9rature est r\u00e9glable de 30\u00b0C \u00e0 80\u00b0C et il est possible de pr\u00e9 chauffer la chambre. Toutes les s\u00e9curit\u00e9s sont install\u00e9es sur cette centrifugeuse : s\u00e9curit\u00e9 couvercle, d\u00e9tecteur antibalourd, s\u00e9curit\u00e9 de surchauffe du moteur, s\u00e9curit\u00e9 de surchauffe de la temp\u00e9rature de la cuve.<\/p>\n<p>Sa construction compacte limite l&rsquo;encombrement.<\/p>\n<p><strong>T\u00e9l\u00e9charger la brochure produit :<\/strong> <a href=\"https:\/\/www.deltalabo.fr\/wp-content\/uploads\/2025\/06\/Centrifuge-4-positions-eng-DL-2025.pdf\">Centrifugeuse Seta Oil Setafuge \u00e0 6 positions<\/a><\/p>\n","protected":false},"featured_media":262337,"template":"","meta":{"_acf_changed":false,"site-sidebar-layout":"default","site-content-layout":"","ast-site-content-layout":"default","site-content-style":"default","site-sidebar-style":"default","ast-global-header-display":"","ast-banner-title-visibility":"","ast-main-header-display":"","ast-hfb-above-header-display":"","ast-hfb-below-header-display":"","ast-hfb-mobile-header-display":"","site-post-title":"","ast-breadcrumbs-content":"","ast-featured-img":"","footer-sml-layout":"","ast-disable-related-posts":"","theme-transparent-header-meta":"default","adv-header-id-meta":"","stick-header-meta":"","header-above-stick-meta":"","header-main-stick-meta":"","header-below-stick-meta":"","astra-migrate-meta-layouts":"set","ast-page-background-enabled":"default","ast-page-background-meta":{"desktop":{"background-color":"var(--ast-global-color-5)","background-image":"","background-repeat":"repeat","background-position":"center center","background-size":"auto","background-attachment":"scroll","background-type":"","background-media":"","overlay-type":"","overlay-color":"","overlay-opacity":"","overlay-gradient":""},"tablet":{"background-color":"","background-image":"","background-repeat":"repeat","background-position":"center center","background-size":"auto","background-attachment":"scroll","background-type":"","background-media":"","overlay-type":"","overlay-color":"","overlay-opacity":"","overlay-gradient":""},"mobile":{"background-color":"","background-image":"","background-repeat":"repeat","background-position":"center center","background-size":"auto","background-attachment":"scroll","background-type":"","background-media":"","overlay-type":"","overlay-color":"","overlay-opacity":"","overlay-gradient":""}},"ast-content-background-meta":{"desktop":{"background-color":"var(--ast-global-color-4)","background-image":"","background-repeat":"repeat","background-position":"center center","background-size":"auto","background-attachment":"scroll","background-type":"","background-media":"","overlay-type":"","overlay-color":"","overlay-opacity":"","overlay-gradient":""},"tablet":{"background-color":"var(--ast-global-color-4)","background-image":"","background-repeat":"repeat","background-position":"center center","background-size":"auto","background-attachment":"scroll","background-type":"","background-media":"","overlay-type":"","overlay-color":"","overlay-opacity":"","overlay-gradient":""},"mobile":{"background-color":"var(--ast-global-color-4)","background-image":"","background-repeat":"repeat","background-position":"center center","background-size":"auto","background-attachment":"scroll","background-type":"","background-media":"","overlay-type":"","overlay-color":"","overlay-opacity":"","overlay-gradient":""}}},"domaine":[],"normes":[3295,3308,3314,3320,3321,3331,3394,3395,17135,17099,17111,17124],"product_brand":[],"product_cat":[15],"product_tag":[],"class_list":{"0":"post-255476","1":"product","2":"type-product","3":"status-publish","4":"has-post-thumbnail","6":"normes-d1290","7":"normes-d1796","8":"normes-d2273","9":"normes-d2709","10":"normes-d2711","11":"normes-d4007","12":"normes-d893","13":"normes-d91","14":"normes-din-51562","15":"normes-iso-15031","16":"normes-iso-3734","17":"normes-iso-9030","18":"product_cat-cat-produit","19":"desktop-align-left","20":"tablet-align-left","21":"mobile-align-left","23":"first","24":"instock","25":"shipping-taxable","26":"product-type-simple"},"acf":[],"yoast_head":"<!-- This site is optimized with the Yoast SEO plugin v27.4 - https:\/\/yoast.com\/product\/yoast-seo-wordpress\/ -->\n<title>Centrifugeuse pour produits p\u00e9troliers thermostat\u00e9e \u00e0 6 positions STANHOPE SETA - Setafuge | DeltaLabo<\/title>\n<meta name=\"robots\" content=\"noindex, follow, max-snippet:-1, max-image-preview:large, max-video-preview:-1\" \/>\n<meta property=\"og:locale\" content=\"fr_FR\" \/>\n<meta property=\"og:type\" content=\"article\" \/>\n<meta property=\"og:title\" content=\"Centrifugeuse pour produits p\u00e9troliers thermostat\u00e9e \u00e0 6 positions STANHOPE SETA - Setafuge | DeltaLabo\" \/>\n<meta property=\"og:description\" content=\"Centrifugeuse pour produits p\u00e9troliers thermostat\u00e9e \u00e0 6 positions STANHOPE SETA - Setafuge :  La centrifugeuse pour produits p\u00e9troliers thermostat\u00e9e \u00e0 6 positions STANHOPE SETA - Setafuge a \u00e9t\u00e9 sp\u00e9cialement con\u00e7ue pour les tests sur les produits p\u00e9troliers.  Elle est rigoureusement conforme aux normes ASTM D1290, ASTM D1796, ASTM D2273, ASTM D2709, ASTM D2711, ASTM D4007, ASTM D893, ASTM D91, ISO 3734, ISO 9030 et ISO 15031.  Sa vitesse est contr\u00f4l\u00e9e par microprocesseur d&#039;o\u00f9 un niveau sonore particuli\u00e8rement r\u00e9duit. Sa temp\u00e9rature est r\u00e9glable de 30\u00b0C \u00e0 80\u00b0C et il est possible de pr\u00e9 chauffer la chambre. Toutes les s\u00e9curit\u00e9s sont install\u00e9es sur cette centrifugeuse : s\u00e9curit\u00e9 couvercle, d\u00e9tecteur antibalourd, s\u00e9curit\u00e9 de surchauffe du moteur, s\u00e9curit\u00e9 de surchauffe de la temp\u00e9rature de la cuve.  Sa construction compacte limite l&#039;encombrement.  T\u00e9l\u00e9charger la brochure produit : Centrifugeuse Seta Oil Setafuge \u00e0 6 positions\" \/>\n<meta property=\"og:url\" content=\"https:\/\/webdesi-gn.fr\/dev_deltalabo\/produits\/cat-produit\/centrifugeuse-pour-produits-petroliers-thermostatee-a-6-positions\/\" \/>\n<meta property=\"og:site_name\" content=\"DeltaLabo\" \/>\n<meta property=\"article:modified_time\" content=\"2025-11-24T15:11:13+00:00\" \/>\n<meta property=\"og:image\" content=\"https:\/\/webdesi-gn.fr\/dev_deltalabo\/wp-content\/uploads\/2025\/11\/DELTALABO-Centrifugeuse-pour-produits-petroliers-thermonstatee-6-positions.jpg\" \/>\n\t<meta property=\"og:image:width\" content=\"706\" \/>\n\t<meta property=\"og:image:height\" content=\"790\" \/>\n\t<meta property=\"og:image:type\" content=\"image\/jpeg\" \/>\n<meta name=\"twitter:card\" content=\"summary_large_image\" \/>\n<meta name=\"twitter:label1\" content=\"Dur\u00e9e de lecture estim\u00e9e\" \/>\n\t<meta name=\"twitter:data1\" content=\"1 minute\" \/>\n<script type=\"application\/ld+json\" class=\"yoast-schema-graph\">{\"@context\":\"https:\\\/\\\/schema.org\",\"@graph\":[{\"@type\":\"WebPage\",\"@id\":\"https:\\\/\\\/webdesi-gn.fr\\\/dev_deltalabo\\\/produits\\\/cat-produit\\\/centrifugeuse-pour-produits-petroliers-thermostatee-a-6-positions\\\/\",\"url\":\"https:\\\/\\\/webdesi-gn.fr\\\/dev_deltalabo\\\/produits\\\/cat-produit\\\/centrifugeuse-pour-produits-petroliers-thermostatee-a-6-positions\\\/\",\"name\":\"Centrifugeuse pour produits p\u00e9troliers thermostat\u00e9e \u00e0 6 positions STANHOPE SETA - Setafuge | DeltaLabo\",\"isPartOf\":{\"@id\":\"https:\\\/\\\/webdesi-gn.fr\\\/dev_deltalabo\\\/#website\"},\"primaryImageOfPage\":{\"@id\":\"https:\\\/\\\/webdesi-gn.fr\\\/dev_deltalabo\\\/produits\\\/cat-produit\\\/centrifugeuse-pour-produits-petroliers-thermostatee-a-6-positions\\\/#primaryimage\"},\"image\":{\"@id\":\"https:\\\/\\\/webdesi-gn.fr\\\/dev_deltalabo\\\/produits\\\/cat-produit\\\/centrifugeuse-pour-produits-petroliers-thermostatee-a-6-positions\\\/#primaryimage\"},\"thumbnailUrl\":\"https:\\\/\\\/webdesi-gn.fr\\\/dev_deltalabo\\\/wp-content\\\/uploads\\\/2025\\\/11\\\/DELTALABO-Centrifugeuse-pour-produits-petroliers-thermonstatee-6-positions.jpg\",\"datePublished\":\"2024-01-08T09:45:28+00:00\",\"dateModified\":\"2025-11-24T15:11:13+00:00\",\"breadcrumb\":{\"@id\":\"https:\\\/\\\/webdesi-gn.fr\\\/dev_deltalabo\\\/produits\\\/cat-produit\\\/centrifugeuse-pour-produits-petroliers-thermostatee-a-6-positions\\\/#breadcrumb\"},\"inLanguage\":\"fr-FR\",\"potentialAction\":[{\"@type\":\"ReadAction\",\"target\":[\"https:\\\/\\\/webdesi-gn.fr\\\/dev_deltalabo\\\/produits\\\/cat-produit\\\/centrifugeuse-pour-produits-petroliers-thermostatee-a-6-positions\\\/\"]}]},{\"@type\":\"ImageObject\",\"inLanguage\":\"fr-FR\",\"@id\":\"https:\\\/\\\/webdesi-gn.fr\\\/dev_deltalabo\\\/produits\\\/cat-produit\\\/centrifugeuse-pour-produits-petroliers-thermostatee-a-6-positions\\\/#primaryimage\",\"url\":\"https:\\\/\\\/webdesi-gn.fr\\\/dev_deltalabo\\\/wp-content\\\/uploads\\\/2025\\\/11\\\/DELTALABO-Centrifugeuse-pour-produits-petroliers-thermonstatee-6-positions.jpg\",\"contentUrl\":\"https:\\\/\\\/webdesi-gn.fr\\\/dev_deltalabo\\\/wp-content\\\/uploads\\\/2025\\\/11\\\/DELTALABO-Centrifugeuse-pour-produits-petroliers-thermonstatee-6-positions.jpg\",\"width\":706,\"height\":790},{\"@type\":\"BreadcrumbList\",\"@id\":\"https:\\\/\\\/webdesi-gn.fr\\\/dev_deltalabo\\\/produits\\\/cat-produit\\\/centrifugeuse-pour-produits-petroliers-thermostatee-a-6-positions\\\/#breadcrumb\",\"itemListElement\":[{\"@type\":\"ListItem\",\"position\":1,\"name\":\"Accueil\",\"item\":\"https:\\\/\\\/webdesi-gn.fr\\\/dev_deltalabo\\\/\"},{\"@type\":\"ListItem\",\"position\":2,\"name\":\"Produits\",\"item\":\"https:\\\/\\\/webdesi-gn.fr\\\/dev_deltalabo\\\/produits\\\/\"},{\"@type\":\"ListItem\",\"position\":3,\"name\":\"Centrifugeuse pour produits p\u00e9troliers thermostat\u00e9e \u00e0 6 positions STANHOPE SETA &#8211; Setafuge\"}]},{\"@type\":\"WebSite\",\"@id\":\"https:\\\/\\\/webdesi-gn.fr\\\/dev_deltalabo\\\/#website\",\"url\":\"https:\\\/\\\/webdesi-gn.fr\\\/dev_deltalabo\\\/\",\"name\":\"Delta Labo\",\"description\":\"Un site utilisant WordPress\",\"publisher\":{\"@id\":\"https:\\\/\\\/webdesi-gn.fr\\\/dev_deltalabo\\\/#organization\"},\"alternateName\":\"Delta Labo\",\"potentialAction\":[{\"@type\":\"SearchAction\",\"target\":{\"@type\":\"EntryPoint\",\"urlTemplate\":\"https:\\\/\\\/webdesi-gn.fr\\\/dev_deltalabo\\\/?s={search_term_string}\"},\"query-input\":{\"@type\":\"PropertyValueSpecification\",\"valueRequired\":true,\"valueName\":\"search_term_string\"}}],\"inLanguage\":\"fr-FR\"},{\"@type\":\"Organization\",\"@id\":\"https:\\\/\\\/webdesi-gn.fr\\\/dev_deltalabo\\\/#organization\",\"name\":\"DeltaLabo\",\"url\":\"https:\\\/\\\/webdesi-gn.fr\\\/dev_deltalabo\\\/\",\"logo\":{\"@type\":\"ImageObject\",\"inLanguage\":\"fr-FR\",\"@id\":\"https:\\\/\\\/webdesi-gn.fr\\\/dev_deltalabo\\\/#\\\/schema\\\/logo\\\/image\\\/\",\"url\":\"https:\\\/\\\/webdesi-gn.fr\\\/dev_deltalabo\\\/wp-content\\\/uploads\\\/2022\\\/07\\\/logo-deltalabo.png\",\"contentUrl\":\"https:\\\/\\\/webdesi-gn.fr\\\/dev_deltalabo\\\/wp-content\\\/uploads\\\/2022\\\/07\\\/logo-deltalabo.png\",\"width\":694,\"height\":306,\"caption\":\"DeltaLabo\"},\"image\":{\"@id\":\"https:\\\/\\\/webdesi-gn.fr\\\/dev_deltalabo\\\/#\\\/schema\\\/logo\\\/image\\\/\"}}]}<\/script>\n<!-- \/ Yoast SEO plugin. -->","yoast_head_json":{"title":"Centrifugeuse pour produits p\u00e9troliers thermostat\u00e9e \u00e0 6 positions STANHOPE SETA - Setafuge | DeltaLabo","robots":{"index":"noindex","follow":"follow","max-snippet":"max-snippet:-1","max-image-preview":"max-image-preview:large","max-video-preview":"max-video-preview:-1"},"og_locale":"fr_FR","og_type":"article","og_title":"Centrifugeuse pour produits p\u00e9troliers thermostat\u00e9e \u00e0 6 positions STANHOPE SETA - Setafuge | DeltaLabo","og_description":"Centrifugeuse pour produits p\u00e9troliers thermostat\u00e9e \u00e0 6 positions STANHOPE SETA - Setafuge :  La centrifugeuse pour produits p\u00e9troliers thermostat\u00e9e \u00e0 6 positions STANHOPE SETA - Setafuge a \u00e9t\u00e9 sp\u00e9cialement con\u00e7ue pour les tests sur les produits p\u00e9troliers.  Elle est rigoureusement conforme aux normes ASTM D1290, ASTM D1796, ASTM D2273, ASTM D2709, ASTM D2711, ASTM D4007, ASTM D893, ASTM D91, ISO 3734, ISO 9030 et ISO 15031.  Sa vitesse est contr\u00f4l\u00e9e par microprocesseur d'o\u00f9 un niveau sonore particuli\u00e8rement r\u00e9duit. Sa temp\u00e9rature est r\u00e9glable de 30\u00b0C \u00e0 80\u00b0C et il est possible de pr\u00e9 chauffer la chambre. Toutes les s\u00e9curit\u00e9s sont install\u00e9es sur cette centrifugeuse : s\u00e9curit\u00e9 couvercle, d\u00e9tecteur antibalourd, s\u00e9curit\u00e9 de surchauffe du moteur, s\u00e9curit\u00e9 de surchauffe de la temp\u00e9rature de la cuve.  Sa construction compacte limite l'encombrement.  T\u00e9l\u00e9charger la brochure produit : Centrifugeuse Seta Oil Setafuge \u00e0 6 positions","og_url":"https:\/\/webdesi-gn.fr\/dev_deltalabo\/produits\/cat-produit\/centrifugeuse-pour-produits-petroliers-thermostatee-a-6-positions\/","og_site_name":"DeltaLabo","article_modified_time":"2025-11-24T15:11:13+00:00","og_image":[{"width":706,"height":790,"url":"https:\/\/webdesi-gn.fr\/dev_deltalabo\/wp-content\/uploads\/2025\/11\/DELTALABO-Centrifugeuse-pour-produits-petroliers-thermonstatee-6-positions.jpg","type":"image\/jpeg"}],"twitter_card":"summary_large_image","twitter_misc":{"Dur\u00e9e de lecture estim\u00e9e":"1 minute"},"schema":{"@context":"https:\/\/schema.org","@graph":[{"@type":"WebPage","@id":"https:\/\/webdesi-gn.fr\/dev_deltalabo\/produits\/cat-produit\/centrifugeuse-pour-produits-petroliers-thermostatee-a-6-positions\/","url":"https:\/\/webdesi-gn.fr\/dev_deltalabo\/produits\/cat-produit\/centrifugeuse-pour-produits-petroliers-thermostatee-a-6-positions\/","name":"Centrifugeuse pour produits p\u00e9troliers thermostat\u00e9e \u00e0 6 positions STANHOPE SETA - Setafuge | DeltaLabo","isPartOf":{"@id":"https:\/\/webdesi-gn.fr\/dev_deltalabo\/#website"},"primaryImageOfPage":{"@id":"https:\/\/webdesi-gn.fr\/dev_deltalabo\/produits\/cat-produit\/centrifugeuse-pour-produits-petroliers-thermostatee-a-6-positions\/#primaryimage"},"image":{"@id":"https:\/\/webdesi-gn.fr\/dev_deltalabo\/produits\/cat-produit\/centrifugeuse-pour-produits-petroliers-thermostatee-a-6-positions\/#primaryimage"},"thumbnailUrl":"https:\/\/webdesi-gn.fr\/dev_deltalabo\/wp-content\/uploads\/2025\/11\/DELTALABO-Centrifugeuse-pour-produits-petroliers-thermonstatee-6-positions.jpg","datePublished":"2024-01-08T09:45:28+00:00","dateModified":"2025-11-24T15:11:13+00:00","breadcrumb":{"@id":"https:\/\/webdesi-gn.fr\/dev_deltalabo\/produits\/cat-produit\/centrifugeuse-pour-produits-petroliers-thermostatee-a-6-positions\/#breadcrumb"},"inLanguage":"fr-FR","potentialAction":[{"@type":"ReadAction","target":["https:\/\/webdesi-gn.fr\/dev_deltalabo\/produits\/cat-produit\/centrifugeuse-pour-produits-petroliers-thermostatee-a-6-positions\/"]}]},{"@type":"ImageObject","inLanguage":"fr-FR","@id":"https:\/\/webdesi-gn.fr\/dev_deltalabo\/produits\/cat-produit\/centrifugeuse-pour-produits-petroliers-thermostatee-a-6-positions\/#primaryimage","url":"https:\/\/webdesi-gn.fr\/dev_deltalabo\/wp-content\/uploads\/2025\/11\/DELTALABO-Centrifugeuse-pour-produits-petroliers-thermonstatee-6-positions.jpg","contentUrl":"https:\/\/webdesi-gn.fr\/dev_deltalabo\/wp-content\/uploads\/2025\/11\/DELTALABO-Centrifugeuse-pour-produits-petroliers-thermonstatee-6-positions.jpg","width":706,"height":790},{"@type":"BreadcrumbList","@id":"https:\/\/webdesi-gn.fr\/dev_deltalabo\/produits\/cat-produit\/centrifugeuse-pour-produits-petroliers-thermostatee-a-6-positions\/#breadcrumb","itemListElement":[{"@type":"ListItem","position":1,"name":"Accueil","item":"https:\/\/webdesi-gn.fr\/dev_deltalabo\/"},{"@type":"ListItem","position":2,"name":"Produits","item":"https:\/\/webdesi-gn.fr\/dev_deltalabo\/produits\/"},{"@type":"ListItem","position":3,"name":"Centrifugeuse pour produits p\u00e9troliers thermostat\u00e9e \u00e0 6 positions STANHOPE SETA &#8211; Setafuge"}]},{"@type":"WebSite","@id":"https:\/\/webdesi-gn.fr\/dev_deltalabo\/#website","url":"https:\/\/webdesi-gn.fr\/dev_deltalabo\/","name":"Delta Labo","description":"Un site utilisant WordPress","publisher":{"@id":"https:\/\/webdesi-gn.fr\/dev_deltalabo\/#organization"},"alternateName":"Delta Labo","potentialAction":[{"@type":"SearchAction","target":{"@type":"EntryPoint","urlTemplate":"https:\/\/webdesi-gn.fr\/dev_deltalabo\/?s={search_term_string}"},"query-input":{"@type":"PropertyValueSpecification","valueRequired":true,"valueName":"search_term_string"}}],"inLanguage":"fr-FR"},{"@type":"Organization","@id":"https:\/\/webdesi-gn.fr\/dev_deltalabo\/#organization","name":"DeltaLabo","url":"https:\/\/webdesi-gn.fr\/dev_deltalabo\/","logo":{"@type":"ImageObject","inLanguage":"fr-FR","@id":"https:\/\/webdesi-gn.fr\/dev_deltalabo\/#\/schema\/logo\/image\/","url":"https:\/\/webdesi-gn.fr\/dev_deltalabo\/wp-content\/uploads\/2022\/07\/logo-deltalabo.png","contentUrl":"https:\/\/webdesi-gn.fr\/dev_deltalabo\/wp-content\/uploads\/2022\/07\/logo-deltalabo.png","width":694,"height":306,"caption":"DeltaLabo"},"image":{"@id":"https:\/\/webdesi-gn.fr\/dev_deltalabo\/#\/schema\/logo\/image\/"}}]}},"_links":{"self":[{"href":"https:\/\/webdesi-gn.fr\/dev_deltalabo\/wp-json\/wp\/v2\/product\/255476","targetHints":{"allow":["GET"]}}],"collection":[{"href":"https:\/\/webdesi-gn.fr\/dev_deltalabo\/wp-json\/wp\/v2\/product"}],"about":[{"href":"https:\/\/webdesi-gn.fr\/dev_deltalabo\/wp-json\/wp\/v2\/types\/product"}],"wp:featuredmedia":[{"embeddable":true,"href":"https:\/\/webdesi-gn.fr\/dev_deltalabo\/wp-json\/wp\/v2\/media\/262337"}],"wp:attachment":[{"href":"https:\/\/webdesi-gn.fr\/dev_deltalabo\/wp-json\/wp\/v2\/media?parent=255476"}],"wp:term":[{"taxonomy":"domaine","embeddable":true,"href":"https:\/\/webdesi-gn.fr\/dev_deltalabo\/wp-json\/wp\/v2\/domaine?post=255476"},{"taxonomy":"normes","embeddable":true,"href":"https:\/\/webdesi-gn.fr\/dev_deltalabo\/wp-json\/wp\/v2\/normes?post=255476"},{"taxonomy":"product_brand","embeddable":true,"href":"https:\/\/webdesi-gn.fr\/dev_deltalabo\/wp-json\/wp\/v2\/product_brand?post=255476"},{"taxonomy":"product_cat","embeddable":true,"href":"https:\/\/webdesi-gn.fr\/dev_deltalabo\/wp-json\/wp\/v2\/product_cat?post=255476"},{"taxonomy":"product_tag","embeddable":true,"href":"https:\/\/webdesi-gn.fr\/dev_deltalabo\/wp-json\/wp\/v2\/product_tag?post=255476"}],"curies":[{"name":"wp","href":"https:\/\/api.w.org\/{rel}","templated":true}]}}