{"id":255479,"date":"2024-01-08T10:58:29","date_gmt":"2024-01-08T09:58:29","guid":{"rendered":"https:\/\/webdesi-gn.fr\/dev_deltalabo\/?post_type=product&#038;p=255479"},"modified":"2025-11-24T13:58:19","modified_gmt":"2025-11-24T12:58:19","slug":"centrifugeuse-pour-produits-petroliers-cryo-thermostatee-hettich-rotanta-460-rhk","status":"publish","type":"product","link":"https:\/\/webdesi-gn.fr\/dev_deltalabo\/produits\/categories\/centrifugeuse-pour-produits-petroliers-cryo-thermostatee-hettich-rotanta-460-rhk\/","title":{"rendered":"Centrifugeuse pour produits p\u00e9troliers cryo thermostat\u00e9e Hettich ROTANTA 460 RHK"},"content":{"rendered":"","protected":false},"excerpt":{"rendered":"<p><strong>Centrifugeuse pour produits p\u00e9troliers cryo thermostat\u00e9e Hettich ROTANTA 460 RHK :<\/strong><\/p>\n<p>La centrifugeuse Hettich ROTANTA 460 RHK a \u00e9t\u00e9 sp\u00e9cialement con\u00e7ue pour les tests sur les produits p\u00e9troliers.<\/p>\n<p>La centrifugeuse de paillasse HETTICH ROTANTA 460 RHK permet de raccourcir consid\u00e9rablement la dur\u00e9e des processus dans le traitement d&rsquo;\u00e9chantillons en grand nombre. Elle est capable de refroidir ou de chauffer la cuve de centrifugation de -20\u00b0C \u00e0 +90\u00b0C. Le moteur est un moteur type \u00e0 induction d&rsquo;o\u00f9 un niveau sonore particuli\u00e8rement r\u00e9duit.<\/p>\n<p>Caract\u00e9ristiques :<\/p>\n<ul>\n<li>S\u00e9paration rapide et efficace des \u00e9chantillons<\/li>\n<li>Panneau de commande ergonomique<\/li>\n<li>S\u00e9curit\u00e9 ouverture du couvercle<\/li>\n<li>D\u00e9tecteur antibalourd<\/li>\n<li>S\u00e9curit\u00e9 de surchauffe du moteur et de la cuve<\/li>\n<\/ul>\n<p><strong>T\u00e9l\u00e9charger la brochure produit :<\/strong> <a href=\"https:\/\/www.deltalabo.fr\/wp-content\/uploads\/2025\/06\/Catalogue-Centrifugeuse_2025-2026-fr-DL.pdf\">Centrifugeuse Hettich 460R<\/a><\/p>\n","protected":false},"featured_media":262336,"template":"","meta":{"_acf_changed":false,"site-sidebar-layout":"default","site-content-layout":"","ast-site-content-layout":"default","site-content-style":"default","site-sidebar-style":"default","ast-global-header-display":"","ast-banner-title-visibility":"","ast-main-header-display":"","ast-hfb-above-header-display":"","ast-hfb-below-header-display":"","ast-hfb-mobile-header-display":"","site-post-title":"","ast-breadcrumbs-content":"","ast-featured-img":"","footer-sml-layout":"","ast-disable-related-posts":"","theme-transparent-header-meta":"","adv-header-id-meta":"","stick-header-meta":"","header-above-stick-meta":"","header-main-stick-meta":"","header-below-stick-meta":"","astra-migrate-meta-layouts":"default","ast-page-background-enabled":"default","ast-page-background-meta":{"desktop":{"background-color":"var(--ast-global-color-5)","background-image":"","background-repeat":"repeat","background-position":"center center","background-size":"auto","background-attachment":"scroll","background-type":"","background-media":"","overlay-type":"","overlay-color":"","overlay-opacity":"","overlay-gradient":""},"tablet":{"background-color":"","background-image":"","background-repeat":"repeat","background-position":"center center","background-size":"auto","background-attachment":"scroll","background-type":"","background-media":"","overlay-type":"","overlay-color":"","overlay-opacity":"","overlay-gradient":""},"mobile":{"background-color":"","background-image":"","background-repeat":"repeat","background-position":"center center","background-size":"auto","background-attachment":"scroll","background-type":"","background-media":"","overlay-type":"","overlay-color":"","overlay-opacity":"","overlay-gradient":""}},"ast-content-background-meta":{"desktop":{"background-color":"var(--ast-global-color-4)","background-image":"","background-repeat":"repeat","background-position":"center center","background-size":"auto","background-attachment":"scroll","background-type":"","background-media":"","overlay-type":"","overlay-color":"","overlay-opacity":"","overlay-gradient":""},"tablet":{"background-color":"var(--ast-global-color-4)","background-image":"","background-repeat":"repeat","background-position":"center center","background-size":"auto","background-attachment":"scroll","background-type":"","background-media":"","overlay-type":"","overlay-color":"","overlay-opacity":"","overlay-gradient":""},"mobile":{"background-color":"var(--ast-global-color-4)","background-image":"","background-repeat":"repeat","background-position":"center center","background-size":"auto","background-attachment":"scroll","background-type":"","background-media":"","overlay-type":"","overlay-color":"","overlay-opacity":"","overlay-gradient":""}}},"domaine":[],"normes":[17135],"product_brand":[],"product_cat":[17240],"product_tag":[],"class_list":{"0":"post-255479","1":"product","2":"type-product","3":"status-publish","4":"has-post-thumbnail","6":"normes-din-51562","7":"product_cat-categories","8":"desktop-align-left","9":"tablet-align-left","10":"mobile-align-left","12":"first","13":"instock","14":"shipping-taxable","15":"purchasable","16":"product-type-simple"},"acf":[],"yoast_head":"<!-- This site is optimized with the Yoast SEO plugin v27.4 - https:\/\/yoast.com\/product\/yoast-seo-wordpress\/ -->\n<title>Centrifugeuse pour produits p\u00e9troliers cryo thermostat\u00e9e Hettich ROTANTA 460 RHK | DeltaLabo<\/title>\n<meta name=\"robots\" content=\"noindex, follow, max-snippet:-1, max-image-preview:large, max-video-preview:-1\" \/>\n<meta property=\"og:locale\" content=\"fr_FR\" \/>\n<meta property=\"og:type\" content=\"article\" \/>\n<meta property=\"og:title\" content=\"Centrifugeuse pour produits p\u00e9troliers cryo thermostat\u00e9e Hettich ROTANTA 460 RHK | DeltaLabo\" \/>\n<meta property=\"og:description\" content=\"Centrifugeuse pour produits p\u00e9troliers cryo thermostat\u00e9e Hettich ROTANTA 460 RHK :  La centrifugeuse Hettich ROTANTA 460 RHK a \u00e9t\u00e9 sp\u00e9cialement con\u00e7ue pour les tests sur les produits p\u00e9troliers.  La centrifugeuse de paillasse HETTICH ROTANTA 460 RHK permet de raccourcir consid\u00e9rablement la dur\u00e9e des processus dans le traitement d&#039;\u00e9chantillons en grand nombre. Elle est capable de refroidir ou de chauffer la cuve de centrifugation de -20\u00b0C \u00e0 +90\u00b0C. Le moteur est un moteur type \u00e0 induction d&#039;o\u00f9 un niveau sonore particuli\u00e8rement r\u00e9duit.  Caract\u00e9ristiques :   S\u00e9paration rapide et efficace des \u00e9chantillons  Panneau de commande ergonomique  S\u00e9curit\u00e9 ouverture du couvercle  D\u00e9tecteur antibalourd  S\u00e9curit\u00e9 de surchauffe du moteur et de la cuve  T\u00e9l\u00e9charger la brochure produit : Centrifugeuse Hettich 460R\" \/>\n<meta property=\"og:url\" content=\"https:\/\/webdesi-gn.fr\/dev_deltalabo\/produits\/cat-produit\/centrifugeuse-pour-produits-petroliers-cryo-thermostatee-hettich-rotanta-460-rhk\/\" \/>\n<meta property=\"og:site_name\" content=\"DeltaLabo\" \/>\n<meta property=\"article:modified_time\" content=\"2025-11-24T12:58:19+00:00\" \/>\n<meta property=\"og:image\" content=\"https:\/\/webdesi-gn.fr\/dev_deltalabo\/wp-content\/uploads\/2024\/01\/DELTA-LABO-centrifugeuse-Rotanta460R.png\" \/>\n\t<meta property=\"og:image:width\" content=\"1200\" \/>\n\t<meta property=\"og:image:height\" content=\"1179\" \/>\n\t<meta property=\"og:image:type\" content=\"image\/png\" \/>\n<meta name=\"twitter:card\" content=\"summary_large_image\" \/>\n<meta name=\"twitter:label1\" content=\"Dur\u00e9e de lecture estim\u00e9e\" \/>\n\t<meta name=\"twitter:data1\" content=\"1 minute\" \/>\n<script type=\"application\/ld+json\" class=\"yoast-schema-graph\">{\"@context\":\"https:\\\/\\\/schema.org\",\"@graph\":[{\"@type\":\"WebPage\",\"@id\":\"https:\\\/\\\/webdesi-gn.fr\\\/dev_deltalabo\\\/produits\\\/cat-produit\\\/centrifugeuse-pour-produits-petroliers-cryo-thermostatee-hettich-rotanta-460-rhk\\\/\",\"url\":\"https:\\\/\\\/webdesi-gn.fr\\\/dev_deltalabo\\\/produits\\\/cat-produit\\\/centrifugeuse-pour-produits-petroliers-cryo-thermostatee-hettich-rotanta-460-rhk\\\/\",\"name\":\"Centrifugeuse pour produits p\u00e9troliers cryo thermostat\u00e9e Hettich ROTANTA 460 RHK | DeltaLabo\",\"isPartOf\":{\"@id\":\"https:\\\/\\\/webdesi-gn.fr\\\/dev_deltalabo\\\/#website\"},\"primaryImageOfPage\":{\"@id\":\"https:\\\/\\\/webdesi-gn.fr\\\/dev_deltalabo\\\/produits\\\/cat-produit\\\/centrifugeuse-pour-produits-petroliers-cryo-thermostatee-hettich-rotanta-460-rhk\\\/#primaryimage\"},\"image\":{\"@id\":\"https:\\\/\\\/webdesi-gn.fr\\\/dev_deltalabo\\\/produits\\\/cat-produit\\\/centrifugeuse-pour-produits-petroliers-cryo-thermostatee-hettich-rotanta-460-rhk\\\/#primaryimage\"},\"thumbnailUrl\":\"https:\\\/\\\/webdesi-gn.fr\\\/dev_deltalabo\\\/wp-content\\\/uploads\\\/2025\\\/11\\\/DELTA-LABO-centrifugeuse-Rotanta460R.png\",\"datePublished\":\"2024-01-08T09:58:29+00:00\",\"dateModified\":\"2025-11-24T12:58:19+00:00\",\"breadcrumb\":{\"@id\":\"https:\\\/\\\/webdesi-gn.fr\\\/dev_deltalabo\\\/produits\\\/cat-produit\\\/centrifugeuse-pour-produits-petroliers-cryo-thermostatee-hettich-rotanta-460-rhk\\\/#breadcrumb\"},\"inLanguage\":\"fr-FR\",\"potentialAction\":[{\"@type\":\"ReadAction\",\"target\":[\"https:\\\/\\\/webdesi-gn.fr\\\/dev_deltalabo\\\/produits\\\/cat-produit\\\/centrifugeuse-pour-produits-petroliers-cryo-thermostatee-hettich-rotanta-460-rhk\\\/\"]}]},{\"@type\":\"ImageObject\",\"inLanguage\":\"fr-FR\",\"@id\":\"https:\\\/\\\/webdesi-gn.fr\\\/dev_deltalabo\\\/produits\\\/cat-produit\\\/centrifugeuse-pour-produits-petroliers-cryo-thermostatee-hettich-rotanta-460-rhk\\\/#primaryimage\",\"url\":\"https:\\\/\\\/webdesi-gn.fr\\\/dev_deltalabo\\\/wp-content\\\/uploads\\\/2025\\\/11\\\/DELTA-LABO-centrifugeuse-Rotanta460R.png\",\"contentUrl\":\"https:\\\/\\\/webdesi-gn.fr\\\/dev_deltalabo\\\/wp-content\\\/uploads\\\/2025\\\/11\\\/DELTA-LABO-centrifugeuse-Rotanta460R.png\",\"width\":1200,\"height\":1179},{\"@type\":\"BreadcrumbList\",\"@id\":\"https:\\\/\\\/webdesi-gn.fr\\\/dev_deltalabo\\\/produits\\\/cat-produit\\\/centrifugeuse-pour-produits-petroliers-cryo-thermostatee-hettich-rotanta-460-rhk\\\/#breadcrumb\",\"itemListElement\":[{\"@type\":\"ListItem\",\"position\":1,\"name\":\"Accueil\",\"item\":\"https:\\\/\\\/webdesi-gn.fr\\\/dev_deltalabo\\\/\"},{\"@type\":\"ListItem\",\"position\":2,\"name\":\"Produits\",\"item\":\"https:\\\/\\\/webdesi-gn.fr\\\/dev_deltalabo\\\/produits\\\/\"},{\"@type\":\"ListItem\",\"position\":3,\"name\":\"Centrifugeuse pour produits p\u00e9troliers cryo thermostat\u00e9e Hettich ROTANTA 460 RHK\"}]},{\"@type\":\"WebSite\",\"@id\":\"https:\\\/\\\/webdesi-gn.fr\\\/dev_deltalabo\\\/#website\",\"url\":\"https:\\\/\\\/webdesi-gn.fr\\\/dev_deltalabo\\\/\",\"name\":\"Delta Labo\",\"description\":\"Un site utilisant WordPress\",\"publisher\":{\"@id\":\"https:\\\/\\\/webdesi-gn.fr\\\/dev_deltalabo\\\/#organization\"},\"alternateName\":\"Delta Labo\",\"potentialAction\":[{\"@type\":\"SearchAction\",\"target\":{\"@type\":\"EntryPoint\",\"urlTemplate\":\"https:\\\/\\\/webdesi-gn.fr\\\/dev_deltalabo\\\/?s={search_term_string}\"},\"query-input\":{\"@type\":\"PropertyValueSpecification\",\"valueRequired\":true,\"valueName\":\"search_term_string\"}}],\"inLanguage\":\"fr-FR\"},{\"@type\":\"Organization\",\"@id\":\"https:\\\/\\\/webdesi-gn.fr\\\/dev_deltalabo\\\/#organization\",\"name\":\"DeltaLabo\",\"url\":\"https:\\\/\\\/webdesi-gn.fr\\\/dev_deltalabo\\\/\",\"logo\":{\"@type\":\"ImageObject\",\"inLanguage\":\"fr-FR\",\"@id\":\"https:\\\/\\\/webdesi-gn.fr\\\/dev_deltalabo\\\/#\\\/schema\\\/logo\\\/image\\\/\",\"url\":\"https:\\\/\\\/webdesi-gn.fr\\\/dev_deltalabo\\\/wp-content\\\/uploads\\\/2022\\\/07\\\/logo-deltalabo.png\",\"contentUrl\":\"https:\\\/\\\/webdesi-gn.fr\\\/dev_deltalabo\\\/wp-content\\\/uploads\\\/2022\\\/07\\\/logo-deltalabo.png\",\"width\":694,\"height\":306,\"caption\":\"DeltaLabo\"},\"image\":{\"@id\":\"https:\\\/\\\/webdesi-gn.fr\\\/dev_deltalabo\\\/#\\\/schema\\\/logo\\\/image\\\/\"}}]}<\/script>\n<!-- \/ Yoast SEO plugin. -->","yoast_head_json":{"title":"Centrifugeuse pour produits p\u00e9troliers cryo thermostat\u00e9e Hettich ROTANTA 460 RHK | DeltaLabo","robots":{"index":"noindex","follow":"follow","max-snippet":"max-snippet:-1","max-image-preview":"max-image-preview:large","max-video-preview":"max-video-preview:-1"},"og_locale":"fr_FR","og_type":"article","og_title":"Centrifugeuse pour produits p\u00e9troliers cryo thermostat\u00e9e Hettich ROTANTA 460 RHK | DeltaLabo","og_description":"Centrifugeuse pour produits p\u00e9troliers cryo thermostat\u00e9e Hettich ROTANTA 460 RHK :  La centrifugeuse Hettich ROTANTA 460 RHK a \u00e9t\u00e9 sp\u00e9cialement con\u00e7ue pour les tests sur les produits p\u00e9troliers.  La centrifugeuse de paillasse HETTICH ROTANTA 460 RHK permet de raccourcir consid\u00e9rablement la dur\u00e9e des processus dans le traitement d'\u00e9chantillons en grand nombre. Elle est capable de refroidir ou de chauffer la cuve de centrifugation de -20\u00b0C \u00e0 +90\u00b0C. Le moteur est un moteur type \u00e0 induction d'o\u00f9 un niveau sonore particuli\u00e8rement r\u00e9duit.  Caract\u00e9ristiques :   S\u00e9paration rapide et efficace des \u00e9chantillons  Panneau de commande ergonomique  S\u00e9curit\u00e9 ouverture du couvercle  D\u00e9tecteur antibalourd  S\u00e9curit\u00e9 de surchauffe du moteur et de la cuve  T\u00e9l\u00e9charger la brochure produit : Centrifugeuse Hettich 460R","og_url":"https:\/\/webdesi-gn.fr\/dev_deltalabo\/produits\/cat-produit\/centrifugeuse-pour-produits-petroliers-cryo-thermostatee-hettich-rotanta-460-rhk\/","og_site_name":"DeltaLabo","article_modified_time":"2025-11-24T12:58:19+00:00","og_image":[{"width":1200,"height":1179,"url":"https:\/\/webdesi-gn.fr\/dev_deltalabo\/wp-content\/uploads\/2024\/01\/DELTA-LABO-centrifugeuse-Rotanta460R.png","type":"image\/png"}],"twitter_card":"summary_large_image","twitter_misc":{"Dur\u00e9e de lecture estim\u00e9e":"1 minute"},"schema":{"@context":"https:\/\/schema.org","@graph":[{"@type":"WebPage","@id":"https:\/\/webdesi-gn.fr\/dev_deltalabo\/produits\/cat-produit\/centrifugeuse-pour-produits-petroliers-cryo-thermostatee-hettich-rotanta-460-rhk\/","url":"https:\/\/webdesi-gn.fr\/dev_deltalabo\/produits\/cat-produit\/centrifugeuse-pour-produits-petroliers-cryo-thermostatee-hettich-rotanta-460-rhk\/","name":"Centrifugeuse pour produits p\u00e9troliers cryo thermostat\u00e9e Hettich ROTANTA 460 RHK | DeltaLabo","isPartOf":{"@id":"https:\/\/webdesi-gn.fr\/dev_deltalabo\/#website"},"primaryImageOfPage":{"@id":"https:\/\/webdesi-gn.fr\/dev_deltalabo\/produits\/cat-produit\/centrifugeuse-pour-produits-petroliers-cryo-thermostatee-hettich-rotanta-460-rhk\/#primaryimage"},"image":{"@id":"https:\/\/webdesi-gn.fr\/dev_deltalabo\/produits\/cat-produit\/centrifugeuse-pour-produits-petroliers-cryo-thermostatee-hettich-rotanta-460-rhk\/#primaryimage"},"thumbnailUrl":"https:\/\/webdesi-gn.fr\/dev_deltalabo\/wp-content\/uploads\/2025\/11\/DELTA-LABO-centrifugeuse-Rotanta460R.png","datePublished":"2024-01-08T09:58:29+00:00","dateModified":"2025-11-24T12:58:19+00:00","breadcrumb":{"@id":"https:\/\/webdesi-gn.fr\/dev_deltalabo\/produits\/cat-produit\/centrifugeuse-pour-produits-petroliers-cryo-thermostatee-hettich-rotanta-460-rhk\/#breadcrumb"},"inLanguage":"fr-FR","potentialAction":[{"@type":"ReadAction","target":["https:\/\/webdesi-gn.fr\/dev_deltalabo\/produits\/cat-produit\/centrifugeuse-pour-produits-petroliers-cryo-thermostatee-hettich-rotanta-460-rhk\/"]}]},{"@type":"ImageObject","inLanguage":"fr-FR","@id":"https:\/\/webdesi-gn.fr\/dev_deltalabo\/produits\/cat-produit\/centrifugeuse-pour-produits-petroliers-cryo-thermostatee-hettich-rotanta-460-rhk\/#primaryimage","url":"https:\/\/webdesi-gn.fr\/dev_deltalabo\/wp-content\/uploads\/2025\/11\/DELTA-LABO-centrifugeuse-Rotanta460R.png","contentUrl":"https:\/\/webdesi-gn.fr\/dev_deltalabo\/wp-content\/uploads\/2025\/11\/DELTA-LABO-centrifugeuse-Rotanta460R.png","width":1200,"height":1179},{"@type":"BreadcrumbList","@id":"https:\/\/webdesi-gn.fr\/dev_deltalabo\/produits\/cat-produit\/centrifugeuse-pour-produits-petroliers-cryo-thermostatee-hettich-rotanta-460-rhk\/#breadcrumb","itemListElement":[{"@type":"ListItem","position":1,"name":"Accueil","item":"https:\/\/webdesi-gn.fr\/dev_deltalabo\/"},{"@type":"ListItem","position":2,"name":"Produits","item":"https:\/\/webdesi-gn.fr\/dev_deltalabo\/produits\/"},{"@type":"ListItem","position":3,"name":"Centrifugeuse pour produits p\u00e9troliers cryo thermostat\u00e9e Hettich ROTANTA 460 RHK"}]},{"@type":"WebSite","@id":"https:\/\/webdesi-gn.fr\/dev_deltalabo\/#website","url":"https:\/\/webdesi-gn.fr\/dev_deltalabo\/","name":"Delta Labo","description":"Un site utilisant WordPress","publisher":{"@id":"https:\/\/webdesi-gn.fr\/dev_deltalabo\/#organization"},"alternateName":"Delta Labo","potentialAction":[{"@type":"SearchAction","target":{"@type":"EntryPoint","urlTemplate":"https:\/\/webdesi-gn.fr\/dev_deltalabo\/?s={search_term_string}"},"query-input":{"@type":"PropertyValueSpecification","valueRequired":true,"valueName":"search_term_string"}}],"inLanguage":"fr-FR"},{"@type":"Organization","@id":"https:\/\/webdesi-gn.fr\/dev_deltalabo\/#organization","name":"DeltaLabo","url":"https:\/\/webdesi-gn.fr\/dev_deltalabo\/","logo":{"@type":"ImageObject","inLanguage":"fr-FR","@id":"https:\/\/webdesi-gn.fr\/dev_deltalabo\/#\/schema\/logo\/image\/","url":"https:\/\/webdesi-gn.fr\/dev_deltalabo\/wp-content\/uploads\/2022\/07\/logo-deltalabo.png","contentUrl":"https:\/\/webdesi-gn.fr\/dev_deltalabo\/wp-content\/uploads\/2022\/07\/logo-deltalabo.png","width":694,"height":306,"caption":"DeltaLabo"},"image":{"@id":"https:\/\/webdesi-gn.fr\/dev_deltalabo\/#\/schema\/logo\/image\/"}}]}},"_links":{"self":[{"href":"https:\/\/webdesi-gn.fr\/dev_deltalabo\/wp-json\/wp\/v2\/product\/255479","targetHints":{"allow":["GET"]}}],"collection":[{"href":"https:\/\/webdesi-gn.fr\/dev_deltalabo\/wp-json\/wp\/v2\/product"}],"about":[{"href":"https:\/\/webdesi-gn.fr\/dev_deltalabo\/wp-json\/wp\/v2\/types\/product"}],"wp:featuredmedia":[{"embeddable":true,"href":"https:\/\/webdesi-gn.fr\/dev_deltalabo\/wp-json\/wp\/v2\/media\/262336"}],"wp:attachment":[{"href":"https:\/\/webdesi-gn.fr\/dev_deltalabo\/wp-json\/wp\/v2\/media?parent=255479"}],"wp:term":[{"taxonomy":"domaine","embeddable":true,"href":"https:\/\/webdesi-gn.fr\/dev_deltalabo\/wp-json\/wp\/v2\/domaine?post=255479"},{"taxonomy":"normes","embeddable":true,"href":"https:\/\/webdesi-gn.fr\/dev_deltalabo\/wp-json\/wp\/v2\/normes?post=255479"},{"taxonomy":"product_brand","embeddable":true,"href":"https:\/\/webdesi-gn.fr\/dev_deltalabo\/wp-json\/wp\/v2\/product_brand?post=255479"},{"taxonomy":"product_cat","embeddable":true,"href":"https:\/\/webdesi-gn.fr\/dev_deltalabo\/wp-json\/wp\/v2\/product_cat?post=255479"},{"taxonomy":"product_tag","embeddable":true,"href":"https:\/\/webdesi-gn.fr\/dev_deltalabo\/wp-json\/wp\/v2\/product_tag?post=255479"}],"curies":[{"name":"wp","href":"https:\/\/api.w.org\/{rel}","templated":true}]}}