{"id":255500,"date":"2024-01-08T11:27:00","date_gmt":"2024-01-08T10:27:00","guid":{"rendered":"https:\/\/webdesi-gn.fr\/dev_deltalabo\/?post_type=product&#038;p=255500"},"modified":"2025-11-24T13:57:47","modified_gmt":"2025-11-24T12:57:47","slug":"coulometre-aquamax-kf-coulometric-grscientific","status":"publish","type":"product","link":"https:\/\/webdesi-gn.fr\/dev_deltalabo\/produits\/cat-produit\/coulometre-aquamax-kf-coulometric-grscientific\/","title":{"rendered":"Titrateur TitroLine 7500KF et 7500KF trace &#8211; SI Analytics"},"content":{"rendered":"","protected":false},"excerpt":{"rendered":"<p><strong>Titrateur TitroLine 7500KF et 7500KF trace &#8211; SI Analytics\u00a0 :<\/strong><\/p>\n<p>Le TitroLine\u00ae 7500 KF est le g\u00e9n\u00e9raliste pour la d\u00e9termination volum\u00e9trique de la teneur en eau selon Karl-Fisher (10 ppm &#8211; 100 %).<\/p>\n<p>Le Titroline\u2122 7500 KF Trace est un titrateur coulom\u00e9trique compact et facile \u00e0 utiliser pour la d\u00e9termination de l\u2019eau selon Karl Fischer (KF), avec une plage de fonctionnement de 1 ppm &#8211; 5 % d\u2019eau.<\/p>\n<p>Ces deux nouveaux titrateurs se caract\u00e9risent par les sp\u00e9cifications suivantes:<\/p>\n<ul>\n<li>\u00c9cran couleur haute visibilit\u00e9<\/li>\n<li>Il permet d&rsquo;utiliser plusieurs m\u00e9thodes : d\u00e9termination du titre (\u00e9chantillon, eau, \u00e9talon liquide, tartrate dihydrat\u00e9), valeur \u00e0 blanc (four, solvant).<\/li>\n<li>R\u00e9sultats obtenus en ppm, %, mg, \u03bcg, mg\/l.<\/li>\n<li>L&rsquo;ajout de solvant et le rejet de l&rsquo;\u00e9chantillon s&rsquo;effectuent \u00e0 l&rsquo;aide du support de titration TM 235 KF (en option pour TitroLine 7500 KF trace)<\/li>\n<li>Affichage avec courbe et d\u00e9rive<\/li>\n<li>3 ports USB, 1 port LAN et 2 ports RS232<\/li>\n<li>Normes harmonis\u00e9es appliqu\u00e9es EN 61326-1:2006<\/li>\n<\/ul>\n<p>T\u00e9l\u00e9charger la brochure produit : <a href=\"https:\/\/www.deltalabo.fr\/wp-content\/uploads\/2025\/04\/TL_7500_Flyer-fra-DL.pdf\">TitroLine SI Analytics 7500KF et 7500KF trace<\/a><\/p>\n","protected":false},"featured_media":262326,"template":"","meta":{"_acf_changed":false,"site-sidebar-layout":"default","site-content-layout":"","ast-site-content-layout":"default","site-content-style":"default","site-sidebar-style":"default","ast-global-header-display":"","ast-banner-title-visibility":"","ast-main-header-display":"","ast-hfb-above-header-display":"","ast-hfb-below-header-display":"","ast-hfb-mobile-header-display":"","site-post-title":"","ast-breadcrumbs-content":"","ast-featured-img":"","footer-sml-layout":"","ast-disable-related-posts":"","theme-transparent-header-meta":"","adv-header-id-meta":"","stick-header-meta":"","header-above-stick-meta":"","header-main-stick-meta":"","header-below-stick-meta":"","astra-migrate-meta-layouts":"default","ast-page-background-enabled":"default","ast-page-background-meta":{"desktop":{"background-color":"var(--ast-global-color-5)","background-image":"","background-repeat":"repeat","background-position":"center center","background-size":"auto","background-attachment":"scroll","background-type":"","background-media":"","overlay-type":"","overlay-color":"","overlay-opacity":"","overlay-gradient":""},"tablet":{"background-color":"","background-image":"","background-repeat":"repeat","background-position":"center center","background-size":"auto","background-attachment":"scroll","background-type":"","background-media":"","overlay-type":"","overlay-color":"","overlay-opacity":"","overlay-gradient":""},"mobile":{"background-color":"","background-image":"","background-repeat":"repeat","background-position":"center center","background-size":"auto","background-attachment":"scroll","background-type":"","background-media":"","overlay-type":"","overlay-color":"","overlay-opacity":"","overlay-gradient":""}},"ast-content-background-meta":{"desktop":{"background-color":"var(--ast-global-color-4)","background-image":"","background-repeat":"repeat","background-position":"center center","background-size":"auto","background-attachment":"scroll","background-type":"","background-media":"","overlay-type":"","overlay-color":"","overlay-opacity":"","overlay-gradient":""},"tablet":{"background-color":"var(--ast-global-color-4)","background-image":"","background-repeat":"repeat","background-position":"center center","background-size":"auto","background-attachment":"scroll","background-type":"","background-media":"","overlay-type":"","overlay-color":"","overlay-opacity":"","overlay-gradient":""},"mobile":{"background-color":"var(--ast-global-color-4)","background-image":"","background-repeat":"repeat","background-position":"center center","background-size":"auto","background-attachment":"scroll","background-type":"","background-media":"","overlay-type":"","overlay-color":"","overlay-opacity":"","overlay-gradient":""}}},"domaine":[],"normes":[17135],"product_brand":[],"product_cat":[15],"product_tag":[],"class_list":{"0":"post-255500","1":"product","2":"type-product","3":"status-publish","4":"has-post-thumbnail","6":"normes-din-51562","7":"product_cat-cat-produit","8":"desktop-align-left","9":"tablet-align-left","10":"mobile-align-left","12":"first","13":"instock","14":"shipping-taxable","15":"purchasable","16":"product-type-simple"},"acf":[],"yoast_head":"<!-- This site is optimized with the Yoast SEO plugin v27.4 - https:\/\/yoast.com\/product\/yoast-seo-wordpress\/ -->\n<title>Titrateur TitroLine 7500KF et 7500KF trace - SI Analytics | DeltaLabo<\/title>\n<meta name=\"robots\" content=\"noindex, follow, max-snippet:-1, max-image-preview:large, max-video-preview:-1\" \/>\n<meta property=\"og:locale\" content=\"fr_FR\" \/>\n<meta property=\"og:type\" content=\"article\" \/>\n<meta property=\"og:title\" content=\"Titrateur TitroLine 7500KF et 7500KF trace - SI Analytics | DeltaLabo\" \/>\n<meta property=\"og:description\" content=\"Titrateur TitroLine 7500KF et 7500KF trace - SI Analytics\u00a0 :  Le TitroLine\u00ae 7500 KF est le g\u00e9n\u00e9raliste pour la d\u00e9termination volum\u00e9trique de la teneur en eau selon Karl-Fisher (10 ppm - 100 %).  Le Titroline\u2122 7500 KF Trace est un titrateur coulom\u00e9trique compact et facile \u00e0 utiliser pour la d\u00e9termination de l\u2019eau selon Karl Fischer (KF), avec une plage de fonctionnement de 1 ppm - 5 % d\u2019eau.  Ces deux nouveaux titrateurs se caract\u00e9risent par les sp\u00e9cifications suivantes:   \u00c9cran couleur haute visibilit\u00e9  Il permet d&#039;utiliser plusieurs m\u00e9thodes : d\u00e9termination du titre (\u00e9chantillon, eau, \u00e9talon liquide, tartrate dihydrat\u00e9), valeur \u00e0 blanc (four, solvant).  R\u00e9sultats obtenus en ppm, %, mg, \u03bcg, mg\/l.  L&#039;ajout de solvant et le rejet de l&#039;\u00e9chantillon s&#039;effectuent \u00e0 l&#039;aide du support de titration TM 235 KF (en option pour TitroLine 7500 KF trace)  Affichage avec courbe et d\u00e9rive  3 ports USB, 1 port LAN et 2 ports RS232  Normes harmonis\u00e9es appliqu\u00e9es EN 61326-1:2006  T\u00e9l\u00e9charger la brochure produit : TitroLine SI Analytics 7500KF et 7500KF trace\" \/>\n<meta property=\"og:url\" content=\"https:\/\/webdesi-gn.fr\/dev_deltalabo\/produits\/cat-produit\/coulometre-aquamax-kf-coulometric-grscientific\/\" \/>\n<meta property=\"og:site_name\" content=\"DeltaLabo\" \/>\n<meta property=\"article:modified_time\" content=\"2025-11-24T12:57:47+00:00\" \/>\n<meta property=\"og:image\" content=\"https:\/\/webdesi-gn.fr\/dev_deltalabo\/wp-content\/uploads\/2024\/01\/DELTA-LABO-5000KF-trace.jpg\" \/>\n\t<meta property=\"og:image:width\" content=\"450\" \/>\n\t<meta property=\"og:image:height\" content=\"459\" \/>\n\t<meta property=\"og:image:type\" content=\"image\/jpeg\" \/>\n<meta name=\"twitter:card\" content=\"summary_large_image\" \/>\n<meta name=\"twitter:label1\" content=\"Dur\u00e9e de lecture estim\u00e9e\" \/>\n\t<meta name=\"twitter:data1\" content=\"1 minute\" \/>\n<script type=\"application\/ld+json\" class=\"yoast-schema-graph\">{\"@context\":\"https:\\\/\\\/schema.org\",\"@graph\":[{\"@type\":\"WebPage\",\"@id\":\"https:\\\/\\\/webdesi-gn.fr\\\/dev_deltalabo\\\/produits\\\/cat-produit\\\/coulometre-aquamax-kf-coulometric-grscientific\\\/\",\"url\":\"https:\\\/\\\/webdesi-gn.fr\\\/dev_deltalabo\\\/produits\\\/cat-produit\\\/coulometre-aquamax-kf-coulometric-grscientific\\\/\",\"name\":\"Titrateur TitroLine 7500KF et 7500KF trace - SI Analytics | DeltaLabo\",\"isPartOf\":{\"@id\":\"https:\\\/\\\/webdesi-gn.fr\\\/dev_deltalabo\\\/#website\"},\"primaryImageOfPage\":{\"@id\":\"https:\\\/\\\/webdesi-gn.fr\\\/dev_deltalabo\\\/produits\\\/cat-produit\\\/coulometre-aquamax-kf-coulometric-grscientific\\\/#primaryimage\"},\"image\":{\"@id\":\"https:\\\/\\\/webdesi-gn.fr\\\/dev_deltalabo\\\/produits\\\/cat-produit\\\/coulometre-aquamax-kf-coulometric-grscientific\\\/#primaryimage\"},\"thumbnailUrl\":\"https:\\\/\\\/webdesi-gn.fr\\\/dev_deltalabo\\\/wp-content\\\/uploads\\\/2025\\\/11\\\/DELTA-LABO-titrateur-7500KF.webp\",\"datePublished\":\"2024-01-08T10:27:00+00:00\",\"dateModified\":\"2025-11-24T12:57:47+00:00\",\"breadcrumb\":{\"@id\":\"https:\\\/\\\/webdesi-gn.fr\\\/dev_deltalabo\\\/produits\\\/cat-produit\\\/coulometre-aquamax-kf-coulometric-grscientific\\\/#breadcrumb\"},\"inLanguage\":\"fr-FR\",\"potentialAction\":[{\"@type\":\"ReadAction\",\"target\":[\"https:\\\/\\\/webdesi-gn.fr\\\/dev_deltalabo\\\/produits\\\/cat-produit\\\/coulometre-aquamax-kf-coulometric-grscientific\\\/\"]}]},{\"@type\":\"ImageObject\",\"inLanguage\":\"fr-FR\",\"@id\":\"https:\\\/\\\/webdesi-gn.fr\\\/dev_deltalabo\\\/produits\\\/cat-produit\\\/coulometre-aquamax-kf-coulometric-grscientific\\\/#primaryimage\",\"url\":\"https:\\\/\\\/webdesi-gn.fr\\\/dev_deltalabo\\\/wp-content\\\/uploads\\\/2025\\\/11\\\/DELTA-LABO-titrateur-7500KF.webp\",\"contentUrl\":\"https:\\\/\\\/webdesi-gn.fr\\\/dev_deltalabo\\\/wp-content\\\/uploads\\\/2025\\\/11\\\/DELTA-LABO-titrateur-7500KF.webp\",\"width\":465,\"height\":465},{\"@type\":\"BreadcrumbList\",\"@id\":\"https:\\\/\\\/webdesi-gn.fr\\\/dev_deltalabo\\\/produits\\\/cat-produit\\\/coulometre-aquamax-kf-coulometric-grscientific\\\/#breadcrumb\",\"itemListElement\":[{\"@type\":\"ListItem\",\"position\":1,\"name\":\"Accueil\",\"item\":\"https:\\\/\\\/webdesi-gn.fr\\\/dev_deltalabo\\\/\"},{\"@type\":\"ListItem\",\"position\":2,\"name\":\"Produits\",\"item\":\"https:\\\/\\\/webdesi-gn.fr\\\/dev_deltalabo\\\/produits\\\/\"},{\"@type\":\"ListItem\",\"position\":3,\"name\":\"Titrateur TitroLine 7500KF et 7500KF trace &#8211; SI Analytics\"}]},{\"@type\":\"WebSite\",\"@id\":\"https:\\\/\\\/webdesi-gn.fr\\\/dev_deltalabo\\\/#website\",\"url\":\"https:\\\/\\\/webdesi-gn.fr\\\/dev_deltalabo\\\/\",\"name\":\"Delta Labo\",\"description\":\"Un site utilisant WordPress\",\"publisher\":{\"@id\":\"https:\\\/\\\/webdesi-gn.fr\\\/dev_deltalabo\\\/#organization\"},\"alternateName\":\"Delta Labo\",\"potentialAction\":[{\"@type\":\"SearchAction\",\"target\":{\"@type\":\"EntryPoint\",\"urlTemplate\":\"https:\\\/\\\/webdesi-gn.fr\\\/dev_deltalabo\\\/?s={search_term_string}\"},\"query-input\":{\"@type\":\"PropertyValueSpecification\",\"valueRequired\":true,\"valueName\":\"search_term_string\"}}],\"inLanguage\":\"fr-FR\"},{\"@type\":\"Organization\",\"@id\":\"https:\\\/\\\/webdesi-gn.fr\\\/dev_deltalabo\\\/#organization\",\"name\":\"DeltaLabo\",\"url\":\"https:\\\/\\\/webdesi-gn.fr\\\/dev_deltalabo\\\/\",\"logo\":{\"@type\":\"ImageObject\",\"inLanguage\":\"fr-FR\",\"@id\":\"https:\\\/\\\/webdesi-gn.fr\\\/dev_deltalabo\\\/#\\\/schema\\\/logo\\\/image\\\/\",\"url\":\"https:\\\/\\\/webdesi-gn.fr\\\/dev_deltalabo\\\/wp-content\\\/uploads\\\/2022\\\/07\\\/logo-deltalabo.png\",\"contentUrl\":\"https:\\\/\\\/webdesi-gn.fr\\\/dev_deltalabo\\\/wp-content\\\/uploads\\\/2022\\\/07\\\/logo-deltalabo.png\",\"width\":694,\"height\":306,\"caption\":\"DeltaLabo\"},\"image\":{\"@id\":\"https:\\\/\\\/webdesi-gn.fr\\\/dev_deltalabo\\\/#\\\/schema\\\/logo\\\/image\\\/\"}}]}<\/script>\n<!-- \/ Yoast SEO plugin. -->","yoast_head_json":{"title":"Titrateur TitroLine 7500KF et 7500KF trace - SI Analytics | DeltaLabo","robots":{"index":"noindex","follow":"follow","max-snippet":"max-snippet:-1","max-image-preview":"max-image-preview:large","max-video-preview":"max-video-preview:-1"},"og_locale":"fr_FR","og_type":"article","og_title":"Titrateur TitroLine 7500KF et 7500KF trace - SI Analytics | DeltaLabo","og_description":"Titrateur TitroLine 7500KF et 7500KF trace - SI Analytics\u00a0 :  Le TitroLine\u00ae 7500 KF est le g\u00e9n\u00e9raliste pour la d\u00e9termination volum\u00e9trique de la teneur en eau selon Karl-Fisher (10 ppm - 100 %).  Le Titroline\u2122 7500 KF Trace est un titrateur coulom\u00e9trique compact et facile \u00e0 utiliser pour la d\u00e9termination de l\u2019eau selon Karl Fischer (KF), avec une plage de fonctionnement de 1 ppm - 5 % d\u2019eau.  Ces deux nouveaux titrateurs se caract\u00e9risent par les sp\u00e9cifications suivantes:   \u00c9cran couleur haute visibilit\u00e9  Il permet d'utiliser plusieurs m\u00e9thodes : d\u00e9termination du titre (\u00e9chantillon, eau, \u00e9talon liquide, tartrate dihydrat\u00e9), valeur \u00e0 blanc (four, solvant).  R\u00e9sultats obtenus en ppm, %, mg, \u03bcg, mg\/l.  L'ajout de solvant et le rejet de l'\u00e9chantillon s'effectuent \u00e0 l'aide du support de titration TM 235 KF (en option pour TitroLine 7500 KF trace)  Affichage avec courbe et d\u00e9rive  3 ports USB, 1 port LAN et 2 ports RS232  Normes harmonis\u00e9es appliqu\u00e9es EN 61326-1:2006  T\u00e9l\u00e9charger la brochure produit : TitroLine SI Analytics 7500KF et 7500KF trace","og_url":"https:\/\/webdesi-gn.fr\/dev_deltalabo\/produits\/cat-produit\/coulometre-aquamax-kf-coulometric-grscientific\/","og_site_name":"DeltaLabo","article_modified_time":"2025-11-24T12:57:47+00:00","og_image":[{"width":450,"height":459,"url":"https:\/\/webdesi-gn.fr\/dev_deltalabo\/wp-content\/uploads\/2024\/01\/DELTA-LABO-5000KF-trace.jpg","type":"image\/jpeg"}],"twitter_card":"summary_large_image","twitter_misc":{"Dur\u00e9e de lecture estim\u00e9e":"1 minute"},"schema":{"@context":"https:\/\/schema.org","@graph":[{"@type":"WebPage","@id":"https:\/\/webdesi-gn.fr\/dev_deltalabo\/produits\/cat-produit\/coulometre-aquamax-kf-coulometric-grscientific\/","url":"https:\/\/webdesi-gn.fr\/dev_deltalabo\/produits\/cat-produit\/coulometre-aquamax-kf-coulometric-grscientific\/","name":"Titrateur TitroLine 7500KF et 7500KF trace - SI Analytics | DeltaLabo","isPartOf":{"@id":"https:\/\/webdesi-gn.fr\/dev_deltalabo\/#website"},"primaryImageOfPage":{"@id":"https:\/\/webdesi-gn.fr\/dev_deltalabo\/produits\/cat-produit\/coulometre-aquamax-kf-coulometric-grscientific\/#primaryimage"},"image":{"@id":"https:\/\/webdesi-gn.fr\/dev_deltalabo\/produits\/cat-produit\/coulometre-aquamax-kf-coulometric-grscientific\/#primaryimage"},"thumbnailUrl":"https:\/\/webdesi-gn.fr\/dev_deltalabo\/wp-content\/uploads\/2025\/11\/DELTA-LABO-titrateur-7500KF.webp","datePublished":"2024-01-08T10:27:00+00:00","dateModified":"2025-11-24T12:57:47+00:00","breadcrumb":{"@id":"https:\/\/webdesi-gn.fr\/dev_deltalabo\/produits\/cat-produit\/coulometre-aquamax-kf-coulometric-grscientific\/#breadcrumb"},"inLanguage":"fr-FR","potentialAction":[{"@type":"ReadAction","target":["https:\/\/webdesi-gn.fr\/dev_deltalabo\/produits\/cat-produit\/coulometre-aquamax-kf-coulometric-grscientific\/"]}]},{"@type":"ImageObject","inLanguage":"fr-FR","@id":"https:\/\/webdesi-gn.fr\/dev_deltalabo\/produits\/cat-produit\/coulometre-aquamax-kf-coulometric-grscientific\/#primaryimage","url":"https:\/\/webdesi-gn.fr\/dev_deltalabo\/wp-content\/uploads\/2025\/11\/DELTA-LABO-titrateur-7500KF.webp","contentUrl":"https:\/\/webdesi-gn.fr\/dev_deltalabo\/wp-content\/uploads\/2025\/11\/DELTA-LABO-titrateur-7500KF.webp","width":465,"height":465},{"@type":"BreadcrumbList","@id":"https:\/\/webdesi-gn.fr\/dev_deltalabo\/produits\/cat-produit\/coulometre-aquamax-kf-coulometric-grscientific\/#breadcrumb","itemListElement":[{"@type":"ListItem","position":1,"name":"Accueil","item":"https:\/\/webdesi-gn.fr\/dev_deltalabo\/"},{"@type":"ListItem","position":2,"name":"Produits","item":"https:\/\/webdesi-gn.fr\/dev_deltalabo\/produits\/"},{"@type":"ListItem","position":3,"name":"Titrateur TitroLine 7500KF et 7500KF trace &#8211; SI Analytics"}]},{"@type":"WebSite","@id":"https:\/\/webdesi-gn.fr\/dev_deltalabo\/#website","url":"https:\/\/webdesi-gn.fr\/dev_deltalabo\/","name":"Delta Labo","description":"Un site utilisant WordPress","publisher":{"@id":"https:\/\/webdesi-gn.fr\/dev_deltalabo\/#organization"},"alternateName":"Delta Labo","potentialAction":[{"@type":"SearchAction","target":{"@type":"EntryPoint","urlTemplate":"https:\/\/webdesi-gn.fr\/dev_deltalabo\/?s={search_term_string}"},"query-input":{"@type":"PropertyValueSpecification","valueRequired":true,"valueName":"search_term_string"}}],"inLanguage":"fr-FR"},{"@type":"Organization","@id":"https:\/\/webdesi-gn.fr\/dev_deltalabo\/#organization","name":"DeltaLabo","url":"https:\/\/webdesi-gn.fr\/dev_deltalabo\/","logo":{"@type":"ImageObject","inLanguage":"fr-FR","@id":"https:\/\/webdesi-gn.fr\/dev_deltalabo\/#\/schema\/logo\/image\/","url":"https:\/\/webdesi-gn.fr\/dev_deltalabo\/wp-content\/uploads\/2022\/07\/logo-deltalabo.png","contentUrl":"https:\/\/webdesi-gn.fr\/dev_deltalabo\/wp-content\/uploads\/2022\/07\/logo-deltalabo.png","width":694,"height":306,"caption":"DeltaLabo"},"image":{"@id":"https:\/\/webdesi-gn.fr\/dev_deltalabo\/#\/schema\/logo\/image\/"}}]}},"_links":{"self":[{"href":"https:\/\/webdesi-gn.fr\/dev_deltalabo\/wp-json\/wp\/v2\/product\/255500","targetHints":{"allow":["GET"]}}],"collection":[{"href":"https:\/\/webdesi-gn.fr\/dev_deltalabo\/wp-json\/wp\/v2\/product"}],"about":[{"href":"https:\/\/webdesi-gn.fr\/dev_deltalabo\/wp-json\/wp\/v2\/types\/product"}],"wp:featuredmedia":[{"embeddable":true,"href":"https:\/\/webdesi-gn.fr\/dev_deltalabo\/wp-json\/wp\/v2\/media\/262326"}],"wp:attachment":[{"href":"https:\/\/webdesi-gn.fr\/dev_deltalabo\/wp-json\/wp\/v2\/media?parent=255500"}],"wp:term":[{"taxonomy":"domaine","embeddable":true,"href":"https:\/\/webdesi-gn.fr\/dev_deltalabo\/wp-json\/wp\/v2\/domaine?post=255500"},{"taxonomy":"normes","embeddable":true,"href":"https:\/\/webdesi-gn.fr\/dev_deltalabo\/wp-json\/wp\/v2\/normes?post=255500"},{"taxonomy":"product_brand","embeddable":true,"href":"https:\/\/webdesi-gn.fr\/dev_deltalabo\/wp-json\/wp\/v2\/product_brand?post=255500"},{"taxonomy":"product_cat","embeddable":true,"href":"https:\/\/webdesi-gn.fr\/dev_deltalabo\/wp-json\/wp\/v2\/product_cat?post=255500"},{"taxonomy":"product_tag","embeddable":true,"href":"https:\/\/webdesi-gn.fr\/dev_deltalabo\/wp-json\/wp\/v2\/product_tag?post=255500"}],"curies":[{"name":"wp","href":"https:\/\/api.w.org\/{rel}","templated":true}]}}