{"id":255505,"date":"2024-01-08T11:33:15","date_gmt":"2024-01-08T10:33:15","guid":{"rendered":"https:\/\/webdesi-gn.fr\/dev_deltalabo\/?post_type=product&#038;p=255505"},"modified":"2025-11-24T15:43:02","modified_gmt":"2025-11-24T14:43:02","slug":"distillation-automatique","status":"publish","type":"product","link":"https:\/\/webdesi-gn.fr\/dev_deltalabo\/produits\/cat-produit\/distillation-automatique\/","title":{"rendered":"Distillation automatique"},"content":{"rendered":"","protected":false},"excerpt":{"rendered":"<p>Nouvelle distillation ORBIS mod\u00e8le STARDist :<br \/>\nLa nouvelle distillation ORBIS mod\u00e8le STARDist int\u00e8gre les toutes derni\u00e8res innovations technologiques issues de 30 ann\u00e9es d&rsquo;exp\u00e9riences en mati\u00e8re de distillation.<\/p>\n<p>La distillation ORBIS STARDist est rigoureusement conforme aux normes ASTM D86, D1078, D850, EN ISO 3405 et IP 123.<\/p>\n<p>L&rsquo;unit\u00e9 de distillation automatique ORBIS STARDist est en train de r\u00e9volutionner le monde de la distillation gr\u00e2ce \u00e0 ses avanc\u00e9es techniques r\u00e9ellement innovantes:<\/p>\n<p>&#8211; nouvelle fonction \u00ab\u00a0Volume Scan\u00a0\u00bb : le cylindre est scann\u00e9 en permanence sur toute sa hauteur ce qui permet \u00e0 l&rsquo;unit\u00e9 de distillation de suivre le bas du m\u00e9nisque, de d\u00e9terminer le volume de r\u00e9cup\u00e9ration exact et d&rsquo;ajuster la puissance de chauffe en continu<\/p>\n<p>&#8211; nouveau module \u00ab\u00a0DistPad\u00a0\u00bb : il permet de piloter la distillation \u00e0 partir d&rsquo;un iPad m\u00eame \u00e0 distance par liaison wifi!<\/p>\n<p>&#8211; nouveau refroidissement par effet peltier du condenseur : pas de compresseur, pas de maintenance frigorifique \u00e0 pr\u00e9voir!<\/p>\n<p><strong>T\u00e9l\u00e9charger la brochure produit :<\/strong> <a href=\"https:\/\/www.deltalabo.fr\/wp-content\/uploads\/2025\/03\/Doc-distill-Stardist-engl-DL.pdf\">Distillateur STARDist<\/a><\/p>\n","protected":false},"featured_media":262324,"template":"","meta":{"_acf_changed":false,"site-sidebar-layout":"default","site-content-layout":"","ast-site-content-layout":"default","site-content-style":"default","site-sidebar-style":"default","ast-global-header-display":"","ast-banner-title-visibility":"","ast-main-header-display":"","ast-hfb-above-header-display":"","ast-hfb-below-header-display":"","ast-hfb-mobile-header-display":"","site-post-title":"","ast-breadcrumbs-content":"","ast-featured-img":"","footer-sml-layout":"","ast-disable-related-posts":"","theme-transparent-header-meta":"default","adv-header-id-meta":"","stick-header-meta":"","header-above-stick-meta":"","header-main-stick-meta":"","header-below-stick-meta":"","astra-migrate-meta-layouts":"set","ast-page-background-enabled":"default","ast-page-background-meta":{"desktop":{"background-color":"var(--ast-global-color-5)","background-image":"","background-repeat":"repeat","background-position":"center center","background-size":"auto","background-attachment":"scroll","background-type":"","background-media":"","overlay-type":"","overlay-color":"","overlay-opacity":"","overlay-gradient":""},"tablet":{"background-color":"","background-image":"","background-repeat":"repeat","background-position":"center center","background-size":"auto","background-attachment":"scroll","background-type":"","background-media":"","overlay-type":"","overlay-color":"","overlay-opacity":"","overlay-gradient":""},"mobile":{"background-color":"","background-image":"","background-repeat":"repeat","background-position":"center center","background-size":"auto","background-attachment":"scroll","background-type":"","background-media":"","overlay-type":"","overlay-color":"","overlay-opacity":"","overlay-gradient":""}},"ast-content-background-meta":{"desktop":{"background-color":"var(--ast-global-color-4)","background-image":"","background-repeat":"repeat","background-position":"center center","background-size":"auto","background-attachment":"scroll","background-type":"","background-media":"","overlay-type":"","overlay-color":"","overlay-opacity":"","overlay-gradient":""},"tablet":{"background-color":"var(--ast-global-color-4)","background-image":"","background-repeat":"repeat","background-position":"center center","background-size":"auto","background-attachment":"scroll","background-type":"","background-media":"","overlay-type":"","overlay-color":"","overlay-opacity":"","overlay-gradient":""},"mobile":{"background-color":"var(--ast-global-color-4)","background-image":"","background-repeat":"repeat","background-position":"center center","background-size":"auto","background-attachment":"scroll","background-type":"","background-media":"","overlay-type":"","overlay-color":"","overlay-opacity":"","overlay-gradient":""}}},"domaine":[],"normes":[3289,3390,3392,17135,17179,17109],"product_brand":[],"product_cat":[15],"product_tag":[],"class_list":{"0":"post-255505","1":"product","2":"type-product","3":"status-publish","4":"has-post-thumbnail","6":"normes-d1078","7":"normes-d850","8":"normes-d86","9":"normes-din-51562","10":"normes-ip-123","11":"normes-iso-3405","12":"product_cat-cat-produit","13":"desktop-align-left","14":"tablet-align-left","15":"mobile-align-left","17":"first","18":"instock","19":"shipping-taxable","20":"purchasable","21":"product-type-simple"},"acf":[],"yoast_head":"<!-- This site is optimized with the Yoast SEO plugin v27.4 - https:\/\/yoast.com\/product\/yoast-seo-wordpress\/ -->\n<title>Distillation automatique | DeltaLabo<\/title>\n<meta name=\"robots\" content=\"noindex, follow, max-snippet:-1, max-image-preview:large, max-video-preview:-1\" \/>\n<meta property=\"og:locale\" content=\"fr_FR\" \/>\n<meta property=\"og:type\" content=\"article\" \/>\n<meta property=\"og:title\" content=\"Distillation automatique | DeltaLabo\" \/>\n<meta property=\"og:description\" content=\"Nouvelle distillation ORBIS mod\u00e8le STARDist : La nouvelle distillation ORBIS mod\u00e8le STARDist int\u00e8gre les toutes derni\u00e8res innovations technologiques issues de 30 ann\u00e9es d&#039;exp\u00e9riences en mati\u00e8re de distillation.  La distillation ORBIS STARDist est rigoureusement conforme aux normes ASTM D86, D1078, D850, EN ISO 3405 et IP 123.  L&#039;unit\u00e9 de distillation automatique ORBIS STARDist est en train de r\u00e9volutionner le monde de la distillation gr\u00e2ce \u00e0 ses avanc\u00e9es techniques r\u00e9ellement innovantes:  - nouvelle fonction &quot;Volume Scan&quot; : le cylindre est scann\u00e9 en permanence sur toute sa hauteur ce qui permet \u00e0 l&#039;unit\u00e9 de distillation de suivre le bas du m\u00e9nisque, de d\u00e9terminer le volume de r\u00e9cup\u00e9ration exact et d&#039;ajuster la puissance de chauffe en continu  - nouveau module &quot;DistPad&quot; : il permet de piloter la distillation \u00e0 partir d&#039;un iPad m\u00eame \u00e0 distance par liaison wifi!  - nouveau refroidissement par effet peltier du condenseur : pas de compresseur, pas de maintenance frigorifique \u00e0 pr\u00e9voir!  T\u00e9l\u00e9charger la brochure produit : Distillateur STARDist\" \/>\n<meta property=\"og:url\" content=\"https:\/\/webdesi-gn.fr\/dev_deltalabo\/produits\/astm-d850\/distillation-automatique\/\" \/>\n<meta property=\"og:site_name\" content=\"DeltaLabo\" \/>\n<meta property=\"article:modified_time\" content=\"2025-11-24T14:43:02+00:00\" \/>\n<meta property=\"og:image\" content=\"https:\/\/webdesi-gn.fr\/dev_deltalabo\/wp-content\/uploads\/2025\/11\/DELTALABO-Distillation-automatique-Stardist.jpg\" \/>\n\t<meta property=\"og:image:width\" content=\"453\" \/>\n\t<meta property=\"og:image:height\" content=\"468\" \/>\n\t<meta property=\"og:image:type\" content=\"image\/jpeg\" \/>\n<meta name=\"twitter:card\" content=\"summary_large_image\" \/>\n<meta name=\"twitter:label1\" content=\"Dur\u00e9e de lecture estim\u00e9e\" \/>\n\t<meta name=\"twitter:data1\" content=\"1 minute\" \/>\n<script type=\"application\/ld+json\" class=\"yoast-schema-graph\">{\"@context\":\"https:\\\/\\\/schema.org\",\"@graph\":[{\"@type\":\"WebPage\",\"@id\":\"https:\\\/\\\/webdesi-gn.fr\\\/dev_deltalabo\\\/produits\\\/astm-d850\\\/distillation-automatique\\\/\",\"url\":\"https:\\\/\\\/webdesi-gn.fr\\\/dev_deltalabo\\\/produits\\\/astm-d850\\\/distillation-automatique\\\/\",\"name\":\"Distillation automatique | DeltaLabo\",\"isPartOf\":{\"@id\":\"https:\\\/\\\/webdesi-gn.fr\\\/dev_deltalabo\\\/#website\"},\"primaryImageOfPage\":{\"@id\":\"https:\\\/\\\/webdesi-gn.fr\\\/dev_deltalabo\\\/produits\\\/astm-d850\\\/distillation-automatique\\\/#primaryimage\"},\"image\":{\"@id\":\"https:\\\/\\\/webdesi-gn.fr\\\/dev_deltalabo\\\/produits\\\/astm-d850\\\/distillation-automatique\\\/#primaryimage\"},\"thumbnailUrl\":\"https:\\\/\\\/webdesi-gn.fr\\\/dev_deltalabo\\\/wp-content\\\/uploads\\\/2025\\\/11\\\/DELTALABO-Distillation-automatique-Stardist.jpg\",\"datePublished\":\"2024-01-08T10:33:15+00:00\",\"dateModified\":\"2025-11-24T14:43:02+00:00\",\"breadcrumb\":{\"@id\":\"https:\\\/\\\/webdesi-gn.fr\\\/dev_deltalabo\\\/produits\\\/astm-d850\\\/distillation-automatique\\\/#breadcrumb\"},\"inLanguage\":\"fr-FR\",\"potentialAction\":[{\"@type\":\"ReadAction\",\"target\":[\"https:\\\/\\\/webdesi-gn.fr\\\/dev_deltalabo\\\/produits\\\/astm-d850\\\/distillation-automatique\\\/\"]}]},{\"@type\":\"ImageObject\",\"inLanguage\":\"fr-FR\",\"@id\":\"https:\\\/\\\/webdesi-gn.fr\\\/dev_deltalabo\\\/produits\\\/astm-d850\\\/distillation-automatique\\\/#primaryimage\",\"url\":\"https:\\\/\\\/webdesi-gn.fr\\\/dev_deltalabo\\\/wp-content\\\/uploads\\\/2025\\\/11\\\/DELTALABO-Distillation-automatique-Stardist.jpg\",\"contentUrl\":\"https:\\\/\\\/webdesi-gn.fr\\\/dev_deltalabo\\\/wp-content\\\/uploads\\\/2025\\\/11\\\/DELTALABO-Distillation-automatique-Stardist.jpg\",\"width\":453,\"height\":468},{\"@type\":\"BreadcrumbList\",\"@id\":\"https:\\\/\\\/webdesi-gn.fr\\\/dev_deltalabo\\\/produits\\\/astm-d850\\\/distillation-automatique\\\/#breadcrumb\",\"itemListElement\":[{\"@type\":\"ListItem\",\"position\":1,\"name\":\"Accueil\",\"item\":\"https:\\\/\\\/webdesi-gn.fr\\\/dev_deltalabo\\\/\"},{\"@type\":\"ListItem\",\"position\":2,\"name\":\"Produits\",\"item\":\"https:\\\/\\\/webdesi-gn.fr\\\/dev_deltalabo\\\/produits\\\/\"},{\"@type\":\"ListItem\",\"position\":3,\"name\":\"Distillation automatique\"}]},{\"@type\":\"WebSite\",\"@id\":\"https:\\\/\\\/webdesi-gn.fr\\\/dev_deltalabo\\\/#website\",\"url\":\"https:\\\/\\\/webdesi-gn.fr\\\/dev_deltalabo\\\/\",\"name\":\"Delta Labo\",\"description\":\"Un site utilisant WordPress\",\"publisher\":{\"@id\":\"https:\\\/\\\/webdesi-gn.fr\\\/dev_deltalabo\\\/#organization\"},\"alternateName\":\"Delta Labo\",\"potentialAction\":[{\"@type\":\"SearchAction\",\"target\":{\"@type\":\"EntryPoint\",\"urlTemplate\":\"https:\\\/\\\/webdesi-gn.fr\\\/dev_deltalabo\\\/?s={search_term_string}\"},\"query-input\":{\"@type\":\"PropertyValueSpecification\",\"valueRequired\":true,\"valueName\":\"search_term_string\"}}],\"inLanguage\":\"fr-FR\"},{\"@type\":\"Organization\",\"@id\":\"https:\\\/\\\/webdesi-gn.fr\\\/dev_deltalabo\\\/#organization\",\"name\":\"DeltaLabo\",\"url\":\"https:\\\/\\\/webdesi-gn.fr\\\/dev_deltalabo\\\/\",\"logo\":{\"@type\":\"ImageObject\",\"inLanguage\":\"fr-FR\",\"@id\":\"https:\\\/\\\/webdesi-gn.fr\\\/dev_deltalabo\\\/#\\\/schema\\\/logo\\\/image\\\/\",\"url\":\"https:\\\/\\\/webdesi-gn.fr\\\/dev_deltalabo\\\/wp-content\\\/uploads\\\/2022\\\/07\\\/logo-deltalabo.png\",\"contentUrl\":\"https:\\\/\\\/webdesi-gn.fr\\\/dev_deltalabo\\\/wp-content\\\/uploads\\\/2022\\\/07\\\/logo-deltalabo.png\",\"width\":694,\"height\":306,\"caption\":\"DeltaLabo\"},\"image\":{\"@id\":\"https:\\\/\\\/webdesi-gn.fr\\\/dev_deltalabo\\\/#\\\/schema\\\/logo\\\/image\\\/\"}}]}<\/script>\n<!-- \/ Yoast SEO plugin. -->","yoast_head_json":{"title":"Distillation automatique | DeltaLabo","robots":{"index":"noindex","follow":"follow","max-snippet":"max-snippet:-1","max-image-preview":"max-image-preview:large","max-video-preview":"max-video-preview:-1"},"og_locale":"fr_FR","og_type":"article","og_title":"Distillation automatique | DeltaLabo","og_description":"Nouvelle distillation ORBIS mod\u00e8le STARDist : La nouvelle distillation ORBIS mod\u00e8le STARDist int\u00e8gre les toutes derni\u00e8res innovations technologiques issues de 30 ann\u00e9es d'exp\u00e9riences en mati\u00e8re de distillation.  La distillation ORBIS STARDist est rigoureusement conforme aux normes ASTM D86, D1078, D850, EN ISO 3405 et IP 123.  L'unit\u00e9 de distillation automatique ORBIS STARDist est en train de r\u00e9volutionner le monde de la distillation gr\u00e2ce \u00e0 ses avanc\u00e9es techniques r\u00e9ellement innovantes:  - nouvelle fonction \"Volume Scan\" : le cylindre est scann\u00e9 en permanence sur toute sa hauteur ce qui permet \u00e0 l'unit\u00e9 de distillation de suivre le bas du m\u00e9nisque, de d\u00e9terminer le volume de r\u00e9cup\u00e9ration exact et d'ajuster la puissance de chauffe en continu  - nouveau module \"DistPad\" : il permet de piloter la distillation \u00e0 partir d'un iPad m\u00eame \u00e0 distance par liaison wifi!  - nouveau refroidissement par effet peltier du condenseur : pas de compresseur, pas de maintenance frigorifique \u00e0 pr\u00e9voir!  T\u00e9l\u00e9charger la brochure produit : Distillateur STARDist","og_url":"https:\/\/webdesi-gn.fr\/dev_deltalabo\/produits\/astm-d850\/distillation-automatique\/","og_site_name":"DeltaLabo","article_modified_time":"2025-11-24T14:43:02+00:00","og_image":[{"width":453,"height":468,"url":"https:\/\/webdesi-gn.fr\/dev_deltalabo\/wp-content\/uploads\/2025\/11\/DELTALABO-Distillation-automatique-Stardist.jpg","type":"image\/jpeg"}],"twitter_card":"summary_large_image","twitter_misc":{"Dur\u00e9e de lecture estim\u00e9e":"1 minute"},"schema":{"@context":"https:\/\/schema.org","@graph":[{"@type":"WebPage","@id":"https:\/\/webdesi-gn.fr\/dev_deltalabo\/produits\/astm-d850\/distillation-automatique\/","url":"https:\/\/webdesi-gn.fr\/dev_deltalabo\/produits\/astm-d850\/distillation-automatique\/","name":"Distillation automatique | DeltaLabo","isPartOf":{"@id":"https:\/\/webdesi-gn.fr\/dev_deltalabo\/#website"},"primaryImageOfPage":{"@id":"https:\/\/webdesi-gn.fr\/dev_deltalabo\/produits\/astm-d850\/distillation-automatique\/#primaryimage"},"image":{"@id":"https:\/\/webdesi-gn.fr\/dev_deltalabo\/produits\/astm-d850\/distillation-automatique\/#primaryimage"},"thumbnailUrl":"https:\/\/webdesi-gn.fr\/dev_deltalabo\/wp-content\/uploads\/2025\/11\/DELTALABO-Distillation-automatique-Stardist.jpg","datePublished":"2024-01-08T10:33:15+00:00","dateModified":"2025-11-24T14:43:02+00:00","breadcrumb":{"@id":"https:\/\/webdesi-gn.fr\/dev_deltalabo\/produits\/astm-d850\/distillation-automatique\/#breadcrumb"},"inLanguage":"fr-FR","potentialAction":[{"@type":"ReadAction","target":["https:\/\/webdesi-gn.fr\/dev_deltalabo\/produits\/astm-d850\/distillation-automatique\/"]}]},{"@type":"ImageObject","inLanguage":"fr-FR","@id":"https:\/\/webdesi-gn.fr\/dev_deltalabo\/produits\/astm-d850\/distillation-automatique\/#primaryimage","url":"https:\/\/webdesi-gn.fr\/dev_deltalabo\/wp-content\/uploads\/2025\/11\/DELTALABO-Distillation-automatique-Stardist.jpg","contentUrl":"https:\/\/webdesi-gn.fr\/dev_deltalabo\/wp-content\/uploads\/2025\/11\/DELTALABO-Distillation-automatique-Stardist.jpg","width":453,"height":468},{"@type":"BreadcrumbList","@id":"https:\/\/webdesi-gn.fr\/dev_deltalabo\/produits\/astm-d850\/distillation-automatique\/#breadcrumb","itemListElement":[{"@type":"ListItem","position":1,"name":"Accueil","item":"https:\/\/webdesi-gn.fr\/dev_deltalabo\/"},{"@type":"ListItem","position":2,"name":"Produits","item":"https:\/\/webdesi-gn.fr\/dev_deltalabo\/produits\/"},{"@type":"ListItem","position":3,"name":"Distillation automatique"}]},{"@type":"WebSite","@id":"https:\/\/webdesi-gn.fr\/dev_deltalabo\/#website","url":"https:\/\/webdesi-gn.fr\/dev_deltalabo\/","name":"Delta Labo","description":"Un site utilisant WordPress","publisher":{"@id":"https:\/\/webdesi-gn.fr\/dev_deltalabo\/#organization"},"alternateName":"Delta Labo","potentialAction":[{"@type":"SearchAction","target":{"@type":"EntryPoint","urlTemplate":"https:\/\/webdesi-gn.fr\/dev_deltalabo\/?s={search_term_string}"},"query-input":{"@type":"PropertyValueSpecification","valueRequired":true,"valueName":"search_term_string"}}],"inLanguage":"fr-FR"},{"@type":"Organization","@id":"https:\/\/webdesi-gn.fr\/dev_deltalabo\/#organization","name":"DeltaLabo","url":"https:\/\/webdesi-gn.fr\/dev_deltalabo\/","logo":{"@type":"ImageObject","inLanguage":"fr-FR","@id":"https:\/\/webdesi-gn.fr\/dev_deltalabo\/#\/schema\/logo\/image\/","url":"https:\/\/webdesi-gn.fr\/dev_deltalabo\/wp-content\/uploads\/2022\/07\/logo-deltalabo.png","contentUrl":"https:\/\/webdesi-gn.fr\/dev_deltalabo\/wp-content\/uploads\/2022\/07\/logo-deltalabo.png","width":694,"height":306,"caption":"DeltaLabo"},"image":{"@id":"https:\/\/webdesi-gn.fr\/dev_deltalabo\/#\/schema\/logo\/image\/"}}]}},"_links":{"self":[{"href":"https:\/\/webdesi-gn.fr\/dev_deltalabo\/wp-json\/wp\/v2\/product\/255505","targetHints":{"allow":["GET"]}}],"collection":[{"href":"https:\/\/webdesi-gn.fr\/dev_deltalabo\/wp-json\/wp\/v2\/product"}],"about":[{"href":"https:\/\/webdesi-gn.fr\/dev_deltalabo\/wp-json\/wp\/v2\/types\/product"}],"wp:featuredmedia":[{"embeddable":true,"href":"https:\/\/webdesi-gn.fr\/dev_deltalabo\/wp-json\/wp\/v2\/media\/262324"}],"wp:attachment":[{"href":"https:\/\/webdesi-gn.fr\/dev_deltalabo\/wp-json\/wp\/v2\/media?parent=255505"}],"wp:term":[{"taxonomy":"domaine","embeddable":true,"href":"https:\/\/webdesi-gn.fr\/dev_deltalabo\/wp-json\/wp\/v2\/domaine?post=255505"},{"taxonomy":"normes","embeddable":true,"href":"https:\/\/webdesi-gn.fr\/dev_deltalabo\/wp-json\/wp\/v2\/normes?post=255505"},{"taxonomy":"product_brand","embeddable":true,"href":"https:\/\/webdesi-gn.fr\/dev_deltalabo\/wp-json\/wp\/v2\/product_brand?post=255505"},{"taxonomy":"product_cat","embeddable":true,"href":"https:\/\/webdesi-gn.fr\/dev_deltalabo\/wp-json\/wp\/v2\/product_cat?post=255505"},{"taxonomy":"product_tag","embeddable":true,"href":"https:\/\/webdesi-gn.fr\/dev_deltalabo\/wp-json\/wp\/v2\/product_tag?post=255505"}],"curies":[{"name":"wp","href":"https:\/\/api.w.org\/{rel}","templated":true}]}}