{"id":255520,"date":"2024-01-08T11:50:37","date_gmt":"2024-01-08T10:50:37","guid":{"rendered":"https:\/\/webdesi-gn.fr\/dev_deltalabo\/?post_type=product&#038;p=255520"},"modified":"2025-11-24T15:21:22","modified_gmt":"2025-11-24T14:21:22","slug":"lave-vaisselle-de-laboratoire-a-sechage-integre-miele","status":"publish","type":"product","link":"https:\/\/webdesi-gn.fr\/dev_deltalabo\/produits\/petrochimie-chimie-nucleaire\/lave-vaisselle-de-laboratoire-a-sechage-integre-miele\/","title":{"rendered":"Lave-vaisselle de laboratoire \u00e0 s\u00e9chage int\u00e9gr\u00e9 MIELE"},"content":{"rendered":"","protected":false},"excerpt":{"rendered":"<p><strong>Lave-vaisselle de laboratoire \u00e0 s\u00e9chage int\u00e9gr\u00e9 MIELE :<\/strong><\/p>\n<p>DELTA LABO s&rsquo;associe \u00e0 MIELE et vous propose des lave-vaisselles adapt\u00e9s au domaine de la p\u00e9trochimie avec toute une gamme adapt\u00e9e au lavage des verreries, des contenants et des petits outils utilis\u00e9s au laboratoire (spatules, etc&#8230;).<\/p>\n<p>Le lave-vaisselle MIELE \u00ab\u00a0p\u00e9trochimie\u00a0\u00bb est livr\u00e9 de s\u00e9rie avec un s\u00e9cheur int\u00e9gr\u00e9. Ils permettent de r\u00e9cup\u00e9rer une vaisselle propre et s\u00e8che \u00e0 la fin du cycle. Les filtres HEPA assurent une filtration des particules lors du cycle de s\u00e9chage pour garantir une vaisselle propre et non contamin\u00e9e.<\/p>\n<p>Tout dans la conception de ce mod\u00e8le est \u00e9tudi\u00e9 pour que ce lave-vaisselle MIELE vous donne satisfaction et r\u00e9siste aux produits particuli\u00e8rement agressifs (solvants, produits organiques, etc&#8230;).<\/p>\n<p>Fiables et robustes, les lave-vaisselles MIELE sont les plus performants du march\u00e9. Les accessoires (chariots, supports des verreries avec injecteurs, etc&#8230;) sont \u00e9tudi\u00e9s pour un lavage optimal.<\/p>\n<p><strong>T\u00e9l\u00e9charger la brochure produit :<\/strong> <a href=\"https:\/\/www.deltalabo.fr\/wp-content\/uploads\/2025\/03\/2023_Catalogue_Laboratoire_Miele-Professional-Fr-DL.pdf\">Lave-vaisselle de laboratoire \u00e0 s\u00e9chage int\u00e9gr\u00e9 MIELE<\/a><\/p>\n","protected":false},"featured_media":262316,"template":"","meta":{"_acf_changed":false,"site-sidebar-layout":"default","site-content-layout":"","ast-site-content-layout":"default","site-content-style":"default","site-sidebar-style":"default","ast-global-header-display":"","ast-banner-title-visibility":"","ast-main-header-display":"","ast-hfb-above-header-display":"","ast-hfb-below-header-display":"","ast-hfb-mobile-header-display":"","site-post-title":"","ast-breadcrumbs-content":"","ast-featured-img":"","footer-sml-layout":"","ast-disable-related-posts":"","theme-transparent-header-meta":"","adv-header-id-meta":"","stick-header-meta":"","header-above-stick-meta":"","header-main-stick-meta":"","header-below-stick-meta":"","astra-migrate-meta-layouts":"default","ast-page-background-enabled":"default","ast-page-background-meta":{"desktop":{"background-color":"var(--ast-global-color-5)","background-image":"","background-repeat":"repeat","background-position":"center center","background-size":"auto","background-attachment":"scroll","background-type":"","background-media":"","overlay-type":"","overlay-color":"","overlay-opacity":"","overlay-gradient":""},"tablet":{"background-color":"","background-image":"","background-repeat":"repeat","background-position":"center center","background-size":"auto","background-attachment":"scroll","background-type":"","background-media":"","overlay-type":"","overlay-color":"","overlay-opacity":"","overlay-gradient":""},"mobile":{"background-color":"","background-image":"","background-repeat":"repeat","background-position":"center center","background-size":"auto","background-attachment":"scroll","background-type":"","background-media":"","overlay-type":"","overlay-color":"","overlay-opacity":"","overlay-gradient":""}},"ast-content-background-meta":{"desktop":{"background-color":"var(--ast-global-color-4)","background-image":"","background-repeat":"repeat","background-position":"center center","background-size":"auto","background-attachment":"scroll","background-type":"","background-media":"","overlay-type":"","overlay-color":"","overlay-opacity":"","overlay-gradient":""},"tablet":{"background-color":"var(--ast-global-color-4)","background-image":"","background-repeat":"repeat","background-position":"center center","background-size":"auto","background-attachment":"scroll","background-type":"","background-media":"","overlay-type":"","overlay-color":"","overlay-opacity":"","overlay-gradient":""},"mobile":{"background-color":"var(--ast-global-color-4)","background-image":"","background-repeat":"repeat","background-position":"center center","background-size":"auto","background-attachment":"scroll","background-type":"","background-media":"","overlay-type":"","overlay-color":"","overlay-opacity":"","overlay-gradient":""}}},"domaine":[17181],"normes":[],"product_brand":[],"product_cat":[17240,94],"product_tag":[],"class_list":{"0":"post-255520","1":"product","2":"type-product","3":"status-publish","4":"has-post-thumbnail","6":"domaine-analyses-petrochimiques","7":"product_cat-categories","8":"product_cat-petrochimie-chimie-nucleaire","9":"desktop-align-left","10":"tablet-align-left","11":"mobile-align-left","13":"first","14":"instock","15":"shipping-taxable","16":"product-type-simple"},"acf":[],"yoast_head":"<!-- This site is optimized with the Yoast SEO plugin v27.4 - https:\/\/yoast.com\/product\/yoast-seo-wordpress\/ -->\n<title>Lave-vaisselle de laboratoire \u00e0 s\u00e9chage int\u00e9gr\u00e9 MIELE | DeltaLabo<\/title>\n<meta name=\"robots\" content=\"noindex, follow, max-snippet:-1, max-image-preview:large, max-video-preview:-1\" \/>\n<meta property=\"og:locale\" content=\"fr_FR\" \/>\n<meta property=\"og:type\" content=\"article\" \/>\n<meta property=\"og:title\" content=\"Lave-vaisselle de laboratoire \u00e0 s\u00e9chage int\u00e9gr\u00e9 MIELE | DeltaLabo\" \/>\n<meta property=\"og:description\" content=\"Lave-vaisselle de laboratoire \u00e0 s\u00e9chage int\u00e9gr\u00e9 MIELE :  DELTA LABO s&#039;associe \u00e0 MIELE et vous propose des lave-vaisselles adapt\u00e9s au domaine de la p\u00e9trochimie avec toute une gamme adapt\u00e9e au lavage des verreries, des contenants et des petits outils utilis\u00e9s au laboratoire (spatules, etc...).  Le lave-vaisselle MIELE &quot;p\u00e9trochimie&quot; est livr\u00e9 de s\u00e9rie avec un s\u00e9cheur int\u00e9gr\u00e9. Ils permettent de r\u00e9cup\u00e9rer une vaisselle propre et s\u00e8che \u00e0 la fin du cycle. Les filtres HEPA assurent une filtration des particules lors du cycle de s\u00e9chage pour garantir une vaisselle propre et non contamin\u00e9e.  Tout dans la conception de ce mod\u00e8le est \u00e9tudi\u00e9 pour que ce lave-vaisselle MIELE vous donne satisfaction et r\u00e9siste aux produits particuli\u00e8rement agressifs (solvants, produits organiques, etc...).  Fiables et robustes, les lave-vaisselles MIELE sont les plus performants du march\u00e9. Les accessoires (chariots, supports des verreries avec injecteurs, etc...) sont \u00e9tudi\u00e9s pour un lavage optimal.  T\u00e9l\u00e9charger la brochure produit : Lave-vaisselle de laboratoire \u00e0 s\u00e9chage int\u00e9gr\u00e9 MIELE\" \/>\n<meta property=\"og:url\" content=\"https:\/\/webdesi-gn.fr\/dev_deltalabo\/produits\/petrochimie-chimie-nucleaire\/lave-vaisselle-de-laboratoire-a-sechage-integre-miele\/\" \/>\n<meta property=\"og:site_name\" content=\"DeltaLabo\" \/>\n<meta property=\"article:modified_time\" content=\"2025-11-24T14:21:22+00:00\" \/>\n<meta property=\"og:image\" content=\"https:\/\/webdesi-gn.fr\/dev_deltalabo\/wp-content\/uploads\/2025\/11\/DELTA-LABO-Lave-vaisselle-Mielle.webp\" \/>\n\t<meta property=\"og:image:width\" content=\"1500\" \/>\n\t<meta property=\"og:image:height\" content=\"1500\" \/>\n\t<meta property=\"og:image:type\" content=\"image\/webp\" \/>\n<meta name=\"twitter:card\" content=\"summary_large_image\" \/>\n<script type=\"application\/ld+json\" class=\"yoast-schema-graph\">{\"@context\":\"https:\\\/\\\/schema.org\",\"@graph\":[{\"@type\":\"WebPage\",\"@id\":\"https:\\\/\\\/webdesi-gn.fr\\\/dev_deltalabo\\\/produits\\\/petrochimie-chimie-nucleaire\\\/lave-vaisselle-de-laboratoire-a-sechage-integre-miele\\\/\",\"url\":\"https:\\\/\\\/webdesi-gn.fr\\\/dev_deltalabo\\\/produits\\\/petrochimie-chimie-nucleaire\\\/lave-vaisselle-de-laboratoire-a-sechage-integre-miele\\\/\",\"name\":\"Lave-vaisselle de laboratoire \u00e0 s\u00e9chage int\u00e9gr\u00e9 MIELE | DeltaLabo\",\"isPartOf\":{\"@id\":\"https:\\\/\\\/webdesi-gn.fr\\\/dev_deltalabo\\\/#website\"},\"primaryImageOfPage\":{\"@id\":\"https:\\\/\\\/webdesi-gn.fr\\\/dev_deltalabo\\\/produits\\\/petrochimie-chimie-nucleaire\\\/lave-vaisselle-de-laboratoire-a-sechage-integre-miele\\\/#primaryimage\"},\"image\":{\"@id\":\"https:\\\/\\\/webdesi-gn.fr\\\/dev_deltalabo\\\/produits\\\/petrochimie-chimie-nucleaire\\\/lave-vaisselle-de-laboratoire-a-sechage-integre-miele\\\/#primaryimage\"},\"thumbnailUrl\":\"https:\\\/\\\/webdesi-gn.fr\\\/dev_deltalabo\\\/wp-content\\\/uploads\\\/2025\\\/11\\\/DELTA-LABO-Lave-vaisselle-Mielle.webp\",\"datePublished\":\"2024-01-08T10:50:37+00:00\",\"dateModified\":\"2025-11-24T14:21:22+00:00\",\"breadcrumb\":{\"@id\":\"https:\\\/\\\/webdesi-gn.fr\\\/dev_deltalabo\\\/produits\\\/petrochimie-chimie-nucleaire\\\/lave-vaisselle-de-laboratoire-a-sechage-integre-miele\\\/#breadcrumb\"},\"inLanguage\":\"fr-FR\",\"potentialAction\":[{\"@type\":\"ReadAction\",\"target\":[\"https:\\\/\\\/webdesi-gn.fr\\\/dev_deltalabo\\\/produits\\\/petrochimie-chimie-nucleaire\\\/lave-vaisselle-de-laboratoire-a-sechage-integre-miele\\\/\"]}]},{\"@type\":\"ImageObject\",\"inLanguage\":\"fr-FR\",\"@id\":\"https:\\\/\\\/webdesi-gn.fr\\\/dev_deltalabo\\\/produits\\\/petrochimie-chimie-nucleaire\\\/lave-vaisselle-de-laboratoire-a-sechage-integre-miele\\\/#primaryimage\",\"url\":\"https:\\\/\\\/webdesi-gn.fr\\\/dev_deltalabo\\\/wp-content\\\/uploads\\\/2025\\\/11\\\/DELTA-LABO-Lave-vaisselle-Mielle.webp\",\"contentUrl\":\"https:\\\/\\\/webdesi-gn.fr\\\/dev_deltalabo\\\/wp-content\\\/uploads\\\/2025\\\/11\\\/DELTA-LABO-Lave-vaisselle-Mielle.webp\",\"width\":1500,\"height\":1500},{\"@type\":\"BreadcrumbList\",\"@id\":\"https:\\\/\\\/webdesi-gn.fr\\\/dev_deltalabo\\\/produits\\\/petrochimie-chimie-nucleaire\\\/lave-vaisselle-de-laboratoire-a-sechage-integre-miele\\\/#breadcrumb\",\"itemListElement\":[{\"@type\":\"ListItem\",\"position\":1,\"name\":\"Accueil\",\"item\":\"https:\\\/\\\/webdesi-gn.fr\\\/dev_deltalabo\\\/\"},{\"@type\":\"ListItem\",\"position\":2,\"name\":\"Produits\",\"item\":\"https:\\\/\\\/webdesi-gn.fr\\\/dev_deltalabo\\\/produits\\\/\"},{\"@type\":\"ListItem\",\"position\":3,\"name\":\"Lave-vaisselle de laboratoire \u00e0 s\u00e9chage int\u00e9gr\u00e9 MIELE\"}]},{\"@type\":\"WebSite\",\"@id\":\"https:\\\/\\\/webdesi-gn.fr\\\/dev_deltalabo\\\/#website\",\"url\":\"https:\\\/\\\/webdesi-gn.fr\\\/dev_deltalabo\\\/\",\"name\":\"Delta Labo\",\"description\":\"Un site utilisant WordPress\",\"publisher\":{\"@id\":\"https:\\\/\\\/webdesi-gn.fr\\\/dev_deltalabo\\\/#organization\"},\"alternateName\":\"Delta Labo\",\"potentialAction\":[{\"@type\":\"SearchAction\",\"target\":{\"@type\":\"EntryPoint\",\"urlTemplate\":\"https:\\\/\\\/webdesi-gn.fr\\\/dev_deltalabo\\\/?s={search_term_string}\"},\"query-input\":{\"@type\":\"PropertyValueSpecification\",\"valueRequired\":true,\"valueName\":\"search_term_string\"}}],\"inLanguage\":\"fr-FR\"},{\"@type\":\"Organization\",\"@id\":\"https:\\\/\\\/webdesi-gn.fr\\\/dev_deltalabo\\\/#organization\",\"name\":\"DeltaLabo\",\"url\":\"https:\\\/\\\/webdesi-gn.fr\\\/dev_deltalabo\\\/\",\"logo\":{\"@type\":\"ImageObject\",\"inLanguage\":\"fr-FR\",\"@id\":\"https:\\\/\\\/webdesi-gn.fr\\\/dev_deltalabo\\\/#\\\/schema\\\/logo\\\/image\\\/\",\"url\":\"https:\\\/\\\/webdesi-gn.fr\\\/dev_deltalabo\\\/wp-content\\\/uploads\\\/2022\\\/07\\\/logo-deltalabo.png\",\"contentUrl\":\"https:\\\/\\\/webdesi-gn.fr\\\/dev_deltalabo\\\/wp-content\\\/uploads\\\/2022\\\/07\\\/logo-deltalabo.png\",\"width\":694,\"height\":306,\"caption\":\"DeltaLabo\"},\"image\":{\"@id\":\"https:\\\/\\\/webdesi-gn.fr\\\/dev_deltalabo\\\/#\\\/schema\\\/logo\\\/image\\\/\"}}]}<\/script>\n<!-- \/ Yoast SEO plugin. -->","yoast_head_json":{"title":"Lave-vaisselle de laboratoire \u00e0 s\u00e9chage int\u00e9gr\u00e9 MIELE | DeltaLabo","robots":{"index":"noindex","follow":"follow","max-snippet":"max-snippet:-1","max-image-preview":"max-image-preview:large","max-video-preview":"max-video-preview:-1"},"og_locale":"fr_FR","og_type":"article","og_title":"Lave-vaisselle de laboratoire \u00e0 s\u00e9chage int\u00e9gr\u00e9 MIELE | DeltaLabo","og_description":"Lave-vaisselle de laboratoire \u00e0 s\u00e9chage int\u00e9gr\u00e9 MIELE :  DELTA LABO s'associe \u00e0 MIELE et vous propose des lave-vaisselles adapt\u00e9s au domaine de la p\u00e9trochimie avec toute une gamme adapt\u00e9e au lavage des verreries, des contenants et des petits outils utilis\u00e9s au laboratoire (spatules, etc...).  Le lave-vaisselle MIELE \"p\u00e9trochimie\" est livr\u00e9 de s\u00e9rie avec un s\u00e9cheur int\u00e9gr\u00e9. Ils permettent de r\u00e9cup\u00e9rer une vaisselle propre et s\u00e8che \u00e0 la fin du cycle. Les filtres HEPA assurent une filtration des particules lors du cycle de s\u00e9chage pour garantir une vaisselle propre et non contamin\u00e9e.  Tout dans la conception de ce mod\u00e8le est \u00e9tudi\u00e9 pour que ce lave-vaisselle MIELE vous donne satisfaction et r\u00e9siste aux produits particuli\u00e8rement agressifs (solvants, produits organiques, etc...).  Fiables et robustes, les lave-vaisselles MIELE sont les plus performants du march\u00e9. Les accessoires (chariots, supports des verreries avec injecteurs, etc...) sont \u00e9tudi\u00e9s pour un lavage optimal.  T\u00e9l\u00e9charger la brochure produit : Lave-vaisselle de laboratoire \u00e0 s\u00e9chage int\u00e9gr\u00e9 MIELE","og_url":"https:\/\/webdesi-gn.fr\/dev_deltalabo\/produits\/petrochimie-chimie-nucleaire\/lave-vaisselle-de-laboratoire-a-sechage-integre-miele\/","og_site_name":"DeltaLabo","article_modified_time":"2025-11-24T14:21:22+00:00","og_image":[{"width":1500,"height":1500,"url":"https:\/\/webdesi-gn.fr\/dev_deltalabo\/wp-content\/uploads\/2025\/11\/DELTA-LABO-Lave-vaisselle-Mielle.webp","type":"image\/webp"}],"twitter_card":"summary_large_image","schema":{"@context":"https:\/\/schema.org","@graph":[{"@type":"WebPage","@id":"https:\/\/webdesi-gn.fr\/dev_deltalabo\/produits\/petrochimie-chimie-nucleaire\/lave-vaisselle-de-laboratoire-a-sechage-integre-miele\/","url":"https:\/\/webdesi-gn.fr\/dev_deltalabo\/produits\/petrochimie-chimie-nucleaire\/lave-vaisselle-de-laboratoire-a-sechage-integre-miele\/","name":"Lave-vaisselle de laboratoire \u00e0 s\u00e9chage int\u00e9gr\u00e9 MIELE | DeltaLabo","isPartOf":{"@id":"https:\/\/webdesi-gn.fr\/dev_deltalabo\/#website"},"primaryImageOfPage":{"@id":"https:\/\/webdesi-gn.fr\/dev_deltalabo\/produits\/petrochimie-chimie-nucleaire\/lave-vaisselle-de-laboratoire-a-sechage-integre-miele\/#primaryimage"},"image":{"@id":"https:\/\/webdesi-gn.fr\/dev_deltalabo\/produits\/petrochimie-chimie-nucleaire\/lave-vaisselle-de-laboratoire-a-sechage-integre-miele\/#primaryimage"},"thumbnailUrl":"https:\/\/webdesi-gn.fr\/dev_deltalabo\/wp-content\/uploads\/2025\/11\/DELTA-LABO-Lave-vaisselle-Mielle.webp","datePublished":"2024-01-08T10:50:37+00:00","dateModified":"2025-11-24T14:21:22+00:00","breadcrumb":{"@id":"https:\/\/webdesi-gn.fr\/dev_deltalabo\/produits\/petrochimie-chimie-nucleaire\/lave-vaisselle-de-laboratoire-a-sechage-integre-miele\/#breadcrumb"},"inLanguage":"fr-FR","potentialAction":[{"@type":"ReadAction","target":["https:\/\/webdesi-gn.fr\/dev_deltalabo\/produits\/petrochimie-chimie-nucleaire\/lave-vaisselle-de-laboratoire-a-sechage-integre-miele\/"]}]},{"@type":"ImageObject","inLanguage":"fr-FR","@id":"https:\/\/webdesi-gn.fr\/dev_deltalabo\/produits\/petrochimie-chimie-nucleaire\/lave-vaisselle-de-laboratoire-a-sechage-integre-miele\/#primaryimage","url":"https:\/\/webdesi-gn.fr\/dev_deltalabo\/wp-content\/uploads\/2025\/11\/DELTA-LABO-Lave-vaisselle-Mielle.webp","contentUrl":"https:\/\/webdesi-gn.fr\/dev_deltalabo\/wp-content\/uploads\/2025\/11\/DELTA-LABO-Lave-vaisselle-Mielle.webp","width":1500,"height":1500},{"@type":"BreadcrumbList","@id":"https:\/\/webdesi-gn.fr\/dev_deltalabo\/produits\/petrochimie-chimie-nucleaire\/lave-vaisselle-de-laboratoire-a-sechage-integre-miele\/#breadcrumb","itemListElement":[{"@type":"ListItem","position":1,"name":"Accueil","item":"https:\/\/webdesi-gn.fr\/dev_deltalabo\/"},{"@type":"ListItem","position":2,"name":"Produits","item":"https:\/\/webdesi-gn.fr\/dev_deltalabo\/produits\/"},{"@type":"ListItem","position":3,"name":"Lave-vaisselle de laboratoire \u00e0 s\u00e9chage int\u00e9gr\u00e9 MIELE"}]},{"@type":"WebSite","@id":"https:\/\/webdesi-gn.fr\/dev_deltalabo\/#website","url":"https:\/\/webdesi-gn.fr\/dev_deltalabo\/","name":"Delta Labo","description":"Un site utilisant WordPress","publisher":{"@id":"https:\/\/webdesi-gn.fr\/dev_deltalabo\/#organization"},"alternateName":"Delta Labo","potentialAction":[{"@type":"SearchAction","target":{"@type":"EntryPoint","urlTemplate":"https:\/\/webdesi-gn.fr\/dev_deltalabo\/?s={search_term_string}"},"query-input":{"@type":"PropertyValueSpecification","valueRequired":true,"valueName":"search_term_string"}}],"inLanguage":"fr-FR"},{"@type":"Organization","@id":"https:\/\/webdesi-gn.fr\/dev_deltalabo\/#organization","name":"DeltaLabo","url":"https:\/\/webdesi-gn.fr\/dev_deltalabo\/","logo":{"@type":"ImageObject","inLanguage":"fr-FR","@id":"https:\/\/webdesi-gn.fr\/dev_deltalabo\/#\/schema\/logo\/image\/","url":"https:\/\/webdesi-gn.fr\/dev_deltalabo\/wp-content\/uploads\/2022\/07\/logo-deltalabo.png","contentUrl":"https:\/\/webdesi-gn.fr\/dev_deltalabo\/wp-content\/uploads\/2022\/07\/logo-deltalabo.png","width":694,"height":306,"caption":"DeltaLabo"},"image":{"@id":"https:\/\/webdesi-gn.fr\/dev_deltalabo\/#\/schema\/logo\/image\/"}}]}},"_links":{"self":[{"href":"https:\/\/webdesi-gn.fr\/dev_deltalabo\/wp-json\/wp\/v2\/product\/255520","targetHints":{"allow":["GET"]}}],"collection":[{"href":"https:\/\/webdesi-gn.fr\/dev_deltalabo\/wp-json\/wp\/v2\/product"}],"about":[{"href":"https:\/\/webdesi-gn.fr\/dev_deltalabo\/wp-json\/wp\/v2\/types\/product"}],"wp:featuredmedia":[{"embeddable":true,"href":"https:\/\/webdesi-gn.fr\/dev_deltalabo\/wp-json\/wp\/v2\/media\/262316"}],"wp:attachment":[{"href":"https:\/\/webdesi-gn.fr\/dev_deltalabo\/wp-json\/wp\/v2\/media?parent=255520"}],"wp:term":[{"taxonomy":"domaine","embeddable":true,"href":"https:\/\/webdesi-gn.fr\/dev_deltalabo\/wp-json\/wp\/v2\/domaine?post=255520"},{"taxonomy":"normes","embeddable":true,"href":"https:\/\/webdesi-gn.fr\/dev_deltalabo\/wp-json\/wp\/v2\/normes?post=255520"},{"taxonomy":"product_brand","embeddable":true,"href":"https:\/\/webdesi-gn.fr\/dev_deltalabo\/wp-json\/wp\/v2\/product_brand?post=255520"},{"taxonomy":"product_cat","embeddable":true,"href":"https:\/\/webdesi-gn.fr\/dev_deltalabo\/wp-json\/wp\/v2\/product_cat?post=255520"},{"taxonomy":"product_tag","embeddable":true,"href":"https:\/\/webdesi-gn.fr\/dev_deltalabo\/wp-json\/wp\/v2\/product_tag?post=255520"}],"curies":[{"name":"wp","href":"https:\/\/api.w.org\/{rel}","templated":true}]}}