{"id":255530,"date":"2024-01-08T12:11:33","date_gmt":"2024-01-08T11:11:33","guid":{"rendered":"https:\/\/webdesi-gn.fr\/dev_deltalabo\/?post_type=product&#038;p=255530"},"modified":"2025-11-24T15:57:08","modified_gmt":"2025-11-24T14:57:08","slug":"penetrometres-semi-automatiques-stanhope-seta","status":"publish","type":"product","link":"https:\/\/webdesi-gn.fr\/dev_deltalabo\/produits\/cat-produit\/penetrometres-semi-automatiques-stanhope-seta\/","title":{"rendered":"P\u00e9n\u00e9trom\u00e8tre semi-automatique Stanhope Seta &#8211; 17190-3"},"content":{"rendered":"","protected":false},"excerpt":{"rendered":"<p><strong>P\u00e9n\u00e9trom\u00e8tre semi-automatique Stanhope Seta &#8211; 17190-3 :<\/strong><\/p>\n<p>Le p\u00e9n\u00e9trom\u00e8tre semi-automatique Stanhope Seta &#8211; 17190-3 dispose d&rsquo;un rel\u00e2chement et d&rsquo;un blocage automatique du dispositif de p\u00e9n\u00e9tration. La plage de mesure varie de 0 \u00e0 640 Pen (soit 0 \u00e0 64 mm). <span class=\"Y2IQFc\" lang=\"fr\">La lib\u00e9ration et le maintien du piston sont contr\u00f4l\u00e9s par une minuterie, r\u00e9glable sur des temps de p\u00e9n\u00e9tration de 5, 8, 10, 12, 30 et 60 secondes. <\/span><span class=\"Y2IQFc\" lang=\"fr\">Le statif du p\u00e9n\u00e9trom\u00e8tre est \u00e9quip\u00e9 d&rsquo;un m\u00e9canisme d&rsquo;\u00e9l\u00e9vation \u00e0 deux vitesses pour un positionnement rapide et pr\u00e9cis.<\/span><\/p>\n<p>L&rsquo;instrument est fourni avec un plongeur standard de 47,5 g ainsi qu&rsquo;avec des poids de 50 g et 100 g.<\/p>\n<p>Le p\u00e9n\u00e9trom\u00e8tre semi-automatique Stanhope Seta &#8211; 17190-3 est conforme aux normes ASTM D15, ASTM D217, ASTM D937, ASTM D1403, ASTM D1321, ASTM D2884, IP 49, IP 50, IP 179, IP 310, IP 376, EN 1426, ISO 2137, DIN 51579, DIN 51580, NF T60-119, NF T60-132, NF T60-140 et NF T66-004.<\/p>\n<p><strong>T\u00e9l\u00e9charger la brochure produit :<\/strong> <a href=\"https:\/\/www.deltalabo.fr\/wp-content\/uploads\/2025\/06\/17190-3-doc-Penetrometer-eng-DL.pdf\">P\u00e9n\u00e9trom\u00e8tre semi-automatique Stanhope Seta &#8211; 17190-3<\/a><\/p>\n","protected":false},"featured_media":262315,"template":"","meta":{"_acf_changed":false,"site-sidebar-layout":"default","site-content-layout":"","ast-site-content-layout":"default","site-content-style":"default","site-sidebar-style":"default","ast-global-header-display":"","ast-banner-title-visibility":"","ast-main-header-display":"","ast-hfb-above-header-display":"","ast-hfb-below-header-display":"","ast-hfb-mobile-header-display":"","site-post-title":"","ast-breadcrumbs-content":"","ast-featured-img":"","footer-sml-layout":"","ast-disable-related-posts":"","theme-transparent-header-meta":"default","adv-header-id-meta":"","stick-header-meta":"","header-above-stick-meta":"","header-main-stick-meta":"","header-below-stick-meta":"","astra-migrate-meta-layouts":"set","ast-page-background-enabled":"default","ast-page-background-meta":{"desktop":{"background-color":"var(--ast-global-color-5)","background-image":"","background-repeat":"repeat","background-position":"center center","background-size":"auto","background-attachment":"scroll","background-type":"","background-media":"","overlay-type":"","overlay-color":"","overlay-opacity":"","overlay-gradient":""},"tablet":{"background-color":"","background-image":"","background-repeat":"repeat","background-position":"center center","background-size":"auto","background-attachment":"scroll","background-type":"","background-media":"","overlay-type":"","overlay-color":"","overlay-opacity":"","overlay-gradient":""},"mobile":{"background-color":"","background-image":"","background-repeat":"repeat","background-position":"center center","background-size":"auto","background-attachment":"scroll","background-type":"","background-media":"","overlay-type":"","overlay-color":"","overlay-opacity":"","overlay-gradient":""}},"ast-content-background-meta":{"desktop":{"background-color":"var(--ast-global-color-4)","background-image":"","background-repeat":"repeat","background-position":"center center","background-size":"auto","background-attachment":"scroll","background-type":"","background-media":"","overlay-type":"","overlay-color":"","overlay-opacity":"","overlay-gradient":""},"tablet":{"background-color":"var(--ast-global-color-4)","background-image":"","background-repeat":"repeat","background-position":"center center","background-size":"auto","background-attachment":"scroll","background-type":"","background-media":"","overlay-type":"","overlay-color":"","overlay-opacity":"","overlay-gradient":""},"mobile":{"background-color":"var(--ast-global-color-4)","background-image":"","background-repeat":"repeat","background-position":"center center","background-size":"auto","background-attachment":"scroll","background-type":"","background-media":"","overlay-type":"","overlay-color":"","overlay-opacity":"","overlay-gradient":""}}},"domaine":[],"normes":[3297,3300,3302,3311,3323,3398,17135,17134,17133,13257,17172,17166,17160,17153,17152,17101,494,495,496],"product_brand":[],"product_cat":[15],"product_tag":[],"class_list":{"0":"post-255530","1":"product","2":"type-product","3":"status-publish","4":"has-post-thumbnail","6":"normes-d1321","7":"normes-d1403","8":"normes-d15","9":"normes-d217","10":"normes-d2884","11":"normes-d937","12":"normes-din-51562","13":"normes-din-51579","14":"normes-din-51580","15":"normes-en-1426","16":"normes-ip-179","17":"normes-ip-310","18":"normes-ip-376","19":"normes-ip-49","20":"normes-ip-50","21":"normes-iso-2137","22":"normes-t60-132","23":"normes-t60-140","24":"normes-t66-004","25":"product_cat-cat-produit","26":"desktop-align-left","27":"tablet-align-left","28":"mobile-align-left","30":"first","31":"instock","32":"shipping-taxable","33":"product-type-simple"},"acf":[],"yoast_head":"<!-- This site is optimized with the Yoast SEO plugin v27.4 - https:\/\/yoast.com\/product\/yoast-seo-wordpress\/ -->\n<title>P\u00e9n\u00e9trom\u00e8tre semi-automatique Stanhope Seta - 17190-3 | DeltaLabo<\/title>\n<meta name=\"robots\" content=\"noindex, follow, max-snippet:-1, max-image-preview:large, max-video-preview:-1\" \/>\n<meta property=\"og:locale\" content=\"fr_FR\" \/>\n<meta property=\"og:type\" content=\"article\" \/>\n<meta property=\"og:title\" content=\"P\u00e9n\u00e9trom\u00e8tre semi-automatique Stanhope Seta - 17190-3 | DeltaLabo\" \/>\n<meta property=\"og:description\" content=\"P\u00e9n\u00e9trom\u00e8tre semi-automatique Stanhope Seta - 17190-3 :  Le p\u00e9n\u00e9trom\u00e8tre semi-automatique Stanhope Seta - 17190-3 dispose d&#039;un rel\u00e2chement et d&#039;un blocage automatique du dispositif de p\u00e9n\u00e9tration. La plage de mesure varie de 0 \u00e0 640 Pen (soit 0 \u00e0 64 mm). La lib\u00e9ration et le maintien du piston sont contr\u00f4l\u00e9s par une minuterie, r\u00e9glable sur des temps de p\u00e9n\u00e9tration de 5, 8, 10, 12, 30 et 60 secondes. Le statif du p\u00e9n\u00e9trom\u00e8tre est \u00e9quip\u00e9 d&#039;un m\u00e9canisme d&#039;\u00e9l\u00e9vation \u00e0 deux vitesses pour un positionnement rapide et pr\u00e9cis.  L&#039;instrument est fourni avec un plongeur standard de 47,5 g ainsi qu&#039;avec des poids de 50 g et 100 g.  Le p\u00e9n\u00e9trom\u00e8tre semi-automatique Stanhope Seta - 17190-3 est conforme aux normes ASTM D15, ASTM D217, ASTM D937, ASTM D1403, ASTM D1321, ASTM D2884, IP 49, IP 50, IP 179, IP 310, IP 376, EN 1426, ISO 2137, DIN 51579, DIN 51580, NF T60-119, NF T60-132, NF T60-140 et NF T66-004.  T\u00e9l\u00e9charger la brochure produit : P\u00e9n\u00e9trom\u00e8tre semi-automatique Stanhope Seta - 17190-3\" \/>\n<meta property=\"og:url\" content=\"https:\/\/webdesi-gn.fr\/dev_deltalabo\/produits\/cat-produit\/penetrometres-semi-automatiques-stanhope-seta\/\" \/>\n<meta property=\"og:site_name\" content=\"DeltaLabo\" \/>\n<meta property=\"article:modified_time\" content=\"2025-11-24T14:57:08+00:00\" \/>\n<meta property=\"og:image\" content=\"https:\/\/webdesi-gn.fr\/dev_deltalabo\/wp-content\/uploads\/2025\/11\/DELTA-LABO-Penetrometre-semi-automatiques-Stanhope.jpg\" \/>\n\t<meta property=\"og:image:width\" content=\"704\" \/>\n\t<meta property=\"og:image:height\" content=\"754\" \/>\n\t<meta property=\"og:image:type\" content=\"image\/jpeg\" \/>\n<meta name=\"twitter:card\" content=\"summary_large_image\" \/>\n<meta name=\"twitter:label1\" content=\"Dur\u00e9e de lecture estim\u00e9e\" \/>\n\t<meta name=\"twitter:data1\" content=\"1 minute\" \/>\n<script type=\"application\/ld+json\" class=\"yoast-schema-graph\">{\"@context\":\"https:\\\/\\\/schema.org\",\"@graph\":[{\"@type\":\"WebPage\",\"@id\":\"https:\\\/\\\/webdesi-gn.fr\\\/dev_deltalabo\\\/produits\\\/cat-produit\\\/penetrometres-semi-automatiques-stanhope-seta\\\/\",\"url\":\"https:\\\/\\\/webdesi-gn.fr\\\/dev_deltalabo\\\/produits\\\/cat-produit\\\/penetrometres-semi-automatiques-stanhope-seta\\\/\",\"name\":\"P\u00e9n\u00e9trom\u00e8tre semi-automatique Stanhope Seta - 17190-3 | DeltaLabo\",\"isPartOf\":{\"@id\":\"https:\\\/\\\/webdesi-gn.fr\\\/dev_deltalabo\\\/#website\"},\"primaryImageOfPage\":{\"@id\":\"https:\\\/\\\/webdesi-gn.fr\\\/dev_deltalabo\\\/produits\\\/cat-produit\\\/penetrometres-semi-automatiques-stanhope-seta\\\/#primaryimage\"},\"image\":{\"@id\":\"https:\\\/\\\/webdesi-gn.fr\\\/dev_deltalabo\\\/produits\\\/cat-produit\\\/penetrometres-semi-automatiques-stanhope-seta\\\/#primaryimage\"},\"thumbnailUrl\":\"https:\\\/\\\/webdesi-gn.fr\\\/dev_deltalabo\\\/wp-content\\\/uploads\\\/2025\\\/11\\\/DELTA-LABO-Penetrometre-semi-automatiques-Stanhope.jpg\",\"datePublished\":\"2024-01-08T11:11:33+00:00\",\"dateModified\":\"2025-11-24T14:57:08+00:00\",\"breadcrumb\":{\"@id\":\"https:\\\/\\\/webdesi-gn.fr\\\/dev_deltalabo\\\/produits\\\/cat-produit\\\/penetrometres-semi-automatiques-stanhope-seta\\\/#breadcrumb\"},\"inLanguage\":\"fr-FR\",\"potentialAction\":[{\"@type\":\"ReadAction\",\"target\":[\"https:\\\/\\\/webdesi-gn.fr\\\/dev_deltalabo\\\/produits\\\/cat-produit\\\/penetrometres-semi-automatiques-stanhope-seta\\\/\"]}]},{\"@type\":\"ImageObject\",\"inLanguage\":\"fr-FR\",\"@id\":\"https:\\\/\\\/webdesi-gn.fr\\\/dev_deltalabo\\\/produits\\\/cat-produit\\\/penetrometres-semi-automatiques-stanhope-seta\\\/#primaryimage\",\"url\":\"https:\\\/\\\/webdesi-gn.fr\\\/dev_deltalabo\\\/wp-content\\\/uploads\\\/2025\\\/11\\\/DELTA-LABO-Penetrometre-semi-automatiques-Stanhope.jpg\",\"contentUrl\":\"https:\\\/\\\/webdesi-gn.fr\\\/dev_deltalabo\\\/wp-content\\\/uploads\\\/2025\\\/11\\\/DELTA-LABO-Penetrometre-semi-automatiques-Stanhope.jpg\",\"width\":704,\"height\":754},{\"@type\":\"BreadcrumbList\",\"@id\":\"https:\\\/\\\/webdesi-gn.fr\\\/dev_deltalabo\\\/produits\\\/cat-produit\\\/penetrometres-semi-automatiques-stanhope-seta\\\/#breadcrumb\",\"itemListElement\":[{\"@type\":\"ListItem\",\"position\":1,\"name\":\"Accueil\",\"item\":\"https:\\\/\\\/webdesi-gn.fr\\\/dev_deltalabo\\\/\"},{\"@type\":\"ListItem\",\"position\":2,\"name\":\"Produits\",\"item\":\"https:\\\/\\\/webdesi-gn.fr\\\/dev_deltalabo\\\/produits\\\/\"},{\"@type\":\"ListItem\",\"position\":3,\"name\":\"P\u00e9n\u00e9trom\u00e8tre semi-automatique Stanhope Seta &#8211; 17190-3\"}]},{\"@type\":\"WebSite\",\"@id\":\"https:\\\/\\\/webdesi-gn.fr\\\/dev_deltalabo\\\/#website\",\"url\":\"https:\\\/\\\/webdesi-gn.fr\\\/dev_deltalabo\\\/\",\"name\":\"Delta Labo\",\"description\":\"Un site utilisant WordPress\",\"publisher\":{\"@id\":\"https:\\\/\\\/webdesi-gn.fr\\\/dev_deltalabo\\\/#organization\"},\"alternateName\":\"Delta Labo\",\"potentialAction\":[{\"@type\":\"SearchAction\",\"target\":{\"@type\":\"EntryPoint\",\"urlTemplate\":\"https:\\\/\\\/webdesi-gn.fr\\\/dev_deltalabo\\\/?s={search_term_string}\"},\"query-input\":{\"@type\":\"PropertyValueSpecification\",\"valueRequired\":true,\"valueName\":\"search_term_string\"}}],\"inLanguage\":\"fr-FR\"},{\"@type\":\"Organization\",\"@id\":\"https:\\\/\\\/webdesi-gn.fr\\\/dev_deltalabo\\\/#organization\",\"name\":\"DeltaLabo\",\"url\":\"https:\\\/\\\/webdesi-gn.fr\\\/dev_deltalabo\\\/\",\"logo\":{\"@type\":\"ImageObject\",\"inLanguage\":\"fr-FR\",\"@id\":\"https:\\\/\\\/webdesi-gn.fr\\\/dev_deltalabo\\\/#\\\/schema\\\/logo\\\/image\\\/\",\"url\":\"https:\\\/\\\/webdesi-gn.fr\\\/dev_deltalabo\\\/wp-content\\\/uploads\\\/2022\\\/07\\\/logo-deltalabo.png\",\"contentUrl\":\"https:\\\/\\\/webdesi-gn.fr\\\/dev_deltalabo\\\/wp-content\\\/uploads\\\/2022\\\/07\\\/logo-deltalabo.png\",\"width\":694,\"height\":306,\"caption\":\"DeltaLabo\"},\"image\":{\"@id\":\"https:\\\/\\\/webdesi-gn.fr\\\/dev_deltalabo\\\/#\\\/schema\\\/logo\\\/image\\\/\"}}]}<\/script>\n<!-- \/ Yoast SEO plugin. -->","yoast_head_json":{"title":"P\u00e9n\u00e9trom\u00e8tre semi-automatique Stanhope Seta - 17190-3 | DeltaLabo","robots":{"index":"noindex","follow":"follow","max-snippet":"max-snippet:-1","max-image-preview":"max-image-preview:large","max-video-preview":"max-video-preview:-1"},"og_locale":"fr_FR","og_type":"article","og_title":"P\u00e9n\u00e9trom\u00e8tre semi-automatique Stanhope Seta - 17190-3 | DeltaLabo","og_description":"P\u00e9n\u00e9trom\u00e8tre semi-automatique Stanhope Seta - 17190-3 :  Le p\u00e9n\u00e9trom\u00e8tre semi-automatique Stanhope Seta - 17190-3 dispose d'un rel\u00e2chement et d'un blocage automatique du dispositif de p\u00e9n\u00e9tration. La plage de mesure varie de 0 \u00e0 640 Pen (soit 0 \u00e0 64 mm). La lib\u00e9ration et le maintien du piston sont contr\u00f4l\u00e9s par une minuterie, r\u00e9glable sur des temps de p\u00e9n\u00e9tration de 5, 8, 10, 12, 30 et 60 secondes. Le statif du p\u00e9n\u00e9trom\u00e8tre est \u00e9quip\u00e9 d'un m\u00e9canisme d'\u00e9l\u00e9vation \u00e0 deux vitesses pour un positionnement rapide et pr\u00e9cis.  L'instrument est fourni avec un plongeur standard de 47,5 g ainsi qu'avec des poids de 50 g et 100 g.  Le p\u00e9n\u00e9trom\u00e8tre semi-automatique Stanhope Seta - 17190-3 est conforme aux normes ASTM D15, ASTM D217, ASTM D937, ASTM D1403, ASTM D1321, ASTM D2884, IP 49, IP 50, IP 179, IP 310, IP 376, EN 1426, ISO 2137, DIN 51579, DIN 51580, NF T60-119, NF T60-132, NF T60-140 et NF T66-004.  T\u00e9l\u00e9charger la brochure produit : P\u00e9n\u00e9trom\u00e8tre semi-automatique Stanhope Seta - 17190-3","og_url":"https:\/\/webdesi-gn.fr\/dev_deltalabo\/produits\/cat-produit\/penetrometres-semi-automatiques-stanhope-seta\/","og_site_name":"DeltaLabo","article_modified_time":"2025-11-24T14:57:08+00:00","og_image":[{"width":704,"height":754,"url":"https:\/\/webdesi-gn.fr\/dev_deltalabo\/wp-content\/uploads\/2025\/11\/DELTA-LABO-Penetrometre-semi-automatiques-Stanhope.jpg","type":"image\/jpeg"}],"twitter_card":"summary_large_image","twitter_misc":{"Dur\u00e9e de lecture estim\u00e9e":"1 minute"},"schema":{"@context":"https:\/\/schema.org","@graph":[{"@type":"WebPage","@id":"https:\/\/webdesi-gn.fr\/dev_deltalabo\/produits\/cat-produit\/penetrometres-semi-automatiques-stanhope-seta\/","url":"https:\/\/webdesi-gn.fr\/dev_deltalabo\/produits\/cat-produit\/penetrometres-semi-automatiques-stanhope-seta\/","name":"P\u00e9n\u00e9trom\u00e8tre semi-automatique Stanhope Seta - 17190-3 | DeltaLabo","isPartOf":{"@id":"https:\/\/webdesi-gn.fr\/dev_deltalabo\/#website"},"primaryImageOfPage":{"@id":"https:\/\/webdesi-gn.fr\/dev_deltalabo\/produits\/cat-produit\/penetrometres-semi-automatiques-stanhope-seta\/#primaryimage"},"image":{"@id":"https:\/\/webdesi-gn.fr\/dev_deltalabo\/produits\/cat-produit\/penetrometres-semi-automatiques-stanhope-seta\/#primaryimage"},"thumbnailUrl":"https:\/\/webdesi-gn.fr\/dev_deltalabo\/wp-content\/uploads\/2025\/11\/DELTA-LABO-Penetrometre-semi-automatiques-Stanhope.jpg","datePublished":"2024-01-08T11:11:33+00:00","dateModified":"2025-11-24T14:57:08+00:00","breadcrumb":{"@id":"https:\/\/webdesi-gn.fr\/dev_deltalabo\/produits\/cat-produit\/penetrometres-semi-automatiques-stanhope-seta\/#breadcrumb"},"inLanguage":"fr-FR","potentialAction":[{"@type":"ReadAction","target":["https:\/\/webdesi-gn.fr\/dev_deltalabo\/produits\/cat-produit\/penetrometres-semi-automatiques-stanhope-seta\/"]}]},{"@type":"ImageObject","inLanguage":"fr-FR","@id":"https:\/\/webdesi-gn.fr\/dev_deltalabo\/produits\/cat-produit\/penetrometres-semi-automatiques-stanhope-seta\/#primaryimage","url":"https:\/\/webdesi-gn.fr\/dev_deltalabo\/wp-content\/uploads\/2025\/11\/DELTA-LABO-Penetrometre-semi-automatiques-Stanhope.jpg","contentUrl":"https:\/\/webdesi-gn.fr\/dev_deltalabo\/wp-content\/uploads\/2025\/11\/DELTA-LABO-Penetrometre-semi-automatiques-Stanhope.jpg","width":704,"height":754},{"@type":"BreadcrumbList","@id":"https:\/\/webdesi-gn.fr\/dev_deltalabo\/produits\/cat-produit\/penetrometres-semi-automatiques-stanhope-seta\/#breadcrumb","itemListElement":[{"@type":"ListItem","position":1,"name":"Accueil","item":"https:\/\/webdesi-gn.fr\/dev_deltalabo\/"},{"@type":"ListItem","position":2,"name":"Produits","item":"https:\/\/webdesi-gn.fr\/dev_deltalabo\/produits\/"},{"@type":"ListItem","position":3,"name":"P\u00e9n\u00e9trom\u00e8tre semi-automatique Stanhope Seta &#8211; 17190-3"}]},{"@type":"WebSite","@id":"https:\/\/webdesi-gn.fr\/dev_deltalabo\/#website","url":"https:\/\/webdesi-gn.fr\/dev_deltalabo\/","name":"Delta Labo","description":"Un site utilisant WordPress","publisher":{"@id":"https:\/\/webdesi-gn.fr\/dev_deltalabo\/#organization"},"alternateName":"Delta Labo","potentialAction":[{"@type":"SearchAction","target":{"@type":"EntryPoint","urlTemplate":"https:\/\/webdesi-gn.fr\/dev_deltalabo\/?s={search_term_string}"},"query-input":{"@type":"PropertyValueSpecification","valueRequired":true,"valueName":"search_term_string"}}],"inLanguage":"fr-FR"},{"@type":"Organization","@id":"https:\/\/webdesi-gn.fr\/dev_deltalabo\/#organization","name":"DeltaLabo","url":"https:\/\/webdesi-gn.fr\/dev_deltalabo\/","logo":{"@type":"ImageObject","inLanguage":"fr-FR","@id":"https:\/\/webdesi-gn.fr\/dev_deltalabo\/#\/schema\/logo\/image\/","url":"https:\/\/webdesi-gn.fr\/dev_deltalabo\/wp-content\/uploads\/2022\/07\/logo-deltalabo.png","contentUrl":"https:\/\/webdesi-gn.fr\/dev_deltalabo\/wp-content\/uploads\/2022\/07\/logo-deltalabo.png","width":694,"height":306,"caption":"DeltaLabo"},"image":{"@id":"https:\/\/webdesi-gn.fr\/dev_deltalabo\/#\/schema\/logo\/image\/"}}]}},"_links":{"self":[{"href":"https:\/\/webdesi-gn.fr\/dev_deltalabo\/wp-json\/wp\/v2\/product\/255530","targetHints":{"allow":["GET"]}}],"collection":[{"href":"https:\/\/webdesi-gn.fr\/dev_deltalabo\/wp-json\/wp\/v2\/product"}],"about":[{"href":"https:\/\/webdesi-gn.fr\/dev_deltalabo\/wp-json\/wp\/v2\/types\/product"}],"wp:featuredmedia":[{"embeddable":true,"href":"https:\/\/webdesi-gn.fr\/dev_deltalabo\/wp-json\/wp\/v2\/media\/262315"}],"wp:attachment":[{"href":"https:\/\/webdesi-gn.fr\/dev_deltalabo\/wp-json\/wp\/v2\/media?parent=255530"}],"wp:term":[{"taxonomy":"domaine","embeddable":true,"href":"https:\/\/webdesi-gn.fr\/dev_deltalabo\/wp-json\/wp\/v2\/domaine?post=255530"},{"taxonomy":"normes","embeddable":true,"href":"https:\/\/webdesi-gn.fr\/dev_deltalabo\/wp-json\/wp\/v2\/normes?post=255530"},{"taxonomy":"product_brand","embeddable":true,"href":"https:\/\/webdesi-gn.fr\/dev_deltalabo\/wp-json\/wp\/v2\/product_brand?post=255530"},{"taxonomy":"product_cat","embeddable":true,"href":"https:\/\/webdesi-gn.fr\/dev_deltalabo\/wp-json\/wp\/v2\/product_cat?post=255530"},{"taxonomy":"product_tag","embeddable":true,"href":"https:\/\/webdesi-gn.fr\/dev_deltalabo\/wp-json\/wp\/v2\/product_tag?post=255530"}],"curies":[{"name":"wp","href":"https:\/\/api.w.org\/{rel}","templated":true}]}}