{"id":255650,"date":"2024-01-17T10:39:48","date_gmt":"2024-01-17T09:39:48","guid":{"rendered":"https:\/\/webdesi-gn.fr\/dev_deltalabo\/?post_type=product&#038;p=255650"},"modified":"2025-03-25T15:23:43","modified_gmt":"2025-03-25T14:23:43","slug":"etalons-fluorescence-x-paragon-en-soufre-et-plomb","status":"publish","type":"product","link":"https:\/\/webdesi-gn.fr\/dev_deltalabo\/produits\/petrochimie-chimie-nucleaire\/etalons-fluorescence-x-paragon-en-soufre-et-plomb\/","title":{"rendered":"Etalons fluorescence X PARAGON en soufre et plomb"},"content":{"rendered":"","protected":false},"excerpt":{"rendered":"<p>Etalons primaires PARAGON en fluorescence X : les \u00e9talons primaires en fluorescence X de chez PARAGON sont issus d&rsquo;essais circulaires. Ceux sont de v\u00e9ritables mat\u00e9riaux de r\u00e9f\u00e9rence (CRM, Certified Reference Material).<\/p>\n<p>Les \u00e9talons primaires en fluorescence X sont disponibles sur deux \u00e9l\u00e9ments : le soufre ou le plomb sur diff\u00e9rentes matrices (essence, gazole, fuel domestique etc&#8230;).<br \/>\nIls sont conditionn\u00e9s en sets de 6 \u00e0 7 bouteilles de 150ml couvrant une gamme de concentration. Pour une utilisation optimale (sans contamination et sans \u00e9vaporation), nous recommandons une bouteille par test. Leur dur\u00e9e de conservation est de 12 mois.<\/p>\n<p><strong>T\u00e9l\u00e9charger la brochure produit :<\/strong> <a href=\"https:\/\/webdesi-gn.fr\/dev_deltalabo\/wp-content\/uploads\/2025\/03\/Doc-etalons-fluo-X-en-soufre-et-plomb-DL.pdf\">Etalons primaires fluo X<\/a><\/p>\n<p>Etalon primaire PARAGON en soufre : les \u00e9talons primaires en soufre PARAGON sont issus d&rsquo;essais circulaires. Ceux sont de v\u00e9ritables mat\u00e9riaux de r\u00e9f\u00e9rence (CRM, Certified Reference Material).<br \/>\nLes \u00e9talons primaires en soufre sont disponibles en deux gammes :<br \/>\n&#8211; conformes \u00e0 la norme ASTM D5433 et ISO20846 relative \u00e0 la teneur en soufre des gazoles<br \/>\n&#8211; conformes \u00e0 la norme ASTM D3227 et ISO3012 relative \u00e0 la teneur en soufre des k\u00e9ros\u00e8nes.<br \/>\nIls sont conditionn\u00e9s en 1x50ml ou 1x250ml. Pour une utilisation optimale (sans contamination et sans \u00e9vaporation), nous recommandons une bouteille par test. Leur dur\u00e9e de conservation est de 12 mois.<\/p>\n<p><strong>T\u00e9l\u00e9charger la brochure produit :<\/strong> <a href=\"https:\/\/webdesi-gn.fr\/dev_deltalabo\/wp-content\/uploads\/2025\/03\/Doc-crmsouf-eng-DL.pdf\">Etalons primaires en soufre<\/a><\/p>\n","protected":false},"featured_media":259165,"template":"","meta":{"_acf_changed":false,"site-sidebar-layout":"default","site-content-layout":"","ast-site-content-layout":"default","site-content-style":"default","site-sidebar-style":"default","ast-global-header-display":"","ast-banner-title-visibility":"","ast-main-header-display":"","ast-hfb-above-header-display":"","ast-hfb-below-header-display":"","ast-hfb-mobile-header-display":"","site-post-title":"","ast-breadcrumbs-content":"","ast-featured-img":"","footer-sml-layout":"","ast-disable-related-posts":"","theme-transparent-header-meta":"","adv-header-id-meta":"","stick-header-meta":"","header-above-stick-meta":"","header-main-stick-meta":"","header-below-stick-meta":"","astra-migrate-meta-layouts":"default","ast-page-background-enabled":"default","ast-page-background-meta":{"desktop":{"background-color":"var(--ast-global-color-5)","background-image":"","background-repeat":"repeat","background-position":"center center","background-size":"auto","background-attachment":"scroll","background-type":"","background-media":"","overlay-type":"","overlay-color":"","overlay-opacity":"","overlay-gradient":""},"tablet":{"background-color":"","background-image":"","background-repeat":"repeat","background-position":"center center","background-size":"auto","background-attachment":"scroll","background-type":"","background-media":"","overlay-type":"","overlay-color":"","overlay-opacity":"","overlay-gradient":""},"mobile":{"background-color":"","background-image":"","background-repeat":"repeat","background-position":"center center","background-size":"auto","background-attachment":"scroll","background-type":"","background-media":"","overlay-type":"","overlay-color":"","overlay-opacity":"","overlay-gradient":""}},"ast-content-background-meta":{"desktop":{"background-color":"var(--ast-global-color-4)","background-image":"","background-repeat":"repeat","background-position":"center center","background-size":"auto","background-attachment":"scroll","background-type":"","background-media":"","overlay-type":"","overlay-color":"","overlay-opacity":"","overlay-gradient":""},"tablet":{"background-color":"var(--ast-global-color-4)","background-image":"","background-repeat":"repeat","background-position":"center center","background-size":"auto","background-attachment":"scroll","background-type":"","background-media":"","overlay-type":"","overlay-color":"","overlay-opacity":"","overlay-gradient":""},"mobile":{"background-color":"var(--ast-global-color-4)","background-image":"","background-repeat":"repeat","background-position":"center center","background-size":"auto","background-attachment":"scroll","background-type":"","background-media":"","overlay-type":"","overlay-color":"","overlay-opacity":"","overlay-gradient":""}}},"domaine":[17182],"normes":[],"product_brand":[],"product_cat":[94],"product_tag":[],"class_list":{"0":"post-255650","1":"product","2":"type-product","3":"status-publish","4":"has-post-thumbnail","6":"domaine-etalons","7":"product_cat-petrochimie-chimie-nucleaire","8":"desktop-align-left","9":"tablet-align-left","10":"mobile-align-left","12":"first","13":"instock","14":"shipping-taxable","15":"purchasable","16":"product-type-simple"},"acf":[],"yoast_head":"<!-- This site is optimized with the Yoast SEO plugin v27.4 - https:\/\/yoast.com\/product\/yoast-seo-wordpress\/ -->\n<title>Etalons fluorescence X PARAGON en soufre et plomb | DeltaLabo<\/title>\n<meta name=\"robots\" content=\"noindex, follow, max-snippet:-1, max-image-preview:large, max-video-preview:-1\" \/>\n<meta property=\"og:locale\" content=\"fr_FR\" \/>\n<meta property=\"og:type\" content=\"article\" \/>\n<meta property=\"og:title\" content=\"Etalons fluorescence X PARAGON en soufre et plomb | DeltaLabo\" \/>\n<meta property=\"og:description\" content=\"Etalons primaires PARAGON en fluorescence X : les \u00e9talons primaires en fluorescence X de chez PARAGON sont issus d&#039;essais circulaires. Ceux sont de v\u00e9ritables mat\u00e9riaux de r\u00e9f\u00e9rence (CRM, Certified Reference Material).  Les \u00e9talons primaires en fluorescence X sont disponibles sur deux \u00e9l\u00e9ments : le soufre ou le plomb sur diff\u00e9rentes matrices (essence, gazole, fuel domestique etc...). Ils sont conditionn\u00e9s en sets de 6 \u00e0 7 bouteilles de 150ml couvrant une gamme de concentration. Pour une utilisation optimale (sans contamination et sans \u00e9vaporation), nous recommandons une bouteille par test. Leur dur\u00e9e de conservation est de 12 mois.  T\u00e9l\u00e9charger la brochure produit : Etalons primaires fluo X  Etalon primaire PARAGON en soufre : les \u00e9talons primaires en soufre PARAGON sont issus d&#039;essais circulaires. Ceux sont de v\u00e9ritables mat\u00e9riaux de r\u00e9f\u00e9rence (CRM, Certified Reference Material). Les \u00e9talons primaires en soufre sont disponibles en deux gammes : - conformes \u00e0 la norme ASTM D5433 et ISO20846 relative \u00e0 la teneur en soufre des gazoles - conformes \u00e0 la norme ASTM D3227 et ISO3012 relative \u00e0 la teneur en soufre des k\u00e9ros\u00e8nes. Ils sont conditionn\u00e9s en 1x50ml ou 1x250ml. Pour une utilisation optimale (sans contamination et sans \u00e9vaporation), nous recommandons une bouteille par test. Leur dur\u00e9e de conservation est de 12 mois.  T\u00e9l\u00e9charger la brochure produit : Etalons primaires en soufre\" \/>\n<meta property=\"og:url\" content=\"https:\/\/webdesi-gn.fr\/dev_deltalabo\/produits\/domaines\/etalons\/etalons-fluorescence-x-paragon-en-soufre-et-plomb\/\" \/>\n<meta property=\"og:site_name\" content=\"DeltaLabo\" \/>\n<meta property=\"article:modified_time\" content=\"2025-03-25T14:23:43+00:00\" \/>\n<meta property=\"og:image\" content=\"https:\/\/webdesi-gn.fr\/dev_deltalabo\/wp-content\/uploads\/2024\/01\/DELTA-LABO-Etalon-en-soufre-1.jpg\" \/>\n\t<meta property=\"og:image:width\" content=\"650\" \/>\n\t<meta property=\"og:image:height\" content=\"802\" \/>\n\t<meta property=\"og:image:type\" content=\"image\/jpeg\" \/>\n<meta name=\"twitter:card\" content=\"summary_large_image\" \/>\n<script type=\"application\/ld+json\" class=\"yoast-schema-graph\">{\"@context\":\"https:\\\/\\\/schema.org\",\"@graph\":[{\"@type\":\"WebPage\",\"@id\":\"https:\\\/\\\/webdesi-gn.fr\\\/dev_deltalabo\\\/produits\\\/domaines\\\/etalons\\\/etalons-fluorescence-x-paragon-en-soufre-et-plomb\\\/\",\"url\":\"https:\\\/\\\/webdesi-gn.fr\\\/dev_deltalabo\\\/produits\\\/domaines\\\/etalons\\\/etalons-fluorescence-x-paragon-en-soufre-et-plomb\\\/\",\"name\":\"Etalons fluorescence X PARAGON en soufre et plomb | DeltaLabo\",\"isPartOf\":{\"@id\":\"https:\\\/\\\/webdesi-gn.fr\\\/dev_deltalabo\\\/#website\"},\"primaryImageOfPage\":{\"@id\":\"https:\\\/\\\/webdesi-gn.fr\\\/dev_deltalabo\\\/produits\\\/domaines\\\/etalons\\\/etalons-fluorescence-x-paragon-en-soufre-et-plomb\\\/#primaryimage\"},\"image\":{\"@id\":\"https:\\\/\\\/webdesi-gn.fr\\\/dev_deltalabo\\\/produits\\\/domaines\\\/etalons\\\/etalons-fluorescence-x-paragon-en-soufre-et-plomb\\\/#primaryimage\"},\"thumbnailUrl\":\"https:\\\/\\\/webdesi-gn.fr\\\/dev_deltalabo\\\/wp-content\\\/uploads\\\/2024\\\/01\\\/DELTA-LABO-Etalon-en-soufre-1.jpg\",\"datePublished\":\"2024-01-17T09:39:48+00:00\",\"dateModified\":\"2025-03-25T14:23:43+00:00\",\"breadcrumb\":{\"@id\":\"https:\\\/\\\/webdesi-gn.fr\\\/dev_deltalabo\\\/produits\\\/domaines\\\/etalons\\\/etalons-fluorescence-x-paragon-en-soufre-et-plomb\\\/#breadcrumb\"},\"inLanguage\":\"fr-FR\",\"potentialAction\":[{\"@type\":\"ReadAction\",\"target\":[\"https:\\\/\\\/webdesi-gn.fr\\\/dev_deltalabo\\\/produits\\\/domaines\\\/etalons\\\/etalons-fluorescence-x-paragon-en-soufre-et-plomb\\\/\"]}]},{\"@type\":\"ImageObject\",\"inLanguage\":\"fr-FR\",\"@id\":\"https:\\\/\\\/webdesi-gn.fr\\\/dev_deltalabo\\\/produits\\\/domaines\\\/etalons\\\/etalons-fluorescence-x-paragon-en-soufre-et-plomb\\\/#primaryimage\",\"url\":\"https:\\\/\\\/webdesi-gn.fr\\\/dev_deltalabo\\\/wp-content\\\/uploads\\\/2024\\\/01\\\/DELTA-LABO-Etalon-en-soufre-1.jpg\",\"contentUrl\":\"https:\\\/\\\/webdesi-gn.fr\\\/dev_deltalabo\\\/wp-content\\\/uploads\\\/2024\\\/01\\\/DELTA-LABO-Etalon-en-soufre-1.jpg\",\"width\":650,\"height\":802},{\"@type\":\"BreadcrumbList\",\"@id\":\"https:\\\/\\\/webdesi-gn.fr\\\/dev_deltalabo\\\/produits\\\/domaines\\\/etalons\\\/etalons-fluorescence-x-paragon-en-soufre-et-plomb\\\/#breadcrumb\",\"itemListElement\":[{\"@type\":\"ListItem\",\"position\":1,\"name\":\"Accueil\",\"item\":\"https:\\\/\\\/webdesi-gn.fr\\\/dev_deltalabo\\\/\"},{\"@type\":\"ListItem\",\"position\":2,\"name\":\"Produits\",\"item\":\"https:\\\/\\\/webdesi-gn.fr\\\/dev_deltalabo\\\/produits\\\/\"},{\"@type\":\"ListItem\",\"position\":3,\"name\":\"Etalons fluorescence X PARAGON en soufre et plomb\"}]},{\"@type\":\"WebSite\",\"@id\":\"https:\\\/\\\/webdesi-gn.fr\\\/dev_deltalabo\\\/#website\",\"url\":\"https:\\\/\\\/webdesi-gn.fr\\\/dev_deltalabo\\\/\",\"name\":\"Delta Labo\",\"description\":\"Un site utilisant WordPress\",\"publisher\":{\"@id\":\"https:\\\/\\\/webdesi-gn.fr\\\/dev_deltalabo\\\/#organization\"},\"alternateName\":\"Delta Labo\",\"potentialAction\":[{\"@type\":\"SearchAction\",\"target\":{\"@type\":\"EntryPoint\",\"urlTemplate\":\"https:\\\/\\\/webdesi-gn.fr\\\/dev_deltalabo\\\/?s={search_term_string}\"},\"query-input\":{\"@type\":\"PropertyValueSpecification\",\"valueRequired\":true,\"valueName\":\"search_term_string\"}}],\"inLanguage\":\"fr-FR\"},{\"@type\":\"Organization\",\"@id\":\"https:\\\/\\\/webdesi-gn.fr\\\/dev_deltalabo\\\/#organization\",\"name\":\"DeltaLabo\",\"url\":\"https:\\\/\\\/webdesi-gn.fr\\\/dev_deltalabo\\\/\",\"logo\":{\"@type\":\"ImageObject\",\"inLanguage\":\"fr-FR\",\"@id\":\"https:\\\/\\\/webdesi-gn.fr\\\/dev_deltalabo\\\/#\\\/schema\\\/logo\\\/image\\\/\",\"url\":\"https:\\\/\\\/webdesi-gn.fr\\\/dev_deltalabo\\\/wp-content\\\/uploads\\\/2022\\\/07\\\/logo-deltalabo.png\",\"contentUrl\":\"https:\\\/\\\/webdesi-gn.fr\\\/dev_deltalabo\\\/wp-content\\\/uploads\\\/2022\\\/07\\\/logo-deltalabo.png\",\"width\":694,\"height\":306,\"caption\":\"DeltaLabo\"},\"image\":{\"@id\":\"https:\\\/\\\/webdesi-gn.fr\\\/dev_deltalabo\\\/#\\\/schema\\\/logo\\\/image\\\/\"}}]}<\/script>\n<!-- \/ Yoast SEO plugin. -->","yoast_head_json":{"title":"Etalons fluorescence X PARAGON en soufre et plomb | DeltaLabo","robots":{"index":"noindex","follow":"follow","max-snippet":"max-snippet:-1","max-image-preview":"max-image-preview:large","max-video-preview":"max-video-preview:-1"},"og_locale":"fr_FR","og_type":"article","og_title":"Etalons fluorescence X PARAGON en soufre et plomb | DeltaLabo","og_description":"Etalons primaires PARAGON en fluorescence X : les \u00e9talons primaires en fluorescence X de chez PARAGON sont issus d'essais circulaires. Ceux sont de v\u00e9ritables mat\u00e9riaux de r\u00e9f\u00e9rence (CRM, Certified Reference Material).  Les \u00e9talons primaires en fluorescence X sont disponibles sur deux \u00e9l\u00e9ments : le soufre ou le plomb sur diff\u00e9rentes matrices (essence, gazole, fuel domestique etc...). Ils sont conditionn\u00e9s en sets de 6 \u00e0 7 bouteilles de 150ml couvrant une gamme de concentration. Pour une utilisation optimale (sans contamination et sans \u00e9vaporation), nous recommandons une bouteille par test. Leur dur\u00e9e de conservation est de 12 mois.  T\u00e9l\u00e9charger la brochure produit : Etalons primaires fluo X  Etalon primaire PARAGON en soufre : les \u00e9talons primaires en soufre PARAGON sont issus d'essais circulaires. Ceux sont de v\u00e9ritables mat\u00e9riaux de r\u00e9f\u00e9rence (CRM, Certified Reference Material). Les \u00e9talons primaires en soufre sont disponibles en deux gammes : - conformes \u00e0 la norme ASTM D5433 et ISO20846 relative \u00e0 la teneur en soufre des gazoles - conformes \u00e0 la norme ASTM D3227 et ISO3012 relative \u00e0 la teneur en soufre des k\u00e9ros\u00e8nes. Ils sont conditionn\u00e9s en 1x50ml ou 1x250ml. Pour une utilisation optimale (sans contamination et sans \u00e9vaporation), nous recommandons une bouteille par test. Leur dur\u00e9e de conservation est de 12 mois.  T\u00e9l\u00e9charger la brochure produit : Etalons primaires en soufre","og_url":"https:\/\/webdesi-gn.fr\/dev_deltalabo\/produits\/domaines\/etalons\/etalons-fluorescence-x-paragon-en-soufre-et-plomb\/","og_site_name":"DeltaLabo","article_modified_time":"2025-03-25T14:23:43+00:00","og_image":[{"width":650,"height":802,"url":"https:\/\/webdesi-gn.fr\/dev_deltalabo\/wp-content\/uploads\/2024\/01\/DELTA-LABO-Etalon-en-soufre-1.jpg","type":"image\/jpeg"}],"twitter_card":"summary_large_image","schema":{"@context":"https:\/\/schema.org","@graph":[{"@type":"WebPage","@id":"https:\/\/webdesi-gn.fr\/dev_deltalabo\/produits\/domaines\/etalons\/etalons-fluorescence-x-paragon-en-soufre-et-plomb\/","url":"https:\/\/webdesi-gn.fr\/dev_deltalabo\/produits\/domaines\/etalons\/etalons-fluorescence-x-paragon-en-soufre-et-plomb\/","name":"Etalons fluorescence X PARAGON en soufre et plomb | DeltaLabo","isPartOf":{"@id":"https:\/\/webdesi-gn.fr\/dev_deltalabo\/#website"},"primaryImageOfPage":{"@id":"https:\/\/webdesi-gn.fr\/dev_deltalabo\/produits\/domaines\/etalons\/etalons-fluorescence-x-paragon-en-soufre-et-plomb\/#primaryimage"},"image":{"@id":"https:\/\/webdesi-gn.fr\/dev_deltalabo\/produits\/domaines\/etalons\/etalons-fluorescence-x-paragon-en-soufre-et-plomb\/#primaryimage"},"thumbnailUrl":"https:\/\/webdesi-gn.fr\/dev_deltalabo\/wp-content\/uploads\/2024\/01\/DELTA-LABO-Etalon-en-soufre-1.jpg","datePublished":"2024-01-17T09:39:48+00:00","dateModified":"2025-03-25T14:23:43+00:00","breadcrumb":{"@id":"https:\/\/webdesi-gn.fr\/dev_deltalabo\/produits\/domaines\/etalons\/etalons-fluorescence-x-paragon-en-soufre-et-plomb\/#breadcrumb"},"inLanguage":"fr-FR","potentialAction":[{"@type":"ReadAction","target":["https:\/\/webdesi-gn.fr\/dev_deltalabo\/produits\/domaines\/etalons\/etalons-fluorescence-x-paragon-en-soufre-et-plomb\/"]}]},{"@type":"ImageObject","inLanguage":"fr-FR","@id":"https:\/\/webdesi-gn.fr\/dev_deltalabo\/produits\/domaines\/etalons\/etalons-fluorescence-x-paragon-en-soufre-et-plomb\/#primaryimage","url":"https:\/\/webdesi-gn.fr\/dev_deltalabo\/wp-content\/uploads\/2024\/01\/DELTA-LABO-Etalon-en-soufre-1.jpg","contentUrl":"https:\/\/webdesi-gn.fr\/dev_deltalabo\/wp-content\/uploads\/2024\/01\/DELTA-LABO-Etalon-en-soufre-1.jpg","width":650,"height":802},{"@type":"BreadcrumbList","@id":"https:\/\/webdesi-gn.fr\/dev_deltalabo\/produits\/domaines\/etalons\/etalons-fluorescence-x-paragon-en-soufre-et-plomb\/#breadcrumb","itemListElement":[{"@type":"ListItem","position":1,"name":"Accueil","item":"https:\/\/webdesi-gn.fr\/dev_deltalabo\/"},{"@type":"ListItem","position":2,"name":"Produits","item":"https:\/\/webdesi-gn.fr\/dev_deltalabo\/produits\/"},{"@type":"ListItem","position":3,"name":"Etalons fluorescence X PARAGON en soufre et plomb"}]},{"@type":"WebSite","@id":"https:\/\/webdesi-gn.fr\/dev_deltalabo\/#website","url":"https:\/\/webdesi-gn.fr\/dev_deltalabo\/","name":"Delta Labo","description":"Un site utilisant WordPress","publisher":{"@id":"https:\/\/webdesi-gn.fr\/dev_deltalabo\/#organization"},"alternateName":"Delta Labo","potentialAction":[{"@type":"SearchAction","target":{"@type":"EntryPoint","urlTemplate":"https:\/\/webdesi-gn.fr\/dev_deltalabo\/?s={search_term_string}"},"query-input":{"@type":"PropertyValueSpecification","valueRequired":true,"valueName":"search_term_string"}}],"inLanguage":"fr-FR"},{"@type":"Organization","@id":"https:\/\/webdesi-gn.fr\/dev_deltalabo\/#organization","name":"DeltaLabo","url":"https:\/\/webdesi-gn.fr\/dev_deltalabo\/","logo":{"@type":"ImageObject","inLanguage":"fr-FR","@id":"https:\/\/webdesi-gn.fr\/dev_deltalabo\/#\/schema\/logo\/image\/","url":"https:\/\/webdesi-gn.fr\/dev_deltalabo\/wp-content\/uploads\/2022\/07\/logo-deltalabo.png","contentUrl":"https:\/\/webdesi-gn.fr\/dev_deltalabo\/wp-content\/uploads\/2022\/07\/logo-deltalabo.png","width":694,"height":306,"caption":"DeltaLabo"},"image":{"@id":"https:\/\/webdesi-gn.fr\/dev_deltalabo\/#\/schema\/logo\/image\/"}}]}},"_links":{"self":[{"href":"https:\/\/webdesi-gn.fr\/dev_deltalabo\/wp-json\/wp\/v2\/product\/255650","targetHints":{"allow":["GET"]}}],"collection":[{"href":"https:\/\/webdesi-gn.fr\/dev_deltalabo\/wp-json\/wp\/v2\/product"}],"about":[{"href":"https:\/\/webdesi-gn.fr\/dev_deltalabo\/wp-json\/wp\/v2\/types\/product"}],"wp:featuredmedia":[{"embeddable":true,"href":"https:\/\/webdesi-gn.fr\/dev_deltalabo\/wp-json\/wp\/v2\/media\/259165"}],"wp:attachment":[{"href":"https:\/\/webdesi-gn.fr\/dev_deltalabo\/wp-json\/wp\/v2\/media?parent=255650"}],"wp:term":[{"taxonomy":"domaine","embeddable":true,"href":"https:\/\/webdesi-gn.fr\/dev_deltalabo\/wp-json\/wp\/v2\/domaine?post=255650"},{"taxonomy":"normes","embeddable":true,"href":"https:\/\/webdesi-gn.fr\/dev_deltalabo\/wp-json\/wp\/v2\/normes?post=255650"},{"taxonomy":"product_brand","embeddable":true,"href":"https:\/\/webdesi-gn.fr\/dev_deltalabo\/wp-json\/wp\/v2\/product_brand?post=255650"},{"taxonomy":"product_cat","embeddable":true,"href":"https:\/\/webdesi-gn.fr\/dev_deltalabo\/wp-json\/wp\/v2\/product_cat?post=255650"},{"taxonomy":"product_tag","embeddable":true,"href":"https:\/\/webdesi-gn.fr\/dev_deltalabo\/wp-json\/wp\/v2\/product_tag?post=255650"}],"curies":[{"name":"wp","href":"https:\/\/api.w.org\/{rel}","templated":true}]}}