{"id":255665,"date":"2024-01-17T10:58:02","date_gmt":"2024-01-17T09:58:02","guid":{"rendered":"https:\/\/webdesi-gn.fr\/dev_deltalabo\/?post_type=product&#038;p=255665"},"modified":"2026-03-27T10:06:26","modified_gmt":"2026-03-27T09:06:26","slug":"etalons-ph-certifies-hach-lange","status":"publish","type":"product","link":"https:\/\/webdesi-gn.fr\/dev_deltalabo\/produits\/equipements-communs\/etalons-equipements-communs\/etalons-ph-certifies-hach-lange\/","title":{"rendered":"Etalons pH certifi\u00e9s HACH-LANGE"},"content":{"rendered":"","protected":false},"excerpt":{"rendered":"<p><strong>Etalons pH certifi\u00e9s HACH-LANGE :<\/strong><\/p>\n<p>Les \u00e9talons pH certifi\u00e9s de chez HACH-LANGE sont fabriqu\u00e9s dans un laboratoire accr\u00e9dit\u00e9 DAR (organisme allemand) directement \u00e0 partir de mat\u00e9riaux de r\u00e9f\u00e9rence (CRM). Les \u00e9talons HACH-LANGE sont destin\u00e9s aux validations m\u00e9trologiques les plus exigeantes.<\/p>\n<p>Leur conditionnement en bo\u00eete \u00e9tanche \u00e0 l&rsquo;air permet une conservation optimis\u00e9e jusqu&rsquo;\u00e0 4 ans. Chaque bouteille b\u00e9n\u00e9ficie d&rsquo;une tra\u00e7abilit\u00e9 totale.<\/p>\n<p>Chaque \u00e9talon est livr\u00e9 avec son certificat individuel DKD.<\/p>\n<p><strong>T\u00e9l\u00e9charger la brochure produit :<\/strong> <a href=\"https:\/\/www.deltalabo.fr\/wp-content\/uploads\/2025\/04\/Doc-Etalons-PH-certifies-HACH-eng-DL.pdf\">Etalons pH certifi\u00e9s Hach Lange<\/a><\/p>\n","protected":false},"featured_media":262297,"template":"","meta":{"_acf_changed":false,"site-sidebar-layout":"default","site-content-layout":"","ast-site-content-layout":"default","site-content-style":"default","site-sidebar-style":"default","ast-global-header-display":"","ast-banner-title-visibility":"","ast-main-header-display":"","ast-hfb-above-header-display":"","ast-hfb-below-header-display":"","ast-hfb-mobile-header-display":"","site-post-title":"","ast-breadcrumbs-content":"","ast-featured-img":"","footer-sml-layout":"","ast-disable-related-posts":"","theme-transparent-header-meta":"default","adv-header-id-meta":"","stick-header-meta":"","header-above-stick-meta":"","header-main-stick-meta":"","header-below-stick-meta":"","astra-migrate-meta-layouts":"set","ast-page-background-enabled":"default","ast-page-background-meta":{"desktop":{"background-color":"var(--ast-global-color-5)","background-image":"","background-repeat":"repeat","background-position":"center center","background-size":"auto","background-attachment":"scroll","background-type":"","background-media":"","overlay-type":"","overlay-color":"","overlay-opacity":"","overlay-gradient":""},"tablet":{"background-color":"","background-image":"","background-repeat":"repeat","background-position":"center center","background-size":"auto","background-attachment":"scroll","background-type":"","background-media":"","overlay-type":"","overlay-color":"","overlay-opacity":"","overlay-gradient":""},"mobile":{"background-color":"","background-image":"","background-repeat":"repeat","background-position":"center center","background-size":"auto","background-attachment":"scroll","background-type":"","background-media":"","overlay-type":"","overlay-color":"","overlay-opacity":"","overlay-gradient":""}},"ast-content-background-meta":{"desktop":{"background-color":"var(--ast-global-color-4)","background-image":"","background-repeat":"repeat","background-position":"center center","background-size":"auto","background-attachment":"scroll","background-type":"","background-media":"","overlay-type":"","overlay-color":"","overlay-opacity":"","overlay-gradient":""},"tablet":{"background-color":"var(--ast-global-color-4)","background-image":"","background-repeat":"repeat","background-position":"center center","background-size":"auto","background-attachment":"scroll","background-type":"","background-media":"","overlay-type":"","overlay-color":"","overlay-opacity":"","overlay-gradient":""},"mobile":{"background-color":"var(--ast-global-color-4)","background-image":"","background-repeat":"repeat","background-position":"center center","background-size":"auto","background-attachment":"scroll","background-type":"","background-media":"","overlay-type":"","overlay-color":"","overlay-opacity":"","overlay-gradient":""}}},"domaine":[17182,17186],"normes":[],"product_brand":[],"product_cat":[17924,17928,17937,17904,17233,17927,17936,17942],"product_tag":[],"class_list":{"0":"post-255665","1":"product","2":"type-product","3":"status-publish","4":"has-post-thumbnail","6":"domaine-etalons","7":"domaine-recherche-et-developpement","8":"product_cat-conductimetre-pharmacie-biochimie","9":"product_cat-conductimetre-cosmetique-huile-essentielle","10":"product_cat-conductimetre-agro-alimentaire-boissons","11":"product_cat-etalons-equipements-communs","12":"product_cat-ph-metre","13":"product_cat-ph-metre-cosmetique-huile-essentielle","14":"product_cat-ph-metre-agro-alimentaire-boissons","15":"product_cat-ph-metre-pharmacie-biochimie","16":"desktop-align-left","17":"tablet-align-left","18":"mobile-align-left","20":"first","21":"instock","22":"shipping-taxable","23":"product-type-simple"},"acf":[],"yoast_head":"<!-- This site is optimized with the Yoast SEO plugin v27.4 - https:\/\/yoast.com\/product\/yoast-seo-wordpress\/ -->\n<title>Etalons pH certifi\u00e9s HACH-LANGE | DeltaLabo<\/title>\n<meta name=\"robots\" content=\"noindex, follow, max-snippet:-1, max-image-preview:large, max-video-preview:-1\" \/>\n<meta property=\"og:locale\" content=\"fr_FR\" \/>\n<meta property=\"og:type\" content=\"article\" \/>\n<meta property=\"og:title\" content=\"Etalons pH certifi\u00e9s HACH-LANGE | DeltaLabo\" \/>\n<meta property=\"og:description\" content=\"Etalons pH certifi\u00e9s HACH-LANGE :  Les \u00e9talons pH certifi\u00e9s de chez HACH-LANGE sont fabriqu\u00e9s dans un laboratoire accr\u00e9dit\u00e9 DAR (organisme allemand) directement \u00e0 partir de mat\u00e9riaux de r\u00e9f\u00e9rence (CRM). Les \u00e9talons HACH-LANGE sont destin\u00e9s aux validations m\u00e9trologiques les plus exigeantes.  Leur conditionnement en bo\u00eete \u00e9tanche \u00e0 l&#039;air permet une conservation optimis\u00e9e jusqu&#039;\u00e0 4 ans. Chaque bouteille b\u00e9n\u00e9ficie d&#039;une tra\u00e7abilit\u00e9 totale.  Chaque \u00e9talon est livr\u00e9 avec son certificat individuel DKD.  T\u00e9l\u00e9charger la brochure produit : Etalons pH certifi\u00e9s Hach Lange\" \/>\n<meta property=\"og:url\" content=\"https:\/\/webdesi-gn.fr\/dev_deltalabo\/produits\/equipements-communs\/etalons-equipements-communs\/etalons-ph-certifies-hach-lange\/\" \/>\n<meta property=\"og:site_name\" content=\"DeltaLabo\" \/>\n<meta property=\"article:modified_time\" content=\"2026-03-27T09:06:26+00:00\" \/>\n<meta property=\"og:image\" content=\"https:\/\/webdesi-gn.fr\/dev_deltalabo\/wp-content\/uploads\/2025\/11\/DELTA-LABO-Etalon-PH-certifie-HACH.png\" \/>\n\t<meta property=\"og:image:width\" content=\"578\" \/>\n\t<meta property=\"og:image:height\" content=\"578\" \/>\n\t<meta property=\"og:image:type\" content=\"image\/png\" \/>\n<meta name=\"twitter:card\" content=\"summary_large_image\" \/>\n<meta name=\"twitter:label1\" content=\"Dur\u00e9e de lecture estim\u00e9e\" \/>\n\t<meta name=\"twitter:data1\" content=\"1 minute\" \/>\n<script type=\"application\/ld+json\" class=\"yoast-schema-graph\">{\"@context\":\"https:\\\/\\\/schema.org\",\"@graph\":[{\"@type\":\"WebPage\",\"@id\":\"https:\\\/\\\/webdesi-gn.fr\\\/dev_deltalabo\\\/produits\\\/equipements-communs\\\/etalons-equipements-communs\\\/etalons-ph-certifies-hach-lange\\\/\",\"url\":\"https:\\\/\\\/webdesi-gn.fr\\\/dev_deltalabo\\\/produits\\\/equipements-communs\\\/etalons-equipements-communs\\\/etalons-ph-certifies-hach-lange\\\/\",\"name\":\"Etalons pH certifi\u00e9s HACH-LANGE | DeltaLabo\",\"isPartOf\":{\"@id\":\"https:\\\/\\\/webdesi-gn.fr\\\/dev_deltalabo\\\/#website\"},\"primaryImageOfPage\":{\"@id\":\"https:\\\/\\\/webdesi-gn.fr\\\/dev_deltalabo\\\/produits\\\/equipements-communs\\\/etalons-equipements-communs\\\/etalons-ph-certifies-hach-lange\\\/#primaryimage\"},\"image\":{\"@id\":\"https:\\\/\\\/webdesi-gn.fr\\\/dev_deltalabo\\\/produits\\\/equipements-communs\\\/etalons-equipements-communs\\\/etalons-ph-certifies-hach-lange\\\/#primaryimage\"},\"thumbnailUrl\":\"https:\\\/\\\/webdesi-gn.fr\\\/dev_deltalabo\\\/wp-content\\\/uploads\\\/2025\\\/11\\\/DELTA-LABO-Etalon-PH-certifie-HACH.png\",\"datePublished\":\"2024-01-17T09:58:02+00:00\",\"dateModified\":\"2026-03-27T09:06:26+00:00\",\"breadcrumb\":{\"@id\":\"https:\\\/\\\/webdesi-gn.fr\\\/dev_deltalabo\\\/produits\\\/equipements-communs\\\/etalons-equipements-communs\\\/etalons-ph-certifies-hach-lange\\\/#breadcrumb\"},\"inLanguage\":\"fr-FR\",\"potentialAction\":[{\"@type\":\"ReadAction\",\"target\":[\"https:\\\/\\\/webdesi-gn.fr\\\/dev_deltalabo\\\/produits\\\/equipements-communs\\\/etalons-equipements-communs\\\/etalons-ph-certifies-hach-lange\\\/\"]}]},{\"@type\":\"ImageObject\",\"inLanguage\":\"fr-FR\",\"@id\":\"https:\\\/\\\/webdesi-gn.fr\\\/dev_deltalabo\\\/produits\\\/equipements-communs\\\/etalons-equipements-communs\\\/etalons-ph-certifies-hach-lange\\\/#primaryimage\",\"url\":\"https:\\\/\\\/webdesi-gn.fr\\\/dev_deltalabo\\\/wp-content\\\/uploads\\\/2025\\\/11\\\/DELTA-LABO-Etalon-PH-certifie-HACH.png\",\"contentUrl\":\"https:\\\/\\\/webdesi-gn.fr\\\/dev_deltalabo\\\/wp-content\\\/uploads\\\/2025\\\/11\\\/DELTA-LABO-Etalon-PH-certifie-HACH.png\",\"width\":578,\"height\":578},{\"@type\":\"BreadcrumbList\",\"@id\":\"https:\\\/\\\/webdesi-gn.fr\\\/dev_deltalabo\\\/produits\\\/equipements-communs\\\/etalons-equipements-communs\\\/etalons-ph-certifies-hach-lange\\\/#breadcrumb\",\"itemListElement\":[{\"@type\":\"ListItem\",\"position\":1,\"name\":\"Accueil\",\"item\":\"https:\\\/\\\/webdesi-gn.fr\\\/dev_deltalabo\\\/\"},{\"@type\":\"ListItem\",\"position\":2,\"name\":\"Produits\",\"item\":\"https:\\\/\\\/webdesi-gn.fr\\\/dev_deltalabo\\\/produits\\\/\"},{\"@type\":\"ListItem\",\"position\":3,\"name\":\"Etalons pH certifi\u00e9s HACH-LANGE\"}]},{\"@type\":\"WebSite\",\"@id\":\"https:\\\/\\\/webdesi-gn.fr\\\/dev_deltalabo\\\/#website\",\"url\":\"https:\\\/\\\/webdesi-gn.fr\\\/dev_deltalabo\\\/\",\"name\":\"Delta Labo\",\"description\":\"Un site utilisant WordPress\",\"publisher\":{\"@id\":\"https:\\\/\\\/webdesi-gn.fr\\\/dev_deltalabo\\\/#organization\"},\"alternateName\":\"Delta Labo\",\"potentialAction\":[{\"@type\":\"SearchAction\",\"target\":{\"@type\":\"EntryPoint\",\"urlTemplate\":\"https:\\\/\\\/webdesi-gn.fr\\\/dev_deltalabo\\\/?s={search_term_string}\"},\"query-input\":{\"@type\":\"PropertyValueSpecification\",\"valueRequired\":true,\"valueName\":\"search_term_string\"}}],\"inLanguage\":\"fr-FR\"},{\"@type\":\"Organization\",\"@id\":\"https:\\\/\\\/webdesi-gn.fr\\\/dev_deltalabo\\\/#organization\",\"name\":\"DeltaLabo\",\"url\":\"https:\\\/\\\/webdesi-gn.fr\\\/dev_deltalabo\\\/\",\"logo\":{\"@type\":\"ImageObject\",\"inLanguage\":\"fr-FR\",\"@id\":\"https:\\\/\\\/webdesi-gn.fr\\\/dev_deltalabo\\\/#\\\/schema\\\/logo\\\/image\\\/\",\"url\":\"https:\\\/\\\/webdesi-gn.fr\\\/dev_deltalabo\\\/wp-content\\\/uploads\\\/2022\\\/07\\\/logo-deltalabo.png\",\"contentUrl\":\"https:\\\/\\\/webdesi-gn.fr\\\/dev_deltalabo\\\/wp-content\\\/uploads\\\/2022\\\/07\\\/logo-deltalabo.png\",\"width\":694,\"height\":306,\"caption\":\"DeltaLabo\"},\"image\":{\"@id\":\"https:\\\/\\\/webdesi-gn.fr\\\/dev_deltalabo\\\/#\\\/schema\\\/logo\\\/image\\\/\"}}]}<\/script>\n<!-- \/ Yoast SEO plugin. -->","yoast_head_json":{"title":"Etalons pH certifi\u00e9s HACH-LANGE | DeltaLabo","robots":{"index":"noindex","follow":"follow","max-snippet":"max-snippet:-1","max-image-preview":"max-image-preview:large","max-video-preview":"max-video-preview:-1"},"og_locale":"fr_FR","og_type":"article","og_title":"Etalons pH certifi\u00e9s HACH-LANGE | DeltaLabo","og_description":"Etalons pH certifi\u00e9s HACH-LANGE :  Les \u00e9talons pH certifi\u00e9s de chez HACH-LANGE sont fabriqu\u00e9s dans un laboratoire accr\u00e9dit\u00e9 DAR (organisme allemand) directement \u00e0 partir de mat\u00e9riaux de r\u00e9f\u00e9rence (CRM). Les \u00e9talons HACH-LANGE sont destin\u00e9s aux validations m\u00e9trologiques les plus exigeantes.  Leur conditionnement en bo\u00eete \u00e9tanche \u00e0 l'air permet une conservation optimis\u00e9e jusqu'\u00e0 4 ans. Chaque bouteille b\u00e9n\u00e9ficie d'une tra\u00e7abilit\u00e9 totale.  Chaque \u00e9talon est livr\u00e9 avec son certificat individuel DKD.  T\u00e9l\u00e9charger la brochure produit : Etalons pH certifi\u00e9s Hach Lange","og_url":"https:\/\/webdesi-gn.fr\/dev_deltalabo\/produits\/equipements-communs\/etalons-equipements-communs\/etalons-ph-certifies-hach-lange\/","og_site_name":"DeltaLabo","article_modified_time":"2026-03-27T09:06:26+00:00","og_image":[{"width":578,"height":578,"url":"https:\/\/webdesi-gn.fr\/dev_deltalabo\/wp-content\/uploads\/2025\/11\/DELTA-LABO-Etalon-PH-certifie-HACH.png","type":"image\/png"}],"twitter_card":"summary_large_image","twitter_misc":{"Dur\u00e9e de lecture estim\u00e9e":"1 minute"},"schema":{"@context":"https:\/\/schema.org","@graph":[{"@type":"WebPage","@id":"https:\/\/webdesi-gn.fr\/dev_deltalabo\/produits\/equipements-communs\/etalons-equipements-communs\/etalons-ph-certifies-hach-lange\/","url":"https:\/\/webdesi-gn.fr\/dev_deltalabo\/produits\/equipements-communs\/etalons-equipements-communs\/etalons-ph-certifies-hach-lange\/","name":"Etalons pH certifi\u00e9s HACH-LANGE | DeltaLabo","isPartOf":{"@id":"https:\/\/webdesi-gn.fr\/dev_deltalabo\/#website"},"primaryImageOfPage":{"@id":"https:\/\/webdesi-gn.fr\/dev_deltalabo\/produits\/equipements-communs\/etalons-equipements-communs\/etalons-ph-certifies-hach-lange\/#primaryimage"},"image":{"@id":"https:\/\/webdesi-gn.fr\/dev_deltalabo\/produits\/equipements-communs\/etalons-equipements-communs\/etalons-ph-certifies-hach-lange\/#primaryimage"},"thumbnailUrl":"https:\/\/webdesi-gn.fr\/dev_deltalabo\/wp-content\/uploads\/2025\/11\/DELTA-LABO-Etalon-PH-certifie-HACH.png","datePublished":"2024-01-17T09:58:02+00:00","dateModified":"2026-03-27T09:06:26+00:00","breadcrumb":{"@id":"https:\/\/webdesi-gn.fr\/dev_deltalabo\/produits\/equipements-communs\/etalons-equipements-communs\/etalons-ph-certifies-hach-lange\/#breadcrumb"},"inLanguage":"fr-FR","potentialAction":[{"@type":"ReadAction","target":["https:\/\/webdesi-gn.fr\/dev_deltalabo\/produits\/equipements-communs\/etalons-equipements-communs\/etalons-ph-certifies-hach-lange\/"]}]},{"@type":"ImageObject","inLanguage":"fr-FR","@id":"https:\/\/webdesi-gn.fr\/dev_deltalabo\/produits\/equipements-communs\/etalons-equipements-communs\/etalons-ph-certifies-hach-lange\/#primaryimage","url":"https:\/\/webdesi-gn.fr\/dev_deltalabo\/wp-content\/uploads\/2025\/11\/DELTA-LABO-Etalon-PH-certifie-HACH.png","contentUrl":"https:\/\/webdesi-gn.fr\/dev_deltalabo\/wp-content\/uploads\/2025\/11\/DELTA-LABO-Etalon-PH-certifie-HACH.png","width":578,"height":578},{"@type":"BreadcrumbList","@id":"https:\/\/webdesi-gn.fr\/dev_deltalabo\/produits\/equipements-communs\/etalons-equipements-communs\/etalons-ph-certifies-hach-lange\/#breadcrumb","itemListElement":[{"@type":"ListItem","position":1,"name":"Accueil","item":"https:\/\/webdesi-gn.fr\/dev_deltalabo\/"},{"@type":"ListItem","position":2,"name":"Produits","item":"https:\/\/webdesi-gn.fr\/dev_deltalabo\/produits\/"},{"@type":"ListItem","position":3,"name":"Etalons pH certifi\u00e9s HACH-LANGE"}]},{"@type":"WebSite","@id":"https:\/\/webdesi-gn.fr\/dev_deltalabo\/#website","url":"https:\/\/webdesi-gn.fr\/dev_deltalabo\/","name":"Delta Labo","description":"Un site utilisant WordPress","publisher":{"@id":"https:\/\/webdesi-gn.fr\/dev_deltalabo\/#organization"},"alternateName":"Delta Labo","potentialAction":[{"@type":"SearchAction","target":{"@type":"EntryPoint","urlTemplate":"https:\/\/webdesi-gn.fr\/dev_deltalabo\/?s={search_term_string}"},"query-input":{"@type":"PropertyValueSpecification","valueRequired":true,"valueName":"search_term_string"}}],"inLanguage":"fr-FR"},{"@type":"Organization","@id":"https:\/\/webdesi-gn.fr\/dev_deltalabo\/#organization","name":"DeltaLabo","url":"https:\/\/webdesi-gn.fr\/dev_deltalabo\/","logo":{"@type":"ImageObject","inLanguage":"fr-FR","@id":"https:\/\/webdesi-gn.fr\/dev_deltalabo\/#\/schema\/logo\/image\/","url":"https:\/\/webdesi-gn.fr\/dev_deltalabo\/wp-content\/uploads\/2022\/07\/logo-deltalabo.png","contentUrl":"https:\/\/webdesi-gn.fr\/dev_deltalabo\/wp-content\/uploads\/2022\/07\/logo-deltalabo.png","width":694,"height":306,"caption":"DeltaLabo"},"image":{"@id":"https:\/\/webdesi-gn.fr\/dev_deltalabo\/#\/schema\/logo\/image\/"}}]}},"_links":{"self":[{"href":"https:\/\/webdesi-gn.fr\/dev_deltalabo\/wp-json\/wp\/v2\/product\/255665","targetHints":{"allow":["GET"]}}],"collection":[{"href":"https:\/\/webdesi-gn.fr\/dev_deltalabo\/wp-json\/wp\/v2\/product"}],"about":[{"href":"https:\/\/webdesi-gn.fr\/dev_deltalabo\/wp-json\/wp\/v2\/types\/product"}],"wp:featuredmedia":[{"embeddable":true,"href":"https:\/\/webdesi-gn.fr\/dev_deltalabo\/wp-json\/wp\/v2\/media\/262297"}],"wp:attachment":[{"href":"https:\/\/webdesi-gn.fr\/dev_deltalabo\/wp-json\/wp\/v2\/media?parent=255665"}],"wp:term":[{"taxonomy":"domaine","embeddable":true,"href":"https:\/\/webdesi-gn.fr\/dev_deltalabo\/wp-json\/wp\/v2\/domaine?post=255665"},{"taxonomy":"normes","embeddable":true,"href":"https:\/\/webdesi-gn.fr\/dev_deltalabo\/wp-json\/wp\/v2\/normes?post=255665"},{"taxonomy":"product_brand","embeddable":true,"href":"https:\/\/webdesi-gn.fr\/dev_deltalabo\/wp-json\/wp\/v2\/product_brand?post=255665"},{"taxonomy":"product_cat","embeddable":true,"href":"https:\/\/webdesi-gn.fr\/dev_deltalabo\/wp-json\/wp\/v2\/product_cat?post=255665"},{"taxonomy":"product_tag","embeddable":true,"href":"https:\/\/webdesi-gn.fr\/dev_deltalabo\/wp-json\/wp\/v2\/product_tag?post=255665"}],"curies":[{"name":"wp","href":"https:\/\/api.w.org\/{rel}","templated":true}]}}