{"id":255676,"date":"2024-01-17T11:08:14","date_gmt":"2024-01-17T10:08:14","guid":{"rendered":"https:\/\/webdesi-gn.fr\/dev_deltalabo\/?post_type=product&#038;p=255676"},"modified":"2025-03-26T09:27:49","modified_gmt":"2025-03-26T08:27:49","slug":"etalons-secondaires-paragon-en-point-eclair-pensky-martens","status":"publish","type":"product","link":"https:\/\/webdesi-gn.fr\/dev_deltalabo\/produits\/petrochimie-chimie-nucleaire\/etalons-secondaires-paragon-en-point-eclair-pensky-martens\/","title":{"rendered":"Etalons secondaires PARAGON en point \u00e9clair Pensky Martens"},"content":{"rendered":"","protected":false},"excerpt":{"rendered":"<p>Etalons secondaires PARAGON en point \u00e9clair Pensky Martens : les \u00e9talons secondaires en point \u00e9clair PARAGON sont certifi\u00e9s selon la norme ISO 17025 \/ ISO Guide 34 sous accr\u00e9ditation UKAS.<br \/>\nLes \u00e9talons secondaires Pensky Martens sont conformes \u00e0 la norme ASTM D93 Proc\u00e9dure A pour la v\u00e9rification des performances des instruments.<br \/>\nIls sont conditionn\u00e9s en lots de 3 x 80ml. Pour une utilisation optimale (sans contamination et sans \u00e9vaporation), nous recommandons une bouteille par test. Leur dur\u00e9e de conservation est de 12 mois.<\/p>\n<p><strong>T\u00e9l\u00e9charger la brochure produit :<\/strong> <a href=\"https:\/\/webdesi-gn.fr\/dev_deltalabo\/wp-content\/uploads\/2025\/03\/Doc-etalons-secondaires-Pensky-engl-DL.pdf\">Etalons secondaires Pensky<\/a><\/p>\n","protected":false},"featured_media":259183,"template":"","meta":{"_acf_changed":false,"site-sidebar-layout":"default","site-content-layout":"","ast-site-content-layout":"default","site-content-style":"default","site-sidebar-style":"default","ast-global-header-display":"","ast-banner-title-visibility":"","ast-main-header-display":"","ast-hfb-above-header-display":"","ast-hfb-below-header-display":"","ast-hfb-mobile-header-display":"","site-post-title":"","ast-breadcrumbs-content":"","ast-featured-img":"","footer-sml-layout":"","ast-disable-related-posts":"","theme-transparent-header-meta":"","adv-header-id-meta":"","stick-header-meta":"","header-above-stick-meta":"","header-main-stick-meta":"","header-below-stick-meta":"","astra-migrate-meta-layouts":"default","ast-page-background-enabled":"default","ast-page-background-meta":{"desktop":{"background-color":"var(--ast-global-color-5)","background-image":"","background-repeat":"repeat","background-position":"center center","background-size":"auto","background-attachment":"scroll","background-type":"","background-media":"","overlay-type":"","overlay-color":"","overlay-opacity":"","overlay-gradient":""},"tablet":{"background-color":"","background-image":"","background-repeat":"repeat","background-position":"center center","background-size":"auto","background-attachment":"scroll","background-type":"","background-media":"","overlay-type":"","overlay-color":"","overlay-opacity":"","overlay-gradient":""},"mobile":{"background-color":"","background-image":"","background-repeat":"repeat","background-position":"center center","background-size":"auto","background-attachment":"scroll","background-type":"","background-media":"","overlay-type":"","overlay-color":"","overlay-opacity":"","overlay-gradient":""}},"ast-content-background-meta":{"desktop":{"background-color":"var(--ast-global-color-4)","background-image":"","background-repeat":"repeat","background-position":"center center","background-size":"auto","background-attachment":"scroll","background-type":"","background-media":"","overlay-type":"","overlay-color":"","overlay-opacity":"","overlay-gradient":""},"tablet":{"background-color":"var(--ast-global-color-4)","background-image":"","background-repeat":"repeat","background-position":"center center","background-size":"auto","background-attachment":"scroll","background-type":"","background-media":"","overlay-type":"","overlay-color":"","overlay-opacity":"","overlay-gradient":""},"mobile":{"background-color":"var(--ast-global-color-4)","background-image":"","background-repeat":"repeat","background-position":"center center","background-size":"auto","background-attachment":"scroll","background-type":"","background-media":"","overlay-type":"","overlay-color":"","overlay-opacity":"","overlay-gradient":""}}},"domaine":[17182],"normes":[],"product_brand":[],"product_cat":[94],"product_tag":[],"class_list":{"0":"post-255676","1":"product","2":"type-product","3":"status-publish","4":"has-post-thumbnail","6":"domaine-etalons","7":"product_cat-petrochimie-chimie-nucleaire","8":"desktop-align-left","9":"tablet-align-left","10":"mobile-align-left","12":"first","13":"instock","14":"shipping-taxable","15":"purchasable","16":"product-type-simple"},"acf":[],"yoast_head":"<!-- This site is optimized with the Yoast SEO plugin v27.4 - https:\/\/yoast.com\/product\/yoast-seo-wordpress\/ -->\n<title>Etalons secondaires PARAGON en point \u00e9clair Pensky Martens | DeltaLabo<\/title>\n<meta name=\"robots\" content=\"noindex, follow, max-snippet:-1, max-image-preview:large, max-video-preview:-1\" \/>\n<meta property=\"og:locale\" content=\"fr_FR\" \/>\n<meta property=\"og:type\" content=\"article\" \/>\n<meta property=\"og:title\" content=\"Etalons secondaires PARAGON en point \u00e9clair Pensky Martens | DeltaLabo\" \/>\n<meta property=\"og:description\" content=\"Etalons secondaires PARAGON en point \u00e9clair Pensky Martens : les \u00e9talons secondaires en point \u00e9clair PARAGON sont certifi\u00e9s selon la norme ISO 17025 \/ ISO Guide 34 sous accr\u00e9ditation UKAS. Les \u00e9talons secondaires Pensky Martens sont conformes \u00e0 la norme ASTM D93 Proc\u00e9dure A pour la v\u00e9rification des performances des instruments. Ils sont conditionn\u00e9s en lots de 3 x 80ml. Pour une utilisation optimale (sans contamination et sans \u00e9vaporation), nous recommandons une bouteille par test. Leur dur\u00e9e de conservation est de 12 mois.  T\u00e9l\u00e9charger la brochure produit : Etalons secondaires Pensky\" \/>\n<meta property=\"og:url\" content=\"https:\/\/webdesi-gn.fr\/dev_deltalabo\/produits\/domaines\/etalons\/etalons-secondaires-paragon-en-point-eclair-pensky-martens\/\" \/>\n<meta property=\"og:site_name\" content=\"DeltaLabo\" \/>\n<meta property=\"article:modified_time\" content=\"2025-03-26T08:27:49+00:00\" \/>\n<meta property=\"og:image\" content=\"https:\/\/webdesi-gn.fr\/dev_deltalabo\/wp-content\/uploads\/2024\/01\/DELTA-LABO-Etalon-secondaire-en-point-eclair-Pensky-Martens.jpg\" \/>\n\t<meta property=\"og:image:width\" content=\"423\" \/>\n\t<meta property=\"og:image:height\" content=\"429\" \/>\n\t<meta property=\"og:image:type\" content=\"image\/jpeg\" \/>\n<meta name=\"twitter:card\" content=\"summary_large_image\" \/>\n<meta name=\"twitter:label1\" content=\"Dur\u00e9e de lecture estim\u00e9e\" \/>\n\t<meta name=\"twitter:data1\" content=\"1 minute\" \/>\n<script type=\"application\/ld+json\" class=\"yoast-schema-graph\">{\"@context\":\"https:\\\/\\\/schema.org\",\"@graph\":[{\"@type\":\"WebPage\",\"@id\":\"https:\\\/\\\/webdesi-gn.fr\\\/dev_deltalabo\\\/produits\\\/domaines\\\/etalons\\\/etalons-secondaires-paragon-en-point-eclair-pensky-martens\\\/\",\"url\":\"https:\\\/\\\/webdesi-gn.fr\\\/dev_deltalabo\\\/produits\\\/domaines\\\/etalons\\\/etalons-secondaires-paragon-en-point-eclair-pensky-martens\\\/\",\"name\":\"Etalons secondaires PARAGON en point \u00e9clair Pensky Martens | DeltaLabo\",\"isPartOf\":{\"@id\":\"https:\\\/\\\/webdesi-gn.fr\\\/dev_deltalabo\\\/#website\"},\"primaryImageOfPage\":{\"@id\":\"https:\\\/\\\/webdesi-gn.fr\\\/dev_deltalabo\\\/produits\\\/domaines\\\/etalons\\\/etalons-secondaires-paragon-en-point-eclair-pensky-martens\\\/#primaryimage\"},\"image\":{\"@id\":\"https:\\\/\\\/webdesi-gn.fr\\\/dev_deltalabo\\\/produits\\\/domaines\\\/etalons\\\/etalons-secondaires-paragon-en-point-eclair-pensky-martens\\\/#primaryimage\"},\"thumbnailUrl\":\"https:\\\/\\\/webdesi-gn.fr\\\/dev_deltalabo\\\/wp-content\\\/uploads\\\/2024\\\/01\\\/DELTA-LABO-Etalon-secondaire-en-point-eclair-Pensky-Martens.jpg\",\"datePublished\":\"2024-01-17T10:08:14+00:00\",\"dateModified\":\"2025-03-26T08:27:49+00:00\",\"breadcrumb\":{\"@id\":\"https:\\\/\\\/webdesi-gn.fr\\\/dev_deltalabo\\\/produits\\\/domaines\\\/etalons\\\/etalons-secondaires-paragon-en-point-eclair-pensky-martens\\\/#breadcrumb\"},\"inLanguage\":\"fr-FR\",\"potentialAction\":[{\"@type\":\"ReadAction\",\"target\":[\"https:\\\/\\\/webdesi-gn.fr\\\/dev_deltalabo\\\/produits\\\/domaines\\\/etalons\\\/etalons-secondaires-paragon-en-point-eclair-pensky-martens\\\/\"]}]},{\"@type\":\"ImageObject\",\"inLanguage\":\"fr-FR\",\"@id\":\"https:\\\/\\\/webdesi-gn.fr\\\/dev_deltalabo\\\/produits\\\/domaines\\\/etalons\\\/etalons-secondaires-paragon-en-point-eclair-pensky-martens\\\/#primaryimage\",\"url\":\"https:\\\/\\\/webdesi-gn.fr\\\/dev_deltalabo\\\/wp-content\\\/uploads\\\/2024\\\/01\\\/DELTA-LABO-Etalon-secondaire-en-point-eclair-Pensky-Martens.jpg\",\"contentUrl\":\"https:\\\/\\\/webdesi-gn.fr\\\/dev_deltalabo\\\/wp-content\\\/uploads\\\/2024\\\/01\\\/DELTA-LABO-Etalon-secondaire-en-point-eclair-Pensky-Martens.jpg\",\"width\":423,\"height\":429},{\"@type\":\"BreadcrumbList\",\"@id\":\"https:\\\/\\\/webdesi-gn.fr\\\/dev_deltalabo\\\/produits\\\/domaines\\\/etalons\\\/etalons-secondaires-paragon-en-point-eclair-pensky-martens\\\/#breadcrumb\",\"itemListElement\":[{\"@type\":\"ListItem\",\"position\":1,\"name\":\"Accueil\",\"item\":\"https:\\\/\\\/webdesi-gn.fr\\\/dev_deltalabo\\\/\"},{\"@type\":\"ListItem\",\"position\":2,\"name\":\"Produits\",\"item\":\"https:\\\/\\\/webdesi-gn.fr\\\/dev_deltalabo\\\/produits\\\/\"},{\"@type\":\"ListItem\",\"position\":3,\"name\":\"Etalons secondaires PARAGON en point \u00e9clair Pensky Martens\"}]},{\"@type\":\"WebSite\",\"@id\":\"https:\\\/\\\/webdesi-gn.fr\\\/dev_deltalabo\\\/#website\",\"url\":\"https:\\\/\\\/webdesi-gn.fr\\\/dev_deltalabo\\\/\",\"name\":\"Delta Labo\",\"description\":\"Un site utilisant WordPress\",\"publisher\":{\"@id\":\"https:\\\/\\\/webdesi-gn.fr\\\/dev_deltalabo\\\/#organization\"},\"alternateName\":\"Delta Labo\",\"potentialAction\":[{\"@type\":\"SearchAction\",\"target\":{\"@type\":\"EntryPoint\",\"urlTemplate\":\"https:\\\/\\\/webdesi-gn.fr\\\/dev_deltalabo\\\/?s={search_term_string}\"},\"query-input\":{\"@type\":\"PropertyValueSpecification\",\"valueRequired\":true,\"valueName\":\"search_term_string\"}}],\"inLanguage\":\"fr-FR\"},{\"@type\":\"Organization\",\"@id\":\"https:\\\/\\\/webdesi-gn.fr\\\/dev_deltalabo\\\/#organization\",\"name\":\"DeltaLabo\",\"url\":\"https:\\\/\\\/webdesi-gn.fr\\\/dev_deltalabo\\\/\",\"logo\":{\"@type\":\"ImageObject\",\"inLanguage\":\"fr-FR\",\"@id\":\"https:\\\/\\\/webdesi-gn.fr\\\/dev_deltalabo\\\/#\\\/schema\\\/logo\\\/image\\\/\",\"url\":\"https:\\\/\\\/webdesi-gn.fr\\\/dev_deltalabo\\\/wp-content\\\/uploads\\\/2022\\\/07\\\/logo-deltalabo.png\",\"contentUrl\":\"https:\\\/\\\/webdesi-gn.fr\\\/dev_deltalabo\\\/wp-content\\\/uploads\\\/2022\\\/07\\\/logo-deltalabo.png\",\"width\":694,\"height\":306,\"caption\":\"DeltaLabo\"},\"image\":{\"@id\":\"https:\\\/\\\/webdesi-gn.fr\\\/dev_deltalabo\\\/#\\\/schema\\\/logo\\\/image\\\/\"}}]}<\/script>\n<!-- \/ Yoast SEO plugin. -->","yoast_head_json":{"title":"Etalons secondaires PARAGON en point \u00e9clair Pensky Martens | DeltaLabo","robots":{"index":"noindex","follow":"follow","max-snippet":"max-snippet:-1","max-image-preview":"max-image-preview:large","max-video-preview":"max-video-preview:-1"},"og_locale":"fr_FR","og_type":"article","og_title":"Etalons secondaires PARAGON en point \u00e9clair Pensky Martens | DeltaLabo","og_description":"Etalons secondaires PARAGON en point \u00e9clair Pensky Martens : les \u00e9talons secondaires en point \u00e9clair PARAGON sont certifi\u00e9s selon la norme ISO 17025 \/ ISO Guide 34 sous accr\u00e9ditation UKAS. Les \u00e9talons secondaires Pensky Martens sont conformes \u00e0 la norme ASTM D93 Proc\u00e9dure A pour la v\u00e9rification des performances des instruments. Ils sont conditionn\u00e9s en lots de 3 x 80ml. Pour une utilisation optimale (sans contamination et sans \u00e9vaporation), nous recommandons une bouteille par test. Leur dur\u00e9e de conservation est de 12 mois.  T\u00e9l\u00e9charger la brochure produit : Etalons secondaires Pensky","og_url":"https:\/\/webdesi-gn.fr\/dev_deltalabo\/produits\/domaines\/etalons\/etalons-secondaires-paragon-en-point-eclair-pensky-martens\/","og_site_name":"DeltaLabo","article_modified_time":"2025-03-26T08:27:49+00:00","og_image":[{"width":423,"height":429,"url":"https:\/\/webdesi-gn.fr\/dev_deltalabo\/wp-content\/uploads\/2024\/01\/DELTA-LABO-Etalon-secondaire-en-point-eclair-Pensky-Martens.jpg","type":"image\/jpeg"}],"twitter_card":"summary_large_image","twitter_misc":{"Dur\u00e9e de lecture estim\u00e9e":"1 minute"},"schema":{"@context":"https:\/\/schema.org","@graph":[{"@type":"WebPage","@id":"https:\/\/webdesi-gn.fr\/dev_deltalabo\/produits\/domaines\/etalons\/etalons-secondaires-paragon-en-point-eclair-pensky-martens\/","url":"https:\/\/webdesi-gn.fr\/dev_deltalabo\/produits\/domaines\/etalons\/etalons-secondaires-paragon-en-point-eclair-pensky-martens\/","name":"Etalons secondaires PARAGON en point \u00e9clair Pensky Martens | DeltaLabo","isPartOf":{"@id":"https:\/\/webdesi-gn.fr\/dev_deltalabo\/#website"},"primaryImageOfPage":{"@id":"https:\/\/webdesi-gn.fr\/dev_deltalabo\/produits\/domaines\/etalons\/etalons-secondaires-paragon-en-point-eclair-pensky-martens\/#primaryimage"},"image":{"@id":"https:\/\/webdesi-gn.fr\/dev_deltalabo\/produits\/domaines\/etalons\/etalons-secondaires-paragon-en-point-eclair-pensky-martens\/#primaryimage"},"thumbnailUrl":"https:\/\/webdesi-gn.fr\/dev_deltalabo\/wp-content\/uploads\/2024\/01\/DELTA-LABO-Etalon-secondaire-en-point-eclair-Pensky-Martens.jpg","datePublished":"2024-01-17T10:08:14+00:00","dateModified":"2025-03-26T08:27:49+00:00","breadcrumb":{"@id":"https:\/\/webdesi-gn.fr\/dev_deltalabo\/produits\/domaines\/etalons\/etalons-secondaires-paragon-en-point-eclair-pensky-martens\/#breadcrumb"},"inLanguage":"fr-FR","potentialAction":[{"@type":"ReadAction","target":["https:\/\/webdesi-gn.fr\/dev_deltalabo\/produits\/domaines\/etalons\/etalons-secondaires-paragon-en-point-eclair-pensky-martens\/"]}]},{"@type":"ImageObject","inLanguage":"fr-FR","@id":"https:\/\/webdesi-gn.fr\/dev_deltalabo\/produits\/domaines\/etalons\/etalons-secondaires-paragon-en-point-eclair-pensky-martens\/#primaryimage","url":"https:\/\/webdesi-gn.fr\/dev_deltalabo\/wp-content\/uploads\/2024\/01\/DELTA-LABO-Etalon-secondaire-en-point-eclair-Pensky-Martens.jpg","contentUrl":"https:\/\/webdesi-gn.fr\/dev_deltalabo\/wp-content\/uploads\/2024\/01\/DELTA-LABO-Etalon-secondaire-en-point-eclair-Pensky-Martens.jpg","width":423,"height":429},{"@type":"BreadcrumbList","@id":"https:\/\/webdesi-gn.fr\/dev_deltalabo\/produits\/domaines\/etalons\/etalons-secondaires-paragon-en-point-eclair-pensky-martens\/#breadcrumb","itemListElement":[{"@type":"ListItem","position":1,"name":"Accueil","item":"https:\/\/webdesi-gn.fr\/dev_deltalabo\/"},{"@type":"ListItem","position":2,"name":"Produits","item":"https:\/\/webdesi-gn.fr\/dev_deltalabo\/produits\/"},{"@type":"ListItem","position":3,"name":"Etalons secondaires PARAGON en point \u00e9clair Pensky Martens"}]},{"@type":"WebSite","@id":"https:\/\/webdesi-gn.fr\/dev_deltalabo\/#website","url":"https:\/\/webdesi-gn.fr\/dev_deltalabo\/","name":"Delta Labo","description":"Un site utilisant WordPress","publisher":{"@id":"https:\/\/webdesi-gn.fr\/dev_deltalabo\/#organization"},"alternateName":"Delta Labo","potentialAction":[{"@type":"SearchAction","target":{"@type":"EntryPoint","urlTemplate":"https:\/\/webdesi-gn.fr\/dev_deltalabo\/?s={search_term_string}"},"query-input":{"@type":"PropertyValueSpecification","valueRequired":true,"valueName":"search_term_string"}}],"inLanguage":"fr-FR"},{"@type":"Organization","@id":"https:\/\/webdesi-gn.fr\/dev_deltalabo\/#organization","name":"DeltaLabo","url":"https:\/\/webdesi-gn.fr\/dev_deltalabo\/","logo":{"@type":"ImageObject","inLanguage":"fr-FR","@id":"https:\/\/webdesi-gn.fr\/dev_deltalabo\/#\/schema\/logo\/image\/","url":"https:\/\/webdesi-gn.fr\/dev_deltalabo\/wp-content\/uploads\/2022\/07\/logo-deltalabo.png","contentUrl":"https:\/\/webdesi-gn.fr\/dev_deltalabo\/wp-content\/uploads\/2022\/07\/logo-deltalabo.png","width":694,"height":306,"caption":"DeltaLabo"},"image":{"@id":"https:\/\/webdesi-gn.fr\/dev_deltalabo\/#\/schema\/logo\/image\/"}}]}},"_links":{"self":[{"href":"https:\/\/webdesi-gn.fr\/dev_deltalabo\/wp-json\/wp\/v2\/product\/255676","targetHints":{"allow":["GET"]}}],"collection":[{"href":"https:\/\/webdesi-gn.fr\/dev_deltalabo\/wp-json\/wp\/v2\/product"}],"about":[{"href":"https:\/\/webdesi-gn.fr\/dev_deltalabo\/wp-json\/wp\/v2\/types\/product"}],"wp:featuredmedia":[{"embeddable":true,"href":"https:\/\/webdesi-gn.fr\/dev_deltalabo\/wp-json\/wp\/v2\/media\/259183"}],"wp:attachment":[{"href":"https:\/\/webdesi-gn.fr\/dev_deltalabo\/wp-json\/wp\/v2\/media?parent=255676"}],"wp:term":[{"taxonomy":"domaine","embeddable":true,"href":"https:\/\/webdesi-gn.fr\/dev_deltalabo\/wp-json\/wp\/v2\/domaine?post=255676"},{"taxonomy":"normes","embeddable":true,"href":"https:\/\/webdesi-gn.fr\/dev_deltalabo\/wp-json\/wp\/v2\/normes?post=255676"},{"taxonomy":"product_brand","embeddable":true,"href":"https:\/\/webdesi-gn.fr\/dev_deltalabo\/wp-json\/wp\/v2\/product_brand?post=255676"},{"taxonomy":"product_cat","embeddable":true,"href":"https:\/\/webdesi-gn.fr\/dev_deltalabo\/wp-json\/wp\/v2\/product_cat?post=255676"},{"taxonomy":"product_tag","embeddable":true,"href":"https:\/\/webdesi-gn.fr\/dev_deltalabo\/wp-json\/wp\/v2\/product_tag?post=255676"}],"curies":[{"name":"wp","href":"https:\/\/api.w.org\/{rel}","templated":true}]}}