{"id":255723,"date":"2024-01-17T12:00:20","date_gmt":"2024-01-17T11:00:20","guid":{"rendered":"https:\/\/webdesi-gn.fr\/dev_deltalabo\/?post_type=product&#038;p=255723"},"modified":"2025-11-24T16:23:03","modified_gmt":"2025-11-24T15:23:03","slug":"compteur-de-particules-pour-huiles-et-lubrifiants-visqueux-klotz-modele-pzg-4","status":"publish","type":"product","link":"https:\/\/webdesi-gn.fr\/dev_deltalabo\/produits\/cat-produit\/compteur-de-particules-pour-huiles-et-lubrifiants-visqueux-klotz-modele-pzg-4\/","title":{"rendered":"Compteur de particules pour huiles et lubrifiants visqueux KLOTZ &#8211; PZG 4"},"content":{"rendered":"","protected":false},"excerpt":{"rendered":"<p><strong>Compteur de particules pour huiles et lubrifiants visqueux KLOTZ &#8211; PZG 4 :<\/strong><\/p>\n<p>Le compteur de particules pour huiles et lubrifiants visqueux KLOTZ &#8211; PZG 4 permet la d\u00e9termination en laboratoire du niveau de contamination en particules dans les huiles usag\u00e9es, les lubrifiants, les fluides hydrauliques etc&#8230;<\/p>\n<p>Il est notamment conforme aux normes ISO 4406, NAS 1638, SAE-A6D, SAE-749D, SAE-AS4059D et SAE-AS4059E.<\/p>\n<p>Le PZG 4 est compos\u00e9 d&rsquo;une unit\u00e9 de pr\u00e9l\u00e8vement sous pression, raccord\u00e9e \u00e0 un syst\u00e8me d&rsquo;acquisition sur ordinateur. Il est ainsi possible de mesurer des \u00e9chantillons ayant une viscosit\u00e9 jusqu&rsquo;\u00e0 350 mm2\/s.<\/p>\n<p>La cellule de mesure est ais\u00e9ment accessible pour faciliter les op\u00e9rations d&rsquo;entretien.<\/p>\n<p><strong>T\u00e9l\u00e9charger la brochure produit :<\/strong> <a href=\"https:\/\/www.deltalabo.fr\/wp-content\/uploads\/2025\/03\/Doc-generale-compteurs-huiles-carbur.-engl-DL.pdf\">Compteur de particules pour huiles et lubrifiants visqueux KLOTZ &#8211; PZG4<\/a><\/p>\n","protected":false},"featured_media":262293,"template":"","meta":{"_acf_changed":false,"site-sidebar-layout":"default","site-content-layout":"","ast-site-content-layout":"default","site-content-style":"default","site-sidebar-style":"default","ast-global-header-display":"","ast-banner-title-visibility":"","ast-main-header-display":"","ast-hfb-above-header-display":"","ast-hfb-below-header-display":"","ast-hfb-mobile-header-display":"","site-post-title":"","ast-breadcrumbs-content":"","ast-featured-img":"","footer-sml-layout":"","ast-disable-related-posts":"","theme-transparent-header-meta":"default","adv-header-id-meta":"","stick-header-meta":"","header-above-stick-meta":"","header-main-stick-meta":"","header-below-stick-meta":"","astra-migrate-meta-layouts":"set","ast-page-background-enabled":"default","ast-page-background-meta":{"desktop":{"background-color":"var(--ast-global-color-5)","background-image":"","background-repeat":"repeat","background-position":"center center","background-size":"auto","background-attachment":"scroll","background-type":"","background-media":"","overlay-type":"","overlay-color":"","overlay-opacity":"","overlay-gradient":""},"tablet":{"background-color":"","background-image":"","background-repeat":"repeat","background-position":"center center","background-size":"auto","background-attachment":"scroll","background-type":"","background-media":"","overlay-type":"","overlay-color":"","overlay-opacity":"","overlay-gradient":""},"mobile":{"background-color":"","background-image":"","background-repeat":"repeat","background-position":"center center","background-size":"auto","background-attachment":"scroll","background-type":"","background-media":"","overlay-type":"","overlay-color":"","overlay-opacity":"","overlay-gradient":""}},"ast-content-background-meta":{"desktop":{"background-color":"var(--ast-global-color-4)","background-image":"","background-repeat":"repeat","background-position":"center center","background-size":"auto","background-attachment":"scroll","background-type":"","background-media":"","overlay-type":"","overlay-color":"","overlay-opacity":"","overlay-gradient":""},"tablet":{"background-color":"var(--ast-global-color-4)","background-image":"","background-repeat":"repeat","background-position":"center center","background-size":"auto","background-attachment":"scroll","background-type":"","background-media":"","overlay-type":"","overlay-color":"","overlay-opacity":"","overlay-gradient":""},"mobile":{"background-color":"var(--ast-global-color-4)","background-image":"","background-repeat":"repeat","background-position":"center center","background-size":"auto","background-attachment":"scroll","background-type":"","background-media":"","overlay-type":"","overlay-color":"","overlay-opacity":"","overlay-gradient":""}}},"domaine":[],"normes":[17135,17112,7001,6435,6436,6437,17138],"product_brand":[],"product_cat":[15],"product_tag":[],"class_list":{"0":"post-255723","1":"product","2":"type-product","3":"status-publish","4":"has-post-thumbnail","6":"normes-din-51562","7":"normes-iso-4406","8":"normes-nas-1638","9":"normes-sae-749d","10":"normes-sae-a6d","11":"normes-sae-as4059d","12":"normes-sae-as4059e","13":"product_cat-cat-produit","14":"desktop-align-left","15":"tablet-align-left","16":"mobile-align-left","18":"first","19":"instock","20":"shipping-taxable","21":"product-type-simple"},"acf":[],"yoast_head":"<!-- This site is optimized with the Yoast SEO plugin v27.4 - https:\/\/yoast.com\/product\/yoast-seo-wordpress\/ -->\n<title>Compteur de particules pour huiles et lubrifiants visqueux KLOTZ - PZG 4 | DeltaLabo<\/title>\n<meta name=\"robots\" content=\"noindex, follow, max-snippet:-1, max-image-preview:large, max-video-preview:-1\" \/>\n<meta property=\"og:locale\" content=\"fr_FR\" \/>\n<meta property=\"og:type\" content=\"article\" \/>\n<meta property=\"og:title\" content=\"Compteur de particules pour huiles et lubrifiants visqueux KLOTZ - PZG 4 | DeltaLabo\" \/>\n<meta property=\"og:description\" content=\"Compteur de particules pour huiles et lubrifiants visqueux KLOTZ - PZG 4 :  Le compteur de particules pour huiles et lubrifiants visqueux KLOTZ - PZG 4 permet la d\u00e9termination en laboratoire du niveau de contamination en particules dans les huiles usag\u00e9es, les lubrifiants, les fluides hydrauliques etc...  Il est notamment conforme aux normes ISO 4406, NAS 1638, SAE-A6D, SAE-749D, SAE-AS4059D et SAE-AS4059E.  Le PZG 4 est compos\u00e9 d&#039;une unit\u00e9 de pr\u00e9l\u00e8vement sous pression, raccord\u00e9e \u00e0 un syst\u00e8me d&#039;acquisition sur ordinateur. Il est ainsi possible de mesurer des \u00e9chantillons ayant une viscosit\u00e9 jusqu&#039;\u00e0 350 mm2\/s.  La cellule de mesure est ais\u00e9ment accessible pour faciliter les op\u00e9rations d&#039;entretien.  T\u00e9l\u00e9charger la brochure produit : Compteur de particules pour huiles et lubrifiants visqueux KLOTZ - PZG4\" \/>\n<meta property=\"og:url\" content=\"https:\/\/webdesi-gn.fr\/dev_deltalabo\/produits\/cat-produit\/compteur-de-particules-pour-huiles-et-lubrifiants-visqueux-klotz-modele-pzg-4\/\" \/>\n<meta property=\"og:site_name\" content=\"DeltaLabo\" \/>\n<meta property=\"article:modified_time\" content=\"2025-11-24T15:23:03+00:00\" \/>\n<meta property=\"og:image\" content=\"https:\/\/webdesi-gn.fr\/dev_deltalabo\/wp-content\/uploads\/2025\/11\/DELTA-LABO-PZG-4.png\" \/>\n\t<meta property=\"og:image:width\" content=\"1000\" \/>\n\t<meta property=\"og:image:height\" content=\"958\" \/>\n\t<meta property=\"og:image:type\" content=\"image\/png\" \/>\n<meta name=\"twitter:card\" content=\"summary_large_image\" \/>\n<meta name=\"twitter:label1\" content=\"Dur\u00e9e de lecture estim\u00e9e\" \/>\n\t<meta name=\"twitter:data1\" content=\"1 minute\" \/>\n<script type=\"application\/ld+json\" class=\"yoast-schema-graph\">{\"@context\":\"https:\\\/\\\/schema.org\",\"@graph\":[{\"@type\":\"WebPage\",\"@id\":\"https:\\\/\\\/webdesi-gn.fr\\\/dev_deltalabo\\\/produits\\\/cat-produit\\\/compteur-de-particules-pour-huiles-et-lubrifiants-visqueux-klotz-modele-pzg-4\\\/\",\"url\":\"https:\\\/\\\/webdesi-gn.fr\\\/dev_deltalabo\\\/produits\\\/cat-produit\\\/compteur-de-particules-pour-huiles-et-lubrifiants-visqueux-klotz-modele-pzg-4\\\/\",\"name\":\"Compteur de particules pour huiles et lubrifiants visqueux KLOTZ - PZG 4 | DeltaLabo\",\"isPartOf\":{\"@id\":\"https:\\\/\\\/webdesi-gn.fr\\\/dev_deltalabo\\\/#website\"},\"primaryImageOfPage\":{\"@id\":\"https:\\\/\\\/webdesi-gn.fr\\\/dev_deltalabo\\\/produits\\\/cat-produit\\\/compteur-de-particules-pour-huiles-et-lubrifiants-visqueux-klotz-modele-pzg-4\\\/#primaryimage\"},\"image\":{\"@id\":\"https:\\\/\\\/webdesi-gn.fr\\\/dev_deltalabo\\\/produits\\\/cat-produit\\\/compteur-de-particules-pour-huiles-et-lubrifiants-visqueux-klotz-modele-pzg-4\\\/#primaryimage\"},\"thumbnailUrl\":\"https:\\\/\\\/webdesi-gn.fr\\\/dev_deltalabo\\\/wp-content\\\/uploads\\\/2025\\\/11\\\/DELTA-LABO-PZG-4.png\",\"datePublished\":\"2024-01-17T11:00:20+00:00\",\"dateModified\":\"2025-11-24T15:23:03+00:00\",\"breadcrumb\":{\"@id\":\"https:\\\/\\\/webdesi-gn.fr\\\/dev_deltalabo\\\/produits\\\/cat-produit\\\/compteur-de-particules-pour-huiles-et-lubrifiants-visqueux-klotz-modele-pzg-4\\\/#breadcrumb\"},\"inLanguage\":\"fr-FR\",\"potentialAction\":[{\"@type\":\"ReadAction\",\"target\":[\"https:\\\/\\\/webdesi-gn.fr\\\/dev_deltalabo\\\/produits\\\/cat-produit\\\/compteur-de-particules-pour-huiles-et-lubrifiants-visqueux-klotz-modele-pzg-4\\\/\"]}]},{\"@type\":\"ImageObject\",\"inLanguage\":\"fr-FR\",\"@id\":\"https:\\\/\\\/webdesi-gn.fr\\\/dev_deltalabo\\\/produits\\\/cat-produit\\\/compteur-de-particules-pour-huiles-et-lubrifiants-visqueux-klotz-modele-pzg-4\\\/#primaryimage\",\"url\":\"https:\\\/\\\/webdesi-gn.fr\\\/dev_deltalabo\\\/wp-content\\\/uploads\\\/2025\\\/11\\\/DELTA-LABO-PZG-4.png\",\"contentUrl\":\"https:\\\/\\\/webdesi-gn.fr\\\/dev_deltalabo\\\/wp-content\\\/uploads\\\/2025\\\/11\\\/DELTA-LABO-PZG-4.png\",\"width\":1000,\"height\":958},{\"@type\":\"BreadcrumbList\",\"@id\":\"https:\\\/\\\/webdesi-gn.fr\\\/dev_deltalabo\\\/produits\\\/cat-produit\\\/compteur-de-particules-pour-huiles-et-lubrifiants-visqueux-klotz-modele-pzg-4\\\/#breadcrumb\",\"itemListElement\":[{\"@type\":\"ListItem\",\"position\":1,\"name\":\"Accueil\",\"item\":\"https:\\\/\\\/webdesi-gn.fr\\\/dev_deltalabo\\\/\"},{\"@type\":\"ListItem\",\"position\":2,\"name\":\"Produits\",\"item\":\"https:\\\/\\\/webdesi-gn.fr\\\/dev_deltalabo\\\/produits\\\/\"},{\"@type\":\"ListItem\",\"position\":3,\"name\":\"Compteur de particules pour huiles et lubrifiants visqueux KLOTZ &#8211; PZG 4\"}]},{\"@type\":\"WebSite\",\"@id\":\"https:\\\/\\\/webdesi-gn.fr\\\/dev_deltalabo\\\/#website\",\"url\":\"https:\\\/\\\/webdesi-gn.fr\\\/dev_deltalabo\\\/\",\"name\":\"Delta Labo\",\"description\":\"Un site utilisant WordPress\",\"publisher\":{\"@id\":\"https:\\\/\\\/webdesi-gn.fr\\\/dev_deltalabo\\\/#organization\"},\"alternateName\":\"Delta Labo\",\"potentialAction\":[{\"@type\":\"SearchAction\",\"target\":{\"@type\":\"EntryPoint\",\"urlTemplate\":\"https:\\\/\\\/webdesi-gn.fr\\\/dev_deltalabo\\\/?s={search_term_string}\"},\"query-input\":{\"@type\":\"PropertyValueSpecification\",\"valueRequired\":true,\"valueName\":\"search_term_string\"}}],\"inLanguage\":\"fr-FR\"},{\"@type\":\"Organization\",\"@id\":\"https:\\\/\\\/webdesi-gn.fr\\\/dev_deltalabo\\\/#organization\",\"name\":\"DeltaLabo\",\"url\":\"https:\\\/\\\/webdesi-gn.fr\\\/dev_deltalabo\\\/\",\"logo\":{\"@type\":\"ImageObject\",\"inLanguage\":\"fr-FR\",\"@id\":\"https:\\\/\\\/webdesi-gn.fr\\\/dev_deltalabo\\\/#\\\/schema\\\/logo\\\/image\\\/\",\"url\":\"https:\\\/\\\/webdesi-gn.fr\\\/dev_deltalabo\\\/wp-content\\\/uploads\\\/2022\\\/07\\\/logo-deltalabo.png\",\"contentUrl\":\"https:\\\/\\\/webdesi-gn.fr\\\/dev_deltalabo\\\/wp-content\\\/uploads\\\/2022\\\/07\\\/logo-deltalabo.png\",\"width\":694,\"height\":306,\"caption\":\"DeltaLabo\"},\"image\":{\"@id\":\"https:\\\/\\\/webdesi-gn.fr\\\/dev_deltalabo\\\/#\\\/schema\\\/logo\\\/image\\\/\"}}]}<\/script>\n<!-- \/ Yoast SEO plugin. -->","yoast_head_json":{"title":"Compteur de particules pour huiles et lubrifiants visqueux KLOTZ - PZG 4 | DeltaLabo","robots":{"index":"noindex","follow":"follow","max-snippet":"max-snippet:-1","max-image-preview":"max-image-preview:large","max-video-preview":"max-video-preview:-1"},"og_locale":"fr_FR","og_type":"article","og_title":"Compteur de particules pour huiles et lubrifiants visqueux KLOTZ - PZG 4 | DeltaLabo","og_description":"Compteur de particules pour huiles et lubrifiants visqueux KLOTZ - PZG 4 :  Le compteur de particules pour huiles et lubrifiants visqueux KLOTZ - PZG 4 permet la d\u00e9termination en laboratoire du niveau de contamination en particules dans les huiles usag\u00e9es, les lubrifiants, les fluides hydrauliques etc...  Il est notamment conforme aux normes ISO 4406, NAS 1638, SAE-A6D, SAE-749D, SAE-AS4059D et SAE-AS4059E.  Le PZG 4 est compos\u00e9 d'une unit\u00e9 de pr\u00e9l\u00e8vement sous pression, raccord\u00e9e \u00e0 un syst\u00e8me d'acquisition sur ordinateur. Il est ainsi possible de mesurer des \u00e9chantillons ayant une viscosit\u00e9 jusqu'\u00e0 350 mm2\/s.  La cellule de mesure est ais\u00e9ment accessible pour faciliter les op\u00e9rations d'entretien.  T\u00e9l\u00e9charger la brochure produit : Compteur de particules pour huiles et lubrifiants visqueux KLOTZ - PZG4","og_url":"https:\/\/webdesi-gn.fr\/dev_deltalabo\/produits\/cat-produit\/compteur-de-particules-pour-huiles-et-lubrifiants-visqueux-klotz-modele-pzg-4\/","og_site_name":"DeltaLabo","article_modified_time":"2025-11-24T15:23:03+00:00","og_image":[{"width":1000,"height":958,"url":"https:\/\/webdesi-gn.fr\/dev_deltalabo\/wp-content\/uploads\/2025\/11\/DELTA-LABO-PZG-4.png","type":"image\/png"}],"twitter_card":"summary_large_image","twitter_misc":{"Dur\u00e9e de lecture estim\u00e9e":"1 minute"},"schema":{"@context":"https:\/\/schema.org","@graph":[{"@type":"WebPage","@id":"https:\/\/webdesi-gn.fr\/dev_deltalabo\/produits\/cat-produit\/compteur-de-particules-pour-huiles-et-lubrifiants-visqueux-klotz-modele-pzg-4\/","url":"https:\/\/webdesi-gn.fr\/dev_deltalabo\/produits\/cat-produit\/compteur-de-particules-pour-huiles-et-lubrifiants-visqueux-klotz-modele-pzg-4\/","name":"Compteur de particules pour huiles et lubrifiants visqueux KLOTZ - PZG 4 | DeltaLabo","isPartOf":{"@id":"https:\/\/webdesi-gn.fr\/dev_deltalabo\/#website"},"primaryImageOfPage":{"@id":"https:\/\/webdesi-gn.fr\/dev_deltalabo\/produits\/cat-produit\/compteur-de-particules-pour-huiles-et-lubrifiants-visqueux-klotz-modele-pzg-4\/#primaryimage"},"image":{"@id":"https:\/\/webdesi-gn.fr\/dev_deltalabo\/produits\/cat-produit\/compteur-de-particules-pour-huiles-et-lubrifiants-visqueux-klotz-modele-pzg-4\/#primaryimage"},"thumbnailUrl":"https:\/\/webdesi-gn.fr\/dev_deltalabo\/wp-content\/uploads\/2025\/11\/DELTA-LABO-PZG-4.png","datePublished":"2024-01-17T11:00:20+00:00","dateModified":"2025-11-24T15:23:03+00:00","breadcrumb":{"@id":"https:\/\/webdesi-gn.fr\/dev_deltalabo\/produits\/cat-produit\/compteur-de-particules-pour-huiles-et-lubrifiants-visqueux-klotz-modele-pzg-4\/#breadcrumb"},"inLanguage":"fr-FR","potentialAction":[{"@type":"ReadAction","target":["https:\/\/webdesi-gn.fr\/dev_deltalabo\/produits\/cat-produit\/compteur-de-particules-pour-huiles-et-lubrifiants-visqueux-klotz-modele-pzg-4\/"]}]},{"@type":"ImageObject","inLanguage":"fr-FR","@id":"https:\/\/webdesi-gn.fr\/dev_deltalabo\/produits\/cat-produit\/compteur-de-particules-pour-huiles-et-lubrifiants-visqueux-klotz-modele-pzg-4\/#primaryimage","url":"https:\/\/webdesi-gn.fr\/dev_deltalabo\/wp-content\/uploads\/2025\/11\/DELTA-LABO-PZG-4.png","contentUrl":"https:\/\/webdesi-gn.fr\/dev_deltalabo\/wp-content\/uploads\/2025\/11\/DELTA-LABO-PZG-4.png","width":1000,"height":958},{"@type":"BreadcrumbList","@id":"https:\/\/webdesi-gn.fr\/dev_deltalabo\/produits\/cat-produit\/compteur-de-particules-pour-huiles-et-lubrifiants-visqueux-klotz-modele-pzg-4\/#breadcrumb","itemListElement":[{"@type":"ListItem","position":1,"name":"Accueil","item":"https:\/\/webdesi-gn.fr\/dev_deltalabo\/"},{"@type":"ListItem","position":2,"name":"Produits","item":"https:\/\/webdesi-gn.fr\/dev_deltalabo\/produits\/"},{"@type":"ListItem","position":3,"name":"Compteur de particules pour huiles et lubrifiants visqueux KLOTZ &#8211; PZG 4"}]},{"@type":"WebSite","@id":"https:\/\/webdesi-gn.fr\/dev_deltalabo\/#website","url":"https:\/\/webdesi-gn.fr\/dev_deltalabo\/","name":"Delta Labo","description":"Un site utilisant WordPress","publisher":{"@id":"https:\/\/webdesi-gn.fr\/dev_deltalabo\/#organization"},"alternateName":"Delta Labo","potentialAction":[{"@type":"SearchAction","target":{"@type":"EntryPoint","urlTemplate":"https:\/\/webdesi-gn.fr\/dev_deltalabo\/?s={search_term_string}"},"query-input":{"@type":"PropertyValueSpecification","valueRequired":true,"valueName":"search_term_string"}}],"inLanguage":"fr-FR"},{"@type":"Organization","@id":"https:\/\/webdesi-gn.fr\/dev_deltalabo\/#organization","name":"DeltaLabo","url":"https:\/\/webdesi-gn.fr\/dev_deltalabo\/","logo":{"@type":"ImageObject","inLanguage":"fr-FR","@id":"https:\/\/webdesi-gn.fr\/dev_deltalabo\/#\/schema\/logo\/image\/","url":"https:\/\/webdesi-gn.fr\/dev_deltalabo\/wp-content\/uploads\/2022\/07\/logo-deltalabo.png","contentUrl":"https:\/\/webdesi-gn.fr\/dev_deltalabo\/wp-content\/uploads\/2022\/07\/logo-deltalabo.png","width":694,"height":306,"caption":"DeltaLabo"},"image":{"@id":"https:\/\/webdesi-gn.fr\/dev_deltalabo\/#\/schema\/logo\/image\/"}}]}},"_links":{"self":[{"href":"https:\/\/webdesi-gn.fr\/dev_deltalabo\/wp-json\/wp\/v2\/product\/255723","targetHints":{"allow":["GET"]}}],"collection":[{"href":"https:\/\/webdesi-gn.fr\/dev_deltalabo\/wp-json\/wp\/v2\/product"}],"about":[{"href":"https:\/\/webdesi-gn.fr\/dev_deltalabo\/wp-json\/wp\/v2\/types\/product"}],"wp:featuredmedia":[{"embeddable":true,"href":"https:\/\/webdesi-gn.fr\/dev_deltalabo\/wp-json\/wp\/v2\/media\/262293"}],"wp:attachment":[{"href":"https:\/\/webdesi-gn.fr\/dev_deltalabo\/wp-json\/wp\/v2\/media?parent=255723"}],"wp:term":[{"taxonomy":"domaine","embeddable":true,"href":"https:\/\/webdesi-gn.fr\/dev_deltalabo\/wp-json\/wp\/v2\/domaine?post=255723"},{"taxonomy":"normes","embeddable":true,"href":"https:\/\/webdesi-gn.fr\/dev_deltalabo\/wp-json\/wp\/v2\/normes?post=255723"},{"taxonomy":"product_brand","embeddable":true,"href":"https:\/\/webdesi-gn.fr\/dev_deltalabo\/wp-json\/wp\/v2\/product_brand?post=255723"},{"taxonomy":"product_cat","embeddable":true,"href":"https:\/\/webdesi-gn.fr\/dev_deltalabo\/wp-json\/wp\/v2\/product_cat?post=255723"},{"taxonomy":"product_tag","embeddable":true,"href":"https:\/\/webdesi-gn.fr\/dev_deltalabo\/wp-json\/wp\/v2\/product_tag?post=255723"}],"curies":[{"name":"wp","href":"https:\/\/api.w.org\/{rel}","templated":true}]}}