{"id":255728,"date":"2024-01-17T12:06:40","date_gmt":"2024-01-17T11:06:40","guid":{"rendered":"https:\/\/webdesi-gn.fr\/dev_deltalabo\/?post_type=product&#038;p=255728"},"modified":"2026-03-27T10:07:49","modified_gmt":"2026-03-27T09:07:49","slug":"conductimetre-de-paillasse-knick-703","status":"publish","type":"product","link":"https:\/\/webdesi-gn.fr\/dev_deltalabo\/produits\/cosmetique-huile-essentielle\/ph-metre-cosmetique-huile-essentielle\/conductimetre-de-paillasse-knick-703\/","title":{"rendered":"Conductim\u00e8tre de paillasse KNICK &#8211; 703"},"content":{"rendered":"","protected":false},"excerpt":{"rendered":"<p><strong>Conductim\u00e8tre de paillasse KNICK &#8211; 703 :<\/strong><\/p>\n<p>Les conductim\u00e8tres de paillasse KNICK &#8211; 703 font partie des conductim\u00e8tres les plus fiables du march\u00e9 depuis plus de cinquante ans gr\u00e2ce \u00e0 leur dispositif de contr\u00f4le des sondes Sensoface\u00ae et une calibration automatique.<\/p>\n<p>Le bo\u00eetier renfermant l&rsquo;\u00e9lectronique est en acier et le clavier prot\u00e9g\u00e9 contre les projections.<\/p>\n<p>Au d\u00e9marrage, la cha\u00eene de mesure est automatiquement analys\u00e9e pour d\u00e9tecter une \u00e9ventuelle d\u00e9faillance d&rsquo;un composant interne, du c\u00e2ble ou de la cellule de mesure. Le clavier indicateur inclin\u00e9 apporte un grand confort d&rsquo;utilisation.<\/p>\n<p>Caract\u00e9ristiques :<\/p>\n<ul>\n<li>Large plage de mesure de 0,000\u00b5S\/cm \u00e0 2000mS\/cm<\/li>\n<li>Reconnaissance automatique des cellules \u00e0 2 ou 4 p\u00f4les<\/li>\n<li>Affichage simultan\u00e9 de la conductivit\u00e9 et de la temp\u00e9rature<\/li>\n<li>Sortie analogique<\/li>\n<li>Interface RS232 pour impression horodat\u00e9e des mesures sur une imprimante externe<\/li>\n<\/ul>\n<p>Le conductim\u00e8tre KNICK &#8211; 703 est garanti 3 ans.<\/p>\n<p><strong>T\u00e9l\u00e9charger la brochure produit :<\/strong> <a href=\"https:\/\/www.deltalabo.fr\/wp-content\/uploads\/2025\/07\/Doc-conductimetre-703-engl-Dl-2025-2.pdf\">Conductim\u00e8tre de paillasse Knick &#8211; 703<\/a><\/p>\n","protected":false},"featured_media":262291,"template":"","meta":{"_acf_changed":false,"site-sidebar-layout":"default","site-content-layout":"","ast-site-content-layout":"default","site-content-style":"default","site-sidebar-style":"default","ast-global-header-display":"","ast-banner-title-visibility":"","ast-main-header-display":"","ast-hfb-above-header-display":"","ast-hfb-below-header-display":"","ast-hfb-mobile-header-display":"","site-post-title":"","ast-breadcrumbs-content":"","ast-featured-img":"","footer-sml-layout":"","ast-disable-related-posts":"","theme-transparent-header-meta":"default","adv-header-id-meta":"","stick-header-meta":"","header-above-stick-meta":"","header-main-stick-meta":"","header-below-stick-meta":"","astra-migrate-meta-layouts":"set","ast-page-background-enabled":"default","ast-page-background-meta":{"desktop":{"background-color":"var(--ast-global-color-5)","background-image":"","background-repeat":"repeat","background-position":"center center","background-size":"auto","background-attachment":"scroll","background-type":"","background-media":"","overlay-type":"","overlay-color":"","overlay-opacity":"","overlay-gradient":""},"tablet":{"background-color":"","background-image":"","background-repeat":"repeat","background-position":"center center","background-size":"auto","background-attachment":"scroll","background-type":"","background-media":"","overlay-type":"","overlay-color":"","overlay-opacity":"","overlay-gradient":""},"mobile":{"background-color":"","background-image":"","background-repeat":"repeat","background-position":"center center","background-size":"auto","background-attachment":"scroll","background-type":"","background-media":"","overlay-type":"","overlay-color":"","overlay-opacity":"","overlay-gradient":""}},"ast-content-background-meta":{"desktop":{"background-color":"var(--ast-global-color-4)","background-image":"","background-repeat":"repeat","background-position":"center center","background-size":"auto","background-attachment":"scroll","background-type":"","background-media":"","overlay-type":"","overlay-color":"","overlay-opacity":"","overlay-gradient":""},"tablet":{"background-color":"var(--ast-global-color-4)","background-image":"","background-repeat":"repeat","background-position":"center center","background-size":"auto","background-attachment":"scroll","background-type":"","background-media":"","overlay-type":"","overlay-color":"","overlay-opacity":"","overlay-gradient":""},"mobile":{"background-color":"var(--ast-global-color-4)","background-image":"","background-repeat":"repeat","background-position":"center center","background-size":"auto","background-attachment":"scroll","background-type":"","background-media":"","overlay-type":"","overlay-color":"","overlay-opacity":"","overlay-gradient":""}}},"domaine":[],"normes":[17135],"product_brand":[],"product_cat":[17229,17924,17928,17937,17927,17936,17942],"product_tag":[],"class_list":{"0":"post-255728","1":"product","2":"type-product","3":"status-publish","4":"has-post-thumbnail","6":"normes-din-51562","7":"product_cat-conductimetre","8":"product_cat-conductimetre-pharmacie-biochimie","9":"product_cat-conductimetre-cosmetique-huile-essentielle","10":"product_cat-conductimetre-agro-alimentaire-boissons","11":"product_cat-ph-metre-cosmetique-huile-essentielle","12":"product_cat-ph-metre-agro-alimentaire-boissons","13":"product_cat-ph-metre-pharmacie-biochimie","14":"desktop-align-left","15":"tablet-align-left","16":"mobile-align-left","18":"first","19":"instock","20":"shipping-taxable","21":"product-type-simple"},"acf":[],"yoast_head":"<!-- This site is optimized with the Yoast SEO plugin v27.4 - https:\/\/yoast.com\/product\/yoast-seo-wordpress\/ -->\n<title>Conductim\u00e8tre de paillasse KNICK - 703 | DeltaLabo<\/title>\n<meta name=\"robots\" content=\"noindex, follow, max-snippet:-1, max-image-preview:large, max-video-preview:-1\" \/>\n<meta property=\"og:locale\" content=\"fr_FR\" \/>\n<meta property=\"og:type\" content=\"article\" \/>\n<meta property=\"og:title\" content=\"Conductim\u00e8tre de paillasse KNICK - 703 | DeltaLabo\" \/>\n<meta property=\"og:description\" content=\"Conductim\u00e8tre de paillasse KNICK - 703 :  Les conductim\u00e8tres de paillasse KNICK - 703 font partie des conductim\u00e8tres les plus fiables du march\u00e9 depuis plus de cinquante ans gr\u00e2ce \u00e0 leur dispositif de contr\u00f4le des sondes Sensoface\u00ae et une calibration automatique.  Le bo\u00eetier renfermant l&#039;\u00e9lectronique est en acier et le clavier prot\u00e9g\u00e9 contre les projections.  Au d\u00e9marrage, la cha\u00eene de mesure est automatiquement analys\u00e9e pour d\u00e9tecter une \u00e9ventuelle d\u00e9faillance d&#039;un composant interne, du c\u00e2ble ou de la cellule de mesure. Le clavier indicateur inclin\u00e9 apporte un grand confort d&#039;utilisation.  Caract\u00e9ristiques :   Large plage de mesure de 0,000\u00b5S\/cm \u00e0 2000mS\/cm  Reconnaissance automatique des cellules \u00e0 2 ou 4 p\u00f4les  Affichage simultan\u00e9 de la conductivit\u00e9 et de la temp\u00e9rature  Sortie analogique  Interface RS232 pour impression horodat\u00e9e des mesures sur une imprimante externe  Le conductim\u00e8tre KNICK - 703 est garanti 3 ans.  T\u00e9l\u00e9charger la brochure produit : Conductim\u00e8tre de paillasse Knick - 703\" \/>\n<meta property=\"og:url\" content=\"https:\/\/webdesi-gn.fr\/dev_deltalabo\/produits\/cosmetique-huile-essentielle\/ph-metre-cosmetique-huile-essentielle\/conductimetre-de-paillasse-knick-703\/\" \/>\n<meta property=\"og:site_name\" content=\"DeltaLabo\" \/>\n<meta property=\"article:modified_time\" content=\"2026-03-27T09:07:49+00:00\" \/>\n<meta property=\"og:image\" content=\"https:\/\/webdesi-gn.fr\/dev_deltalabo\/wp-content\/uploads\/2025\/11\/DELTA-LABO-conductimetre-de-paillasse-703.jpg\" \/>\n\t<meta property=\"og:image:width\" content=\"1042\" \/>\n\t<meta property=\"og:image:height\" content=\"803\" \/>\n\t<meta property=\"og:image:type\" content=\"image\/jpeg\" \/>\n<meta name=\"twitter:card\" content=\"summary_large_image\" \/>\n<meta name=\"twitter:label1\" content=\"Dur\u00e9e de lecture estim\u00e9e\" \/>\n\t<meta name=\"twitter:data1\" content=\"1 minute\" \/>\n<script type=\"application\/ld+json\" class=\"yoast-schema-graph\">{\"@context\":\"https:\\\/\\\/schema.org\",\"@graph\":[{\"@type\":\"WebPage\",\"@id\":\"https:\\\/\\\/webdesi-gn.fr\\\/dev_deltalabo\\\/produits\\\/cosmetique-huile-essentielle\\\/ph-metre-cosmetique-huile-essentielle\\\/conductimetre-de-paillasse-knick-703\\\/\",\"url\":\"https:\\\/\\\/webdesi-gn.fr\\\/dev_deltalabo\\\/produits\\\/cosmetique-huile-essentielle\\\/ph-metre-cosmetique-huile-essentielle\\\/conductimetre-de-paillasse-knick-703\\\/\",\"name\":\"Conductim\u00e8tre de paillasse KNICK - 703 | DeltaLabo\",\"isPartOf\":{\"@id\":\"https:\\\/\\\/webdesi-gn.fr\\\/dev_deltalabo\\\/#website\"},\"primaryImageOfPage\":{\"@id\":\"https:\\\/\\\/webdesi-gn.fr\\\/dev_deltalabo\\\/produits\\\/cosmetique-huile-essentielle\\\/ph-metre-cosmetique-huile-essentielle\\\/conductimetre-de-paillasse-knick-703\\\/#primaryimage\"},\"image\":{\"@id\":\"https:\\\/\\\/webdesi-gn.fr\\\/dev_deltalabo\\\/produits\\\/cosmetique-huile-essentielle\\\/ph-metre-cosmetique-huile-essentielle\\\/conductimetre-de-paillasse-knick-703\\\/#primaryimage\"},\"thumbnailUrl\":\"https:\\\/\\\/webdesi-gn.fr\\\/dev_deltalabo\\\/wp-content\\\/uploads\\\/2025\\\/11\\\/DELTA-LABO-conductimetre-de-paillasse-703.jpg\",\"datePublished\":\"2024-01-17T11:06:40+00:00\",\"dateModified\":\"2026-03-27T09:07:49+00:00\",\"breadcrumb\":{\"@id\":\"https:\\\/\\\/webdesi-gn.fr\\\/dev_deltalabo\\\/produits\\\/cosmetique-huile-essentielle\\\/ph-metre-cosmetique-huile-essentielle\\\/conductimetre-de-paillasse-knick-703\\\/#breadcrumb\"},\"inLanguage\":\"fr-FR\",\"potentialAction\":[{\"@type\":\"ReadAction\",\"target\":[\"https:\\\/\\\/webdesi-gn.fr\\\/dev_deltalabo\\\/produits\\\/cosmetique-huile-essentielle\\\/ph-metre-cosmetique-huile-essentielle\\\/conductimetre-de-paillasse-knick-703\\\/\"]}]},{\"@type\":\"ImageObject\",\"inLanguage\":\"fr-FR\",\"@id\":\"https:\\\/\\\/webdesi-gn.fr\\\/dev_deltalabo\\\/produits\\\/cosmetique-huile-essentielle\\\/ph-metre-cosmetique-huile-essentielle\\\/conductimetre-de-paillasse-knick-703\\\/#primaryimage\",\"url\":\"https:\\\/\\\/webdesi-gn.fr\\\/dev_deltalabo\\\/wp-content\\\/uploads\\\/2025\\\/11\\\/DELTA-LABO-conductimetre-de-paillasse-703.jpg\",\"contentUrl\":\"https:\\\/\\\/webdesi-gn.fr\\\/dev_deltalabo\\\/wp-content\\\/uploads\\\/2025\\\/11\\\/DELTA-LABO-conductimetre-de-paillasse-703.jpg\",\"width\":1042,\"height\":803},{\"@type\":\"BreadcrumbList\",\"@id\":\"https:\\\/\\\/webdesi-gn.fr\\\/dev_deltalabo\\\/produits\\\/cosmetique-huile-essentielle\\\/ph-metre-cosmetique-huile-essentielle\\\/conductimetre-de-paillasse-knick-703\\\/#breadcrumb\",\"itemListElement\":[{\"@type\":\"ListItem\",\"position\":1,\"name\":\"Accueil\",\"item\":\"https:\\\/\\\/webdesi-gn.fr\\\/dev_deltalabo\\\/\"},{\"@type\":\"ListItem\",\"position\":2,\"name\":\"Produits\",\"item\":\"https:\\\/\\\/webdesi-gn.fr\\\/dev_deltalabo\\\/produits\\\/\"},{\"@type\":\"ListItem\",\"position\":3,\"name\":\"Conductim\u00e8tre de paillasse KNICK &#8211; 703\"}]},{\"@type\":\"WebSite\",\"@id\":\"https:\\\/\\\/webdesi-gn.fr\\\/dev_deltalabo\\\/#website\",\"url\":\"https:\\\/\\\/webdesi-gn.fr\\\/dev_deltalabo\\\/\",\"name\":\"Delta Labo\",\"description\":\"Un site utilisant WordPress\",\"publisher\":{\"@id\":\"https:\\\/\\\/webdesi-gn.fr\\\/dev_deltalabo\\\/#organization\"},\"alternateName\":\"Delta Labo\",\"potentialAction\":[{\"@type\":\"SearchAction\",\"target\":{\"@type\":\"EntryPoint\",\"urlTemplate\":\"https:\\\/\\\/webdesi-gn.fr\\\/dev_deltalabo\\\/?s={search_term_string}\"},\"query-input\":{\"@type\":\"PropertyValueSpecification\",\"valueRequired\":true,\"valueName\":\"search_term_string\"}}],\"inLanguage\":\"fr-FR\"},{\"@type\":\"Organization\",\"@id\":\"https:\\\/\\\/webdesi-gn.fr\\\/dev_deltalabo\\\/#organization\",\"name\":\"DeltaLabo\",\"url\":\"https:\\\/\\\/webdesi-gn.fr\\\/dev_deltalabo\\\/\",\"logo\":{\"@type\":\"ImageObject\",\"inLanguage\":\"fr-FR\",\"@id\":\"https:\\\/\\\/webdesi-gn.fr\\\/dev_deltalabo\\\/#\\\/schema\\\/logo\\\/image\\\/\",\"url\":\"https:\\\/\\\/webdesi-gn.fr\\\/dev_deltalabo\\\/wp-content\\\/uploads\\\/2022\\\/07\\\/logo-deltalabo.png\",\"contentUrl\":\"https:\\\/\\\/webdesi-gn.fr\\\/dev_deltalabo\\\/wp-content\\\/uploads\\\/2022\\\/07\\\/logo-deltalabo.png\",\"width\":694,\"height\":306,\"caption\":\"DeltaLabo\"},\"image\":{\"@id\":\"https:\\\/\\\/webdesi-gn.fr\\\/dev_deltalabo\\\/#\\\/schema\\\/logo\\\/image\\\/\"}}]}<\/script>\n<!-- \/ Yoast SEO plugin. -->","yoast_head_json":{"title":"Conductim\u00e8tre de paillasse KNICK - 703 | DeltaLabo","robots":{"index":"noindex","follow":"follow","max-snippet":"max-snippet:-1","max-image-preview":"max-image-preview:large","max-video-preview":"max-video-preview:-1"},"og_locale":"fr_FR","og_type":"article","og_title":"Conductim\u00e8tre de paillasse KNICK - 703 | DeltaLabo","og_description":"Conductim\u00e8tre de paillasse KNICK - 703 :  Les conductim\u00e8tres de paillasse KNICK - 703 font partie des conductim\u00e8tres les plus fiables du march\u00e9 depuis plus de cinquante ans gr\u00e2ce \u00e0 leur dispositif de contr\u00f4le des sondes Sensoface\u00ae et une calibration automatique.  Le bo\u00eetier renfermant l'\u00e9lectronique est en acier et le clavier prot\u00e9g\u00e9 contre les projections.  Au d\u00e9marrage, la cha\u00eene de mesure est automatiquement analys\u00e9e pour d\u00e9tecter une \u00e9ventuelle d\u00e9faillance d'un composant interne, du c\u00e2ble ou de la cellule de mesure. Le clavier indicateur inclin\u00e9 apporte un grand confort d'utilisation.  Caract\u00e9ristiques :   Large plage de mesure de 0,000\u00b5S\/cm \u00e0 2000mS\/cm  Reconnaissance automatique des cellules \u00e0 2 ou 4 p\u00f4les  Affichage simultan\u00e9 de la conductivit\u00e9 et de la temp\u00e9rature  Sortie analogique  Interface RS232 pour impression horodat\u00e9e des mesures sur une imprimante externe  Le conductim\u00e8tre KNICK - 703 est garanti 3 ans.  T\u00e9l\u00e9charger la brochure produit : Conductim\u00e8tre de paillasse Knick - 703","og_url":"https:\/\/webdesi-gn.fr\/dev_deltalabo\/produits\/cosmetique-huile-essentielle\/ph-metre-cosmetique-huile-essentielle\/conductimetre-de-paillasse-knick-703\/","og_site_name":"DeltaLabo","article_modified_time":"2026-03-27T09:07:49+00:00","og_image":[{"width":1042,"height":803,"url":"https:\/\/webdesi-gn.fr\/dev_deltalabo\/wp-content\/uploads\/2025\/11\/DELTA-LABO-conductimetre-de-paillasse-703.jpg","type":"image\/jpeg"}],"twitter_card":"summary_large_image","twitter_misc":{"Dur\u00e9e de lecture estim\u00e9e":"1 minute"},"schema":{"@context":"https:\/\/schema.org","@graph":[{"@type":"WebPage","@id":"https:\/\/webdesi-gn.fr\/dev_deltalabo\/produits\/cosmetique-huile-essentielle\/ph-metre-cosmetique-huile-essentielle\/conductimetre-de-paillasse-knick-703\/","url":"https:\/\/webdesi-gn.fr\/dev_deltalabo\/produits\/cosmetique-huile-essentielle\/ph-metre-cosmetique-huile-essentielle\/conductimetre-de-paillasse-knick-703\/","name":"Conductim\u00e8tre de paillasse KNICK - 703 | DeltaLabo","isPartOf":{"@id":"https:\/\/webdesi-gn.fr\/dev_deltalabo\/#website"},"primaryImageOfPage":{"@id":"https:\/\/webdesi-gn.fr\/dev_deltalabo\/produits\/cosmetique-huile-essentielle\/ph-metre-cosmetique-huile-essentielle\/conductimetre-de-paillasse-knick-703\/#primaryimage"},"image":{"@id":"https:\/\/webdesi-gn.fr\/dev_deltalabo\/produits\/cosmetique-huile-essentielle\/ph-metre-cosmetique-huile-essentielle\/conductimetre-de-paillasse-knick-703\/#primaryimage"},"thumbnailUrl":"https:\/\/webdesi-gn.fr\/dev_deltalabo\/wp-content\/uploads\/2025\/11\/DELTA-LABO-conductimetre-de-paillasse-703.jpg","datePublished":"2024-01-17T11:06:40+00:00","dateModified":"2026-03-27T09:07:49+00:00","breadcrumb":{"@id":"https:\/\/webdesi-gn.fr\/dev_deltalabo\/produits\/cosmetique-huile-essentielle\/ph-metre-cosmetique-huile-essentielle\/conductimetre-de-paillasse-knick-703\/#breadcrumb"},"inLanguage":"fr-FR","potentialAction":[{"@type":"ReadAction","target":["https:\/\/webdesi-gn.fr\/dev_deltalabo\/produits\/cosmetique-huile-essentielle\/ph-metre-cosmetique-huile-essentielle\/conductimetre-de-paillasse-knick-703\/"]}]},{"@type":"ImageObject","inLanguage":"fr-FR","@id":"https:\/\/webdesi-gn.fr\/dev_deltalabo\/produits\/cosmetique-huile-essentielle\/ph-metre-cosmetique-huile-essentielle\/conductimetre-de-paillasse-knick-703\/#primaryimage","url":"https:\/\/webdesi-gn.fr\/dev_deltalabo\/wp-content\/uploads\/2025\/11\/DELTA-LABO-conductimetre-de-paillasse-703.jpg","contentUrl":"https:\/\/webdesi-gn.fr\/dev_deltalabo\/wp-content\/uploads\/2025\/11\/DELTA-LABO-conductimetre-de-paillasse-703.jpg","width":1042,"height":803},{"@type":"BreadcrumbList","@id":"https:\/\/webdesi-gn.fr\/dev_deltalabo\/produits\/cosmetique-huile-essentielle\/ph-metre-cosmetique-huile-essentielle\/conductimetre-de-paillasse-knick-703\/#breadcrumb","itemListElement":[{"@type":"ListItem","position":1,"name":"Accueil","item":"https:\/\/webdesi-gn.fr\/dev_deltalabo\/"},{"@type":"ListItem","position":2,"name":"Produits","item":"https:\/\/webdesi-gn.fr\/dev_deltalabo\/produits\/"},{"@type":"ListItem","position":3,"name":"Conductim\u00e8tre de paillasse KNICK &#8211; 703"}]},{"@type":"WebSite","@id":"https:\/\/webdesi-gn.fr\/dev_deltalabo\/#website","url":"https:\/\/webdesi-gn.fr\/dev_deltalabo\/","name":"Delta Labo","description":"Un site utilisant WordPress","publisher":{"@id":"https:\/\/webdesi-gn.fr\/dev_deltalabo\/#organization"},"alternateName":"Delta Labo","potentialAction":[{"@type":"SearchAction","target":{"@type":"EntryPoint","urlTemplate":"https:\/\/webdesi-gn.fr\/dev_deltalabo\/?s={search_term_string}"},"query-input":{"@type":"PropertyValueSpecification","valueRequired":true,"valueName":"search_term_string"}}],"inLanguage":"fr-FR"},{"@type":"Organization","@id":"https:\/\/webdesi-gn.fr\/dev_deltalabo\/#organization","name":"DeltaLabo","url":"https:\/\/webdesi-gn.fr\/dev_deltalabo\/","logo":{"@type":"ImageObject","inLanguage":"fr-FR","@id":"https:\/\/webdesi-gn.fr\/dev_deltalabo\/#\/schema\/logo\/image\/","url":"https:\/\/webdesi-gn.fr\/dev_deltalabo\/wp-content\/uploads\/2022\/07\/logo-deltalabo.png","contentUrl":"https:\/\/webdesi-gn.fr\/dev_deltalabo\/wp-content\/uploads\/2022\/07\/logo-deltalabo.png","width":694,"height":306,"caption":"DeltaLabo"},"image":{"@id":"https:\/\/webdesi-gn.fr\/dev_deltalabo\/#\/schema\/logo\/image\/"}}]}},"_links":{"self":[{"href":"https:\/\/webdesi-gn.fr\/dev_deltalabo\/wp-json\/wp\/v2\/product\/255728","targetHints":{"allow":["GET"]}}],"collection":[{"href":"https:\/\/webdesi-gn.fr\/dev_deltalabo\/wp-json\/wp\/v2\/product"}],"about":[{"href":"https:\/\/webdesi-gn.fr\/dev_deltalabo\/wp-json\/wp\/v2\/types\/product"}],"wp:featuredmedia":[{"embeddable":true,"href":"https:\/\/webdesi-gn.fr\/dev_deltalabo\/wp-json\/wp\/v2\/media\/262291"}],"wp:attachment":[{"href":"https:\/\/webdesi-gn.fr\/dev_deltalabo\/wp-json\/wp\/v2\/media?parent=255728"}],"wp:term":[{"taxonomy":"domaine","embeddable":true,"href":"https:\/\/webdesi-gn.fr\/dev_deltalabo\/wp-json\/wp\/v2\/domaine?post=255728"},{"taxonomy":"normes","embeddable":true,"href":"https:\/\/webdesi-gn.fr\/dev_deltalabo\/wp-json\/wp\/v2\/normes?post=255728"},{"taxonomy":"product_brand","embeddable":true,"href":"https:\/\/webdesi-gn.fr\/dev_deltalabo\/wp-json\/wp\/v2\/product_brand?post=255728"},{"taxonomy":"product_cat","embeddable":true,"href":"https:\/\/webdesi-gn.fr\/dev_deltalabo\/wp-json\/wp\/v2\/product_cat?post=255728"},{"taxonomy":"product_tag","embeddable":true,"href":"https:\/\/webdesi-gn.fr\/dev_deltalabo\/wp-json\/wp\/v2\/product_tag?post=255728"}],"curies":[{"name":"wp","href":"https:\/\/api.w.org\/{rel}","templated":true}]}}