{"id":255740,"date":"2024-01-17T12:17:52","date_gmt":"2024-01-17T11:17:52","guid":{"rendered":"https:\/\/webdesi-gn.fr\/dev_deltalabo\/?post_type=product&#038;p=255740"},"modified":"2025-11-24T13:55:32","modified_gmt":"2025-11-24T12:55:32","slug":"osmometre-cryoscopique-automatique-loser-avec-imprimante-modeles-16","status":"publish","type":"product","link":"https:\/\/webdesi-gn.fr\/dev_deltalabo\/produits\/categories\/osmometre-cryoscopique-automatique-loser-avec-imprimante-modeles-16\/","title":{"rendered":"Osmom\u00e8tre cryoscopique automatique avec imprimante L\u00f6ser &#8211; Type 16"},"content":{"rendered":"","protected":false},"excerpt":{"rendered":"<p><strong>Osmom\u00e8tre cryoscopique automatique avec imprimante L\u00f6ser &#8211; Type 16 :<\/strong><\/p>\n<p>L&rsquo;osmom\u00e8tre cryoscopique automatique avec imprimante L\u00f6ser &#8211; Type 16 permet des d\u00e9terminations rapides de l&rsquo;osmolarit\u00e9 de solutions aqueuses.<\/p>\n<p>Simple d&rsquo;utilisation, il est plus particuli\u00e8rement d\u00e9di\u00e9 au faibles volumes d&rsquo;\u00e9chantillon de 50\u00b5l \u00e0 100\u00b5l (type 16) ou de 10 \u00e0 50\u00b5l (type 16M).<\/p>\n<p>L&rsquo;utilisateur d\u00e9pose l&rsquo;\u00e9chantillon \u00e0 la micropipette dans un micro tube standard type Eppendorf et le met en place sur son support.<\/p>\n<p>A l&rsquo;approche du point de cong\u00e9lation, l&rsquo;induction de cristallisation se fait automatiquement.<\/p>\n<p>L&rsquo;instrument d\u00e9termine ensuite automatiquement l&rsquo;osmolarit\u00e9 en mosm \/ kg H2O et le r\u00e9sultat est imprim\u00e9.<\/p>\n<p><strong>T\u00e9l\u00e9charger la brochure produit :<\/strong> <a href=\"https:\/\/www.deltalabo.fr\/wp-content\/uploads\/2025\/04\/Doc-i-osmometre-M-typ-16M-print-ind.-auto.-10-50\u00b5l-eng-DL22.pdf\">Osmom\u00e8tre cryoscopique automatique avec imprimante L\u00f6ser &#8211; Type 16<\/a><\/p>\n","protected":false},"featured_media":262288,"template":"","meta":{"_acf_changed":false,"site-sidebar-layout":"default","site-content-layout":"","ast-site-content-layout":"default","site-content-style":"default","site-sidebar-style":"default","ast-global-header-display":"","ast-banner-title-visibility":"","ast-main-header-display":"","ast-hfb-above-header-display":"","ast-hfb-below-header-display":"","ast-hfb-mobile-header-display":"","site-post-title":"","ast-breadcrumbs-content":"","ast-featured-img":"","footer-sml-layout":"","ast-disable-related-posts":"","theme-transparent-header-meta":"","adv-header-id-meta":"","stick-header-meta":"","header-above-stick-meta":"","header-main-stick-meta":"","header-below-stick-meta":"","astra-migrate-meta-layouts":"default","ast-page-background-enabled":"default","ast-page-background-meta":{"desktop":{"background-color":"var(--ast-global-color-5)","background-image":"","background-repeat":"repeat","background-position":"center center","background-size":"auto","background-attachment":"scroll","background-type":"","background-media":"","overlay-type":"","overlay-color":"","overlay-opacity":"","overlay-gradient":""},"tablet":{"background-color":"","background-image":"","background-repeat":"repeat","background-position":"center center","background-size":"auto","background-attachment":"scroll","background-type":"","background-media":"","overlay-type":"","overlay-color":"","overlay-opacity":"","overlay-gradient":""},"mobile":{"background-color":"","background-image":"","background-repeat":"repeat","background-position":"center center","background-size":"auto","background-attachment":"scroll","background-type":"","background-media":"","overlay-type":"","overlay-color":"","overlay-opacity":"","overlay-gradient":""}},"ast-content-background-meta":{"desktop":{"background-color":"var(--ast-global-color-4)","background-image":"","background-repeat":"repeat","background-position":"center center","background-size":"auto","background-attachment":"scroll","background-type":"","background-media":"","overlay-type":"","overlay-color":"","overlay-opacity":"","overlay-gradient":""},"tablet":{"background-color":"var(--ast-global-color-4)","background-image":"","background-repeat":"repeat","background-position":"center center","background-size":"auto","background-attachment":"scroll","background-type":"","background-media":"","overlay-type":"","overlay-color":"","overlay-opacity":"","overlay-gradient":""},"mobile":{"background-color":"var(--ast-global-color-4)","background-image":"","background-repeat":"repeat","background-position":"center center","background-size":"auto","background-attachment":"scroll","background-type":"","background-media":"","overlay-type":"","overlay-color":"","overlay-opacity":"","overlay-gradient":""}}},"domaine":[17183,17186],"normes":[],"product_brand":[],"product_cat":[17240],"product_tag":[],"class_list":{"0":"post-255740","1":"product","2":"type-product","3":"status-publish","4":"has-post-thumbnail","6":"domaine-analyses-physico-chimiques","7":"domaine-recherche-et-developpement","8":"product_cat-categories","9":"desktop-align-left","10":"tablet-align-left","11":"mobile-align-left","13":"first","14":"instock","15":"shipping-taxable","16":"product-type-simple"},"acf":[],"yoast_head":"<!-- This site is optimized with the Yoast SEO plugin v27.4 - https:\/\/yoast.com\/product\/yoast-seo-wordpress\/ -->\n<title>Osmom\u00e8tre cryoscopique automatique avec imprimante L\u00f6ser - Type 16 | DeltaLabo<\/title>\n<meta name=\"robots\" content=\"noindex, follow, max-snippet:-1, max-image-preview:large, max-video-preview:-1\" \/>\n<meta property=\"og:locale\" content=\"fr_FR\" \/>\n<meta property=\"og:type\" content=\"article\" \/>\n<meta property=\"og:title\" content=\"Osmom\u00e8tre cryoscopique automatique avec imprimante L\u00f6ser - Type 16 | DeltaLabo\" \/>\n<meta property=\"og:description\" content=\"Osmom\u00e8tre cryoscopique automatique avec imprimante L\u00f6ser - Type 16 :  L&#039;osmom\u00e8tre cryoscopique automatique avec imprimante L\u00f6ser - Type 16 permet des d\u00e9terminations rapides de l&#039;osmolarit\u00e9 de solutions aqueuses.  Simple d&#039;utilisation, il est plus particuli\u00e8rement d\u00e9di\u00e9 au faibles volumes d&#039;\u00e9chantillon de 50\u00b5l \u00e0 100\u00b5l (type 16) ou de 10 \u00e0 50\u00b5l (type 16M).  L&#039;utilisateur d\u00e9pose l&#039;\u00e9chantillon \u00e0 la micropipette dans un micro tube standard type Eppendorf et le met en place sur son support.  A l&#039;approche du point de cong\u00e9lation, l&#039;induction de cristallisation se fait automatiquement.  L&#039;instrument d\u00e9termine ensuite automatiquement l&#039;osmolarit\u00e9 en mosm \/ kg H2O et le r\u00e9sultat est imprim\u00e9.  T\u00e9l\u00e9charger la brochure produit : Osmom\u00e8tre cryoscopique automatique avec imprimante L\u00f6ser - Type 16\" \/>\n<meta property=\"og:url\" content=\"https:\/\/webdesi-gn.fr\/dev_deltalabo\/produits\/biotechnologies\/osmometre-cryoscopique-automatique-loser-avec-imprimante-modeles-16\/\" \/>\n<meta property=\"og:site_name\" content=\"DeltaLabo\" \/>\n<meta property=\"article:modified_time\" content=\"2025-11-24T12:55:32+00:00\" \/>\n<meta property=\"og:image\" content=\"https:\/\/webdesi-gn.fr\/dev_deltalabo\/wp-content\/uploads\/2024\/01\/DELTA-LABO-Osmometre-Loser-Typ-16-1.jpg\" \/>\n\t<meta property=\"og:image:width\" content=\"607\" \/>\n\t<meta property=\"og:image:height\" content=\"678\" \/>\n\t<meta property=\"og:image:type\" content=\"image\/jpeg\" \/>\n<meta name=\"twitter:card\" content=\"summary_large_image\" \/>\n<meta name=\"twitter:label1\" content=\"Dur\u00e9e de lecture estim\u00e9e\" \/>\n\t<meta name=\"twitter:data1\" content=\"1 minute\" \/>\n<script type=\"application\/ld+json\" class=\"yoast-schema-graph\">{\"@context\":\"https:\\\/\\\/schema.org\",\"@graph\":[{\"@type\":\"WebPage\",\"@id\":\"https:\\\/\\\/webdesi-gn.fr\\\/dev_deltalabo\\\/produits\\\/biotechnologies\\\/osmometre-cryoscopique-automatique-loser-avec-imprimante-modeles-16\\\/\",\"url\":\"https:\\\/\\\/webdesi-gn.fr\\\/dev_deltalabo\\\/produits\\\/biotechnologies\\\/osmometre-cryoscopique-automatique-loser-avec-imprimante-modeles-16\\\/\",\"name\":\"Osmom\u00e8tre cryoscopique automatique avec imprimante L\u00f6ser - Type 16 | DeltaLabo\",\"isPartOf\":{\"@id\":\"https:\\\/\\\/webdesi-gn.fr\\\/dev_deltalabo\\\/#website\"},\"primaryImageOfPage\":{\"@id\":\"https:\\\/\\\/webdesi-gn.fr\\\/dev_deltalabo\\\/produits\\\/biotechnologies\\\/osmometre-cryoscopique-automatique-loser-avec-imprimante-modeles-16\\\/#primaryimage\"},\"image\":{\"@id\":\"https:\\\/\\\/webdesi-gn.fr\\\/dev_deltalabo\\\/produits\\\/biotechnologies\\\/osmometre-cryoscopique-automatique-loser-avec-imprimante-modeles-16\\\/#primaryimage\"},\"thumbnailUrl\":\"https:\\\/\\\/webdesi-gn.fr\\\/dev_deltalabo\\\/wp-content\\\/uploads\\\/2025\\\/11\\\/DELTA-LABO-Osmometre-Loser-Typ-16-1.jpg\",\"datePublished\":\"2024-01-17T11:17:52+00:00\",\"dateModified\":\"2025-11-24T12:55:32+00:00\",\"breadcrumb\":{\"@id\":\"https:\\\/\\\/webdesi-gn.fr\\\/dev_deltalabo\\\/produits\\\/biotechnologies\\\/osmometre-cryoscopique-automatique-loser-avec-imprimante-modeles-16\\\/#breadcrumb\"},\"inLanguage\":\"fr-FR\",\"potentialAction\":[{\"@type\":\"ReadAction\",\"target\":[\"https:\\\/\\\/webdesi-gn.fr\\\/dev_deltalabo\\\/produits\\\/biotechnologies\\\/osmometre-cryoscopique-automatique-loser-avec-imprimante-modeles-16\\\/\"]}]},{\"@type\":\"ImageObject\",\"inLanguage\":\"fr-FR\",\"@id\":\"https:\\\/\\\/webdesi-gn.fr\\\/dev_deltalabo\\\/produits\\\/biotechnologies\\\/osmometre-cryoscopique-automatique-loser-avec-imprimante-modeles-16\\\/#primaryimage\",\"url\":\"https:\\\/\\\/webdesi-gn.fr\\\/dev_deltalabo\\\/wp-content\\\/uploads\\\/2025\\\/11\\\/DELTA-LABO-Osmometre-Loser-Typ-16-1.jpg\",\"contentUrl\":\"https:\\\/\\\/webdesi-gn.fr\\\/dev_deltalabo\\\/wp-content\\\/uploads\\\/2025\\\/11\\\/DELTA-LABO-Osmometre-Loser-Typ-16-1.jpg\",\"width\":607,\"height\":678},{\"@type\":\"BreadcrumbList\",\"@id\":\"https:\\\/\\\/webdesi-gn.fr\\\/dev_deltalabo\\\/produits\\\/biotechnologies\\\/osmometre-cryoscopique-automatique-loser-avec-imprimante-modeles-16\\\/#breadcrumb\",\"itemListElement\":[{\"@type\":\"ListItem\",\"position\":1,\"name\":\"Accueil\",\"item\":\"https:\\\/\\\/webdesi-gn.fr\\\/dev_deltalabo\\\/\"},{\"@type\":\"ListItem\",\"position\":2,\"name\":\"Produits\",\"item\":\"https:\\\/\\\/webdesi-gn.fr\\\/dev_deltalabo\\\/produits\\\/\"},{\"@type\":\"ListItem\",\"position\":3,\"name\":\"Osmom\u00e8tre cryoscopique automatique avec imprimante L\u00f6ser &#8211; Type 16\"}]},{\"@type\":\"WebSite\",\"@id\":\"https:\\\/\\\/webdesi-gn.fr\\\/dev_deltalabo\\\/#website\",\"url\":\"https:\\\/\\\/webdesi-gn.fr\\\/dev_deltalabo\\\/\",\"name\":\"Delta Labo\",\"description\":\"Un site utilisant WordPress\",\"publisher\":{\"@id\":\"https:\\\/\\\/webdesi-gn.fr\\\/dev_deltalabo\\\/#organization\"},\"alternateName\":\"Delta Labo\",\"potentialAction\":[{\"@type\":\"SearchAction\",\"target\":{\"@type\":\"EntryPoint\",\"urlTemplate\":\"https:\\\/\\\/webdesi-gn.fr\\\/dev_deltalabo\\\/?s={search_term_string}\"},\"query-input\":{\"@type\":\"PropertyValueSpecification\",\"valueRequired\":true,\"valueName\":\"search_term_string\"}}],\"inLanguage\":\"fr-FR\"},{\"@type\":\"Organization\",\"@id\":\"https:\\\/\\\/webdesi-gn.fr\\\/dev_deltalabo\\\/#organization\",\"name\":\"DeltaLabo\",\"url\":\"https:\\\/\\\/webdesi-gn.fr\\\/dev_deltalabo\\\/\",\"logo\":{\"@type\":\"ImageObject\",\"inLanguage\":\"fr-FR\",\"@id\":\"https:\\\/\\\/webdesi-gn.fr\\\/dev_deltalabo\\\/#\\\/schema\\\/logo\\\/image\\\/\",\"url\":\"https:\\\/\\\/webdesi-gn.fr\\\/dev_deltalabo\\\/wp-content\\\/uploads\\\/2022\\\/07\\\/logo-deltalabo.png\",\"contentUrl\":\"https:\\\/\\\/webdesi-gn.fr\\\/dev_deltalabo\\\/wp-content\\\/uploads\\\/2022\\\/07\\\/logo-deltalabo.png\",\"width\":694,\"height\":306,\"caption\":\"DeltaLabo\"},\"image\":{\"@id\":\"https:\\\/\\\/webdesi-gn.fr\\\/dev_deltalabo\\\/#\\\/schema\\\/logo\\\/image\\\/\"}}]}<\/script>\n<!-- \/ Yoast SEO plugin. -->","yoast_head_json":{"title":"Osmom\u00e8tre cryoscopique automatique avec imprimante L\u00f6ser - Type 16 | DeltaLabo","robots":{"index":"noindex","follow":"follow","max-snippet":"max-snippet:-1","max-image-preview":"max-image-preview:large","max-video-preview":"max-video-preview:-1"},"og_locale":"fr_FR","og_type":"article","og_title":"Osmom\u00e8tre cryoscopique automatique avec imprimante L\u00f6ser - Type 16 | DeltaLabo","og_description":"Osmom\u00e8tre cryoscopique automatique avec imprimante L\u00f6ser - Type 16 :  L'osmom\u00e8tre cryoscopique automatique avec imprimante L\u00f6ser - Type 16 permet des d\u00e9terminations rapides de l'osmolarit\u00e9 de solutions aqueuses.  Simple d'utilisation, il est plus particuli\u00e8rement d\u00e9di\u00e9 au faibles volumes d'\u00e9chantillon de 50\u00b5l \u00e0 100\u00b5l (type 16) ou de 10 \u00e0 50\u00b5l (type 16M).  L'utilisateur d\u00e9pose l'\u00e9chantillon \u00e0 la micropipette dans un micro tube standard type Eppendorf et le met en place sur son support.  A l'approche du point de cong\u00e9lation, l'induction de cristallisation se fait automatiquement.  L'instrument d\u00e9termine ensuite automatiquement l'osmolarit\u00e9 en mosm \/ kg H2O et le r\u00e9sultat est imprim\u00e9.  T\u00e9l\u00e9charger la brochure produit : Osmom\u00e8tre cryoscopique automatique avec imprimante L\u00f6ser - Type 16","og_url":"https:\/\/webdesi-gn.fr\/dev_deltalabo\/produits\/biotechnologies\/osmometre-cryoscopique-automatique-loser-avec-imprimante-modeles-16\/","og_site_name":"DeltaLabo","article_modified_time":"2025-11-24T12:55:32+00:00","og_image":[{"width":607,"height":678,"url":"https:\/\/webdesi-gn.fr\/dev_deltalabo\/wp-content\/uploads\/2024\/01\/DELTA-LABO-Osmometre-Loser-Typ-16-1.jpg","type":"image\/jpeg"}],"twitter_card":"summary_large_image","twitter_misc":{"Dur\u00e9e de lecture estim\u00e9e":"1 minute"},"schema":{"@context":"https:\/\/schema.org","@graph":[{"@type":"WebPage","@id":"https:\/\/webdesi-gn.fr\/dev_deltalabo\/produits\/biotechnologies\/osmometre-cryoscopique-automatique-loser-avec-imprimante-modeles-16\/","url":"https:\/\/webdesi-gn.fr\/dev_deltalabo\/produits\/biotechnologies\/osmometre-cryoscopique-automatique-loser-avec-imprimante-modeles-16\/","name":"Osmom\u00e8tre cryoscopique automatique avec imprimante L\u00f6ser - Type 16 | DeltaLabo","isPartOf":{"@id":"https:\/\/webdesi-gn.fr\/dev_deltalabo\/#website"},"primaryImageOfPage":{"@id":"https:\/\/webdesi-gn.fr\/dev_deltalabo\/produits\/biotechnologies\/osmometre-cryoscopique-automatique-loser-avec-imprimante-modeles-16\/#primaryimage"},"image":{"@id":"https:\/\/webdesi-gn.fr\/dev_deltalabo\/produits\/biotechnologies\/osmometre-cryoscopique-automatique-loser-avec-imprimante-modeles-16\/#primaryimage"},"thumbnailUrl":"https:\/\/webdesi-gn.fr\/dev_deltalabo\/wp-content\/uploads\/2025\/11\/DELTA-LABO-Osmometre-Loser-Typ-16-1.jpg","datePublished":"2024-01-17T11:17:52+00:00","dateModified":"2025-11-24T12:55:32+00:00","breadcrumb":{"@id":"https:\/\/webdesi-gn.fr\/dev_deltalabo\/produits\/biotechnologies\/osmometre-cryoscopique-automatique-loser-avec-imprimante-modeles-16\/#breadcrumb"},"inLanguage":"fr-FR","potentialAction":[{"@type":"ReadAction","target":["https:\/\/webdesi-gn.fr\/dev_deltalabo\/produits\/biotechnologies\/osmometre-cryoscopique-automatique-loser-avec-imprimante-modeles-16\/"]}]},{"@type":"ImageObject","inLanguage":"fr-FR","@id":"https:\/\/webdesi-gn.fr\/dev_deltalabo\/produits\/biotechnologies\/osmometre-cryoscopique-automatique-loser-avec-imprimante-modeles-16\/#primaryimage","url":"https:\/\/webdesi-gn.fr\/dev_deltalabo\/wp-content\/uploads\/2025\/11\/DELTA-LABO-Osmometre-Loser-Typ-16-1.jpg","contentUrl":"https:\/\/webdesi-gn.fr\/dev_deltalabo\/wp-content\/uploads\/2025\/11\/DELTA-LABO-Osmometre-Loser-Typ-16-1.jpg","width":607,"height":678},{"@type":"BreadcrumbList","@id":"https:\/\/webdesi-gn.fr\/dev_deltalabo\/produits\/biotechnologies\/osmometre-cryoscopique-automatique-loser-avec-imprimante-modeles-16\/#breadcrumb","itemListElement":[{"@type":"ListItem","position":1,"name":"Accueil","item":"https:\/\/webdesi-gn.fr\/dev_deltalabo\/"},{"@type":"ListItem","position":2,"name":"Produits","item":"https:\/\/webdesi-gn.fr\/dev_deltalabo\/produits\/"},{"@type":"ListItem","position":3,"name":"Osmom\u00e8tre cryoscopique automatique avec imprimante L\u00f6ser &#8211; Type 16"}]},{"@type":"WebSite","@id":"https:\/\/webdesi-gn.fr\/dev_deltalabo\/#website","url":"https:\/\/webdesi-gn.fr\/dev_deltalabo\/","name":"Delta Labo","description":"Un site utilisant WordPress","publisher":{"@id":"https:\/\/webdesi-gn.fr\/dev_deltalabo\/#organization"},"alternateName":"Delta Labo","potentialAction":[{"@type":"SearchAction","target":{"@type":"EntryPoint","urlTemplate":"https:\/\/webdesi-gn.fr\/dev_deltalabo\/?s={search_term_string}"},"query-input":{"@type":"PropertyValueSpecification","valueRequired":true,"valueName":"search_term_string"}}],"inLanguage":"fr-FR"},{"@type":"Organization","@id":"https:\/\/webdesi-gn.fr\/dev_deltalabo\/#organization","name":"DeltaLabo","url":"https:\/\/webdesi-gn.fr\/dev_deltalabo\/","logo":{"@type":"ImageObject","inLanguage":"fr-FR","@id":"https:\/\/webdesi-gn.fr\/dev_deltalabo\/#\/schema\/logo\/image\/","url":"https:\/\/webdesi-gn.fr\/dev_deltalabo\/wp-content\/uploads\/2022\/07\/logo-deltalabo.png","contentUrl":"https:\/\/webdesi-gn.fr\/dev_deltalabo\/wp-content\/uploads\/2022\/07\/logo-deltalabo.png","width":694,"height":306,"caption":"DeltaLabo"},"image":{"@id":"https:\/\/webdesi-gn.fr\/dev_deltalabo\/#\/schema\/logo\/image\/"}}]}},"_links":{"self":[{"href":"https:\/\/webdesi-gn.fr\/dev_deltalabo\/wp-json\/wp\/v2\/product\/255740","targetHints":{"allow":["GET"]}}],"collection":[{"href":"https:\/\/webdesi-gn.fr\/dev_deltalabo\/wp-json\/wp\/v2\/product"}],"about":[{"href":"https:\/\/webdesi-gn.fr\/dev_deltalabo\/wp-json\/wp\/v2\/types\/product"}],"wp:featuredmedia":[{"embeddable":true,"href":"https:\/\/webdesi-gn.fr\/dev_deltalabo\/wp-json\/wp\/v2\/media\/262288"}],"wp:attachment":[{"href":"https:\/\/webdesi-gn.fr\/dev_deltalabo\/wp-json\/wp\/v2\/media?parent=255740"}],"wp:term":[{"taxonomy":"domaine","embeddable":true,"href":"https:\/\/webdesi-gn.fr\/dev_deltalabo\/wp-json\/wp\/v2\/domaine?post=255740"},{"taxonomy":"normes","embeddable":true,"href":"https:\/\/webdesi-gn.fr\/dev_deltalabo\/wp-json\/wp\/v2\/normes?post=255740"},{"taxonomy":"product_brand","embeddable":true,"href":"https:\/\/webdesi-gn.fr\/dev_deltalabo\/wp-json\/wp\/v2\/product_brand?post=255740"},{"taxonomy":"product_cat","embeddable":true,"href":"https:\/\/webdesi-gn.fr\/dev_deltalabo\/wp-json\/wp\/v2\/product_cat?post=255740"},{"taxonomy":"product_tag","embeddable":true,"href":"https:\/\/webdesi-gn.fr\/dev_deltalabo\/wp-json\/wp\/v2\/product_tag?post=255740"}],"curies":[{"name":"wp","href":"https:\/\/api.w.org\/{rel}","templated":true}]}}