{"id":255755,"date":"2024-01-17T12:40:51","date_gmt":"2024-01-17T11:40:51","guid":{"rendered":"https:\/\/webdesi-gn.fr\/dev_deltalabo\/?post_type=product&#038;p=255755"},"modified":"2026-03-27T10:25:06","modified_gmt":"2026-03-27T09:25:06","slug":"polarimetre-automatique-bellingham-stanley-haute-precision-adp-440","status":"publish","type":"product","link":"https:\/\/webdesi-gn.fr\/dev_deltalabo\/produits\/cosmetique-huile-essentielle\/polarimetre\/polarimetre-automatique-bellingham-stanley-haute-precision-adp-440\/","title":{"rendered":"Polarim\u00e8tre automatique Bellingham &#038; Stanley haute pr\u00e9cision &#8211; s\u00e9rie ADP400"},"content":{"rendered":"","protected":false},"excerpt":{"rendered":"<p>Les polarim\u00e8tres de la s\u00e9rie ADP400 offrent 2 mod\u00e8les \u00e0 tr\u00e8s large spectre d&rsquo;analyse de haute pr\u00e9cision : ADP430 et ADP450 (Peltier) :<\/p>\n<ul>\n<li>Polarim\u00e8tre ADP450 : \u00e9quip\u00e9 de la technologie XPC, syst\u00e8me interne brevet\u00e9 Xylem de contr\u00f4le de temp\u00e9rature par effet Peltier, il permet de mesurer le pouvoir rotatoire des \u00e9chantillons \u00e0 des temp\u00e9ratures r\u00e9gul\u00e9es.<\/li>\n<li>Polarim\u00e8tre ADP430 : il dispose d\u2019un syst\u00e8me ATC pour l\u2019\u00e9chelle de lecture Brix, c&rsquo;est-\u00e0-dire, qu&rsquo;il poss\u00e8de une table de compensation de temp\u00e9rature pour l\u2019unit\u00e9 Brix, qui permet de travailler sans effet Peltier sur des solutions sucr\u00e9es \u00e0 la temp\u00e9rature de l\u2019\u00e9chantillon, sans faire d\u2019erreur de lecture due \u00e0 cette temp\u00e9rature qui pourrait \u00eatre diff\u00e9rente de 20\u00b0C.<\/li>\n<\/ul>\n<p>Caract\u00e9ristiques :<\/p>\n<ul>\n<li>Mesure jusqu\u2019\u00e0 3,0 DO<\/li>\n<li>Longueurs de tubes jusqu\u2019\u00e0 200 mm<\/li>\n<li>\u00c9cran couleur haute d\u00e9finition de 4 pouces<\/li>\n<li>Respecte les pharmacop\u00e9es US\/EP\/BP\/JP<\/li>\n<li>Conforme \u00e0 la r\u00e8glementation 21 CFR Partie 11 de la FDA<\/li>\n<li>M\u00e9thode PHR-MEAN avec modes de mesure en continu ou unique<\/li>\n<\/ul>\n<p><strong>T\u00e9l\u00e9charger la brochure produit :<\/strong> <a href=\"https:\/\/www.deltalabo.fr\/wp-content\/uploads\/2025\/07\/Brochure-serie-ADP400-Polarimetres-avec-Peltier-fr-DL-2025.pdf\">Polarim\u00e8tre automatique Bellingham &amp; Stanley haute pr\u00e9cision &#8211; s\u00e9rie ADP400<\/a><\/p>\n<p><strong>T\u00e9l\u00e9charger la brochure produit \u00ab\u00a0\u00e9talons de r\u00e9f\u00e9rence certifi\u00e9s\u00a0\u00bb :<\/strong>\u00a0<a href=\"https:\/\/www.deltalabo.fr\/wp-content\/uploads\/2025\/08\/Brochure-etalons-de-reference-certifies-fr-DL.pdf\">Etalons de r\u00e9f\u00e9rence certifi\u00e9s<\/a><\/p>\n","protected":false},"featured_media":262283,"template":"","meta":{"_acf_changed":false,"site-sidebar-layout":"default","site-content-layout":"","ast-site-content-layout":"default","site-content-style":"default","site-sidebar-style":"default","ast-global-header-display":"","ast-banner-title-visibility":"","ast-main-header-display":"","ast-hfb-above-header-display":"","ast-hfb-below-header-display":"","ast-hfb-mobile-header-display":"","site-post-title":"","ast-breadcrumbs-content":"","ast-featured-img":"","footer-sml-layout":"","ast-disable-related-posts":"","theme-transparent-header-meta":"default","adv-header-id-meta":"","stick-header-meta":"","header-above-stick-meta":"","header-main-stick-meta":"","header-below-stick-meta":"","astra-migrate-meta-layouts":"set","ast-page-background-enabled":"default","ast-page-background-meta":{"desktop":{"background-color":"var(--ast-global-color-5)","background-image":"","background-repeat":"repeat","background-position":"center center","background-size":"auto","background-attachment":"scroll","background-type":"","background-media":"","overlay-type":"","overlay-color":"","overlay-opacity":"","overlay-gradient":""},"tablet":{"background-color":"","background-image":"","background-repeat":"repeat","background-position":"center center","background-size":"auto","background-attachment":"scroll","background-type":"","background-media":"","overlay-type":"","overlay-color":"","overlay-opacity":"","overlay-gradient":""},"mobile":{"background-color":"","background-image":"","background-repeat":"repeat","background-position":"center center","background-size":"auto","background-attachment":"scroll","background-type":"","background-media":"","overlay-type":"","overlay-color":"","overlay-opacity":"","overlay-gradient":""}},"ast-content-background-meta":{"desktop":{"background-color":"var(--ast-global-color-4)","background-image":"","background-repeat":"repeat","background-position":"center center","background-size":"auto","background-attachment":"scroll","background-type":"","background-media":"","overlay-type":"","overlay-color":"","overlay-opacity":"","overlay-gradient":""},"tablet":{"background-color":"var(--ast-global-color-4)","background-image":"","background-repeat":"repeat","background-position":"center center","background-size":"auto","background-attachment":"scroll","background-type":"","background-media":"","overlay-type":"","overlay-color":"","overlay-opacity":"","overlay-gradient":""},"mobile":{"background-color":"var(--ast-global-color-4)","background-image":"","background-repeat":"repeat","background-position":"center center","background-size":"auto","background-attachment":"scroll","background-type":"","background-media":"","overlay-type":"","overlay-color":"","overlay-opacity":"","overlay-gradient":""}}},"domaine":[17183,17186],"normes":[],"product_brand":[],"product_cat":[17226,17938],"product_tag":[],"class_list":{"0":"post-255755","1":"product","2":"type-product","3":"status-publish","4":"has-post-thumbnail","6":"domaine-analyses-physico-chimiques","7":"domaine-recherche-et-developpement","8":"product_cat-polarimetre","9":"product_cat-polarimetre-agro-alimentaire-boissons","10":"desktop-align-left","11":"tablet-align-left","12":"mobile-align-left","14":"first","15":"instock","16":"shipping-taxable","17":"product-type-simple"},"acf":[],"yoast_head":"<!-- This site is optimized with the Yoast SEO plugin v27.4 - https:\/\/yoast.com\/product\/yoast-seo-wordpress\/ -->\n<title>Polarim\u00e8tre automatique Bellingham &amp; Stanley haute pr\u00e9cision - s\u00e9rie ADP400 | DeltaLabo<\/title>\n<meta name=\"robots\" content=\"noindex, follow, max-snippet:-1, max-image-preview:large, max-video-preview:-1\" \/>\n<meta property=\"og:locale\" content=\"fr_FR\" \/>\n<meta property=\"og:type\" content=\"article\" \/>\n<meta property=\"og:title\" content=\"Polarim\u00e8tre automatique Bellingham &amp; Stanley haute pr\u00e9cision - s\u00e9rie ADP400 | DeltaLabo\" \/>\n<meta property=\"og:description\" content=\"Les polarim\u00e8tres de la s\u00e9rie ADP400 offrent 2 mod\u00e8les \u00e0 tr\u00e8s large spectre d&#039;analyse de haute pr\u00e9cision : ADP430 et ADP450 (Peltier) :   Polarim\u00e8tre ADP450 : \u00e9quip\u00e9 de la technologie XPC, syst\u00e8me interne brevet\u00e9 Xylem de contr\u00f4le de temp\u00e9rature par effet Peltier, il permet de mesurer le pouvoir rotatoire des \u00e9chantillons \u00e0 des temp\u00e9ratures r\u00e9gul\u00e9es.  Polarim\u00e8tre ADP430 : il dispose d\u2019un syst\u00e8me ATC pour l\u2019\u00e9chelle de lecture Brix, c&#039;est-\u00e0-dire, qu&#039;il poss\u00e8de une table de compensation de temp\u00e9rature pour l\u2019unit\u00e9 Brix, qui permet de travailler sans effet Peltier sur des solutions sucr\u00e9es \u00e0 la temp\u00e9rature de l\u2019\u00e9chantillon, sans faire d\u2019erreur de lecture due \u00e0 cette temp\u00e9rature qui pourrait \u00eatre diff\u00e9rente de 20\u00b0C.  Caract\u00e9ristiques :   Mesure jusqu\u2019\u00e0 3,0 DO  Longueurs de tubes jusqu\u2019\u00e0 200 mm  \u00c9cran couleur haute d\u00e9finition de 4 pouces  Respecte les pharmacop\u00e9es US\/EP\/BP\/JP  Conforme \u00e0 la r\u00e8glementation 21 CFR Partie 11 de la FDA  M\u00e9thode PHR-MEAN avec modes de mesure en continu ou unique  T\u00e9l\u00e9charger la brochure produit : Polarim\u00e8tre automatique Bellingham &amp; Stanley haute pr\u00e9cision - s\u00e9rie ADP400  T\u00e9l\u00e9charger la brochure produit \u00ab\u00a0\u00e9talons de r\u00e9f\u00e9rence certifi\u00e9s\u00a0\u00bb :\u00a0Etalons de r\u00e9f\u00e9rence certifi\u00e9s\" \/>\n<meta property=\"og:url\" content=\"https:\/\/webdesi-gn.fr\/dev_deltalabo\/produits\/cosmetique-huile-essentielle\/polarimetre\/polarimetre-automatique-bellingham-stanley-haute-precision-adp-440\/\" \/>\n<meta property=\"og:site_name\" content=\"DeltaLabo\" \/>\n<meta property=\"article:modified_time\" content=\"2026-03-27T09:25:06+00:00\" \/>\n<meta property=\"og:image\" content=\"https:\/\/webdesi-gn.fr\/dev_deltalabo\/wp-content\/uploads\/2025\/11\/DELTA-LABO-ADP430.jpg\" \/>\n\t<meta property=\"og:image:width\" content=\"600\" \/>\n\t<meta property=\"og:image:height\" content=\"600\" \/>\n\t<meta property=\"og:image:type\" content=\"image\/jpeg\" \/>\n<meta name=\"twitter:card\" content=\"summary_large_image\" \/>\n<meta name=\"twitter:label1\" content=\"Dur\u00e9e de lecture estim\u00e9e\" \/>\n\t<meta name=\"twitter:data1\" content=\"1 minute\" \/>\n<script type=\"application\/ld+json\" class=\"yoast-schema-graph\">{\"@context\":\"https:\\\/\\\/schema.org\",\"@graph\":[{\"@type\":\"WebPage\",\"@id\":\"https:\\\/\\\/webdesi-gn.fr\\\/dev_deltalabo\\\/produits\\\/cosmetique-huile-essentielle\\\/polarimetre\\\/polarimetre-automatique-bellingham-stanley-haute-precision-adp-440\\\/\",\"url\":\"https:\\\/\\\/webdesi-gn.fr\\\/dev_deltalabo\\\/produits\\\/cosmetique-huile-essentielle\\\/polarimetre\\\/polarimetre-automatique-bellingham-stanley-haute-precision-adp-440\\\/\",\"name\":\"Polarim\u00e8tre automatique Bellingham & Stanley haute pr\u00e9cision - s\u00e9rie ADP400 | DeltaLabo\",\"isPartOf\":{\"@id\":\"https:\\\/\\\/webdesi-gn.fr\\\/dev_deltalabo\\\/#website\"},\"primaryImageOfPage\":{\"@id\":\"https:\\\/\\\/webdesi-gn.fr\\\/dev_deltalabo\\\/produits\\\/cosmetique-huile-essentielle\\\/polarimetre\\\/polarimetre-automatique-bellingham-stanley-haute-precision-adp-440\\\/#primaryimage\"},\"image\":{\"@id\":\"https:\\\/\\\/webdesi-gn.fr\\\/dev_deltalabo\\\/produits\\\/cosmetique-huile-essentielle\\\/polarimetre\\\/polarimetre-automatique-bellingham-stanley-haute-precision-adp-440\\\/#primaryimage\"},\"thumbnailUrl\":\"https:\\\/\\\/webdesi-gn.fr\\\/dev_deltalabo\\\/wp-content\\\/uploads\\\/2025\\\/11\\\/DELTA-LABO-ADP430.jpg\",\"datePublished\":\"2024-01-17T11:40:51+00:00\",\"dateModified\":\"2026-03-27T09:25:06+00:00\",\"breadcrumb\":{\"@id\":\"https:\\\/\\\/webdesi-gn.fr\\\/dev_deltalabo\\\/produits\\\/cosmetique-huile-essentielle\\\/polarimetre\\\/polarimetre-automatique-bellingham-stanley-haute-precision-adp-440\\\/#breadcrumb\"},\"inLanguage\":\"fr-FR\",\"potentialAction\":[{\"@type\":\"ReadAction\",\"target\":[\"https:\\\/\\\/webdesi-gn.fr\\\/dev_deltalabo\\\/produits\\\/cosmetique-huile-essentielle\\\/polarimetre\\\/polarimetre-automatique-bellingham-stanley-haute-precision-adp-440\\\/\"]}]},{\"@type\":\"ImageObject\",\"inLanguage\":\"fr-FR\",\"@id\":\"https:\\\/\\\/webdesi-gn.fr\\\/dev_deltalabo\\\/produits\\\/cosmetique-huile-essentielle\\\/polarimetre\\\/polarimetre-automatique-bellingham-stanley-haute-precision-adp-440\\\/#primaryimage\",\"url\":\"https:\\\/\\\/webdesi-gn.fr\\\/dev_deltalabo\\\/wp-content\\\/uploads\\\/2025\\\/11\\\/DELTA-LABO-ADP430.jpg\",\"contentUrl\":\"https:\\\/\\\/webdesi-gn.fr\\\/dev_deltalabo\\\/wp-content\\\/uploads\\\/2025\\\/11\\\/DELTA-LABO-ADP430.jpg\",\"width\":600,\"height\":600},{\"@type\":\"BreadcrumbList\",\"@id\":\"https:\\\/\\\/webdesi-gn.fr\\\/dev_deltalabo\\\/produits\\\/cosmetique-huile-essentielle\\\/polarimetre\\\/polarimetre-automatique-bellingham-stanley-haute-precision-adp-440\\\/#breadcrumb\",\"itemListElement\":[{\"@type\":\"ListItem\",\"position\":1,\"name\":\"Accueil\",\"item\":\"https:\\\/\\\/webdesi-gn.fr\\\/dev_deltalabo\\\/\"},{\"@type\":\"ListItem\",\"position\":2,\"name\":\"Produits\",\"item\":\"https:\\\/\\\/webdesi-gn.fr\\\/dev_deltalabo\\\/produits\\\/\"},{\"@type\":\"ListItem\",\"position\":3,\"name\":\"Polarim\u00e8tre automatique Bellingham &#038; Stanley haute pr\u00e9cision &#8211; s\u00e9rie ADP400\"}]},{\"@type\":\"WebSite\",\"@id\":\"https:\\\/\\\/webdesi-gn.fr\\\/dev_deltalabo\\\/#website\",\"url\":\"https:\\\/\\\/webdesi-gn.fr\\\/dev_deltalabo\\\/\",\"name\":\"Delta Labo\",\"description\":\"Un site utilisant WordPress\",\"publisher\":{\"@id\":\"https:\\\/\\\/webdesi-gn.fr\\\/dev_deltalabo\\\/#organization\"},\"alternateName\":\"Delta Labo\",\"potentialAction\":[{\"@type\":\"SearchAction\",\"target\":{\"@type\":\"EntryPoint\",\"urlTemplate\":\"https:\\\/\\\/webdesi-gn.fr\\\/dev_deltalabo\\\/?s={search_term_string}\"},\"query-input\":{\"@type\":\"PropertyValueSpecification\",\"valueRequired\":true,\"valueName\":\"search_term_string\"}}],\"inLanguage\":\"fr-FR\"},{\"@type\":\"Organization\",\"@id\":\"https:\\\/\\\/webdesi-gn.fr\\\/dev_deltalabo\\\/#organization\",\"name\":\"DeltaLabo\",\"url\":\"https:\\\/\\\/webdesi-gn.fr\\\/dev_deltalabo\\\/\",\"logo\":{\"@type\":\"ImageObject\",\"inLanguage\":\"fr-FR\",\"@id\":\"https:\\\/\\\/webdesi-gn.fr\\\/dev_deltalabo\\\/#\\\/schema\\\/logo\\\/image\\\/\",\"url\":\"https:\\\/\\\/webdesi-gn.fr\\\/dev_deltalabo\\\/wp-content\\\/uploads\\\/2022\\\/07\\\/logo-deltalabo.png\",\"contentUrl\":\"https:\\\/\\\/webdesi-gn.fr\\\/dev_deltalabo\\\/wp-content\\\/uploads\\\/2022\\\/07\\\/logo-deltalabo.png\",\"width\":694,\"height\":306,\"caption\":\"DeltaLabo\"},\"image\":{\"@id\":\"https:\\\/\\\/webdesi-gn.fr\\\/dev_deltalabo\\\/#\\\/schema\\\/logo\\\/image\\\/\"}}]}<\/script>\n<!-- \/ Yoast SEO plugin. -->","yoast_head_json":{"title":"Polarim\u00e8tre automatique Bellingham & Stanley haute pr\u00e9cision - s\u00e9rie ADP400 | DeltaLabo","robots":{"index":"noindex","follow":"follow","max-snippet":"max-snippet:-1","max-image-preview":"max-image-preview:large","max-video-preview":"max-video-preview:-1"},"og_locale":"fr_FR","og_type":"article","og_title":"Polarim\u00e8tre automatique Bellingham & Stanley haute pr\u00e9cision - s\u00e9rie ADP400 | DeltaLabo","og_description":"Les polarim\u00e8tres de la s\u00e9rie ADP400 offrent 2 mod\u00e8les \u00e0 tr\u00e8s large spectre d'analyse de haute pr\u00e9cision : ADP430 et ADP450 (Peltier) :   Polarim\u00e8tre ADP450 : \u00e9quip\u00e9 de la technologie XPC, syst\u00e8me interne brevet\u00e9 Xylem de contr\u00f4le de temp\u00e9rature par effet Peltier, il permet de mesurer le pouvoir rotatoire des \u00e9chantillons \u00e0 des temp\u00e9ratures r\u00e9gul\u00e9es.  Polarim\u00e8tre ADP430 : il dispose d\u2019un syst\u00e8me ATC pour l\u2019\u00e9chelle de lecture Brix, c'est-\u00e0-dire, qu'il poss\u00e8de une table de compensation de temp\u00e9rature pour l\u2019unit\u00e9 Brix, qui permet de travailler sans effet Peltier sur des solutions sucr\u00e9es \u00e0 la temp\u00e9rature de l\u2019\u00e9chantillon, sans faire d\u2019erreur de lecture due \u00e0 cette temp\u00e9rature qui pourrait \u00eatre diff\u00e9rente de 20\u00b0C.  Caract\u00e9ristiques :   Mesure jusqu\u2019\u00e0 3,0 DO  Longueurs de tubes jusqu\u2019\u00e0 200 mm  \u00c9cran couleur haute d\u00e9finition de 4 pouces  Respecte les pharmacop\u00e9es US\/EP\/BP\/JP  Conforme \u00e0 la r\u00e8glementation 21 CFR Partie 11 de la FDA  M\u00e9thode PHR-MEAN avec modes de mesure en continu ou unique  T\u00e9l\u00e9charger la brochure produit : Polarim\u00e8tre automatique Bellingham &amp; Stanley haute pr\u00e9cision - s\u00e9rie ADP400  T\u00e9l\u00e9charger la brochure produit \u00ab\u00a0\u00e9talons de r\u00e9f\u00e9rence certifi\u00e9s\u00a0\u00bb :\u00a0Etalons de r\u00e9f\u00e9rence certifi\u00e9s","og_url":"https:\/\/webdesi-gn.fr\/dev_deltalabo\/produits\/cosmetique-huile-essentielle\/polarimetre\/polarimetre-automatique-bellingham-stanley-haute-precision-adp-440\/","og_site_name":"DeltaLabo","article_modified_time":"2026-03-27T09:25:06+00:00","og_image":[{"width":600,"height":600,"url":"https:\/\/webdesi-gn.fr\/dev_deltalabo\/wp-content\/uploads\/2025\/11\/DELTA-LABO-ADP430.jpg","type":"image\/jpeg"}],"twitter_card":"summary_large_image","twitter_misc":{"Dur\u00e9e de lecture estim\u00e9e":"1 minute"},"schema":{"@context":"https:\/\/schema.org","@graph":[{"@type":"WebPage","@id":"https:\/\/webdesi-gn.fr\/dev_deltalabo\/produits\/cosmetique-huile-essentielle\/polarimetre\/polarimetre-automatique-bellingham-stanley-haute-precision-adp-440\/","url":"https:\/\/webdesi-gn.fr\/dev_deltalabo\/produits\/cosmetique-huile-essentielle\/polarimetre\/polarimetre-automatique-bellingham-stanley-haute-precision-adp-440\/","name":"Polarim\u00e8tre automatique Bellingham & Stanley haute pr\u00e9cision - s\u00e9rie ADP400 | DeltaLabo","isPartOf":{"@id":"https:\/\/webdesi-gn.fr\/dev_deltalabo\/#website"},"primaryImageOfPage":{"@id":"https:\/\/webdesi-gn.fr\/dev_deltalabo\/produits\/cosmetique-huile-essentielle\/polarimetre\/polarimetre-automatique-bellingham-stanley-haute-precision-adp-440\/#primaryimage"},"image":{"@id":"https:\/\/webdesi-gn.fr\/dev_deltalabo\/produits\/cosmetique-huile-essentielle\/polarimetre\/polarimetre-automatique-bellingham-stanley-haute-precision-adp-440\/#primaryimage"},"thumbnailUrl":"https:\/\/webdesi-gn.fr\/dev_deltalabo\/wp-content\/uploads\/2025\/11\/DELTA-LABO-ADP430.jpg","datePublished":"2024-01-17T11:40:51+00:00","dateModified":"2026-03-27T09:25:06+00:00","breadcrumb":{"@id":"https:\/\/webdesi-gn.fr\/dev_deltalabo\/produits\/cosmetique-huile-essentielle\/polarimetre\/polarimetre-automatique-bellingham-stanley-haute-precision-adp-440\/#breadcrumb"},"inLanguage":"fr-FR","potentialAction":[{"@type":"ReadAction","target":["https:\/\/webdesi-gn.fr\/dev_deltalabo\/produits\/cosmetique-huile-essentielle\/polarimetre\/polarimetre-automatique-bellingham-stanley-haute-precision-adp-440\/"]}]},{"@type":"ImageObject","inLanguage":"fr-FR","@id":"https:\/\/webdesi-gn.fr\/dev_deltalabo\/produits\/cosmetique-huile-essentielle\/polarimetre\/polarimetre-automatique-bellingham-stanley-haute-precision-adp-440\/#primaryimage","url":"https:\/\/webdesi-gn.fr\/dev_deltalabo\/wp-content\/uploads\/2025\/11\/DELTA-LABO-ADP430.jpg","contentUrl":"https:\/\/webdesi-gn.fr\/dev_deltalabo\/wp-content\/uploads\/2025\/11\/DELTA-LABO-ADP430.jpg","width":600,"height":600},{"@type":"BreadcrumbList","@id":"https:\/\/webdesi-gn.fr\/dev_deltalabo\/produits\/cosmetique-huile-essentielle\/polarimetre\/polarimetre-automatique-bellingham-stanley-haute-precision-adp-440\/#breadcrumb","itemListElement":[{"@type":"ListItem","position":1,"name":"Accueil","item":"https:\/\/webdesi-gn.fr\/dev_deltalabo\/"},{"@type":"ListItem","position":2,"name":"Produits","item":"https:\/\/webdesi-gn.fr\/dev_deltalabo\/produits\/"},{"@type":"ListItem","position":3,"name":"Polarim\u00e8tre automatique Bellingham &#038; Stanley haute pr\u00e9cision &#8211; s\u00e9rie ADP400"}]},{"@type":"WebSite","@id":"https:\/\/webdesi-gn.fr\/dev_deltalabo\/#website","url":"https:\/\/webdesi-gn.fr\/dev_deltalabo\/","name":"Delta Labo","description":"Un site utilisant WordPress","publisher":{"@id":"https:\/\/webdesi-gn.fr\/dev_deltalabo\/#organization"},"alternateName":"Delta Labo","potentialAction":[{"@type":"SearchAction","target":{"@type":"EntryPoint","urlTemplate":"https:\/\/webdesi-gn.fr\/dev_deltalabo\/?s={search_term_string}"},"query-input":{"@type":"PropertyValueSpecification","valueRequired":true,"valueName":"search_term_string"}}],"inLanguage":"fr-FR"},{"@type":"Organization","@id":"https:\/\/webdesi-gn.fr\/dev_deltalabo\/#organization","name":"DeltaLabo","url":"https:\/\/webdesi-gn.fr\/dev_deltalabo\/","logo":{"@type":"ImageObject","inLanguage":"fr-FR","@id":"https:\/\/webdesi-gn.fr\/dev_deltalabo\/#\/schema\/logo\/image\/","url":"https:\/\/webdesi-gn.fr\/dev_deltalabo\/wp-content\/uploads\/2022\/07\/logo-deltalabo.png","contentUrl":"https:\/\/webdesi-gn.fr\/dev_deltalabo\/wp-content\/uploads\/2022\/07\/logo-deltalabo.png","width":694,"height":306,"caption":"DeltaLabo"},"image":{"@id":"https:\/\/webdesi-gn.fr\/dev_deltalabo\/#\/schema\/logo\/image\/"}}]}},"_links":{"self":[{"href":"https:\/\/webdesi-gn.fr\/dev_deltalabo\/wp-json\/wp\/v2\/product\/255755","targetHints":{"allow":["GET"]}}],"collection":[{"href":"https:\/\/webdesi-gn.fr\/dev_deltalabo\/wp-json\/wp\/v2\/product"}],"about":[{"href":"https:\/\/webdesi-gn.fr\/dev_deltalabo\/wp-json\/wp\/v2\/types\/product"}],"wp:featuredmedia":[{"embeddable":true,"href":"https:\/\/webdesi-gn.fr\/dev_deltalabo\/wp-json\/wp\/v2\/media\/262283"}],"wp:attachment":[{"href":"https:\/\/webdesi-gn.fr\/dev_deltalabo\/wp-json\/wp\/v2\/media?parent=255755"}],"wp:term":[{"taxonomy":"domaine","embeddable":true,"href":"https:\/\/webdesi-gn.fr\/dev_deltalabo\/wp-json\/wp\/v2\/domaine?post=255755"},{"taxonomy":"normes","embeddable":true,"href":"https:\/\/webdesi-gn.fr\/dev_deltalabo\/wp-json\/wp\/v2\/normes?post=255755"},{"taxonomy":"product_brand","embeddable":true,"href":"https:\/\/webdesi-gn.fr\/dev_deltalabo\/wp-json\/wp\/v2\/product_brand?post=255755"},{"taxonomy":"product_cat","embeddable":true,"href":"https:\/\/webdesi-gn.fr\/dev_deltalabo\/wp-json\/wp\/v2\/product_cat?post=255755"},{"taxonomy":"product_tag","embeddable":true,"href":"https:\/\/webdesi-gn.fr\/dev_deltalabo\/wp-json\/wp\/v2\/product_tag?post=255755"}],"curies":[{"name":"wp","href":"https:\/\/api.w.org\/{rel}","templated":true}]}}