{"id":255769,"date":"2024-01-17T15:28:18","date_gmt":"2024-01-17T14:28:18","guid":{"rendered":"https:\/\/webdesi-gn.fr\/dev_deltalabo\/?post_type=product&#038;p=255769"},"modified":"2026-03-27T09:30:06","modified_gmt":"2026-03-27T08:30:06","slug":"centrale-dacquisition-3497","status":"publish","type":"product","link":"https:\/\/webdesi-gn.fr\/dev_deltalabo\/produits\/equipements-communs\/enceintes-thermostates\/centrale-dacquisition-3497\/","title":{"rendered":"Centrale d&rsquo;acquisition KEYSIGHT DAQ970A"},"content":{"rendered":"","protected":false},"excerpt":{"rendered":"<p><strong>Centrale d&rsquo;acquisition KEYSIGHT\u00a0DAQ970A :<\/strong><\/p>\n<p>La centrale d&rsquo;acquisition Delta Labo DAQ970A permet la r\u00e9alisation de cartographies de r\u00e9frig\u00e9rateurs, cong\u00e9lateurs, incubateurs, chambres froides&#8230; La centrale d&rsquo;acquisition accepte de multiples signaux : thermocouples B, E, J, K, N, R, S, T; thermistances; PT100; tension; fr\u00e9quence etc&#8230;<\/p>\n<p>L&rsquo;application la plus courante est la caract\u00e9risation en 1, 9 ou 15 points d&rsquo;incubateurs, d&rsquo;enceintes thermostat\u00e9es etc&#8230;<\/p>\n<p>Nous pouvons vous proposer la centrale d&rsquo;acquisition comprenant la centrale elle m\u00eame, les capteurs adapt\u00e9s \u00e0 votre application et l&rsquo;unit\u00e9 d&rsquo;acquisition informatique.<\/p>\n<p>Pour r\u00e9pondre aux exigences les plus pouss\u00e9es en terme de m\u00e9trologie, nous pouvons vous proposer une chaine de mesure compl\u00e8te certifi\u00e9e COFRAC.<\/p>\n<p><strong>T\u00e9l\u00e9charger la brochure produit :<\/strong> <a href=\"https:\/\/www.deltalabo.fr\/wp-content\/uploads\/2025\/03\/Brochure-Centrale-dacquisition-DAQ970A.pdf\">Centrale d&rsquo;acquisition KEYSIGHT DAQ970A<\/a><\/p>\n<p><strong>Visionner l&rsquo;utilisation du produit :<\/strong> <a href=\"https:\/\/docs.keysight.com\/download\/attachments\/580189319\/PLGM_00049.mp4\">Centrale d&rsquo;acquisition KEYSIGHT DAQ970A<\/a><\/p>\n","protected":false},"featured_media":262274,"template":"","meta":{"_acf_changed":false,"site-sidebar-layout":"default","site-content-layout":"","ast-site-content-layout":"default","site-content-style":"default","site-sidebar-style":"default","ast-global-header-display":"","ast-banner-title-visibility":"","ast-main-header-display":"","ast-hfb-above-header-display":"","ast-hfb-below-header-display":"","ast-hfb-mobile-header-display":"","site-post-title":"","ast-breadcrumbs-content":"","ast-featured-img":"","footer-sml-layout":"","ast-disable-related-posts":"","theme-transparent-header-meta":"default","adv-header-id-meta":"","stick-header-meta":"","header-above-stick-meta":"","header-main-stick-meta":"","header-below-stick-meta":"","astra-migrate-meta-layouts":"set","ast-page-background-enabled":"default","ast-page-background-meta":{"desktop":{"background-color":"var(--ast-global-color-5)","background-image":"","background-repeat":"repeat","background-position":"center center","background-size":"auto","background-attachment":"scroll","background-type":"","background-media":"","overlay-type":"","overlay-color":"","overlay-opacity":"","overlay-gradient":""},"tablet":{"background-color":"","background-image":"","background-repeat":"repeat","background-position":"center center","background-size":"auto","background-attachment":"scroll","background-type":"","background-media":"","overlay-type":"","overlay-color":"","overlay-opacity":"","overlay-gradient":""},"mobile":{"background-color":"","background-image":"","background-repeat":"repeat","background-position":"center center","background-size":"auto","background-attachment":"scroll","background-type":"","background-media":"","overlay-type":"","overlay-color":"","overlay-opacity":"","overlay-gradient":""}},"ast-content-background-meta":{"desktop":{"background-color":"var(--ast-global-color-4)","background-image":"","background-repeat":"repeat","background-position":"center center","background-size":"auto","background-attachment":"scroll","background-type":"","background-media":"","overlay-type":"","overlay-color":"","overlay-opacity":"","overlay-gradient":""},"tablet":{"background-color":"var(--ast-global-color-4)","background-image":"","background-repeat":"repeat","background-position":"center center","background-size":"auto","background-attachment":"scroll","background-type":"","background-media":"","overlay-type":"","overlay-color":"","overlay-opacity":"","overlay-gradient":""},"mobile":{"background-color":"var(--ast-global-color-4)","background-image":"","background-repeat":"repeat","background-position":"center center","background-size":"auto","background-attachment":"scroll","background-type":"","background-media":"","overlay-type":"","overlay-color":"","overlay-opacity":"","overlay-gradient":""}}},"domaine":[],"normes":[17135],"product_brand":[],"product_cat":[17899],"product_tag":[],"class_list":{"0":"post-255769","1":"product","2":"type-product","3":"status-publish","4":"has-post-thumbnail","6":"normes-din-51562","7":"product_cat-enceintes-thermostates","8":"desktop-align-left","9":"tablet-align-left","10":"mobile-align-left","12":"first","13":"instock","14":"shipping-taxable","15":"product-type-simple"},"acf":[],"yoast_head":"<!-- This site is optimized with the Yoast SEO plugin v27.4 - https:\/\/yoast.com\/product\/yoast-seo-wordpress\/ -->\n<title>Centrale d&#039;acquisition KEYSIGHT DAQ970A | DeltaLabo<\/title>\n<meta name=\"robots\" content=\"noindex, follow, max-snippet:-1, max-image-preview:large, max-video-preview:-1\" \/>\n<meta property=\"og:locale\" content=\"fr_FR\" \/>\n<meta property=\"og:type\" content=\"article\" \/>\n<meta property=\"og:title\" content=\"Centrale d&#039;acquisition KEYSIGHT DAQ970A | DeltaLabo\" \/>\n<meta property=\"og:description\" content=\"Centrale d&#039;acquisition KEYSIGHT\u00a0DAQ970A :  La centrale d&#039;acquisition Delta Labo DAQ970A permet la r\u00e9alisation de cartographies de r\u00e9frig\u00e9rateurs, cong\u00e9lateurs, incubateurs, chambres froides... La centrale d&#039;acquisition accepte de multiples signaux : thermocouples B, E, J, K, N, R, S, T; thermistances; PT100; tension; fr\u00e9quence etc...  L&#039;application la plus courante est la caract\u00e9risation en 1, 9 ou 15 points d&#039;incubateurs, d&#039;enceintes thermostat\u00e9es etc...  Nous pouvons vous proposer la centrale d&#039;acquisition comprenant la centrale elle m\u00eame, les capteurs adapt\u00e9s \u00e0 votre application et l&#039;unit\u00e9 d&#039;acquisition informatique.  Pour r\u00e9pondre aux exigences les plus pouss\u00e9es en terme de m\u00e9trologie, nous pouvons vous proposer une chaine de mesure compl\u00e8te certifi\u00e9e COFRAC.  T\u00e9l\u00e9charger la brochure produit : Centrale d&#039;acquisition KEYSIGHT DAQ970A  Visionner l&#039;utilisation du produit : Centrale d&#039;acquisition KEYSIGHT DAQ970A\" \/>\n<meta property=\"og:url\" content=\"https:\/\/webdesi-gn.fr\/dev_deltalabo\/produits\/equipements-communs\/enceintes-thermostates\/centrale-dacquisition-3497\/\" \/>\n<meta property=\"og:site_name\" content=\"DeltaLabo\" \/>\n<meta property=\"article:modified_time\" content=\"2026-03-27T08:30:06+00:00\" \/>\n<meta property=\"og:image\" content=\"https:\/\/webdesi-gn.fr\/dev_deltalabo\/wp-content\/uploads\/2025\/11\/DELTA-LABO-centrale-dacquisition-DAQ970A.png\" \/>\n\t<meta property=\"og:image:width\" content=\"700\" \/>\n\t<meta property=\"og:image:height\" content=\"700\" \/>\n\t<meta property=\"og:image:type\" content=\"image\/png\" \/>\n<meta name=\"twitter:card\" content=\"summary_large_image\" \/>\n<meta name=\"twitter:label1\" content=\"Dur\u00e9e de lecture estim\u00e9e\" \/>\n\t<meta name=\"twitter:data1\" content=\"1 minute\" \/>\n<script type=\"application\/ld+json\" class=\"yoast-schema-graph\">{\"@context\":\"https:\\\/\\\/schema.org\",\"@graph\":[{\"@type\":\"WebPage\",\"@id\":\"https:\\\/\\\/webdesi-gn.fr\\\/dev_deltalabo\\\/produits\\\/equipements-communs\\\/enceintes-thermostates\\\/centrale-dacquisition-3497\\\/\",\"url\":\"https:\\\/\\\/webdesi-gn.fr\\\/dev_deltalabo\\\/produits\\\/equipements-communs\\\/enceintes-thermostates\\\/centrale-dacquisition-3497\\\/\",\"name\":\"Centrale d'acquisition KEYSIGHT DAQ970A | DeltaLabo\",\"isPartOf\":{\"@id\":\"https:\\\/\\\/webdesi-gn.fr\\\/dev_deltalabo\\\/#website\"},\"primaryImageOfPage\":{\"@id\":\"https:\\\/\\\/webdesi-gn.fr\\\/dev_deltalabo\\\/produits\\\/equipements-communs\\\/enceintes-thermostates\\\/centrale-dacquisition-3497\\\/#primaryimage\"},\"image\":{\"@id\":\"https:\\\/\\\/webdesi-gn.fr\\\/dev_deltalabo\\\/produits\\\/equipements-communs\\\/enceintes-thermostates\\\/centrale-dacquisition-3497\\\/#primaryimage\"},\"thumbnailUrl\":\"https:\\\/\\\/webdesi-gn.fr\\\/dev_deltalabo\\\/wp-content\\\/uploads\\\/2025\\\/11\\\/DELTA-LABO-centrale-dacquisition-DAQ970A.png\",\"datePublished\":\"2024-01-17T14:28:18+00:00\",\"dateModified\":\"2026-03-27T08:30:06+00:00\",\"breadcrumb\":{\"@id\":\"https:\\\/\\\/webdesi-gn.fr\\\/dev_deltalabo\\\/produits\\\/equipements-communs\\\/enceintes-thermostates\\\/centrale-dacquisition-3497\\\/#breadcrumb\"},\"inLanguage\":\"fr-FR\",\"potentialAction\":[{\"@type\":\"ReadAction\",\"target\":[\"https:\\\/\\\/webdesi-gn.fr\\\/dev_deltalabo\\\/produits\\\/equipements-communs\\\/enceintes-thermostates\\\/centrale-dacquisition-3497\\\/\"]}]},{\"@type\":\"ImageObject\",\"inLanguage\":\"fr-FR\",\"@id\":\"https:\\\/\\\/webdesi-gn.fr\\\/dev_deltalabo\\\/produits\\\/equipements-communs\\\/enceintes-thermostates\\\/centrale-dacquisition-3497\\\/#primaryimage\",\"url\":\"https:\\\/\\\/webdesi-gn.fr\\\/dev_deltalabo\\\/wp-content\\\/uploads\\\/2025\\\/11\\\/DELTA-LABO-centrale-dacquisition-DAQ970A.png\",\"contentUrl\":\"https:\\\/\\\/webdesi-gn.fr\\\/dev_deltalabo\\\/wp-content\\\/uploads\\\/2025\\\/11\\\/DELTA-LABO-centrale-dacquisition-DAQ970A.png\",\"width\":700,\"height\":700},{\"@type\":\"BreadcrumbList\",\"@id\":\"https:\\\/\\\/webdesi-gn.fr\\\/dev_deltalabo\\\/produits\\\/equipements-communs\\\/enceintes-thermostates\\\/centrale-dacquisition-3497\\\/#breadcrumb\",\"itemListElement\":[{\"@type\":\"ListItem\",\"position\":1,\"name\":\"Accueil\",\"item\":\"https:\\\/\\\/webdesi-gn.fr\\\/dev_deltalabo\\\/\"},{\"@type\":\"ListItem\",\"position\":2,\"name\":\"Produits\",\"item\":\"https:\\\/\\\/webdesi-gn.fr\\\/dev_deltalabo\\\/produits\\\/\"},{\"@type\":\"ListItem\",\"position\":3,\"name\":\"Centrale d&rsquo;acquisition KEYSIGHT DAQ970A\"}]},{\"@type\":\"WebSite\",\"@id\":\"https:\\\/\\\/webdesi-gn.fr\\\/dev_deltalabo\\\/#website\",\"url\":\"https:\\\/\\\/webdesi-gn.fr\\\/dev_deltalabo\\\/\",\"name\":\"Delta Labo\",\"description\":\"Un site utilisant WordPress\",\"publisher\":{\"@id\":\"https:\\\/\\\/webdesi-gn.fr\\\/dev_deltalabo\\\/#organization\"},\"alternateName\":\"Delta Labo\",\"potentialAction\":[{\"@type\":\"SearchAction\",\"target\":{\"@type\":\"EntryPoint\",\"urlTemplate\":\"https:\\\/\\\/webdesi-gn.fr\\\/dev_deltalabo\\\/?s={search_term_string}\"},\"query-input\":{\"@type\":\"PropertyValueSpecification\",\"valueRequired\":true,\"valueName\":\"search_term_string\"}}],\"inLanguage\":\"fr-FR\"},{\"@type\":\"Organization\",\"@id\":\"https:\\\/\\\/webdesi-gn.fr\\\/dev_deltalabo\\\/#organization\",\"name\":\"DeltaLabo\",\"url\":\"https:\\\/\\\/webdesi-gn.fr\\\/dev_deltalabo\\\/\",\"logo\":{\"@type\":\"ImageObject\",\"inLanguage\":\"fr-FR\",\"@id\":\"https:\\\/\\\/webdesi-gn.fr\\\/dev_deltalabo\\\/#\\\/schema\\\/logo\\\/image\\\/\",\"url\":\"https:\\\/\\\/webdesi-gn.fr\\\/dev_deltalabo\\\/wp-content\\\/uploads\\\/2022\\\/07\\\/logo-deltalabo.png\",\"contentUrl\":\"https:\\\/\\\/webdesi-gn.fr\\\/dev_deltalabo\\\/wp-content\\\/uploads\\\/2022\\\/07\\\/logo-deltalabo.png\",\"width\":694,\"height\":306,\"caption\":\"DeltaLabo\"},\"image\":{\"@id\":\"https:\\\/\\\/webdesi-gn.fr\\\/dev_deltalabo\\\/#\\\/schema\\\/logo\\\/image\\\/\"}}]}<\/script>\n<!-- \/ Yoast SEO plugin. -->","yoast_head_json":{"title":"Centrale d'acquisition KEYSIGHT DAQ970A | DeltaLabo","robots":{"index":"noindex","follow":"follow","max-snippet":"max-snippet:-1","max-image-preview":"max-image-preview:large","max-video-preview":"max-video-preview:-1"},"og_locale":"fr_FR","og_type":"article","og_title":"Centrale d'acquisition KEYSIGHT DAQ970A | DeltaLabo","og_description":"Centrale d'acquisition KEYSIGHT\u00a0DAQ970A :  La centrale d'acquisition Delta Labo DAQ970A permet la r\u00e9alisation de cartographies de r\u00e9frig\u00e9rateurs, cong\u00e9lateurs, incubateurs, chambres froides... La centrale d'acquisition accepte de multiples signaux : thermocouples B, E, J, K, N, R, S, T; thermistances; PT100; tension; fr\u00e9quence etc...  L'application la plus courante est la caract\u00e9risation en 1, 9 ou 15 points d'incubateurs, d'enceintes thermostat\u00e9es etc...  Nous pouvons vous proposer la centrale d'acquisition comprenant la centrale elle m\u00eame, les capteurs adapt\u00e9s \u00e0 votre application et l'unit\u00e9 d'acquisition informatique.  Pour r\u00e9pondre aux exigences les plus pouss\u00e9es en terme de m\u00e9trologie, nous pouvons vous proposer une chaine de mesure compl\u00e8te certifi\u00e9e COFRAC.  T\u00e9l\u00e9charger la brochure produit : Centrale d'acquisition KEYSIGHT DAQ970A  Visionner l'utilisation du produit : Centrale d'acquisition KEYSIGHT DAQ970A","og_url":"https:\/\/webdesi-gn.fr\/dev_deltalabo\/produits\/equipements-communs\/enceintes-thermostates\/centrale-dacquisition-3497\/","og_site_name":"DeltaLabo","article_modified_time":"2026-03-27T08:30:06+00:00","og_image":[{"width":700,"height":700,"url":"https:\/\/webdesi-gn.fr\/dev_deltalabo\/wp-content\/uploads\/2025\/11\/DELTA-LABO-centrale-dacquisition-DAQ970A.png","type":"image\/png"}],"twitter_card":"summary_large_image","twitter_misc":{"Dur\u00e9e de lecture estim\u00e9e":"1 minute"},"schema":{"@context":"https:\/\/schema.org","@graph":[{"@type":"WebPage","@id":"https:\/\/webdesi-gn.fr\/dev_deltalabo\/produits\/equipements-communs\/enceintes-thermostates\/centrale-dacquisition-3497\/","url":"https:\/\/webdesi-gn.fr\/dev_deltalabo\/produits\/equipements-communs\/enceintes-thermostates\/centrale-dacquisition-3497\/","name":"Centrale d'acquisition KEYSIGHT DAQ970A | DeltaLabo","isPartOf":{"@id":"https:\/\/webdesi-gn.fr\/dev_deltalabo\/#website"},"primaryImageOfPage":{"@id":"https:\/\/webdesi-gn.fr\/dev_deltalabo\/produits\/equipements-communs\/enceintes-thermostates\/centrale-dacquisition-3497\/#primaryimage"},"image":{"@id":"https:\/\/webdesi-gn.fr\/dev_deltalabo\/produits\/equipements-communs\/enceintes-thermostates\/centrale-dacquisition-3497\/#primaryimage"},"thumbnailUrl":"https:\/\/webdesi-gn.fr\/dev_deltalabo\/wp-content\/uploads\/2025\/11\/DELTA-LABO-centrale-dacquisition-DAQ970A.png","datePublished":"2024-01-17T14:28:18+00:00","dateModified":"2026-03-27T08:30:06+00:00","breadcrumb":{"@id":"https:\/\/webdesi-gn.fr\/dev_deltalabo\/produits\/equipements-communs\/enceintes-thermostates\/centrale-dacquisition-3497\/#breadcrumb"},"inLanguage":"fr-FR","potentialAction":[{"@type":"ReadAction","target":["https:\/\/webdesi-gn.fr\/dev_deltalabo\/produits\/equipements-communs\/enceintes-thermostates\/centrale-dacquisition-3497\/"]}]},{"@type":"ImageObject","inLanguage":"fr-FR","@id":"https:\/\/webdesi-gn.fr\/dev_deltalabo\/produits\/equipements-communs\/enceintes-thermostates\/centrale-dacquisition-3497\/#primaryimage","url":"https:\/\/webdesi-gn.fr\/dev_deltalabo\/wp-content\/uploads\/2025\/11\/DELTA-LABO-centrale-dacquisition-DAQ970A.png","contentUrl":"https:\/\/webdesi-gn.fr\/dev_deltalabo\/wp-content\/uploads\/2025\/11\/DELTA-LABO-centrale-dacquisition-DAQ970A.png","width":700,"height":700},{"@type":"BreadcrumbList","@id":"https:\/\/webdesi-gn.fr\/dev_deltalabo\/produits\/equipements-communs\/enceintes-thermostates\/centrale-dacquisition-3497\/#breadcrumb","itemListElement":[{"@type":"ListItem","position":1,"name":"Accueil","item":"https:\/\/webdesi-gn.fr\/dev_deltalabo\/"},{"@type":"ListItem","position":2,"name":"Produits","item":"https:\/\/webdesi-gn.fr\/dev_deltalabo\/produits\/"},{"@type":"ListItem","position":3,"name":"Centrale d&rsquo;acquisition KEYSIGHT DAQ970A"}]},{"@type":"WebSite","@id":"https:\/\/webdesi-gn.fr\/dev_deltalabo\/#website","url":"https:\/\/webdesi-gn.fr\/dev_deltalabo\/","name":"Delta Labo","description":"Un site utilisant WordPress","publisher":{"@id":"https:\/\/webdesi-gn.fr\/dev_deltalabo\/#organization"},"alternateName":"Delta Labo","potentialAction":[{"@type":"SearchAction","target":{"@type":"EntryPoint","urlTemplate":"https:\/\/webdesi-gn.fr\/dev_deltalabo\/?s={search_term_string}"},"query-input":{"@type":"PropertyValueSpecification","valueRequired":true,"valueName":"search_term_string"}}],"inLanguage":"fr-FR"},{"@type":"Organization","@id":"https:\/\/webdesi-gn.fr\/dev_deltalabo\/#organization","name":"DeltaLabo","url":"https:\/\/webdesi-gn.fr\/dev_deltalabo\/","logo":{"@type":"ImageObject","inLanguage":"fr-FR","@id":"https:\/\/webdesi-gn.fr\/dev_deltalabo\/#\/schema\/logo\/image\/","url":"https:\/\/webdesi-gn.fr\/dev_deltalabo\/wp-content\/uploads\/2022\/07\/logo-deltalabo.png","contentUrl":"https:\/\/webdesi-gn.fr\/dev_deltalabo\/wp-content\/uploads\/2022\/07\/logo-deltalabo.png","width":694,"height":306,"caption":"DeltaLabo"},"image":{"@id":"https:\/\/webdesi-gn.fr\/dev_deltalabo\/#\/schema\/logo\/image\/"}}]}},"_links":{"self":[{"href":"https:\/\/webdesi-gn.fr\/dev_deltalabo\/wp-json\/wp\/v2\/product\/255769","targetHints":{"allow":["GET"]}}],"collection":[{"href":"https:\/\/webdesi-gn.fr\/dev_deltalabo\/wp-json\/wp\/v2\/product"}],"about":[{"href":"https:\/\/webdesi-gn.fr\/dev_deltalabo\/wp-json\/wp\/v2\/types\/product"}],"wp:featuredmedia":[{"embeddable":true,"href":"https:\/\/webdesi-gn.fr\/dev_deltalabo\/wp-json\/wp\/v2\/media\/262274"}],"wp:attachment":[{"href":"https:\/\/webdesi-gn.fr\/dev_deltalabo\/wp-json\/wp\/v2\/media?parent=255769"}],"wp:term":[{"taxonomy":"domaine","embeddable":true,"href":"https:\/\/webdesi-gn.fr\/dev_deltalabo\/wp-json\/wp\/v2\/domaine?post=255769"},{"taxonomy":"normes","embeddable":true,"href":"https:\/\/webdesi-gn.fr\/dev_deltalabo\/wp-json\/wp\/v2\/normes?post=255769"},{"taxonomy":"product_brand","embeddable":true,"href":"https:\/\/webdesi-gn.fr\/dev_deltalabo\/wp-json\/wp\/v2\/product_brand?post=255769"},{"taxonomy":"product_cat","embeddable":true,"href":"https:\/\/webdesi-gn.fr\/dev_deltalabo\/wp-json\/wp\/v2\/product_cat?post=255769"},{"taxonomy":"product_tag","embeddable":true,"href":"https:\/\/webdesi-gn.fr\/dev_deltalabo\/wp-json\/wp\/v2\/product_tag?post=255769"}],"curies":[{"name":"wp","href":"https:\/\/api.w.org\/{rel}","templated":true}]}}