{"id":255772,"date":"2024-01-17T15:32:46","date_gmt":"2024-01-17T14:32:46","guid":{"rendered":"https:\/\/webdesi-gn.fr\/dev_deltalabo\/?post_type=product&#038;p=255772"},"modified":"2026-04-02T16:07:28","modified_gmt":"2026-04-02T14:07:28","slug":"viscosimetres-a-lames-vibrante-ad-serie-sv10-sv100","status":"publish","type":"product","link":"https:\/\/webdesi-gn.fr\/dev_deltalabo\/produits\/cosmetique-huile-essentielle\/viscosimetre-cosmetique-huile-essentielle\/viscosimetres-a-lames-vibrante-ad-serie-sv10-sv100\/","title":{"rendered":"Viscosim\u00e8tres \u00e0 lames vibrantes A&#038;D &#8211; SV-10 &#8211; SV-100"},"content":{"rendered":"","protected":false},"excerpt":{"rendered":"<p><strong>Viscosim\u00e8tres \u00e0 lames vibrantes A&amp;D &#8211; SV-10 &#8211; SV-100 :<\/strong><\/p>\n<p>Les viscosim\u00e8tres \u00e0 lames vibrantes A&amp;D sont uniques sur le march\u00e9 !<\/p>\n<p>Deux lames vibrent dans l&rsquo;\u00e9chantillon en opposition de phase.<\/p>\n<p>L&rsquo;intensit\u00e9 du courant d&rsquo;excitation n\u00e9cessaire pour maintenir constantes la fr\u00e9quence et l&rsquo;amplitude de vibration est proportionnelle \u00e0 la viscosit\u00e9. Etant donn\u00e9 que les 2 lames se d\u00e9placent dans le sens de leur plan, elles n&rsquo;ont pas d&rsquo;impact de cisaillement sur l&rsquo;\u00e9chantillon. Il est donc possible de r\u00e9aliser des mesure sur tout type d&rsquo;\u00e9chantillon newtonien ou pas.<\/p>\n<p>Caract\u00e9ristiques :<\/p>\n<ul>\n<li>Plage de mesure pour le SV-10 : de 0,3 \u00e0 10 000 mPa\u00b7s<\/li>\n<li>Plage de mesure pour le SV-100 : de 1 000 \u00e0 100 000 mPa\u00b7s<\/li>\n<li>Mesure de viscosit\u00e9s tr\u00e8s faibles : jusqu\u2019\u00e0 1\/3 de la viscosit\u00e9 de l\u2019eau<\/li>\n<li>Mesure de la temp\u00e9rature de 0\u00b0C \u00e0 160\u00b0C<\/li>\n<li>Premiers r\u00e9sultats en 15 secondes, actualisation en temps r\u00e9el<\/li>\n<li>Haute pr\u00e9cision avec reproductibilit\u00e9 de \u00b11\u00a0% de la valeur affich\u00e9e<\/li>\n<\/ul>\n","protected":false},"featured_media":263046,"template":"","meta":{"_acf_changed":false,"site-sidebar-layout":"default","site-content-layout":"","ast-site-content-layout":"default","site-content-style":"default","site-sidebar-style":"default","ast-global-header-display":"","ast-banner-title-visibility":"","ast-main-header-display":"","ast-hfb-above-header-display":"","ast-hfb-below-header-display":"","ast-hfb-mobile-header-display":"","site-post-title":"","ast-breadcrumbs-content":"","ast-featured-img":"","footer-sml-layout":"","ast-disable-related-posts":"","theme-transparent-header-meta":"default","adv-header-id-meta":"","stick-header-meta":"","header-above-stick-meta":"","header-main-stick-meta":"","header-below-stick-meta":"","astra-migrate-meta-layouts":"set","ast-page-background-enabled":"default","ast-page-background-meta":{"desktop":{"background-color":"var(--ast-global-color-5)","background-image":"","background-repeat":"repeat","background-position":"center center","background-size":"auto","background-attachment":"scroll","background-type":"","background-media":"","overlay-type":"","overlay-color":"","overlay-opacity":"","overlay-gradient":""},"tablet":{"background-color":"","background-image":"","background-repeat":"repeat","background-position":"center center","background-size":"auto","background-attachment":"scroll","background-type":"","background-media":"","overlay-type":"","overlay-color":"","overlay-opacity":"","overlay-gradient":""},"mobile":{"background-color":"","background-image":"","background-repeat":"repeat","background-position":"center center","background-size":"auto","background-attachment":"scroll","background-type":"","background-media":"","overlay-type":"","overlay-color":"","overlay-opacity":"","overlay-gradient":""}},"ast-content-background-meta":{"desktop":{"background-color":"var(--ast-global-color-4)","background-image":"","background-repeat":"repeat","background-position":"center center","background-size":"auto","background-attachment":"scroll","background-type":"","background-media":"","overlay-type":"","overlay-color":"","overlay-opacity":"","overlay-gradient":""},"tablet":{"background-color":"var(--ast-global-color-4)","background-image":"","background-repeat":"repeat","background-position":"center center","background-size":"auto","background-attachment":"scroll","background-type":"","background-media":"","overlay-type":"","overlay-color":"","overlay-opacity":"","overlay-gradient":""},"mobile":{"background-color":"var(--ast-global-color-4)","background-image":"","background-repeat":"repeat","background-position":"center center","background-size":"auto","background-attachment":"scroll","background-type":"","background-media":"","overlay-type":"","overlay-color":"","overlay-opacity":"","overlay-gradient":""}}},"domaine":[],"normes":[],"product_brand":[],"product_cat":[17191,17197,17198,91,17222,17930],"product_tag":[],"class_list":{"0":"post-255772","1":"product","2":"type-product","3":"status-publish","4":"has-post-thumbnail","6":"product_cat-bitumes","7":"product_cat-graisses","8":"product_cat-lubrifiants-huiles","9":"product_cat-pharmacie-biochimie","10":"product_cat-viscosimetre","11":"product_cat-viscosimetre-cosmetique-huile-essentielle","12":"desktop-align-left","13":"tablet-align-left","14":"mobile-align-left","16":"first","17":"instock","18":"shipping-taxable","19":"product-type-simple"},"acf":[],"yoast_head":"<!-- This site is optimized with the Yoast SEO plugin v27.4 - https:\/\/yoast.com\/product\/yoast-seo-wordpress\/ -->\n<title>Viscosim\u00e8tres \u00e0 lames vibrantes A&amp;D - SV-10 - SV-100 | DeltaLabo<\/title>\n<meta name=\"description\" content=\"Le viscosim\u00e8tre \u00e0 vibration A&amp;D mesure la viscosit\u00e9 en d\u00e9tectant le courant \u00e9lectrique n\u00e9cessaire pour faire r\u00e9sonner les deux plaques de capteur \u00e0 une fr\u00e9quence de 30 Hz et une amplitude inf\u00e9rieure \u00e0 1 mm.\" \/>\n<meta name=\"robots\" content=\"noindex, follow, max-snippet:-1, max-image-preview:large, max-video-preview:-1\" \/>\n<meta property=\"og:locale\" content=\"fr_FR\" \/>\n<meta property=\"og:type\" content=\"article\" \/>\n<meta property=\"og:title\" content=\"Viscosim\u00e8tres \u00e0 lames vibrantes A&amp;D - SV-10 - SV-100 | DeltaLabo\" \/>\n<meta property=\"og:description\" content=\"Le viscosim\u00e8tre \u00e0 vibration A&amp;D mesure la viscosit\u00e9 en d\u00e9tectant le courant \u00e9lectrique n\u00e9cessaire pour faire r\u00e9sonner les deux plaques de capteur \u00e0 une fr\u00e9quence de 30 Hz et une amplitude inf\u00e9rieure \u00e0 1 mm.\" \/>\n<meta property=\"og:url\" content=\"https:\/\/webdesi-gn.fr\/dev_deltalabo\/produits\/cosmetique-huile-essentielle\/viscosimetre-cosmetique-huile-essentielle\/viscosimetres-a-lames-vibrante-ad-serie-sv10-sv100\/\" \/>\n<meta property=\"og:site_name\" content=\"DeltaLabo\" \/>\n<meta property=\"article:modified_time\" content=\"2026-04-02T14:07:28+00:00\" \/>\n<meta property=\"og:image\" content=\"https:\/\/webdesi-gn.fr\/dev_deltalabo\/wp-content\/uploads\/2024\/01\/viscosimetre-a-lames-vibrantes-serie-SV.webp\" \/>\n\t<meta property=\"og:image:width\" content=\"800\" \/>\n\t<meta property=\"og:image:height\" content=\"800\" \/>\n\t<meta property=\"og:image:type\" content=\"image\/webp\" \/>\n<meta name=\"twitter:card\" content=\"summary_large_image\" \/>\n<meta name=\"twitter:label1\" content=\"Dur\u00e9e de lecture estim\u00e9e\" \/>\n\t<meta name=\"twitter:data1\" content=\"1 minute\" \/>\n<script type=\"application\/ld+json\" class=\"yoast-schema-graph\">{\"@context\":\"https:\\\/\\\/schema.org\",\"@graph\":[{\"@type\":\"WebPage\",\"@id\":\"https:\\\/\\\/webdesi-gn.fr\\\/dev_deltalabo\\\/produits\\\/cosmetique-huile-essentielle\\\/viscosimetre-cosmetique-huile-essentielle\\\/viscosimetres-a-lames-vibrante-ad-serie-sv10-sv100\\\/\",\"url\":\"https:\\\/\\\/webdesi-gn.fr\\\/dev_deltalabo\\\/produits\\\/cosmetique-huile-essentielle\\\/viscosimetre-cosmetique-huile-essentielle\\\/viscosimetres-a-lames-vibrante-ad-serie-sv10-sv100\\\/\",\"name\":\"Viscosim\u00e8tres \u00e0 lames vibrantes A&D - SV-10 - SV-100 | DeltaLabo\",\"isPartOf\":{\"@id\":\"https:\\\/\\\/webdesi-gn.fr\\\/dev_deltalabo\\\/#website\"},\"primaryImageOfPage\":{\"@id\":\"https:\\\/\\\/webdesi-gn.fr\\\/dev_deltalabo\\\/produits\\\/cosmetique-huile-essentielle\\\/viscosimetre-cosmetique-huile-essentielle\\\/viscosimetres-a-lames-vibrante-ad-serie-sv10-sv100\\\/#primaryimage\"},\"image\":{\"@id\":\"https:\\\/\\\/webdesi-gn.fr\\\/dev_deltalabo\\\/produits\\\/cosmetique-huile-essentielle\\\/viscosimetre-cosmetique-huile-essentielle\\\/viscosimetres-a-lames-vibrante-ad-serie-sv10-sv100\\\/#primaryimage\"},\"thumbnailUrl\":\"https:\\\/\\\/webdesi-gn.fr\\\/dev_deltalabo\\\/wp-content\\\/uploads\\\/2024\\\/01\\\/viscosimetre-a-lames-vibrantes-serie-SV.webp\",\"datePublished\":\"2024-01-17T14:32:46+00:00\",\"dateModified\":\"2026-04-02T14:07:28+00:00\",\"description\":\"Le viscosim\u00e8tre \u00e0 vibration A&D mesure la viscosit\u00e9 en d\u00e9tectant le courant \u00e9lectrique n\u00e9cessaire pour faire r\u00e9sonner les deux plaques de capteur \u00e0 une fr\u00e9quence de 30 Hz et une amplitude inf\u00e9rieure \u00e0 1 mm.\",\"breadcrumb\":{\"@id\":\"https:\\\/\\\/webdesi-gn.fr\\\/dev_deltalabo\\\/produits\\\/cosmetique-huile-essentielle\\\/viscosimetre-cosmetique-huile-essentielle\\\/viscosimetres-a-lames-vibrante-ad-serie-sv10-sv100\\\/#breadcrumb\"},\"inLanguage\":\"fr-FR\",\"potentialAction\":[{\"@type\":\"ReadAction\",\"target\":[\"https:\\\/\\\/webdesi-gn.fr\\\/dev_deltalabo\\\/produits\\\/cosmetique-huile-essentielle\\\/viscosimetre-cosmetique-huile-essentielle\\\/viscosimetres-a-lames-vibrante-ad-serie-sv10-sv100\\\/\"]}]},{\"@type\":\"ImageObject\",\"inLanguage\":\"fr-FR\",\"@id\":\"https:\\\/\\\/webdesi-gn.fr\\\/dev_deltalabo\\\/produits\\\/cosmetique-huile-essentielle\\\/viscosimetre-cosmetique-huile-essentielle\\\/viscosimetres-a-lames-vibrante-ad-serie-sv10-sv100\\\/#primaryimage\",\"url\":\"https:\\\/\\\/webdesi-gn.fr\\\/dev_deltalabo\\\/wp-content\\\/uploads\\\/2024\\\/01\\\/viscosimetre-a-lames-vibrantes-serie-SV.webp\",\"contentUrl\":\"https:\\\/\\\/webdesi-gn.fr\\\/dev_deltalabo\\\/wp-content\\\/uploads\\\/2024\\\/01\\\/viscosimetre-a-lames-vibrantes-serie-SV.webp\",\"width\":800,\"height\":800},{\"@type\":\"BreadcrumbList\",\"@id\":\"https:\\\/\\\/webdesi-gn.fr\\\/dev_deltalabo\\\/produits\\\/cosmetique-huile-essentielle\\\/viscosimetre-cosmetique-huile-essentielle\\\/viscosimetres-a-lames-vibrante-ad-serie-sv10-sv100\\\/#breadcrumb\",\"itemListElement\":[{\"@type\":\"ListItem\",\"position\":1,\"name\":\"Accueil\",\"item\":\"https:\\\/\\\/webdesi-gn.fr\\\/dev_deltalabo\\\/\"},{\"@type\":\"ListItem\",\"position\":2,\"name\":\"Produits\",\"item\":\"https:\\\/\\\/webdesi-gn.fr\\\/dev_deltalabo\\\/produits\\\/\"},{\"@type\":\"ListItem\",\"position\":3,\"name\":\"Viscosim\u00e8tres \u00e0 lames vibrantes A&#038;D &#8211; SV-10 &#8211; SV-100\"}]},{\"@type\":\"WebSite\",\"@id\":\"https:\\\/\\\/webdesi-gn.fr\\\/dev_deltalabo\\\/#website\",\"url\":\"https:\\\/\\\/webdesi-gn.fr\\\/dev_deltalabo\\\/\",\"name\":\"Delta Labo\",\"description\":\"Un site utilisant WordPress\",\"publisher\":{\"@id\":\"https:\\\/\\\/webdesi-gn.fr\\\/dev_deltalabo\\\/#organization\"},\"alternateName\":\"Delta Labo\",\"potentialAction\":[{\"@type\":\"SearchAction\",\"target\":{\"@type\":\"EntryPoint\",\"urlTemplate\":\"https:\\\/\\\/webdesi-gn.fr\\\/dev_deltalabo\\\/?s={search_term_string}\"},\"query-input\":{\"@type\":\"PropertyValueSpecification\",\"valueRequired\":true,\"valueName\":\"search_term_string\"}}],\"inLanguage\":\"fr-FR\"},{\"@type\":\"Organization\",\"@id\":\"https:\\\/\\\/webdesi-gn.fr\\\/dev_deltalabo\\\/#organization\",\"name\":\"DeltaLabo\",\"url\":\"https:\\\/\\\/webdesi-gn.fr\\\/dev_deltalabo\\\/\",\"logo\":{\"@type\":\"ImageObject\",\"inLanguage\":\"fr-FR\",\"@id\":\"https:\\\/\\\/webdesi-gn.fr\\\/dev_deltalabo\\\/#\\\/schema\\\/logo\\\/image\\\/\",\"url\":\"https:\\\/\\\/webdesi-gn.fr\\\/dev_deltalabo\\\/wp-content\\\/uploads\\\/2022\\\/07\\\/logo-deltalabo.png\",\"contentUrl\":\"https:\\\/\\\/webdesi-gn.fr\\\/dev_deltalabo\\\/wp-content\\\/uploads\\\/2022\\\/07\\\/logo-deltalabo.png\",\"width\":694,\"height\":306,\"caption\":\"DeltaLabo\"},\"image\":{\"@id\":\"https:\\\/\\\/webdesi-gn.fr\\\/dev_deltalabo\\\/#\\\/schema\\\/logo\\\/image\\\/\"}}]}<\/script>\n<!-- \/ Yoast SEO plugin. -->","yoast_head_json":{"title":"Viscosim\u00e8tres \u00e0 lames vibrantes A&D - SV-10 - SV-100 | DeltaLabo","description":"Le viscosim\u00e8tre \u00e0 vibration A&D mesure la viscosit\u00e9 en d\u00e9tectant le courant \u00e9lectrique n\u00e9cessaire pour faire r\u00e9sonner les deux plaques de capteur \u00e0 une fr\u00e9quence de 30 Hz et une amplitude inf\u00e9rieure \u00e0 1 mm.","robots":{"index":"noindex","follow":"follow","max-snippet":"max-snippet:-1","max-image-preview":"max-image-preview:large","max-video-preview":"max-video-preview:-1"},"og_locale":"fr_FR","og_type":"article","og_title":"Viscosim\u00e8tres \u00e0 lames vibrantes A&D - SV-10 - SV-100 | DeltaLabo","og_description":"Le viscosim\u00e8tre \u00e0 vibration A&D mesure la viscosit\u00e9 en d\u00e9tectant le courant \u00e9lectrique n\u00e9cessaire pour faire r\u00e9sonner les deux plaques de capteur \u00e0 une fr\u00e9quence de 30 Hz et une amplitude inf\u00e9rieure \u00e0 1 mm.","og_url":"https:\/\/webdesi-gn.fr\/dev_deltalabo\/produits\/cosmetique-huile-essentielle\/viscosimetre-cosmetique-huile-essentielle\/viscosimetres-a-lames-vibrante-ad-serie-sv10-sv100\/","og_site_name":"DeltaLabo","article_modified_time":"2026-04-02T14:07:28+00:00","og_image":[{"width":800,"height":800,"url":"https:\/\/webdesi-gn.fr\/dev_deltalabo\/wp-content\/uploads\/2024\/01\/viscosimetre-a-lames-vibrantes-serie-SV.webp","type":"image\/webp"}],"twitter_card":"summary_large_image","twitter_misc":{"Dur\u00e9e de lecture estim\u00e9e":"1 minute"},"schema":{"@context":"https:\/\/schema.org","@graph":[{"@type":"WebPage","@id":"https:\/\/webdesi-gn.fr\/dev_deltalabo\/produits\/cosmetique-huile-essentielle\/viscosimetre-cosmetique-huile-essentielle\/viscosimetres-a-lames-vibrante-ad-serie-sv10-sv100\/","url":"https:\/\/webdesi-gn.fr\/dev_deltalabo\/produits\/cosmetique-huile-essentielle\/viscosimetre-cosmetique-huile-essentielle\/viscosimetres-a-lames-vibrante-ad-serie-sv10-sv100\/","name":"Viscosim\u00e8tres \u00e0 lames vibrantes A&D - SV-10 - SV-100 | DeltaLabo","isPartOf":{"@id":"https:\/\/webdesi-gn.fr\/dev_deltalabo\/#website"},"primaryImageOfPage":{"@id":"https:\/\/webdesi-gn.fr\/dev_deltalabo\/produits\/cosmetique-huile-essentielle\/viscosimetre-cosmetique-huile-essentielle\/viscosimetres-a-lames-vibrante-ad-serie-sv10-sv100\/#primaryimage"},"image":{"@id":"https:\/\/webdesi-gn.fr\/dev_deltalabo\/produits\/cosmetique-huile-essentielle\/viscosimetre-cosmetique-huile-essentielle\/viscosimetres-a-lames-vibrante-ad-serie-sv10-sv100\/#primaryimage"},"thumbnailUrl":"https:\/\/webdesi-gn.fr\/dev_deltalabo\/wp-content\/uploads\/2024\/01\/viscosimetre-a-lames-vibrantes-serie-SV.webp","datePublished":"2024-01-17T14:32:46+00:00","dateModified":"2026-04-02T14:07:28+00:00","description":"Le viscosim\u00e8tre \u00e0 vibration A&D mesure la viscosit\u00e9 en d\u00e9tectant le courant \u00e9lectrique n\u00e9cessaire pour faire r\u00e9sonner les deux plaques de capteur \u00e0 une fr\u00e9quence de 30 Hz et une amplitude inf\u00e9rieure \u00e0 1 mm.","breadcrumb":{"@id":"https:\/\/webdesi-gn.fr\/dev_deltalabo\/produits\/cosmetique-huile-essentielle\/viscosimetre-cosmetique-huile-essentielle\/viscosimetres-a-lames-vibrante-ad-serie-sv10-sv100\/#breadcrumb"},"inLanguage":"fr-FR","potentialAction":[{"@type":"ReadAction","target":["https:\/\/webdesi-gn.fr\/dev_deltalabo\/produits\/cosmetique-huile-essentielle\/viscosimetre-cosmetique-huile-essentielle\/viscosimetres-a-lames-vibrante-ad-serie-sv10-sv100\/"]}]},{"@type":"ImageObject","inLanguage":"fr-FR","@id":"https:\/\/webdesi-gn.fr\/dev_deltalabo\/produits\/cosmetique-huile-essentielle\/viscosimetre-cosmetique-huile-essentielle\/viscosimetres-a-lames-vibrante-ad-serie-sv10-sv100\/#primaryimage","url":"https:\/\/webdesi-gn.fr\/dev_deltalabo\/wp-content\/uploads\/2024\/01\/viscosimetre-a-lames-vibrantes-serie-SV.webp","contentUrl":"https:\/\/webdesi-gn.fr\/dev_deltalabo\/wp-content\/uploads\/2024\/01\/viscosimetre-a-lames-vibrantes-serie-SV.webp","width":800,"height":800},{"@type":"BreadcrumbList","@id":"https:\/\/webdesi-gn.fr\/dev_deltalabo\/produits\/cosmetique-huile-essentielle\/viscosimetre-cosmetique-huile-essentielle\/viscosimetres-a-lames-vibrante-ad-serie-sv10-sv100\/#breadcrumb","itemListElement":[{"@type":"ListItem","position":1,"name":"Accueil","item":"https:\/\/webdesi-gn.fr\/dev_deltalabo\/"},{"@type":"ListItem","position":2,"name":"Produits","item":"https:\/\/webdesi-gn.fr\/dev_deltalabo\/produits\/"},{"@type":"ListItem","position":3,"name":"Viscosim\u00e8tres \u00e0 lames vibrantes A&#038;D &#8211; SV-10 &#8211; SV-100"}]},{"@type":"WebSite","@id":"https:\/\/webdesi-gn.fr\/dev_deltalabo\/#website","url":"https:\/\/webdesi-gn.fr\/dev_deltalabo\/","name":"Delta Labo","description":"Un site utilisant WordPress","publisher":{"@id":"https:\/\/webdesi-gn.fr\/dev_deltalabo\/#organization"},"alternateName":"Delta Labo","potentialAction":[{"@type":"SearchAction","target":{"@type":"EntryPoint","urlTemplate":"https:\/\/webdesi-gn.fr\/dev_deltalabo\/?s={search_term_string}"},"query-input":{"@type":"PropertyValueSpecification","valueRequired":true,"valueName":"search_term_string"}}],"inLanguage":"fr-FR"},{"@type":"Organization","@id":"https:\/\/webdesi-gn.fr\/dev_deltalabo\/#organization","name":"DeltaLabo","url":"https:\/\/webdesi-gn.fr\/dev_deltalabo\/","logo":{"@type":"ImageObject","inLanguage":"fr-FR","@id":"https:\/\/webdesi-gn.fr\/dev_deltalabo\/#\/schema\/logo\/image\/","url":"https:\/\/webdesi-gn.fr\/dev_deltalabo\/wp-content\/uploads\/2022\/07\/logo-deltalabo.png","contentUrl":"https:\/\/webdesi-gn.fr\/dev_deltalabo\/wp-content\/uploads\/2022\/07\/logo-deltalabo.png","width":694,"height":306,"caption":"DeltaLabo"},"image":{"@id":"https:\/\/webdesi-gn.fr\/dev_deltalabo\/#\/schema\/logo\/image\/"}}]}},"_links":{"self":[{"href":"https:\/\/webdesi-gn.fr\/dev_deltalabo\/wp-json\/wp\/v2\/product\/255772","targetHints":{"allow":["GET"]}}],"collection":[{"href":"https:\/\/webdesi-gn.fr\/dev_deltalabo\/wp-json\/wp\/v2\/product"}],"about":[{"href":"https:\/\/webdesi-gn.fr\/dev_deltalabo\/wp-json\/wp\/v2\/types\/product"}],"wp:featuredmedia":[{"embeddable":true,"href":"https:\/\/webdesi-gn.fr\/dev_deltalabo\/wp-json\/wp\/v2\/media\/263046"}],"wp:attachment":[{"href":"https:\/\/webdesi-gn.fr\/dev_deltalabo\/wp-json\/wp\/v2\/media?parent=255772"}],"wp:term":[{"taxonomy":"domaine","embeddable":true,"href":"https:\/\/webdesi-gn.fr\/dev_deltalabo\/wp-json\/wp\/v2\/domaine?post=255772"},{"taxonomy":"normes","embeddable":true,"href":"https:\/\/webdesi-gn.fr\/dev_deltalabo\/wp-json\/wp\/v2\/normes?post=255772"},{"taxonomy":"product_brand","embeddable":true,"href":"https:\/\/webdesi-gn.fr\/dev_deltalabo\/wp-json\/wp\/v2\/product_brand?post=255772"},{"taxonomy":"product_cat","embeddable":true,"href":"https:\/\/webdesi-gn.fr\/dev_deltalabo\/wp-json\/wp\/v2\/product_cat?post=255772"},{"taxonomy":"product_tag","embeddable":true,"href":"https:\/\/webdesi-gn.fr\/dev_deltalabo\/wp-json\/wp\/v2\/product_tag?post=255772"}],"curies":[{"name":"wp","href":"https:\/\/api.w.org\/{rel}","templated":true}]}}