{"id":255775,"date":"2024-01-17T15:35:46","date_gmt":"2024-01-17T14:35:46","guid":{"rendered":"https:\/\/webdesi-gn.fr\/dev_deltalabo\/?post_type=product&#038;p=255775"},"modified":"2026-04-02T15:56:40","modified_gmt":"2026-04-02T13:56:40","slug":"micro-viscosimetre-a-lames-vibrantes-ad-modele-sv1a","status":"publish","type":"product","link":"https:\/\/webdesi-gn.fr\/dev_deltalabo\/produits\/cosmetique-huile-essentielle\/viscosimetre-cosmetique-huile-essentielle\/micro-viscosimetre-a-lames-vibrantes-ad-modele-sv1a\/","title":{"rendered":"Viscosim\u00e8tre \u00e0 lames vibrantes A&#038;D &#8211; SV-1A"},"content":{"rendered":"","protected":false},"excerpt":{"rendered":"<p><strong>Viscosim\u00e8tre \u00e0 lames vibrantes A&amp;D &#8211; SV-1A :<\/strong><\/p>\n<p>Le viscosim\u00e8tre \u00e0 lames vibrantes A&amp;D &#8211; SV-1A dispose d&rsquo;un tout nouveau capteur miniaturis\u00e9 : les 2 lames sont superpos\u00e9es.<\/p>\n<p>Avantage : il est possible de travailler sur des micro \u00e9chantillons de 2mL sur une plage de 0,3 \u00e0 1 000mPa.s.<\/p>\n<p>Le micro viscosim\u00e8tre SV-1A est capable de mesurer des viscosit\u00e9s inf\u00e9rieures \u00e0 celles de l&rsquo;eau. Des cuves \u00e0 double enveloppe permettent d&rsquo;effectuer des mesures r\u00e9gul\u00e9es en temp\u00e9rature.<\/p>\n","protected":false},"featured_media":263053,"template":"","meta":{"_acf_changed":false,"site-sidebar-layout":"default","site-content-layout":"","ast-site-content-layout":"default","site-content-style":"default","site-sidebar-style":"default","ast-global-header-display":"","ast-banner-title-visibility":"","ast-main-header-display":"","ast-hfb-above-header-display":"","ast-hfb-below-header-display":"","ast-hfb-mobile-header-display":"","site-post-title":"","ast-breadcrumbs-content":"","ast-featured-img":"","footer-sml-layout":"","ast-disable-related-posts":"","theme-transparent-header-meta":"default","adv-header-id-meta":"","stick-header-meta":"","header-above-stick-meta":"","header-main-stick-meta":"","header-below-stick-meta":"","astra-migrate-meta-layouts":"set","ast-page-background-enabled":"default","ast-page-background-meta":{"desktop":{"background-color":"var(--ast-global-color-5)","background-image":"","background-repeat":"repeat","background-position":"center center","background-size":"auto","background-attachment":"scroll","background-type":"","background-media":"","overlay-type":"","overlay-color":"","overlay-opacity":"","overlay-gradient":""},"tablet":{"background-color":"","background-image":"","background-repeat":"repeat","background-position":"center center","background-size":"auto","background-attachment":"scroll","background-type":"","background-media":"","overlay-type":"","overlay-color":"","overlay-opacity":"","overlay-gradient":""},"mobile":{"background-color":"","background-image":"","background-repeat":"repeat","background-position":"center center","background-size":"auto","background-attachment":"scroll","background-type":"","background-media":"","overlay-type":"","overlay-color":"","overlay-opacity":"","overlay-gradient":""}},"ast-content-background-meta":{"desktop":{"background-color":"var(--ast-global-color-4)","background-image":"","background-repeat":"repeat","background-position":"center center","background-size":"auto","background-attachment":"scroll","background-type":"","background-media":"","overlay-type":"","overlay-color":"","overlay-opacity":"","overlay-gradient":""},"tablet":{"background-color":"var(--ast-global-color-4)","background-image":"","background-repeat":"repeat","background-position":"center center","background-size":"auto","background-attachment":"scroll","background-type":"","background-media":"","overlay-type":"","overlay-color":"","overlay-opacity":"","overlay-gradient":""},"mobile":{"background-color":"var(--ast-global-color-4)","background-image":"","background-repeat":"repeat","background-position":"center center","background-size":"auto","background-attachment":"scroll","background-type":"","background-media":"","overlay-type":"","overlay-color":"","overlay-opacity":"","overlay-gradient":""}}},"domaine":[],"normes":[],"product_brand":[],"product_cat":[17191,17197,17198,17222,17930],"product_tag":[],"class_list":{"0":"post-255775","1":"product","2":"type-product","3":"status-publish","4":"has-post-thumbnail","6":"product_cat-bitumes","7":"product_cat-graisses","8":"product_cat-lubrifiants-huiles","9":"product_cat-viscosimetre","10":"product_cat-viscosimetre-cosmetique-huile-essentielle","11":"desktop-align-left","12":"tablet-align-left","13":"mobile-align-left","15":"first","16":"instock","17":"shipping-taxable","18":"product-type-simple"},"acf":[],"yoast_head":"<!-- This site is optimized with the Yoast SEO plugin v27.4 - https:\/\/yoast.com\/product\/yoast-seo-wordpress\/ -->\n<title>Viscosim\u00e8tre \u00e0 lames vibrantes A&amp;D - SV-1A | DeltaLabo<\/title>\n<meta name=\"robots\" content=\"noindex, follow, max-snippet:-1, max-image-preview:large, max-video-preview:-1\" \/>\n<meta property=\"og:locale\" content=\"fr_FR\" \/>\n<meta property=\"og:type\" content=\"article\" \/>\n<meta property=\"og:title\" content=\"Viscosim\u00e8tre \u00e0 lames vibrantes A&amp;D - SV-1A | DeltaLabo\" \/>\n<meta property=\"og:description\" content=\"Viscosim\u00e8tre \u00e0 lames vibrantes A&amp;D - SV-1A :  Le viscosim\u00e8tre \u00e0 lames vibrantes A&amp;D - SV-1A dispose d&#039;un tout nouveau capteur miniaturis\u00e9 : les 2 lames sont superpos\u00e9es.  Avantage : il est possible de travailler sur des micro \u00e9chantillons de 2mL sur une plage de 0,3 \u00e0 1 000mPa.s.  Le micro viscosim\u00e8tre SV-1A est capable de mesurer des viscosit\u00e9s inf\u00e9rieures \u00e0 celles de l&#039;eau. Des cuves \u00e0 double enveloppe permettent d&#039;effectuer des mesures r\u00e9gul\u00e9es en temp\u00e9rature.\" \/>\n<meta property=\"og:url\" content=\"https:\/\/webdesi-gn.fr\/dev_deltalabo\/produits\/cosmetique-huile-essentielle\/viscosimetre-cosmetique-huile-essentielle\/micro-viscosimetre-a-lames-vibrantes-ad-modele-sv1a\/\" \/>\n<meta property=\"og:site_name\" content=\"DeltaLabo\" \/>\n<meta property=\"article:modified_time\" content=\"2026-04-02T13:56:40+00:00\" \/>\n<meta property=\"og:image\" content=\"https:\/\/webdesi-gn.fr\/dev_deltalabo\/wp-content\/uploads\/2024\/01\/viscosimetre-a-lames-vibrantes-serie-sv-a.webp\" \/>\n\t<meta property=\"og:image:width\" content=\"800\" \/>\n\t<meta property=\"og:image:height\" content=\"800\" \/>\n\t<meta property=\"og:image:type\" content=\"image\/webp\" \/>\n<meta name=\"twitter:card\" content=\"summary_large_image\" \/>\n<meta name=\"twitter:label1\" content=\"Dur\u00e9e de lecture estim\u00e9e\" \/>\n\t<meta name=\"twitter:data1\" content=\"1 minute\" \/>\n<script type=\"application\/ld+json\" class=\"yoast-schema-graph\">{\"@context\":\"https:\\\/\\\/schema.org\",\"@graph\":[{\"@type\":\"WebPage\",\"@id\":\"https:\\\/\\\/webdesi-gn.fr\\\/dev_deltalabo\\\/produits\\\/cosmetique-huile-essentielle\\\/viscosimetre-cosmetique-huile-essentielle\\\/micro-viscosimetre-a-lames-vibrantes-ad-modele-sv1a\\\/\",\"url\":\"https:\\\/\\\/webdesi-gn.fr\\\/dev_deltalabo\\\/produits\\\/cosmetique-huile-essentielle\\\/viscosimetre-cosmetique-huile-essentielle\\\/micro-viscosimetre-a-lames-vibrantes-ad-modele-sv1a\\\/\",\"name\":\"Viscosim\u00e8tre \u00e0 lames vibrantes A&D - SV-1A | DeltaLabo\",\"isPartOf\":{\"@id\":\"https:\\\/\\\/webdesi-gn.fr\\\/dev_deltalabo\\\/#website\"},\"primaryImageOfPage\":{\"@id\":\"https:\\\/\\\/webdesi-gn.fr\\\/dev_deltalabo\\\/produits\\\/cosmetique-huile-essentielle\\\/viscosimetre-cosmetique-huile-essentielle\\\/micro-viscosimetre-a-lames-vibrantes-ad-modele-sv1a\\\/#primaryimage\"},\"image\":{\"@id\":\"https:\\\/\\\/webdesi-gn.fr\\\/dev_deltalabo\\\/produits\\\/cosmetique-huile-essentielle\\\/viscosimetre-cosmetique-huile-essentielle\\\/micro-viscosimetre-a-lames-vibrantes-ad-modele-sv1a\\\/#primaryimage\"},\"thumbnailUrl\":\"https:\\\/\\\/webdesi-gn.fr\\\/dev_deltalabo\\\/wp-content\\\/uploads\\\/2024\\\/01\\\/viscosimetre-a-lames-vibrantes-serie-sv-a.webp\",\"datePublished\":\"2024-01-17T14:35:46+00:00\",\"dateModified\":\"2026-04-02T13:56:40+00:00\",\"breadcrumb\":{\"@id\":\"https:\\\/\\\/webdesi-gn.fr\\\/dev_deltalabo\\\/produits\\\/cosmetique-huile-essentielle\\\/viscosimetre-cosmetique-huile-essentielle\\\/micro-viscosimetre-a-lames-vibrantes-ad-modele-sv1a\\\/#breadcrumb\"},\"inLanguage\":\"fr-FR\",\"potentialAction\":[{\"@type\":\"ReadAction\",\"target\":[\"https:\\\/\\\/webdesi-gn.fr\\\/dev_deltalabo\\\/produits\\\/cosmetique-huile-essentielle\\\/viscosimetre-cosmetique-huile-essentielle\\\/micro-viscosimetre-a-lames-vibrantes-ad-modele-sv1a\\\/\"]}]},{\"@type\":\"ImageObject\",\"inLanguage\":\"fr-FR\",\"@id\":\"https:\\\/\\\/webdesi-gn.fr\\\/dev_deltalabo\\\/produits\\\/cosmetique-huile-essentielle\\\/viscosimetre-cosmetique-huile-essentielle\\\/micro-viscosimetre-a-lames-vibrantes-ad-modele-sv1a\\\/#primaryimage\",\"url\":\"https:\\\/\\\/webdesi-gn.fr\\\/dev_deltalabo\\\/wp-content\\\/uploads\\\/2024\\\/01\\\/viscosimetre-a-lames-vibrantes-serie-sv-a.webp\",\"contentUrl\":\"https:\\\/\\\/webdesi-gn.fr\\\/dev_deltalabo\\\/wp-content\\\/uploads\\\/2024\\\/01\\\/viscosimetre-a-lames-vibrantes-serie-sv-a.webp\",\"width\":800,\"height\":800},{\"@type\":\"BreadcrumbList\",\"@id\":\"https:\\\/\\\/webdesi-gn.fr\\\/dev_deltalabo\\\/produits\\\/cosmetique-huile-essentielle\\\/viscosimetre-cosmetique-huile-essentielle\\\/micro-viscosimetre-a-lames-vibrantes-ad-modele-sv1a\\\/#breadcrumb\",\"itemListElement\":[{\"@type\":\"ListItem\",\"position\":1,\"name\":\"Accueil\",\"item\":\"https:\\\/\\\/webdesi-gn.fr\\\/dev_deltalabo\\\/\"},{\"@type\":\"ListItem\",\"position\":2,\"name\":\"Produits\",\"item\":\"https:\\\/\\\/webdesi-gn.fr\\\/dev_deltalabo\\\/produits\\\/\"},{\"@type\":\"ListItem\",\"position\":3,\"name\":\"Viscosim\u00e8tre \u00e0 lames vibrantes A&#038;D &#8211; SV-1A\"}]},{\"@type\":\"WebSite\",\"@id\":\"https:\\\/\\\/webdesi-gn.fr\\\/dev_deltalabo\\\/#website\",\"url\":\"https:\\\/\\\/webdesi-gn.fr\\\/dev_deltalabo\\\/\",\"name\":\"Delta Labo\",\"description\":\"Un site utilisant WordPress\",\"publisher\":{\"@id\":\"https:\\\/\\\/webdesi-gn.fr\\\/dev_deltalabo\\\/#organization\"},\"alternateName\":\"Delta Labo\",\"potentialAction\":[{\"@type\":\"SearchAction\",\"target\":{\"@type\":\"EntryPoint\",\"urlTemplate\":\"https:\\\/\\\/webdesi-gn.fr\\\/dev_deltalabo\\\/?s={search_term_string}\"},\"query-input\":{\"@type\":\"PropertyValueSpecification\",\"valueRequired\":true,\"valueName\":\"search_term_string\"}}],\"inLanguage\":\"fr-FR\"},{\"@type\":\"Organization\",\"@id\":\"https:\\\/\\\/webdesi-gn.fr\\\/dev_deltalabo\\\/#organization\",\"name\":\"DeltaLabo\",\"url\":\"https:\\\/\\\/webdesi-gn.fr\\\/dev_deltalabo\\\/\",\"logo\":{\"@type\":\"ImageObject\",\"inLanguage\":\"fr-FR\",\"@id\":\"https:\\\/\\\/webdesi-gn.fr\\\/dev_deltalabo\\\/#\\\/schema\\\/logo\\\/image\\\/\",\"url\":\"https:\\\/\\\/webdesi-gn.fr\\\/dev_deltalabo\\\/wp-content\\\/uploads\\\/2022\\\/07\\\/logo-deltalabo.png\",\"contentUrl\":\"https:\\\/\\\/webdesi-gn.fr\\\/dev_deltalabo\\\/wp-content\\\/uploads\\\/2022\\\/07\\\/logo-deltalabo.png\",\"width\":694,\"height\":306,\"caption\":\"DeltaLabo\"},\"image\":{\"@id\":\"https:\\\/\\\/webdesi-gn.fr\\\/dev_deltalabo\\\/#\\\/schema\\\/logo\\\/image\\\/\"}}]}<\/script>\n<!-- \/ Yoast SEO plugin. -->","yoast_head_json":{"title":"Viscosim\u00e8tre \u00e0 lames vibrantes A&D - SV-1A | DeltaLabo","robots":{"index":"noindex","follow":"follow","max-snippet":"max-snippet:-1","max-image-preview":"max-image-preview:large","max-video-preview":"max-video-preview:-1"},"og_locale":"fr_FR","og_type":"article","og_title":"Viscosim\u00e8tre \u00e0 lames vibrantes A&D - SV-1A | DeltaLabo","og_description":"Viscosim\u00e8tre \u00e0 lames vibrantes A&amp;D - SV-1A :  Le viscosim\u00e8tre \u00e0 lames vibrantes A&amp;D - SV-1A dispose d'un tout nouveau capteur miniaturis\u00e9 : les 2 lames sont superpos\u00e9es.  Avantage : il est possible de travailler sur des micro \u00e9chantillons de 2mL sur une plage de 0,3 \u00e0 1 000mPa.s.  Le micro viscosim\u00e8tre SV-1A est capable de mesurer des viscosit\u00e9s inf\u00e9rieures \u00e0 celles de l'eau. Des cuves \u00e0 double enveloppe permettent d'effectuer des mesures r\u00e9gul\u00e9es en temp\u00e9rature.","og_url":"https:\/\/webdesi-gn.fr\/dev_deltalabo\/produits\/cosmetique-huile-essentielle\/viscosimetre-cosmetique-huile-essentielle\/micro-viscosimetre-a-lames-vibrantes-ad-modele-sv1a\/","og_site_name":"DeltaLabo","article_modified_time":"2026-04-02T13:56:40+00:00","og_image":[{"width":800,"height":800,"url":"https:\/\/webdesi-gn.fr\/dev_deltalabo\/wp-content\/uploads\/2024\/01\/viscosimetre-a-lames-vibrantes-serie-sv-a.webp","type":"image\/webp"}],"twitter_card":"summary_large_image","twitter_misc":{"Dur\u00e9e de lecture estim\u00e9e":"1 minute"},"schema":{"@context":"https:\/\/schema.org","@graph":[{"@type":"WebPage","@id":"https:\/\/webdesi-gn.fr\/dev_deltalabo\/produits\/cosmetique-huile-essentielle\/viscosimetre-cosmetique-huile-essentielle\/micro-viscosimetre-a-lames-vibrantes-ad-modele-sv1a\/","url":"https:\/\/webdesi-gn.fr\/dev_deltalabo\/produits\/cosmetique-huile-essentielle\/viscosimetre-cosmetique-huile-essentielle\/micro-viscosimetre-a-lames-vibrantes-ad-modele-sv1a\/","name":"Viscosim\u00e8tre \u00e0 lames vibrantes A&D - SV-1A | DeltaLabo","isPartOf":{"@id":"https:\/\/webdesi-gn.fr\/dev_deltalabo\/#website"},"primaryImageOfPage":{"@id":"https:\/\/webdesi-gn.fr\/dev_deltalabo\/produits\/cosmetique-huile-essentielle\/viscosimetre-cosmetique-huile-essentielle\/micro-viscosimetre-a-lames-vibrantes-ad-modele-sv1a\/#primaryimage"},"image":{"@id":"https:\/\/webdesi-gn.fr\/dev_deltalabo\/produits\/cosmetique-huile-essentielle\/viscosimetre-cosmetique-huile-essentielle\/micro-viscosimetre-a-lames-vibrantes-ad-modele-sv1a\/#primaryimage"},"thumbnailUrl":"https:\/\/webdesi-gn.fr\/dev_deltalabo\/wp-content\/uploads\/2024\/01\/viscosimetre-a-lames-vibrantes-serie-sv-a.webp","datePublished":"2024-01-17T14:35:46+00:00","dateModified":"2026-04-02T13:56:40+00:00","breadcrumb":{"@id":"https:\/\/webdesi-gn.fr\/dev_deltalabo\/produits\/cosmetique-huile-essentielle\/viscosimetre-cosmetique-huile-essentielle\/micro-viscosimetre-a-lames-vibrantes-ad-modele-sv1a\/#breadcrumb"},"inLanguage":"fr-FR","potentialAction":[{"@type":"ReadAction","target":["https:\/\/webdesi-gn.fr\/dev_deltalabo\/produits\/cosmetique-huile-essentielle\/viscosimetre-cosmetique-huile-essentielle\/micro-viscosimetre-a-lames-vibrantes-ad-modele-sv1a\/"]}]},{"@type":"ImageObject","inLanguage":"fr-FR","@id":"https:\/\/webdesi-gn.fr\/dev_deltalabo\/produits\/cosmetique-huile-essentielle\/viscosimetre-cosmetique-huile-essentielle\/micro-viscosimetre-a-lames-vibrantes-ad-modele-sv1a\/#primaryimage","url":"https:\/\/webdesi-gn.fr\/dev_deltalabo\/wp-content\/uploads\/2024\/01\/viscosimetre-a-lames-vibrantes-serie-sv-a.webp","contentUrl":"https:\/\/webdesi-gn.fr\/dev_deltalabo\/wp-content\/uploads\/2024\/01\/viscosimetre-a-lames-vibrantes-serie-sv-a.webp","width":800,"height":800},{"@type":"BreadcrumbList","@id":"https:\/\/webdesi-gn.fr\/dev_deltalabo\/produits\/cosmetique-huile-essentielle\/viscosimetre-cosmetique-huile-essentielle\/micro-viscosimetre-a-lames-vibrantes-ad-modele-sv1a\/#breadcrumb","itemListElement":[{"@type":"ListItem","position":1,"name":"Accueil","item":"https:\/\/webdesi-gn.fr\/dev_deltalabo\/"},{"@type":"ListItem","position":2,"name":"Produits","item":"https:\/\/webdesi-gn.fr\/dev_deltalabo\/produits\/"},{"@type":"ListItem","position":3,"name":"Viscosim\u00e8tre \u00e0 lames vibrantes A&#038;D &#8211; SV-1A"}]},{"@type":"WebSite","@id":"https:\/\/webdesi-gn.fr\/dev_deltalabo\/#website","url":"https:\/\/webdesi-gn.fr\/dev_deltalabo\/","name":"Delta Labo","description":"Un site utilisant WordPress","publisher":{"@id":"https:\/\/webdesi-gn.fr\/dev_deltalabo\/#organization"},"alternateName":"Delta Labo","potentialAction":[{"@type":"SearchAction","target":{"@type":"EntryPoint","urlTemplate":"https:\/\/webdesi-gn.fr\/dev_deltalabo\/?s={search_term_string}"},"query-input":{"@type":"PropertyValueSpecification","valueRequired":true,"valueName":"search_term_string"}}],"inLanguage":"fr-FR"},{"@type":"Organization","@id":"https:\/\/webdesi-gn.fr\/dev_deltalabo\/#organization","name":"DeltaLabo","url":"https:\/\/webdesi-gn.fr\/dev_deltalabo\/","logo":{"@type":"ImageObject","inLanguage":"fr-FR","@id":"https:\/\/webdesi-gn.fr\/dev_deltalabo\/#\/schema\/logo\/image\/","url":"https:\/\/webdesi-gn.fr\/dev_deltalabo\/wp-content\/uploads\/2022\/07\/logo-deltalabo.png","contentUrl":"https:\/\/webdesi-gn.fr\/dev_deltalabo\/wp-content\/uploads\/2022\/07\/logo-deltalabo.png","width":694,"height":306,"caption":"DeltaLabo"},"image":{"@id":"https:\/\/webdesi-gn.fr\/dev_deltalabo\/#\/schema\/logo\/image\/"}}]}},"_links":{"self":[{"href":"https:\/\/webdesi-gn.fr\/dev_deltalabo\/wp-json\/wp\/v2\/product\/255775","targetHints":{"allow":["GET"]}}],"collection":[{"href":"https:\/\/webdesi-gn.fr\/dev_deltalabo\/wp-json\/wp\/v2\/product"}],"about":[{"href":"https:\/\/webdesi-gn.fr\/dev_deltalabo\/wp-json\/wp\/v2\/types\/product"}],"wp:featuredmedia":[{"embeddable":true,"href":"https:\/\/webdesi-gn.fr\/dev_deltalabo\/wp-json\/wp\/v2\/media\/263053"}],"wp:attachment":[{"href":"https:\/\/webdesi-gn.fr\/dev_deltalabo\/wp-json\/wp\/v2\/media?parent=255775"}],"wp:term":[{"taxonomy":"domaine","embeddable":true,"href":"https:\/\/webdesi-gn.fr\/dev_deltalabo\/wp-json\/wp\/v2\/domaine?post=255775"},{"taxonomy":"normes","embeddable":true,"href":"https:\/\/webdesi-gn.fr\/dev_deltalabo\/wp-json\/wp\/v2\/normes?post=255775"},{"taxonomy":"product_brand","embeddable":true,"href":"https:\/\/webdesi-gn.fr\/dev_deltalabo\/wp-json\/wp\/v2\/product_brand?post=255775"},{"taxonomy":"product_cat","embeddable":true,"href":"https:\/\/webdesi-gn.fr\/dev_deltalabo\/wp-json\/wp\/v2\/product_cat?post=255775"},{"taxonomy":"product_tag","embeddable":true,"href":"https:\/\/webdesi-gn.fr\/dev_deltalabo\/wp-json\/wp\/v2\/product_tag?post=255775"}],"curies":[{"name":"wp","href":"https:\/\/api.w.org\/{rel}","templated":true}]}}