{"id":255797,"date":"2024-01-17T16:11:27","date_gmt":"2024-01-17T15:11:27","guid":{"rendered":"https:\/\/webdesi-gn.fr\/dev_deltalabo\/?post_type=product&#038;p=255797"},"modified":"2025-12-15T14:47:39","modified_gmt":"2025-12-15T13:47:39","slug":"armoires-asecos-pour-produits-corrosifs","status":"publish","type":"product","link":"https:\/\/webdesi-gn.fr\/dev_deltalabo\/produits\/metallurgie-siderurgie\/armoires-asecos-pour-produits-corrosifs\/","title":{"rendered":"Armoires pour produits corrosifs ASECOS"},"content":{"rendered":"","protected":false},"excerpt":{"rendered":"<p><strong>Armoires pour produits corrosifs ASECOS :<\/strong><\/p>\n<p>Les armoires de s\u00e9curit\u00e9 pour produits corrosifs Acide\/Base ASECOS sont con\u00e7ues avec un rev\u00eatement int\u00e9rieur m\u00e9lamin\u00e9 pour un nettoyage facile et une r\u00e9sistance \u00e9lev\u00e9e \u00e0 la corrosion.<\/p>\n<p>Elles poss\u00e8dent deux compartiments herm\u00e9tiques, ferm\u00e9s et ind\u00e9pendants l\u2019un de l\u2019autre. L&rsquo;angle d\u2019ouverture des portes offre une vision compl\u00e8te de l\u2019int\u00e9rieur de l\u2019armoire.<br \/>\nA l&rsquo;int\u00e9rieur des armoires acides-bases ASECOS, on retrouve des \u00e9tag\u00e8res coulissantes poss\u00e9dant un bac de r\u00e9tention \u00e9tanche et amovible en poly\u00e9thyl\u00e8ne.<\/p>\n<p>Chaque compartiment est ventil\u00e9 ind\u00e9pendamment. Chaque conduit est sans partie m\u00e9tallique garantissant une r\u00e9sistance \u00e9lev\u00e9e \u00e0 la corrosion. Ces conduits se rassemblent pour une connexion \u00e0 un syst\u00e8me centralis\u00e9 de ventilation.<\/p>\n<p>Si vous ne disposez pas d&rsquo;un circuit d&rsquo;extraction d&rsquo;air, nous pouvons vous proposer un dispositif autonome de ventilation avec ou sans filtration int\u00e9gr\u00e9e (voir chapitre <a href=\"https:\/\/webdesi-gn.fr\/dev_deltalabo\/wp-content\/uploads\/2024\/01\/Doc-ventilation-et-filtration.pdf\">Doc-ventilation-et-filtration<\/a>).<\/p>\n","protected":false},"featured_media":262264,"template":"","meta":{"_acf_changed":false,"site-sidebar-layout":"default","site-content-layout":"","ast-site-content-layout":"default","site-content-style":"default","site-sidebar-style":"default","ast-global-header-display":"","ast-banner-title-visibility":"","ast-main-header-display":"","ast-hfb-above-header-display":"","ast-hfb-below-header-display":"","ast-hfb-mobile-header-display":"","site-post-title":"","ast-breadcrumbs-content":"","ast-featured-img":"","footer-sml-layout":"","ast-disable-related-posts":"","theme-transparent-header-meta":"default","adv-header-id-meta":"","stick-header-meta":"","header-above-stick-meta":"","header-main-stick-meta":"","header-below-stick-meta":"","astra-migrate-meta-layouts":"set","ast-page-background-enabled":"default","ast-page-background-meta":{"desktop":{"background-color":"var(--ast-global-color-5)","background-image":"","background-repeat":"repeat","background-position":"center center","background-size":"auto","background-attachment":"scroll","background-type":"","background-media":"","overlay-type":"","overlay-color":"","overlay-opacity":"","overlay-gradient":""},"tablet":{"background-color":"","background-image":"","background-repeat":"repeat","background-position":"center center","background-size":"auto","background-attachment":"scroll","background-type":"","background-media":"","overlay-type":"","overlay-color":"","overlay-opacity":"","overlay-gradient":""},"mobile":{"background-color":"","background-image":"","background-repeat":"repeat","background-position":"center center","background-size":"auto","background-attachment":"scroll","background-type":"","background-media":"","overlay-type":"","overlay-color":"","overlay-opacity":"","overlay-gradient":""}},"ast-content-background-meta":{"desktop":{"background-color":"var(--ast-global-color-4)","background-image":"","background-repeat":"repeat","background-position":"center center","background-size":"auto","background-attachment":"scroll","background-type":"","background-media":"","overlay-type":"","overlay-color":"","overlay-opacity":"","overlay-gradient":""},"tablet":{"background-color":"var(--ast-global-color-4)","background-image":"","background-repeat":"repeat","background-position":"center center","background-size":"auto","background-attachment":"scroll","background-type":"","background-media":"","overlay-type":"","overlay-color":"","overlay-opacity":"","overlay-gradient":""},"mobile":{"background-color":"var(--ast-global-color-4)","background-image":"","background-repeat":"repeat","background-position":"center center","background-size":"auto","background-attachment":"scroll","background-type":"","background-media":"","overlay-type":"","overlay-color":"","overlay-opacity":"","overlay-gradient":""}}},"domaine":[],"normes":[],"product_brand":[],"product_cat":[17240,86],"product_tag":[],"class_list":{"0":"post-255797","1":"product","2":"type-product","3":"status-publish","4":"has-post-thumbnail","6":"product_cat-categories","7":"product_cat-metallurgie-siderurgie","8":"desktop-align-left","9":"tablet-align-left","10":"mobile-align-left","12":"first","13":"instock","14":"shipping-taxable","15":"product-type-simple"},"acf":[],"yoast_head":"<!-- This site is optimized with the Yoast SEO plugin v27.4 - https:\/\/yoast.com\/product\/yoast-seo-wordpress\/ -->\n<title>Armoires pour produits corrosifs ASECOS | DeltaLabo<\/title>\n<meta name=\"robots\" content=\"noindex, follow, max-snippet:-1, max-image-preview:large, max-video-preview:-1\" \/>\n<meta property=\"og:locale\" content=\"fr_FR\" \/>\n<meta property=\"og:type\" content=\"article\" \/>\n<meta property=\"og:title\" content=\"Armoires pour produits corrosifs ASECOS | DeltaLabo\" \/>\n<meta property=\"og:description\" content=\"Armoires pour produits corrosifs ASECOS :  Les armoires de s\u00e9curit\u00e9 pour produits corrosifs Acide\/Base ASECOS sont con\u00e7ues avec un rev\u00eatement int\u00e9rieur m\u00e9lamin\u00e9 pour un nettoyage facile et une r\u00e9sistance \u00e9lev\u00e9e \u00e0 la corrosion.  Elles poss\u00e8dent deux compartiments herm\u00e9tiques, ferm\u00e9s et ind\u00e9pendants l\u2019un de l\u2019autre. L&#039;angle d\u2019ouverture des portes offre une vision compl\u00e8te de l\u2019int\u00e9rieur de l\u2019armoire. A l&#039;int\u00e9rieur des armoires acides-bases ASECOS, on retrouve des \u00e9tag\u00e8res coulissantes poss\u00e9dant un bac de r\u00e9tention \u00e9tanche et amovible en poly\u00e9thyl\u00e8ne.  Chaque compartiment est ventil\u00e9 ind\u00e9pendamment. Chaque conduit est sans partie m\u00e9tallique garantissant une r\u00e9sistance \u00e9lev\u00e9e \u00e0 la corrosion. Ces conduits se rassemblent pour une connexion \u00e0 un syst\u00e8me centralis\u00e9 de ventilation.  Si vous ne disposez pas d&#039;un circuit d&#039;extraction d&#039;air, nous pouvons vous proposer un dispositif autonome de ventilation avec ou sans filtration int\u00e9gr\u00e9e (voir chapitre Doc-ventilation-et-filtration).\" \/>\n<meta property=\"og:url\" content=\"https:\/\/webdesi-gn.fr\/dev_deltalabo\/produits\/metallurgie-siderurgie\/armoires-asecos-pour-produits-corrosifs\/\" \/>\n<meta property=\"og:site_name\" content=\"DeltaLabo\" \/>\n<meta property=\"article:modified_time\" content=\"2025-12-15T13:47:39+00:00\" \/>\n<meta property=\"og:image\" content=\"https:\/\/webdesi-gn.fr\/dev_deltalabo\/wp-content\/uploads\/2025\/11\/DELTA-LABO-Armoire-Asecos-pour-produits-corrosifs.jpg\" \/>\n\t<meta property=\"og:image:width\" content=\"1800\" \/>\n\t<meta property=\"og:image:height\" content=\"1800\" \/>\n\t<meta property=\"og:image:type\" content=\"image\/jpeg\" \/>\n<meta name=\"twitter:card\" content=\"summary_large_image\" \/>\n<meta name=\"twitter:label1\" content=\"Dur\u00e9e de lecture estim\u00e9e\" \/>\n\t<meta name=\"twitter:data1\" content=\"1 minute\" \/>\n<script type=\"application\/ld+json\" class=\"yoast-schema-graph\">{\"@context\":\"https:\\\/\\\/schema.org\",\"@graph\":[{\"@type\":\"WebPage\",\"@id\":\"https:\\\/\\\/webdesi-gn.fr\\\/dev_deltalabo\\\/produits\\\/metallurgie-siderurgie\\\/armoires-asecos-pour-produits-corrosifs\\\/\",\"url\":\"https:\\\/\\\/webdesi-gn.fr\\\/dev_deltalabo\\\/produits\\\/metallurgie-siderurgie\\\/armoires-asecos-pour-produits-corrosifs\\\/\",\"name\":\"Armoires pour produits corrosifs ASECOS | DeltaLabo\",\"isPartOf\":{\"@id\":\"https:\\\/\\\/webdesi-gn.fr\\\/dev_deltalabo\\\/#website\"},\"primaryImageOfPage\":{\"@id\":\"https:\\\/\\\/webdesi-gn.fr\\\/dev_deltalabo\\\/produits\\\/metallurgie-siderurgie\\\/armoires-asecos-pour-produits-corrosifs\\\/#primaryimage\"},\"image\":{\"@id\":\"https:\\\/\\\/webdesi-gn.fr\\\/dev_deltalabo\\\/produits\\\/metallurgie-siderurgie\\\/armoires-asecos-pour-produits-corrosifs\\\/#primaryimage\"},\"thumbnailUrl\":\"https:\\\/\\\/webdesi-gn.fr\\\/dev_deltalabo\\\/wp-content\\\/uploads\\\/2025\\\/11\\\/DELTA-LABO-Armoire-Asecos-pour-produits-corrosifs.jpg\",\"datePublished\":\"2024-01-17T15:11:27+00:00\",\"dateModified\":\"2025-12-15T13:47:39+00:00\",\"breadcrumb\":{\"@id\":\"https:\\\/\\\/webdesi-gn.fr\\\/dev_deltalabo\\\/produits\\\/metallurgie-siderurgie\\\/armoires-asecos-pour-produits-corrosifs\\\/#breadcrumb\"},\"inLanguage\":\"fr-FR\",\"potentialAction\":[{\"@type\":\"ReadAction\",\"target\":[\"https:\\\/\\\/webdesi-gn.fr\\\/dev_deltalabo\\\/produits\\\/metallurgie-siderurgie\\\/armoires-asecos-pour-produits-corrosifs\\\/\"]}]},{\"@type\":\"ImageObject\",\"inLanguage\":\"fr-FR\",\"@id\":\"https:\\\/\\\/webdesi-gn.fr\\\/dev_deltalabo\\\/produits\\\/metallurgie-siderurgie\\\/armoires-asecos-pour-produits-corrosifs\\\/#primaryimage\",\"url\":\"https:\\\/\\\/webdesi-gn.fr\\\/dev_deltalabo\\\/wp-content\\\/uploads\\\/2025\\\/11\\\/DELTA-LABO-Armoire-Asecos-pour-produits-corrosifs.jpg\",\"contentUrl\":\"https:\\\/\\\/webdesi-gn.fr\\\/dev_deltalabo\\\/wp-content\\\/uploads\\\/2025\\\/11\\\/DELTA-LABO-Armoire-Asecos-pour-produits-corrosifs.jpg\",\"width\":1800,\"height\":1800},{\"@type\":\"BreadcrumbList\",\"@id\":\"https:\\\/\\\/webdesi-gn.fr\\\/dev_deltalabo\\\/produits\\\/metallurgie-siderurgie\\\/armoires-asecos-pour-produits-corrosifs\\\/#breadcrumb\",\"itemListElement\":[{\"@type\":\"ListItem\",\"position\":1,\"name\":\"Accueil\",\"item\":\"https:\\\/\\\/webdesi-gn.fr\\\/dev_deltalabo\\\/\"},{\"@type\":\"ListItem\",\"position\":2,\"name\":\"Produits\",\"item\":\"https:\\\/\\\/webdesi-gn.fr\\\/dev_deltalabo\\\/produits\\\/\"},{\"@type\":\"ListItem\",\"position\":3,\"name\":\"Armoires pour produits corrosifs ASECOS\"}]},{\"@type\":\"WebSite\",\"@id\":\"https:\\\/\\\/webdesi-gn.fr\\\/dev_deltalabo\\\/#website\",\"url\":\"https:\\\/\\\/webdesi-gn.fr\\\/dev_deltalabo\\\/\",\"name\":\"Delta Labo\",\"description\":\"Un site utilisant WordPress\",\"publisher\":{\"@id\":\"https:\\\/\\\/webdesi-gn.fr\\\/dev_deltalabo\\\/#organization\"},\"alternateName\":\"Delta Labo\",\"potentialAction\":[{\"@type\":\"SearchAction\",\"target\":{\"@type\":\"EntryPoint\",\"urlTemplate\":\"https:\\\/\\\/webdesi-gn.fr\\\/dev_deltalabo\\\/?s={search_term_string}\"},\"query-input\":{\"@type\":\"PropertyValueSpecification\",\"valueRequired\":true,\"valueName\":\"search_term_string\"}}],\"inLanguage\":\"fr-FR\"},{\"@type\":\"Organization\",\"@id\":\"https:\\\/\\\/webdesi-gn.fr\\\/dev_deltalabo\\\/#organization\",\"name\":\"DeltaLabo\",\"url\":\"https:\\\/\\\/webdesi-gn.fr\\\/dev_deltalabo\\\/\",\"logo\":{\"@type\":\"ImageObject\",\"inLanguage\":\"fr-FR\",\"@id\":\"https:\\\/\\\/webdesi-gn.fr\\\/dev_deltalabo\\\/#\\\/schema\\\/logo\\\/image\\\/\",\"url\":\"https:\\\/\\\/webdesi-gn.fr\\\/dev_deltalabo\\\/wp-content\\\/uploads\\\/2022\\\/07\\\/logo-deltalabo.png\",\"contentUrl\":\"https:\\\/\\\/webdesi-gn.fr\\\/dev_deltalabo\\\/wp-content\\\/uploads\\\/2022\\\/07\\\/logo-deltalabo.png\",\"width\":694,\"height\":306,\"caption\":\"DeltaLabo\"},\"image\":{\"@id\":\"https:\\\/\\\/webdesi-gn.fr\\\/dev_deltalabo\\\/#\\\/schema\\\/logo\\\/image\\\/\"}}]}<\/script>\n<!-- \/ Yoast SEO plugin. -->","yoast_head_json":{"title":"Armoires pour produits corrosifs ASECOS | DeltaLabo","robots":{"index":"noindex","follow":"follow","max-snippet":"max-snippet:-1","max-image-preview":"max-image-preview:large","max-video-preview":"max-video-preview:-1"},"og_locale":"fr_FR","og_type":"article","og_title":"Armoires pour produits corrosifs ASECOS | DeltaLabo","og_description":"Armoires pour produits corrosifs ASECOS :  Les armoires de s\u00e9curit\u00e9 pour produits corrosifs Acide\/Base ASECOS sont con\u00e7ues avec un rev\u00eatement int\u00e9rieur m\u00e9lamin\u00e9 pour un nettoyage facile et une r\u00e9sistance \u00e9lev\u00e9e \u00e0 la corrosion.  Elles poss\u00e8dent deux compartiments herm\u00e9tiques, ferm\u00e9s et ind\u00e9pendants l\u2019un de l\u2019autre. L'angle d\u2019ouverture des portes offre une vision compl\u00e8te de l\u2019int\u00e9rieur de l\u2019armoire. A l'int\u00e9rieur des armoires acides-bases ASECOS, on retrouve des \u00e9tag\u00e8res coulissantes poss\u00e9dant un bac de r\u00e9tention \u00e9tanche et amovible en poly\u00e9thyl\u00e8ne.  Chaque compartiment est ventil\u00e9 ind\u00e9pendamment. Chaque conduit est sans partie m\u00e9tallique garantissant une r\u00e9sistance \u00e9lev\u00e9e \u00e0 la corrosion. Ces conduits se rassemblent pour une connexion \u00e0 un syst\u00e8me centralis\u00e9 de ventilation.  Si vous ne disposez pas d'un circuit d'extraction d'air, nous pouvons vous proposer un dispositif autonome de ventilation avec ou sans filtration int\u00e9gr\u00e9e (voir chapitre Doc-ventilation-et-filtration).","og_url":"https:\/\/webdesi-gn.fr\/dev_deltalabo\/produits\/metallurgie-siderurgie\/armoires-asecos-pour-produits-corrosifs\/","og_site_name":"DeltaLabo","article_modified_time":"2025-12-15T13:47:39+00:00","og_image":[{"width":1800,"height":1800,"url":"https:\/\/webdesi-gn.fr\/dev_deltalabo\/wp-content\/uploads\/2025\/11\/DELTA-LABO-Armoire-Asecos-pour-produits-corrosifs.jpg","type":"image\/jpeg"}],"twitter_card":"summary_large_image","twitter_misc":{"Dur\u00e9e de lecture estim\u00e9e":"1 minute"},"schema":{"@context":"https:\/\/schema.org","@graph":[{"@type":"WebPage","@id":"https:\/\/webdesi-gn.fr\/dev_deltalabo\/produits\/metallurgie-siderurgie\/armoires-asecos-pour-produits-corrosifs\/","url":"https:\/\/webdesi-gn.fr\/dev_deltalabo\/produits\/metallurgie-siderurgie\/armoires-asecos-pour-produits-corrosifs\/","name":"Armoires pour produits corrosifs ASECOS | DeltaLabo","isPartOf":{"@id":"https:\/\/webdesi-gn.fr\/dev_deltalabo\/#website"},"primaryImageOfPage":{"@id":"https:\/\/webdesi-gn.fr\/dev_deltalabo\/produits\/metallurgie-siderurgie\/armoires-asecos-pour-produits-corrosifs\/#primaryimage"},"image":{"@id":"https:\/\/webdesi-gn.fr\/dev_deltalabo\/produits\/metallurgie-siderurgie\/armoires-asecos-pour-produits-corrosifs\/#primaryimage"},"thumbnailUrl":"https:\/\/webdesi-gn.fr\/dev_deltalabo\/wp-content\/uploads\/2025\/11\/DELTA-LABO-Armoire-Asecos-pour-produits-corrosifs.jpg","datePublished":"2024-01-17T15:11:27+00:00","dateModified":"2025-12-15T13:47:39+00:00","breadcrumb":{"@id":"https:\/\/webdesi-gn.fr\/dev_deltalabo\/produits\/metallurgie-siderurgie\/armoires-asecos-pour-produits-corrosifs\/#breadcrumb"},"inLanguage":"fr-FR","potentialAction":[{"@type":"ReadAction","target":["https:\/\/webdesi-gn.fr\/dev_deltalabo\/produits\/metallurgie-siderurgie\/armoires-asecos-pour-produits-corrosifs\/"]}]},{"@type":"ImageObject","inLanguage":"fr-FR","@id":"https:\/\/webdesi-gn.fr\/dev_deltalabo\/produits\/metallurgie-siderurgie\/armoires-asecos-pour-produits-corrosifs\/#primaryimage","url":"https:\/\/webdesi-gn.fr\/dev_deltalabo\/wp-content\/uploads\/2025\/11\/DELTA-LABO-Armoire-Asecos-pour-produits-corrosifs.jpg","contentUrl":"https:\/\/webdesi-gn.fr\/dev_deltalabo\/wp-content\/uploads\/2025\/11\/DELTA-LABO-Armoire-Asecos-pour-produits-corrosifs.jpg","width":1800,"height":1800},{"@type":"BreadcrumbList","@id":"https:\/\/webdesi-gn.fr\/dev_deltalabo\/produits\/metallurgie-siderurgie\/armoires-asecos-pour-produits-corrosifs\/#breadcrumb","itemListElement":[{"@type":"ListItem","position":1,"name":"Accueil","item":"https:\/\/webdesi-gn.fr\/dev_deltalabo\/"},{"@type":"ListItem","position":2,"name":"Produits","item":"https:\/\/webdesi-gn.fr\/dev_deltalabo\/produits\/"},{"@type":"ListItem","position":3,"name":"Armoires pour produits corrosifs ASECOS"}]},{"@type":"WebSite","@id":"https:\/\/webdesi-gn.fr\/dev_deltalabo\/#website","url":"https:\/\/webdesi-gn.fr\/dev_deltalabo\/","name":"Delta Labo","description":"Un site utilisant WordPress","publisher":{"@id":"https:\/\/webdesi-gn.fr\/dev_deltalabo\/#organization"},"alternateName":"Delta Labo","potentialAction":[{"@type":"SearchAction","target":{"@type":"EntryPoint","urlTemplate":"https:\/\/webdesi-gn.fr\/dev_deltalabo\/?s={search_term_string}"},"query-input":{"@type":"PropertyValueSpecification","valueRequired":true,"valueName":"search_term_string"}}],"inLanguage":"fr-FR"},{"@type":"Organization","@id":"https:\/\/webdesi-gn.fr\/dev_deltalabo\/#organization","name":"DeltaLabo","url":"https:\/\/webdesi-gn.fr\/dev_deltalabo\/","logo":{"@type":"ImageObject","inLanguage":"fr-FR","@id":"https:\/\/webdesi-gn.fr\/dev_deltalabo\/#\/schema\/logo\/image\/","url":"https:\/\/webdesi-gn.fr\/dev_deltalabo\/wp-content\/uploads\/2022\/07\/logo-deltalabo.png","contentUrl":"https:\/\/webdesi-gn.fr\/dev_deltalabo\/wp-content\/uploads\/2022\/07\/logo-deltalabo.png","width":694,"height":306,"caption":"DeltaLabo"},"image":{"@id":"https:\/\/webdesi-gn.fr\/dev_deltalabo\/#\/schema\/logo\/image\/"}}]}},"_links":{"self":[{"href":"https:\/\/webdesi-gn.fr\/dev_deltalabo\/wp-json\/wp\/v2\/product\/255797","targetHints":{"allow":["GET"]}}],"collection":[{"href":"https:\/\/webdesi-gn.fr\/dev_deltalabo\/wp-json\/wp\/v2\/product"}],"about":[{"href":"https:\/\/webdesi-gn.fr\/dev_deltalabo\/wp-json\/wp\/v2\/types\/product"}],"wp:featuredmedia":[{"embeddable":true,"href":"https:\/\/webdesi-gn.fr\/dev_deltalabo\/wp-json\/wp\/v2\/media\/262264"}],"wp:attachment":[{"href":"https:\/\/webdesi-gn.fr\/dev_deltalabo\/wp-json\/wp\/v2\/media?parent=255797"}],"wp:term":[{"taxonomy":"domaine","embeddable":true,"href":"https:\/\/webdesi-gn.fr\/dev_deltalabo\/wp-json\/wp\/v2\/domaine?post=255797"},{"taxonomy":"normes","embeddable":true,"href":"https:\/\/webdesi-gn.fr\/dev_deltalabo\/wp-json\/wp\/v2\/normes?post=255797"},{"taxonomy":"product_brand","embeddable":true,"href":"https:\/\/webdesi-gn.fr\/dev_deltalabo\/wp-json\/wp\/v2\/product_brand?post=255797"},{"taxonomy":"product_cat","embeddable":true,"href":"https:\/\/webdesi-gn.fr\/dev_deltalabo\/wp-json\/wp\/v2\/product_cat?post=255797"},{"taxonomy":"product_tag","embeddable":true,"href":"https:\/\/webdesi-gn.fr\/dev_deltalabo\/wp-json\/wp\/v2\/product_tag?post=255797"}],"curies":[{"name":"wp","href":"https:\/\/api.w.org\/{rel}","templated":true}]}}