{"id":255833,"date":"2024-01-29T11:45:33","date_gmt":"2024-01-29T10:45:33","guid":{"rendered":"https:\/\/webdesi-gn.fr\/dev_deltalabo\/?post_type=product&#038;p=255833"},"modified":"2025-11-24T13:53:32","modified_gmt":"2025-11-24T12:53:32","slug":"broyeur-universel-a-couteaux-fritsch-modele-p19","status":"publish","type":"product","link":"https:\/\/webdesi-gn.fr\/dev_deltalabo\/produits\/categories\/broyeur-universel-a-couteaux-fritsch-modele-p19\/","title":{"rendered":"Broyeur universel \u00e0 couteaux FRITSCH PULVERISETTE 19"},"content":{"rendered":"","protected":false},"excerpt":{"rendered":"<p><strong>Broyeur universel \u00e0 couteaux FRITSCH PULVERISETTE 19 :<\/strong><\/p>\n<p>Le broyeur universel \u00e0 couteaux FRITSCH PULVERISETTE 19 est le broyeur universel par excellence convenant aux \u00e9chantillons mous, mi-durs, visco\u00e9lastiques ou fibreux (caoutchouc, cuir, tissu, cartons, plastiques, charbons, os etc&#8230;).<\/p>\n<p>Il peut obtenir des r\u00e9sultats reproductibles \u00e0 coup s\u00fbr, dont la taille initiale peut atteindre 70 x 80 mm et avec un d\u00e9bit maximum de 60 l\/h.<\/p>\n<p>Un rotor muni de 4 couteaux rotatifs vient cisailler \u00e0 grande vitesse l&rsquo;\u00e9chantillon dans une chambre de broyage pourvue de 3 contrecouteaux fixes.<\/p>\n<p>L&rsquo;\u00e9chantillon broy\u00e9 est expuls\u00e9 au travers de la grille d&rsquo;un tamis de fond interchangeable en fonction de la granulom\u00e9trie recherch\u00e9e. La particularit\u00e9 de ce broyeur sont des g\u00e9om\u00e9tries de coupe optimis\u00e9es en fonction de l&rsquo;application. Un choix vari\u00e9 de couteaux (lames en V, couteaux d\u00e9cal\u00e9s) permet d&rsquo;adapter le broyeur \u00e0 une multitude d&rsquo;\u00e9chantillons.<\/p>\n<p><strong>T\u00e9l\u00e9charger la brochure produit :<\/strong> <a href=\"https:\/\/www.deltalabo.fr\/wp-content\/uploads\/2025\/07\/P-19_Model_Card_FR_2025-fr-DL.pdf\">Broyeur universel \u00e0 couteaux FRITSCH Pulv\u00e9risette 19<\/a><\/p>\n<p><strong>Visionner l&rsquo;utilisation du produit :<\/strong> <a href=\"https:\/\/youtu.be\/GtEOcidZS4w\">Broyeur \u00e0 couteaux FRITSCH<\/a><\/p>\n","protected":false},"featured_media":262251,"template":"","meta":{"_acf_changed":false,"site-sidebar-layout":"default","site-content-layout":"","ast-site-content-layout":"default","site-content-style":"default","site-sidebar-style":"default","ast-global-header-display":"","ast-banner-title-visibility":"","ast-main-header-display":"","ast-hfb-above-header-display":"","ast-hfb-below-header-display":"","ast-hfb-mobile-header-display":"","site-post-title":"","ast-breadcrumbs-content":"","ast-featured-img":"","footer-sml-layout":"","ast-disable-related-posts":"","theme-transparent-header-meta":"","adv-header-id-meta":"","stick-header-meta":"","header-above-stick-meta":"","header-main-stick-meta":"","header-below-stick-meta":"","astra-migrate-meta-layouts":"default","ast-page-background-enabled":"default","ast-page-background-meta":{"desktop":{"background-color":"var(--ast-global-color-5)","background-image":"","background-repeat":"repeat","background-position":"center center","background-size":"auto","background-attachment":"scroll","background-type":"","background-media":"","overlay-type":"","overlay-color":"","overlay-opacity":"","overlay-gradient":""},"tablet":{"background-color":"","background-image":"","background-repeat":"repeat","background-position":"center center","background-size":"auto","background-attachment":"scroll","background-type":"","background-media":"","overlay-type":"","overlay-color":"","overlay-opacity":"","overlay-gradient":""},"mobile":{"background-color":"","background-image":"","background-repeat":"repeat","background-position":"center center","background-size":"auto","background-attachment":"scroll","background-type":"","background-media":"","overlay-type":"","overlay-color":"","overlay-opacity":"","overlay-gradient":""}},"ast-content-background-meta":{"desktop":{"background-color":"var(--ast-global-color-4)","background-image":"","background-repeat":"repeat","background-position":"center center","background-size":"auto","background-attachment":"scroll","background-type":"","background-media":"","overlay-type":"","overlay-color":"","overlay-opacity":"","overlay-gradient":""},"tablet":{"background-color":"var(--ast-global-color-4)","background-image":"","background-repeat":"repeat","background-position":"center center","background-size":"auto","background-attachment":"scroll","background-type":"","background-media":"","overlay-type":"","overlay-color":"","overlay-opacity":"","overlay-gradient":""},"mobile":{"background-color":"var(--ast-global-color-4)","background-image":"","background-repeat":"repeat","background-position":"center center","background-size":"auto","background-attachment":"scroll","background-type":"","background-media":"","overlay-type":"","overlay-color":"","overlay-opacity":"","overlay-gradient":""}}},"domaine":[],"normes":[17135],"product_brand":[],"product_cat":[17240],"product_tag":[],"class_list":{"0":"post-255833","1":"product","2":"type-product","3":"status-publish","4":"has-post-thumbnail","6":"normes-din-51562","7":"product_cat-categories","8":"desktop-align-left","9":"tablet-align-left","10":"mobile-align-left","12":"first","13":"instock","14":"shipping-taxable","15":"purchasable","16":"product-type-simple"},"acf":[],"yoast_head":"<!-- This site is optimized with the Yoast SEO plugin v27.4 - https:\/\/yoast.com\/product\/yoast-seo-wordpress\/ -->\n<title>Broyeur universel \u00e0 couteaux FRITSCH PULVERISETTE 19 | DeltaLabo<\/title>\n<meta name=\"robots\" content=\"noindex, follow, max-snippet:-1, max-image-preview:large, max-video-preview:-1\" \/>\n<meta property=\"og:locale\" content=\"fr_FR\" \/>\n<meta property=\"og:type\" content=\"article\" \/>\n<meta property=\"og:title\" content=\"Broyeur universel \u00e0 couteaux FRITSCH PULVERISETTE 19 | DeltaLabo\" \/>\n<meta property=\"og:description\" content=\"Broyeur universel \u00e0 couteaux FRITSCH PULVERISETTE 19 :  Le broyeur universel \u00e0 couteaux FRITSCH PULVERISETTE 19 est le broyeur universel par excellence convenant aux \u00e9chantillons mous, mi-durs, visco\u00e9lastiques ou fibreux (caoutchouc, cuir, tissu, cartons, plastiques, charbons, os etc...).  Il peut obtenir des r\u00e9sultats reproductibles \u00e0 coup s\u00fbr, dont la taille initiale peut atteindre 70 x 80 mm et avec un d\u00e9bit maximum de 60 l\/h.  Un rotor muni de 4 couteaux rotatifs vient cisailler \u00e0 grande vitesse l&#039;\u00e9chantillon dans une chambre de broyage pourvue de 3 contrecouteaux fixes.  L&#039;\u00e9chantillon broy\u00e9 est expuls\u00e9 au travers de la grille d&#039;un tamis de fond interchangeable en fonction de la granulom\u00e9trie recherch\u00e9e. La particularit\u00e9 de ce broyeur sont des g\u00e9om\u00e9tries de coupe optimis\u00e9es en fonction de l&#039;application. Un choix vari\u00e9 de couteaux (lames en V, couteaux d\u00e9cal\u00e9s) permet d&#039;adapter le broyeur \u00e0 une multitude d&#039;\u00e9chantillons.  T\u00e9l\u00e9charger la brochure produit : Broyeur universel \u00e0 couteaux FRITSCH Pulv\u00e9risette 19  Visionner l&#039;utilisation du produit : Broyeur \u00e0 couteaux FRITSCH\" \/>\n<meta property=\"og:url\" content=\"https:\/\/webdesi-gn.fr\/dev_deltalabo\/produits\/cat-produit\/broyeur-universel-a-couteaux-fritsch-modele-p19\/\" \/>\n<meta property=\"og:site_name\" content=\"DeltaLabo\" \/>\n<meta property=\"article:modified_time\" content=\"2025-11-24T12:53:32+00:00\" \/>\n<meta property=\"og:image\" content=\"https:\/\/webdesi-gn.fr\/dev_deltalabo\/wp-content\/uploads\/2024\/01\/DELTA-LABO-Broyeur-a-couteaux-Pulverisette-19-Fritsch.jpg\" \/>\n\t<meta property=\"og:image:width\" content=\"797\" \/>\n\t<meta property=\"og:image:height\" content=\"804\" \/>\n\t<meta property=\"og:image:type\" content=\"image\/jpeg\" \/>\n<meta name=\"twitter:card\" content=\"summary_large_image\" \/>\n<meta name=\"twitter:label1\" content=\"Dur\u00e9e de lecture estim\u00e9e\" \/>\n\t<meta name=\"twitter:data1\" content=\"1 minute\" \/>\n<script type=\"application\/ld+json\" class=\"yoast-schema-graph\">{\"@context\":\"https:\\\/\\\/schema.org\",\"@graph\":[{\"@type\":\"WebPage\",\"@id\":\"https:\\\/\\\/webdesi-gn.fr\\\/dev_deltalabo\\\/produits\\\/cat-produit\\\/broyeur-universel-a-couteaux-fritsch-modele-p19\\\/\",\"url\":\"https:\\\/\\\/webdesi-gn.fr\\\/dev_deltalabo\\\/produits\\\/cat-produit\\\/broyeur-universel-a-couteaux-fritsch-modele-p19\\\/\",\"name\":\"Broyeur universel \u00e0 couteaux FRITSCH PULVERISETTE 19 | DeltaLabo\",\"isPartOf\":{\"@id\":\"https:\\\/\\\/webdesi-gn.fr\\\/dev_deltalabo\\\/#website\"},\"primaryImageOfPage\":{\"@id\":\"https:\\\/\\\/webdesi-gn.fr\\\/dev_deltalabo\\\/produits\\\/cat-produit\\\/broyeur-universel-a-couteaux-fritsch-modele-p19\\\/#primaryimage\"},\"image\":{\"@id\":\"https:\\\/\\\/webdesi-gn.fr\\\/dev_deltalabo\\\/produits\\\/cat-produit\\\/broyeur-universel-a-couteaux-fritsch-modele-p19\\\/#primaryimage\"},\"thumbnailUrl\":\"https:\\\/\\\/webdesi-gn.fr\\\/dev_deltalabo\\\/wp-content\\\/uploads\\\/2025\\\/11\\\/DELTA-LABO-Broyeur-a-couteaux-Pulverisette-19-Fritsch.jpg\",\"datePublished\":\"2024-01-29T10:45:33+00:00\",\"dateModified\":\"2025-11-24T12:53:32+00:00\",\"breadcrumb\":{\"@id\":\"https:\\\/\\\/webdesi-gn.fr\\\/dev_deltalabo\\\/produits\\\/cat-produit\\\/broyeur-universel-a-couteaux-fritsch-modele-p19\\\/#breadcrumb\"},\"inLanguage\":\"fr-FR\",\"potentialAction\":[{\"@type\":\"ReadAction\",\"target\":[\"https:\\\/\\\/webdesi-gn.fr\\\/dev_deltalabo\\\/produits\\\/cat-produit\\\/broyeur-universel-a-couteaux-fritsch-modele-p19\\\/\"]}]},{\"@type\":\"ImageObject\",\"inLanguage\":\"fr-FR\",\"@id\":\"https:\\\/\\\/webdesi-gn.fr\\\/dev_deltalabo\\\/produits\\\/cat-produit\\\/broyeur-universel-a-couteaux-fritsch-modele-p19\\\/#primaryimage\",\"url\":\"https:\\\/\\\/webdesi-gn.fr\\\/dev_deltalabo\\\/wp-content\\\/uploads\\\/2025\\\/11\\\/DELTA-LABO-Broyeur-a-couteaux-Pulverisette-19-Fritsch.jpg\",\"contentUrl\":\"https:\\\/\\\/webdesi-gn.fr\\\/dev_deltalabo\\\/wp-content\\\/uploads\\\/2025\\\/11\\\/DELTA-LABO-Broyeur-a-couteaux-Pulverisette-19-Fritsch.jpg\",\"width\":797,\"height\":804},{\"@type\":\"BreadcrumbList\",\"@id\":\"https:\\\/\\\/webdesi-gn.fr\\\/dev_deltalabo\\\/produits\\\/cat-produit\\\/broyeur-universel-a-couteaux-fritsch-modele-p19\\\/#breadcrumb\",\"itemListElement\":[{\"@type\":\"ListItem\",\"position\":1,\"name\":\"Accueil\",\"item\":\"https:\\\/\\\/webdesi-gn.fr\\\/dev_deltalabo\\\/\"},{\"@type\":\"ListItem\",\"position\":2,\"name\":\"Produits\",\"item\":\"https:\\\/\\\/webdesi-gn.fr\\\/dev_deltalabo\\\/produits\\\/\"},{\"@type\":\"ListItem\",\"position\":3,\"name\":\"Broyeur universel \u00e0 couteaux FRITSCH PULVERISETTE 19\"}]},{\"@type\":\"WebSite\",\"@id\":\"https:\\\/\\\/webdesi-gn.fr\\\/dev_deltalabo\\\/#website\",\"url\":\"https:\\\/\\\/webdesi-gn.fr\\\/dev_deltalabo\\\/\",\"name\":\"Delta Labo\",\"description\":\"Un site utilisant WordPress\",\"publisher\":{\"@id\":\"https:\\\/\\\/webdesi-gn.fr\\\/dev_deltalabo\\\/#organization\"},\"alternateName\":\"Delta Labo\",\"potentialAction\":[{\"@type\":\"SearchAction\",\"target\":{\"@type\":\"EntryPoint\",\"urlTemplate\":\"https:\\\/\\\/webdesi-gn.fr\\\/dev_deltalabo\\\/?s={search_term_string}\"},\"query-input\":{\"@type\":\"PropertyValueSpecification\",\"valueRequired\":true,\"valueName\":\"search_term_string\"}}],\"inLanguage\":\"fr-FR\"},{\"@type\":\"Organization\",\"@id\":\"https:\\\/\\\/webdesi-gn.fr\\\/dev_deltalabo\\\/#organization\",\"name\":\"DeltaLabo\",\"url\":\"https:\\\/\\\/webdesi-gn.fr\\\/dev_deltalabo\\\/\",\"logo\":{\"@type\":\"ImageObject\",\"inLanguage\":\"fr-FR\",\"@id\":\"https:\\\/\\\/webdesi-gn.fr\\\/dev_deltalabo\\\/#\\\/schema\\\/logo\\\/image\\\/\",\"url\":\"https:\\\/\\\/webdesi-gn.fr\\\/dev_deltalabo\\\/wp-content\\\/uploads\\\/2022\\\/07\\\/logo-deltalabo.png\",\"contentUrl\":\"https:\\\/\\\/webdesi-gn.fr\\\/dev_deltalabo\\\/wp-content\\\/uploads\\\/2022\\\/07\\\/logo-deltalabo.png\",\"width\":694,\"height\":306,\"caption\":\"DeltaLabo\"},\"image\":{\"@id\":\"https:\\\/\\\/webdesi-gn.fr\\\/dev_deltalabo\\\/#\\\/schema\\\/logo\\\/image\\\/\"}}]}<\/script>\n<!-- \/ Yoast SEO plugin. -->","yoast_head_json":{"title":"Broyeur universel \u00e0 couteaux FRITSCH PULVERISETTE 19 | DeltaLabo","robots":{"index":"noindex","follow":"follow","max-snippet":"max-snippet:-1","max-image-preview":"max-image-preview:large","max-video-preview":"max-video-preview:-1"},"og_locale":"fr_FR","og_type":"article","og_title":"Broyeur universel \u00e0 couteaux FRITSCH PULVERISETTE 19 | DeltaLabo","og_description":"Broyeur universel \u00e0 couteaux FRITSCH PULVERISETTE 19 :  Le broyeur universel \u00e0 couteaux FRITSCH PULVERISETTE 19 est le broyeur universel par excellence convenant aux \u00e9chantillons mous, mi-durs, visco\u00e9lastiques ou fibreux (caoutchouc, cuir, tissu, cartons, plastiques, charbons, os etc...).  Il peut obtenir des r\u00e9sultats reproductibles \u00e0 coup s\u00fbr, dont la taille initiale peut atteindre 70 x 80 mm et avec un d\u00e9bit maximum de 60 l\/h.  Un rotor muni de 4 couteaux rotatifs vient cisailler \u00e0 grande vitesse l'\u00e9chantillon dans une chambre de broyage pourvue de 3 contrecouteaux fixes.  L'\u00e9chantillon broy\u00e9 est expuls\u00e9 au travers de la grille d'un tamis de fond interchangeable en fonction de la granulom\u00e9trie recherch\u00e9e. La particularit\u00e9 de ce broyeur sont des g\u00e9om\u00e9tries de coupe optimis\u00e9es en fonction de l'application. Un choix vari\u00e9 de couteaux (lames en V, couteaux d\u00e9cal\u00e9s) permet d'adapter le broyeur \u00e0 une multitude d'\u00e9chantillons.  T\u00e9l\u00e9charger la brochure produit : Broyeur universel \u00e0 couteaux FRITSCH Pulv\u00e9risette 19  Visionner l'utilisation du produit : Broyeur \u00e0 couteaux FRITSCH","og_url":"https:\/\/webdesi-gn.fr\/dev_deltalabo\/produits\/cat-produit\/broyeur-universel-a-couteaux-fritsch-modele-p19\/","og_site_name":"DeltaLabo","article_modified_time":"2025-11-24T12:53:32+00:00","og_image":[{"width":797,"height":804,"url":"https:\/\/webdesi-gn.fr\/dev_deltalabo\/wp-content\/uploads\/2024\/01\/DELTA-LABO-Broyeur-a-couteaux-Pulverisette-19-Fritsch.jpg","type":"image\/jpeg"}],"twitter_card":"summary_large_image","twitter_misc":{"Dur\u00e9e de lecture estim\u00e9e":"1 minute"},"schema":{"@context":"https:\/\/schema.org","@graph":[{"@type":"WebPage","@id":"https:\/\/webdesi-gn.fr\/dev_deltalabo\/produits\/cat-produit\/broyeur-universel-a-couteaux-fritsch-modele-p19\/","url":"https:\/\/webdesi-gn.fr\/dev_deltalabo\/produits\/cat-produit\/broyeur-universel-a-couteaux-fritsch-modele-p19\/","name":"Broyeur universel \u00e0 couteaux FRITSCH PULVERISETTE 19 | DeltaLabo","isPartOf":{"@id":"https:\/\/webdesi-gn.fr\/dev_deltalabo\/#website"},"primaryImageOfPage":{"@id":"https:\/\/webdesi-gn.fr\/dev_deltalabo\/produits\/cat-produit\/broyeur-universel-a-couteaux-fritsch-modele-p19\/#primaryimage"},"image":{"@id":"https:\/\/webdesi-gn.fr\/dev_deltalabo\/produits\/cat-produit\/broyeur-universel-a-couteaux-fritsch-modele-p19\/#primaryimage"},"thumbnailUrl":"https:\/\/webdesi-gn.fr\/dev_deltalabo\/wp-content\/uploads\/2025\/11\/DELTA-LABO-Broyeur-a-couteaux-Pulverisette-19-Fritsch.jpg","datePublished":"2024-01-29T10:45:33+00:00","dateModified":"2025-11-24T12:53:32+00:00","breadcrumb":{"@id":"https:\/\/webdesi-gn.fr\/dev_deltalabo\/produits\/cat-produit\/broyeur-universel-a-couteaux-fritsch-modele-p19\/#breadcrumb"},"inLanguage":"fr-FR","potentialAction":[{"@type":"ReadAction","target":["https:\/\/webdesi-gn.fr\/dev_deltalabo\/produits\/cat-produit\/broyeur-universel-a-couteaux-fritsch-modele-p19\/"]}]},{"@type":"ImageObject","inLanguage":"fr-FR","@id":"https:\/\/webdesi-gn.fr\/dev_deltalabo\/produits\/cat-produit\/broyeur-universel-a-couteaux-fritsch-modele-p19\/#primaryimage","url":"https:\/\/webdesi-gn.fr\/dev_deltalabo\/wp-content\/uploads\/2025\/11\/DELTA-LABO-Broyeur-a-couteaux-Pulverisette-19-Fritsch.jpg","contentUrl":"https:\/\/webdesi-gn.fr\/dev_deltalabo\/wp-content\/uploads\/2025\/11\/DELTA-LABO-Broyeur-a-couteaux-Pulverisette-19-Fritsch.jpg","width":797,"height":804},{"@type":"BreadcrumbList","@id":"https:\/\/webdesi-gn.fr\/dev_deltalabo\/produits\/cat-produit\/broyeur-universel-a-couteaux-fritsch-modele-p19\/#breadcrumb","itemListElement":[{"@type":"ListItem","position":1,"name":"Accueil","item":"https:\/\/webdesi-gn.fr\/dev_deltalabo\/"},{"@type":"ListItem","position":2,"name":"Produits","item":"https:\/\/webdesi-gn.fr\/dev_deltalabo\/produits\/"},{"@type":"ListItem","position":3,"name":"Broyeur universel \u00e0 couteaux FRITSCH PULVERISETTE 19"}]},{"@type":"WebSite","@id":"https:\/\/webdesi-gn.fr\/dev_deltalabo\/#website","url":"https:\/\/webdesi-gn.fr\/dev_deltalabo\/","name":"Delta Labo","description":"Un site utilisant WordPress","publisher":{"@id":"https:\/\/webdesi-gn.fr\/dev_deltalabo\/#organization"},"alternateName":"Delta Labo","potentialAction":[{"@type":"SearchAction","target":{"@type":"EntryPoint","urlTemplate":"https:\/\/webdesi-gn.fr\/dev_deltalabo\/?s={search_term_string}"},"query-input":{"@type":"PropertyValueSpecification","valueRequired":true,"valueName":"search_term_string"}}],"inLanguage":"fr-FR"},{"@type":"Organization","@id":"https:\/\/webdesi-gn.fr\/dev_deltalabo\/#organization","name":"DeltaLabo","url":"https:\/\/webdesi-gn.fr\/dev_deltalabo\/","logo":{"@type":"ImageObject","inLanguage":"fr-FR","@id":"https:\/\/webdesi-gn.fr\/dev_deltalabo\/#\/schema\/logo\/image\/","url":"https:\/\/webdesi-gn.fr\/dev_deltalabo\/wp-content\/uploads\/2022\/07\/logo-deltalabo.png","contentUrl":"https:\/\/webdesi-gn.fr\/dev_deltalabo\/wp-content\/uploads\/2022\/07\/logo-deltalabo.png","width":694,"height":306,"caption":"DeltaLabo"},"image":{"@id":"https:\/\/webdesi-gn.fr\/dev_deltalabo\/#\/schema\/logo\/image\/"}}]}},"_links":{"self":[{"href":"https:\/\/webdesi-gn.fr\/dev_deltalabo\/wp-json\/wp\/v2\/product\/255833","targetHints":{"allow":["GET"]}}],"collection":[{"href":"https:\/\/webdesi-gn.fr\/dev_deltalabo\/wp-json\/wp\/v2\/product"}],"about":[{"href":"https:\/\/webdesi-gn.fr\/dev_deltalabo\/wp-json\/wp\/v2\/types\/product"}],"wp:featuredmedia":[{"embeddable":true,"href":"https:\/\/webdesi-gn.fr\/dev_deltalabo\/wp-json\/wp\/v2\/media\/262251"}],"wp:attachment":[{"href":"https:\/\/webdesi-gn.fr\/dev_deltalabo\/wp-json\/wp\/v2\/media?parent=255833"}],"wp:term":[{"taxonomy":"domaine","embeddable":true,"href":"https:\/\/webdesi-gn.fr\/dev_deltalabo\/wp-json\/wp\/v2\/domaine?post=255833"},{"taxonomy":"normes","embeddable":true,"href":"https:\/\/webdesi-gn.fr\/dev_deltalabo\/wp-json\/wp\/v2\/normes?post=255833"},{"taxonomy":"product_brand","embeddable":true,"href":"https:\/\/webdesi-gn.fr\/dev_deltalabo\/wp-json\/wp\/v2\/product_brand?post=255833"},{"taxonomy":"product_cat","embeddable":true,"href":"https:\/\/webdesi-gn.fr\/dev_deltalabo\/wp-json\/wp\/v2\/product_cat?post=255833"},{"taxonomy":"product_tag","embeddable":true,"href":"https:\/\/webdesi-gn.fr\/dev_deltalabo\/wp-json\/wp\/v2\/product_tag?post=255833"}],"curies":[{"name":"wp","href":"https:\/\/api.w.org\/{rel}","templated":true}]}}