{"id":255842,"date":"2024-01-29T12:01:14","date_gmt":"2024-01-29T11:01:14","guid":{"rendered":"https:\/\/webdesi-gn.fr\/dev_deltalabo\/?post_type=product&#038;p=255842"},"modified":"2025-11-24T13:53:14","modified_gmt":"2025-11-24T12:53:14","slug":"mono-broyeur-planetaire-fritsch-modele-p6","status":"publish","type":"product","link":"https:\/\/webdesi-gn.fr\/dev_deltalabo\/produits\/categories\/mono-broyeur-planetaire-fritsch-modele-p6\/","title":{"rendered":"Mono-broyeur plan\u00e9taire FRITSCH Pulv\u00e9risette 6"},"content":{"rendered":"","protected":false},"excerpt":{"rendered":"<p><strong>Mono-broyeur plan\u00e9taire FRITSCH Pulv\u00e9risette 6 :<\/strong><\/p>\n<p>L&rsquo;\u00e9chantillon est introduit avec des billes de broyage dans un bol de broyage.<\/p>\n<p>Les billes de broyage sont d&rsquo;abord entra\u00een\u00e9es dans le sens de rotation du bol et se d\u00e9tachent de la paroi de celui-ci sous l&rsquo;effet des forces centrifuges. Ceci entra\u00eene des diff\u00e9rences de vitesse entre les billes et la paroi du bol de telle sorte que d&rsquo;importantes forces de friction agissent sur l&rsquo;\u00e9chantillon.<\/p>\n<p>Lors du mouvement rotatif, les billes se d\u00e9tachent de la paroi du bol. Elles viennent frapper l&rsquo;\u00e9chantillon situ\u00e9 sur la paroi oppos\u00e9e avec des forces d&rsquo;impact tr\u00e8s \u00e9lev\u00e9es.<\/p>\n<p>Sous l&rsquo;effet combin\u00e9 des forces d&rsquo;impact et de friction, il est ainsi possible d&rsquo;atteindre des seuils de finesse tr\u00e8s \u00e9lev\u00e9s (inf\u00e9rieur au micron).<\/p>\n<p>Le mono-broyeur plan\u00e9taire FRITSCH Pulv\u00e9risette 6 est adapt\u00e9 aux applications ponctuelles n\u00e9cessitant un nombre limit\u00e9 de broyages.<\/p>\n<p>Un contre poids permet ainsi de travailler sur un seul bol \u00e0 la fois.<\/p>\n<p><strong>T\u00e9l\u00e9charger la brochure produit :<\/strong> <a href=\"https:\/\/www.deltalabo.fr\/wp-content\/uploads\/2025\/07\/FRITSCH-Product-P5-P6-P7-engl-DL-2025.pdf\">Mono-broyeur plan\u00e9taire FRITSCH<\/a><\/p>\n<p><strong>Visionner l&rsquo;utilisation du produit :<\/strong> <a href=\"https:\/\/youtu.be\/5ShOAS3EGGU\">Mono-broyeur plan\u00e9taire FRITSCH<\/a><\/p>\n","protected":false},"featured_media":262243,"template":"","meta":{"_acf_changed":false,"site-sidebar-layout":"default","site-content-layout":"","ast-site-content-layout":"default","site-content-style":"default","site-sidebar-style":"default","ast-global-header-display":"","ast-banner-title-visibility":"","ast-main-header-display":"","ast-hfb-above-header-display":"","ast-hfb-below-header-display":"","ast-hfb-mobile-header-display":"","site-post-title":"","ast-breadcrumbs-content":"","ast-featured-img":"","footer-sml-layout":"","ast-disable-related-posts":"","theme-transparent-header-meta":"","adv-header-id-meta":"","stick-header-meta":"","header-above-stick-meta":"","header-main-stick-meta":"","header-below-stick-meta":"","astra-migrate-meta-layouts":"default","ast-page-background-enabled":"default","ast-page-background-meta":{"desktop":{"background-color":"var(--ast-global-color-5)","background-image":"","background-repeat":"repeat","background-position":"center center","background-size":"auto","background-attachment":"scroll","background-type":"","background-media":"","overlay-type":"","overlay-color":"","overlay-opacity":"","overlay-gradient":""},"tablet":{"background-color":"","background-image":"","background-repeat":"repeat","background-position":"center center","background-size":"auto","background-attachment":"scroll","background-type":"","background-media":"","overlay-type":"","overlay-color":"","overlay-opacity":"","overlay-gradient":""},"mobile":{"background-color":"","background-image":"","background-repeat":"repeat","background-position":"center center","background-size":"auto","background-attachment":"scroll","background-type":"","background-media":"","overlay-type":"","overlay-color":"","overlay-opacity":"","overlay-gradient":""}},"ast-content-background-meta":{"desktop":{"background-color":"var(--ast-global-color-4)","background-image":"","background-repeat":"repeat","background-position":"center center","background-size":"auto","background-attachment":"scroll","background-type":"","background-media":"","overlay-type":"","overlay-color":"","overlay-opacity":"","overlay-gradient":""},"tablet":{"background-color":"var(--ast-global-color-4)","background-image":"","background-repeat":"repeat","background-position":"center center","background-size":"auto","background-attachment":"scroll","background-type":"","background-media":"","overlay-type":"","overlay-color":"","overlay-opacity":"","overlay-gradient":""},"mobile":{"background-color":"var(--ast-global-color-4)","background-image":"","background-repeat":"repeat","background-position":"center center","background-size":"auto","background-attachment":"scroll","background-type":"","background-media":"","overlay-type":"","overlay-color":"","overlay-opacity":"","overlay-gradient":""}}},"domaine":[],"normes":[17135],"product_brand":[],"product_cat":[17240],"product_tag":[],"class_list":{"0":"post-255842","1":"product","2":"type-product","3":"status-publish","4":"has-post-thumbnail","6":"normes-din-51562","7":"product_cat-categories","8":"desktop-align-left","9":"tablet-align-left","10":"mobile-align-left","12":"first","13":"instock","14":"shipping-taxable","15":"purchasable","16":"product-type-simple"},"acf":[],"yoast_head":"<!-- This site is optimized with the Yoast SEO plugin v27.4 - https:\/\/yoast.com\/product\/yoast-seo-wordpress\/ -->\n<title>Mono-broyeur plan\u00e9taire FRITSCH Pulv\u00e9risette 6 | DeltaLabo<\/title>\n<meta name=\"robots\" content=\"noindex, follow, max-snippet:-1, max-image-preview:large, max-video-preview:-1\" \/>\n<meta property=\"og:locale\" content=\"fr_FR\" \/>\n<meta property=\"og:type\" content=\"article\" \/>\n<meta property=\"og:title\" content=\"Mono-broyeur plan\u00e9taire FRITSCH Pulv\u00e9risette 6 | DeltaLabo\" \/>\n<meta property=\"og:description\" content=\"Mono-broyeur plan\u00e9taire FRITSCH Pulv\u00e9risette 6 :  L&#039;\u00e9chantillon est introduit avec des billes de broyage dans un bol de broyage.  Les billes de broyage sont d&#039;abord entra\u00een\u00e9es dans le sens de rotation du bol et se d\u00e9tachent de la paroi de celui-ci sous l&#039;effet des forces centrifuges. Ceci entra\u00eene des diff\u00e9rences de vitesse entre les billes et la paroi du bol de telle sorte que d&#039;importantes forces de friction agissent sur l&#039;\u00e9chantillon.  Lors du mouvement rotatif, les billes se d\u00e9tachent de la paroi du bol. Elles viennent frapper l&#039;\u00e9chantillon situ\u00e9 sur la paroi oppos\u00e9e avec des forces d&#039;impact tr\u00e8s \u00e9lev\u00e9es.  Sous l&#039;effet combin\u00e9 des forces d&#039;impact et de friction, il est ainsi possible d&#039;atteindre des seuils de finesse tr\u00e8s \u00e9lev\u00e9s (inf\u00e9rieur au micron).  Le mono-broyeur plan\u00e9taire FRITSCH Pulv\u00e9risette 6 est adapt\u00e9 aux applications ponctuelles n\u00e9cessitant un nombre limit\u00e9 de broyages.  Un contre poids permet ainsi de travailler sur un seul bol \u00e0 la fois.  T\u00e9l\u00e9charger la brochure produit : Mono-broyeur plan\u00e9taire FRITSCH  Visionner l&#039;utilisation du produit : Mono-broyeur plan\u00e9taire FRITSCH\" \/>\n<meta property=\"og:url\" content=\"https:\/\/webdesi-gn.fr\/dev_deltalabo\/produits\/cat-produit\/mono-broyeur-planetaire-fritsch-modele-p6\/\" \/>\n<meta property=\"og:site_name\" content=\"DeltaLabo\" \/>\n<meta property=\"article:modified_time\" content=\"2025-11-24T12:53:14+00:00\" \/>\n<meta property=\"og:image\" content=\"https:\/\/webdesi-gn.fr\/dev_deltalabo\/wp-content\/uploads\/2024\/01\/DELTA-LABO-pulverisette-6-2.png\" \/>\n\t<meta property=\"og:image:width\" content=\"800\" \/>\n\t<meta property=\"og:image:height\" content=\"800\" \/>\n\t<meta property=\"og:image:type\" content=\"image\/png\" \/>\n<meta name=\"twitter:card\" content=\"summary_large_image\" \/>\n<meta name=\"twitter:label1\" content=\"Dur\u00e9e de lecture estim\u00e9e\" \/>\n\t<meta name=\"twitter:data1\" content=\"1 minute\" \/>\n<script type=\"application\/ld+json\" class=\"yoast-schema-graph\">{\"@context\":\"https:\\\/\\\/schema.org\",\"@graph\":[{\"@type\":\"WebPage\",\"@id\":\"https:\\\/\\\/webdesi-gn.fr\\\/dev_deltalabo\\\/produits\\\/cat-produit\\\/mono-broyeur-planetaire-fritsch-modele-p6\\\/\",\"url\":\"https:\\\/\\\/webdesi-gn.fr\\\/dev_deltalabo\\\/produits\\\/cat-produit\\\/mono-broyeur-planetaire-fritsch-modele-p6\\\/\",\"name\":\"Mono-broyeur plan\u00e9taire FRITSCH Pulv\u00e9risette 6 | DeltaLabo\",\"isPartOf\":{\"@id\":\"https:\\\/\\\/webdesi-gn.fr\\\/dev_deltalabo\\\/#website\"},\"primaryImageOfPage\":{\"@id\":\"https:\\\/\\\/webdesi-gn.fr\\\/dev_deltalabo\\\/produits\\\/cat-produit\\\/mono-broyeur-planetaire-fritsch-modele-p6\\\/#primaryimage\"},\"image\":{\"@id\":\"https:\\\/\\\/webdesi-gn.fr\\\/dev_deltalabo\\\/produits\\\/cat-produit\\\/mono-broyeur-planetaire-fritsch-modele-p6\\\/#primaryimage\"},\"thumbnailUrl\":\"https:\\\/\\\/webdesi-gn.fr\\\/dev_deltalabo\\\/wp-content\\\/uploads\\\/2025\\\/11\\\/DELTA-LABO-P6-classic-line.png\",\"datePublished\":\"2024-01-29T11:01:14+00:00\",\"dateModified\":\"2025-11-24T12:53:14+00:00\",\"breadcrumb\":{\"@id\":\"https:\\\/\\\/webdesi-gn.fr\\\/dev_deltalabo\\\/produits\\\/cat-produit\\\/mono-broyeur-planetaire-fritsch-modele-p6\\\/#breadcrumb\"},\"inLanguage\":\"fr-FR\",\"potentialAction\":[{\"@type\":\"ReadAction\",\"target\":[\"https:\\\/\\\/webdesi-gn.fr\\\/dev_deltalabo\\\/produits\\\/cat-produit\\\/mono-broyeur-planetaire-fritsch-modele-p6\\\/\"]}]},{\"@type\":\"ImageObject\",\"inLanguage\":\"fr-FR\",\"@id\":\"https:\\\/\\\/webdesi-gn.fr\\\/dev_deltalabo\\\/produits\\\/cat-produit\\\/mono-broyeur-planetaire-fritsch-modele-p6\\\/#primaryimage\",\"url\":\"https:\\\/\\\/webdesi-gn.fr\\\/dev_deltalabo\\\/wp-content\\\/uploads\\\/2025\\\/11\\\/DELTA-LABO-P6-classic-line.png\",\"contentUrl\":\"https:\\\/\\\/webdesi-gn.fr\\\/dev_deltalabo\\\/wp-content\\\/uploads\\\/2025\\\/11\\\/DELTA-LABO-P6-classic-line.png\",\"width\":780,\"height\":435},{\"@type\":\"BreadcrumbList\",\"@id\":\"https:\\\/\\\/webdesi-gn.fr\\\/dev_deltalabo\\\/produits\\\/cat-produit\\\/mono-broyeur-planetaire-fritsch-modele-p6\\\/#breadcrumb\",\"itemListElement\":[{\"@type\":\"ListItem\",\"position\":1,\"name\":\"Accueil\",\"item\":\"https:\\\/\\\/webdesi-gn.fr\\\/dev_deltalabo\\\/\"},{\"@type\":\"ListItem\",\"position\":2,\"name\":\"Produits\",\"item\":\"https:\\\/\\\/webdesi-gn.fr\\\/dev_deltalabo\\\/produits\\\/\"},{\"@type\":\"ListItem\",\"position\":3,\"name\":\"Mono-broyeur plan\u00e9taire FRITSCH Pulv\u00e9risette 6\"}]},{\"@type\":\"WebSite\",\"@id\":\"https:\\\/\\\/webdesi-gn.fr\\\/dev_deltalabo\\\/#website\",\"url\":\"https:\\\/\\\/webdesi-gn.fr\\\/dev_deltalabo\\\/\",\"name\":\"Delta Labo\",\"description\":\"Un site utilisant WordPress\",\"publisher\":{\"@id\":\"https:\\\/\\\/webdesi-gn.fr\\\/dev_deltalabo\\\/#organization\"},\"alternateName\":\"Delta Labo\",\"potentialAction\":[{\"@type\":\"SearchAction\",\"target\":{\"@type\":\"EntryPoint\",\"urlTemplate\":\"https:\\\/\\\/webdesi-gn.fr\\\/dev_deltalabo\\\/?s={search_term_string}\"},\"query-input\":{\"@type\":\"PropertyValueSpecification\",\"valueRequired\":true,\"valueName\":\"search_term_string\"}}],\"inLanguage\":\"fr-FR\"},{\"@type\":\"Organization\",\"@id\":\"https:\\\/\\\/webdesi-gn.fr\\\/dev_deltalabo\\\/#organization\",\"name\":\"DeltaLabo\",\"url\":\"https:\\\/\\\/webdesi-gn.fr\\\/dev_deltalabo\\\/\",\"logo\":{\"@type\":\"ImageObject\",\"inLanguage\":\"fr-FR\",\"@id\":\"https:\\\/\\\/webdesi-gn.fr\\\/dev_deltalabo\\\/#\\\/schema\\\/logo\\\/image\\\/\",\"url\":\"https:\\\/\\\/webdesi-gn.fr\\\/dev_deltalabo\\\/wp-content\\\/uploads\\\/2022\\\/07\\\/logo-deltalabo.png\",\"contentUrl\":\"https:\\\/\\\/webdesi-gn.fr\\\/dev_deltalabo\\\/wp-content\\\/uploads\\\/2022\\\/07\\\/logo-deltalabo.png\",\"width\":694,\"height\":306,\"caption\":\"DeltaLabo\"},\"image\":{\"@id\":\"https:\\\/\\\/webdesi-gn.fr\\\/dev_deltalabo\\\/#\\\/schema\\\/logo\\\/image\\\/\"}}]}<\/script>\n<!-- \/ Yoast SEO plugin. -->","yoast_head_json":{"title":"Mono-broyeur plan\u00e9taire FRITSCH Pulv\u00e9risette 6 | DeltaLabo","robots":{"index":"noindex","follow":"follow","max-snippet":"max-snippet:-1","max-image-preview":"max-image-preview:large","max-video-preview":"max-video-preview:-1"},"og_locale":"fr_FR","og_type":"article","og_title":"Mono-broyeur plan\u00e9taire FRITSCH Pulv\u00e9risette 6 | DeltaLabo","og_description":"Mono-broyeur plan\u00e9taire FRITSCH Pulv\u00e9risette 6 :  L'\u00e9chantillon est introduit avec des billes de broyage dans un bol de broyage.  Les billes de broyage sont d'abord entra\u00een\u00e9es dans le sens de rotation du bol et se d\u00e9tachent de la paroi de celui-ci sous l'effet des forces centrifuges. Ceci entra\u00eene des diff\u00e9rences de vitesse entre les billes et la paroi du bol de telle sorte que d'importantes forces de friction agissent sur l'\u00e9chantillon.  Lors du mouvement rotatif, les billes se d\u00e9tachent de la paroi du bol. Elles viennent frapper l'\u00e9chantillon situ\u00e9 sur la paroi oppos\u00e9e avec des forces d'impact tr\u00e8s \u00e9lev\u00e9es.  Sous l'effet combin\u00e9 des forces d'impact et de friction, il est ainsi possible d'atteindre des seuils de finesse tr\u00e8s \u00e9lev\u00e9s (inf\u00e9rieur au micron).  Le mono-broyeur plan\u00e9taire FRITSCH Pulv\u00e9risette 6 est adapt\u00e9 aux applications ponctuelles n\u00e9cessitant un nombre limit\u00e9 de broyages.  Un contre poids permet ainsi de travailler sur un seul bol \u00e0 la fois.  T\u00e9l\u00e9charger la brochure produit : Mono-broyeur plan\u00e9taire FRITSCH  Visionner l'utilisation du produit : Mono-broyeur plan\u00e9taire FRITSCH","og_url":"https:\/\/webdesi-gn.fr\/dev_deltalabo\/produits\/cat-produit\/mono-broyeur-planetaire-fritsch-modele-p6\/","og_site_name":"DeltaLabo","article_modified_time":"2025-11-24T12:53:14+00:00","og_image":[{"width":800,"height":800,"url":"https:\/\/webdesi-gn.fr\/dev_deltalabo\/wp-content\/uploads\/2024\/01\/DELTA-LABO-pulverisette-6-2.png","type":"image\/png"}],"twitter_card":"summary_large_image","twitter_misc":{"Dur\u00e9e de lecture estim\u00e9e":"1 minute"},"schema":{"@context":"https:\/\/schema.org","@graph":[{"@type":"WebPage","@id":"https:\/\/webdesi-gn.fr\/dev_deltalabo\/produits\/cat-produit\/mono-broyeur-planetaire-fritsch-modele-p6\/","url":"https:\/\/webdesi-gn.fr\/dev_deltalabo\/produits\/cat-produit\/mono-broyeur-planetaire-fritsch-modele-p6\/","name":"Mono-broyeur plan\u00e9taire FRITSCH Pulv\u00e9risette 6 | DeltaLabo","isPartOf":{"@id":"https:\/\/webdesi-gn.fr\/dev_deltalabo\/#website"},"primaryImageOfPage":{"@id":"https:\/\/webdesi-gn.fr\/dev_deltalabo\/produits\/cat-produit\/mono-broyeur-planetaire-fritsch-modele-p6\/#primaryimage"},"image":{"@id":"https:\/\/webdesi-gn.fr\/dev_deltalabo\/produits\/cat-produit\/mono-broyeur-planetaire-fritsch-modele-p6\/#primaryimage"},"thumbnailUrl":"https:\/\/webdesi-gn.fr\/dev_deltalabo\/wp-content\/uploads\/2025\/11\/DELTA-LABO-P6-classic-line.png","datePublished":"2024-01-29T11:01:14+00:00","dateModified":"2025-11-24T12:53:14+00:00","breadcrumb":{"@id":"https:\/\/webdesi-gn.fr\/dev_deltalabo\/produits\/cat-produit\/mono-broyeur-planetaire-fritsch-modele-p6\/#breadcrumb"},"inLanguage":"fr-FR","potentialAction":[{"@type":"ReadAction","target":["https:\/\/webdesi-gn.fr\/dev_deltalabo\/produits\/cat-produit\/mono-broyeur-planetaire-fritsch-modele-p6\/"]}]},{"@type":"ImageObject","inLanguage":"fr-FR","@id":"https:\/\/webdesi-gn.fr\/dev_deltalabo\/produits\/cat-produit\/mono-broyeur-planetaire-fritsch-modele-p6\/#primaryimage","url":"https:\/\/webdesi-gn.fr\/dev_deltalabo\/wp-content\/uploads\/2025\/11\/DELTA-LABO-P6-classic-line.png","contentUrl":"https:\/\/webdesi-gn.fr\/dev_deltalabo\/wp-content\/uploads\/2025\/11\/DELTA-LABO-P6-classic-line.png","width":780,"height":435},{"@type":"BreadcrumbList","@id":"https:\/\/webdesi-gn.fr\/dev_deltalabo\/produits\/cat-produit\/mono-broyeur-planetaire-fritsch-modele-p6\/#breadcrumb","itemListElement":[{"@type":"ListItem","position":1,"name":"Accueil","item":"https:\/\/webdesi-gn.fr\/dev_deltalabo\/"},{"@type":"ListItem","position":2,"name":"Produits","item":"https:\/\/webdesi-gn.fr\/dev_deltalabo\/produits\/"},{"@type":"ListItem","position":3,"name":"Mono-broyeur plan\u00e9taire FRITSCH Pulv\u00e9risette 6"}]},{"@type":"WebSite","@id":"https:\/\/webdesi-gn.fr\/dev_deltalabo\/#website","url":"https:\/\/webdesi-gn.fr\/dev_deltalabo\/","name":"Delta Labo","description":"Un site utilisant WordPress","publisher":{"@id":"https:\/\/webdesi-gn.fr\/dev_deltalabo\/#organization"},"alternateName":"Delta Labo","potentialAction":[{"@type":"SearchAction","target":{"@type":"EntryPoint","urlTemplate":"https:\/\/webdesi-gn.fr\/dev_deltalabo\/?s={search_term_string}"},"query-input":{"@type":"PropertyValueSpecification","valueRequired":true,"valueName":"search_term_string"}}],"inLanguage":"fr-FR"},{"@type":"Organization","@id":"https:\/\/webdesi-gn.fr\/dev_deltalabo\/#organization","name":"DeltaLabo","url":"https:\/\/webdesi-gn.fr\/dev_deltalabo\/","logo":{"@type":"ImageObject","inLanguage":"fr-FR","@id":"https:\/\/webdesi-gn.fr\/dev_deltalabo\/#\/schema\/logo\/image\/","url":"https:\/\/webdesi-gn.fr\/dev_deltalabo\/wp-content\/uploads\/2022\/07\/logo-deltalabo.png","contentUrl":"https:\/\/webdesi-gn.fr\/dev_deltalabo\/wp-content\/uploads\/2022\/07\/logo-deltalabo.png","width":694,"height":306,"caption":"DeltaLabo"},"image":{"@id":"https:\/\/webdesi-gn.fr\/dev_deltalabo\/#\/schema\/logo\/image\/"}}]}},"_links":{"self":[{"href":"https:\/\/webdesi-gn.fr\/dev_deltalabo\/wp-json\/wp\/v2\/product\/255842","targetHints":{"allow":["GET"]}}],"collection":[{"href":"https:\/\/webdesi-gn.fr\/dev_deltalabo\/wp-json\/wp\/v2\/product"}],"about":[{"href":"https:\/\/webdesi-gn.fr\/dev_deltalabo\/wp-json\/wp\/v2\/types\/product"}],"wp:featuredmedia":[{"embeddable":true,"href":"https:\/\/webdesi-gn.fr\/dev_deltalabo\/wp-json\/wp\/v2\/media\/262243"}],"wp:attachment":[{"href":"https:\/\/webdesi-gn.fr\/dev_deltalabo\/wp-json\/wp\/v2\/media?parent=255842"}],"wp:term":[{"taxonomy":"domaine","embeddable":true,"href":"https:\/\/webdesi-gn.fr\/dev_deltalabo\/wp-json\/wp\/v2\/domaine?post=255842"},{"taxonomy":"normes","embeddable":true,"href":"https:\/\/webdesi-gn.fr\/dev_deltalabo\/wp-json\/wp\/v2\/normes?post=255842"},{"taxonomy":"product_brand","embeddable":true,"href":"https:\/\/webdesi-gn.fr\/dev_deltalabo\/wp-json\/wp\/v2\/product_brand?post=255842"},{"taxonomy":"product_cat","embeddable":true,"href":"https:\/\/webdesi-gn.fr\/dev_deltalabo\/wp-json\/wp\/v2\/product_cat?post=255842"},{"taxonomy":"product_tag","embeddable":true,"href":"https:\/\/webdesi-gn.fr\/dev_deltalabo\/wp-json\/wp\/v2\/product_tag?post=255842"}],"curies":[{"name":"wp","href":"https:\/\/api.w.org\/{rel}","templated":true}]}}