{"id":255851,"date":"2024-01-29T12:12:32","date_gmt":"2024-01-29T11:12:32","guid":{"rendered":"https:\/\/webdesi-gn.fr\/dev_deltalabo\/?post_type=product&#038;p=255851"},"modified":"2025-11-24T13:52:56","modified_gmt":"2025-11-24T12:52:56","slug":"mini-broyeur-a-bille-fritsch-modele-p23","status":"publish","type":"product","link":"https:\/\/webdesi-gn.fr\/dev_deltalabo\/produits\/categories\/mini-broyeur-a-bille-fritsch-modele-p23\/","title":{"rendered":"Mini-broyeur \u00e0 bille FRITSCH Pulv\u00e9risette 23"},"content":{"rendered":"","protected":false},"excerpt":{"rendered":"<p><strong>Mini-broyeur \u00e0 bille FRITSCH Pulv\u00e9risette 23 :<\/strong><\/p>\n<p>Le mini-broyeur \u00e0 bille FRITSCH Pulv\u00e9risette 23 est id\u00e9al pour la fragmentation fine d&rsquo;\u00e9chantillons.<\/p>\n<p>Des mouvements oscillants verticaux du bol, de grande amplitude, entra\u00eenent un choc de la bille de broyage et la friction de la bille contre la paroi du bol. Ce mini-broyeur est particuli\u00e8rement adapt\u00e9 aux broyages de faibles quantit\u00e9s d&rsquo;\u00e9chantillon de l&rsquo;ordre de 5mL. Il permet le broyage d&rsquo;\u00e9chantillons secs ou de substances en suspension. Il convient \u00e9galement \u00e0 l&rsquo;homog\u00e9n\u00e9isation d&rsquo;\u00e9mulsions ou de p\u00e2tes.<\/p>\n<p>Ses bols de broyage sph\u00e9riques garantissent un effet renforc\u00e9 du broyage, du m\u00e9lange et de l&rsquo;homog\u00e9n\u00e9isation. Ils sont soumis \u00e0 des oscillations verticales \u00e0 raison de 900 \u2013 3 000 oscillations par minute, d&rsquo;amplitude 9 mm.<\/p>\n<p>Ultra-compact, ce broyeur peut \u00eatre install\u00e9 n&rsquo;importe o\u00f9.<\/p>\n<p><strong>T\u00e9l\u00e9charger la brochure produit :<\/strong> <a href=\"https:\/\/www.deltalabo.fr\/wp-content\/uploads\/2025\/07\/FRITSCH-Product-profile-P0-P23-engl-DL-1.pdf\">Mini-broyeur \u00e0 billes FRITSCH Pulv\u00e9risette 23<\/a><\/p>\n<p><strong>Visionner l&rsquo;utilisation du produit :<\/strong> <a href=\"https:\/\/youtu.be\/pBRtqxLKWTo?t=10\">Mini-broyeur \u00e0 billes FRITSCH Pulv\u00e9risette 23<\/a><\/p>\n","protected":false},"featured_media":262240,"template":"","meta":{"_acf_changed":false,"site-sidebar-layout":"default","site-content-layout":"","ast-site-content-layout":"default","site-content-style":"default","site-sidebar-style":"default","ast-global-header-display":"","ast-banner-title-visibility":"","ast-main-header-display":"","ast-hfb-above-header-display":"","ast-hfb-below-header-display":"","ast-hfb-mobile-header-display":"","site-post-title":"","ast-breadcrumbs-content":"","ast-featured-img":"","footer-sml-layout":"","ast-disable-related-posts":"","theme-transparent-header-meta":"","adv-header-id-meta":"","stick-header-meta":"","header-above-stick-meta":"","header-main-stick-meta":"","header-below-stick-meta":"","astra-migrate-meta-layouts":"default","ast-page-background-enabled":"default","ast-page-background-meta":{"desktop":{"background-color":"var(--ast-global-color-5)","background-image":"","background-repeat":"repeat","background-position":"center center","background-size":"auto","background-attachment":"scroll","background-type":"","background-media":"","overlay-type":"","overlay-color":"","overlay-opacity":"","overlay-gradient":""},"tablet":{"background-color":"","background-image":"","background-repeat":"repeat","background-position":"center center","background-size":"auto","background-attachment":"scroll","background-type":"","background-media":"","overlay-type":"","overlay-color":"","overlay-opacity":"","overlay-gradient":""},"mobile":{"background-color":"","background-image":"","background-repeat":"repeat","background-position":"center center","background-size":"auto","background-attachment":"scroll","background-type":"","background-media":"","overlay-type":"","overlay-color":"","overlay-opacity":"","overlay-gradient":""}},"ast-content-background-meta":{"desktop":{"background-color":"var(--ast-global-color-4)","background-image":"","background-repeat":"repeat","background-position":"center center","background-size":"auto","background-attachment":"scroll","background-type":"","background-media":"","overlay-type":"","overlay-color":"","overlay-opacity":"","overlay-gradient":""},"tablet":{"background-color":"var(--ast-global-color-4)","background-image":"","background-repeat":"repeat","background-position":"center center","background-size":"auto","background-attachment":"scroll","background-type":"","background-media":"","overlay-type":"","overlay-color":"","overlay-opacity":"","overlay-gradient":""},"mobile":{"background-color":"var(--ast-global-color-4)","background-image":"","background-repeat":"repeat","background-position":"center center","background-size":"auto","background-attachment":"scroll","background-type":"","background-media":"","overlay-type":"","overlay-color":"","overlay-opacity":"","overlay-gradient":""}}},"domaine":[],"normes":[17135],"product_brand":[],"product_cat":[17240],"product_tag":[],"class_list":{"0":"post-255851","1":"product","2":"type-product","3":"status-publish","4":"has-post-thumbnail","6":"normes-din-51562","7":"product_cat-categories","8":"desktop-align-left","9":"tablet-align-left","10":"mobile-align-left","12":"first","13":"instock","14":"shipping-taxable","15":"purchasable","16":"product-type-simple"},"acf":[],"yoast_head":"<!-- This site is optimized with the Yoast SEO plugin v27.4 - https:\/\/yoast.com\/product\/yoast-seo-wordpress\/ -->\n<title>Mini-broyeur \u00e0 bille FRITSCH Pulv\u00e9risette 23 | DeltaLabo<\/title>\n<meta name=\"robots\" content=\"noindex, follow, max-snippet:-1, max-image-preview:large, max-video-preview:-1\" \/>\n<meta property=\"og:locale\" content=\"fr_FR\" \/>\n<meta property=\"og:type\" content=\"article\" \/>\n<meta property=\"og:title\" content=\"Mini-broyeur \u00e0 bille FRITSCH Pulv\u00e9risette 23 | DeltaLabo\" \/>\n<meta property=\"og:description\" content=\"Mini-broyeur \u00e0 bille FRITSCH Pulv\u00e9risette 23 :  Le mini-broyeur \u00e0 bille FRITSCH Pulv\u00e9risette 23 est id\u00e9al pour la fragmentation fine d&#039;\u00e9chantillons.  Des mouvements oscillants verticaux du bol, de grande amplitude, entra\u00eenent un choc de la bille de broyage et la friction de la bille contre la paroi du bol. Ce mini-broyeur est particuli\u00e8rement adapt\u00e9 aux broyages de faibles quantit\u00e9s d&#039;\u00e9chantillon de l&#039;ordre de 5mL. Il permet le broyage d&#039;\u00e9chantillons secs ou de substances en suspension. Il convient \u00e9galement \u00e0 l&#039;homog\u00e9n\u00e9isation d&#039;\u00e9mulsions ou de p\u00e2tes.  Ses bols de broyage sph\u00e9riques garantissent un effet renforc\u00e9 du broyage, du m\u00e9lange et de l&#039;homog\u00e9n\u00e9isation. Ils sont soumis \u00e0 des oscillations verticales \u00e0 raison de 900 \u2013 3 000 oscillations par minute, d&#039;amplitude 9 mm.  Ultra-compact, ce broyeur peut \u00eatre install\u00e9 n&#039;importe o\u00f9.  T\u00e9l\u00e9charger la brochure produit : Mini-broyeur \u00e0 billes FRITSCH Pulv\u00e9risette 23  Visionner l&#039;utilisation du produit : Mini-broyeur \u00e0 billes FRITSCH Pulv\u00e9risette 23\" \/>\n<meta property=\"og:url\" content=\"https:\/\/webdesi-gn.fr\/dev_deltalabo\/produits\/cat-produit\/mini-broyeur-a-bille-fritsch-modele-p23\/\" \/>\n<meta property=\"og:site_name\" content=\"DeltaLabo\" \/>\n<meta property=\"article:modified_time\" content=\"2025-11-24T12:52:56+00:00\" \/>\n<meta property=\"og:image\" content=\"https:\/\/webdesi-gn.fr\/dev_deltalabo\/wp-content\/uploads\/2024\/01\/DELTA-LABO-pulverisette-23.png\" \/>\n\t<meta property=\"og:image:width\" content=\"800\" \/>\n\t<meta property=\"og:image:height\" content=\"800\" \/>\n\t<meta property=\"og:image:type\" content=\"image\/png\" \/>\n<meta name=\"twitter:card\" content=\"summary_large_image\" \/>\n<meta name=\"twitter:label1\" content=\"Dur\u00e9e de lecture estim\u00e9e\" \/>\n\t<meta name=\"twitter:data1\" content=\"1 minute\" \/>\n<script type=\"application\/ld+json\" class=\"yoast-schema-graph\">{\"@context\":\"https:\\\/\\\/schema.org\",\"@graph\":[{\"@type\":\"WebPage\",\"@id\":\"https:\\\/\\\/webdesi-gn.fr\\\/dev_deltalabo\\\/produits\\\/cat-produit\\\/mini-broyeur-a-bille-fritsch-modele-p23\\\/\",\"url\":\"https:\\\/\\\/webdesi-gn.fr\\\/dev_deltalabo\\\/produits\\\/cat-produit\\\/mini-broyeur-a-bille-fritsch-modele-p23\\\/\",\"name\":\"Mini-broyeur \u00e0 bille FRITSCH Pulv\u00e9risette 23 | DeltaLabo\",\"isPartOf\":{\"@id\":\"https:\\\/\\\/webdesi-gn.fr\\\/dev_deltalabo\\\/#website\"},\"primaryImageOfPage\":{\"@id\":\"https:\\\/\\\/webdesi-gn.fr\\\/dev_deltalabo\\\/produits\\\/cat-produit\\\/mini-broyeur-a-bille-fritsch-modele-p23\\\/#primaryimage\"},\"image\":{\"@id\":\"https:\\\/\\\/webdesi-gn.fr\\\/dev_deltalabo\\\/produits\\\/cat-produit\\\/mini-broyeur-a-bille-fritsch-modele-p23\\\/#primaryimage\"},\"thumbnailUrl\":\"https:\\\/\\\/webdesi-gn.fr\\\/dev_deltalabo\\\/wp-content\\\/uploads\\\/2025\\\/11\\\/DELTA-LABO-pulverisette-23.png\",\"datePublished\":\"2024-01-29T11:12:32+00:00\",\"dateModified\":\"2025-11-24T12:52:56+00:00\",\"breadcrumb\":{\"@id\":\"https:\\\/\\\/webdesi-gn.fr\\\/dev_deltalabo\\\/produits\\\/cat-produit\\\/mini-broyeur-a-bille-fritsch-modele-p23\\\/#breadcrumb\"},\"inLanguage\":\"fr-FR\",\"potentialAction\":[{\"@type\":\"ReadAction\",\"target\":[\"https:\\\/\\\/webdesi-gn.fr\\\/dev_deltalabo\\\/produits\\\/cat-produit\\\/mini-broyeur-a-bille-fritsch-modele-p23\\\/\"]}]},{\"@type\":\"ImageObject\",\"inLanguage\":\"fr-FR\",\"@id\":\"https:\\\/\\\/webdesi-gn.fr\\\/dev_deltalabo\\\/produits\\\/cat-produit\\\/mini-broyeur-a-bille-fritsch-modele-p23\\\/#primaryimage\",\"url\":\"https:\\\/\\\/webdesi-gn.fr\\\/dev_deltalabo\\\/wp-content\\\/uploads\\\/2025\\\/11\\\/DELTA-LABO-pulverisette-23.png\",\"contentUrl\":\"https:\\\/\\\/webdesi-gn.fr\\\/dev_deltalabo\\\/wp-content\\\/uploads\\\/2025\\\/11\\\/DELTA-LABO-pulverisette-23.png\",\"width\":800,\"height\":800},{\"@type\":\"BreadcrumbList\",\"@id\":\"https:\\\/\\\/webdesi-gn.fr\\\/dev_deltalabo\\\/produits\\\/cat-produit\\\/mini-broyeur-a-bille-fritsch-modele-p23\\\/#breadcrumb\",\"itemListElement\":[{\"@type\":\"ListItem\",\"position\":1,\"name\":\"Accueil\",\"item\":\"https:\\\/\\\/webdesi-gn.fr\\\/dev_deltalabo\\\/\"},{\"@type\":\"ListItem\",\"position\":2,\"name\":\"Produits\",\"item\":\"https:\\\/\\\/webdesi-gn.fr\\\/dev_deltalabo\\\/produits\\\/\"},{\"@type\":\"ListItem\",\"position\":3,\"name\":\"Mini-broyeur \u00e0 bille FRITSCH Pulv\u00e9risette 23\"}]},{\"@type\":\"WebSite\",\"@id\":\"https:\\\/\\\/webdesi-gn.fr\\\/dev_deltalabo\\\/#website\",\"url\":\"https:\\\/\\\/webdesi-gn.fr\\\/dev_deltalabo\\\/\",\"name\":\"Delta Labo\",\"description\":\"Un site utilisant WordPress\",\"publisher\":{\"@id\":\"https:\\\/\\\/webdesi-gn.fr\\\/dev_deltalabo\\\/#organization\"},\"alternateName\":\"Delta Labo\",\"potentialAction\":[{\"@type\":\"SearchAction\",\"target\":{\"@type\":\"EntryPoint\",\"urlTemplate\":\"https:\\\/\\\/webdesi-gn.fr\\\/dev_deltalabo\\\/?s={search_term_string}\"},\"query-input\":{\"@type\":\"PropertyValueSpecification\",\"valueRequired\":true,\"valueName\":\"search_term_string\"}}],\"inLanguage\":\"fr-FR\"},{\"@type\":\"Organization\",\"@id\":\"https:\\\/\\\/webdesi-gn.fr\\\/dev_deltalabo\\\/#organization\",\"name\":\"DeltaLabo\",\"url\":\"https:\\\/\\\/webdesi-gn.fr\\\/dev_deltalabo\\\/\",\"logo\":{\"@type\":\"ImageObject\",\"inLanguage\":\"fr-FR\",\"@id\":\"https:\\\/\\\/webdesi-gn.fr\\\/dev_deltalabo\\\/#\\\/schema\\\/logo\\\/image\\\/\",\"url\":\"https:\\\/\\\/webdesi-gn.fr\\\/dev_deltalabo\\\/wp-content\\\/uploads\\\/2022\\\/07\\\/logo-deltalabo.png\",\"contentUrl\":\"https:\\\/\\\/webdesi-gn.fr\\\/dev_deltalabo\\\/wp-content\\\/uploads\\\/2022\\\/07\\\/logo-deltalabo.png\",\"width\":694,\"height\":306,\"caption\":\"DeltaLabo\"},\"image\":{\"@id\":\"https:\\\/\\\/webdesi-gn.fr\\\/dev_deltalabo\\\/#\\\/schema\\\/logo\\\/image\\\/\"}}]}<\/script>\n<!-- \/ Yoast SEO plugin. -->","yoast_head_json":{"title":"Mini-broyeur \u00e0 bille FRITSCH Pulv\u00e9risette 23 | DeltaLabo","robots":{"index":"noindex","follow":"follow","max-snippet":"max-snippet:-1","max-image-preview":"max-image-preview:large","max-video-preview":"max-video-preview:-1"},"og_locale":"fr_FR","og_type":"article","og_title":"Mini-broyeur \u00e0 bille FRITSCH Pulv\u00e9risette 23 | DeltaLabo","og_description":"Mini-broyeur \u00e0 bille FRITSCH Pulv\u00e9risette 23 :  Le mini-broyeur \u00e0 bille FRITSCH Pulv\u00e9risette 23 est id\u00e9al pour la fragmentation fine d'\u00e9chantillons.  Des mouvements oscillants verticaux du bol, de grande amplitude, entra\u00eenent un choc de la bille de broyage et la friction de la bille contre la paroi du bol. Ce mini-broyeur est particuli\u00e8rement adapt\u00e9 aux broyages de faibles quantit\u00e9s d'\u00e9chantillon de l'ordre de 5mL. Il permet le broyage d'\u00e9chantillons secs ou de substances en suspension. Il convient \u00e9galement \u00e0 l'homog\u00e9n\u00e9isation d'\u00e9mulsions ou de p\u00e2tes.  Ses bols de broyage sph\u00e9riques garantissent un effet renforc\u00e9 du broyage, du m\u00e9lange et de l'homog\u00e9n\u00e9isation. Ils sont soumis \u00e0 des oscillations verticales \u00e0 raison de 900 \u2013 3 000 oscillations par minute, d'amplitude 9 mm.  Ultra-compact, ce broyeur peut \u00eatre install\u00e9 n'importe o\u00f9.  T\u00e9l\u00e9charger la brochure produit : Mini-broyeur \u00e0 billes FRITSCH Pulv\u00e9risette 23  Visionner l'utilisation du produit : Mini-broyeur \u00e0 billes FRITSCH Pulv\u00e9risette 23","og_url":"https:\/\/webdesi-gn.fr\/dev_deltalabo\/produits\/cat-produit\/mini-broyeur-a-bille-fritsch-modele-p23\/","og_site_name":"DeltaLabo","article_modified_time":"2025-11-24T12:52:56+00:00","og_image":[{"width":800,"height":800,"url":"https:\/\/webdesi-gn.fr\/dev_deltalabo\/wp-content\/uploads\/2024\/01\/DELTA-LABO-pulverisette-23.png","type":"image\/png"}],"twitter_card":"summary_large_image","twitter_misc":{"Dur\u00e9e de lecture estim\u00e9e":"1 minute"},"schema":{"@context":"https:\/\/schema.org","@graph":[{"@type":"WebPage","@id":"https:\/\/webdesi-gn.fr\/dev_deltalabo\/produits\/cat-produit\/mini-broyeur-a-bille-fritsch-modele-p23\/","url":"https:\/\/webdesi-gn.fr\/dev_deltalabo\/produits\/cat-produit\/mini-broyeur-a-bille-fritsch-modele-p23\/","name":"Mini-broyeur \u00e0 bille FRITSCH Pulv\u00e9risette 23 | DeltaLabo","isPartOf":{"@id":"https:\/\/webdesi-gn.fr\/dev_deltalabo\/#website"},"primaryImageOfPage":{"@id":"https:\/\/webdesi-gn.fr\/dev_deltalabo\/produits\/cat-produit\/mini-broyeur-a-bille-fritsch-modele-p23\/#primaryimage"},"image":{"@id":"https:\/\/webdesi-gn.fr\/dev_deltalabo\/produits\/cat-produit\/mini-broyeur-a-bille-fritsch-modele-p23\/#primaryimage"},"thumbnailUrl":"https:\/\/webdesi-gn.fr\/dev_deltalabo\/wp-content\/uploads\/2025\/11\/DELTA-LABO-pulverisette-23.png","datePublished":"2024-01-29T11:12:32+00:00","dateModified":"2025-11-24T12:52:56+00:00","breadcrumb":{"@id":"https:\/\/webdesi-gn.fr\/dev_deltalabo\/produits\/cat-produit\/mini-broyeur-a-bille-fritsch-modele-p23\/#breadcrumb"},"inLanguage":"fr-FR","potentialAction":[{"@type":"ReadAction","target":["https:\/\/webdesi-gn.fr\/dev_deltalabo\/produits\/cat-produit\/mini-broyeur-a-bille-fritsch-modele-p23\/"]}]},{"@type":"ImageObject","inLanguage":"fr-FR","@id":"https:\/\/webdesi-gn.fr\/dev_deltalabo\/produits\/cat-produit\/mini-broyeur-a-bille-fritsch-modele-p23\/#primaryimage","url":"https:\/\/webdesi-gn.fr\/dev_deltalabo\/wp-content\/uploads\/2025\/11\/DELTA-LABO-pulverisette-23.png","contentUrl":"https:\/\/webdesi-gn.fr\/dev_deltalabo\/wp-content\/uploads\/2025\/11\/DELTA-LABO-pulverisette-23.png","width":800,"height":800},{"@type":"BreadcrumbList","@id":"https:\/\/webdesi-gn.fr\/dev_deltalabo\/produits\/cat-produit\/mini-broyeur-a-bille-fritsch-modele-p23\/#breadcrumb","itemListElement":[{"@type":"ListItem","position":1,"name":"Accueil","item":"https:\/\/webdesi-gn.fr\/dev_deltalabo\/"},{"@type":"ListItem","position":2,"name":"Produits","item":"https:\/\/webdesi-gn.fr\/dev_deltalabo\/produits\/"},{"@type":"ListItem","position":3,"name":"Mini-broyeur \u00e0 bille FRITSCH Pulv\u00e9risette 23"}]},{"@type":"WebSite","@id":"https:\/\/webdesi-gn.fr\/dev_deltalabo\/#website","url":"https:\/\/webdesi-gn.fr\/dev_deltalabo\/","name":"Delta Labo","description":"Un site utilisant WordPress","publisher":{"@id":"https:\/\/webdesi-gn.fr\/dev_deltalabo\/#organization"},"alternateName":"Delta Labo","potentialAction":[{"@type":"SearchAction","target":{"@type":"EntryPoint","urlTemplate":"https:\/\/webdesi-gn.fr\/dev_deltalabo\/?s={search_term_string}"},"query-input":{"@type":"PropertyValueSpecification","valueRequired":true,"valueName":"search_term_string"}}],"inLanguage":"fr-FR"},{"@type":"Organization","@id":"https:\/\/webdesi-gn.fr\/dev_deltalabo\/#organization","name":"DeltaLabo","url":"https:\/\/webdesi-gn.fr\/dev_deltalabo\/","logo":{"@type":"ImageObject","inLanguage":"fr-FR","@id":"https:\/\/webdesi-gn.fr\/dev_deltalabo\/#\/schema\/logo\/image\/","url":"https:\/\/webdesi-gn.fr\/dev_deltalabo\/wp-content\/uploads\/2022\/07\/logo-deltalabo.png","contentUrl":"https:\/\/webdesi-gn.fr\/dev_deltalabo\/wp-content\/uploads\/2022\/07\/logo-deltalabo.png","width":694,"height":306,"caption":"DeltaLabo"},"image":{"@id":"https:\/\/webdesi-gn.fr\/dev_deltalabo\/#\/schema\/logo\/image\/"}}]}},"_links":{"self":[{"href":"https:\/\/webdesi-gn.fr\/dev_deltalabo\/wp-json\/wp\/v2\/product\/255851","targetHints":{"allow":["GET"]}}],"collection":[{"href":"https:\/\/webdesi-gn.fr\/dev_deltalabo\/wp-json\/wp\/v2\/product"}],"about":[{"href":"https:\/\/webdesi-gn.fr\/dev_deltalabo\/wp-json\/wp\/v2\/types\/product"}],"wp:featuredmedia":[{"embeddable":true,"href":"https:\/\/webdesi-gn.fr\/dev_deltalabo\/wp-json\/wp\/v2\/media\/262240"}],"wp:attachment":[{"href":"https:\/\/webdesi-gn.fr\/dev_deltalabo\/wp-json\/wp\/v2\/media?parent=255851"}],"wp:term":[{"taxonomy":"domaine","embeddable":true,"href":"https:\/\/webdesi-gn.fr\/dev_deltalabo\/wp-json\/wp\/v2\/domaine?post=255851"},{"taxonomy":"normes","embeddable":true,"href":"https:\/\/webdesi-gn.fr\/dev_deltalabo\/wp-json\/wp\/v2\/normes?post=255851"},{"taxonomy":"product_brand","embeddable":true,"href":"https:\/\/webdesi-gn.fr\/dev_deltalabo\/wp-json\/wp\/v2\/product_brand?post=255851"},{"taxonomy":"product_cat","embeddable":true,"href":"https:\/\/webdesi-gn.fr\/dev_deltalabo\/wp-json\/wp\/v2\/product_cat?post=255851"},{"taxonomy":"product_tag","embeddable":true,"href":"https:\/\/webdesi-gn.fr\/dev_deltalabo\/wp-json\/wp\/v2\/product_tag?post=255851"}],"curies":[{"name":"wp","href":"https:\/\/api.w.org\/{rel}","templated":true}]}}