{"id":255860,"date":"2024-01-29T12:22:04","date_gmt":"2024-01-29T11:22:04","guid":{"rendered":"https:\/\/webdesi-gn.fr\/dev_deltalabo\/?post_type=product&#038;p=255860"},"modified":"2025-12-17T16:24:10","modified_gmt":"2025-12-17T15:24:10","slug":"broyeur-turbulaire-drum-hoop-mixer-rrm-mini-ii","status":"publish","type":"product","link":"https:\/\/webdesi-gn.fr\/dev_deltalabo\/produits\/categories\/broyeur-turbulaire-drum-hoop-mixer-rrm-mini-ii\/","title":{"rendered":"M\u00e9langeur turbulaire Drum Hoop Mixer RRM Mini-II"},"content":{"rendered":"","protected":false},"excerpt":{"rendered":"<p><strong>M\u00e9langeur turbulaire Drum Hoop Mixer RRM Mini-II :<\/strong><\/p>\n<p>Le m\u00e9langeur turbulaire Drum Hoop RRM Mini-II est l&rsquo;instrument id\u00e9al pour le m\u00e9lange des poudres, des granul\u00e9s, la teinture de plastiques, le m\u00e9lange de mati\u00e8res solides et liquides.<\/p>\n<p>Le m\u00e9langeur turbulaire Drum Hoop Mixer RRM Mini-II poss\u00e8de de nombreux accessoires adapt\u00e9s pour chaque application.<\/p>\n<p>La capacit\u00e9 de m\u00e9lange est d&rsquo;environ 5 Kg avec la possibilit\u00e9 d&rsquo;ajuster la vitesse de rotation du moteur entre 5 et 40 tours par minute.<\/p>\n<p>Caract\u00e9ristiques :<\/p>\n<ul>\n<li>Vitesse r\u00e9glable en continu : 5-40rpm<\/li>\n<li>Niveau sonore, selon la norme DIN 45635 : 70dB<\/li>\n<li>Le m\u00e9langeur \u00e0 tambour est con\u00e7u pour un remplissage entre 40% et 70% et un poids maximal du produit de 5 kg<\/li>\n<\/ul>\n<p><strong>T\u00e9l\u00e9charger la brochure produit :<\/strong> <a href=\"https:\/\/www.deltalabo.fr\/wp-content\/uploads\/2025\/04\/Doc-melangeur-turbulaire-engl-DL.pdf\">M\u00e9langeur Turbulaire Drum Hoop Mixer RMM Mini II<\/a><\/p>\n","protected":false},"featured_media":262235,"template":"","meta":{"_acf_changed":false,"site-sidebar-layout":"default","site-content-layout":"","ast-site-content-layout":"default","site-content-style":"default","site-sidebar-style":"default","ast-global-header-display":"","ast-banner-title-visibility":"","ast-main-header-display":"","ast-hfb-above-header-display":"","ast-hfb-below-header-display":"","ast-hfb-mobile-header-display":"","site-post-title":"","ast-breadcrumbs-content":"","ast-featured-img":"","footer-sml-layout":"","ast-disable-related-posts":"","theme-transparent-header-meta":"default","adv-header-id-meta":"","stick-header-meta":"","header-above-stick-meta":"","header-main-stick-meta":"","header-below-stick-meta":"","astra-migrate-meta-layouts":"set","ast-page-background-enabled":"default","ast-page-background-meta":{"desktop":{"background-color":"var(--ast-global-color-5)","background-image":"","background-repeat":"repeat","background-position":"center center","background-size":"auto","background-attachment":"scroll","background-type":"","background-media":"","overlay-type":"","overlay-color":"","overlay-opacity":"","overlay-gradient":""},"tablet":{"background-color":"","background-image":"","background-repeat":"repeat","background-position":"center center","background-size":"auto","background-attachment":"scroll","background-type":"","background-media":"","overlay-type":"","overlay-color":"","overlay-opacity":"","overlay-gradient":""},"mobile":{"background-color":"","background-image":"","background-repeat":"repeat","background-position":"center center","background-size":"auto","background-attachment":"scroll","background-type":"","background-media":"","overlay-type":"","overlay-color":"","overlay-opacity":"","overlay-gradient":""}},"ast-content-background-meta":{"desktop":{"background-color":"var(--ast-global-color-4)","background-image":"","background-repeat":"repeat","background-position":"center center","background-size":"auto","background-attachment":"scroll","background-type":"","background-media":"","overlay-type":"","overlay-color":"","overlay-opacity":"","overlay-gradient":""},"tablet":{"background-color":"var(--ast-global-color-4)","background-image":"","background-repeat":"repeat","background-position":"center center","background-size":"auto","background-attachment":"scroll","background-type":"","background-media":"","overlay-type":"","overlay-color":"","overlay-opacity":"","overlay-gradient":""},"mobile":{"background-color":"var(--ast-global-color-4)","background-image":"","background-repeat":"repeat","background-position":"center center","background-size":"auto","background-attachment":"scroll","background-type":"","background-media":"","overlay-type":"","overlay-color":"","overlay-opacity":"","overlay-gradient":""}}},"domaine":[17185,17186],"normes":[],"product_brand":[],"product_cat":[17240],"product_tag":[],"class_list":{"0":"post-255860","1":"product","2":"type-product","3":"status-publish","4":"has-post-thumbnail","6":"domaine-preparation-echantillons","7":"domaine-recherche-et-developpement","8":"product_cat-categories","9":"desktop-align-left","10":"tablet-align-left","11":"mobile-align-left","13":"first","14":"instock","15":"shipping-taxable","16":"product-type-simple"},"acf":[],"yoast_head":"<!-- This site is optimized with the Yoast SEO plugin v27.4 - https:\/\/yoast.com\/product\/yoast-seo-wordpress\/ -->\n<title>M\u00e9langeur turbulaire Drum Hoop Mixer RRM Mini-II | DeltaLabo<\/title>\n<meta name=\"robots\" content=\"noindex, follow, max-snippet:-1, max-image-preview:large, max-video-preview:-1\" \/>\n<meta property=\"og:locale\" content=\"fr_FR\" \/>\n<meta property=\"og:type\" content=\"article\" \/>\n<meta property=\"og:title\" content=\"M\u00e9langeur turbulaire Drum Hoop Mixer RRM Mini-II | DeltaLabo\" \/>\n<meta property=\"og:description\" content=\"M\u00e9langeur turbulaire Drum Hoop Mixer RRM Mini-II :  Le m\u00e9langeur turbulaire Drum Hoop RRM Mini-II est l&#039;instrument id\u00e9al pour le m\u00e9lange des poudres, des granul\u00e9s, la teinture de plastiques, le m\u00e9lange de mati\u00e8res solides et liquides.  Le m\u00e9langeur turbulaire Drum Hoop Mixer RRM Mini-II poss\u00e8de de nombreux accessoires adapt\u00e9s pour chaque application.  La capacit\u00e9 de m\u00e9lange est d&#039;environ 5 Kg avec la possibilit\u00e9 d&#039;ajuster la vitesse de rotation du moteur entre 5 et 40 tours par minute.  Caract\u00e9ristiques :   Vitesse r\u00e9glable en continu : 5-40rpm  Niveau sonore, selon la norme DIN 45635 : 70dB  Le m\u00e9langeur \u00e0 tambour est con\u00e7u pour un remplissage entre 40% et 70% et un poids maximal du produit de 5 kg  T\u00e9l\u00e9charger la brochure produit : M\u00e9langeur Turbulaire Drum Hoop Mixer RMM Mini II\" \/>\n<meta property=\"og:url\" content=\"https:\/\/webdesi-gn.fr\/dev_deltalabo\/produits\/categories\/broyeur-turbulaire-drum-hoop-mixer-rrm-mini-ii\/\" \/>\n<meta property=\"og:site_name\" content=\"DeltaLabo\" \/>\n<meta property=\"article:modified_time\" content=\"2025-12-17T15:24:10+00:00\" \/>\n<meta property=\"og:image\" content=\"https:\/\/webdesi-gn.fr\/dev_deltalabo\/wp-content\/uploads\/2025\/11\/DELTA-LABO-Broyeur-turbulaire-Mixer-RRM-Mini-II-1.jpg\" \/>\n\t<meta property=\"og:image:width\" content=\"776\" \/>\n\t<meta property=\"og:image:height\" content=\"725\" \/>\n\t<meta property=\"og:image:type\" content=\"image\/jpeg\" \/>\n<meta name=\"twitter:card\" content=\"summary_large_image\" \/>\n<meta name=\"twitter:label1\" content=\"Dur\u00e9e de lecture estim\u00e9e\" \/>\n\t<meta name=\"twitter:data1\" content=\"1 minute\" \/>\n<script type=\"application\/ld+json\" class=\"yoast-schema-graph\">{\"@context\":\"https:\\\/\\\/schema.org\",\"@graph\":[{\"@type\":\"WebPage\",\"@id\":\"https:\\\/\\\/webdesi-gn.fr\\\/dev_deltalabo\\\/produits\\\/categories\\\/broyeur-turbulaire-drum-hoop-mixer-rrm-mini-ii\\\/\",\"url\":\"https:\\\/\\\/webdesi-gn.fr\\\/dev_deltalabo\\\/produits\\\/categories\\\/broyeur-turbulaire-drum-hoop-mixer-rrm-mini-ii\\\/\",\"name\":\"M\u00e9langeur turbulaire Drum Hoop Mixer RRM Mini-II | DeltaLabo\",\"isPartOf\":{\"@id\":\"https:\\\/\\\/webdesi-gn.fr\\\/dev_deltalabo\\\/#website\"},\"primaryImageOfPage\":{\"@id\":\"https:\\\/\\\/webdesi-gn.fr\\\/dev_deltalabo\\\/produits\\\/categories\\\/broyeur-turbulaire-drum-hoop-mixer-rrm-mini-ii\\\/#primaryimage\"},\"image\":{\"@id\":\"https:\\\/\\\/webdesi-gn.fr\\\/dev_deltalabo\\\/produits\\\/categories\\\/broyeur-turbulaire-drum-hoop-mixer-rrm-mini-ii\\\/#primaryimage\"},\"thumbnailUrl\":\"https:\\\/\\\/webdesi-gn.fr\\\/dev_deltalabo\\\/wp-content\\\/uploads\\\/2025\\\/11\\\/DELTA-LABO-Broyeur-turbulaire-Mixer-RRM-Mini-II-1.jpg\",\"datePublished\":\"2024-01-29T11:22:04+00:00\",\"dateModified\":\"2025-12-17T15:24:10+00:00\",\"breadcrumb\":{\"@id\":\"https:\\\/\\\/webdesi-gn.fr\\\/dev_deltalabo\\\/produits\\\/categories\\\/broyeur-turbulaire-drum-hoop-mixer-rrm-mini-ii\\\/#breadcrumb\"},\"inLanguage\":\"fr-FR\",\"potentialAction\":[{\"@type\":\"ReadAction\",\"target\":[\"https:\\\/\\\/webdesi-gn.fr\\\/dev_deltalabo\\\/produits\\\/categories\\\/broyeur-turbulaire-drum-hoop-mixer-rrm-mini-ii\\\/\"]}]},{\"@type\":\"ImageObject\",\"inLanguage\":\"fr-FR\",\"@id\":\"https:\\\/\\\/webdesi-gn.fr\\\/dev_deltalabo\\\/produits\\\/categories\\\/broyeur-turbulaire-drum-hoop-mixer-rrm-mini-ii\\\/#primaryimage\",\"url\":\"https:\\\/\\\/webdesi-gn.fr\\\/dev_deltalabo\\\/wp-content\\\/uploads\\\/2025\\\/11\\\/DELTA-LABO-Broyeur-turbulaire-Mixer-RRM-Mini-II-1.jpg\",\"contentUrl\":\"https:\\\/\\\/webdesi-gn.fr\\\/dev_deltalabo\\\/wp-content\\\/uploads\\\/2025\\\/11\\\/DELTA-LABO-Broyeur-turbulaire-Mixer-RRM-Mini-II-1.jpg\",\"width\":776,\"height\":725},{\"@type\":\"BreadcrumbList\",\"@id\":\"https:\\\/\\\/webdesi-gn.fr\\\/dev_deltalabo\\\/produits\\\/categories\\\/broyeur-turbulaire-drum-hoop-mixer-rrm-mini-ii\\\/#breadcrumb\",\"itemListElement\":[{\"@type\":\"ListItem\",\"position\":1,\"name\":\"Accueil\",\"item\":\"https:\\\/\\\/webdesi-gn.fr\\\/dev_deltalabo\\\/\"},{\"@type\":\"ListItem\",\"position\":2,\"name\":\"Produits\",\"item\":\"https:\\\/\\\/webdesi-gn.fr\\\/dev_deltalabo\\\/produits\\\/\"},{\"@type\":\"ListItem\",\"position\":3,\"name\":\"M\u00e9langeur turbulaire Drum Hoop Mixer RRM Mini-II\"}]},{\"@type\":\"WebSite\",\"@id\":\"https:\\\/\\\/webdesi-gn.fr\\\/dev_deltalabo\\\/#website\",\"url\":\"https:\\\/\\\/webdesi-gn.fr\\\/dev_deltalabo\\\/\",\"name\":\"Delta Labo\",\"description\":\"Un site utilisant WordPress\",\"publisher\":{\"@id\":\"https:\\\/\\\/webdesi-gn.fr\\\/dev_deltalabo\\\/#organization\"},\"alternateName\":\"Delta Labo\",\"potentialAction\":[{\"@type\":\"SearchAction\",\"target\":{\"@type\":\"EntryPoint\",\"urlTemplate\":\"https:\\\/\\\/webdesi-gn.fr\\\/dev_deltalabo\\\/?s={search_term_string}\"},\"query-input\":{\"@type\":\"PropertyValueSpecification\",\"valueRequired\":true,\"valueName\":\"search_term_string\"}}],\"inLanguage\":\"fr-FR\"},{\"@type\":\"Organization\",\"@id\":\"https:\\\/\\\/webdesi-gn.fr\\\/dev_deltalabo\\\/#organization\",\"name\":\"DeltaLabo\",\"url\":\"https:\\\/\\\/webdesi-gn.fr\\\/dev_deltalabo\\\/\",\"logo\":{\"@type\":\"ImageObject\",\"inLanguage\":\"fr-FR\",\"@id\":\"https:\\\/\\\/webdesi-gn.fr\\\/dev_deltalabo\\\/#\\\/schema\\\/logo\\\/image\\\/\",\"url\":\"https:\\\/\\\/webdesi-gn.fr\\\/dev_deltalabo\\\/wp-content\\\/uploads\\\/2022\\\/07\\\/logo-deltalabo.png\",\"contentUrl\":\"https:\\\/\\\/webdesi-gn.fr\\\/dev_deltalabo\\\/wp-content\\\/uploads\\\/2022\\\/07\\\/logo-deltalabo.png\",\"width\":694,\"height\":306,\"caption\":\"DeltaLabo\"},\"image\":{\"@id\":\"https:\\\/\\\/webdesi-gn.fr\\\/dev_deltalabo\\\/#\\\/schema\\\/logo\\\/image\\\/\"}}]}<\/script>\n<!-- \/ Yoast SEO plugin. -->","yoast_head_json":{"title":"M\u00e9langeur turbulaire Drum Hoop Mixer RRM Mini-II | DeltaLabo","robots":{"index":"noindex","follow":"follow","max-snippet":"max-snippet:-1","max-image-preview":"max-image-preview:large","max-video-preview":"max-video-preview:-1"},"og_locale":"fr_FR","og_type":"article","og_title":"M\u00e9langeur turbulaire Drum Hoop Mixer RRM Mini-II | DeltaLabo","og_description":"M\u00e9langeur turbulaire Drum Hoop Mixer RRM Mini-II :  Le m\u00e9langeur turbulaire Drum Hoop RRM Mini-II est l'instrument id\u00e9al pour le m\u00e9lange des poudres, des granul\u00e9s, la teinture de plastiques, le m\u00e9lange de mati\u00e8res solides et liquides.  Le m\u00e9langeur turbulaire Drum Hoop Mixer RRM Mini-II poss\u00e8de de nombreux accessoires adapt\u00e9s pour chaque application.  La capacit\u00e9 de m\u00e9lange est d'environ 5 Kg avec la possibilit\u00e9 d'ajuster la vitesse de rotation du moteur entre 5 et 40 tours par minute.  Caract\u00e9ristiques :   Vitesse r\u00e9glable en continu : 5-40rpm  Niveau sonore, selon la norme DIN 45635 : 70dB  Le m\u00e9langeur \u00e0 tambour est con\u00e7u pour un remplissage entre 40% et 70% et un poids maximal du produit de 5 kg  T\u00e9l\u00e9charger la brochure produit : M\u00e9langeur Turbulaire Drum Hoop Mixer RMM Mini II","og_url":"https:\/\/webdesi-gn.fr\/dev_deltalabo\/produits\/categories\/broyeur-turbulaire-drum-hoop-mixer-rrm-mini-ii\/","og_site_name":"DeltaLabo","article_modified_time":"2025-12-17T15:24:10+00:00","og_image":[{"width":776,"height":725,"url":"https:\/\/webdesi-gn.fr\/dev_deltalabo\/wp-content\/uploads\/2025\/11\/DELTA-LABO-Broyeur-turbulaire-Mixer-RRM-Mini-II-1.jpg","type":"image\/jpeg"}],"twitter_card":"summary_large_image","twitter_misc":{"Dur\u00e9e de lecture estim\u00e9e":"1 minute"},"schema":{"@context":"https:\/\/schema.org","@graph":[{"@type":"WebPage","@id":"https:\/\/webdesi-gn.fr\/dev_deltalabo\/produits\/categories\/broyeur-turbulaire-drum-hoop-mixer-rrm-mini-ii\/","url":"https:\/\/webdesi-gn.fr\/dev_deltalabo\/produits\/categories\/broyeur-turbulaire-drum-hoop-mixer-rrm-mini-ii\/","name":"M\u00e9langeur turbulaire Drum Hoop Mixer RRM Mini-II | DeltaLabo","isPartOf":{"@id":"https:\/\/webdesi-gn.fr\/dev_deltalabo\/#website"},"primaryImageOfPage":{"@id":"https:\/\/webdesi-gn.fr\/dev_deltalabo\/produits\/categories\/broyeur-turbulaire-drum-hoop-mixer-rrm-mini-ii\/#primaryimage"},"image":{"@id":"https:\/\/webdesi-gn.fr\/dev_deltalabo\/produits\/categories\/broyeur-turbulaire-drum-hoop-mixer-rrm-mini-ii\/#primaryimage"},"thumbnailUrl":"https:\/\/webdesi-gn.fr\/dev_deltalabo\/wp-content\/uploads\/2025\/11\/DELTA-LABO-Broyeur-turbulaire-Mixer-RRM-Mini-II-1.jpg","datePublished":"2024-01-29T11:22:04+00:00","dateModified":"2025-12-17T15:24:10+00:00","breadcrumb":{"@id":"https:\/\/webdesi-gn.fr\/dev_deltalabo\/produits\/categories\/broyeur-turbulaire-drum-hoop-mixer-rrm-mini-ii\/#breadcrumb"},"inLanguage":"fr-FR","potentialAction":[{"@type":"ReadAction","target":["https:\/\/webdesi-gn.fr\/dev_deltalabo\/produits\/categories\/broyeur-turbulaire-drum-hoop-mixer-rrm-mini-ii\/"]}]},{"@type":"ImageObject","inLanguage":"fr-FR","@id":"https:\/\/webdesi-gn.fr\/dev_deltalabo\/produits\/categories\/broyeur-turbulaire-drum-hoop-mixer-rrm-mini-ii\/#primaryimage","url":"https:\/\/webdesi-gn.fr\/dev_deltalabo\/wp-content\/uploads\/2025\/11\/DELTA-LABO-Broyeur-turbulaire-Mixer-RRM-Mini-II-1.jpg","contentUrl":"https:\/\/webdesi-gn.fr\/dev_deltalabo\/wp-content\/uploads\/2025\/11\/DELTA-LABO-Broyeur-turbulaire-Mixer-RRM-Mini-II-1.jpg","width":776,"height":725},{"@type":"BreadcrumbList","@id":"https:\/\/webdesi-gn.fr\/dev_deltalabo\/produits\/categories\/broyeur-turbulaire-drum-hoop-mixer-rrm-mini-ii\/#breadcrumb","itemListElement":[{"@type":"ListItem","position":1,"name":"Accueil","item":"https:\/\/webdesi-gn.fr\/dev_deltalabo\/"},{"@type":"ListItem","position":2,"name":"Produits","item":"https:\/\/webdesi-gn.fr\/dev_deltalabo\/produits\/"},{"@type":"ListItem","position":3,"name":"M\u00e9langeur turbulaire Drum Hoop Mixer RRM Mini-II"}]},{"@type":"WebSite","@id":"https:\/\/webdesi-gn.fr\/dev_deltalabo\/#website","url":"https:\/\/webdesi-gn.fr\/dev_deltalabo\/","name":"Delta Labo","description":"Un site utilisant WordPress","publisher":{"@id":"https:\/\/webdesi-gn.fr\/dev_deltalabo\/#organization"},"alternateName":"Delta Labo","potentialAction":[{"@type":"SearchAction","target":{"@type":"EntryPoint","urlTemplate":"https:\/\/webdesi-gn.fr\/dev_deltalabo\/?s={search_term_string}"},"query-input":{"@type":"PropertyValueSpecification","valueRequired":true,"valueName":"search_term_string"}}],"inLanguage":"fr-FR"},{"@type":"Organization","@id":"https:\/\/webdesi-gn.fr\/dev_deltalabo\/#organization","name":"DeltaLabo","url":"https:\/\/webdesi-gn.fr\/dev_deltalabo\/","logo":{"@type":"ImageObject","inLanguage":"fr-FR","@id":"https:\/\/webdesi-gn.fr\/dev_deltalabo\/#\/schema\/logo\/image\/","url":"https:\/\/webdesi-gn.fr\/dev_deltalabo\/wp-content\/uploads\/2022\/07\/logo-deltalabo.png","contentUrl":"https:\/\/webdesi-gn.fr\/dev_deltalabo\/wp-content\/uploads\/2022\/07\/logo-deltalabo.png","width":694,"height":306,"caption":"DeltaLabo"},"image":{"@id":"https:\/\/webdesi-gn.fr\/dev_deltalabo\/#\/schema\/logo\/image\/"}}]}},"_links":{"self":[{"href":"https:\/\/webdesi-gn.fr\/dev_deltalabo\/wp-json\/wp\/v2\/product\/255860","targetHints":{"allow":["GET"]}}],"collection":[{"href":"https:\/\/webdesi-gn.fr\/dev_deltalabo\/wp-json\/wp\/v2\/product"}],"about":[{"href":"https:\/\/webdesi-gn.fr\/dev_deltalabo\/wp-json\/wp\/v2\/types\/product"}],"wp:featuredmedia":[{"embeddable":true,"href":"https:\/\/webdesi-gn.fr\/dev_deltalabo\/wp-json\/wp\/v2\/media\/262235"}],"wp:attachment":[{"href":"https:\/\/webdesi-gn.fr\/dev_deltalabo\/wp-json\/wp\/v2\/media?parent=255860"}],"wp:term":[{"taxonomy":"domaine","embeddable":true,"href":"https:\/\/webdesi-gn.fr\/dev_deltalabo\/wp-json\/wp\/v2\/domaine?post=255860"},{"taxonomy":"normes","embeddable":true,"href":"https:\/\/webdesi-gn.fr\/dev_deltalabo\/wp-json\/wp\/v2\/normes?post=255860"},{"taxonomy":"product_brand","embeddable":true,"href":"https:\/\/webdesi-gn.fr\/dev_deltalabo\/wp-json\/wp\/v2\/product_brand?post=255860"},{"taxonomy":"product_cat","embeddable":true,"href":"https:\/\/webdesi-gn.fr\/dev_deltalabo\/wp-json\/wp\/v2\/product_cat?post=255860"},{"taxonomy":"product_tag","embeddable":true,"href":"https:\/\/webdesi-gn.fr\/dev_deltalabo\/wp-json\/wp\/v2\/product_tag?post=255860"}],"curies":[{"name":"wp","href":"https:\/\/api.w.org\/{rel}","templated":true}]}}