{"id":255863,"date":"2024-01-29T12:38:35","date_gmt":"2024-01-29T11:38:35","guid":{"rendered":"https:\/\/webdesi-gn.fr\/dev_deltalabo\/?post_type=product&#038;p=255863"},"modified":"2025-11-24T13:52:37","modified_gmt":"2025-11-24T12:52:37","slug":"broyeur-a-disques-et-anneaux-oscillants-fritsch-modele-p9","status":"publish","type":"product","link":"https:\/\/webdesi-gn.fr\/dev_deltalabo\/produits\/categories\/broyeur-a-disques-et-anneaux-oscillants-fritsch-modele-p9\/","title":{"rendered":"Broyeur \u00e0 disques oscillants FRITSCH PULVERISETTE 9"},"content":{"rendered":"","protected":false},"excerpt":{"rendered":"<p><strong>Broyeur \u00e0 disques oscillants FRITSCH PULVERISETTE 9 :<\/strong><\/p>\n<p>L&rsquo;\u00e9chantillon est introduit avec ses garnitures de broyage (anneaux, cylindres) dans une chambre de broyage circulaire cylindrique. L&rsquo;ensemble est fix\u00e9 sur un plateau vibrant \u00e0 l&rsquo;aide d&rsquo;un levier \u00e0 serrage rapide en quelques secondes. Le plateau ainsi charg\u00e9 effectue des vibrations circulaires horizontales. Du fait de ces mouvements, les garnitures de broyage exercent des effets de pression, de percussion et de friction tr\u00e8s intenses sur l&rsquo;\u00e9chantillon.<\/p>\n<p>Un moteur tr\u00e8s puissant de 1,5kW permet d&rsquo;atteindre des niveaux d&rsquo;acc\u00e9l\u00e9ration exceptionnels : il permet un broyage en moins de 10 secondes.<\/p>\n<p>Caract\u00e9ristiques :<\/p>\n<ul>\n<li>Volume d&rsquo;\u00e9chantillon jusqu&rsquo;\u00e0 250mL<\/li>\n<li>Broyage extra-rapide pouvant atteindre 1500 tr\/min<\/li>\n<li>R\u00e9glage exact de la vitesse de rotation, de la dur\u00e9e du broyage et des temps de pause<\/li>\n<li>Verrouillage optimis\u00e9 de la garniture de broyage et protection anti-torsion<\/li>\n<li>Construction insonoris\u00e9e<\/li>\n<\/ul>\n<p><strong>T\u00e9l\u00e9charger la brochure produit :<\/strong> <a href=\"https:\/\/www.deltalabo.fr\/wp-content\/uploads\/2025\/07\/FRITSCH-Product-profile-P9-engl-DL-1.pdf\">Broyeur \u00e0 disques oscillants FRITSCH Pulv\u00e9risette 9<\/a><\/p>\n<p><strong>Visualiser l&rsquo;utilisation du produit :<\/strong> <a href=\"https:\/\/youtu.be\/qEKqzIXbFzo?t=10\">Broyeur \u00e0 disques oscillants FRITSCH Pulv\u00e9risette 9<\/a><\/p>\n","protected":false},"featured_media":262234,"template":"","meta":{"_acf_changed":false,"site-sidebar-layout":"default","site-content-layout":"","ast-site-content-layout":"default","site-content-style":"default","site-sidebar-style":"default","ast-global-header-display":"","ast-banner-title-visibility":"","ast-main-header-display":"","ast-hfb-above-header-display":"","ast-hfb-below-header-display":"","ast-hfb-mobile-header-display":"","site-post-title":"","ast-breadcrumbs-content":"","ast-featured-img":"","footer-sml-layout":"","ast-disable-related-posts":"","theme-transparent-header-meta":"","adv-header-id-meta":"","stick-header-meta":"","header-above-stick-meta":"","header-main-stick-meta":"","header-below-stick-meta":"","astra-migrate-meta-layouts":"default","ast-page-background-enabled":"default","ast-page-background-meta":{"desktop":{"background-color":"var(--ast-global-color-5)","background-image":"","background-repeat":"repeat","background-position":"center center","background-size":"auto","background-attachment":"scroll","background-type":"","background-media":"","overlay-type":"","overlay-color":"","overlay-opacity":"","overlay-gradient":""},"tablet":{"background-color":"","background-image":"","background-repeat":"repeat","background-position":"center center","background-size":"auto","background-attachment":"scroll","background-type":"","background-media":"","overlay-type":"","overlay-color":"","overlay-opacity":"","overlay-gradient":""},"mobile":{"background-color":"","background-image":"","background-repeat":"repeat","background-position":"center center","background-size":"auto","background-attachment":"scroll","background-type":"","background-media":"","overlay-type":"","overlay-color":"","overlay-opacity":"","overlay-gradient":""}},"ast-content-background-meta":{"desktop":{"background-color":"var(--ast-global-color-4)","background-image":"","background-repeat":"repeat","background-position":"center center","background-size":"auto","background-attachment":"scroll","background-type":"","background-media":"","overlay-type":"","overlay-color":"","overlay-opacity":"","overlay-gradient":""},"tablet":{"background-color":"var(--ast-global-color-4)","background-image":"","background-repeat":"repeat","background-position":"center center","background-size":"auto","background-attachment":"scroll","background-type":"","background-media":"","overlay-type":"","overlay-color":"","overlay-opacity":"","overlay-gradient":""},"mobile":{"background-color":"var(--ast-global-color-4)","background-image":"","background-repeat":"repeat","background-position":"center center","background-size":"auto","background-attachment":"scroll","background-type":"","background-media":"","overlay-type":"","overlay-color":"","overlay-opacity":"","overlay-gradient":""}}},"domaine":[],"normes":[17135],"product_brand":[],"product_cat":[17240],"product_tag":[],"class_list":{"0":"post-255863","1":"product","2":"type-product","3":"status-publish","4":"has-post-thumbnail","6":"normes-din-51562","7":"product_cat-categories","8":"desktop-align-left","9":"tablet-align-left","10":"mobile-align-left","12":"first","13":"instock","14":"shipping-taxable","15":"purchasable","16":"product-type-simple"},"acf":[],"yoast_head":"<!-- This site is optimized with the Yoast SEO plugin v27.4 - https:\/\/yoast.com\/product\/yoast-seo-wordpress\/ -->\n<title>Broyeur \u00e0 disques oscillants FRITSCH PULVERISETTE 9 | DeltaLabo<\/title>\n<meta name=\"robots\" content=\"noindex, follow, max-snippet:-1, max-image-preview:large, max-video-preview:-1\" \/>\n<meta property=\"og:locale\" content=\"fr_FR\" \/>\n<meta property=\"og:type\" content=\"article\" \/>\n<meta property=\"og:title\" content=\"Broyeur \u00e0 disques oscillants FRITSCH PULVERISETTE 9 | DeltaLabo\" \/>\n<meta property=\"og:description\" content=\"Broyeur \u00e0 disques oscillants FRITSCH PULVERISETTE 9 :  L&#039;\u00e9chantillon est introduit avec ses garnitures de broyage (anneaux, cylindres) dans une chambre de broyage circulaire cylindrique. L&#039;ensemble est fix\u00e9 sur un plateau vibrant \u00e0 l&#039;aide d&#039;un levier \u00e0 serrage rapide en quelques secondes. Le plateau ainsi charg\u00e9 effectue des vibrations circulaires horizontales. Du fait de ces mouvements, les garnitures de broyage exercent des effets de pression, de percussion et de friction tr\u00e8s intenses sur l&#039;\u00e9chantillon.  Un moteur tr\u00e8s puissant de 1,5kW permet d&#039;atteindre des niveaux d&#039;acc\u00e9l\u00e9ration exceptionnels : il permet un broyage en moins de 10 secondes.  Caract\u00e9ristiques :   Volume d&#039;\u00e9chantillon jusqu&#039;\u00e0 250mL  Broyage extra-rapide pouvant atteindre 1500 tr\/min  R\u00e9glage exact de la vitesse de rotation, de la dur\u00e9e du broyage et des temps de pause  Verrouillage optimis\u00e9 de la garniture de broyage et protection anti-torsion  Construction insonoris\u00e9e  T\u00e9l\u00e9charger la brochure produit : Broyeur \u00e0 disques oscillants FRITSCH Pulv\u00e9risette 9  Visualiser l&#039;utilisation du produit : Broyeur \u00e0 disques oscillants FRITSCH Pulv\u00e9risette 9\" \/>\n<meta property=\"og:url\" content=\"https:\/\/webdesi-gn.fr\/dev_deltalabo\/produits\/cat-produit\/broyeur-a-disques-et-anneaux-oscillants-fritsch-modele-p9\/\" \/>\n<meta property=\"og:site_name\" content=\"DeltaLabo\" \/>\n<meta property=\"article:modified_time\" content=\"2025-11-24T12:52:37+00:00\" \/>\n<meta property=\"og:image\" content=\"https:\/\/webdesi-gn.fr\/dev_deltalabo\/wp-content\/uploads\/2024\/01\/DELTA-LABO-Broyeur-a-disques-Pulverisette-9-Fritsch.webp\" \/>\n\t<meta property=\"og:image:width\" content=\"1500\" \/>\n\t<meta property=\"og:image:height\" content=\"1500\" \/>\n\t<meta property=\"og:image:type\" content=\"image\/webp\" \/>\n<meta name=\"twitter:card\" content=\"summary_large_image\" \/>\n<meta name=\"twitter:label1\" content=\"Dur\u00e9e de lecture estim\u00e9e\" \/>\n\t<meta name=\"twitter:data1\" content=\"1 minute\" \/>\n<script type=\"application\/ld+json\" class=\"yoast-schema-graph\">{\"@context\":\"https:\\\/\\\/schema.org\",\"@graph\":[{\"@type\":\"WebPage\",\"@id\":\"https:\\\/\\\/webdesi-gn.fr\\\/dev_deltalabo\\\/produits\\\/cat-produit\\\/broyeur-a-disques-et-anneaux-oscillants-fritsch-modele-p9\\\/\",\"url\":\"https:\\\/\\\/webdesi-gn.fr\\\/dev_deltalabo\\\/produits\\\/cat-produit\\\/broyeur-a-disques-et-anneaux-oscillants-fritsch-modele-p9\\\/\",\"name\":\"Broyeur \u00e0 disques oscillants FRITSCH PULVERISETTE 9 | DeltaLabo\",\"isPartOf\":{\"@id\":\"https:\\\/\\\/webdesi-gn.fr\\\/dev_deltalabo\\\/#website\"},\"primaryImageOfPage\":{\"@id\":\"https:\\\/\\\/webdesi-gn.fr\\\/dev_deltalabo\\\/produits\\\/cat-produit\\\/broyeur-a-disques-et-anneaux-oscillants-fritsch-modele-p9\\\/#primaryimage\"},\"image\":{\"@id\":\"https:\\\/\\\/webdesi-gn.fr\\\/dev_deltalabo\\\/produits\\\/cat-produit\\\/broyeur-a-disques-et-anneaux-oscillants-fritsch-modele-p9\\\/#primaryimage\"},\"thumbnailUrl\":\"https:\\\/\\\/webdesi-gn.fr\\\/dev_deltalabo\\\/wp-content\\\/uploads\\\/2025\\\/11\\\/DELTA-LABO-Broyeur-a-disques-Pulverisette-9-Fritsch.webp\",\"datePublished\":\"2024-01-29T11:38:35+00:00\",\"dateModified\":\"2025-11-24T12:52:37+00:00\",\"breadcrumb\":{\"@id\":\"https:\\\/\\\/webdesi-gn.fr\\\/dev_deltalabo\\\/produits\\\/cat-produit\\\/broyeur-a-disques-et-anneaux-oscillants-fritsch-modele-p9\\\/#breadcrumb\"},\"inLanguage\":\"fr-FR\",\"potentialAction\":[{\"@type\":\"ReadAction\",\"target\":[\"https:\\\/\\\/webdesi-gn.fr\\\/dev_deltalabo\\\/produits\\\/cat-produit\\\/broyeur-a-disques-et-anneaux-oscillants-fritsch-modele-p9\\\/\"]}]},{\"@type\":\"ImageObject\",\"inLanguage\":\"fr-FR\",\"@id\":\"https:\\\/\\\/webdesi-gn.fr\\\/dev_deltalabo\\\/produits\\\/cat-produit\\\/broyeur-a-disques-et-anneaux-oscillants-fritsch-modele-p9\\\/#primaryimage\",\"url\":\"https:\\\/\\\/webdesi-gn.fr\\\/dev_deltalabo\\\/wp-content\\\/uploads\\\/2025\\\/11\\\/DELTA-LABO-Broyeur-a-disques-Pulverisette-9-Fritsch.webp\",\"contentUrl\":\"https:\\\/\\\/webdesi-gn.fr\\\/dev_deltalabo\\\/wp-content\\\/uploads\\\/2025\\\/11\\\/DELTA-LABO-Broyeur-a-disques-Pulverisette-9-Fritsch.webp\",\"width\":1500,\"height\":1500},{\"@type\":\"BreadcrumbList\",\"@id\":\"https:\\\/\\\/webdesi-gn.fr\\\/dev_deltalabo\\\/produits\\\/cat-produit\\\/broyeur-a-disques-et-anneaux-oscillants-fritsch-modele-p9\\\/#breadcrumb\",\"itemListElement\":[{\"@type\":\"ListItem\",\"position\":1,\"name\":\"Accueil\",\"item\":\"https:\\\/\\\/webdesi-gn.fr\\\/dev_deltalabo\\\/\"},{\"@type\":\"ListItem\",\"position\":2,\"name\":\"Produits\",\"item\":\"https:\\\/\\\/webdesi-gn.fr\\\/dev_deltalabo\\\/produits\\\/\"},{\"@type\":\"ListItem\",\"position\":3,\"name\":\"Broyeur \u00e0 disques oscillants FRITSCH PULVERISETTE 9\"}]},{\"@type\":\"WebSite\",\"@id\":\"https:\\\/\\\/webdesi-gn.fr\\\/dev_deltalabo\\\/#website\",\"url\":\"https:\\\/\\\/webdesi-gn.fr\\\/dev_deltalabo\\\/\",\"name\":\"Delta Labo\",\"description\":\"Un site utilisant WordPress\",\"publisher\":{\"@id\":\"https:\\\/\\\/webdesi-gn.fr\\\/dev_deltalabo\\\/#organization\"},\"alternateName\":\"Delta Labo\",\"potentialAction\":[{\"@type\":\"SearchAction\",\"target\":{\"@type\":\"EntryPoint\",\"urlTemplate\":\"https:\\\/\\\/webdesi-gn.fr\\\/dev_deltalabo\\\/?s={search_term_string}\"},\"query-input\":{\"@type\":\"PropertyValueSpecification\",\"valueRequired\":true,\"valueName\":\"search_term_string\"}}],\"inLanguage\":\"fr-FR\"},{\"@type\":\"Organization\",\"@id\":\"https:\\\/\\\/webdesi-gn.fr\\\/dev_deltalabo\\\/#organization\",\"name\":\"DeltaLabo\",\"url\":\"https:\\\/\\\/webdesi-gn.fr\\\/dev_deltalabo\\\/\",\"logo\":{\"@type\":\"ImageObject\",\"inLanguage\":\"fr-FR\",\"@id\":\"https:\\\/\\\/webdesi-gn.fr\\\/dev_deltalabo\\\/#\\\/schema\\\/logo\\\/image\\\/\",\"url\":\"https:\\\/\\\/webdesi-gn.fr\\\/dev_deltalabo\\\/wp-content\\\/uploads\\\/2022\\\/07\\\/logo-deltalabo.png\",\"contentUrl\":\"https:\\\/\\\/webdesi-gn.fr\\\/dev_deltalabo\\\/wp-content\\\/uploads\\\/2022\\\/07\\\/logo-deltalabo.png\",\"width\":694,\"height\":306,\"caption\":\"DeltaLabo\"},\"image\":{\"@id\":\"https:\\\/\\\/webdesi-gn.fr\\\/dev_deltalabo\\\/#\\\/schema\\\/logo\\\/image\\\/\"}}]}<\/script>\n<!-- \/ Yoast SEO plugin. -->","yoast_head_json":{"title":"Broyeur \u00e0 disques oscillants FRITSCH PULVERISETTE 9 | DeltaLabo","robots":{"index":"noindex","follow":"follow","max-snippet":"max-snippet:-1","max-image-preview":"max-image-preview:large","max-video-preview":"max-video-preview:-1"},"og_locale":"fr_FR","og_type":"article","og_title":"Broyeur \u00e0 disques oscillants FRITSCH PULVERISETTE 9 | DeltaLabo","og_description":"Broyeur \u00e0 disques oscillants FRITSCH PULVERISETTE 9 :  L'\u00e9chantillon est introduit avec ses garnitures de broyage (anneaux, cylindres) dans une chambre de broyage circulaire cylindrique. L'ensemble est fix\u00e9 sur un plateau vibrant \u00e0 l'aide d'un levier \u00e0 serrage rapide en quelques secondes. Le plateau ainsi charg\u00e9 effectue des vibrations circulaires horizontales. Du fait de ces mouvements, les garnitures de broyage exercent des effets de pression, de percussion et de friction tr\u00e8s intenses sur l'\u00e9chantillon.  Un moteur tr\u00e8s puissant de 1,5kW permet d'atteindre des niveaux d'acc\u00e9l\u00e9ration exceptionnels : il permet un broyage en moins de 10 secondes.  Caract\u00e9ristiques :   Volume d'\u00e9chantillon jusqu'\u00e0 250mL  Broyage extra-rapide pouvant atteindre 1500 tr\/min  R\u00e9glage exact de la vitesse de rotation, de la dur\u00e9e du broyage et des temps de pause  Verrouillage optimis\u00e9 de la garniture de broyage et protection anti-torsion  Construction insonoris\u00e9e  T\u00e9l\u00e9charger la brochure produit : Broyeur \u00e0 disques oscillants FRITSCH Pulv\u00e9risette 9  Visualiser l'utilisation du produit : Broyeur \u00e0 disques oscillants FRITSCH Pulv\u00e9risette 9","og_url":"https:\/\/webdesi-gn.fr\/dev_deltalabo\/produits\/cat-produit\/broyeur-a-disques-et-anneaux-oscillants-fritsch-modele-p9\/","og_site_name":"DeltaLabo","article_modified_time":"2025-11-24T12:52:37+00:00","og_image":[{"width":1500,"height":1500,"url":"https:\/\/webdesi-gn.fr\/dev_deltalabo\/wp-content\/uploads\/2024\/01\/DELTA-LABO-Broyeur-a-disques-Pulverisette-9-Fritsch.webp","type":"image\/webp"}],"twitter_card":"summary_large_image","twitter_misc":{"Dur\u00e9e de lecture estim\u00e9e":"1 minute"},"schema":{"@context":"https:\/\/schema.org","@graph":[{"@type":"WebPage","@id":"https:\/\/webdesi-gn.fr\/dev_deltalabo\/produits\/cat-produit\/broyeur-a-disques-et-anneaux-oscillants-fritsch-modele-p9\/","url":"https:\/\/webdesi-gn.fr\/dev_deltalabo\/produits\/cat-produit\/broyeur-a-disques-et-anneaux-oscillants-fritsch-modele-p9\/","name":"Broyeur \u00e0 disques oscillants FRITSCH PULVERISETTE 9 | DeltaLabo","isPartOf":{"@id":"https:\/\/webdesi-gn.fr\/dev_deltalabo\/#website"},"primaryImageOfPage":{"@id":"https:\/\/webdesi-gn.fr\/dev_deltalabo\/produits\/cat-produit\/broyeur-a-disques-et-anneaux-oscillants-fritsch-modele-p9\/#primaryimage"},"image":{"@id":"https:\/\/webdesi-gn.fr\/dev_deltalabo\/produits\/cat-produit\/broyeur-a-disques-et-anneaux-oscillants-fritsch-modele-p9\/#primaryimage"},"thumbnailUrl":"https:\/\/webdesi-gn.fr\/dev_deltalabo\/wp-content\/uploads\/2025\/11\/DELTA-LABO-Broyeur-a-disques-Pulverisette-9-Fritsch.webp","datePublished":"2024-01-29T11:38:35+00:00","dateModified":"2025-11-24T12:52:37+00:00","breadcrumb":{"@id":"https:\/\/webdesi-gn.fr\/dev_deltalabo\/produits\/cat-produit\/broyeur-a-disques-et-anneaux-oscillants-fritsch-modele-p9\/#breadcrumb"},"inLanguage":"fr-FR","potentialAction":[{"@type":"ReadAction","target":["https:\/\/webdesi-gn.fr\/dev_deltalabo\/produits\/cat-produit\/broyeur-a-disques-et-anneaux-oscillants-fritsch-modele-p9\/"]}]},{"@type":"ImageObject","inLanguage":"fr-FR","@id":"https:\/\/webdesi-gn.fr\/dev_deltalabo\/produits\/cat-produit\/broyeur-a-disques-et-anneaux-oscillants-fritsch-modele-p9\/#primaryimage","url":"https:\/\/webdesi-gn.fr\/dev_deltalabo\/wp-content\/uploads\/2025\/11\/DELTA-LABO-Broyeur-a-disques-Pulverisette-9-Fritsch.webp","contentUrl":"https:\/\/webdesi-gn.fr\/dev_deltalabo\/wp-content\/uploads\/2025\/11\/DELTA-LABO-Broyeur-a-disques-Pulverisette-9-Fritsch.webp","width":1500,"height":1500},{"@type":"BreadcrumbList","@id":"https:\/\/webdesi-gn.fr\/dev_deltalabo\/produits\/cat-produit\/broyeur-a-disques-et-anneaux-oscillants-fritsch-modele-p9\/#breadcrumb","itemListElement":[{"@type":"ListItem","position":1,"name":"Accueil","item":"https:\/\/webdesi-gn.fr\/dev_deltalabo\/"},{"@type":"ListItem","position":2,"name":"Produits","item":"https:\/\/webdesi-gn.fr\/dev_deltalabo\/produits\/"},{"@type":"ListItem","position":3,"name":"Broyeur \u00e0 disques oscillants FRITSCH PULVERISETTE 9"}]},{"@type":"WebSite","@id":"https:\/\/webdesi-gn.fr\/dev_deltalabo\/#website","url":"https:\/\/webdesi-gn.fr\/dev_deltalabo\/","name":"Delta Labo","description":"Un site utilisant WordPress","publisher":{"@id":"https:\/\/webdesi-gn.fr\/dev_deltalabo\/#organization"},"alternateName":"Delta Labo","potentialAction":[{"@type":"SearchAction","target":{"@type":"EntryPoint","urlTemplate":"https:\/\/webdesi-gn.fr\/dev_deltalabo\/?s={search_term_string}"},"query-input":{"@type":"PropertyValueSpecification","valueRequired":true,"valueName":"search_term_string"}}],"inLanguage":"fr-FR"},{"@type":"Organization","@id":"https:\/\/webdesi-gn.fr\/dev_deltalabo\/#organization","name":"DeltaLabo","url":"https:\/\/webdesi-gn.fr\/dev_deltalabo\/","logo":{"@type":"ImageObject","inLanguage":"fr-FR","@id":"https:\/\/webdesi-gn.fr\/dev_deltalabo\/#\/schema\/logo\/image\/","url":"https:\/\/webdesi-gn.fr\/dev_deltalabo\/wp-content\/uploads\/2022\/07\/logo-deltalabo.png","contentUrl":"https:\/\/webdesi-gn.fr\/dev_deltalabo\/wp-content\/uploads\/2022\/07\/logo-deltalabo.png","width":694,"height":306,"caption":"DeltaLabo"},"image":{"@id":"https:\/\/webdesi-gn.fr\/dev_deltalabo\/#\/schema\/logo\/image\/"}}]}},"_links":{"self":[{"href":"https:\/\/webdesi-gn.fr\/dev_deltalabo\/wp-json\/wp\/v2\/product\/255863","targetHints":{"allow":["GET"]}}],"collection":[{"href":"https:\/\/webdesi-gn.fr\/dev_deltalabo\/wp-json\/wp\/v2\/product"}],"about":[{"href":"https:\/\/webdesi-gn.fr\/dev_deltalabo\/wp-json\/wp\/v2\/types\/product"}],"wp:featuredmedia":[{"embeddable":true,"href":"https:\/\/webdesi-gn.fr\/dev_deltalabo\/wp-json\/wp\/v2\/media\/262234"}],"wp:attachment":[{"href":"https:\/\/webdesi-gn.fr\/dev_deltalabo\/wp-json\/wp\/v2\/media?parent=255863"}],"wp:term":[{"taxonomy":"domaine","embeddable":true,"href":"https:\/\/webdesi-gn.fr\/dev_deltalabo\/wp-json\/wp\/v2\/domaine?post=255863"},{"taxonomy":"normes","embeddable":true,"href":"https:\/\/webdesi-gn.fr\/dev_deltalabo\/wp-json\/wp\/v2\/normes?post=255863"},{"taxonomy":"product_brand","embeddable":true,"href":"https:\/\/webdesi-gn.fr\/dev_deltalabo\/wp-json\/wp\/v2\/product_brand?post=255863"},{"taxonomy":"product_cat","embeddable":true,"href":"https:\/\/webdesi-gn.fr\/dev_deltalabo\/wp-json\/wp\/v2\/product_cat?post=255863"},{"taxonomy":"product_tag","embeddable":true,"href":"https:\/\/webdesi-gn.fr\/dev_deltalabo\/wp-json\/wp\/v2\/product_tag?post=255863"}],"curies":[{"name":"wp","href":"https:\/\/api.w.org\/{rel}","templated":true}]}}