{"id":255885,"date":"2024-01-29T13:58:02","date_gmt":"2024-01-29T12:58:02","guid":{"rendered":"https:\/\/webdesi-gn.fr\/dev_deltalabo\/?post_type=product&#038;p=255885"},"modified":"2025-11-24T13:52:02","modified_gmt":"2025-11-24T12:52:02","slug":"fraiseuse-semi-automatique-herzog-haf-2-pour-metaux-non-ferreux","status":"publish","type":"product","link":"https:\/\/webdesi-gn.fr\/dev_deltalabo\/produits\/categories\/fraiseuse-semi-automatique-herzog-haf-2-pour-metaux-non-ferreux\/","title":{"rendered":"Fraiseuse semi automatique pour m\u00e9taux non ferreux HERZOG &#8211; HAF\/2"},"content":{"rendered":"","protected":false},"excerpt":{"rendered":"<p><strong>Fraiseuse semi automatique pour m\u00e9taux non ferreux HERZOG &#8211; HAF\/2 :<\/strong><\/p>\n<p>La fraiseuse semi automatique HERZOG &#8211; HAF\/2 est un instrument de fraisage, surfa\u00e7age destin\u00e9 aux m\u00e9taux et alliages non ferreux.<\/p>\n<p>Le fraisage automatique permet l&rsquo;obtention de surfaces parfaites et reproductibles en vue d&rsquo;analyses spectrales. Le r\u00e9servoir de la solution de refroidissement est situ\u00e9, de mani\u00e8re int\u00e9gr\u00e9e au bas de l&rsquo;\u00e9quipement.<\/p>\n<ul>\n<li>Positionnement manuel de l&rsquo;\u00e9chantillon<\/li>\n<li>Param\u00e9trage manuel de la profondeur et de la vitesse de fraisage<\/li>\n<li>Fermeture manuelle du capot de protection<\/li>\n<li>D\u00e9marrage manuel du fraisage automatique<\/li>\n<li>Dur\u00e9e de fraisage typique : environ 45 secondes<\/li>\n<\/ul>\n<p>Construction compacte facilitant son positionnement au sein du laboratoire :<br \/>\nL x P x H = 720 x 700 x 1190mm<\/p>\n<p><strong>T\u00e9l\u00e9charger la brochure produit :<\/strong> <a href=\"https:\/\/www.deltalabo.fr\/wp-content\/uploads\/2025\/04\/HAF-2-brochure-engl-DL-2025.pdf\">Fraiseuse semi automatique pour m\u00e9taux non ferreux HERZOG &#8211; HAF\/2<\/a><\/p>\n","protected":false},"featured_media":262223,"template":"","meta":{"_acf_changed":false,"site-sidebar-layout":"default","site-content-layout":"","ast-site-content-layout":"default","site-content-style":"default","site-sidebar-style":"default","ast-global-header-display":"","ast-banner-title-visibility":"","ast-main-header-display":"","ast-hfb-above-header-display":"","ast-hfb-below-header-display":"","ast-hfb-mobile-header-display":"","site-post-title":"","ast-breadcrumbs-content":"","ast-featured-img":"","footer-sml-layout":"","ast-disable-related-posts":"","theme-transparent-header-meta":"","adv-header-id-meta":"","stick-header-meta":"","header-above-stick-meta":"","header-main-stick-meta":"","header-below-stick-meta":"","astra-migrate-meta-layouts":"default","ast-page-background-enabled":"default","ast-page-background-meta":{"desktop":{"background-color":"var(--ast-global-color-5)","background-image":"","background-repeat":"repeat","background-position":"center center","background-size":"auto","background-attachment":"scroll","background-type":"","background-media":"","overlay-type":"","overlay-color":"","overlay-opacity":"","overlay-gradient":""},"tablet":{"background-color":"","background-image":"","background-repeat":"repeat","background-position":"center center","background-size":"auto","background-attachment":"scroll","background-type":"","background-media":"","overlay-type":"","overlay-color":"","overlay-opacity":"","overlay-gradient":""},"mobile":{"background-color":"","background-image":"","background-repeat":"repeat","background-position":"center center","background-size":"auto","background-attachment":"scroll","background-type":"","background-media":"","overlay-type":"","overlay-color":"","overlay-opacity":"","overlay-gradient":""}},"ast-content-background-meta":{"desktop":{"background-color":"var(--ast-global-color-4)","background-image":"","background-repeat":"repeat","background-position":"center center","background-size":"auto","background-attachment":"scroll","background-type":"","background-media":"","overlay-type":"","overlay-color":"","overlay-opacity":"","overlay-gradient":""},"tablet":{"background-color":"var(--ast-global-color-4)","background-image":"","background-repeat":"repeat","background-position":"center center","background-size":"auto","background-attachment":"scroll","background-type":"","background-media":"","overlay-type":"","overlay-color":"","overlay-opacity":"","overlay-gradient":""},"mobile":{"background-color":"var(--ast-global-color-4)","background-image":"","background-repeat":"repeat","background-position":"center center","background-size":"auto","background-attachment":"scroll","background-type":"","background-media":"","overlay-type":"","overlay-color":"","overlay-opacity":"","overlay-gradient":""}}},"domaine":[17185],"normes":[],"product_brand":[],"product_cat":[17240],"product_tag":[],"class_list":{"0":"post-255885","1":"product","2":"type-product","3":"status-publish","4":"has-post-thumbnail","6":"domaine-preparation-echantillons","7":"product_cat-categories","8":"desktop-align-left","9":"tablet-align-left","10":"mobile-align-left","12":"first","13":"instock","14":"shipping-taxable","15":"product-type-simple"},"acf":[],"yoast_head":"<!-- This site is optimized with the Yoast SEO plugin v27.4 - https:\/\/yoast.com\/product\/yoast-seo-wordpress\/ -->\n<title>Fraiseuse semi automatique pour m\u00e9taux non ferreux HERZOG - HAF\/2 | DeltaLabo<\/title>\n<meta name=\"robots\" content=\"noindex, follow, max-snippet:-1, max-image-preview:large, max-video-preview:-1\" \/>\n<meta property=\"og:locale\" content=\"fr_FR\" \/>\n<meta property=\"og:type\" content=\"article\" \/>\n<meta property=\"og:title\" content=\"Fraiseuse semi automatique pour m\u00e9taux non ferreux HERZOG - HAF\/2 | DeltaLabo\" \/>\n<meta property=\"og:description\" content=\"Fraiseuse semi automatique pour m\u00e9taux non ferreux HERZOG - HAF\/2 :  La fraiseuse semi automatique HERZOG - HAF\/2 est un instrument de fraisage, surfa\u00e7age destin\u00e9 aux m\u00e9taux et alliages non ferreux.  Le fraisage automatique permet l&#039;obtention de surfaces parfaites et reproductibles en vue d&#039;analyses spectrales. Le r\u00e9servoir de la solution de refroidissement est situ\u00e9, de mani\u00e8re int\u00e9gr\u00e9e au bas de l&#039;\u00e9quipement.   Positionnement manuel de l&#039;\u00e9chantillon  Param\u00e9trage manuel de la profondeur et de la vitesse de fraisage  Fermeture manuelle du capot de protection  D\u00e9marrage manuel du fraisage automatique  Dur\u00e9e de fraisage typique : environ 45 secondes  Construction compacte facilitant son positionnement au sein du laboratoire : L x P x H = 720 x 700 x 1190mm  T\u00e9l\u00e9charger la brochure produit : Fraiseuse semi automatique pour m\u00e9taux non ferreux HERZOG - HAF\/2\" \/>\n<meta property=\"og:url\" content=\"https:\/\/webdesi-gn.fr\/dev_deltalabo\/produits\/metallurgie-siderurgie\/fraiseuse-semi-automatique-herzog-haf-2-pour-metaux-non-ferreux\/\" \/>\n<meta property=\"og:site_name\" content=\"DeltaLabo\" \/>\n<meta property=\"article:modified_time\" content=\"2025-11-24T12:52:02+00:00\" \/>\n<meta property=\"og:image\" content=\"https:\/\/webdesi-gn.fr\/dev_deltalabo\/wp-content\/uploads\/2024\/01\/DELTA-LABO-Fraiseuse-semi-automatique-Herzog-HAF2.jpg\" \/>\n\t<meta property=\"og:image:width\" content=\"611\" \/>\n\t<meta property=\"og:image:height\" content=\"661\" \/>\n\t<meta property=\"og:image:type\" content=\"image\/jpeg\" \/>\n<meta name=\"twitter:card\" content=\"summary_large_image\" \/>\n<meta name=\"twitter:label1\" content=\"Dur\u00e9e de lecture estim\u00e9e\" \/>\n\t<meta name=\"twitter:data1\" content=\"1 minute\" \/>\n<script type=\"application\/ld+json\" class=\"yoast-schema-graph\">{\"@context\":\"https:\\\/\\\/schema.org\",\"@graph\":[{\"@type\":\"WebPage\",\"@id\":\"https:\\\/\\\/webdesi-gn.fr\\\/dev_deltalabo\\\/produits\\\/metallurgie-siderurgie\\\/fraiseuse-semi-automatique-herzog-haf-2-pour-metaux-non-ferreux\\\/\",\"url\":\"https:\\\/\\\/webdesi-gn.fr\\\/dev_deltalabo\\\/produits\\\/metallurgie-siderurgie\\\/fraiseuse-semi-automatique-herzog-haf-2-pour-metaux-non-ferreux\\\/\",\"name\":\"Fraiseuse semi automatique pour m\u00e9taux non ferreux HERZOG - HAF\\\/2 | DeltaLabo\",\"isPartOf\":{\"@id\":\"https:\\\/\\\/webdesi-gn.fr\\\/dev_deltalabo\\\/#website\"},\"primaryImageOfPage\":{\"@id\":\"https:\\\/\\\/webdesi-gn.fr\\\/dev_deltalabo\\\/produits\\\/metallurgie-siderurgie\\\/fraiseuse-semi-automatique-herzog-haf-2-pour-metaux-non-ferreux\\\/#primaryimage\"},\"image\":{\"@id\":\"https:\\\/\\\/webdesi-gn.fr\\\/dev_deltalabo\\\/produits\\\/metallurgie-siderurgie\\\/fraiseuse-semi-automatique-herzog-haf-2-pour-metaux-non-ferreux\\\/#primaryimage\"},\"thumbnailUrl\":\"https:\\\/\\\/webdesi-gn.fr\\\/dev_deltalabo\\\/wp-content\\\/uploads\\\/2025\\\/11\\\/DELTA-LABO-Fraiseuse-semi-automatique-Herzog-HAF2.jpg\",\"datePublished\":\"2024-01-29T12:58:02+00:00\",\"dateModified\":\"2025-11-24T12:52:02+00:00\",\"breadcrumb\":{\"@id\":\"https:\\\/\\\/webdesi-gn.fr\\\/dev_deltalabo\\\/produits\\\/metallurgie-siderurgie\\\/fraiseuse-semi-automatique-herzog-haf-2-pour-metaux-non-ferreux\\\/#breadcrumb\"},\"inLanguage\":\"fr-FR\",\"potentialAction\":[{\"@type\":\"ReadAction\",\"target\":[\"https:\\\/\\\/webdesi-gn.fr\\\/dev_deltalabo\\\/produits\\\/metallurgie-siderurgie\\\/fraiseuse-semi-automatique-herzog-haf-2-pour-metaux-non-ferreux\\\/\"]}]},{\"@type\":\"ImageObject\",\"inLanguage\":\"fr-FR\",\"@id\":\"https:\\\/\\\/webdesi-gn.fr\\\/dev_deltalabo\\\/produits\\\/metallurgie-siderurgie\\\/fraiseuse-semi-automatique-herzog-haf-2-pour-metaux-non-ferreux\\\/#primaryimage\",\"url\":\"https:\\\/\\\/webdesi-gn.fr\\\/dev_deltalabo\\\/wp-content\\\/uploads\\\/2025\\\/11\\\/DELTA-LABO-Fraiseuse-semi-automatique-Herzog-HAF2.jpg\",\"contentUrl\":\"https:\\\/\\\/webdesi-gn.fr\\\/dev_deltalabo\\\/wp-content\\\/uploads\\\/2025\\\/11\\\/DELTA-LABO-Fraiseuse-semi-automatique-Herzog-HAF2.jpg\",\"width\":611,\"height\":661},{\"@type\":\"BreadcrumbList\",\"@id\":\"https:\\\/\\\/webdesi-gn.fr\\\/dev_deltalabo\\\/produits\\\/metallurgie-siderurgie\\\/fraiseuse-semi-automatique-herzog-haf-2-pour-metaux-non-ferreux\\\/#breadcrumb\",\"itemListElement\":[{\"@type\":\"ListItem\",\"position\":1,\"name\":\"Accueil\",\"item\":\"https:\\\/\\\/webdesi-gn.fr\\\/dev_deltalabo\\\/\"},{\"@type\":\"ListItem\",\"position\":2,\"name\":\"Produits\",\"item\":\"https:\\\/\\\/webdesi-gn.fr\\\/dev_deltalabo\\\/produits\\\/\"},{\"@type\":\"ListItem\",\"position\":3,\"name\":\"Fraiseuse semi automatique pour m\u00e9taux non ferreux HERZOG &#8211; HAF\\\/2\"}]},{\"@type\":\"WebSite\",\"@id\":\"https:\\\/\\\/webdesi-gn.fr\\\/dev_deltalabo\\\/#website\",\"url\":\"https:\\\/\\\/webdesi-gn.fr\\\/dev_deltalabo\\\/\",\"name\":\"Delta Labo\",\"description\":\"Un site utilisant WordPress\",\"publisher\":{\"@id\":\"https:\\\/\\\/webdesi-gn.fr\\\/dev_deltalabo\\\/#organization\"},\"alternateName\":\"Delta Labo\",\"potentialAction\":[{\"@type\":\"SearchAction\",\"target\":{\"@type\":\"EntryPoint\",\"urlTemplate\":\"https:\\\/\\\/webdesi-gn.fr\\\/dev_deltalabo\\\/?s={search_term_string}\"},\"query-input\":{\"@type\":\"PropertyValueSpecification\",\"valueRequired\":true,\"valueName\":\"search_term_string\"}}],\"inLanguage\":\"fr-FR\"},{\"@type\":\"Organization\",\"@id\":\"https:\\\/\\\/webdesi-gn.fr\\\/dev_deltalabo\\\/#organization\",\"name\":\"DeltaLabo\",\"url\":\"https:\\\/\\\/webdesi-gn.fr\\\/dev_deltalabo\\\/\",\"logo\":{\"@type\":\"ImageObject\",\"inLanguage\":\"fr-FR\",\"@id\":\"https:\\\/\\\/webdesi-gn.fr\\\/dev_deltalabo\\\/#\\\/schema\\\/logo\\\/image\\\/\",\"url\":\"https:\\\/\\\/webdesi-gn.fr\\\/dev_deltalabo\\\/wp-content\\\/uploads\\\/2022\\\/07\\\/logo-deltalabo.png\",\"contentUrl\":\"https:\\\/\\\/webdesi-gn.fr\\\/dev_deltalabo\\\/wp-content\\\/uploads\\\/2022\\\/07\\\/logo-deltalabo.png\",\"width\":694,\"height\":306,\"caption\":\"DeltaLabo\"},\"image\":{\"@id\":\"https:\\\/\\\/webdesi-gn.fr\\\/dev_deltalabo\\\/#\\\/schema\\\/logo\\\/image\\\/\"}}]}<\/script>\n<!-- \/ Yoast SEO plugin. -->","yoast_head_json":{"title":"Fraiseuse semi automatique pour m\u00e9taux non ferreux HERZOG - HAF\/2 | DeltaLabo","robots":{"index":"noindex","follow":"follow","max-snippet":"max-snippet:-1","max-image-preview":"max-image-preview:large","max-video-preview":"max-video-preview:-1"},"og_locale":"fr_FR","og_type":"article","og_title":"Fraiseuse semi automatique pour m\u00e9taux non ferreux HERZOG - HAF\/2 | DeltaLabo","og_description":"Fraiseuse semi automatique pour m\u00e9taux non ferreux HERZOG - HAF\/2 :  La fraiseuse semi automatique HERZOG - HAF\/2 est un instrument de fraisage, surfa\u00e7age destin\u00e9 aux m\u00e9taux et alliages non ferreux.  Le fraisage automatique permet l'obtention de surfaces parfaites et reproductibles en vue d'analyses spectrales. Le r\u00e9servoir de la solution de refroidissement est situ\u00e9, de mani\u00e8re int\u00e9gr\u00e9e au bas de l'\u00e9quipement.   Positionnement manuel de l'\u00e9chantillon  Param\u00e9trage manuel de la profondeur et de la vitesse de fraisage  Fermeture manuelle du capot de protection  D\u00e9marrage manuel du fraisage automatique  Dur\u00e9e de fraisage typique : environ 45 secondes  Construction compacte facilitant son positionnement au sein du laboratoire : L x P x H = 720 x 700 x 1190mm  T\u00e9l\u00e9charger la brochure produit : Fraiseuse semi automatique pour m\u00e9taux non ferreux HERZOG - HAF\/2","og_url":"https:\/\/webdesi-gn.fr\/dev_deltalabo\/produits\/metallurgie-siderurgie\/fraiseuse-semi-automatique-herzog-haf-2-pour-metaux-non-ferreux\/","og_site_name":"DeltaLabo","article_modified_time":"2025-11-24T12:52:02+00:00","og_image":[{"width":611,"height":661,"url":"https:\/\/webdesi-gn.fr\/dev_deltalabo\/wp-content\/uploads\/2024\/01\/DELTA-LABO-Fraiseuse-semi-automatique-Herzog-HAF2.jpg","type":"image\/jpeg"}],"twitter_card":"summary_large_image","twitter_misc":{"Dur\u00e9e de lecture estim\u00e9e":"1 minute"},"schema":{"@context":"https:\/\/schema.org","@graph":[{"@type":"WebPage","@id":"https:\/\/webdesi-gn.fr\/dev_deltalabo\/produits\/metallurgie-siderurgie\/fraiseuse-semi-automatique-herzog-haf-2-pour-metaux-non-ferreux\/","url":"https:\/\/webdesi-gn.fr\/dev_deltalabo\/produits\/metallurgie-siderurgie\/fraiseuse-semi-automatique-herzog-haf-2-pour-metaux-non-ferreux\/","name":"Fraiseuse semi automatique pour m\u00e9taux non ferreux HERZOG - HAF\/2 | DeltaLabo","isPartOf":{"@id":"https:\/\/webdesi-gn.fr\/dev_deltalabo\/#website"},"primaryImageOfPage":{"@id":"https:\/\/webdesi-gn.fr\/dev_deltalabo\/produits\/metallurgie-siderurgie\/fraiseuse-semi-automatique-herzog-haf-2-pour-metaux-non-ferreux\/#primaryimage"},"image":{"@id":"https:\/\/webdesi-gn.fr\/dev_deltalabo\/produits\/metallurgie-siderurgie\/fraiseuse-semi-automatique-herzog-haf-2-pour-metaux-non-ferreux\/#primaryimage"},"thumbnailUrl":"https:\/\/webdesi-gn.fr\/dev_deltalabo\/wp-content\/uploads\/2025\/11\/DELTA-LABO-Fraiseuse-semi-automatique-Herzog-HAF2.jpg","datePublished":"2024-01-29T12:58:02+00:00","dateModified":"2025-11-24T12:52:02+00:00","breadcrumb":{"@id":"https:\/\/webdesi-gn.fr\/dev_deltalabo\/produits\/metallurgie-siderurgie\/fraiseuse-semi-automatique-herzog-haf-2-pour-metaux-non-ferreux\/#breadcrumb"},"inLanguage":"fr-FR","potentialAction":[{"@type":"ReadAction","target":["https:\/\/webdesi-gn.fr\/dev_deltalabo\/produits\/metallurgie-siderurgie\/fraiseuse-semi-automatique-herzog-haf-2-pour-metaux-non-ferreux\/"]}]},{"@type":"ImageObject","inLanguage":"fr-FR","@id":"https:\/\/webdesi-gn.fr\/dev_deltalabo\/produits\/metallurgie-siderurgie\/fraiseuse-semi-automatique-herzog-haf-2-pour-metaux-non-ferreux\/#primaryimage","url":"https:\/\/webdesi-gn.fr\/dev_deltalabo\/wp-content\/uploads\/2025\/11\/DELTA-LABO-Fraiseuse-semi-automatique-Herzog-HAF2.jpg","contentUrl":"https:\/\/webdesi-gn.fr\/dev_deltalabo\/wp-content\/uploads\/2025\/11\/DELTA-LABO-Fraiseuse-semi-automatique-Herzog-HAF2.jpg","width":611,"height":661},{"@type":"BreadcrumbList","@id":"https:\/\/webdesi-gn.fr\/dev_deltalabo\/produits\/metallurgie-siderurgie\/fraiseuse-semi-automatique-herzog-haf-2-pour-metaux-non-ferreux\/#breadcrumb","itemListElement":[{"@type":"ListItem","position":1,"name":"Accueil","item":"https:\/\/webdesi-gn.fr\/dev_deltalabo\/"},{"@type":"ListItem","position":2,"name":"Produits","item":"https:\/\/webdesi-gn.fr\/dev_deltalabo\/produits\/"},{"@type":"ListItem","position":3,"name":"Fraiseuse semi automatique pour m\u00e9taux non ferreux HERZOG &#8211; HAF\/2"}]},{"@type":"WebSite","@id":"https:\/\/webdesi-gn.fr\/dev_deltalabo\/#website","url":"https:\/\/webdesi-gn.fr\/dev_deltalabo\/","name":"Delta Labo","description":"Un site utilisant WordPress","publisher":{"@id":"https:\/\/webdesi-gn.fr\/dev_deltalabo\/#organization"},"alternateName":"Delta Labo","potentialAction":[{"@type":"SearchAction","target":{"@type":"EntryPoint","urlTemplate":"https:\/\/webdesi-gn.fr\/dev_deltalabo\/?s={search_term_string}"},"query-input":{"@type":"PropertyValueSpecification","valueRequired":true,"valueName":"search_term_string"}}],"inLanguage":"fr-FR"},{"@type":"Organization","@id":"https:\/\/webdesi-gn.fr\/dev_deltalabo\/#organization","name":"DeltaLabo","url":"https:\/\/webdesi-gn.fr\/dev_deltalabo\/","logo":{"@type":"ImageObject","inLanguage":"fr-FR","@id":"https:\/\/webdesi-gn.fr\/dev_deltalabo\/#\/schema\/logo\/image\/","url":"https:\/\/webdesi-gn.fr\/dev_deltalabo\/wp-content\/uploads\/2022\/07\/logo-deltalabo.png","contentUrl":"https:\/\/webdesi-gn.fr\/dev_deltalabo\/wp-content\/uploads\/2022\/07\/logo-deltalabo.png","width":694,"height":306,"caption":"DeltaLabo"},"image":{"@id":"https:\/\/webdesi-gn.fr\/dev_deltalabo\/#\/schema\/logo\/image\/"}}]}},"_links":{"self":[{"href":"https:\/\/webdesi-gn.fr\/dev_deltalabo\/wp-json\/wp\/v2\/product\/255885","targetHints":{"allow":["GET"]}}],"collection":[{"href":"https:\/\/webdesi-gn.fr\/dev_deltalabo\/wp-json\/wp\/v2\/product"}],"about":[{"href":"https:\/\/webdesi-gn.fr\/dev_deltalabo\/wp-json\/wp\/v2\/types\/product"}],"wp:featuredmedia":[{"embeddable":true,"href":"https:\/\/webdesi-gn.fr\/dev_deltalabo\/wp-json\/wp\/v2\/media\/262223"}],"wp:attachment":[{"href":"https:\/\/webdesi-gn.fr\/dev_deltalabo\/wp-json\/wp\/v2\/media?parent=255885"}],"wp:term":[{"taxonomy":"domaine","embeddable":true,"href":"https:\/\/webdesi-gn.fr\/dev_deltalabo\/wp-json\/wp\/v2\/domaine?post=255885"},{"taxonomy":"normes","embeddable":true,"href":"https:\/\/webdesi-gn.fr\/dev_deltalabo\/wp-json\/wp\/v2\/normes?post=255885"},{"taxonomy":"product_brand","embeddable":true,"href":"https:\/\/webdesi-gn.fr\/dev_deltalabo\/wp-json\/wp\/v2\/product_brand?post=255885"},{"taxonomy":"product_cat","embeddable":true,"href":"https:\/\/webdesi-gn.fr\/dev_deltalabo\/wp-json\/wp\/v2\/product_cat?post=255885"},{"taxonomy":"product_tag","embeddable":true,"href":"https:\/\/webdesi-gn.fr\/dev_deltalabo\/wp-json\/wp\/v2\/product_tag?post=255885"}],"curies":[{"name":"wp","href":"https:\/\/api.w.org\/{rel}","templated":true}]}}