{"id":255921,"date":"2024-01-29T14:55:01","date_gmt":"2024-01-29T13:55:01","guid":{"rendered":"https:\/\/webdesi-gn.fr\/dev_deltalabo\/?post_type=product&#038;p=255921"},"modified":"2025-11-24T15:29:35","modified_gmt":"2025-11-24T14:29:35","slug":"presse-automatique-de-laboratoire-3636-spex","status":"publish","type":"product","link":"https:\/\/webdesi-gn.fr\/dev_deltalabo\/produits\/cimenterie-materiaux\/presse-automatique-de-laboratoire-3636-spex\/","title":{"rendered":"Presse automatique de laboratoire SPEX &#8211; XP-400 X-Press\u00ae"},"content":{"rendered":"","protected":false},"excerpt":{"rendered":"<p><strong>Presse automatique de laboratoire SPEX &#8211; XP-400 X-Press\u00ae :<\/strong><\/p>\n<p>La presse automatique de laboratoire SPEX &#8211; XP-400 X-Press\u00ae est une presse hydraulique de 35 tonnes de laboratoire. Elle accepte des moules \u00e0 pastiller de 13 mm, 31 mm, 35 mm et 40 mm. Elle est enti\u00e8rement \u00e9lectrique et programmable. Elle est con\u00e7ue pour le pressage r\u00e9p\u00e9titif de pastilles d&rsquo;\u00e9chantillon pour XRF, IR, et autres techniques analytiques.<\/p>\n<p>Les \u00e9chantillons types comprennent : les ciments, les roches, les min\u00e9raux, les sols, les c\u00e9ramiques et les produits pharmaceutiques.<\/p>\n<p>Caract\u00e9ristiques :<\/p>\n<ul>\n<li>Distance de compression : 25mm<\/li>\n<li>Diam\u00e8tre du plateau : 8cm<\/li>\n<li>Ouverture : 5 \u00e0 15cm<\/li>\n<li>Ecran LCD tactile reprenant les param\u00e8tres suivants : pression, temps de pression et temps de rel\u00e2chement<\/li>\n<li>Verrouillage de la porte de la chambre de mesure pendant un essai<\/li>\n<li>Arr\u00eat automatique de la presse par soupape de s\u00e9curit\u00e9<\/li>\n<\/ul>\n<p><strong>T\u00e9l\u00e9charger la brochure produit :<\/strong> <a href=\"https:\/\/www.deltalabo.fr\/wp-content\/uploads\/2025\/10\/XP-400-X-Press\u00ae-part-3636-brochure-engl-DL.pdf\">Presse automatique de laboratoire SPEX &#8211; XP-400 X-Press\u00ae<\/a><\/p>\n","protected":false},"featured_media":262204,"template":"","meta":{"_acf_changed":false,"site-sidebar-layout":"default","site-content-layout":"","ast-site-content-layout":"default","site-content-style":"default","site-sidebar-style":"default","ast-global-header-display":"","ast-banner-title-visibility":"","ast-main-header-display":"","ast-hfb-above-header-display":"","ast-hfb-below-header-display":"","ast-hfb-mobile-header-display":"","site-post-title":"","ast-breadcrumbs-content":"","ast-featured-img":"","footer-sml-layout":"","ast-disable-related-posts":"","theme-transparent-header-meta":"","adv-header-id-meta":"","stick-header-meta":"","header-above-stick-meta":"","header-main-stick-meta":"","header-below-stick-meta":"","astra-migrate-meta-layouts":"default","ast-page-background-enabled":"default","ast-page-background-meta":{"desktop":{"background-color":"var(--ast-global-color-5)","background-image":"","background-repeat":"repeat","background-position":"center center","background-size":"auto","background-attachment":"scroll","background-type":"","background-media":"","overlay-type":"","overlay-color":"","overlay-opacity":"","overlay-gradient":""},"tablet":{"background-color":"","background-image":"","background-repeat":"repeat","background-position":"center center","background-size":"auto","background-attachment":"scroll","background-type":"","background-media":"","overlay-type":"","overlay-color":"","overlay-opacity":"","overlay-gradient":""},"mobile":{"background-color":"","background-image":"","background-repeat":"repeat","background-position":"center center","background-size":"auto","background-attachment":"scroll","background-type":"","background-media":"","overlay-type":"","overlay-color":"","overlay-opacity":"","overlay-gradient":""}},"ast-content-background-meta":{"desktop":{"background-color":"var(--ast-global-color-4)","background-image":"","background-repeat":"repeat","background-position":"center center","background-size":"auto","background-attachment":"scroll","background-type":"","background-media":"","overlay-type":"","overlay-color":"","overlay-opacity":"","overlay-gradient":""},"tablet":{"background-color":"var(--ast-global-color-4)","background-image":"","background-repeat":"repeat","background-position":"center center","background-size":"auto","background-attachment":"scroll","background-type":"","background-media":"","overlay-type":"","overlay-color":"","overlay-opacity":"","overlay-gradient":""},"mobile":{"background-color":"var(--ast-global-color-4)","background-image":"","background-repeat":"repeat","background-position":"center center","background-size":"auto","background-attachment":"scroll","background-type":"","background-media":"","overlay-type":"","overlay-color":"","overlay-opacity":"","overlay-gradient":""}}},"domaine":[],"normes":[17135],"product_brand":[],"product_cat":[17240,88],"product_tag":[],"class_list":{"0":"post-255921","1":"product","2":"type-product","3":"status-publish","4":"has-post-thumbnail","6":"normes-din-51562","7":"product_cat-categories","8":"product_cat-cimenterie-materiaux","9":"desktop-align-left","10":"tablet-align-left","11":"mobile-align-left","13":"first","14":"instock","15":"shipping-taxable","16":"product-type-simple"},"acf":[],"yoast_head":"<!-- This site is optimized with the Yoast SEO plugin v27.4 - https:\/\/yoast.com\/product\/yoast-seo-wordpress\/ -->\n<title>Presse automatique de laboratoire SPEX - XP-400 X-Press\u00ae | DeltaLabo<\/title>\n<meta name=\"robots\" content=\"noindex, follow, max-snippet:-1, max-image-preview:large, max-video-preview:-1\" \/>\n<meta property=\"og:locale\" content=\"fr_FR\" \/>\n<meta property=\"og:type\" content=\"article\" \/>\n<meta property=\"og:title\" content=\"Presse automatique de laboratoire SPEX - XP-400 X-Press\u00ae | DeltaLabo\" \/>\n<meta property=\"og:description\" content=\"Presse automatique de laboratoire SPEX - XP-400 X-Press\u00ae :  La presse automatique de laboratoire SPEX - XP-400 X-Press\u00ae est une presse hydraulique de 35 tonnes de laboratoire. Elle accepte des moules \u00e0 pastiller de 13 mm, 31 mm, 35 mm et 40 mm. Elle est enti\u00e8rement \u00e9lectrique et programmable. Elle est con\u00e7ue pour le pressage r\u00e9p\u00e9titif de pastilles d&#039;\u00e9chantillon pour XRF, IR, et autres techniques analytiques.  Les \u00e9chantillons types comprennent : les ciments, les roches, les min\u00e9raux, les sols, les c\u00e9ramiques et les produits pharmaceutiques.  Caract\u00e9ristiques :   Distance de compression : 25mm  Diam\u00e8tre du plateau : 8cm  Ouverture : 5 \u00e0 15cm  Ecran LCD tactile reprenant les param\u00e8tres suivants : pression, temps de pression et temps de rel\u00e2chement  Verrouillage de la porte de la chambre de mesure pendant un essai  Arr\u00eat automatique de la presse par soupape de s\u00e9curit\u00e9  T\u00e9l\u00e9charger la brochure produit : Presse automatique de laboratoire SPEX - XP-400 X-Press\u00ae\" \/>\n<meta property=\"og:url\" content=\"https:\/\/webdesi-gn.fr\/dev_deltalabo\/produits\/cimenterie-materiaux\/presse-automatique-de-laboratoire-3636-spex\/\" \/>\n<meta property=\"og:site_name\" content=\"DeltaLabo\" \/>\n<meta property=\"article:modified_time\" content=\"2025-11-24T14:29:35+00:00\" \/>\n<meta property=\"og:image\" content=\"https:\/\/webdesi-gn.fr\/dev_deltalabo\/wp-content\/uploads\/2025\/11\/DELTA-LABO-XP-400-X-press.webp\" \/>\n\t<meta property=\"og:image:width\" content=\"550\" \/>\n\t<meta property=\"og:image:height\" content=\"550\" \/>\n\t<meta property=\"og:image:type\" content=\"image\/webp\" \/>\n<meta name=\"twitter:card\" content=\"summary_large_image\" \/>\n<meta name=\"twitter:label1\" content=\"Dur\u00e9e de lecture estim\u00e9e\" \/>\n\t<meta name=\"twitter:data1\" content=\"1 minute\" \/>\n<script type=\"application\/ld+json\" class=\"yoast-schema-graph\">{\"@context\":\"https:\\\/\\\/schema.org\",\"@graph\":[{\"@type\":\"WebPage\",\"@id\":\"https:\\\/\\\/webdesi-gn.fr\\\/dev_deltalabo\\\/produits\\\/cimenterie-materiaux\\\/presse-automatique-de-laboratoire-3636-spex\\\/\",\"url\":\"https:\\\/\\\/webdesi-gn.fr\\\/dev_deltalabo\\\/produits\\\/cimenterie-materiaux\\\/presse-automatique-de-laboratoire-3636-spex\\\/\",\"name\":\"Presse automatique de laboratoire SPEX - XP-400 X-Press\u00ae | DeltaLabo\",\"isPartOf\":{\"@id\":\"https:\\\/\\\/webdesi-gn.fr\\\/dev_deltalabo\\\/#website\"},\"primaryImageOfPage\":{\"@id\":\"https:\\\/\\\/webdesi-gn.fr\\\/dev_deltalabo\\\/produits\\\/cimenterie-materiaux\\\/presse-automatique-de-laboratoire-3636-spex\\\/#primaryimage\"},\"image\":{\"@id\":\"https:\\\/\\\/webdesi-gn.fr\\\/dev_deltalabo\\\/produits\\\/cimenterie-materiaux\\\/presse-automatique-de-laboratoire-3636-spex\\\/#primaryimage\"},\"thumbnailUrl\":\"https:\\\/\\\/webdesi-gn.fr\\\/dev_deltalabo\\\/wp-content\\\/uploads\\\/2025\\\/11\\\/DELTA-LABO-XP-400-X-press.webp\",\"datePublished\":\"2024-01-29T13:55:01+00:00\",\"dateModified\":\"2025-11-24T14:29:35+00:00\",\"breadcrumb\":{\"@id\":\"https:\\\/\\\/webdesi-gn.fr\\\/dev_deltalabo\\\/produits\\\/cimenterie-materiaux\\\/presse-automatique-de-laboratoire-3636-spex\\\/#breadcrumb\"},\"inLanguage\":\"fr-FR\",\"potentialAction\":[{\"@type\":\"ReadAction\",\"target\":[\"https:\\\/\\\/webdesi-gn.fr\\\/dev_deltalabo\\\/produits\\\/cimenterie-materiaux\\\/presse-automatique-de-laboratoire-3636-spex\\\/\"]}]},{\"@type\":\"ImageObject\",\"inLanguage\":\"fr-FR\",\"@id\":\"https:\\\/\\\/webdesi-gn.fr\\\/dev_deltalabo\\\/produits\\\/cimenterie-materiaux\\\/presse-automatique-de-laboratoire-3636-spex\\\/#primaryimage\",\"url\":\"https:\\\/\\\/webdesi-gn.fr\\\/dev_deltalabo\\\/wp-content\\\/uploads\\\/2025\\\/11\\\/DELTA-LABO-XP-400-X-press.webp\",\"contentUrl\":\"https:\\\/\\\/webdesi-gn.fr\\\/dev_deltalabo\\\/wp-content\\\/uploads\\\/2025\\\/11\\\/DELTA-LABO-XP-400-X-press.webp\",\"width\":550,\"height\":550},{\"@type\":\"BreadcrumbList\",\"@id\":\"https:\\\/\\\/webdesi-gn.fr\\\/dev_deltalabo\\\/produits\\\/cimenterie-materiaux\\\/presse-automatique-de-laboratoire-3636-spex\\\/#breadcrumb\",\"itemListElement\":[{\"@type\":\"ListItem\",\"position\":1,\"name\":\"Accueil\",\"item\":\"https:\\\/\\\/webdesi-gn.fr\\\/dev_deltalabo\\\/\"},{\"@type\":\"ListItem\",\"position\":2,\"name\":\"Produits\",\"item\":\"https:\\\/\\\/webdesi-gn.fr\\\/dev_deltalabo\\\/produits\\\/\"},{\"@type\":\"ListItem\",\"position\":3,\"name\":\"Presse automatique de laboratoire SPEX &#8211; XP-400 X-Press\u00ae\"}]},{\"@type\":\"WebSite\",\"@id\":\"https:\\\/\\\/webdesi-gn.fr\\\/dev_deltalabo\\\/#website\",\"url\":\"https:\\\/\\\/webdesi-gn.fr\\\/dev_deltalabo\\\/\",\"name\":\"Delta Labo\",\"description\":\"Un site utilisant WordPress\",\"publisher\":{\"@id\":\"https:\\\/\\\/webdesi-gn.fr\\\/dev_deltalabo\\\/#organization\"},\"alternateName\":\"Delta Labo\",\"potentialAction\":[{\"@type\":\"SearchAction\",\"target\":{\"@type\":\"EntryPoint\",\"urlTemplate\":\"https:\\\/\\\/webdesi-gn.fr\\\/dev_deltalabo\\\/?s={search_term_string}\"},\"query-input\":{\"@type\":\"PropertyValueSpecification\",\"valueRequired\":true,\"valueName\":\"search_term_string\"}}],\"inLanguage\":\"fr-FR\"},{\"@type\":\"Organization\",\"@id\":\"https:\\\/\\\/webdesi-gn.fr\\\/dev_deltalabo\\\/#organization\",\"name\":\"DeltaLabo\",\"url\":\"https:\\\/\\\/webdesi-gn.fr\\\/dev_deltalabo\\\/\",\"logo\":{\"@type\":\"ImageObject\",\"inLanguage\":\"fr-FR\",\"@id\":\"https:\\\/\\\/webdesi-gn.fr\\\/dev_deltalabo\\\/#\\\/schema\\\/logo\\\/image\\\/\",\"url\":\"https:\\\/\\\/webdesi-gn.fr\\\/dev_deltalabo\\\/wp-content\\\/uploads\\\/2022\\\/07\\\/logo-deltalabo.png\",\"contentUrl\":\"https:\\\/\\\/webdesi-gn.fr\\\/dev_deltalabo\\\/wp-content\\\/uploads\\\/2022\\\/07\\\/logo-deltalabo.png\",\"width\":694,\"height\":306,\"caption\":\"DeltaLabo\"},\"image\":{\"@id\":\"https:\\\/\\\/webdesi-gn.fr\\\/dev_deltalabo\\\/#\\\/schema\\\/logo\\\/image\\\/\"}}]}<\/script>\n<!-- \/ Yoast SEO plugin. -->","yoast_head_json":{"title":"Presse automatique de laboratoire SPEX - XP-400 X-Press\u00ae | DeltaLabo","robots":{"index":"noindex","follow":"follow","max-snippet":"max-snippet:-1","max-image-preview":"max-image-preview:large","max-video-preview":"max-video-preview:-1"},"og_locale":"fr_FR","og_type":"article","og_title":"Presse automatique de laboratoire SPEX - XP-400 X-Press\u00ae | DeltaLabo","og_description":"Presse automatique de laboratoire SPEX - XP-400 X-Press\u00ae :  La presse automatique de laboratoire SPEX - XP-400 X-Press\u00ae est une presse hydraulique de 35 tonnes de laboratoire. Elle accepte des moules \u00e0 pastiller de 13 mm, 31 mm, 35 mm et 40 mm. Elle est enti\u00e8rement \u00e9lectrique et programmable. Elle est con\u00e7ue pour le pressage r\u00e9p\u00e9titif de pastilles d'\u00e9chantillon pour XRF, IR, et autres techniques analytiques.  Les \u00e9chantillons types comprennent : les ciments, les roches, les min\u00e9raux, les sols, les c\u00e9ramiques et les produits pharmaceutiques.  Caract\u00e9ristiques :   Distance de compression : 25mm  Diam\u00e8tre du plateau : 8cm  Ouverture : 5 \u00e0 15cm  Ecran LCD tactile reprenant les param\u00e8tres suivants : pression, temps de pression et temps de rel\u00e2chement  Verrouillage de la porte de la chambre de mesure pendant un essai  Arr\u00eat automatique de la presse par soupape de s\u00e9curit\u00e9  T\u00e9l\u00e9charger la brochure produit : Presse automatique de laboratoire SPEX - XP-400 X-Press\u00ae","og_url":"https:\/\/webdesi-gn.fr\/dev_deltalabo\/produits\/cimenterie-materiaux\/presse-automatique-de-laboratoire-3636-spex\/","og_site_name":"DeltaLabo","article_modified_time":"2025-11-24T14:29:35+00:00","og_image":[{"width":550,"height":550,"url":"https:\/\/webdesi-gn.fr\/dev_deltalabo\/wp-content\/uploads\/2025\/11\/DELTA-LABO-XP-400-X-press.webp","type":"image\/webp"}],"twitter_card":"summary_large_image","twitter_misc":{"Dur\u00e9e de lecture estim\u00e9e":"1 minute"},"schema":{"@context":"https:\/\/schema.org","@graph":[{"@type":"WebPage","@id":"https:\/\/webdesi-gn.fr\/dev_deltalabo\/produits\/cimenterie-materiaux\/presse-automatique-de-laboratoire-3636-spex\/","url":"https:\/\/webdesi-gn.fr\/dev_deltalabo\/produits\/cimenterie-materiaux\/presse-automatique-de-laboratoire-3636-spex\/","name":"Presse automatique de laboratoire SPEX - XP-400 X-Press\u00ae | DeltaLabo","isPartOf":{"@id":"https:\/\/webdesi-gn.fr\/dev_deltalabo\/#website"},"primaryImageOfPage":{"@id":"https:\/\/webdesi-gn.fr\/dev_deltalabo\/produits\/cimenterie-materiaux\/presse-automatique-de-laboratoire-3636-spex\/#primaryimage"},"image":{"@id":"https:\/\/webdesi-gn.fr\/dev_deltalabo\/produits\/cimenterie-materiaux\/presse-automatique-de-laboratoire-3636-spex\/#primaryimage"},"thumbnailUrl":"https:\/\/webdesi-gn.fr\/dev_deltalabo\/wp-content\/uploads\/2025\/11\/DELTA-LABO-XP-400-X-press.webp","datePublished":"2024-01-29T13:55:01+00:00","dateModified":"2025-11-24T14:29:35+00:00","breadcrumb":{"@id":"https:\/\/webdesi-gn.fr\/dev_deltalabo\/produits\/cimenterie-materiaux\/presse-automatique-de-laboratoire-3636-spex\/#breadcrumb"},"inLanguage":"fr-FR","potentialAction":[{"@type":"ReadAction","target":["https:\/\/webdesi-gn.fr\/dev_deltalabo\/produits\/cimenterie-materiaux\/presse-automatique-de-laboratoire-3636-spex\/"]}]},{"@type":"ImageObject","inLanguage":"fr-FR","@id":"https:\/\/webdesi-gn.fr\/dev_deltalabo\/produits\/cimenterie-materiaux\/presse-automatique-de-laboratoire-3636-spex\/#primaryimage","url":"https:\/\/webdesi-gn.fr\/dev_deltalabo\/wp-content\/uploads\/2025\/11\/DELTA-LABO-XP-400-X-press.webp","contentUrl":"https:\/\/webdesi-gn.fr\/dev_deltalabo\/wp-content\/uploads\/2025\/11\/DELTA-LABO-XP-400-X-press.webp","width":550,"height":550},{"@type":"BreadcrumbList","@id":"https:\/\/webdesi-gn.fr\/dev_deltalabo\/produits\/cimenterie-materiaux\/presse-automatique-de-laboratoire-3636-spex\/#breadcrumb","itemListElement":[{"@type":"ListItem","position":1,"name":"Accueil","item":"https:\/\/webdesi-gn.fr\/dev_deltalabo\/"},{"@type":"ListItem","position":2,"name":"Produits","item":"https:\/\/webdesi-gn.fr\/dev_deltalabo\/produits\/"},{"@type":"ListItem","position":3,"name":"Presse automatique de laboratoire SPEX &#8211; XP-400 X-Press\u00ae"}]},{"@type":"WebSite","@id":"https:\/\/webdesi-gn.fr\/dev_deltalabo\/#website","url":"https:\/\/webdesi-gn.fr\/dev_deltalabo\/","name":"Delta Labo","description":"Un site utilisant WordPress","publisher":{"@id":"https:\/\/webdesi-gn.fr\/dev_deltalabo\/#organization"},"alternateName":"Delta Labo","potentialAction":[{"@type":"SearchAction","target":{"@type":"EntryPoint","urlTemplate":"https:\/\/webdesi-gn.fr\/dev_deltalabo\/?s={search_term_string}"},"query-input":{"@type":"PropertyValueSpecification","valueRequired":true,"valueName":"search_term_string"}}],"inLanguage":"fr-FR"},{"@type":"Organization","@id":"https:\/\/webdesi-gn.fr\/dev_deltalabo\/#organization","name":"DeltaLabo","url":"https:\/\/webdesi-gn.fr\/dev_deltalabo\/","logo":{"@type":"ImageObject","inLanguage":"fr-FR","@id":"https:\/\/webdesi-gn.fr\/dev_deltalabo\/#\/schema\/logo\/image\/","url":"https:\/\/webdesi-gn.fr\/dev_deltalabo\/wp-content\/uploads\/2022\/07\/logo-deltalabo.png","contentUrl":"https:\/\/webdesi-gn.fr\/dev_deltalabo\/wp-content\/uploads\/2022\/07\/logo-deltalabo.png","width":694,"height":306,"caption":"DeltaLabo"},"image":{"@id":"https:\/\/webdesi-gn.fr\/dev_deltalabo\/#\/schema\/logo\/image\/"}}]}},"_links":{"self":[{"href":"https:\/\/webdesi-gn.fr\/dev_deltalabo\/wp-json\/wp\/v2\/product\/255921","targetHints":{"allow":["GET"]}}],"collection":[{"href":"https:\/\/webdesi-gn.fr\/dev_deltalabo\/wp-json\/wp\/v2\/product"}],"about":[{"href":"https:\/\/webdesi-gn.fr\/dev_deltalabo\/wp-json\/wp\/v2\/types\/product"}],"wp:featuredmedia":[{"embeddable":true,"href":"https:\/\/webdesi-gn.fr\/dev_deltalabo\/wp-json\/wp\/v2\/media\/262204"}],"wp:attachment":[{"href":"https:\/\/webdesi-gn.fr\/dev_deltalabo\/wp-json\/wp\/v2\/media?parent=255921"}],"wp:term":[{"taxonomy":"domaine","embeddable":true,"href":"https:\/\/webdesi-gn.fr\/dev_deltalabo\/wp-json\/wp\/v2\/domaine?post=255921"},{"taxonomy":"normes","embeddable":true,"href":"https:\/\/webdesi-gn.fr\/dev_deltalabo\/wp-json\/wp\/v2\/normes?post=255921"},{"taxonomy":"product_brand","embeddable":true,"href":"https:\/\/webdesi-gn.fr\/dev_deltalabo\/wp-json\/wp\/v2\/product_brand?post=255921"},{"taxonomy":"product_cat","embeddable":true,"href":"https:\/\/webdesi-gn.fr\/dev_deltalabo\/wp-json\/wp\/v2\/product_cat?post=255921"},{"taxonomy":"product_tag","embeddable":true,"href":"https:\/\/webdesi-gn.fr\/dev_deltalabo\/wp-json\/wp\/v2\/product_tag?post=255921"}],"curies":[{"name":"wp","href":"https:\/\/api.w.org\/{rel}","templated":true}]}}