{"id":255947,"date":"2024-01-29T15:40:11","date_gmt":"2024-01-29T14:40:11","guid":{"rendered":"https:\/\/webdesi-gn.fr\/dev_deltalabo\/?post_type=product&#038;p=255947"},"modified":"2025-11-24T13:50:31","modified_gmt":"2025-11-24T12:50:31","slug":"armoires-securisees-atex-liebherr-lfk-lg","status":"publish","type":"product","link":"https:\/\/webdesi-gn.fr\/dev_deltalabo\/produits\/cat-produit\/armoires-securisees-atex-liebherr-lfk-lg\/","title":{"rendered":"Armoires s\u00e9curis\u00e9es ATEX LIEBHERR LFK\/LG"},"content":{"rendered":"","protected":false},"excerpt":{"rendered":"<p><strong>Armoires s\u00e9curis\u00e9es ATEX LIEBHERR LFK\/LG :<\/strong><\/p>\n<p>Les armoires froid LIEBHERR sont des armoires agr\u00e9\u00e9es ATEX 3500X, qualifiables COFRAC &#8211; NF X 15140 et conformes aux normes ISO9001 et ISO14001.<\/p>\n<p>Ces armoires disposent d&rsquo;une r\u00e9gulation \u00e9lectronique avec une alarme ouverture de porte et une alarme temp\u00e9rature haute et basse. Elles sont compatibles pour une ambiance de +10\u00b0\/+30\u00b0C.<\/p>\n<p>Les mod\u00e8les LFKUex et LGUex ont une hauteur de 820 mm et peuvent donc se placer sous une paillasse.<\/p>\n<p>Les armoires positives LIEBHERR sont ventil\u00e9es avec une temp\u00e9rature de +5\u00b0c et un d\u00e9givrage automatique avec r\u00e9cup\u00e9ration d&rsquo;eau. Elles existent en 3 ou 5 tablettes.<\/p>\n<p>Les armoires n\u00e9gatives LIEBHERR sont en fonctionnement statique avec une temp\u00e9rature de -22\u00b0c et un d\u00e9givrage manuel. Elles existent en 4 ou 8 tiroirs.<\/p>\n<p><strong>T\u00e9l\u00e9charger la brochure produit :<\/strong> <a href=\"https:\/\/www.deltalabo.fr\/wp-content\/uploads\/2025\/03\/Doc-armoire-Atex-fr-DL.pdf\">Armoires s\u00e9curis\u00e9es ATEX LIEBHERR LFK\/LG<\/a><\/p>\n","protected":false},"featured_media":262194,"template":"","meta":{"_acf_changed":false,"site-sidebar-layout":"default","site-content-layout":"","ast-site-content-layout":"default","site-content-style":"default","site-sidebar-style":"default","ast-global-header-display":"","ast-banner-title-visibility":"","ast-main-header-display":"","ast-hfb-above-header-display":"","ast-hfb-below-header-display":"","ast-hfb-mobile-header-display":"","site-post-title":"","ast-breadcrumbs-content":"","ast-featured-img":"","footer-sml-layout":"","ast-disable-related-posts":"","theme-transparent-header-meta":"","adv-header-id-meta":"","stick-header-meta":"","header-above-stick-meta":"","header-main-stick-meta":"","header-below-stick-meta":"","astra-migrate-meta-layouts":"default","ast-page-background-enabled":"default","ast-page-background-meta":{"desktop":{"background-color":"var(--ast-global-color-5)","background-image":"","background-repeat":"repeat","background-position":"center center","background-size":"auto","background-attachment":"scroll","background-type":"","background-media":"","overlay-type":"","overlay-color":"","overlay-opacity":"","overlay-gradient":""},"tablet":{"background-color":"","background-image":"","background-repeat":"repeat","background-position":"center center","background-size":"auto","background-attachment":"scroll","background-type":"","background-media":"","overlay-type":"","overlay-color":"","overlay-opacity":"","overlay-gradient":""},"mobile":{"background-color":"","background-image":"","background-repeat":"repeat","background-position":"center center","background-size":"auto","background-attachment":"scroll","background-type":"","background-media":"","overlay-type":"","overlay-color":"","overlay-opacity":"","overlay-gradient":""}},"ast-content-background-meta":{"desktop":{"background-color":"var(--ast-global-color-4)","background-image":"","background-repeat":"repeat","background-position":"center center","background-size":"auto","background-attachment":"scroll","background-type":"","background-media":"","overlay-type":"","overlay-color":"","overlay-opacity":"","overlay-gradient":""},"tablet":{"background-color":"var(--ast-global-color-4)","background-image":"","background-repeat":"repeat","background-position":"center center","background-size":"auto","background-attachment":"scroll","background-type":"","background-media":"","overlay-type":"","overlay-color":"","overlay-opacity":"","overlay-gradient":""},"mobile":{"background-color":"var(--ast-global-color-4)","background-image":"","background-repeat":"repeat","background-position":"center center","background-size":"auto","background-attachment":"scroll","background-type":"","background-media":"","overlay-type":"","overlay-color":"","overlay-opacity":"","overlay-gradient":""}}},"domaine":[],"normes":[17135,17098,17123],"product_brand":[],"product_cat":[15],"product_tag":[],"class_list":{"0":"post-255947","1":"product","2":"type-product","3":"status-publish","4":"has-post-thumbnail","6":"normes-din-51562","7":"normes-iso-14001","8":"normes-iso-9001","9":"product_cat-cat-produit","10":"desktop-align-left","11":"tablet-align-left","12":"mobile-align-left","14":"first","15":"instock","16":"shipping-taxable","17":"product-type-simple"},"acf":[],"yoast_head":"<!-- This site is optimized with the Yoast SEO plugin v27.4 - https:\/\/yoast.com\/product\/yoast-seo-wordpress\/ -->\n<title>Armoires s\u00e9curis\u00e9es ATEX LIEBHERR LFK\/LG | DeltaLabo<\/title>\n<meta name=\"robots\" content=\"noindex, follow, max-snippet:-1, max-image-preview:large, max-video-preview:-1\" \/>\n<meta property=\"og:locale\" content=\"fr_FR\" \/>\n<meta property=\"og:type\" content=\"article\" \/>\n<meta property=\"og:title\" content=\"Armoires s\u00e9curis\u00e9es ATEX LIEBHERR LFK\/LG | DeltaLabo\" \/>\n<meta property=\"og:description\" content=\"Armoires s\u00e9curis\u00e9es ATEX LIEBHERR LFK\/LG :  Les armoires froid LIEBHERR sont des armoires agr\u00e9\u00e9es ATEX 3500X, qualifiables COFRAC - NF X 15140 et conformes aux normes ISO9001 et ISO14001.  Ces armoires disposent d&#039;une r\u00e9gulation \u00e9lectronique avec une alarme ouverture de porte et une alarme temp\u00e9rature haute et basse. Elles sont compatibles pour une ambiance de +10\u00b0\/+30\u00b0C.  Les mod\u00e8les LFKUex et LGUex ont une hauteur de 820 mm et peuvent donc se placer sous une paillasse.  Les armoires positives LIEBHERR sont ventil\u00e9es avec une temp\u00e9rature de +5\u00b0c et un d\u00e9givrage automatique avec r\u00e9cup\u00e9ration d&#039;eau. Elles existent en 3 ou 5 tablettes.  Les armoires n\u00e9gatives LIEBHERR sont en fonctionnement statique avec une temp\u00e9rature de -22\u00b0c et un d\u00e9givrage manuel. Elles existent en 4 ou 8 tiroirs.  T\u00e9l\u00e9charger la brochure produit : Armoires s\u00e9curis\u00e9es ATEX LIEBHERR LFK\/LG\" \/>\n<meta property=\"og:url\" content=\"https:\/\/webdesi-gn.fr\/dev_deltalabo\/produits\/cat-produit\/armoires-securisees-atex-liebherr-lfk-lg\/\" \/>\n<meta property=\"og:site_name\" content=\"DeltaLabo\" \/>\n<meta property=\"article:modified_time\" content=\"2025-11-24T12:50:31+00:00\" \/>\n<meta property=\"og:image\" content=\"https:\/\/webdesi-gn.fr\/dev_deltalabo\/wp-content\/uploads\/2024\/01\/DELTALABO-Armoires-securisees-Atex-Liebherr.jpg\" \/>\n\t<meta property=\"og:image:width\" content=\"363\" \/>\n\t<meta property=\"og:image:height\" content=\"467\" \/>\n\t<meta property=\"og:image:type\" content=\"image\/jpeg\" \/>\n<meta name=\"twitter:card\" content=\"summary_large_image\" \/>\n<meta name=\"twitter:label1\" content=\"Dur\u00e9e de lecture estim\u00e9e\" \/>\n\t<meta name=\"twitter:data1\" content=\"1 minute\" \/>\n<script type=\"application\/ld+json\" class=\"yoast-schema-graph\">{\"@context\":\"https:\\\/\\\/schema.org\",\"@graph\":[{\"@type\":\"WebPage\",\"@id\":\"https:\\\/\\\/webdesi-gn.fr\\\/dev_deltalabo\\\/produits\\\/cat-produit\\\/armoires-securisees-atex-liebherr-lfk-lg\\\/\",\"url\":\"https:\\\/\\\/webdesi-gn.fr\\\/dev_deltalabo\\\/produits\\\/cat-produit\\\/armoires-securisees-atex-liebherr-lfk-lg\\\/\",\"name\":\"Armoires s\u00e9curis\u00e9es ATEX LIEBHERR LFK\\\/LG | DeltaLabo\",\"isPartOf\":{\"@id\":\"https:\\\/\\\/webdesi-gn.fr\\\/dev_deltalabo\\\/#website\"},\"primaryImageOfPage\":{\"@id\":\"https:\\\/\\\/webdesi-gn.fr\\\/dev_deltalabo\\\/produits\\\/cat-produit\\\/armoires-securisees-atex-liebherr-lfk-lg\\\/#primaryimage\"},\"image\":{\"@id\":\"https:\\\/\\\/webdesi-gn.fr\\\/dev_deltalabo\\\/produits\\\/cat-produit\\\/armoires-securisees-atex-liebherr-lfk-lg\\\/#primaryimage\"},\"thumbnailUrl\":\"https:\\\/\\\/webdesi-gn.fr\\\/dev_deltalabo\\\/wp-content\\\/uploads\\\/2025\\\/11\\\/DELTALABO-Armoires-securisees-Atex-Liebherr.jpg\",\"datePublished\":\"2024-01-29T14:40:11+00:00\",\"dateModified\":\"2025-11-24T12:50:31+00:00\",\"breadcrumb\":{\"@id\":\"https:\\\/\\\/webdesi-gn.fr\\\/dev_deltalabo\\\/produits\\\/cat-produit\\\/armoires-securisees-atex-liebherr-lfk-lg\\\/#breadcrumb\"},\"inLanguage\":\"fr-FR\",\"potentialAction\":[{\"@type\":\"ReadAction\",\"target\":[\"https:\\\/\\\/webdesi-gn.fr\\\/dev_deltalabo\\\/produits\\\/cat-produit\\\/armoires-securisees-atex-liebherr-lfk-lg\\\/\"]}]},{\"@type\":\"ImageObject\",\"inLanguage\":\"fr-FR\",\"@id\":\"https:\\\/\\\/webdesi-gn.fr\\\/dev_deltalabo\\\/produits\\\/cat-produit\\\/armoires-securisees-atex-liebherr-lfk-lg\\\/#primaryimage\",\"url\":\"https:\\\/\\\/webdesi-gn.fr\\\/dev_deltalabo\\\/wp-content\\\/uploads\\\/2025\\\/11\\\/DELTALABO-Armoires-securisees-Atex-Liebherr.jpg\",\"contentUrl\":\"https:\\\/\\\/webdesi-gn.fr\\\/dev_deltalabo\\\/wp-content\\\/uploads\\\/2025\\\/11\\\/DELTALABO-Armoires-securisees-Atex-Liebherr.jpg\",\"width\":363,\"height\":467},{\"@type\":\"BreadcrumbList\",\"@id\":\"https:\\\/\\\/webdesi-gn.fr\\\/dev_deltalabo\\\/produits\\\/cat-produit\\\/armoires-securisees-atex-liebherr-lfk-lg\\\/#breadcrumb\",\"itemListElement\":[{\"@type\":\"ListItem\",\"position\":1,\"name\":\"Accueil\",\"item\":\"https:\\\/\\\/webdesi-gn.fr\\\/dev_deltalabo\\\/\"},{\"@type\":\"ListItem\",\"position\":2,\"name\":\"Produits\",\"item\":\"https:\\\/\\\/webdesi-gn.fr\\\/dev_deltalabo\\\/produits\\\/\"},{\"@type\":\"ListItem\",\"position\":3,\"name\":\"Armoires s\u00e9curis\u00e9es ATEX LIEBHERR LFK\\\/LG\"}]},{\"@type\":\"WebSite\",\"@id\":\"https:\\\/\\\/webdesi-gn.fr\\\/dev_deltalabo\\\/#website\",\"url\":\"https:\\\/\\\/webdesi-gn.fr\\\/dev_deltalabo\\\/\",\"name\":\"Delta Labo\",\"description\":\"Un site utilisant WordPress\",\"publisher\":{\"@id\":\"https:\\\/\\\/webdesi-gn.fr\\\/dev_deltalabo\\\/#organization\"},\"alternateName\":\"Delta Labo\",\"potentialAction\":[{\"@type\":\"SearchAction\",\"target\":{\"@type\":\"EntryPoint\",\"urlTemplate\":\"https:\\\/\\\/webdesi-gn.fr\\\/dev_deltalabo\\\/?s={search_term_string}\"},\"query-input\":{\"@type\":\"PropertyValueSpecification\",\"valueRequired\":true,\"valueName\":\"search_term_string\"}}],\"inLanguage\":\"fr-FR\"},{\"@type\":\"Organization\",\"@id\":\"https:\\\/\\\/webdesi-gn.fr\\\/dev_deltalabo\\\/#organization\",\"name\":\"DeltaLabo\",\"url\":\"https:\\\/\\\/webdesi-gn.fr\\\/dev_deltalabo\\\/\",\"logo\":{\"@type\":\"ImageObject\",\"inLanguage\":\"fr-FR\",\"@id\":\"https:\\\/\\\/webdesi-gn.fr\\\/dev_deltalabo\\\/#\\\/schema\\\/logo\\\/image\\\/\",\"url\":\"https:\\\/\\\/webdesi-gn.fr\\\/dev_deltalabo\\\/wp-content\\\/uploads\\\/2022\\\/07\\\/logo-deltalabo.png\",\"contentUrl\":\"https:\\\/\\\/webdesi-gn.fr\\\/dev_deltalabo\\\/wp-content\\\/uploads\\\/2022\\\/07\\\/logo-deltalabo.png\",\"width\":694,\"height\":306,\"caption\":\"DeltaLabo\"},\"image\":{\"@id\":\"https:\\\/\\\/webdesi-gn.fr\\\/dev_deltalabo\\\/#\\\/schema\\\/logo\\\/image\\\/\"}}]}<\/script>\n<!-- \/ Yoast SEO plugin. -->","yoast_head_json":{"title":"Armoires s\u00e9curis\u00e9es ATEX LIEBHERR LFK\/LG | DeltaLabo","robots":{"index":"noindex","follow":"follow","max-snippet":"max-snippet:-1","max-image-preview":"max-image-preview:large","max-video-preview":"max-video-preview:-1"},"og_locale":"fr_FR","og_type":"article","og_title":"Armoires s\u00e9curis\u00e9es ATEX LIEBHERR LFK\/LG | DeltaLabo","og_description":"Armoires s\u00e9curis\u00e9es ATEX LIEBHERR LFK\/LG :  Les armoires froid LIEBHERR sont des armoires agr\u00e9\u00e9es ATEX 3500X, qualifiables COFRAC - NF X 15140 et conformes aux normes ISO9001 et ISO14001.  Ces armoires disposent d'une r\u00e9gulation \u00e9lectronique avec une alarme ouverture de porte et une alarme temp\u00e9rature haute et basse. Elles sont compatibles pour une ambiance de +10\u00b0\/+30\u00b0C.  Les mod\u00e8les LFKUex et LGUex ont une hauteur de 820 mm et peuvent donc se placer sous une paillasse.  Les armoires positives LIEBHERR sont ventil\u00e9es avec une temp\u00e9rature de +5\u00b0c et un d\u00e9givrage automatique avec r\u00e9cup\u00e9ration d'eau. Elles existent en 3 ou 5 tablettes.  Les armoires n\u00e9gatives LIEBHERR sont en fonctionnement statique avec une temp\u00e9rature de -22\u00b0c et un d\u00e9givrage manuel. Elles existent en 4 ou 8 tiroirs.  T\u00e9l\u00e9charger la brochure produit : Armoires s\u00e9curis\u00e9es ATEX LIEBHERR LFK\/LG","og_url":"https:\/\/webdesi-gn.fr\/dev_deltalabo\/produits\/cat-produit\/armoires-securisees-atex-liebherr-lfk-lg\/","og_site_name":"DeltaLabo","article_modified_time":"2025-11-24T12:50:31+00:00","og_image":[{"width":363,"height":467,"url":"https:\/\/webdesi-gn.fr\/dev_deltalabo\/wp-content\/uploads\/2024\/01\/DELTALABO-Armoires-securisees-Atex-Liebherr.jpg","type":"image\/jpeg"}],"twitter_card":"summary_large_image","twitter_misc":{"Dur\u00e9e de lecture estim\u00e9e":"1 minute"},"schema":{"@context":"https:\/\/schema.org","@graph":[{"@type":"WebPage","@id":"https:\/\/webdesi-gn.fr\/dev_deltalabo\/produits\/cat-produit\/armoires-securisees-atex-liebherr-lfk-lg\/","url":"https:\/\/webdesi-gn.fr\/dev_deltalabo\/produits\/cat-produit\/armoires-securisees-atex-liebherr-lfk-lg\/","name":"Armoires s\u00e9curis\u00e9es ATEX LIEBHERR LFK\/LG | DeltaLabo","isPartOf":{"@id":"https:\/\/webdesi-gn.fr\/dev_deltalabo\/#website"},"primaryImageOfPage":{"@id":"https:\/\/webdesi-gn.fr\/dev_deltalabo\/produits\/cat-produit\/armoires-securisees-atex-liebherr-lfk-lg\/#primaryimage"},"image":{"@id":"https:\/\/webdesi-gn.fr\/dev_deltalabo\/produits\/cat-produit\/armoires-securisees-atex-liebherr-lfk-lg\/#primaryimage"},"thumbnailUrl":"https:\/\/webdesi-gn.fr\/dev_deltalabo\/wp-content\/uploads\/2025\/11\/DELTALABO-Armoires-securisees-Atex-Liebherr.jpg","datePublished":"2024-01-29T14:40:11+00:00","dateModified":"2025-11-24T12:50:31+00:00","breadcrumb":{"@id":"https:\/\/webdesi-gn.fr\/dev_deltalabo\/produits\/cat-produit\/armoires-securisees-atex-liebherr-lfk-lg\/#breadcrumb"},"inLanguage":"fr-FR","potentialAction":[{"@type":"ReadAction","target":["https:\/\/webdesi-gn.fr\/dev_deltalabo\/produits\/cat-produit\/armoires-securisees-atex-liebherr-lfk-lg\/"]}]},{"@type":"ImageObject","inLanguage":"fr-FR","@id":"https:\/\/webdesi-gn.fr\/dev_deltalabo\/produits\/cat-produit\/armoires-securisees-atex-liebherr-lfk-lg\/#primaryimage","url":"https:\/\/webdesi-gn.fr\/dev_deltalabo\/wp-content\/uploads\/2025\/11\/DELTALABO-Armoires-securisees-Atex-Liebherr.jpg","contentUrl":"https:\/\/webdesi-gn.fr\/dev_deltalabo\/wp-content\/uploads\/2025\/11\/DELTALABO-Armoires-securisees-Atex-Liebherr.jpg","width":363,"height":467},{"@type":"BreadcrumbList","@id":"https:\/\/webdesi-gn.fr\/dev_deltalabo\/produits\/cat-produit\/armoires-securisees-atex-liebherr-lfk-lg\/#breadcrumb","itemListElement":[{"@type":"ListItem","position":1,"name":"Accueil","item":"https:\/\/webdesi-gn.fr\/dev_deltalabo\/"},{"@type":"ListItem","position":2,"name":"Produits","item":"https:\/\/webdesi-gn.fr\/dev_deltalabo\/produits\/"},{"@type":"ListItem","position":3,"name":"Armoires s\u00e9curis\u00e9es ATEX LIEBHERR LFK\/LG"}]},{"@type":"WebSite","@id":"https:\/\/webdesi-gn.fr\/dev_deltalabo\/#website","url":"https:\/\/webdesi-gn.fr\/dev_deltalabo\/","name":"Delta Labo","description":"Un site utilisant WordPress","publisher":{"@id":"https:\/\/webdesi-gn.fr\/dev_deltalabo\/#organization"},"alternateName":"Delta Labo","potentialAction":[{"@type":"SearchAction","target":{"@type":"EntryPoint","urlTemplate":"https:\/\/webdesi-gn.fr\/dev_deltalabo\/?s={search_term_string}"},"query-input":{"@type":"PropertyValueSpecification","valueRequired":true,"valueName":"search_term_string"}}],"inLanguage":"fr-FR"},{"@type":"Organization","@id":"https:\/\/webdesi-gn.fr\/dev_deltalabo\/#organization","name":"DeltaLabo","url":"https:\/\/webdesi-gn.fr\/dev_deltalabo\/","logo":{"@type":"ImageObject","inLanguage":"fr-FR","@id":"https:\/\/webdesi-gn.fr\/dev_deltalabo\/#\/schema\/logo\/image\/","url":"https:\/\/webdesi-gn.fr\/dev_deltalabo\/wp-content\/uploads\/2022\/07\/logo-deltalabo.png","contentUrl":"https:\/\/webdesi-gn.fr\/dev_deltalabo\/wp-content\/uploads\/2022\/07\/logo-deltalabo.png","width":694,"height":306,"caption":"DeltaLabo"},"image":{"@id":"https:\/\/webdesi-gn.fr\/dev_deltalabo\/#\/schema\/logo\/image\/"}}]}},"_links":{"self":[{"href":"https:\/\/webdesi-gn.fr\/dev_deltalabo\/wp-json\/wp\/v2\/product\/255947","targetHints":{"allow":["GET"]}}],"collection":[{"href":"https:\/\/webdesi-gn.fr\/dev_deltalabo\/wp-json\/wp\/v2\/product"}],"about":[{"href":"https:\/\/webdesi-gn.fr\/dev_deltalabo\/wp-json\/wp\/v2\/types\/product"}],"wp:featuredmedia":[{"embeddable":true,"href":"https:\/\/webdesi-gn.fr\/dev_deltalabo\/wp-json\/wp\/v2\/media\/262194"}],"wp:attachment":[{"href":"https:\/\/webdesi-gn.fr\/dev_deltalabo\/wp-json\/wp\/v2\/media?parent=255947"}],"wp:term":[{"taxonomy":"domaine","embeddable":true,"href":"https:\/\/webdesi-gn.fr\/dev_deltalabo\/wp-json\/wp\/v2\/domaine?post=255947"},{"taxonomy":"normes","embeddable":true,"href":"https:\/\/webdesi-gn.fr\/dev_deltalabo\/wp-json\/wp\/v2\/normes?post=255947"},{"taxonomy":"product_brand","embeddable":true,"href":"https:\/\/webdesi-gn.fr\/dev_deltalabo\/wp-json\/wp\/v2\/product_brand?post=255947"},{"taxonomy":"product_cat","embeddable":true,"href":"https:\/\/webdesi-gn.fr\/dev_deltalabo\/wp-json\/wp\/v2\/product_cat?post=255947"},{"taxonomy":"product_tag","embeddable":true,"href":"https:\/\/webdesi-gn.fr\/dev_deltalabo\/wp-json\/wp\/v2\/product_tag?post=255947"}],"curies":[{"name":"wp","href":"https:\/\/api.w.org\/{rel}","templated":true}]}}