{"id":255953,"date":"2024-01-29T15:48:39","date_gmt":"2024-01-29T14:48:39","guid":{"rendered":"https:\/\/webdesi-gn.fr\/dev_deltalabo\/?post_type=product&#038;p=255953"},"modified":"2025-11-24T13:50:24","modified_gmt":"2025-11-24T12:50:24","slug":"cryothermostat-alpha-lauda","status":"publish","type":"product","link":"https:\/\/webdesi-gn.fr\/dev_deltalabo\/produits\/thermostatisation\/cryothermostat-alpha-lauda\/","title":{"rendered":"Cryothermostat Alpha LAUDA"},"content":{"rendered":"","protected":false},"excerpt":{"rendered":"<p><strong>Cryothermostat Alpha LAUDA :<\/strong><\/p>\n<p>Les cryothermostats Alpha sont la solution d&rsquo;entr\u00e9e de gamme pour la pr\u00e9paration d&rsquo;\u00e9chantillons, les analyses pharmaceutiques tout en vous assurant la qualit\u00e9 de thermostatisation de haute qualit\u00e9 LAUDA.<\/p>\n<p>Ils offrent une technologie fiable, une simplicit\u00e9 d&rsquo;utilisation et un design moderne pour des plages de temp\u00e9rature allant de -25\u00b0C \u00e0 100\u00b0C.<\/p>\n<p>Il existe 3 mod\u00e8les : RA 8, RA 12 et RA 24. Cette ligne de produits est con\u00e7ue pour la thermor\u00e9gulation interne et externe avec des liquides non inflammables (eau et eau\/glycol). Ces thermostats repr\u00e9sentent la solution id\u00e9ale pour une grande partie des applications de thermor\u00e9gulation de base en laboratoire.<\/p>\n<p>Caract\u00e9ristiques :<\/p>\n<ul>\n<li>Cuves de bain en acier inoxydable<\/li>\n<li>Raccord de vidange \u00e0 l&rsquo;arri\u00e8re<\/li>\n<li>Puissance de r\u00e9frig\u00e9ration de 0,23 kW \u00e0 0,43 kW<\/li>\n<li>Puissance de chauffage de 1 kW \u00e0 1.5 kW<\/li>\n<\/ul>\n<p><strong>T\u00e9l\u00e9charger la brochure produit :<\/strong> <a href=\"https:\/\/www.deltalabo.fr\/wp-content\/uploads\/2025\/07\/LAUDA_Catalogue_General_2024_25-FR-DL-Cryothermostat-ALPHA.pdf\">Cryothermostat Alpha RA 8, RA 12 et RA 24 LAUDA<\/a><\/p>\n<p><strong>Visionner l&rsquo;utilisation du produit :<\/strong> <a href=\"https:\/\/youtu.be\/4iYSoS1hB7E?t=7\">Cryothermostat Alpha LAUDA<\/a><\/p>\n","protected":false},"featured_media":262192,"template":"","meta":{"_acf_changed":false,"site-sidebar-layout":"default","site-content-layout":"","ast-site-content-layout":"default","site-content-style":"default","site-sidebar-style":"default","ast-global-header-display":"","ast-banner-title-visibility":"","ast-main-header-display":"","ast-hfb-above-header-display":"","ast-hfb-below-header-display":"","ast-hfb-mobile-header-display":"","site-post-title":"","ast-breadcrumbs-content":"","ast-featured-img":"","footer-sml-layout":"","ast-disable-related-posts":"","theme-transparent-header-meta":"","adv-header-id-meta":"","stick-header-meta":"","header-above-stick-meta":"","header-main-stick-meta":"","header-below-stick-meta":"","astra-migrate-meta-layouts":"default","ast-page-background-enabled":"default","ast-page-background-meta":{"desktop":{"background-color":"var(--ast-global-color-5)","background-image":"","background-repeat":"repeat","background-position":"center center","background-size":"auto","background-attachment":"scroll","background-type":"","background-media":"","overlay-type":"","overlay-color":"","overlay-opacity":"","overlay-gradient":""},"tablet":{"background-color":"","background-image":"","background-repeat":"repeat","background-position":"center center","background-size":"auto","background-attachment":"scroll","background-type":"","background-media":"","overlay-type":"","overlay-color":"","overlay-opacity":"","overlay-gradient":""},"mobile":{"background-color":"","background-image":"","background-repeat":"repeat","background-position":"center center","background-size":"auto","background-attachment":"scroll","background-type":"","background-media":"","overlay-type":"","overlay-color":"","overlay-opacity":"","overlay-gradient":""}},"ast-content-background-meta":{"desktop":{"background-color":"var(--ast-global-color-4)","background-image":"","background-repeat":"repeat","background-position":"center center","background-size":"auto","background-attachment":"scroll","background-type":"","background-media":"","overlay-type":"","overlay-color":"","overlay-opacity":"","overlay-gradient":""},"tablet":{"background-color":"var(--ast-global-color-4)","background-image":"","background-repeat":"repeat","background-position":"center center","background-size":"auto","background-attachment":"scroll","background-type":"","background-media":"","overlay-type":"","overlay-color":"","overlay-opacity":"","overlay-gradient":""},"mobile":{"background-color":"var(--ast-global-color-4)","background-image":"","background-repeat":"repeat","background-position":"center center","background-size":"auto","background-attachment":"scroll","background-type":"","background-media":"","overlay-type":"","overlay-color":"","overlay-opacity":"","overlay-gradient":""}}},"domaine":[17187],"normes":[17135],"product_brand":[],"product_cat":[17423],"product_tag":[],"class_list":{"0":"post-255953","1":"product","2":"type-product","3":"status-publish","4":"has-post-thumbnail","6":"domaine-thermostatisation","7":"normes-din-51562","8":"product_cat-thermostatisation","9":"desktop-align-left","10":"tablet-align-left","11":"mobile-align-left","13":"first","14":"instock","15":"shipping-taxable","16":"purchasable","17":"product-type-simple"},"acf":[],"yoast_head":"<!-- This site is optimized with the Yoast SEO plugin v27.4 - https:\/\/yoast.com\/product\/yoast-seo-wordpress\/ -->\n<title>Cryothermostat Alpha LAUDA | DeltaLabo<\/title>\n<meta name=\"robots\" content=\"noindex, follow, max-snippet:-1, max-image-preview:large, max-video-preview:-1\" \/>\n<meta property=\"og:locale\" content=\"fr_FR\" \/>\n<meta property=\"og:type\" content=\"article\" \/>\n<meta property=\"og:title\" content=\"Cryothermostat Alpha LAUDA | DeltaLabo\" \/>\n<meta property=\"og:description\" content=\"Cryothermostat Alpha LAUDA :  Les cryothermostats Alpha sont la solution d&#039;entr\u00e9e de gamme pour la pr\u00e9paration d&#039;\u00e9chantillons, les analyses pharmaceutiques tout en vous assurant la qualit\u00e9 de thermostatisation de haute qualit\u00e9 LAUDA.  Ils offrent une technologie fiable, une simplicit\u00e9 d&#039;utilisation et un design moderne pour des plages de temp\u00e9rature allant de -25\u00b0C \u00e0 100\u00b0C.  Il existe 3 mod\u00e8les : RA 8, RA 12 et RA 24. Cette ligne de produits est con\u00e7ue pour la thermor\u00e9gulation interne et externe avec des liquides non inflammables (eau et eau\/glycol). Ces thermostats repr\u00e9sentent la solution id\u00e9ale pour une grande partie des applications de thermor\u00e9gulation de base en laboratoire.  Caract\u00e9ristiques :   Cuves de bain en acier inoxydable  Raccord de vidange \u00e0 l&#039;arri\u00e8re  Puissance de r\u00e9frig\u00e9ration de 0,23 kW \u00e0 0,43 kW  Puissance de chauffage de 1 kW \u00e0 1.5 kW  T\u00e9l\u00e9charger la brochure produit : Cryothermostat Alpha RA 8, RA 12 et RA 24 LAUDA  Visionner l&#039;utilisation du produit : Cryothermostat Alpha LAUDA\" \/>\n<meta property=\"og:url\" content=\"https:\/\/webdesi-gn.fr\/dev_deltalabo\/produits\/cat-produit\/cryothermostat-alpha-lauda\/\" \/>\n<meta property=\"og:site_name\" content=\"DeltaLabo\" \/>\n<meta property=\"article:modified_time\" content=\"2025-11-24T12:50:24+00:00\" \/>\n<meta property=\"og:image\" content=\"https:\/\/webdesi-gn.fr\/dev_deltalabo\/wp-content\/uploads\/2024\/01\/DELTA-LABO-Alpha_RA8.png\" \/>\n\t<meta property=\"og:image:width\" content=\"800\" \/>\n\t<meta property=\"og:image:height\" content=\"800\" \/>\n\t<meta property=\"og:image:type\" content=\"image\/png\" \/>\n<meta name=\"twitter:card\" content=\"summary_large_image\" \/>\n<meta name=\"twitter:label1\" content=\"Dur\u00e9e de lecture estim\u00e9e\" \/>\n\t<meta name=\"twitter:data1\" content=\"1 minute\" \/>\n<script type=\"application\/ld+json\" class=\"yoast-schema-graph\">{\"@context\":\"https:\\\/\\\/schema.org\",\"@graph\":[{\"@type\":\"WebPage\",\"@id\":\"https:\\\/\\\/webdesi-gn.fr\\\/dev_deltalabo\\\/produits\\\/cat-produit\\\/cryothermostat-alpha-lauda\\\/\",\"url\":\"https:\\\/\\\/webdesi-gn.fr\\\/dev_deltalabo\\\/produits\\\/cat-produit\\\/cryothermostat-alpha-lauda\\\/\",\"name\":\"Cryothermostat Alpha LAUDA | DeltaLabo\",\"isPartOf\":{\"@id\":\"https:\\\/\\\/webdesi-gn.fr\\\/dev_deltalabo\\\/#website\"},\"primaryImageOfPage\":{\"@id\":\"https:\\\/\\\/webdesi-gn.fr\\\/dev_deltalabo\\\/produits\\\/cat-produit\\\/cryothermostat-alpha-lauda\\\/#primaryimage\"},\"image\":{\"@id\":\"https:\\\/\\\/webdesi-gn.fr\\\/dev_deltalabo\\\/produits\\\/cat-produit\\\/cryothermostat-alpha-lauda\\\/#primaryimage\"},\"thumbnailUrl\":\"https:\\\/\\\/webdesi-gn.fr\\\/dev_deltalabo\\\/wp-content\\\/uploads\\\/2025\\\/11\\\/DELTA-LABO-Alpha_RA8.png\",\"datePublished\":\"2024-01-29T14:48:39+00:00\",\"dateModified\":\"2025-11-24T12:50:24+00:00\",\"breadcrumb\":{\"@id\":\"https:\\\/\\\/webdesi-gn.fr\\\/dev_deltalabo\\\/produits\\\/cat-produit\\\/cryothermostat-alpha-lauda\\\/#breadcrumb\"},\"inLanguage\":\"fr-FR\",\"potentialAction\":[{\"@type\":\"ReadAction\",\"target\":[\"https:\\\/\\\/webdesi-gn.fr\\\/dev_deltalabo\\\/produits\\\/cat-produit\\\/cryothermostat-alpha-lauda\\\/\"]}]},{\"@type\":\"ImageObject\",\"inLanguage\":\"fr-FR\",\"@id\":\"https:\\\/\\\/webdesi-gn.fr\\\/dev_deltalabo\\\/produits\\\/cat-produit\\\/cryothermostat-alpha-lauda\\\/#primaryimage\",\"url\":\"https:\\\/\\\/webdesi-gn.fr\\\/dev_deltalabo\\\/wp-content\\\/uploads\\\/2025\\\/11\\\/DELTA-LABO-Alpha_RA8.png\",\"contentUrl\":\"https:\\\/\\\/webdesi-gn.fr\\\/dev_deltalabo\\\/wp-content\\\/uploads\\\/2025\\\/11\\\/DELTA-LABO-Alpha_RA8.png\",\"width\":800,\"height\":800},{\"@type\":\"BreadcrumbList\",\"@id\":\"https:\\\/\\\/webdesi-gn.fr\\\/dev_deltalabo\\\/produits\\\/cat-produit\\\/cryothermostat-alpha-lauda\\\/#breadcrumb\",\"itemListElement\":[{\"@type\":\"ListItem\",\"position\":1,\"name\":\"Accueil\",\"item\":\"https:\\\/\\\/webdesi-gn.fr\\\/dev_deltalabo\\\/\"},{\"@type\":\"ListItem\",\"position\":2,\"name\":\"Produits\",\"item\":\"https:\\\/\\\/webdesi-gn.fr\\\/dev_deltalabo\\\/produits\\\/\"},{\"@type\":\"ListItem\",\"position\":3,\"name\":\"Cryothermostat Alpha LAUDA\"}]},{\"@type\":\"WebSite\",\"@id\":\"https:\\\/\\\/webdesi-gn.fr\\\/dev_deltalabo\\\/#website\",\"url\":\"https:\\\/\\\/webdesi-gn.fr\\\/dev_deltalabo\\\/\",\"name\":\"Delta Labo\",\"description\":\"Un site utilisant WordPress\",\"publisher\":{\"@id\":\"https:\\\/\\\/webdesi-gn.fr\\\/dev_deltalabo\\\/#organization\"},\"alternateName\":\"Delta Labo\",\"potentialAction\":[{\"@type\":\"SearchAction\",\"target\":{\"@type\":\"EntryPoint\",\"urlTemplate\":\"https:\\\/\\\/webdesi-gn.fr\\\/dev_deltalabo\\\/?s={search_term_string}\"},\"query-input\":{\"@type\":\"PropertyValueSpecification\",\"valueRequired\":true,\"valueName\":\"search_term_string\"}}],\"inLanguage\":\"fr-FR\"},{\"@type\":\"Organization\",\"@id\":\"https:\\\/\\\/webdesi-gn.fr\\\/dev_deltalabo\\\/#organization\",\"name\":\"DeltaLabo\",\"url\":\"https:\\\/\\\/webdesi-gn.fr\\\/dev_deltalabo\\\/\",\"logo\":{\"@type\":\"ImageObject\",\"inLanguage\":\"fr-FR\",\"@id\":\"https:\\\/\\\/webdesi-gn.fr\\\/dev_deltalabo\\\/#\\\/schema\\\/logo\\\/image\\\/\",\"url\":\"https:\\\/\\\/webdesi-gn.fr\\\/dev_deltalabo\\\/wp-content\\\/uploads\\\/2022\\\/07\\\/logo-deltalabo.png\",\"contentUrl\":\"https:\\\/\\\/webdesi-gn.fr\\\/dev_deltalabo\\\/wp-content\\\/uploads\\\/2022\\\/07\\\/logo-deltalabo.png\",\"width\":694,\"height\":306,\"caption\":\"DeltaLabo\"},\"image\":{\"@id\":\"https:\\\/\\\/webdesi-gn.fr\\\/dev_deltalabo\\\/#\\\/schema\\\/logo\\\/image\\\/\"}}]}<\/script>\n<!-- \/ Yoast SEO plugin. -->","yoast_head_json":{"title":"Cryothermostat Alpha LAUDA | DeltaLabo","robots":{"index":"noindex","follow":"follow","max-snippet":"max-snippet:-1","max-image-preview":"max-image-preview:large","max-video-preview":"max-video-preview:-1"},"og_locale":"fr_FR","og_type":"article","og_title":"Cryothermostat Alpha LAUDA | DeltaLabo","og_description":"Cryothermostat Alpha LAUDA :  Les cryothermostats Alpha sont la solution d'entr\u00e9e de gamme pour la pr\u00e9paration d'\u00e9chantillons, les analyses pharmaceutiques tout en vous assurant la qualit\u00e9 de thermostatisation de haute qualit\u00e9 LAUDA.  Ils offrent une technologie fiable, une simplicit\u00e9 d'utilisation et un design moderne pour des plages de temp\u00e9rature allant de -25\u00b0C \u00e0 100\u00b0C.  Il existe 3 mod\u00e8les : RA 8, RA 12 et RA 24. Cette ligne de produits est con\u00e7ue pour la thermor\u00e9gulation interne et externe avec des liquides non inflammables (eau et eau\/glycol). Ces thermostats repr\u00e9sentent la solution id\u00e9ale pour une grande partie des applications de thermor\u00e9gulation de base en laboratoire.  Caract\u00e9ristiques :   Cuves de bain en acier inoxydable  Raccord de vidange \u00e0 l'arri\u00e8re  Puissance de r\u00e9frig\u00e9ration de 0,23 kW \u00e0 0,43 kW  Puissance de chauffage de 1 kW \u00e0 1.5 kW  T\u00e9l\u00e9charger la brochure produit : Cryothermostat Alpha RA 8, RA 12 et RA 24 LAUDA  Visionner l'utilisation du produit : Cryothermostat Alpha LAUDA","og_url":"https:\/\/webdesi-gn.fr\/dev_deltalabo\/produits\/cat-produit\/cryothermostat-alpha-lauda\/","og_site_name":"DeltaLabo","article_modified_time":"2025-11-24T12:50:24+00:00","og_image":[{"width":800,"height":800,"url":"https:\/\/webdesi-gn.fr\/dev_deltalabo\/wp-content\/uploads\/2024\/01\/DELTA-LABO-Alpha_RA8.png","type":"image\/png"}],"twitter_card":"summary_large_image","twitter_misc":{"Dur\u00e9e de lecture estim\u00e9e":"1 minute"},"schema":{"@context":"https:\/\/schema.org","@graph":[{"@type":"WebPage","@id":"https:\/\/webdesi-gn.fr\/dev_deltalabo\/produits\/cat-produit\/cryothermostat-alpha-lauda\/","url":"https:\/\/webdesi-gn.fr\/dev_deltalabo\/produits\/cat-produit\/cryothermostat-alpha-lauda\/","name":"Cryothermostat Alpha LAUDA | DeltaLabo","isPartOf":{"@id":"https:\/\/webdesi-gn.fr\/dev_deltalabo\/#website"},"primaryImageOfPage":{"@id":"https:\/\/webdesi-gn.fr\/dev_deltalabo\/produits\/cat-produit\/cryothermostat-alpha-lauda\/#primaryimage"},"image":{"@id":"https:\/\/webdesi-gn.fr\/dev_deltalabo\/produits\/cat-produit\/cryothermostat-alpha-lauda\/#primaryimage"},"thumbnailUrl":"https:\/\/webdesi-gn.fr\/dev_deltalabo\/wp-content\/uploads\/2025\/11\/DELTA-LABO-Alpha_RA8.png","datePublished":"2024-01-29T14:48:39+00:00","dateModified":"2025-11-24T12:50:24+00:00","breadcrumb":{"@id":"https:\/\/webdesi-gn.fr\/dev_deltalabo\/produits\/cat-produit\/cryothermostat-alpha-lauda\/#breadcrumb"},"inLanguage":"fr-FR","potentialAction":[{"@type":"ReadAction","target":["https:\/\/webdesi-gn.fr\/dev_deltalabo\/produits\/cat-produit\/cryothermostat-alpha-lauda\/"]}]},{"@type":"ImageObject","inLanguage":"fr-FR","@id":"https:\/\/webdesi-gn.fr\/dev_deltalabo\/produits\/cat-produit\/cryothermostat-alpha-lauda\/#primaryimage","url":"https:\/\/webdesi-gn.fr\/dev_deltalabo\/wp-content\/uploads\/2025\/11\/DELTA-LABO-Alpha_RA8.png","contentUrl":"https:\/\/webdesi-gn.fr\/dev_deltalabo\/wp-content\/uploads\/2025\/11\/DELTA-LABO-Alpha_RA8.png","width":800,"height":800},{"@type":"BreadcrumbList","@id":"https:\/\/webdesi-gn.fr\/dev_deltalabo\/produits\/cat-produit\/cryothermostat-alpha-lauda\/#breadcrumb","itemListElement":[{"@type":"ListItem","position":1,"name":"Accueil","item":"https:\/\/webdesi-gn.fr\/dev_deltalabo\/"},{"@type":"ListItem","position":2,"name":"Produits","item":"https:\/\/webdesi-gn.fr\/dev_deltalabo\/produits\/"},{"@type":"ListItem","position":3,"name":"Cryothermostat Alpha LAUDA"}]},{"@type":"WebSite","@id":"https:\/\/webdesi-gn.fr\/dev_deltalabo\/#website","url":"https:\/\/webdesi-gn.fr\/dev_deltalabo\/","name":"Delta Labo","description":"Un site utilisant WordPress","publisher":{"@id":"https:\/\/webdesi-gn.fr\/dev_deltalabo\/#organization"},"alternateName":"Delta Labo","potentialAction":[{"@type":"SearchAction","target":{"@type":"EntryPoint","urlTemplate":"https:\/\/webdesi-gn.fr\/dev_deltalabo\/?s={search_term_string}"},"query-input":{"@type":"PropertyValueSpecification","valueRequired":true,"valueName":"search_term_string"}}],"inLanguage":"fr-FR"},{"@type":"Organization","@id":"https:\/\/webdesi-gn.fr\/dev_deltalabo\/#organization","name":"DeltaLabo","url":"https:\/\/webdesi-gn.fr\/dev_deltalabo\/","logo":{"@type":"ImageObject","inLanguage":"fr-FR","@id":"https:\/\/webdesi-gn.fr\/dev_deltalabo\/#\/schema\/logo\/image\/","url":"https:\/\/webdesi-gn.fr\/dev_deltalabo\/wp-content\/uploads\/2022\/07\/logo-deltalabo.png","contentUrl":"https:\/\/webdesi-gn.fr\/dev_deltalabo\/wp-content\/uploads\/2022\/07\/logo-deltalabo.png","width":694,"height":306,"caption":"DeltaLabo"},"image":{"@id":"https:\/\/webdesi-gn.fr\/dev_deltalabo\/#\/schema\/logo\/image\/"}}]}},"_links":{"self":[{"href":"https:\/\/webdesi-gn.fr\/dev_deltalabo\/wp-json\/wp\/v2\/product\/255953","targetHints":{"allow":["GET"]}}],"collection":[{"href":"https:\/\/webdesi-gn.fr\/dev_deltalabo\/wp-json\/wp\/v2\/product"}],"about":[{"href":"https:\/\/webdesi-gn.fr\/dev_deltalabo\/wp-json\/wp\/v2\/types\/product"}],"wp:featuredmedia":[{"embeddable":true,"href":"https:\/\/webdesi-gn.fr\/dev_deltalabo\/wp-json\/wp\/v2\/media\/262192"}],"wp:attachment":[{"href":"https:\/\/webdesi-gn.fr\/dev_deltalabo\/wp-json\/wp\/v2\/media?parent=255953"}],"wp:term":[{"taxonomy":"domaine","embeddable":true,"href":"https:\/\/webdesi-gn.fr\/dev_deltalabo\/wp-json\/wp\/v2\/domaine?post=255953"},{"taxonomy":"normes","embeddable":true,"href":"https:\/\/webdesi-gn.fr\/dev_deltalabo\/wp-json\/wp\/v2\/normes?post=255953"},{"taxonomy":"product_brand","embeddable":true,"href":"https:\/\/webdesi-gn.fr\/dev_deltalabo\/wp-json\/wp\/v2\/product_brand?post=255953"},{"taxonomy":"product_cat","embeddable":true,"href":"https:\/\/webdesi-gn.fr\/dev_deltalabo\/wp-json\/wp\/v2\/product_cat?post=255953"},{"taxonomy":"product_tag","embeddable":true,"href":"https:\/\/webdesi-gn.fr\/dev_deltalabo\/wp-json\/wp\/v2\/product_tag?post=255953"}],"curies":[{"name":"wp","href":"https:\/\/api.w.org\/{rel}","templated":true}]}}