{"id":255961,"date":"2024-01-29T15:59:06","date_gmt":"2024-01-29T14:59:06","guid":{"rendered":"https:\/\/webdesi-gn.fr\/dev_deltalabo\/?post_type=product&#038;p=255961"},"modified":"2025-11-24T13:50:17","modified_gmt":"2025-11-24T12:50:17","slug":"refroidisseurs-de-derniere-generation-variocool","status":"publish","type":"product","link":"https:\/\/webdesi-gn.fr\/dev_deltalabo\/produits\/thermostatisation\/refroidisseurs-de-derniere-generation-variocool\/","title":{"rendered":"Thermostat \u00e0 circulation et de process LAUDA Variocool"},"content":{"rendered":"","protected":false},"excerpt":{"rendered":"<p><strong>Thermostat \u00e0 circulation et de process LAUDA Variocool :<\/strong><\/p>\n<p>Le refroidisseur de derni\u00e8re g\u00e9n\u00e9ration Variocool LAUDA est utilis\u00e9 partout o\u00f9 il faut refroidir rapidement et efficacement la chaleur produite lors d&rsquo;un processus chimique.<\/p>\n<p>Avec un large \u00e9ventail de puissances, le LAUDA Variocool vient \u00e0 bout des thermor\u00e9gulations de processus exigeantes dans une plage de temp\u00e9rature mod\u00e9r\u00e9e, allant de -25\u00b0C \u00e0 80\u00b0C.<\/p>\n<p>Des accessoires compl\u00e9mentaires sont disponibles afin d&rsquo;adapter le Variocool \u00e0 votre process.<\/p>\n<p>Caract\u00e9ristiques :<\/p>\n<ul>\n<li>Puissance cryog\u00e9nique de 1,12 \u00e0 10 kW<\/li>\n<li>Puissance de chauffage de 1 kW \u00e0 7,5 kW<\/li>\n<li>By-pass r\u00e9glable pour limitation de la pression<\/li>\n<li>Ouverture de remplissage en haut, robinet de vidange \u00e0 l&rsquo;arri\u00e8re<\/li>\n<li>Programmateur int\u00e9gr\u00e9 avec 150 segments, divisible en 5 programmes<\/li>\n<li>Indicateur de niveau \u00e9lectronique et alarme de niveau trop bas<\/li>\n<li>Syst\u00e8me SmartCool pour une commande frigorifique num\u00e9rique \u00e9conome en \u00e9nergie, avec r\u00e9gulation automatique du compresseur<\/li>\n<\/ul>\n<p><strong>T\u00e9l\u00e9charger la brochure produit :<\/strong> <a href=\"https:\/\/www.deltalabo.fr\/wp-content\/uploads\/2025\/07\/LAUDA_Catalogue_General_2024_25-FR-DL-Thermostat-a-circulation-VARIOCOOL.pdf\">Thermostat \u00e0 circulation et de process LAUDA Variocool<\/a><\/p>\n<p><strong>Visualiser l&rsquo;utilisation du produit :<\/strong> <a href=\"https:\/\/youtu.be\/W_vvY14jKE8\">Thermostat \u00e0 circulation et de process LAUDA Variocool\u00a0<\/a><\/p>\n","protected":false},"featured_media":262190,"template":"","meta":{"_acf_changed":false,"site-sidebar-layout":"default","site-content-layout":"","ast-site-content-layout":"default","site-content-style":"default","site-sidebar-style":"default","ast-global-header-display":"","ast-banner-title-visibility":"","ast-main-header-display":"","ast-hfb-above-header-display":"","ast-hfb-below-header-display":"","ast-hfb-mobile-header-display":"","site-post-title":"","ast-breadcrumbs-content":"","ast-featured-img":"","footer-sml-layout":"","ast-disable-related-posts":"","theme-transparent-header-meta":"","adv-header-id-meta":"","stick-header-meta":"","header-above-stick-meta":"","header-main-stick-meta":"","header-below-stick-meta":"","astra-migrate-meta-layouts":"default","ast-page-background-enabled":"default","ast-page-background-meta":{"desktop":{"background-color":"var(--ast-global-color-5)","background-image":"","background-repeat":"repeat","background-position":"center center","background-size":"auto","background-attachment":"scroll","background-type":"","background-media":"","overlay-type":"","overlay-color":"","overlay-opacity":"","overlay-gradient":""},"tablet":{"background-color":"","background-image":"","background-repeat":"repeat","background-position":"center center","background-size":"auto","background-attachment":"scroll","background-type":"","background-media":"","overlay-type":"","overlay-color":"","overlay-opacity":"","overlay-gradient":""},"mobile":{"background-color":"","background-image":"","background-repeat":"repeat","background-position":"center center","background-size":"auto","background-attachment":"scroll","background-type":"","background-media":"","overlay-type":"","overlay-color":"","overlay-opacity":"","overlay-gradient":""}},"ast-content-background-meta":{"desktop":{"background-color":"var(--ast-global-color-4)","background-image":"","background-repeat":"repeat","background-position":"center center","background-size":"auto","background-attachment":"scroll","background-type":"","background-media":"","overlay-type":"","overlay-color":"","overlay-opacity":"","overlay-gradient":""},"tablet":{"background-color":"var(--ast-global-color-4)","background-image":"","background-repeat":"repeat","background-position":"center center","background-size":"auto","background-attachment":"scroll","background-type":"","background-media":"","overlay-type":"","overlay-color":"","overlay-opacity":"","overlay-gradient":""},"mobile":{"background-color":"var(--ast-global-color-4)","background-image":"","background-repeat":"repeat","background-position":"center center","background-size":"auto","background-attachment":"scroll","background-type":"","background-media":"","overlay-type":"","overlay-color":"","overlay-opacity":"","overlay-gradient":""}}},"domaine":[17187],"normes":[17135],"product_brand":[],"product_cat":[17423],"product_tag":[],"class_list":{"0":"post-255961","1":"product","2":"type-product","3":"status-publish","4":"has-post-thumbnail","6":"domaine-thermostatisation","7":"normes-din-51562","8":"product_cat-thermostatisation","9":"desktop-align-left","10":"tablet-align-left","11":"mobile-align-left","13":"first","14":"instock","15":"shipping-taxable","16":"purchasable","17":"product-type-simple"},"acf":[],"yoast_head":"<!-- This site is optimized with the Yoast SEO plugin v27.4 - https:\/\/yoast.com\/product\/yoast-seo-wordpress\/ -->\n<title>Thermostat \u00e0 circulation et de process LAUDA Variocool | DeltaLabo<\/title>\n<meta name=\"robots\" content=\"noindex, follow, max-snippet:-1, max-image-preview:large, max-video-preview:-1\" \/>\n<meta property=\"og:locale\" content=\"fr_FR\" \/>\n<meta property=\"og:type\" content=\"article\" \/>\n<meta property=\"og:title\" content=\"Thermostat \u00e0 circulation et de process LAUDA Variocool | DeltaLabo\" \/>\n<meta property=\"og:description\" content=\"Thermostat \u00e0 circulation et de process LAUDA Variocool :  Le refroidisseur de derni\u00e8re g\u00e9n\u00e9ration Variocool LAUDA est utilis\u00e9 partout o\u00f9 il faut refroidir rapidement et efficacement la chaleur produite lors d&#039;un processus chimique.  Avec un large \u00e9ventail de puissances, le LAUDA Variocool vient \u00e0 bout des thermor\u00e9gulations de processus exigeantes dans une plage de temp\u00e9rature mod\u00e9r\u00e9e, allant de -25\u00b0C \u00e0 80\u00b0C.  Des accessoires compl\u00e9mentaires sont disponibles afin d&#039;adapter le Variocool \u00e0 votre process.  Caract\u00e9ristiques :   Puissance cryog\u00e9nique de 1,12 \u00e0 10 kW  Puissance de chauffage de 1 kW \u00e0 7,5 kW  By-pass r\u00e9glable pour limitation de la pression  Ouverture de remplissage en haut, robinet de vidange \u00e0 l&#039;arri\u00e8re  Programmateur int\u00e9gr\u00e9 avec 150 segments, divisible en 5 programmes  Indicateur de niveau \u00e9lectronique et alarme de niveau trop bas  Syst\u00e8me SmartCool pour une commande frigorifique num\u00e9rique \u00e9conome en \u00e9nergie, avec r\u00e9gulation automatique du compresseur  T\u00e9l\u00e9charger la brochure produit : Thermostat \u00e0 circulation et de process LAUDA Variocool  Visualiser l&#039;utilisation du produit : Thermostat \u00e0 circulation et de process LAUDA Variocool\u00a0\" \/>\n<meta property=\"og:url\" content=\"https:\/\/webdesi-gn.fr\/dev_deltalabo\/produits\/cat-produit\/refroidisseurs-de-derniere-generation-variocool\/\" \/>\n<meta property=\"og:site_name\" content=\"DeltaLabo\" \/>\n<meta property=\"article:modified_time\" content=\"2025-11-24T12:50:17+00:00\" \/>\n<meta property=\"og:image\" content=\"https:\/\/webdesi-gn.fr\/dev_deltalabo\/wp-content\/uploads\/2024\/01\/LAUDA-thermostat-a-circulation-Variocool.png\" \/>\n\t<meta property=\"og:image:width\" content=\"1081\" \/>\n\t<meta property=\"og:image:height\" content=\"1280\" \/>\n\t<meta property=\"og:image:type\" content=\"image\/png\" \/>\n<meta name=\"twitter:card\" content=\"summary_large_image\" \/>\n<meta name=\"twitter:label1\" content=\"Dur\u00e9e de lecture estim\u00e9e\" \/>\n\t<meta name=\"twitter:data1\" content=\"1 minute\" \/>\n<script type=\"application\/ld+json\" class=\"yoast-schema-graph\">{\"@context\":\"https:\\\/\\\/schema.org\",\"@graph\":[{\"@type\":\"WebPage\",\"@id\":\"https:\\\/\\\/webdesi-gn.fr\\\/dev_deltalabo\\\/produits\\\/cat-produit\\\/refroidisseurs-de-derniere-generation-variocool\\\/\",\"url\":\"https:\\\/\\\/webdesi-gn.fr\\\/dev_deltalabo\\\/produits\\\/cat-produit\\\/refroidisseurs-de-derniere-generation-variocool\\\/\",\"name\":\"Thermostat \u00e0 circulation et de process LAUDA Variocool | DeltaLabo\",\"isPartOf\":{\"@id\":\"https:\\\/\\\/webdesi-gn.fr\\\/dev_deltalabo\\\/#website\"},\"primaryImageOfPage\":{\"@id\":\"https:\\\/\\\/webdesi-gn.fr\\\/dev_deltalabo\\\/produits\\\/cat-produit\\\/refroidisseurs-de-derniere-generation-variocool\\\/#primaryimage\"},\"image\":{\"@id\":\"https:\\\/\\\/webdesi-gn.fr\\\/dev_deltalabo\\\/produits\\\/cat-produit\\\/refroidisseurs-de-derniere-generation-variocool\\\/#primaryimage\"},\"thumbnailUrl\":\"https:\\\/\\\/webdesi-gn.fr\\\/dev_deltalabo\\\/wp-content\\\/uploads\\\/2025\\\/11\\\/LAUDA-thermostat-a-circulation-Variocool.png\",\"datePublished\":\"2024-01-29T14:59:06+00:00\",\"dateModified\":\"2025-11-24T12:50:17+00:00\",\"breadcrumb\":{\"@id\":\"https:\\\/\\\/webdesi-gn.fr\\\/dev_deltalabo\\\/produits\\\/cat-produit\\\/refroidisseurs-de-derniere-generation-variocool\\\/#breadcrumb\"},\"inLanguage\":\"fr-FR\",\"potentialAction\":[{\"@type\":\"ReadAction\",\"target\":[\"https:\\\/\\\/webdesi-gn.fr\\\/dev_deltalabo\\\/produits\\\/cat-produit\\\/refroidisseurs-de-derniere-generation-variocool\\\/\"]}]},{\"@type\":\"ImageObject\",\"inLanguage\":\"fr-FR\",\"@id\":\"https:\\\/\\\/webdesi-gn.fr\\\/dev_deltalabo\\\/produits\\\/cat-produit\\\/refroidisseurs-de-derniere-generation-variocool\\\/#primaryimage\",\"url\":\"https:\\\/\\\/webdesi-gn.fr\\\/dev_deltalabo\\\/wp-content\\\/uploads\\\/2025\\\/11\\\/LAUDA-thermostat-a-circulation-Variocool.png\",\"contentUrl\":\"https:\\\/\\\/webdesi-gn.fr\\\/dev_deltalabo\\\/wp-content\\\/uploads\\\/2025\\\/11\\\/LAUDA-thermostat-a-circulation-Variocool.png\",\"width\":1081,\"height\":1280},{\"@type\":\"BreadcrumbList\",\"@id\":\"https:\\\/\\\/webdesi-gn.fr\\\/dev_deltalabo\\\/produits\\\/cat-produit\\\/refroidisseurs-de-derniere-generation-variocool\\\/#breadcrumb\",\"itemListElement\":[{\"@type\":\"ListItem\",\"position\":1,\"name\":\"Accueil\",\"item\":\"https:\\\/\\\/webdesi-gn.fr\\\/dev_deltalabo\\\/\"},{\"@type\":\"ListItem\",\"position\":2,\"name\":\"Produits\",\"item\":\"https:\\\/\\\/webdesi-gn.fr\\\/dev_deltalabo\\\/produits\\\/\"},{\"@type\":\"ListItem\",\"position\":3,\"name\":\"Thermostat \u00e0 circulation et de process LAUDA Variocool\"}]},{\"@type\":\"WebSite\",\"@id\":\"https:\\\/\\\/webdesi-gn.fr\\\/dev_deltalabo\\\/#website\",\"url\":\"https:\\\/\\\/webdesi-gn.fr\\\/dev_deltalabo\\\/\",\"name\":\"Delta Labo\",\"description\":\"Un site utilisant WordPress\",\"publisher\":{\"@id\":\"https:\\\/\\\/webdesi-gn.fr\\\/dev_deltalabo\\\/#organization\"},\"alternateName\":\"Delta Labo\",\"potentialAction\":[{\"@type\":\"SearchAction\",\"target\":{\"@type\":\"EntryPoint\",\"urlTemplate\":\"https:\\\/\\\/webdesi-gn.fr\\\/dev_deltalabo\\\/?s={search_term_string}\"},\"query-input\":{\"@type\":\"PropertyValueSpecification\",\"valueRequired\":true,\"valueName\":\"search_term_string\"}}],\"inLanguage\":\"fr-FR\"},{\"@type\":\"Organization\",\"@id\":\"https:\\\/\\\/webdesi-gn.fr\\\/dev_deltalabo\\\/#organization\",\"name\":\"DeltaLabo\",\"url\":\"https:\\\/\\\/webdesi-gn.fr\\\/dev_deltalabo\\\/\",\"logo\":{\"@type\":\"ImageObject\",\"inLanguage\":\"fr-FR\",\"@id\":\"https:\\\/\\\/webdesi-gn.fr\\\/dev_deltalabo\\\/#\\\/schema\\\/logo\\\/image\\\/\",\"url\":\"https:\\\/\\\/webdesi-gn.fr\\\/dev_deltalabo\\\/wp-content\\\/uploads\\\/2022\\\/07\\\/logo-deltalabo.png\",\"contentUrl\":\"https:\\\/\\\/webdesi-gn.fr\\\/dev_deltalabo\\\/wp-content\\\/uploads\\\/2022\\\/07\\\/logo-deltalabo.png\",\"width\":694,\"height\":306,\"caption\":\"DeltaLabo\"},\"image\":{\"@id\":\"https:\\\/\\\/webdesi-gn.fr\\\/dev_deltalabo\\\/#\\\/schema\\\/logo\\\/image\\\/\"}}]}<\/script>\n<!-- \/ Yoast SEO plugin. -->","yoast_head_json":{"title":"Thermostat \u00e0 circulation et de process LAUDA Variocool | DeltaLabo","robots":{"index":"noindex","follow":"follow","max-snippet":"max-snippet:-1","max-image-preview":"max-image-preview:large","max-video-preview":"max-video-preview:-1"},"og_locale":"fr_FR","og_type":"article","og_title":"Thermostat \u00e0 circulation et de process LAUDA Variocool | DeltaLabo","og_description":"Thermostat \u00e0 circulation et de process LAUDA Variocool :  Le refroidisseur de derni\u00e8re g\u00e9n\u00e9ration Variocool LAUDA est utilis\u00e9 partout o\u00f9 il faut refroidir rapidement et efficacement la chaleur produite lors d'un processus chimique.  Avec un large \u00e9ventail de puissances, le LAUDA Variocool vient \u00e0 bout des thermor\u00e9gulations de processus exigeantes dans une plage de temp\u00e9rature mod\u00e9r\u00e9e, allant de -25\u00b0C \u00e0 80\u00b0C.  Des accessoires compl\u00e9mentaires sont disponibles afin d'adapter le Variocool \u00e0 votre process.  Caract\u00e9ristiques :   Puissance cryog\u00e9nique de 1,12 \u00e0 10 kW  Puissance de chauffage de 1 kW \u00e0 7,5 kW  By-pass r\u00e9glable pour limitation de la pression  Ouverture de remplissage en haut, robinet de vidange \u00e0 l'arri\u00e8re  Programmateur int\u00e9gr\u00e9 avec 150 segments, divisible en 5 programmes  Indicateur de niveau \u00e9lectronique et alarme de niveau trop bas  Syst\u00e8me SmartCool pour une commande frigorifique num\u00e9rique \u00e9conome en \u00e9nergie, avec r\u00e9gulation automatique du compresseur  T\u00e9l\u00e9charger la brochure produit : Thermostat \u00e0 circulation et de process LAUDA Variocool  Visualiser l'utilisation du produit : Thermostat \u00e0 circulation et de process LAUDA Variocool\u00a0","og_url":"https:\/\/webdesi-gn.fr\/dev_deltalabo\/produits\/cat-produit\/refroidisseurs-de-derniere-generation-variocool\/","og_site_name":"DeltaLabo","article_modified_time":"2025-11-24T12:50:17+00:00","og_image":[{"width":1081,"height":1280,"url":"https:\/\/webdesi-gn.fr\/dev_deltalabo\/wp-content\/uploads\/2024\/01\/LAUDA-thermostat-a-circulation-Variocool.png","type":"image\/png"}],"twitter_card":"summary_large_image","twitter_misc":{"Dur\u00e9e de lecture estim\u00e9e":"1 minute"},"schema":{"@context":"https:\/\/schema.org","@graph":[{"@type":"WebPage","@id":"https:\/\/webdesi-gn.fr\/dev_deltalabo\/produits\/cat-produit\/refroidisseurs-de-derniere-generation-variocool\/","url":"https:\/\/webdesi-gn.fr\/dev_deltalabo\/produits\/cat-produit\/refroidisseurs-de-derniere-generation-variocool\/","name":"Thermostat \u00e0 circulation et de process LAUDA Variocool | DeltaLabo","isPartOf":{"@id":"https:\/\/webdesi-gn.fr\/dev_deltalabo\/#website"},"primaryImageOfPage":{"@id":"https:\/\/webdesi-gn.fr\/dev_deltalabo\/produits\/cat-produit\/refroidisseurs-de-derniere-generation-variocool\/#primaryimage"},"image":{"@id":"https:\/\/webdesi-gn.fr\/dev_deltalabo\/produits\/cat-produit\/refroidisseurs-de-derniere-generation-variocool\/#primaryimage"},"thumbnailUrl":"https:\/\/webdesi-gn.fr\/dev_deltalabo\/wp-content\/uploads\/2025\/11\/LAUDA-thermostat-a-circulation-Variocool.png","datePublished":"2024-01-29T14:59:06+00:00","dateModified":"2025-11-24T12:50:17+00:00","breadcrumb":{"@id":"https:\/\/webdesi-gn.fr\/dev_deltalabo\/produits\/cat-produit\/refroidisseurs-de-derniere-generation-variocool\/#breadcrumb"},"inLanguage":"fr-FR","potentialAction":[{"@type":"ReadAction","target":["https:\/\/webdesi-gn.fr\/dev_deltalabo\/produits\/cat-produit\/refroidisseurs-de-derniere-generation-variocool\/"]}]},{"@type":"ImageObject","inLanguage":"fr-FR","@id":"https:\/\/webdesi-gn.fr\/dev_deltalabo\/produits\/cat-produit\/refroidisseurs-de-derniere-generation-variocool\/#primaryimage","url":"https:\/\/webdesi-gn.fr\/dev_deltalabo\/wp-content\/uploads\/2025\/11\/LAUDA-thermostat-a-circulation-Variocool.png","contentUrl":"https:\/\/webdesi-gn.fr\/dev_deltalabo\/wp-content\/uploads\/2025\/11\/LAUDA-thermostat-a-circulation-Variocool.png","width":1081,"height":1280},{"@type":"BreadcrumbList","@id":"https:\/\/webdesi-gn.fr\/dev_deltalabo\/produits\/cat-produit\/refroidisseurs-de-derniere-generation-variocool\/#breadcrumb","itemListElement":[{"@type":"ListItem","position":1,"name":"Accueil","item":"https:\/\/webdesi-gn.fr\/dev_deltalabo\/"},{"@type":"ListItem","position":2,"name":"Produits","item":"https:\/\/webdesi-gn.fr\/dev_deltalabo\/produits\/"},{"@type":"ListItem","position":3,"name":"Thermostat \u00e0 circulation et de process LAUDA Variocool"}]},{"@type":"WebSite","@id":"https:\/\/webdesi-gn.fr\/dev_deltalabo\/#website","url":"https:\/\/webdesi-gn.fr\/dev_deltalabo\/","name":"Delta Labo","description":"Un site utilisant WordPress","publisher":{"@id":"https:\/\/webdesi-gn.fr\/dev_deltalabo\/#organization"},"alternateName":"Delta Labo","potentialAction":[{"@type":"SearchAction","target":{"@type":"EntryPoint","urlTemplate":"https:\/\/webdesi-gn.fr\/dev_deltalabo\/?s={search_term_string}"},"query-input":{"@type":"PropertyValueSpecification","valueRequired":true,"valueName":"search_term_string"}}],"inLanguage":"fr-FR"},{"@type":"Organization","@id":"https:\/\/webdesi-gn.fr\/dev_deltalabo\/#organization","name":"DeltaLabo","url":"https:\/\/webdesi-gn.fr\/dev_deltalabo\/","logo":{"@type":"ImageObject","inLanguage":"fr-FR","@id":"https:\/\/webdesi-gn.fr\/dev_deltalabo\/#\/schema\/logo\/image\/","url":"https:\/\/webdesi-gn.fr\/dev_deltalabo\/wp-content\/uploads\/2022\/07\/logo-deltalabo.png","contentUrl":"https:\/\/webdesi-gn.fr\/dev_deltalabo\/wp-content\/uploads\/2022\/07\/logo-deltalabo.png","width":694,"height":306,"caption":"DeltaLabo"},"image":{"@id":"https:\/\/webdesi-gn.fr\/dev_deltalabo\/#\/schema\/logo\/image\/"}}]}},"_links":{"self":[{"href":"https:\/\/webdesi-gn.fr\/dev_deltalabo\/wp-json\/wp\/v2\/product\/255961","targetHints":{"allow":["GET"]}}],"collection":[{"href":"https:\/\/webdesi-gn.fr\/dev_deltalabo\/wp-json\/wp\/v2\/product"}],"about":[{"href":"https:\/\/webdesi-gn.fr\/dev_deltalabo\/wp-json\/wp\/v2\/types\/product"}],"wp:featuredmedia":[{"embeddable":true,"href":"https:\/\/webdesi-gn.fr\/dev_deltalabo\/wp-json\/wp\/v2\/media\/262190"}],"wp:attachment":[{"href":"https:\/\/webdesi-gn.fr\/dev_deltalabo\/wp-json\/wp\/v2\/media?parent=255961"}],"wp:term":[{"taxonomy":"domaine","embeddable":true,"href":"https:\/\/webdesi-gn.fr\/dev_deltalabo\/wp-json\/wp\/v2\/domaine?post=255961"},{"taxonomy":"normes","embeddable":true,"href":"https:\/\/webdesi-gn.fr\/dev_deltalabo\/wp-json\/wp\/v2\/normes?post=255961"},{"taxonomy":"product_brand","embeddable":true,"href":"https:\/\/webdesi-gn.fr\/dev_deltalabo\/wp-json\/wp\/v2\/product_brand?post=255961"},{"taxonomy":"product_cat","embeddable":true,"href":"https:\/\/webdesi-gn.fr\/dev_deltalabo\/wp-json\/wp\/v2\/product_cat?post=255961"},{"taxonomy":"product_tag","embeddable":true,"href":"https:\/\/webdesi-gn.fr\/dev_deltalabo\/wp-json\/wp\/v2\/product_tag?post=255961"}],"curies":[{"name":"wp","href":"https:\/\/api.w.org\/{rel}","templated":true}]}}