{"id":255968,"date":"2024-01-29T16:16:36","date_gmt":"2024-01-29T15:16:36","guid":{"rendered":"https:\/\/webdesi-gn.fr\/dev_deltalabo\/?post_type=product&#038;p=255968"},"modified":"2025-12-11T14:54:09","modified_gmt":"2025-12-11T13:54:09","slug":"analyseur-demag-fame-pour-gasoil-gazole-diesel","status":"publish","type":"product","link":"https:\/\/webdesi-gn.fr\/dev_deltalabo\/produits\/cat-produit\/analyseur-demag-fame-pour-gasoil-gazole-diesel\/","title":{"rendered":"Analyseur d&rsquo;EMAG (FAME) pour gasoil, gazole, diesel SPECTRO SCIENTIFIC"},"content":{"rendered":"","protected":false},"excerpt":{"rendered":"<p><strong>Analyseur d&rsquo;EMAG (FAME) pour gasoil, gazole, diesel SPECTRO SCIENTIFIC :<\/strong><\/p>\n<p>L&rsquo;analyseur d&rsquo;EMAG INFRACAL 2 ATR-B est un instrument simple et robuste destin\u00e9 aux contr\u00f4les de routine au niveaux des terminaux, des d\u00e9p\u00f4ts etc&#8230; Il permet d&rsquo;analyser les traces de d&rsquo;EMAG (Esters M\u00e9thyliques d&rsquo;Acides Gras) dans le gasoil, gazole ou carburants diesel selon l&rsquo;ASTM D7371.<\/p>\n<p>L&rsquo;INFRACAL 2 ATR-B permet de d\u00e9tecter des traces de FAME en quelques secondes. L&rsquo;appareil est enti\u00e8rement autonome et de type \u00ab\u00a0presse bouton\u00a0\u00bb.<\/p>\n<p><strong>T\u00e9l\u00e9charger la brochure produit :<\/strong> <a class=\"wplightbox\" href=\"https:\/\/www.deltalabo.fr\/wp-content\/uploads\/2025\/02\/Doc-InfraCal-2-ATR-B-E-biodiesel-ethanol-engl-DL.pdf\">INFRACAL 2 biodiesel Spectro Scientific<\/a><\/p>\n","protected":false},"featured_media":262189,"template":"","meta":{"_acf_changed":false,"site-sidebar-layout":"default","site-content-layout":"","ast-site-content-layout":"default","site-content-style":"default","site-sidebar-style":"default","ast-global-header-display":"","ast-banner-title-visibility":"","ast-main-header-display":"","ast-hfb-above-header-display":"","ast-hfb-below-header-display":"","ast-hfb-mobile-header-display":"","site-post-title":"","ast-breadcrumbs-content":"","ast-featured-img":"","footer-sml-layout":"","ast-disable-related-posts":"","theme-transparent-header-meta":"default","adv-header-id-meta":"","stick-header-meta":"","header-above-stick-meta":"","header-main-stick-meta":"","header-below-stick-meta":"","astra-migrate-meta-layouts":"set","ast-page-background-enabled":"default","ast-page-background-meta":{"desktop":{"background-color":"var(--ast-global-color-5)","background-image":"","background-repeat":"repeat","background-position":"center center","background-size":"auto","background-attachment":"scroll","background-type":"","background-media":"","overlay-type":"","overlay-color":"","overlay-opacity":"","overlay-gradient":""},"tablet":{"background-color":"","background-image":"","background-repeat":"repeat","background-position":"center center","background-size":"auto","background-attachment":"scroll","background-type":"","background-media":"","overlay-type":"","overlay-color":"","overlay-opacity":"","overlay-gradient":""},"mobile":{"background-color":"","background-image":"","background-repeat":"repeat","background-position":"center center","background-size":"auto","background-attachment":"scroll","background-type":"","background-media":"","overlay-type":"","overlay-color":"","overlay-opacity":"","overlay-gradient":""}},"ast-content-background-meta":{"desktop":{"background-color":"var(--ast-global-color-4)","background-image":"","background-repeat":"repeat","background-position":"center center","background-size":"auto","background-attachment":"scroll","background-type":"","background-media":"","overlay-type":"","overlay-color":"","overlay-opacity":"","overlay-gradient":""},"tablet":{"background-color":"var(--ast-global-color-4)","background-image":"","background-repeat":"repeat","background-position":"center center","background-size":"auto","background-attachment":"scroll","background-type":"","background-media":"","overlay-type":"","overlay-color":"","overlay-opacity":"","overlay-gradient":""},"mobile":{"background-color":"var(--ast-global-color-4)","background-image":"","background-repeat":"repeat","background-position":"center center","background-size":"auto","background-attachment":"scroll","background-type":"","background-media":"","overlay-type":"","overlay-color":"","overlay-opacity":"","overlay-gradient":""}}},"domaine":[],"normes":[3378,17135,13256],"product_brand":[],"product_cat":[15],"product_tag":[],"class_list":{"0":"post-255968","1":"product","2":"type-product","3":"status-publish","4":"has-post-thumbnail","6":"normes-d7371","7":"normes-din-51562","8":"normes-en-14078","9":"product_cat-cat-produit","10":"desktop-align-left","11":"tablet-align-left","12":"mobile-align-left","14":"first","15":"instock","16":"shipping-taxable","17":"product-type-simple"},"acf":[],"yoast_head":"<!-- This site is optimized with the Yoast SEO plugin v27.4 - https:\/\/yoast.com\/product\/yoast-seo-wordpress\/ -->\n<title>Analyseur d&#039;EMAG (FAME) pour gasoil, gazole, diesel SPECTRO SCIENTIFIC | DeltaLabo<\/title>\n<meta name=\"robots\" content=\"noindex, follow, max-snippet:-1, max-image-preview:large, max-video-preview:-1\" \/>\n<meta property=\"og:locale\" content=\"fr_FR\" \/>\n<meta property=\"og:type\" content=\"article\" \/>\n<meta property=\"og:title\" content=\"Analyseur d&#039;EMAG (FAME) pour gasoil, gazole, diesel SPECTRO SCIENTIFIC | DeltaLabo\" \/>\n<meta property=\"og:description\" content=\"Analyseur d&#039;EMAG (FAME) pour gasoil, gazole, diesel SPECTRO SCIENTIFIC :  L&#039;analyseur d&#039;EMAG INFRACAL 2 ATR-B est un instrument simple et robuste destin\u00e9 aux contr\u00f4les de routine au niveaux des terminaux, des d\u00e9p\u00f4ts etc... Il permet d&#039;analyser les traces de d&#039;EMAG (Esters M\u00e9thyliques d&#039;Acides Gras) dans le gasoil, gazole ou carburants diesel selon l&#039;ASTM D7371.  L&#039;INFRACAL 2 ATR-B permet de d\u00e9tecter des traces de FAME en quelques secondes. L&#039;appareil est enti\u00e8rement autonome et de type &quot;presse bouton&quot;.  T\u00e9l\u00e9charger la brochure produit : INFRACAL 2 biodiesel Spectro Scientific\" \/>\n<meta property=\"og:url\" content=\"https:\/\/webdesi-gn.fr\/dev_deltalabo\/produits\/cat-produit\/analyseur-demag-fame-pour-gasoil-gazole-diesel\/\" \/>\n<meta property=\"og:site_name\" content=\"DeltaLabo\" \/>\n<meta property=\"article:modified_time\" content=\"2025-12-11T13:54:09+00:00\" \/>\n<meta property=\"og:image\" content=\"https:\/\/webdesi-gn.fr\/dev_deltalabo\/wp-content\/uploads\/2025\/11\/DELTALABO-Analyseur-EMAG-Infracal-2-ATR-B.jpg\" \/>\n\t<meta property=\"og:image:width\" content=\"547\" \/>\n\t<meta property=\"og:image:height\" content=\"448\" \/>\n\t<meta property=\"og:image:type\" content=\"image\/jpeg\" \/>\n<meta name=\"twitter:card\" content=\"summary_large_image\" \/>\n<meta name=\"twitter:label1\" content=\"Dur\u00e9e de lecture estim\u00e9e\" \/>\n\t<meta name=\"twitter:data1\" content=\"1 minute\" \/>\n<script type=\"application\/ld+json\" class=\"yoast-schema-graph\">{\"@context\":\"https:\\\/\\\/schema.org\",\"@graph\":[{\"@type\":\"WebPage\",\"@id\":\"https:\\\/\\\/webdesi-gn.fr\\\/dev_deltalabo\\\/produits\\\/cat-produit\\\/analyseur-demag-fame-pour-gasoil-gazole-diesel\\\/\",\"url\":\"https:\\\/\\\/webdesi-gn.fr\\\/dev_deltalabo\\\/produits\\\/cat-produit\\\/analyseur-demag-fame-pour-gasoil-gazole-diesel\\\/\",\"name\":\"Analyseur d'EMAG (FAME) pour gasoil, gazole, diesel SPECTRO SCIENTIFIC | DeltaLabo\",\"isPartOf\":{\"@id\":\"https:\\\/\\\/webdesi-gn.fr\\\/dev_deltalabo\\\/#website\"},\"primaryImageOfPage\":{\"@id\":\"https:\\\/\\\/webdesi-gn.fr\\\/dev_deltalabo\\\/produits\\\/cat-produit\\\/analyseur-demag-fame-pour-gasoil-gazole-diesel\\\/#primaryimage\"},\"image\":{\"@id\":\"https:\\\/\\\/webdesi-gn.fr\\\/dev_deltalabo\\\/produits\\\/cat-produit\\\/analyseur-demag-fame-pour-gasoil-gazole-diesel\\\/#primaryimage\"},\"thumbnailUrl\":\"https:\\\/\\\/webdesi-gn.fr\\\/dev_deltalabo\\\/wp-content\\\/uploads\\\/2025\\\/11\\\/DELTALABO-Analyseur-EMAG-Infracal-2-ATR-B.jpg\",\"datePublished\":\"2024-01-29T15:16:36+00:00\",\"dateModified\":\"2025-12-11T13:54:09+00:00\",\"breadcrumb\":{\"@id\":\"https:\\\/\\\/webdesi-gn.fr\\\/dev_deltalabo\\\/produits\\\/cat-produit\\\/analyseur-demag-fame-pour-gasoil-gazole-diesel\\\/#breadcrumb\"},\"inLanguage\":\"fr-FR\",\"potentialAction\":[{\"@type\":\"ReadAction\",\"target\":[\"https:\\\/\\\/webdesi-gn.fr\\\/dev_deltalabo\\\/produits\\\/cat-produit\\\/analyseur-demag-fame-pour-gasoil-gazole-diesel\\\/\"]}]},{\"@type\":\"ImageObject\",\"inLanguage\":\"fr-FR\",\"@id\":\"https:\\\/\\\/webdesi-gn.fr\\\/dev_deltalabo\\\/produits\\\/cat-produit\\\/analyseur-demag-fame-pour-gasoil-gazole-diesel\\\/#primaryimage\",\"url\":\"https:\\\/\\\/webdesi-gn.fr\\\/dev_deltalabo\\\/wp-content\\\/uploads\\\/2025\\\/11\\\/DELTALABO-Analyseur-EMAG-Infracal-2-ATR-B.jpg\",\"contentUrl\":\"https:\\\/\\\/webdesi-gn.fr\\\/dev_deltalabo\\\/wp-content\\\/uploads\\\/2025\\\/11\\\/DELTALABO-Analyseur-EMAG-Infracal-2-ATR-B.jpg\",\"width\":547,\"height\":448},{\"@type\":\"BreadcrumbList\",\"@id\":\"https:\\\/\\\/webdesi-gn.fr\\\/dev_deltalabo\\\/produits\\\/cat-produit\\\/analyseur-demag-fame-pour-gasoil-gazole-diesel\\\/#breadcrumb\",\"itemListElement\":[{\"@type\":\"ListItem\",\"position\":1,\"name\":\"Accueil\",\"item\":\"https:\\\/\\\/webdesi-gn.fr\\\/dev_deltalabo\\\/\"},{\"@type\":\"ListItem\",\"position\":2,\"name\":\"Produits\",\"item\":\"https:\\\/\\\/webdesi-gn.fr\\\/dev_deltalabo\\\/produits\\\/\"},{\"@type\":\"ListItem\",\"position\":3,\"name\":\"Analyseur d&rsquo;EMAG (FAME) pour gasoil, gazole, diesel SPECTRO SCIENTIFIC\"}]},{\"@type\":\"WebSite\",\"@id\":\"https:\\\/\\\/webdesi-gn.fr\\\/dev_deltalabo\\\/#website\",\"url\":\"https:\\\/\\\/webdesi-gn.fr\\\/dev_deltalabo\\\/\",\"name\":\"Delta Labo\",\"description\":\"Un site utilisant WordPress\",\"publisher\":{\"@id\":\"https:\\\/\\\/webdesi-gn.fr\\\/dev_deltalabo\\\/#organization\"},\"alternateName\":\"Delta Labo\",\"potentialAction\":[{\"@type\":\"SearchAction\",\"target\":{\"@type\":\"EntryPoint\",\"urlTemplate\":\"https:\\\/\\\/webdesi-gn.fr\\\/dev_deltalabo\\\/?s={search_term_string}\"},\"query-input\":{\"@type\":\"PropertyValueSpecification\",\"valueRequired\":true,\"valueName\":\"search_term_string\"}}],\"inLanguage\":\"fr-FR\"},{\"@type\":\"Organization\",\"@id\":\"https:\\\/\\\/webdesi-gn.fr\\\/dev_deltalabo\\\/#organization\",\"name\":\"DeltaLabo\",\"url\":\"https:\\\/\\\/webdesi-gn.fr\\\/dev_deltalabo\\\/\",\"logo\":{\"@type\":\"ImageObject\",\"inLanguage\":\"fr-FR\",\"@id\":\"https:\\\/\\\/webdesi-gn.fr\\\/dev_deltalabo\\\/#\\\/schema\\\/logo\\\/image\\\/\",\"url\":\"https:\\\/\\\/webdesi-gn.fr\\\/dev_deltalabo\\\/wp-content\\\/uploads\\\/2022\\\/07\\\/logo-deltalabo.png\",\"contentUrl\":\"https:\\\/\\\/webdesi-gn.fr\\\/dev_deltalabo\\\/wp-content\\\/uploads\\\/2022\\\/07\\\/logo-deltalabo.png\",\"width\":694,\"height\":306,\"caption\":\"DeltaLabo\"},\"image\":{\"@id\":\"https:\\\/\\\/webdesi-gn.fr\\\/dev_deltalabo\\\/#\\\/schema\\\/logo\\\/image\\\/\"}}]}<\/script>\n<!-- \/ Yoast SEO plugin. -->","yoast_head_json":{"title":"Analyseur d'EMAG (FAME) pour gasoil, gazole, diesel SPECTRO SCIENTIFIC | DeltaLabo","robots":{"index":"noindex","follow":"follow","max-snippet":"max-snippet:-1","max-image-preview":"max-image-preview:large","max-video-preview":"max-video-preview:-1"},"og_locale":"fr_FR","og_type":"article","og_title":"Analyseur d'EMAG (FAME) pour gasoil, gazole, diesel SPECTRO SCIENTIFIC | DeltaLabo","og_description":"Analyseur d'EMAG (FAME) pour gasoil, gazole, diesel SPECTRO SCIENTIFIC :  L'analyseur d'EMAG INFRACAL 2 ATR-B est un instrument simple et robuste destin\u00e9 aux contr\u00f4les de routine au niveaux des terminaux, des d\u00e9p\u00f4ts etc... Il permet d'analyser les traces de d'EMAG (Esters M\u00e9thyliques d'Acides Gras) dans le gasoil, gazole ou carburants diesel selon l'ASTM D7371.  L'INFRACAL 2 ATR-B permet de d\u00e9tecter des traces de FAME en quelques secondes. L'appareil est enti\u00e8rement autonome et de type \"presse bouton\".  T\u00e9l\u00e9charger la brochure produit : INFRACAL 2 biodiesel Spectro Scientific","og_url":"https:\/\/webdesi-gn.fr\/dev_deltalabo\/produits\/cat-produit\/analyseur-demag-fame-pour-gasoil-gazole-diesel\/","og_site_name":"DeltaLabo","article_modified_time":"2025-12-11T13:54:09+00:00","og_image":[{"width":547,"height":448,"url":"https:\/\/webdesi-gn.fr\/dev_deltalabo\/wp-content\/uploads\/2025\/11\/DELTALABO-Analyseur-EMAG-Infracal-2-ATR-B.jpg","type":"image\/jpeg"}],"twitter_card":"summary_large_image","twitter_misc":{"Dur\u00e9e de lecture estim\u00e9e":"1 minute"},"schema":{"@context":"https:\/\/schema.org","@graph":[{"@type":"WebPage","@id":"https:\/\/webdesi-gn.fr\/dev_deltalabo\/produits\/cat-produit\/analyseur-demag-fame-pour-gasoil-gazole-diesel\/","url":"https:\/\/webdesi-gn.fr\/dev_deltalabo\/produits\/cat-produit\/analyseur-demag-fame-pour-gasoil-gazole-diesel\/","name":"Analyseur d'EMAG (FAME) pour gasoil, gazole, diesel SPECTRO SCIENTIFIC | DeltaLabo","isPartOf":{"@id":"https:\/\/webdesi-gn.fr\/dev_deltalabo\/#website"},"primaryImageOfPage":{"@id":"https:\/\/webdesi-gn.fr\/dev_deltalabo\/produits\/cat-produit\/analyseur-demag-fame-pour-gasoil-gazole-diesel\/#primaryimage"},"image":{"@id":"https:\/\/webdesi-gn.fr\/dev_deltalabo\/produits\/cat-produit\/analyseur-demag-fame-pour-gasoil-gazole-diesel\/#primaryimage"},"thumbnailUrl":"https:\/\/webdesi-gn.fr\/dev_deltalabo\/wp-content\/uploads\/2025\/11\/DELTALABO-Analyseur-EMAG-Infracal-2-ATR-B.jpg","datePublished":"2024-01-29T15:16:36+00:00","dateModified":"2025-12-11T13:54:09+00:00","breadcrumb":{"@id":"https:\/\/webdesi-gn.fr\/dev_deltalabo\/produits\/cat-produit\/analyseur-demag-fame-pour-gasoil-gazole-diesel\/#breadcrumb"},"inLanguage":"fr-FR","potentialAction":[{"@type":"ReadAction","target":["https:\/\/webdesi-gn.fr\/dev_deltalabo\/produits\/cat-produit\/analyseur-demag-fame-pour-gasoil-gazole-diesel\/"]}]},{"@type":"ImageObject","inLanguage":"fr-FR","@id":"https:\/\/webdesi-gn.fr\/dev_deltalabo\/produits\/cat-produit\/analyseur-demag-fame-pour-gasoil-gazole-diesel\/#primaryimage","url":"https:\/\/webdesi-gn.fr\/dev_deltalabo\/wp-content\/uploads\/2025\/11\/DELTALABO-Analyseur-EMAG-Infracal-2-ATR-B.jpg","contentUrl":"https:\/\/webdesi-gn.fr\/dev_deltalabo\/wp-content\/uploads\/2025\/11\/DELTALABO-Analyseur-EMAG-Infracal-2-ATR-B.jpg","width":547,"height":448},{"@type":"BreadcrumbList","@id":"https:\/\/webdesi-gn.fr\/dev_deltalabo\/produits\/cat-produit\/analyseur-demag-fame-pour-gasoil-gazole-diesel\/#breadcrumb","itemListElement":[{"@type":"ListItem","position":1,"name":"Accueil","item":"https:\/\/webdesi-gn.fr\/dev_deltalabo\/"},{"@type":"ListItem","position":2,"name":"Produits","item":"https:\/\/webdesi-gn.fr\/dev_deltalabo\/produits\/"},{"@type":"ListItem","position":3,"name":"Analyseur d&rsquo;EMAG (FAME) pour gasoil, gazole, diesel SPECTRO SCIENTIFIC"}]},{"@type":"WebSite","@id":"https:\/\/webdesi-gn.fr\/dev_deltalabo\/#website","url":"https:\/\/webdesi-gn.fr\/dev_deltalabo\/","name":"Delta Labo","description":"Un site utilisant WordPress","publisher":{"@id":"https:\/\/webdesi-gn.fr\/dev_deltalabo\/#organization"},"alternateName":"Delta Labo","potentialAction":[{"@type":"SearchAction","target":{"@type":"EntryPoint","urlTemplate":"https:\/\/webdesi-gn.fr\/dev_deltalabo\/?s={search_term_string}"},"query-input":{"@type":"PropertyValueSpecification","valueRequired":true,"valueName":"search_term_string"}}],"inLanguage":"fr-FR"},{"@type":"Organization","@id":"https:\/\/webdesi-gn.fr\/dev_deltalabo\/#organization","name":"DeltaLabo","url":"https:\/\/webdesi-gn.fr\/dev_deltalabo\/","logo":{"@type":"ImageObject","inLanguage":"fr-FR","@id":"https:\/\/webdesi-gn.fr\/dev_deltalabo\/#\/schema\/logo\/image\/","url":"https:\/\/webdesi-gn.fr\/dev_deltalabo\/wp-content\/uploads\/2022\/07\/logo-deltalabo.png","contentUrl":"https:\/\/webdesi-gn.fr\/dev_deltalabo\/wp-content\/uploads\/2022\/07\/logo-deltalabo.png","width":694,"height":306,"caption":"DeltaLabo"},"image":{"@id":"https:\/\/webdesi-gn.fr\/dev_deltalabo\/#\/schema\/logo\/image\/"}}]}},"_links":{"self":[{"href":"https:\/\/webdesi-gn.fr\/dev_deltalabo\/wp-json\/wp\/v2\/product\/255968","targetHints":{"allow":["GET"]}}],"collection":[{"href":"https:\/\/webdesi-gn.fr\/dev_deltalabo\/wp-json\/wp\/v2\/product"}],"about":[{"href":"https:\/\/webdesi-gn.fr\/dev_deltalabo\/wp-json\/wp\/v2\/types\/product"}],"wp:featuredmedia":[{"embeddable":true,"href":"https:\/\/webdesi-gn.fr\/dev_deltalabo\/wp-json\/wp\/v2\/media\/262189"}],"wp:attachment":[{"href":"https:\/\/webdesi-gn.fr\/dev_deltalabo\/wp-json\/wp\/v2\/media?parent=255968"}],"wp:term":[{"taxonomy":"domaine","embeddable":true,"href":"https:\/\/webdesi-gn.fr\/dev_deltalabo\/wp-json\/wp\/v2\/domaine?post=255968"},{"taxonomy":"normes","embeddable":true,"href":"https:\/\/webdesi-gn.fr\/dev_deltalabo\/wp-json\/wp\/v2\/normes?post=255968"},{"taxonomy":"product_brand","embeddable":true,"href":"https:\/\/webdesi-gn.fr\/dev_deltalabo\/wp-json\/wp\/v2\/product_brand?post=255968"},{"taxonomy":"product_cat","embeddable":true,"href":"https:\/\/webdesi-gn.fr\/dev_deltalabo\/wp-json\/wp\/v2\/product_cat?post=255968"},{"taxonomy":"product_tag","embeddable":true,"href":"https:\/\/webdesi-gn.fr\/dev_deltalabo\/wp-json\/wp\/v2\/product_tag?post=255968"}],"curies":[{"name":"wp","href":"https:\/\/api.w.org\/{rel}","templated":true}]}}