{"id":255971,"date":"2024-01-29T16:24:00","date_gmt":"2024-01-29T15:24:00","guid":{"rendered":"https:\/\/webdesi-gn.fr\/dev_deltalabo\/?post_type=product&#038;p=255971"},"modified":"2025-11-24T13:50:10","modified_gmt":"2025-11-24T12:50:10","slug":"desaeration-des-huiles-seta-arv","status":"publish","type":"product","link":"https:\/\/webdesi-gn.fr\/dev_deltalabo\/produits\/categories\/desaeration-des-huiles-seta-arv\/","title":{"rendered":"D\u00e9sa\u00e9ration des huiles STANHOPE SETA &#8211; ARV 15840-0"},"content":{"rendered":"","protected":false},"excerpt":{"rendered":"<p><strong>D\u00e9sa\u00e9ration des huiles STANHOPE SETA &#8211; ARV 15840-0 : <\/strong><\/p>\n<p>L&rsquo;instrument de d\u00e9sa\u00e9ration des huiles STANHOPE SETA &#8211; ARV 15840-0 (Air Release Value) permet de d\u00e9terminer la capacit\u00e9 d\u2019une huile hydraulique, de turbine ou de moteur \u00e0 s\u00e9parer l\u2019air absorb\u00e9.<\/p>\n<p>Il est conforme aux normes ASTM D3427, IP 313 et ISO 9120.<\/p>\n<p>Le r\u00e9sultat est exprim\u00e9 en temps n\u00e9cessaire pour \u00e9liminer l\u2019air absorb\u00e9 jusqu\u2019\u00e0 ce qu\u2019il ne repr\u00e9sente plus que 0,2% du volume.<\/p>\n<p>L&rsquo;instrument de d\u00e9sa\u00e9ration des huiles Stanhope Seta &#8211; ARV 15840-0 a \u00e9t\u00e9 con\u00e7u pour faciliter le test tout en r\u00e9duisant son encombrement au maximum :<br \/>\n&#8211; aucune manipulation d&rsquo;\u00e9l\u00e9ments \u00e0 haute temp\u00e9rature<br \/>\n&#8211; d\u00e9clenchement automatique du chronom\u00e8tre \u00e0 la fin de l&rsquo;a\u00e9ration<br \/>\n&#8211; programmation facilit\u00e9e sur \u00e9cran tactile<br \/>\n&#8211; nettoyage de la verrerie facilit\u00e9e<\/p>\n<p><strong>T\u00e9l\u00e9charger la brochure produit :<\/strong> <a href=\"https:\/\/www.deltalabo.fr\/wp-content\/uploads\/2025\/10\/Doc-ARV-desaeration-des-huiles-engl-DL-2021.pdf\">D\u00e9sa\u00e9ration des huiles STANHOPE SETA &#8211; ARV 15840-0<\/a><\/p>\n<p><strong>Visualiser l&rsquo;utilisation du produit :<\/strong> <a href=\"https:\/\/youtu.be\/qPmJNYAWCBk\">D\u00e9sa\u00e9ration des huiles STANHOPE SETA &#8211; ARV 15840-0<\/a><\/p>\n","protected":false},"featured_media":262188,"template":"","meta":{"_acf_changed":false,"site-sidebar-layout":"default","site-content-layout":"","ast-site-content-layout":"default","site-content-style":"default","site-sidebar-style":"default","ast-global-header-display":"","ast-banner-title-visibility":"","ast-main-header-display":"","ast-hfb-above-header-display":"","ast-hfb-below-header-display":"","ast-hfb-mobile-header-display":"","site-post-title":"","ast-breadcrumbs-content":"","ast-featured-img":"","footer-sml-layout":"","ast-disable-related-posts":"","theme-transparent-header-meta":"","adv-header-id-meta":"","stick-header-meta":"","header-above-stick-meta":"","header-main-stick-meta":"","header-below-stick-meta":"","astra-migrate-meta-layouts":"default","ast-page-background-enabled":"default","ast-page-background-meta":{"desktop":{"background-color":"var(--ast-global-color-5)","background-image":"","background-repeat":"repeat","background-position":"center center","background-size":"auto","background-attachment":"scroll","background-type":"","background-media":"","overlay-type":"","overlay-color":"","overlay-opacity":"","overlay-gradient":""},"tablet":{"background-color":"","background-image":"","background-repeat":"repeat","background-position":"center center","background-size":"auto","background-attachment":"scroll","background-type":"","background-media":"","overlay-type":"","overlay-color":"","overlay-opacity":"","overlay-gradient":""},"mobile":{"background-color":"","background-image":"","background-repeat":"repeat","background-position":"center center","background-size":"auto","background-attachment":"scroll","background-type":"","background-media":"","overlay-type":"","overlay-color":"","overlay-opacity":"","overlay-gradient":""}},"ast-content-background-meta":{"desktop":{"background-color":"var(--ast-global-color-4)","background-image":"","background-repeat":"repeat","background-position":"center center","background-size":"auto","background-attachment":"scroll","background-type":"","background-media":"","overlay-type":"","overlay-color":"","overlay-opacity":"","overlay-gradient":""},"tablet":{"background-color":"var(--ast-global-color-4)","background-image":"","background-repeat":"repeat","background-position":"center center","background-size":"auto","background-attachment":"scroll","background-type":"","background-media":"","overlay-type":"","overlay-color":"","overlay-opacity":"","overlay-gradient":""},"mobile":{"background-color":"var(--ast-global-color-4)","background-image":"","background-repeat":"repeat","background-position":"center center","background-size":"auto","background-attachment":"scroll","background-type":"","background-media":"","overlay-type":"","overlay-color":"","overlay-opacity":"","overlay-gradient":""}}},"domaine":[],"normes":[17135],"product_brand":[],"product_cat":[17240],"product_tag":[],"class_list":{"0":"post-255971","1":"product","2":"type-product","3":"status-publish","4":"has-post-thumbnail","6":"normes-din-51562","7":"product_cat-categories","8":"desktop-align-left","9":"tablet-align-left","10":"mobile-align-left","12":"first","13":"instock","14":"shipping-taxable","15":"product-type-simple"},"acf":[],"yoast_head":"<!-- This site is optimized with the Yoast SEO plugin v27.4 - https:\/\/yoast.com\/product\/yoast-seo-wordpress\/ -->\n<title>D\u00e9sa\u00e9ration des huiles STANHOPE SETA - ARV 15840-0 | DeltaLabo<\/title>\n<meta name=\"robots\" content=\"noindex, follow, max-snippet:-1, max-image-preview:large, max-video-preview:-1\" \/>\n<meta property=\"og:locale\" content=\"fr_FR\" \/>\n<meta property=\"og:type\" content=\"article\" \/>\n<meta property=\"og:title\" content=\"D\u00e9sa\u00e9ration des huiles STANHOPE SETA - ARV 15840-0 | DeltaLabo\" \/>\n<meta property=\"og:description\" content=\"D\u00e9sa\u00e9ration des huiles STANHOPE SETA - ARV 15840-0 :   L&#039;instrument de d\u00e9sa\u00e9ration des huiles STANHOPE SETA - ARV 15840-0 (Air Release Value) permet de d\u00e9terminer la capacit\u00e9 d\u2019une huile hydraulique, de turbine ou de moteur \u00e0 s\u00e9parer l\u2019air absorb\u00e9.  Il est conforme aux normes ASTM D3427, IP 313 et ISO 9120.  Le r\u00e9sultat est exprim\u00e9 en temps n\u00e9cessaire pour \u00e9liminer l\u2019air absorb\u00e9 jusqu\u2019\u00e0 ce qu\u2019il ne repr\u00e9sente plus que 0,2% du volume.  L&#039;instrument de d\u00e9sa\u00e9ration des huiles Stanhope Seta - ARV 15840-0 a \u00e9t\u00e9 con\u00e7u pour faciliter le test tout en r\u00e9duisant son encombrement au maximum : - aucune manipulation d&#039;\u00e9l\u00e9ments \u00e0 haute temp\u00e9rature - d\u00e9clenchement automatique du chronom\u00e8tre \u00e0 la fin de l&#039;a\u00e9ration - programmation facilit\u00e9e sur \u00e9cran tactile - nettoyage de la verrerie facilit\u00e9e  T\u00e9l\u00e9charger la brochure produit : D\u00e9sa\u00e9ration des huiles STANHOPE SETA - ARV 15840-0  Visualiser l&#039;utilisation du produit : D\u00e9sa\u00e9ration des huiles STANHOPE SETA - ARV 15840-0\" \/>\n<meta property=\"og:url\" content=\"https:\/\/webdesi-gn.fr\/dev_deltalabo\/produits\/cat-produit\/desaeration-des-huiles-seta-arv\/\" \/>\n<meta property=\"og:site_name\" content=\"DeltaLabo\" \/>\n<meta property=\"article:modified_time\" content=\"2025-11-24T12:50:10+00:00\" \/>\n<meta property=\"og:image\" content=\"https:\/\/webdesi-gn.fr\/dev_deltalabo\/wp-content\/uploads\/2024\/01\/ARV.jpg\" \/>\n\t<meta property=\"og:image:width\" content=\"704\" \/>\n\t<meta property=\"og:image:height\" content=\"779\" \/>\n\t<meta property=\"og:image:type\" content=\"image\/jpeg\" \/>\n<meta name=\"twitter:card\" content=\"summary_large_image\" \/>\n<meta name=\"twitter:label1\" content=\"Dur\u00e9e de lecture estim\u00e9e\" \/>\n\t<meta name=\"twitter:data1\" content=\"1 minute\" \/>\n<script type=\"application\/ld+json\" class=\"yoast-schema-graph\">{\"@context\":\"https:\\\/\\\/schema.org\",\"@graph\":[{\"@type\":\"WebPage\",\"@id\":\"https:\\\/\\\/webdesi-gn.fr\\\/dev_deltalabo\\\/produits\\\/cat-produit\\\/desaeration-des-huiles-seta-arv\\\/\",\"url\":\"https:\\\/\\\/webdesi-gn.fr\\\/dev_deltalabo\\\/produits\\\/cat-produit\\\/desaeration-des-huiles-seta-arv\\\/\",\"name\":\"D\u00e9sa\u00e9ration des huiles STANHOPE SETA - ARV 15840-0 | DeltaLabo\",\"isPartOf\":{\"@id\":\"https:\\\/\\\/webdesi-gn.fr\\\/dev_deltalabo\\\/#website\"},\"primaryImageOfPage\":{\"@id\":\"https:\\\/\\\/webdesi-gn.fr\\\/dev_deltalabo\\\/produits\\\/cat-produit\\\/desaeration-des-huiles-seta-arv\\\/#primaryimage\"},\"image\":{\"@id\":\"https:\\\/\\\/webdesi-gn.fr\\\/dev_deltalabo\\\/produits\\\/cat-produit\\\/desaeration-des-huiles-seta-arv\\\/#primaryimage\"},\"thumbnailUrl\":\"https:\\\/\\\/webdesi-gn.fr\\\/dev_deltalabo\\\/wp-content\\\/uploads\\\/2025\\\/11\\\/ARV.jpg\",\"datePublished\":\"2024-01-29T15:24:00+00:00\",\"dateModified\":\"2025-11-24T12:50:10+00:00\",\"breadcrumb\":{\"@id\":\"https:\\\/\\\/webdesi-gn.fr\\\/dev_deltalabo\\\/produits\\\/cat-produit\\\/desaeration-des-huiles-seta-arv\\\/#breadcrumb\"},\"inLanguage\":\"fr-FR\",\"potentialAction\":[{\"@type\":\"ReadAction\",\"target\":[\"https:\\\/\\\/webdesi-gn.fr\\\/dev_deltalabo\\\/produits\\\/cat-produit\\\/desaeration-des-huiles-seta-arv\\\/\"]}]},{\"@type\":\"ImageObject\",\"inLanguage\":\"fr-FR\",\"@id\":\"https:\\\/\\\/webdesi-gn.fr\\\/dev_deltalabo\\\/produits\\\/cat-produit\\\/desaeration-des-huiles-seta-arv\\\/#primaryimage\",\"url\":\"https:\\\/\\\/webdesi-gn.fr\\\/dev_deltalabo\\\/wp-content\\\/uploads\\\/2025\\\/11\\\/ARV.jpg\",\"contentUrl\":\"https:\\\/\\\/webdesi-gn.fr\\\/dev_deltalabo\\\/wp-content\\\/uploads\\\/2025\\\/11\\\/ARV.jpg\",\"width\":704,\"height\":779},{\"@type\":\"BreadcrumbList\",\"@id\":\"https:\\\/\\\/webdesi-gn.fr\\\/dev_deltalabo\\\/produits\\\/cat-produit\\\/desaeration-des-huiles-seta-arv\\\/#breadcrumb\",\"itemListElement\":[{\"@type\":\"ListItem\",\"position\":1,\"name\":\"Accueil\",\"item\":\"https:\\\/\\\/webdesi-gn.fr\\\/dev_deltalabo\\\/\"},{\"@type\":\"ListItem\",\"position\":2,\"name\":\"Produits\",\"item\":\"https:\\\/\\\/webdesi-gn.fr\\\/dev_deltalabo\\\/produits\\\/\"},{\"@type\":\"ListItem\",\"position\":3,\"name\":\"D\u00e9sa\u00e9ration des huiles STANHOPE SETA &#8211; ARV 15840-0\"}]},{\"@type\":\"WebSite\",\"@id\":\"https:\\\/\\\/webdesi-gn.fr\\\/dev_deltalabo\\\/#website\",\"url\":\"https:\\\/\\\/webdesi-gn.fr\\\/dev_deltalabo\\\/\",\"name\":\"Delta Labo\",\"description\":\"Un site utilisant WordPress\",\"publisher\":{\"@id\":\"https:\\\/\\\/webdesi-gn.fr\\\/dev_deltalabo\\\/#organization\"},\"alternateName\":\"Delta Labo\",\"potentialAction\":[{\"@type\":\"SearchAction\",\"target\":{\"@type\":\"EntryPoint\",\"urlTemplate\":\"https:\\\/\\\/webdesi-gn.fr\\\/dev_deltalabo\\\/?s={search_term_string}\"},\"query-input\":{\"@type\":\"PropertyValueSpecification\",\"valueRequired\":true,\"valueName\":\"search_term_string\"}}],\"inLanguage\":\"fr-FR\"},{\"@type\":\"Organization\",\"@id\":\"https:\\\/\\\/webdesi-gn.fr\\\/dev_deltalabo\\\/#organization\",\"name\":\"DeltaLabo\",\"url\":\"https:\\\/\\\/webdesi-gn.fr\\\/dev_deltalabo\\\/\",\"logo\":{\"@type\":\"ImageObject\",\"inLanguage\":\"fr-FR\",\"@id\":\"https:\\\/\\\/webdesi-gn.fr\\\/dev_deltalabo\\\/#\\\/schema\\\/logo\\\/image\\\/\",\"url\":\"https:\\\/\\\/webdesi-gn.fr\\\/dev_deltalabo\\\/wp-content\\\/uploads\\\/2022\\\/07\\\/logo-deltalabo.png\",\"contentUrl\":\"https:\\\/\\\/webdesi-gn.fr\\\/dev_deltalabo\\\/wp-content\\\/uploads\\\/2022\\\/07\\\/logo-deltalabo.png\",\"width\":694,\"height\":306,\"caption\":\"DeltaLabo\"},\"image\":{\"@id\":\"https:\\\/\\\/webdesi-gn.fr\\\/dev_deltalabo\\\/#\\\/schema\\\/logo\\\/image\\\/\"}}]}<\/script>\n<!-- \/ Yoast SEO plugin. -->","yoast_head_json":{"title":"D\u00e9sa\u00e9ration des huiles STANHOPE SETA - ARV 15840-0 | DeltaLabo","robots":{"index":"noindex","follow":"follow","max-snippet":"max-snippet:-1","max-image-preview":"max-image-preview:large","max-video-preview":"max-video-preview:-1"},"og_locale":"fr_FR","og_type":"article","og_title":"D\u00e9sa\u00e9ration des huiles STANHOPE SETA - ARV 15840-0 | DeltaLabo","og_description":"D\u00e9sa\u00e9ration des huiles STANHOPE SETA - ARV 15840-0 :   L'instrument de d\u00e9sa\u00e9ration des huiles STANHOPE SETA - ARV 15840-0 (Air Release Value) permet de d\u00e9terminer la capacit\u00e9 d\u2019une huile hydraulique, de turbine ou de moteur \u00e0 s\u00e9parer l\u2019air absorb\u00e9.  Il est conforme aux normes ASTM D3427, IP 313 et ISO 9120.  Le r\u00e9sultat est exprim\u00e9 en temps n\u00e9cessaire pour \u00e9liminer l\u2019air absorb\u00e9 jusqu\u2019\u00e0 ce qu\u2019il ne repr\u00e9sente plus que 0,2% du volume.  L'instrument de d\u00e9sa\u00e9ration des huiles Stanhope Seta - ARV 15840-0 a \u00e9t\u00e9 con\u00e7u pour faciliter le test tout en r\u00e9duisant son encombrement au maximum : - aucune manipulation d'\u00e9l\u00e9ments \u00e0 haute temp\u00e9rature - d\u00e9clenchement automatique du chronom\u00e8tre \u00e0 la fin de l'a\u00e9ration - programmation facilit\u00e9e sur \u00e9cran tactile - nettoyage de la verrerie facilit\u00e9e  T\u00e9l\u00e9charger la brochure produit : D\u00e9sa\u00e9ration des huiles STANHOPE SETA - ARV 15840-0  Visualiser l'utilisation du produit : D\u00e9sa\u00e9ration des huiles STANHOPE SETA - ARV 15840-0","og_url":"https:\/\/webdesi-gn.fr\/dev_deltalabo\/produits\/cat-produit\/desaeration-des-huiles-seta-arv\/","og_site_name":"DeltaLabo","article_modified_time":"2025-11-24T12:50:10+00:00","og_image":[{"width":704,"height":779,"url":"https:\/\/webdesi-gn.fr\/dev_deltalabo\/wp-content\/uploads\/2024\/01\/ARV.jpg","type":"image\/jpeg"}],"twitter_card":"summary_large_image","twitter_misc":{"Dur\u00e9e de lecture estim\u00e9e":"1 minute"},"schema":{"@context":"https:\/\/schema.org","@graph":[{"@type":"WebPage","@id":"https:\/\/webdesi-gn.fr\/dev_deltalabo\/produits\/cat-produit\/desaeration-des-huiles-seta-arv\/","url":"https:\/\/webdesi-gn.fr\/dev_deltalabo\/produits\/cat-produit\/desaeration-des-huiles-seta-arv\/","name":"D\u00e9sa\u00e9ration des huiles STANHOPE SETA - ARV 15840-0 | DeltaLabo","isPartOf":{"@id":"https:\/\/webdesi-gn.fr\/dev_deltalabo\/#website"},"primaryImageOfPage":{"@id":"https:\/\/webdesi-gn.fr\/dev_deltalabo\/produits\/cat-produit\/desaeration-des-huiles-seta-arv\/#primaryimage"},"image":{"@id":"https:\/\/webdesi-gn.fr\/dev_deltalabo\/produits\/cat-produit\/desaeration-des-huiles-seta-arv\/#primaryimage"},"thumbnailUrl":"https:\/\/webdesi-gn.fr\/dev_deltalabo\/wp-content\/uploads\/2025\/11\/ARV.jpg","datePublished":"2024-01-29T15:24:00+00:00","dateModified":"2025-11-24T12:50:10+00:00","breadcrumb":{"@id":"https:\/\/webdesi-gn.fr\/dev_deltalabo\/produits\/cat-produit\/desaeration-des-huiles-seta-arv\/#breadcrumb"},"inLanguage":"fr-FR","potentialAction":[{"@type":"ReadAction","target":["https:\/\/webdesi-gn.fr\/dev_deltalabo\/produits\/cat-produit\/desaeration-des-huiles-seta-arv\/"]}]},{"@type":"ImageObject","inLanguage":"fr-FR","@id":"https:\/\/webdesi-gn.fr\/dev_deltalabo\/produits\/cat-produit\/desaeration-des-huiles-seta-arv\/#primaryimage","url":"https:\/\/webdesi-gn.fr\/dev_deltalabo\/wp-content\/uploads\/2025\/11\/ARV.jpg","contentUrl":"https:\/\/webdesi-gn.fr\/dev_deltalabo\/wp-content\/uploads\/2025\/11\/ARV.jpg","width":704,"height":779},{"@type":"BreadcrumbList","@id":"https:\/\/webdesi-gn.fr\/dev_deltalabo\/produits\/cat-produit\/desaeration-des-huiles-seta-arv\/#breadcrumb","itemListElement":[{"@type":"ListItem","position":1,"name":"Accueil","item":"https:\/\/webdesi-gn.fr\/dev_deltalabo\/"},{"@type":"ListItem","position":2,"name":"Produits","item":"https:\/\/webdesi-gn.fr\/dev_deltalabo\/produits\/"},{"@type":"ListItem","position":3,"name":"D\u00e9sa\u00e9ration des huiles STANHOPE SETA &#8211; ARV 15840-0"}]},{"@type":"WebSite","@id":"https:\/\/webdesi-gn.fr\/dev_deltalabo\/#website","url":"https:\/\/webdesi-gn.fr\/dev_deltalabo\/","name":"Delta Labo","description":"Un site utilisant WordPress","publisher":{"@id":"https:\/\/webdesi-gn.fr\/dev_deltalabo\/#organization"},"alternateName":"Delta Labo","potentialAction":[{"@type":"SearchAction","target":{"@type":"EntryPoint","urlTemplate":"https:\/\/webdesi-gn.fr\/dev_deltalabo\/?s={search_term_string}"},"query-input":{"@type":"PropertyValueSpecification","valueRequired":true,"valueName":"search_term_string"}}],"inLanguage":"fr-FR"},{"@type":"Organization","@id":"https:\/\/webdesi-gn.fr\/dev_deltalabo\/#organization","name":"DeltaLabo","url":"https:\/\/webdesi-gn.fr\/dev_deltalabo\/","logo":{"@type":"ImageObject","inLanguage":"fr-FR","@id":"https:\/\/webdesi-gn.fr\/dev_deltalabo\/#\/schema\/logo\/image\/","url":"https:\/\/webdesi-gn.fr\/dev_deltalabo\/wp-content\/uploads\/2022\/07\/logo-deltalabo.png","contentUrl":"https:\/\/webdesi-gn.fr\/dev_deltalabo\/wp-content\/uploads\/2022\/07\/logo-deltalabo.png","width":694,"height":306,"caption":"DeltaLabo"},"image":{"@id":"https:\/\/webdesi-gn.fr\/dev_deltalabo\/#\/schema\/logo\/image\/"}}]}},"_links":{"self":[{"href":"https:\/\/webdesi-gn.fr\/dev_deltalabo\/wp-json\/wp\/v2\/product\/255971","targetHints":{"allow":["GET"]}}],"collection":[{"href":"https:\/\/webdesi-gn.fr\/dev_deltalabo\/wp-json\/wp\/v2\/product"}],"about":[{"href":"https:\/\/webdesi-gn.fr\/dev_deltalabo\/wp-json\/wp\/v2\/types\/product"}],"wp:featuredmedia":[{"embeddable":true,"href":"https:\/\/webdesi-gn.fr\/dev_deltalabo\/wp-json\/wp\/v2\/media\/262188"}],"wp:attachment":[{"href":"https:\/\/webdesi-gn.fr\/dev_deltalabo\/wp-json\/wp\/v2\/media?parent=255971"}],"wp:term":[{"taxonomy":"domaine","embeddable":true,"href":"https:\/\/webdesi-gn.fr\/dev_deltalabo\/wp-json\/wp\/v2\/domaine?post=255971"},{"taxonomy":"normes","embeddable":true,"href":"https:\/\/webdesi-gn.fr\/dev_deltalabo\/wp-json\/wp\/v2\/normes?post=255971"},{"taxonomy":"product_brand","embeddable":true,"href":"https:\/\/webdesi-gn.fr\/dev_deltalabo\/wp-json\/wp\/v2\/product_brand?post=255971"},{"taxonomy":"product_cat","embeddable":true,"href":"https:\/\/webdesi-gn.fr\/dev_deltalabo\/wp-json\/wp\/v2\/product_cat?post=255971"},{"taxonomy":"product_tag","embeddable":true,"href":"https:\/\/webdesi-gn.fr\/dev_deltalabo\/wp-json\/wp\/v2\/product_tag?post=255971"}],"curies":[{"name":"wp","href":"https:\/\/api.w.org\/{rel}","templated":true}]}}