{"id":255985,"date":"2024-01-29T16:52:04","date_gmt":"2024-01-29T15:52:04","guid":{"rendered":"https:\/\/webdesi-gn.fr\/dev_deltalabo\/?post_type=product&#038;p=255985"},"modified":"2025-11-24T15:21:18","modified_gmt":"2025-11-24T14:21:18","slug":"point-eclair-semi-automatique-electrique-setaflash-serie-3-basse-et-haute-temperature","status":"publish","type":"product","link":"https:\/\/webdesi-gn.fr\/dev_deltalabo\/produits\/petrochimie-chimie-nucleaire\/point-eclair-semi-automatique-electrique-setaflash-serie-3-basse-et-haute-temperature\/","title":{"rendered":"Point \u00e9clair semi automatique \u00e9lectrique SetaFlash S\u00e9rie 3 basse et haute temp\u00e9rature"},"content":{"rendered":"","protected":false},"excerpt":{"rendered":"<p><strong>Point \u00e9clair semi automatique SetaFlash S\u00e9rie 3 ignition \u00e9lectrique :<\/strong><\/p>\n<p>Version sp\u00e9ciale avec igniteur \u00e9lectrique \u00e0 filament chauffant, conforme aux normes ASTM D3278, ASTM D3828, ASTM D7236, ASTM D8174, IP 523, IP 524, IP 534, ISO 3679, ISO 9038.<\/p>\n<p>Instrument id\u00e9al destin\u00e9 aux contr\u00f4les qualit\u00e9 en p\u00e9trochimie (bio carburants : ASTM D3828), EMAG (esters m\u00e9thyl d&rsquo;acides gras), chimie (solvants), industrie du retraitement des d\u00e9chets (rejets liquides).<\/p>\n<ul>\n<li>Volume d&rsquo;\u00e9chantillon : 2 \u00e0 4mL<\/li>\n<li>Ignition : manuelle et d\u00e9termination du point \u00e9clair automatique<\/li>\n<li>Plage de mesure 10\u00b0C \u00e0 135\u00b0 C (\u00ab\u00a0Active Cool\u00a0\u00bb) et ambiante jusqu&rsquo;\u00e0 300\u00b0C (version haute temp\u00e9rature)<\/li>\n<\/ul>\n<p><strong>T\u00e9l\u00e9charger la brochure produit :<\/strong> <a class=\"wplightbox\" href=\"https:\/\/www.deltalabo.fr\/wp-content\/uploads\/2024\/01\/SS3e.pdf\">Setaflash S\u00e9rie 3 \u00e9lectrique<\/a><\/p>\n","protected":false},"featured_media":262182,"template":"","meta":{"_acf_changed":false,"site-sidebar-layout":"default","site-content-layout":"","ast-site-content-layout":"default","site-content-style":"default","site-sidebar-style":"default","ast-global-header-display":"","ast-banner-title-visibility":"","ast-main-header-display":"","ast-hfb-above-header-display":"","ast-hfb-below-header-display":"","ast-hfb-mobile-header-display":"","site-post-title":"","ast-breadcrumbs-content":"","ast-featured-img":"","footer-sml-layout":"","ast-disable-related-posts":"","theme-transparent-header-meta":"","adv-header-id-meta":"","stick-header-meta":"","header-above-stick-meta":"","header-main-stick-meta":"","header-below-stick-meta":"","astra-migrate-meta-layouts":"default","ast-page-background-enabled":"default","ast-page-background-meta":{"desktop":{"background-color":"var(--ast-global-color-5)","background-image":"","background-repeat":"repeat","background-position":"center center","background-size":"auto","background-attachment":"scroll","background-type":"","background-media":"","overlay-type":"","overlay-color":"","overlay-opacity":"","overlay-gradient":""},"tablet":{"background-color":"","background-image":"","background-repeat":"repeat","background-position":"center center","background-size":"auto","background-attachment":"scroll","background-type":"","background-media":"","overlay-type":"","overlay-color":"","overlay-opacity":"","overlay-gradient":""},"mobile":{"background-color":"","background-image":"","background-repeat":"repeat","background-position":"center center","background-size":"auto","background-attachment":"scroll","background-type":"","background-media":"","overlay-type":"","overlay-color":"","overlay-opacity":"","overlay-gradient":""}},"ast-content-background-meta":{"desktop":{"background-color":"var(--ast-global-color-4)","background-image":"","background-repeat":"repeat","background-position":"center center","background-size":"auto","background-attachment":"scroll","background-type":"","background-media":"","overlay-type":"","overlay-color":"","overlay-opacity":"","overlay-gradient":""},"tablet":{"background-color":"var(--ast-global-color-4)","background-image":"","background-repeat":"repeat","background-position":"center center","background-size":"auto","background-attachment":"scroll","background-type":"","background-media":"","overlay-type":"","overlay-color":"","overlay-opacity":"","overlay-gradient":""},"mobile":{"background-color":"var(--ast-global-color-4)","background-image":"","background-repeat":"repeat","background-position":"center center","background-size":"auto","background-attachment":"scroll","background-type":"","background-media":"","overlay-type":"","overlay-color":"","overlay-opacity":"","overlay-gradient":""}}},"domaine":[],"normes":[3327,3330,3377,3387,17135,17151,17150,17149,17110,17125],"product_brand":[],"product_cat":[94],"product_tag":[],"class_list":{"0":"post-255985","1":"product","2":"type-product","3":"status-publish","4":"has-post-thumbnail","6":"normes-d3278","7":"normes-d3828","8":"normes-d7236","9":"normes-d8174","10":"normes-din-51562","11":"normes-ip-523","12":"normes-ip-524","13":"normes-ip-534","14":"normes-iso-3679","15":"normes-iso-9038","16":"product_cat-petrochimie-chimie-nucleaire","17":"desktop-align-left","18":"tablet-align-left","19":"mobile-align-left","21":"first","22":"instock","23":"shipping-taxable","24":"purchasable","25":"product-type-simple"},"acf":[],"yoast_head":"<!-- This site is optimized with the Yoast SEO plugin v27.4 - https:\/\/yoast.com\/product\/yoast-seo-wordpress\/ -->\n<title>Point \u00e9clair semi automatique \u00e9lectrique SetaFlash S\u00e9rie 3 basse et haute temp\u00e9rature | DeltaLabo<\/title>\n<meta name=\"robots\" content=\"noindex, follow, max-snippet:-1, max-image-preview:large, max-video-preview:-1\" \/>\n<meta property=\"og:locale\" content=\"fr_FR\" \/>\n<meta property=\"og:type\" content=\"article\" \/>\n<meta property=\"og:title\" content=\"Point \u00e9clair semi automatique \u00e9lectrique SetaFlash S\u00e9rie 3 basse et haute temp\u00e9rature | DeltaLabo\" \/>\n<meta property=\"og:description\" content=\"Point \u00e9clair semi automatique SetaFlash S\u00e9rie 3 ignition \u00e9lectrique :  Version sp\u00e9ciale avec igniteur \u00e9lectrique \u00e0 filament chauffant, conforme aux normes ASTM D3278, ASTM D3828, ASTM D7236, ASTM D8174, IP 523, IP 524, IP 534, ISO 3679, ISO 9038.  Instrument id\u00e9al destin\u00e9 aux contr\u00f4les qualit\u00e9 en p\u00e9trochimie (bio carburants : ASTM D3828), EMAG (esters m\u00e9thyl d&#039;acides gras), chimie (solvants), industrie du retraitement des d\u00e9chets (rejets liquides).   Volume d&#039;\u00e9chantillon : 2 \u00e0 4mL  Ignition : manuelle et d\u00e9termination du point \u00e9clair automatique  Plage de mesure 10\u00b0C \u00e0 135\u00b0 C (&quot;Active Cool&quot;) et ambiante jusqu&#039;\u00e0 300\u00b0C (version haute temp\u00e9rature)  T\u00e9l\u00e9charger la brochure produit : Setaflash S\u00e9rie 3 \u00e9lectrique\" \/>\n<meta property=\"og:url\" content=\"https:\/\/webdesi-gn.fr\/dev_deltalabo\/produits\/petrochimie-chimie-nucleaire\/point-eclair-semi-automatique-electrique-setaflash-serie-3-basse-et-haute-temperature\/\" \/>\n<meta property=\"og:site_name\" content=\"DeltaLabo\" \/>\n<meta property=\"article:modified_time\" content=\"2025-11-24T14:21:18+00:00\" \/>\n<meta property=\"og:image\" content=\"https:\/\/webdesi-gn.fr\/dev_deltalabo\/wp-content\/uploads\/2025\/11\/DELTA-LABO-Setaflash-serie-3.jpg\" \/>\n\t<meta property=\"og:image:width\" content=\"754\" \/>\n\t<meta property=\"og:image:height\" content=\"716\" \/>\n\t<meta property=\"og:image:type\" content=\"image\/jpeg\" \/>\n<meta name=\"twitter:card\" content=\"summary_large_image\" \/>\n<meta name=\"twitter:label1\" content=\"Dur\u00e9e de lecture estim\u00e9e\" \/>\n\t<meta name=\"twitter:data1\" content=\"1 minute\" \/>\n<script type=\"application\/ld+json\" class=\"yoast-schema-graph\">{\"@context\":\"https:\\\/\\\/schema.org\",\"@graph\":[{\"@type\":\"WebPage\",\"@id\":\"https:\\\/\\\/webdesi-gn.fr\\\/dev_deltalabo\\\/produits\\\/petrochimie-chimie-nucleaire\\\/point-eclair-semi-automatique-electrique-setaflash-serie-3-basse-et-haute-temperature\\\/\",\"url\":\"https:\\\/\\\/webdesi-gn.fr\\\/dev_deltalabo\\\/produits\\\/petrochimie-chimie-nucleaire\\\/point-eclair-semi-automatique-electrique-setaflash-serie-3-basse-et-haute-temperature\\\/\",\"name\":\"Point \u00e9clair semi automatique \u00e9lectrique SetaFlash S\u00e9rie 3 basse et haute temp\u00e9rature | DeltaLabo\",\"isPartOf\":{\"@id\":\"https:\\\/\\\/webdesi-gn.fr\\\/dev_deltalabo\\\/#website\"},\"primaryImageOfPage\":{\"@id\":\"https:\\\/\\\/webdesi-gn.fr\\\/dev_deltalabo\\\/produits\\\/petrochimie-chimie-nucleaire\\\/point-eclair-semi-automatique-electrique-setaflash-serie-3-basse-et-haute-temperature\\\/#primaryimage\"},\"image\":{\"@id\":\"https:\\\/\\\/webdesi-gn.fr\\\/dev_deltalabo\\\/produits\\\/petrochimie-chimie-nucleaire\\\/point-eclair-semi-automatique-electrique-setaflash-serie-3-basse-et-haute-temperature\\\/#primaryimage\"},\"thumbnailUrl\":\"https:\\\/\\\/webdesi-gn.fr\\\/dev_deltalabo\\\/wp-content\\\/uploads\\\/2025\\\/11\\\/DELTA-LABO-Setaflash-serie-3.jpg\",\"datePublished\":\"2024-01-29T15:52:04+00:00\",\"dateModified\":\"2025-11-24T14:21:18+00:00\",\"breadcrumb\":{\"@id\":\"https:\\\/\\\/webdesi-gn.fr\\\/dev_deltalabo\\\/produits\\\/petrochimie-chimie-nucleaire\\\/point-eclair-semi-automatique-electrique-setaflash-serie-3-basse-et-haute-temperature\\\/#breadcrumb\"},\"inLanguage\":\"fr-FR\",\"potentialAction\":[{\"@type\":\"ReadAction\",\"target\":[\"https:\\\/\\\/webdesi-gn.fr\\\/dev_deltalabo\\\/produits\\\/petrochimie-chimie-nucleaire\\\/point-eclair-semi-automatique-electrique-setaflash-serie-3-basse-et-haute-temperature\\\/\"]}]},{\"@type\":\"ImageObject\",\"inLanguage\":\"fr-FR\",\"@id\":\"https:\\\/\\\/webdesi-gn.fr\\\/dev_deltalabo\\\/produits\\\/petrochimie-chimie-nucleaire\\\/point-eclair-semi-automatique-electrique-setaflash-serie-3-basse-et-haute-temperature\\\/#primaryimage\",\"url\":\"https:\\\/\\\/webdesi-gn.fr\\\/dev_deltalabo\\\/wp-content\\\/uploads\\\/2025\\\/11\\\/DELTA-LABO-Setaflash-serie-3.jpg\",\"contentUrl\":\"https:\\\/\\\/webdesi-gn.fr\\\/dev_deltalabo\\\/wp-content\\\/uploads\\\/2025\\\/11\\\/DELTA-LABO-Setaflash-serie-3.jpg\",\"width\":754,\"height\":716},{\"@type\":\"BreadcrumbList\",\"@id\":\"https:\\\/\\\/webdesi-gn.fr\\\/dev_deltalabo\\\/produits\\\/petrochimie-chimie-nucleaire\\\/point-eclair-semi-automatique-electrique-setaflash-serie-3-basse-et-haute-temperature\\\/#breadcrumb\",\"itemListElement\":[{\"@type\":\"ListItem\",\"position\":1,\"name\":\"Accueil\",\"item\":\"https:\\\/\\\/webdesi-gn.fr\\\/dev_deltalabo\\\/\"},{\"@type\":\"ListItem\",\"position\":2,\"name\":\"Produits\",\"item\":\"https:\\\/\\\/webdesi-gn.fr\\\/dev_deltalabo\\\/produits\\\/\"},{\"@type\":\"ListItem\",\"position\":3,\"name\":\"Point \u00e9clair semi automatique \u00e9lectrique SetaFlash S\u00e9rie 3 basse et haute temp\u00e9rature\"}]},{\"@type\":\"WebSite\",\"@id\":\"https:\\\/\\\/webdesi-gn.fr\\\/dev_deltalabo\\\/#website\",\"url\":\"https:\\\/\\\/webdesi-gn.fr\\\/dev_deltalabo\\\/\",\"name\":\"Delta Labo\",\"description\":\"Un site utilisant WordPress\",\"publisher\":{\"@id\":\"https:\\\/\\\/webdesi-gn.fr\\\/dev_deltalabo\\\/#organization\"},\"alternateName\":\"Delta Labo\",\"potentialAction\":[{\"@type\":\"SearchAction\",\"target\":{\"@type\":\"EntryPoint\",\"urlTemplate\":\"https:\\\/\\\/webdesi-gn.fr\\\/dev_deltalabo\\\/?s={search_term_string}\"},\"query-input\":{\"@type\":\"PropertyValueSpecification\",\"valueRequired\":true,\"valueName\":\"search_term_string\"}}],\"inLanguage\":\"fr-FR\"},{\"@type\":\"Organization\",\"@id\":\"https:\\\/\\\/webdesi-gn.fr\\\/dev_deltalabo\\\/#organization\",\"name\":\"DeltaLabo\",\"url\":\"https:\\\/\\\/webdesi-gn.fr\\\/dev_deltalabo\\\/\",\"logo\":{\"@type\":\"ImageObject\",\"inLanguage\":\"fr-FR\",\"@id\":\"https:\\\/\\\/webdesi-gn.fr\\\/dev_deltalabo\\\/#\\\/schema\\\/logo\\\/image\\\/\",\"url\":\"https:\\\/\\\/webdesi-gn.fr\\\/dev_deltalabo\\\/wp-content\\\/uploads\\\/2022\\\/07\\\/logo-deltalabo.png\",\"contentUrl\":\"https:\\\/\\\/webdesi-gn.fr\\\/dev_deltalabo\\\/wp-content\\\/uploads\\\/2022\\\/07\\\/logo-deltalabo.png\",\"width\":694,\"height\":306,\"caption\":\"DeltaLabo\"},\"image\":{\"@id\":\"https:\\\/\\\/webdesi-gn.fr\\\/dev_deltalabo\\\/#\\\/schema\\\/logo\\\/image\\\/\"}}]}<\/script>\n<!-- \/ Yoast SEO plugin. -->","yoast_head_json":{"title":"Point \u00e9clair semi automatique \u00e9lectrique SetaFlash S\u00e9rie 3 basse et haute temp\u00e9rature | DeltaLabo","robots":{"index":"noindex","follow":"follow","max-snippet":"max-snippet:-1","max-image-preview":"max-image-preview:large","max-video-preview":"max-video-preview:-1"},"og_locale":"fr_FR","og_type":"article","og_title":"Point \u00e9clair semi automatique \u00e9lectrique SetaFlash S\u00e9rie 3 basse et haute temp\u00e9rature | DeltaLabo","og_description":"Point \u00e9clair semi automatique SetaFlash S\u00e9rie 3 ignition \u00e9lectrique :  Version sp\u00e9ciale avec igniteur \u00e9lectrique \u00e0 filament chauffant, conforme aux normes ASTM D3278, ASTM D3828, ASTM D7236, ASTM D8174, IP 523, IP 524, IP 534, ISO 3679, ISO 9038.  Instrument id\u00e9al destin\u00e9 aux contr\u00f4les qualit\u00e9 en p\u00e9trochimie (bio carburants : ASTM D3828), EMAG (esters m\u00e9thyl d'acides gras), chimie (solvants), industrie du retraitement des d\u00e9chets (rejets liquides).   Volume d'\u00e9chantillon : 2 \u00e0 4mL  Ignition : manuelle et d\u00e9termination du point \u00e9clair automatique  Plage de mesure 10\u00b0C \u00e0 135\u00b0 C (\"Active Cool\") et ambiante jusqu'\u00e0 300\u00b0C (version haute temp\u00e9rature)  T\u00e9l\u00e9charger la brochure produit : Setaflash S\u00e9rie 3 \u00e9lectrique","og_url":"https:\/\/webdesi-gn.fr\/dev_deltalabo\/produits\/petrochimie-chimie-nucleaire\/point-eclair-semi-automatique-electrique-setaflash-serie-3-basse-et-haute-temperature\/","og_site_name":"DeltaLabo","article_modified_time":"2025-11-24T14:21:18+00:00","og_image":[{"width":754,"height":716,"url":"https:\/\/webdesi-gn.fr\/dev_deltalabo\/wp-content\/uploads\/2025\/11\/DELTA-LABO-Setaflash-serie-3.jpg","type":"image\/jpeg"}],"twitter_card":"summary_large_image","twitter_misc":{"Dur\u00e9e de lecture estim\u00e9e":"1 minute"},"schema":{"@context":"https:\/\/schema.org","@graph":[{"@type":"WebPage","@id":"https:\/\/webdesi-gn.fr\/dev_deltalabo\/produits\/petrochimie-chimie-nucleaire\/point-eclair-semi-automatique-electrique-setaflash-serie-3-basse-et-haute-temperature\/","url":"https:\/\/webdesi-gn.fr\/dev_deltalabo\/produits\/petrochimie-chimie-nucleaire\/point-eclair-semi-automatique-electrique-setaflash-serie-3-basse-et-haute-temperature\/","name":"Point \u00e9clair semi automatique \u00e9lectrique SetaFlash S\u00e9rie 3 basse et haute temp\u00e9rature | DeltaLabo","isPartOf":{"@id":"https:\/\/webdesi-gn.fr\/dev_deltalabo\/#website"},"primaryImageOfPage":{"@id":"https:\/\/webdesi-gn.fr\/dev_deltalabo\/produits\/petrochimie-chimie-nucleaire\/point-eclair-semi-automatique-electrique-setaflash-serie-3-basse-et-haute-temperature\/#primaryimage"},"image":{"@id":"https:\/\/webdesi-gn.fr\/dev_deltalabo\/produits\/petrochimie-chimie-nucleaire\/point-eclair-semi-automatique-electrique-setaflash-serie-3-basse-et-haute-temperature\/#primaryimage"},"thumbnailUrl":"https:\/\/webdesi-gn.fr\/dev_deltalabo\/wp-content\/uploads\/2025\/11\/DELTA-LABO-Setaflash-serie-3.jpg","datePublished":"2024-01-29T15:52:04+00:00","dateModified":"2025-11-24T14:21:18+00:00","breadcrumb":{"@id":"https:\/\/webdesi-gn.fr\/dev_deltalabo\/produits\/petrochimie-chimie-nucleaire\/point-eclair-semi-automatique-electrique-setaflash-serie-3-basse-et-haute-temperature\/#breadcrumb"},"inLanguage":"fr-FR","potentialAction":[{"@type":"ReadAction","target":["https:\/\/webdesi-gn.fr\/dev_deltalabo\/produits\/petrochimie-chimie-nucleaire\/point-eclair-semi-automatique-electrique-setaflash-serie-3-basse-et-haute-temperature\/"]}]},{"@type":"ImageObject","inLanguage":"fr-FR","@id":"https:\/\/webdesi-gn.fr\/dev_deltalabo\/produits\/petrochimie-chimie-nucleaire\/point-eclair-semi-automatique-electrique-setaflash-serie-3-basse-et-haute-temperature\/#primaryimage","url":"https:\/\/webdesi-gn.fr\/dev_deltalabo\/wp-content\/uploads\/2025\/11\/DELTA-LABO-Setaflash-serie-3.jpg","contentUrl":"https:\/\/webdesi-gn.fr\/dev_deltalabo\/wp-content\/uploads\/2025\/11\/DELTA-LABO-Setaflash-serie-3.jpg","width":754,"height":716},{"@type":"BreadcrumbList","@id":"https:\/\/webdesi-gn.fr\/dev_deltalabo\/produits\/petrochimie-chimie-nucleaire\/point-eclair-semi-automatique-electrique-setaflash-serie-3-basse-et-haute-temperature\/#breadcrumb","itemListElement":[{"@type":"ListItem","position":1,"name":"Accueil","item":"https:\/\/webdesi-gn.fr\/dev_deltalabo\/"},{"@type":"ListItem","position":2,"name":"Produits","item":"https:\/\/webdesi-gn.fr\/dev_deltalabo\/produits\/"},{"@type":"ListItem","position":3,"name":"Point \u00e9clair semi automatique \u00e9lectrique SetaFlash S\u00e9rie 3 basse et haute temp\u00e9rature"}]},{"@type":"WebSite","@id":"https:\/\/webdesi-gn.fr\/dev_deltalabo\/#website","url":"https:\/\/webdesi-gn.fr\/dev_deltalabo\/","name":"Delta Labo","description":"Un site utilisant WordPress","publisher":{"@id":"https:\/\/webdesi-gn.fr\/dev_deltalabo\/#organization"},"alternateName":"Delta Labo","potentialAction":[{"@type":"SearchAction","target":{"@type":"EntryPoint","urlTemplate":"https:\/\/webdesi-gn.fr\/dev_deltalabo\/?s={search_term_string}"},"query-input":{"@type":"PropertyValueSpecification","valueRequired":true,"valueName":"search_term_string"}}],"inLanguage":"fr-FR"},{"@type":"Organization","@id":"https:\/\/webdesi-gn.fr\/dev_deltalabo\/#organization","name":"DeltaLabo","url":"https:\/\/webdesi-gn.fr\/dev_deltalabo\/","logo":{"@type":"ImageObject","inLanguage":"fr-FR","@id":"https:\/\/webdesi-gn.fr\/dev_deltalabo\/#\/schema\/logo\/image\/","url":"https:\/\/webdesi-gn.fr\/dev_deltalabo\/wp-content\/uploads\/2022\/07\/logo-deltalabo.png","contentUrl":"https:\/\/webdesi-gn.fr\/dev_deltalabo\/wp-content\/uploads\/2022\/07\/logo-deltalabo.png","width":694,"height":306,"caption":"DeltaLabo"},"image":{"@id":"https:\/\/webdesi-gn.fr\/dev_deltalabo\/#\/schema\/logo\/image\/"}}]}},"_links":{"self":[{"href":"https:\/\/webdesi-gn.fr\/dev_deltalabo\/wp-json\/wp\/v2\/product\/255985","targetHints":{"allow":["GET"]}}],"collection":[{"href":"https:\/\/webdesi-gn.fr\/dev_deltalabo\/wp-json\/wp\/v2\/product"}],"about":[{"href":"https:\/\/webdesi-gn.fr\/dev_deltalabo\/wp-json\/wp\/v2\/types\/product"}],"wp:featuredmedia":[{"embeddable":true,"href":"https:\/\/webdesi-gn.fr\/dev_deltalabo\/wp-json\/wp\/v2\/media\/262182"}],"wp:attachment":[{"href":"https:\/\/webdesi-gn.fr\/dev_deltalabo\/wp-json\/wp\/v2\/media?parent=255985"}],"wp:term":[{"taxonomy":"domaine","embeddable":true,"href":"https:\/\/webdesi-gn.fr\/dev_deltalabo\/wp-json\/wp\/v2\/domaine?post=255985"},{"taxonomy":"normes","embeddable":true,"href":"https:\/\/webdesi-gn.fr\/dev_deltalabo\/wp-json\/wp\/v2\/normes?post=255985"},{"taxonomy":"product_brand","embeddable":true,"href":"https:\/\/webdesi-gn.fr\/dev_deltalabo\/wp-json\/wp\/v2\/product_brand?post=255985"},{"taxonomy":"product_cat","embeddable":true,"href":"https:\/\/webdesi-gn.fr\/dev_deltalabo\/wp-json\/wp\/v2\/product_cat?post=255985"},{"taxonomy":"product_tag","embeddable":true,"href":"https:\/\/webdesi-gn.fr\/dev_deltalabo\/wp-json\/wp\/v2\/product_tag?post=255985"}],"curies":[{"name":"wp","href":"https:\/\/api.w.org\/{rel}","templated":true}]}}