{"id":256008,"date":"2024-02-22T14:39:10","date_gmt":"2024-02-22T13:39:10","guid":{"rendered":"https:\/\/webdesi-gn.fr\/dev_deltalabo\/?post_type=product&#038;p=256008"},"modified":"2025-11-24T13:49:24","modified_gmt":"2025-11-24T12:49:24","slug":"test-de-volatilite-selby-noack-selon-astm-d5800","status":"publish","type":"product","link":"https:\/\/webdesi-gn.fr\/dev_deltalabo\/produits\/cat-produit\/test-de-volatilite-selby-noack-selon-astm-d5800\/","title":{"rendered":"Test de volatilit\u00e9 TANNAS Selby Noack S2 &#8211; ASTM D5800"},"content":{"rendered":"","protected":false},"excerpt":{"rendered":"<p><strong>Appareil de test de volatilit\u00e9 Selby Noack S2 &#8211; ASTM D5800 :<\/strong><\/p>\n<p>L&rsquo;appareil pour test de volatilit\u00e9 Selby Noack S2 est conforme aux normes ASTM D5800, ILSAC GF-3, GF-4, API SL et SM.<\/p>\n<p>Il permet de caract\u00e9riser la tendance des huiles et lubrifiants \u00e0 se volatiliser en cours de service.<br \/>\nPrincipe de mesure : 65g d&rsquo;\u00e9chantillon sont expos\u00e9s \u00e0 250\u00b0C pendant 1 h sous un vide l\u00e9ger. La perte des \u00e9l\u00e9ments volatilis\u00e9s est mesur\u00e9e par diff\u00e9rence de pes\u00e9e. Notre instrument est adaptable pour travailler \u00e0 d\u2019autres temp\u00e9ratures et des cycles de temps modifiables.<\/p>\n<p>L&rsquo;instrument pour test de volatilit\u00e9 Selby Noack S2 permet \u00e9galement la d\u00e9termination de l&rsquo;indice d&rsquo;\u00e9mission phosphorique.<br \/>\nL&rsquo;indice d&rsquo;\u00e9mission phosphorique mesure l&rsquo;effet inverse des huiles moteurs sur l&rsquo;efficacit\u00e9 des pots catalytiques.<\/p>\n<p>L&rsquo;instrument est compact (LxPxH = 41x43x47cm) et simple d&rsquo;utilisation : il dispose d&rsquo;une pompe \u00e0 vide int\u00e9gr\u00e9e et son fonctionnement est automatique.<br \/>\nEn option, un logiciel permet un pilotage \u00e0 partir d&rsquo;un ordinateur.<\/p>\n<p><strong>T\u00e9l\u00e9charger la brochure produit :<\/strong> <a href=\"https:\/\/www.deltalabo.fr\/wp-content\/uploads\/2025\/04\/Tannas_Noack_S2_Brochure_eng-DL.pdf\">Test de volatilit\u00e9 Selby Noack S2<\/a><\/p>\n<p><strong>Visionner l&rsquo;utilisation du produit :<\/strong> <a href=\"https:\/\/www.youtube.com\/watch?v=emLpHeqXTWY\">Test de volatilit\u00e9 Selby Noack S2<\/a><\/p>\n","protected":false},"featured_media":262173,"template":"","meta":{"_acf_changed":false,"site-sidebar-layout":"default","site-content-layout":"","ast-site-content-layout":"default","site-content-style":"default","site-sidebar-style":"default","ast-global-header-display":"","ast-banner-title-visibility":"","ast-main-header-display":"","ast-hfb-above-header-display":"","ast-hfb-below-header-display":"","ast-hfb-mobile-header-display":"","site-post-title":"","ast-breadcrumbs-content":"","ast-featured-img":"","footer-sml-layout":"","ast-disable-related-posts":"","theme-transparent-header-meta":"","adv-header-id-meta":"","stick-header-meta":"","header-above-stick-meta":"","header-main-stick-meta":"","header-below-stick-meta":"","astra-migrate-meta-layouts":"default","ast-page-background-enabled":"default","ast-page-background-meta":{"desktop":{"background-color":"var(--ast-global-color-5)","background-image":"","background-repeat":"repeat","background-position":"center center","background-size":"auto","background-attachment":"scroll","background-type":"","background-media":"","overlay-type":"","overlay-color":"","overlay-opacity":"","overlay-gradient":""},"tablet":{"background-color":"","background-image":"","background-repeat":"repeat","background-position":"center center","background-size":"auto","background-attachment":"scroll","background-type":"","background-media":"","overlay-type":"","overlay-color":"","overlay-opacity":"","overlay-gradient":""},"mobile":{"background-color":"","background-image":"","background-repeat":"repeat","background-position":"center center","background-size":"auto","background-attachment":"scroll","background-type":"","background-media":"","overlay-type":"","overlay-color":"","overlay-opacity":"","overlay-gradient":""}},"ast-content-background-meta":{"desktop":{"background-color":"var(--ast-global-color-4)","background-image":"","background-repeat":"repeat","background-position":"center center","background-size":"auto","background-attachment":"scroll","background-type":"","background-media":"","overlay-type":"","overlay-color":"","overlay-opacity":"","overlay-gradient":""},"tablet":{"background-color":"var(--ast-global-color-4)","background-image":"","background-repeat":"repeat","background-position":"center center","background-size":"auto","background-attachment":"scroll","background-type":"","background-media":"","overlay-type":"","overlay-color":"","overlay-opacity":"","overlay-gradient":""},"mobile":{"background-color":"var(--ast-global-color-4)","background-image":"","background-repeat":"repeat","background-position":"center center","background-size":"auto","background-attachment":"scroll","background-type":"","background-media":"","overlay-type":"","overlay-color":"","overlay-opacity":"","overlay-gradient":""}}},"domaine":[],"normes":[3351,17135],"product_brand":[],"product_cat":[15],"product_tag":[],"class_list":{"0":"post-256008","1":"product","2":"type-product","3":"status-publish","4":"has-post-thumbnail","6":"normes-d5800","7":"normes-din-51562","8":"product_cat-cat-produit","9":"desktop-align-left","10":"tablet-align-left","11":"mobile-align-left","13":"first","14":"instock","15":"shipping-taxable","16":"product-type-simple"},"acf":[],"yoast_head":"<!-- This site is optimized with the Yoast SEO plugin v27.4 - https:\/\/yoast.com\/product\/yoast-seo-wordpress\/ -->\n<title>Test de volatilit\u00e9 TANNAS Selby Noack S2 - ASTM D5800 | DeltaLabo<\/title>\n<meta name=\"robots\" content=\"noindex, follow, max-snippet:-1, max-image-preview:large, max-video-preview:-1\" \/>\n<meta property=\"og:locale\" content=\"fr_FR\" \/>\n<meta property=\"og:type\" content=\"article\" \/>\n<meta property=\"og:title\" content=\"Test de volatilit\u00e9 TANNAS Selby Noack S2 - ASTM D5800 | DeltaLabo\" \/>\n<meta property=\"og:description\" content=\"Appareil de test de volatilit\u00e9 Selby Noack S2 - ASTM D5800 :  L&#039;appareil pour test de volatilit\u00e9 Selby Noack S2 est conforme aux normes ASTM D5800, ILSAC GF-3, GF-4, API SL et SM.  Il permet de caract\u00e9riser la tendance des huiles et lubrifiants \u00e0 se volatiliser en cours de service. Principe de mesure : 65g d&#039;\u00e9chantillon sont expos\u00e9s \u00e0 250\u00b0C pendant 1 h sous un vide l\u00e9ger. La perte des \u00e9l\u00e9ments volatilis\u00e9s est mesur\u00e9e par diff\u00e9rence de pes\u00e9e. Notre instrument est adaptable pour travailler \u00e0 d\u2019autres temp\u00e9ratures et des cycles de temps modifiables.  L&#039;instrument pour test de volatilit\u00e9 Selby Noack S2 permet \u00e9galement la d\u00e9termination de l&#039;indice d&#039;\u00e9mission phosphorique. L&#039;indice d&#039;\u00e9mission phosphorique mesure l&#039;effet inverse des huiles moteurs sur l&#039;efficacit\u00e9 des pots catalytiques.  L&#039;instrument est compact (LxPxH = 41x43x47cm) et simple d&#039;utilisation : il dispose d&#039;une pompe \u00e0 vide int\u00e9gr\u00e9e et son fonctionnement est automatique. En option, un logiciel permet un pilotage \u00e0 partir d&#039;un ordinateur.  T\u00e9l\u00e9charger la brochure produit : Test de volatilit\u00e9 Selby Noack S2  Visionner l&#039;utilisation du produit : Test de volatilit\u00e9 Selby Noack S2\" \/>\n<meta property=\"og:url\" content=\"https:\/\/webdesi-gn.fr\/dev_deltalabo\/produits\/cat-produit\/test-de-volatilite-selby-noack-selon-astm-d5800\/\" \/>\n<meta property=\"og:site_name\" content=\"DeltaLabo\" \/>\n<meta property=\"article:modified_time\" content=\"2025-11-24T12:49:24+00:00\" \/>\n<meta property=\"og:image\" content=\"https:\/\/webdesi-gn.fr\/dev_deltalabo\/wp-content\/uploads\/2024\/02\/DELTA-LABO-Test-de-volatilite-Noack-S2-Tannas.jpg\" \/>\n\t<meta property=\"og:image:width\" content=\"628\" \/>\n\t<meta property=\"og:image:height\" content=\"500\" \/>\n\t<meta property=\"og:image:type\" content=\"image\/jpeg\" \/>\n<meta name=\"twitter:card\" content=\"summary_large_image\" \/>\n<meta name=\"twitter:label1\" content=\"Dur\u00e9e de lecture estim\u00e9e\" \/>\n\t<meta name=\"twitter:data1\" content=\"1 minute\" \/>\n<script type=\"application\/ld+json\" class=\"yoast-schema-graph\">{\"@context\":\"https:\\\/\\\/schema.org\",\"@graph\":[{\"@type\":\"WebPage\",\"@id\":\"https:\\\/\\\/webdesi-gn.fr\\\/dev_deltalabo\\\/produits\\\/cat-produit\\\/test-de-volatilite-selby-noack-selon-astm-d5800\\\/\",\"url\":\"https:\\\/\\\/webdesi-gn.fr\\\/dev_deltalabo\\\/produits\\\/cat-produit\\\/test-de-volatilite-selby-noack-selon-astm-d5800\\\/\",\"name\":\"Test de volatilit\u00e9 TANNAS Selby Noack S2 - ASTM D5800 | DeltaLabo\",\"isPartOf\":{\"@id\":\"https:\\\/\\\/webdesi-gn.fr\\\/dev_deltalabo\\\/#website\"},\"primaryImageOfPage\":{\"@id\":\"https:\\\/\\\/webdesi-gn.fr\\\/dev_deltalabo\\\/produits\\\/cat-produit\\\/test-de-volatilite-selby-noack-selon-astm-d5800\\\/#primaryimage\"},\"image\":{\"@id\":\"https:\\\/\\\/webdesi-gn.fr\\\/dev_deltalabo\\\/produits\\\/cat-produit\\\/test-de-volatilite-selby-noack-selon-astm-d5800\\\/#primaryimage\"},\"thumbnailUrl\":\"https:\\\/\\\/webdesi-gn.fr\\\/dev_deltalabo\\\/wp-content\\\/uploads\\\/2025\\\/11\\\/DELTA-LABO-Test-de-volatilite-Noack-S2-Tannas.jpg\",\"datePublished\":\"2024-02-22T13:39:10+00:00\",\"dateModified\":\"2025-11-24T12:49:24+00:00\",\"breadcrumb\":{\"@id\":\"https:\\\/\\\/webdesi-gn.fr\\\/dev_deltalabo\\\/produits\\\/cat-produit\\\/test-de-volatilite-selby-noack-selon-astm-d5800\\\/#breadcrumb\"},\"inLanguage\":\"fr-FR\",\"potentialAction\":[{\"@type\":\"ReadAction\",\"target\":[\"https:\\\/\\\/webdesi-gn.fr\\\/dev_deltalabo\\\/produits\\\/cat-produit\\\/test-de-volatilite-selby-noack-selon-astm-d5800\\\/\"]}]},{\"@type\":\"ImageObject\",\"inLanguage\":\"fr-FR\",\"@id\":\"https:\\\/\\\/webdesi-gn.fr\\\/dev_deltalabo\\\/produits\\\/cat-produit\\\/test-de-volatilite-selby-noack-selon-astm-d5800\\\/#primaryimage\",\"url\":\"https:\\\/\\\/webdesi-gn.fr\\\/dev_deltalabo\\\/wp-content\\\/uploads\\\/2025\\\/11\\\/DELTA-LABO-Test-de-volatilite-Noack-S2-Tannas.jpg\",\"contentUrl\":\"https:\\\/\\\/webdesi-gn.fr\\\/dev_deltalabo\\\/wp-content\\\/uploads\\\/2025\\\/11\\\/DELTA-LABO-Test-de-volatilite-Noack-S2-Tannas.jpg\",\"width\":628,\"height\":500},{\"@type\":\"BreadcrumbList\",\"@id\":\"https:\\\/\\\/webdesi-gn.fr\\\/dev_deltalabo\\\/produits\\\/cat-produit\\\/test-de-volatilite-selby-noack-selon-astm-d5800\\\/#breadcrumb\",\"itemListElement\":[{\"@type\":\"ListItem\",\"position\":1,\"name\":\"Accueil\",\"item\":\"https:\\\/\\\/webdesi-gn.fr\\\/dev_deltalabo\\\/\"},{\"@type\":\"ListItem\",\"position\":2,\"name\":\"Produits\",\"item\":\"https:\\\/\\\/webdesi-gn.fr\\\/dev_deltalabo\\\/produits\\\/\"},{\"@type\":\"ListItem\",\"position\":3,\"name\":\"Test de volatilit\u00e9 TANNAS Selby Noack S2 &#8211; ASTM D5800\"}]},{\"@type\":\"WebSite\",\"@id\":\"https:\\\/\\\/webdesi-gn.fr\\\/dev_deltalabo\\\/#website\",\"url\":\"https:\\\/\\\/webdesi-gn.fr\\\/dev_deltalabo\\\/\",\"name\":\"Delta Labo\",\"description\":\"Un site utilisant WordPress\",\"publisher\":{\"@id\":\"https:\\\/\\\/webdesi-gn.fr\\\/dev_deltalabo\\\/#organization\"},\"alternateName\":\"Delta Labo\",\"potentialAction\":[{\"@type\":\"SearchAction\",\"target\":{\"@type\":\"EntryPoint\",\"urlTemplate\":\"https:\\\/\\\/webdesi-gn.fr\\\/dev_deltalabo\\\/?s={search_term_string}\"},\"query-input\":{\"@type\":\"PropertyValueSpecification\",\"valueRequired\":true,\"valueName\":\"search_term_string\"}}],\"inLanguage\":\"fr-FR\"},{\"@type\":\"Organization\",\"@id\":\"https:\\\/\\\/webdesi-gn.fr\\\/dev_deltalabo\\\/#organization\",\"name\":\"DeltaLabo\",\"url\":\"https:\\\/\\\/webdesi-gn.fr\\\/dev_deltalabo\\\/\",\"logo\":{\"@type\":\"ImageObject\",\"inLanguage\":\"fr-FR\",\"@id\":\"https:\\\/\\\/webdesi-gn.fr\\\/dev_deltalabo\\\/#\\\/schema\\\/logo\\\/image\\\/\",\"url\":\"https:\\\/\\\/webdesi-gn.fr\\\/dev_deltalabo\\\/wp-content\\\/uploads\\\/2022\\\/07\\\/logo-deltalabo.png\",\"contentUrl\":\"https:\\\/\\\/webdesi-gn.fr\\\/dev_deltalabo\\\/wp-content\\\/uploads\\\/2022\\\/07\\\/logo-deltalabo.png\",\"width\":694,\"height\":306,\"caption\":\"DeltaLabo\"},\"image\":{\"@id\":\"https:\\\/\\\/webdesi-gn.fr\\\/dev_deltalabo\\\/#\\\/schema\\\/logo\\\/image\\\/\"}}]}<\/script>\n<!-- \/ Yoast SEO plugin. -->","yoast_head_json":{"title":"Test de volatilit\u00e9 TANNAS Selby Noack S2 - ASTM D5800 | DeltaLabo","robots":{"index":"noindex","follow":"follow","max-snippet":"max-snippet:-1","max-image-preview":"max-image-preview:large","max-video-preview":"max-video-preview:-1"},"og_locale":"fr_FR","og_type":"article","og_title":"Test de volatilit\u00e9 TANNAS Selby Noack S2 - ASTM D5800 | DeltaLabo","og_description":"Appareil de test de volatilit\u00e9 Selby Noack S2 - ASTM D5800 :  L'appareil pour test de volatilit\u00e9 Selby Noack S2 est conforme aux normes ASTM D5800, ILSAC GF-3, GF-4, API SL et SM.  Il permet de caract\u00e9riser la tendance des huiles et lubrifiants \u00e0 se volatiliser en cours de service. Principe de mesure : 65g d'\u00e9chantillon sont expos\u00e9s \u00e0 250\u00b0C pendant 1 h sous un vide l\u00e9ger. La perte des \u00e9l\u00e9ments volatilis\u00e9s est mesur\u00e9e par diff\u00e9rence de pes\u00e9e. Notre instrument est adaptable pour travailler \u00e0 d\u2019autres temp\u00e9ratures et des cycles de temps modifiables.  L'instrument pour test de volatilit\u00e9 Selby Noack S2 permet \u00e9galement la d\u00e9termination de l'indice d'\u00e9mission phosphorique. L'indice d'\u00e9mission phosphorique mesure l'effet inverse des huiles moteurs sur l'efficacit\u00e9 des pots catalytiques.  L'instrument est compact (LxPxH = 41x43x47cm) et simple d'utilisation : il dispose d'une pompe \u00e0 vide int\u00e9gr\u00e9e et son fonctionnement est automatique. En option, un logiciel permet un pilotage \u00e0 partir d'un ordinateur.  T\u00e9l\u00e9charger la brochure produit : Test de volatilit\u00e9 Selby Noack S2  Visionner l'utilisation du produit : Test de volatilit\u00e9 Selby Noack S2","og_url":"https:\/\/webdesi-gn.fr\/dev_deltalabo\/produits\/cat-produit\/test-de-volatilite-selby-noack-selon-astm-d5800\/","og_site_name":"DeltaLabo","article_modified_time":"2025-11-24T12:49:24+00:00","og_image":[{"width":628,"height":500,"url":"https:\/\/webdesi-gn.fr\/dev_deltalabo\/wp-content\/uploads\/2024\/02\/DELTA-LABO-Test-de-volatilite-Noack-S2-Tannas.jpg","type":"image\/jpeg"}],"twitter_card":"summary_large_image","twitter_misc":{"Dur\u00e9e de lecture estim\u00e9e":"1 minute"},"schema":{"@context":"https:\/\/schema.org","@graph":[{"@type":"WebPage","@id":"https:\/\/webdesi-gn.fr\/dev_deltalabo\/produits\/cat-produit\/test-de-volatilite-selby-noack-selon-astm-d5800\/","url":"https:\/\/webdesi-gn.fr\/dev_deltalabo\/produits\/cat-produit\/test-de-volatilite-selby-noack-selon-astm-d5800\/","name":"Test de volatilit\u00e9 TANNAS Selby Noack S2 - ASTM D5800 | DeltaLabo","isPartOf":{"@id":"https:\/\/webdesi-gn.fr\/dev_deltalabo\/#website"},"primaryImageOfPage":{"@id":"https:\/\/webdesi-gn.fr\/dev_deltalabo\/produits\/cat-produit\/test-de-volatilite-selby-noack-selon-astm-d5800\/#primaryimage"},"image":{"@id":"https:\/\/webdesi-gn.fr\/dev_deltalabo\/produits\/cat-produit\/test-de-volatilite-selby-noack-selon-astm-d5800\/#primaryimage"},"thumbnailUrl":"https:\/\/webdesi-gn.fr\/dev_deltalabo\/wp-content\/uploads\/2025\/11\/DELTA-LABO-Test-de-volatilite-Noack-S2-Tannas.jpg","datePublished":"2024-02-22T13:39:10+00:00","dateModified":"2025-11-24T12:49:24+00:00","breadcrumb":{"@id":"https:\/\/webdesi-gn.fr\/dev_deltalabo\/produits\/cat-produit\/test-de-volatilite-selby-noack-selon-astm-d5800\/#breadcrumb"},"inLanguage":"fr-FR","potentialAction":[{"@type":"ReadAction","target":["https:\/\/webdesi-gn.fr\/dev_deltalabo\/produits\/cat-produit\/test-de-volatilite-selby-noack-selon-astm-d5800\/"]}]},{"@type":"ImageObject","inLanguage":"fr-FR","@id":"https:\/\/webdesi-gn.fr\/dev_deltalabo\/produits\/cat-produit\/test-de-volatilite-selby-noack-selon-astm-d5800\/#primaryimage","url":"https:\/\/webdesi-gn.fr\/dev_deltalabo\/wp-content\/uploads\/2025\/11\/DELTA-LABO-Test-de-volatilite-Noack-S2-Tannas.jpg","contentUrl":"https:\/\/webdesi-gn.fr\/dev_deltalabo\/wp-content\/uploads\/2025\/11\/DELTA-LABO-Test-de-volatilite-Noack-S2-Tannas.jpg","width":628,"height":500},{"@type":"BreadcrumbList","@id":"https:\/\/webdesi-gn.fr\/dev_deltalabo\/produits\/cat-produit\/test-de-volatilite-selby-noack-selon-astm-d5800\/#breadcrumb","itemListElement":[{"@type":"ListItem","position":1,"name":"Accueil","item":"https:\/\/webdesi-gn.fr\/dev_deltalabo\/"},{"@type":"ListItem","position":2,"name":"Produits","item":"https:\/\/webdesi-gn.fr\/dev_deltalabo\/produits\/"},{"@type":"ListItem","position":3,"name":"Test de volatilit\u00e9 TANNAS Selby Noack S2 &#8211; ASTM D5800"}]},{"@type":"WebSite","@id":"https:\/\/webdesi-gn.fr\/dev_deltalabo\/#website","url":"https:\/\/webdesi-gn.fr\/dev_deltalabo\/","name":"Delta Labo","description":"Un site utilisant WordPress","publisher":{"@id":"https:\/\/webdesi-gn.fr\/dev_deltalabo\/#organization"},"alternateName":"Delta Labo","potentialAction":[{"@type":"SearchAction","target":{"@type":"EntryPoint","urlTemplate":"https:\/\/webdesi-gn.fr\/dev_deltalabo\/?s={search_term_string}"},"query-input":{"@type":"PropertyValueSpecification","valueRequired":true,"valueName":"search_term_string"}}],"inLanguage":"fr-FR"},{"@type":"Organization","@id":"https:\/\/webdesi-gn.fr\/dev_deltalabo\/#organization","name":"DeltaLabo","url":"https:\/\/webdesi-gn.fr\/dev_deltalabo\/","logo":{"@type":"ImageObject","inLanguage":"fr-FR","@id":"https:\/\/webdesi-gn.fr\/dev_deltalabo\/#\/schema\/logo\/image\/","url":"https:\/\/webdesi-gn.fr\/dev_deltalabo\/wp-content\/uploads\/2022\/07\/logo-deltalabo.png","contentUrl":"https:\/\/webdesi-gn.fr\/dev_deltalabo\/wp-content\/uploads\/2022\/07\/logo-deltalabo.png","width":694,"height":306,"caption":"DeltaLabo"},"image":{"@id":"https:\/\/webdesi-gn.fr\/dev_deltalabo\/#\/schema\/logo\/image\/"}}]}},"_links":{"self":[{"href":"https:\/\/webdesi-gn.fr\/dev_deltalabo\/wp-json\/wp\/v2\/product\/256008","targetHints":{"allow":["GET"]}}],"collection":[{"href":"https:\/\/webdesi-gn.fr\/dev_deltalabo\/wp-json\/wp\/v2\/product"}],"about":[{"href":"https:\/\/webdesi-gn.fr\/dev_deltalabo\/wp-json\/wp\/v2\/types\/product"}],"wp:featuredmedia":[{"embeddable":true,"href":"https:\/\/webdesi-gn.fr\/dev_deltalabo\/wp-json\/wp\/v2\/media\/262173"}],"wp:attachment":[{"href":"https:\/\/webdesi-gn.fr\/dev_deltalabo\/wp-json\/wp\/v2\/media?parent=256008"}],"wp:term":[{"taxonomy":"domaine","embeddable":true,"href":"https:\/\/webdesi-gn.fr\/dev_deltalabo\/wp-json\/wp\/v2\/domaine?post=256008"},{"taxonomy":"normes","embeddable":true,"href":"https:\/\/webdesi-gn.fr\/dev_deltalabo\/wp-json\/wp\/v2\/normes?post=256008"},{"taxonomy":"product_brand","embeddable":true,"href":"https:\/\/webdesi-gn.fr\/dev_deltalabo\/wp-json\/wp\/v2\/product_brand?post=256008"},{"taxonomy":"product_cat","embeddable":true,"href":"https:\/\/webdesi-gn.fr\/dev_deltalabo\/wp-json\/wp\/v2\/product_cat?post=256008"},{"taxonomy":"product_tag","embeddable":true,"href":"https:\/\/webdesi-gn.fr\/dev_deltalabo\/wp-json\/wp\/v2\/product_tag?post=256008"}],"curies":[{"name":"wp","href":"https:\/\/api.w.org\/{rel}","templated":true}]}}