{"id":256032,"date":"2024-02-22T15:52:55","date_gmt":"2024-02-22T14:52:55","guid":{"rendered":"https:\/\/webdesi-gn.fr\/dev_deltalabo\/?post_type=product&#038;p=256032"},"modified":"2025-11-24T16:27:13","modified_gmt":"2025-11-24T15:27:13","slug":"compteur-particulaire-laser-portable-stanhope-seta-modele-avcount-conforme-ip-565","status":"publish","type":"product","link":"https:\/\/webdesi-gn.fr\/dev_deltalabo\/produits\/cat-produit\/compteur-particulaire-laser-portable-stanhope-seta-modele-avcount-conforme-ip-565\/","title":{"rendered":"Compteur particulaire portable STANHOPE SETA &#8211; AvCount3 SA1100-0"},"content":{"rendered":"","protected":false},"excerpt":{"rendered":"<p><strong>Compteur particulaire portable STANHOPE SETA &#8211; AvCount3 SA1100-0 : <\/strong><\/p>\n<p>Le compteur particulaire portable STANHOPE SETA &#8211; AvCount3 SA1100-0 est conforme aux normes IP 565, IP 630, IP 646, ASTM D7619, ASTM D975, DEF STAN 91-86, DEF STAN 91-091, ASTM D7647, ISO 4406, ISO 60970, NAS 1638, SAE 4059.<\/p>\n<p>Con\u00e7u pour l&rsquo;analyse de la contamination des carburants, des huiles et des fluides, l&rsquo;AvCount3 mesure la taille et la distribution des particules en utilisant l&rsquo;obscurcissement de la lumi\u00e8re, tel que d\u00e9fini dans la norme IP 646 (m\u00e9thanol maritime) : <a href=\"https:\/\/www.stanhope-seta.co.uk\/2025\/10\/29\/introducing-ip-646-the-new-standard-for-particle-counting-in-marine-methanol-fuel\/\">IP 646<\/a>. La norme IP 565 fait partie des sp\u00e9cifications de la DEF STAN 91-091 relatives aux Jets A1. La norme ASTM D7619 fait partie des sp\u00e9cifications ASTM D975 relatives aux gazoles.<\/p>\n<p>Caract\u00e9ristiques :<\/p>\n<ul class=\"wp-block-list\">\n<li><span dir=\"auto\">Automatique, compact et de haute pr\u00e9cision<\/span><\/li>\n<li><span dir=\"auto\">Plage de mesure\u00a0: de 2 \u00b5m \u00e0 100 \u00b5m, couvrant la plage IP 646 de 4 \u00b5m(c) \u00e0 30 \u00b5m(c)<\/span><\/li>\n<li><span dir=\"auto\">Tra\u00e7abilit\u00e9 de l&rsquo;\u00e9talonnage\u00a0<\/span><\/li>\n<li><span dir=\"auto\">Convient aux carburants, biodiesel, fluides hydrauliques, m\u00e9thanol<\/span><\/li>\n<\/ul>\n<p><strong>T\u00e9l\u00e9charger la brochure produit :<\/strong> <a href=\"https:\/\/www.deltalabo.fr\/wp-content\/uploads\/2025\/04\/AvCount3-SA1100-0-eng-DL.pdf\">Compteur particulaire Stanhope Seta &#8211; AvCount3 SA1100-0<\/a><\/p>\n<p><strong>Visionner l&rsquo;utilisation du produit :<\/strong> <a href=\"https:\/\/youtu.be\/egrC-EGVaMg?t=4\">Compteur particulaire Stanhope Seta &#8211; AvCount3 SA1100-0<\/a><\/p>\n","protected":false},"featured_media":262159,"template":"","meta":{"_acf_changed":false,"site-sidebar-layout":"default","site-content-layout":"","ast-site-content-layout":"default","site-content-style":"default","site-sidebar-style":"default","ast-global-header-display":"","ast-banner-title-visibility":"","ast-main-header-display":"","ast-hfb-above-header-display":"","ast-hfb-below-header-display":"","ast-hfb-mobile-header-display":"","site-post-title":"","ast-breadcrumbs-content":"","ast-featured-img":"","footer-sml-layout":"","ast-disable-related-posts":"","theme-transparent-header-meta":"default","adv-header-id-meta":"","stick-header-meta":"","header-above-stick-meta":"","header-main-stick-meta":"","header-below-stick-meta":"","astra-migrate-meta-layouts":"set","ast-page-background-enabled":"default","ast-page-background-meta":{"desktop":{"background-color":"var(--ast-global-color-5)","background-image":"","background-repeat":"repeat","background-position":"center center","background-size":"auto","background-attachment":"scroll","background-type":"","background-media":"","overlay-type":"","overlay-color":"","overlay-opacity":"","overlay-gradient":""},"tablet":{"background-color":"","background-image":"","background-repeat":"repeat","background-position":"center center","background-size":"auto","background-attachment":"scroll","background-type":"","background-media":"","overlay-type":"","overlay-color":"","overlay-opacity":"","overlay-gradient":""},"mobile":{"background-color":"","background-image":"","background-repeat":"repeat","background-position":"center center","background-size":"auto","background-attachment":"scroll","background-type":"","background-media":"","overlay-type":"","overlay-color":"","overlay-opacity":"","overlay-gradient":""}},"ast-content-background-meta":{"desktop":{"background-color":"var(--ast-global-color-4)","background-image":"","background-repeat":"repeat","background-position":"center center","background-size":"auto","background-attachment":"scroll","background-type":"","background-media":"","overlay-type":"","overlay-color":"","overlay-opacity":"","overlay-gradient":""},"tablet":{"background-color":"var(--ast-global-color-4)","background-image":"","background-repeat":"repeat","background-position":"center center","background-size":"auto","background-attachment":"scroll","background-type":"","background-media":"","overlay-type":"","overlay-color":"","overlay-opacity":"","overlay-gradient":""},"mobile":{"background-color":"var(--ast-global-color-4)","background-image":"","background-repeat":"repeat","background-position":"center center","background-size":"auto","background-attachment":"scroll","background-type":"","background-media":"","overlay-type":"","overlay-color":"","overlay-opacity":"","overlay-gradient":""}}},"domaine":[],"normes":[3367,3379,3381,3402,6999,7000,17135,17679,17147,17140,17112,17115,7001,6434],"product_brand":[],"product_cat":[15],"product_tag":[],"class_list":{"0":"post-256032","1":"product","2":"type-product","3":"status-publish","4":"has-post-thumbnail","6":"normes-d6786","7":"normes-d7619","8":"normes-d7647","9":"normes-d975","10":"normes-def-stan-91-091","11":"normes-def-stan-91-86","12":"normes-din-51562","13":"normes-en-590-2025","14":"normes-ip-565","15":"normes-ip-630","16":"normes-iso-4406","17":"normes-iso-60970","18":"normes-nas-1638","19":"normes-sae-4059","20":"product_cat-cat-produit","21":"desktop-align-left","22":"tablet-align-left","23":"mobile-align-left","25":"first","26":"instock","27":"shipping-taxable","28":"product-type-simple"},"acf":[],"yoast_head":"<!-- This site is optimized with the Yoast SEO plugin v27.4 - https:\/\/yoast.com\/product\/yoast-seo-wordpress\/ -->\n<title>Compteur particulaire portable STANHOPE SETA - AvCount3 SA1100-0 | DeltaLabo<\/title>\n<meta name=\"robots\" content=\"noindex, follow, max-snippet:-1, max-image-preview:large, max-video-preview:-1\" \/>\n<meta property=\"og:locale\" content=\"fr_FR\" \/>\n<meta property=\"og:type\" content=\"article\" \/>\n<meta property=\"og:title\" content=\"Compteur particulaire portable STANHOPE SETA - AvCount3 SA1100-0 | DeltaLabo\" \/>\n<meta property=\"og:description\" content=\"Compteur particulaire portable STANHOPE SETA - AvCount3 SA1100-0 :   Le compteur particulaire portable STANHOPE SETA - AvCount3 SA1100-0 est conforme aux normes IP 565, IP 630, IP 646, ASTM D7619, ASTM D975, DEF STAN 91-86, DEF STAN 91-091, ASTM D7647, ISO 4406, ISO 60970, NAS 1638, SAE 4059.  Con\u00e7u pour l&#039;analyse de la contamination des carburants, des huiles et des fluides, l&#039;AvCount3 mesure la taille et la distribution des particules en utilisant l&#039;obscurcissement de la lumi\u00e8re, tel que d\u00e9fini dans la norme IP 646 (m\u00e9thanol maritime) : IP 646. La norme IP 565 fait partie des sp\u00e9cifications de la DEF STAN 91-091 relatives aux Jets A1. La norme ASTM D7619 fait partie des sp\u00e9cifications ASTM D975 relatives aux gazoles.  Caract\u00e9ristiques :   Automatique, compact et de haute pr\u00e9cision  Plage de mesure\u00a0: de 2 \u00b5m \u00e0 100 \u00b5m, couvrant la plage IP 646 de 4 \u00b5m(c) \u00e0 30 \u00b5m(c)  Tra\u00e7abilit\u00e9 de l&#039;\u00e9talonnage\u00a0  Convient aux carburants, biodiesel, fluides hydrauliques, m\u00e9thanol  T\u00e9l\u00e9charger la brochure produit : Compteur particulaire Stanhope Seta - AvCount3 SA1100-0  Visionner l&#039;utilisation du produit : Compteur particulaire Stanhope Seta - AvCount3 SA1100-0\" \/>\n<meta property=\"og:url\" content=\"https:\/\/webdesi-gn.fr\/dev_deltalabo\/produits\/astm-d7619\/compteur-particulaire-laser-portable-stanhope-seta-modele-avcount-conforme-ip-565\/\" \/>\n<meta property=\"og:site_name\" content=\"DeltaLabo\" \/>\n<meta property=\"article:modified_time\" content=\"2025-11-24T15:27:13+00:00\" \/>\n<meta property=\"og:image\" content=\"https:\/\/webdesi-gn.fr\/dev_deltalabo\/wp-content\/uploads\/2025\/11\/AVCount3.jpg\" \/>\n\t<meta property=\"og:image:width\" content=\"475\" \/>\n\t<meta property=\"og:image:height\" content=\"511\" \/>\n\t<meta property=\"og:image:type\" content=\"image\/jpeg\" \/>\n<meta name=\"twitter:card\" content=\"summary_large_image\" \/>\n<meta name=\"twitter:label1\" content=\"Dur\u00e9e de lecture estim\u00e9e\" \/>\n\t<meta name=\"twitter:data1\" content=\"1 minute\" \/>\n<script type=\"application\/ld+json\" class=\"yoast-schema-graph\">{\"@context\":\"https:\\\/\\\/schema.org\",\"@graph\":[{\"@type\":\"WebPage\",\"@id\":\"https:\\\/\\\/webdesi-gn.fr\\\/dev_deltalabo\\\/produits\\\/astm-d7619\\\/compteur-particulaire-laser-portable-stanhope-seta-modele-avcount-conforme-ip-565\\\/\",\"url\":\"https:\\\/\\\/webdesi-gn.fr\\\/dev_deltalabo\\\/produits\\\/astm-d7619\\\/compteur-particulaire-laser-portable-stanhope-seta-modele-avcount-conforme-ip-565\\\/\",\"name\":\"Compteur particulaire portable STANHOPE SETA - AvCount3 SA1100-0 | DeltaLabo\",\"isPartOf\":{\"@id\":\"https:\\\/\\\/webdesi-gn.fr\\\/dev_deltalabo\\\/#website\"},\"primaryImageOfPage\":{\"@id\":\"https:\\\/\\\/webdesi-gn.fr\\\/dev_deltalabo\\\/produits\\\/astm-d7619\\\/compteur-particulaire-laser-portable-stanhope-seta-modele-avcount-conforme-ip-565\\\/#primaryimage\"},\"image\":{\"@id\":\"https:\\\/\\\/webdesi-gn.fr\\\/dev_deltalabo\\\/produits\\\/astm-d7619\\\/compteur-particulaire-laser-portable-stanhope-seta-modele-avcount-conforme-ip-565\\\/#primaryimage\"},\"thumbnailUrl\":\"https:\\\/\\\/webdesi-gn.fr\\\/dev_deltalabo\\\/wp-content\\\/uploads\\\/2025\\\/11\\\/AVCount3.jpg\",\"datePublished\":\"2024-02-22T14:52:55+00:00\",\"dateModified\":\"2025-11-24T15:27:13+00:00\",\"breadcrumb\":{\"@id\":\"https:\\\/\\\/webdesi-gn.fr\\\/dev_deltalabo\\\/produits\\\/astm-d7619\\\/compteur-particulaire-laser-portable-stanhope-seta-modele-avcount-conforme-ip-565\\\/#breadcrumb\"},\"inLanguage\":\"fr-FR\",\"potentialAction\":[{\"@type\":\"ReadAction\",\"target\":[\"https:\\\/\\\/webdesi-gn.fr\\\/dev_deltalabo\\\/produits\\\/astm-d7619\\\/compteur-particulaire-laser-portable-stanhope-seta-modele-avcount-conforme-ip-565\\\/\"]}]},{\"@type\":\"ImageObject\",\"inLanguage\":\"fr-FR\",\"@id\":\"https:\\\/\\\/webdesi-gn.fr\\\/dev_deltalabo\\\/produits\\\/astm-d7619\\\/compteur-particulaire-laser-portable-stanhope-seta-modele-avcount-conforme-ip-565\\\/#primaryimage\",\"url\":\"https:\\\/\\\/webdesi-gn.fr\\\/dev_deltalabo\\\/wp-content\\\/uploads\\\/2025\\\/11\\\/AVCount3.jpg\",\"contentUrl\":\"https:\\\/\\\/webdesi-gn.fr\\\/dev_deltalabo\\\/wp-content\\\/uploads\\\/2025\\\/11\\\/AVCount3.jpg\",\"width\":475,\"height\":511},{\"@type\":\"BreadcrumbList\",\"@id\":\"https:\\\/\\\/webdesi-gn.fr\\\/dev_deltalabo\\\/produits\\\/astm-d7619\\\/compteur-particulaire-laser-portable-stanhope-seta-modele-avcount-conforme-ip-565\\\/#breadcrumb\",\"itemListElement\":[{\"@type\":\"ListItem\",\"position\":1,\"name\":\"Accueil\",\"item\":\"https:\\\/\\\/webdesi-gn.fr\\\/dev_deltalabo\\\/\"},{\"@type\":\"ListItem\",\"position\":2,\"name\":\"Produits\",\"item\":\"https:\\\/\\\/webdesi-gn.fr\\\/dev_deltalabo\\\/produits\\\/\"},{\"@type\":\"ListItem\",\"position\":3,\"name\":\"Compteur particulaire portable STANHOPE SETA &#8211; AvCount3 SA1100-0\"}]},{\"@type\":\"WebSite\",\"@id\":\"https:\\\/\\\/webdesi-gn.fr\\\/dev_deltalabo\\\/#website\",\"url\":\"https:\\\/\\\/webdesi-gn.fr\\\/dev_deltalabo\\\/\",\"name\":\"Delta Labo\",\"description\":\"Un site utilisant WordPress\",\"publisher\":{\"@id\":\"https:\\\/\\\/webdesi-gn.fr\\\/dev_deltalabo\\\/#organization\"},\"alternateName\":\"Delta Labo\",\"potentialAction\":[{\"@type\":\"SearchAction\",\"target\":{\"@type\":\"EntryPoint\",\"urlTemplate\":\"https:\\\/\\\/webdesi-gn.fr\\\/dev_deltalabo\\\/?s={search_term_string}\"},\"query-input\":{\"@type\":\"PropertyValueSpecification\",\"valueRequired\":true,\"valueName\":\"search_term_string\"}}],\"inLanguage\":\"fr-FR\"},{\"@type\":\"Organization\",\"@id\":\"https:\\\/\\\/webdesi-gn.fr\\\/dev_deltalabo\\\/#organization\",\"name\":\"DeltaLabo\",\"url\":\"https:\\\/\\\/webdesi-gn.fr\\\/dev_deltalabo\\\/\",\"logo\":{\"@type\":\"ImageObject\",\"inLanguage\":\"fr-FR\",\"@id\":\"https:\\\/\\\/webdesi-gn.fr\\\/dev_deltalabo\\\/#\\\/schema\\\/logo\\\/image\\\/\",\"url\":\"https:\\\/\\\/webdesi-gn.fr\\\/dev_deltalabo\\\/wp-content\\\/uploads\\\/2022\\\/07\\\/logo-deltalabo.png\",\"contentUrl\":\"https:\\\/\\\/webdesi-gn.fr\\\/dev_deltalabo\\\/wp-content\\\/uploads\\\/2022\\\/07\\\/logo-deltalabo.png\",\"width\":694,\"height\":306,\"caption\":\"DeltaLabo\"},\"image\":{\"@id\":\"https:\\\/\\\/webdesi-gn.fr\\\/dev_deltalabo\\\/#\\\/schema\\\/logo\\\/image\\\/\"}}]}<\/script>\n<!-- \/ Yoast SEO plugin. -->","yoast_head_json":{"title":"Compteur particulaire portable STANHOPE SETA - AvCount3 SA1100-0 | DeltaLabo","robots":{"index":"noindex","follow":"follow","max-snippet":"max-snippet:-1","max-image-preview":"max-image-preview:large","max-video-preview":"max-video-preview:-1"},"og_locale":"fr_FR","og_type":"article","og_title":"Compteur particulaire portable STANHOPE SETA - AvCount3 SA1100-0 | DeltaLabo","og_description":"Compteur particulaire portable STANHOPE SETA - AvCount3 SA1100-0 :   Le compteur particulaire portable STANHOPE SETA - AvCount3 SA1100-0 est conforme aux normes IP 565, IP 630, IP 646, ASTM D7619, ASTM D975, DEF STAN 91-86, DEF STAN 91-091, ASTM D7647, ISO 4406, ISO 60970, NAS 1638, SAE 4059.  Con\u00e7u pour l'analyse de la contamination des carburants, des huiles et des fluides, l'AvCount3 mesure la taille et la distribution des particules en utilisant l'obscurcissement de la lumi\u00e8re, tel que d\u00e9fini dans la norme IP 646 (m\u00e9thanol maritime) : IP 646. La norme IP 565 fait partie des sp\u00e9cifications de la DEF STAN 91-091 relatives aux Jets A1. La norme ASTM D7619 fait partie des sp\u00e9cifications ASTM D975 relatives aux gazoles.  Caract\u00e9ristiques :   Automatique, compact et de haute pr\u00e9cision  Plage de mesure\u00a0: de 2 \u00b5m \u00e0 100 \u00b5m, couvrant la plage IP 646 de 4 \u00b5m(c) \u00e0 30 \u00b5m(c)  Tra\u00e7abilit\u00e9 de l'\u00e9talonnage\u00a0  Convient aux carburants, biodiesel, fluides hydrauliques, m\u00e9thanol  T\u00e9l\u00e9charger la brochure produit : Compteur particulaire Stanhope Seta - AvCount3 SA1100-0  Visionner l'utilisation du produit : Compteur particulaire Stanhope Seta - AvCount3 SA1100-0","og_url":"https:\/\/webdesi-gn.fr\/dev_deltalabo\/produits\/astm-d7619\/compteur-particulaire-laser-portable-stanhope-seta-modele-avcount-conforme-ip-565\/","og_site_name":"DeltaLabo","article_modified_time":"2025-11-24T15:27:13+00:00","og_image":[{"width":475,"height":511,"url":"https:\/\/webdesi-gn.fr\/dev_deltalabo\/wp-content\/uploads\/2025\/11\/AVCount3.jpg","type":"image\/jpeg"}],"twitter_card":"summary_large_image","twitter_misc":{"Dur\u00e9e de lecture estim\u00e9e":"1 minute"},"schema":{"@context":"https:\/\/schema.org","@graph":[{"@type":"WebPage","@id":"https:\/\/webdesi-gn.fr\/dev_deltalabo\/produits\/astm-d7619\/compteur-particulaire-laser-portable-stanhope-seta-modele-avcount-conforme-ip-565\/","url":"https:\/\/webdesi-gn.fr\/dev_deltalabo\/produits\/astm-d7619\/compteur-particulaire-laser-portable-stanhope-seta-modele-avcount-conforme-ip-565\/","name":"Compteur particulaire portable STANHOPE SETA - AvCount3 SA1100-0 | DeltaLabo","isPartOf":{"@id":"https:\/\/webdesi-gn.fr\/dev_deltalabo\/#website"},"primaryImageOfPage":{"@id":"https:\/\/webdesi-gn.fr\/dev_deltalabo\/produits\/astm-d7619\/compteur-particulaire-laser-portable-stanhope-seta-modele-avcount-conforme-ip-565\/#primaryimage"},"image":{"@id":"https:\/\/webdesi-gn.fr\/dev_deltalabo\/produits\/astm-d7619\/compteur-particulaire-laser-portable-stanhope-seta-modele-avcount-conforme-ip-565\/#primaryimage"},"thumbnailUrl":"https:\/\/webdesi-gn.fr\/dev_deltalabo\/wp-content\/uploads\/2025\/11\/AVCount3.jpg","datePublished":"2024-02-22T14:52:55+00:00","dateModified":"2025-11-24T15:27:13+00:00","breadcrumb":{"@id":"https:\/\/webdesi-gn.fr\/dev_deltalabo\/produits\/astm-d7619\/compteur-particulaire-laser-portable-stanhope-seta-modele-avcount-conforme-ip-565\/#breadcrumb"},"inLanguage":"fr-FR","potentialAction":[{"@type":"ReadAction","target":["https:\/\/webdesi-gn.fr\/dev_deltalabo\/produits\/astm-d7619\/compteur-particulaire-laser-portable-stanhope-seta-modele-avcount-conforme-ip-565\/"]}]},{"@type":"ImageObject","inLanguage":"fr-FR","@id":"https:\/\/webdesi-gn.fr\/dev_deltalabo\/produits\/astm-d7619\/compteur-particulaire-laser-portable-stanhope-seta-modele-avcount-conforme-ip-565\/#primaryimage","url":"https:\/\/webdesi-gn.fr\/dev_deltalabo\/wp-content\/uploads\/2025\/11\/AVCount3.jpg","contentUrl":"https:\/\/webdesi-gn.fr\/dev_deltalabo\/wp-content\/uploads\/2025\/11\/AVCount3.jpg","width":475,"height":511},{"@type":"BreadcrumbList","@id":"https:\/\/webdesi-gn.fr\/dev_deltalabo\/produits\/astm-d7619\/compteur-particulaire-laser-portable-stanhope-seta-modele-avcount-conforme-ip-565\/#breadcrumb","itemListElement":[{"@type":"ListItem","position":1,"name":"Accueil","item":"https:\/\/webdesi-gn.fr\/dev_deltalabo\/"},{"@type":"ListItem","position":2,"name":"Produits","item":"https:\/\/webdesi-gn.fr\/dev_deltalabo\/produits\/"},{"@type":"ListItem","position":3,"name":"Compteur particulaire portable STANHOPE SETA &#8211; AvCount3 SA1100-0"}]},{"@type":"WebSite","@id":"https:\/\/webdesi-gn.fr\/dev_deltalabo\/#website","url":"https:\/\/webdesi-gn.fr\/dev_deltalabo\/","name":"Delta Labo","description":"Un site utilisant WordPress","publisher":{"@id":"https:\/\/webdesi-gn.fr\/dev_deltalabo\/#organization"},"alternateName":"Delta Labo","potentialAction":[{"@type":"SearchAction","target":{"@type":"EntryPoint","urlTemplate":"https:\/\/webdesi-gn.fr\/dev_deltalabo\/?s={search_term_string}"},"query-input":{"@type":"PropertyValueSpecification","valueRequired":true,"valueName":"search_term_string"}}],"inLanguage":"fr-FR"},{"@type":"Organization","@id":"https:\/\/webdesi-gn.fr\/dev_deltalabo\/#organization","name":"DeltaLabo","url":"https:\/\/webdesi-gn.fr\/dev_deltalabo\/","logo":{"@type":"ImageObject","inLanguage":"fr-FR","@id":"https:\/\/webdesi-gn.fr\/dev_deltalabo\/#\/schema\/logo\/image\/","url":"https:\/\/webdesi-gn.fr\/dev_deltalabo\/wp-content\/uploads\/2022\/07\/logo-deltalabo.png","contentUrl":"https:\/\/webdesi-gn.fr\/dev_deltalabo\/wp-content\/uploads\/2022\/07\/logo-deltalabo.png","width":694,"height":306,"caption":"DeltaLabo"},"image":{"@id":"https:\/\/webdesi-gn.fr\/dev_deltalabo\/#\/schema\/logo\/image\/"}}]}},"_links":{"self":[{"href":"https:\/\/webdesi-gn.fr\/dev_deltalabo\/wp-json\/wp\/v2\/product\/256032","targetHints":{"allow":["GET"]}}],"collection":[{"href":"https:\/\/webdesi-gn.fr\/dev_deltalabo\/wp-json\/wp\/v2\/product"}],"about":[{"href":"https:\/\/webdesi-gn.fr\/dev_deltalabo\/wp-json\/wp\/v2\/types\/product"}],"wp:featuredmedia":[{"embeddable":true,"href":"https:\/\/webdesi-gn.fr\/dev_deltalabo\/wp-json\/wp\/v2\/media\/262159"}],"wp:attachment":[{"href":"https:\/\/webdesi-gn.fr\/dev_deltalabo\/wp-json\/wp\/v2\/media?parent=256032"}],"wp:term":[{"taxonomy":"domaine","embeddable":true,"href":"https:\/\/webdesi-gn.fr\/dev_deltalabo\/wp-json\/wp\/v2\/domaine?post=256032"},{"taxonomy":"normes","embeddable":true,"href":"https:\/\/webdesi-gn.fr\/dev_deltalabo\/wp-json\/wp\/v2\/normes?post=256032"},{"taxonomy":"product_brand","embeddable":true,"href":"https:\/\/webdesi-gn.fr\/dev_deltalabo\/wp-json\/wp\/v2\/product_brand?post=256032"},{"taxonomy":"product_cat","embeddable":true,"href":"https:\/\/webdesi-gn.fr\/dev_deltalabo\/wp-json\/wp\/v2\/product_cat?post=256032"},{"taxonomy":"product_tag","embeddable":true,"href":"https:\/\/webdesi-gn.fr\/dev_deltalabo\/wp-json\/wp\/v2\/product_tag?post=256032"}],"curies":[{"name":"wp","href":"https:\/\/api.w.org\/{rel}","templated":true}]}}