{"id":256039,"date":"2024-02-22T16:02:49","date_gmt":"2024-02-22T15:02:49","guid":{"rendered":"https:\/\/webdesi-gn.fr\/dev_deltalabo\/?post_type=product&#038;p=256039"},"modified":"2025-11-24T13:48:28","modified_gmt":"2025-11-24T12:48:28","slug":"test-de-determination-des-gommes-existantes-dans-les-carburants","status":"publish","type":"product","link":"https:\/\/webdesi-gn.fr\/dev_deltalabo\/produits\/cat-produit\/test-de-determination-des-gommes-existantes-dans-les-carburants\/","title":{"rendered":"Test de d\u00e9termination des gommes existantes dans les carburants STANHOPE SETA"},"content":{"rendered":"","protected":false},"excerpt":{"rendered":"<p><strong>Test de d\u00e9termination des gommes existantes dans les carburants STANHOPE SETA :<\/strong><\/p>\n<p>Le bain \u00e0 sec Stanhope Seta 5 positions permet la d\u00e9termination de la teneur en gommes existantes (gommes pr\u00e9sentes) dans les carburants d&rsquo;aviation ainsi que les carburants pour automobiles et les distillats. Il est conforme aux normes ASTM D381, IP 131, IP 540, ISO 6246 et DIN 51784.<\/p>\n<p>Le bain est \u00e9quip\u00e9 d&rsquo;adaptateurs coniques amovibles pour jets d&rsquo;air avec tamis en cuivre, ainsi que d&rsquo;une vanne de r\u00e9gulation du d\u00e9bit d&rsquo;air et d&rsquo;un manom\u00e8tre. Il comprend \u00e9galement cinq puits d&rsquo;essai et un puits pour thermom\u00e8tre. Les sorties peuvent \u00eatre v\u00e9rifi\u00e9es individuellement afin de garantir un d\u00e9bit d&rsquo;air uniforme. La plage de r\u00e9gulation en temp\u00e9rature varie de 140\u00b0C \u00e0 260\u00b0C.<\/p>\n<p>Deux mod\u00e8les existent :<br \/>\n12200-3: Existent Gum Solid Block Bath &#8211; Air et vapeur<br \/>\n12210-0: Existent Gum Solid Block Bath &#8211; Air<\/p>\n<p><strong>T\u00e9l\u00e9charger la brochure produit :<\/strong> <a href=\"https:\/\/www.deltalabo.fr\/wp-content\/uploads\/2025\/04\/Doc-Test-de-determination-des-gommes-eng-DL.pdf\">Test de d\u00e9termination des gommes existantes dans les carburants STANHOPE SETA<\/a><\/p>\n","protected":false},"featured_media":262157,"template":"","meta":{"_acf_changed":false,"site-sidebar-layout":"default","site-content-layout":"","ast-site-content-layout":"default","site-content-style":"default","site-sidebar-style":"default","ast-global-header-display":"","ast-banner-title-visibility":"","ast-main-header-display":"","ast-hfb-above-header-display":"","ast-hfb-below-header-display":"","ast-hfb-mobile-header-display":"","site-post-title":"","ast-breadcrumbs-content":"","ast-featured-img":"","footer-sml-layout":"","ast-disable-related-posts":"","theme-transparent-header-meta":"","adv-header-id-meta":"","stick-header-meta":"","header-above-stick-meta":"","header-main-stick-meta":"","header-below-stick-meta":"","astra-migrate-meta-layouts":"default","ast-page-background-enabled":"default","ast-page-background-meta":{"desktop":{"background-color":"var(--ast-global-color-5)","background-image":"","background-repeat":"repeat","background-position":"center center","background-size":"auto","background-attachment":"scroll","background-type":"","background-media":"","overlay-type":"","overlay-color":"","overlay-opacity":"","overlay-gradient":""},"tablet":{"background-color":"","background-image":"","background-repeat":"repeat","background-position":"center center","background-size":"auto","background-attachment":"scroll","background-type":"","background-media":"","overlay-type":"","overlay-color":"","overlay-opacity":"","overlay-gradient":""},"mobile":{"background-color":"","background-image":"","background-repeat":"repeat","background-position":"center center","background-size":"auto","background-attachment":"scroll","background-type":"","background-media":"","overlay-type":"","overlay-color":"","overlay-opacity":"","overlay-gradient":""}},"ast-content-background-meta":{"desktop":{"background-color":"var(--ast-global-color-4)","background-image":"","background-repeat":"repeat","background-position":"center center","background-size":"auto","background-attachment":"scroll","background-type":"","background-media":"","overlay-type":"","overlay-color":"","overlay-opacity":"","overlay-gradient":""},"tablet":{"background-color":"var(--ast-global-color-4)","background-image":"","background-repeat":"repeat","background-position":"center center","background-size":"auto","background-attachment":"scroll","background-type":"","background-media":"","overlay-type":"","overlay-color":"","overlay-opacity":"","overlay-gradient":""},"mobile":{"background-color":"var(--ast-global-color-4)","background-image":"","background-repeat":"repeat","background-position":"center center","background-size":"auto","background-attachment":"scroll","background-type":"","background-media":"","overlay-type":"","overlay-color":"","overlay-opacity":"","overlay-gradient":""}}},"domaine":[],"normes":[3329,17135,17132,17178,17148,17116,493],"product_brand":[],"product_cat":[15],"product_tag":[],"class_list":{"0":"post-256039","1":"product","2":"type-product","3":"status-publish","4":"has-post-thumbnail","6":"normes-d381","7":"normes-din-51562","8":"normes-din-51784","9":"normes-ip-131","10":"normes-ip-540","11":"normes-iso-6246","12":"normes-m07-004","13":"product_cat-cat-produit","14":"desktop-align-left","15":"tablet-align-left","16":"mobile-align-left","18":"first","19":"instock","20":"shipping-taxable","21":"purchasable","22":"product-type-simple"},"acf":[],"yoast_head":"<!-- This site is optimized with the Yoast SEO plugin v27.4 - https:\/\/yoast.com\/product\/yoast-seo-wordpress\/ -->\n<title>Test de d\u00e9termination des gommes existantes dans les carburants STANHOPE SETA | DeltaLabo<\/title>\n<meta name=\"robots\" content=\"noindex, follow, max-snippet:-1, max-image-preview:large, max-video-preview:-1\" \/>\n<meta property=\"og:locale\" content=\"fr_FR\" \/>\n<meta property=\"og:type\" content=\"article\" \/>\n<meta property=\"og:title\" content=\"Test de d\u00e9termination des gommes existantes dans les carburants STANHOPE SETA | DeltaLabo\" \/>\n<meta property=\"og:description\" content=\"Test de d\u00e9termination des gommes existantes dans les carburants STANHOPE SETA :  Le bain \u00e0 sec Stanhope Seta 5 positions permet la d\u00e9termination de la teneur en gommes existantes (gommes pr\u00e9sentes) dans les carburants d&#039;aviation ainsi que les carburants pour automobiles et les distillats. Il est conforme aux normes ASTM D381, IP 131, IP 540, ISO 6246 et DIN 51784.  Le bain est \u00e9quip\u00e9 d&#039;adaptateurs coniques amovibles pour jets d&#039;air avec tamis en cuivre, ainsi que d&#039;une vanne de r\u00e9gulation du d\u00e9bit d&#039;air et d&#039;un manom\u00e8tre. Il comprend \u00e9galement cinq puits d&#039;essai et un puits pour thermom\u00e8tre. Les sorties peuvent \u00eatre v\u00e9rifi\u00e9es individuellement afin de garantir un d\u00e9bit d&#039;air uniforme. La plage de r\u00e9gulation en temp\u00e9rature varie de 140\u00b0C \u00e0 260\u00b0C.  Deux mod\u00e8les existent : 12200-3: Existent Gum Solid Block Bath - Air et vapeur 12210-0: Existent Gum Solid Block Bath - Air  T\u00e9l\u00e9charger la brochure produit : Test de d\u00e9termination des gommes existantes dans les carburants STANHOPE SETA\" \/>\n<meta property=\"og:url\" content=\"https:\/\/webdesi-gn.fr\/dev_deltalabo\/produits\/cat-produit\/test-de-determination-des-gommes-existantes-dans-les-carburants\/\" \/>\n<meta property=\"og:site_name\" content=\"DeltaLabo\" \/>\n<meta property=\"article:modified_time\" content=\"2025-11-24T12:48:28+00:00\" \/>\n<meta property=\"og:image\" content=\"https:\/\/webdesi-gn.fr\/dev_deltalabo\/wp-content\/uploads\/2024\/02\/DELTA-LABO-Test-de-determination-des-gommes-Stanhope-12210-0.webp\" \/>\n\t<meta property=\"og:image:width\" content=\"800\" \/>\n\t<meta property=\"og:image:height\" content=\"800\" \/>\n\t<meta property=\"og:image:type\" content=\"image\/webp\" \/>\n<meta name=\"twitter:card\" content=\"summary_large_image\" \/>\n<meta name=\"twitter:label1\" content=\"Dur\u00e9e de lecture estim\u00e9e\" \/>\n\t<meta name=\"twitter:data1\" content=\"1 minute\" \/>\n<script type=\"application\/ld+json\" class=\"yoast-schema-graph\">{\"@context\":\"https:\\\/\\\/schema.org\",\"@graph\":[{\"@type\":\"WebPage\",\"@id\":\"https:\\\/\\\/webdesi-gn.fr\\\/dev_deltalabo\\\/produits\\\/cat-produit\\\/test-de-determination-des-gommes-existantes-dans-les-carburants\\\/\",\"url\":\"https:\\\/\\\/webdesi-gn.fr\\\/dev_deltalabo\\\/produits\\\/cat-produit\\\/test-de-determination-des-gommes-existantes-dans-les-carburants\\\/\",\"name\":\"Test de d\u00e9termination des gommes existantes dans les carburants STANHOPE SETA | DeltaLabo\",\"isPartOf\":{\"@id\":\"https:\\\/\\\/webdesi-gn.fr\\\/dev_deltalabo\\\/#website\"},\"primaryImageOfPage\":{\"@id\":\"https:\\\/\\\/webdesi-gn.fr\\\/dev_deltalabo\\\/produits\\\/cat-produit\\\/test-de-determination-des-gommes-existantes-dans-les-carburants\\\/#primaryimage\"},\"image\":{\"@id\":\"https:\\\/\\\/webdesi-gn.fr\\\/dev_deltalabo\\\/produits\\\/cat-produit\\\/test-de-determination-des-gommes-existantes-dans-les-carburants\\\/#primaryimage\"},\"thumbnailUrl\":\"https:\\\/\\\/webdesi-gn.fr\\\/dev_deltalabo\\\/wp-content\\\/uploads\\\/2025\\\/11\\\/DELTA-LABO-Test-de-determination-des-gommes-Stanhope-12210-0.webp\",\"datePublished\":\"2024-02-22T15:02:49+00:00\",\"dateModified\":\"2025-11-24T12:48:28+00:00\",\"breadcrumb\":{\"@id\":\"https:\\\/\\\/webdesi-gn.fr\\\/dev_deltalabo\\\/produits\\\/cat-produit\\\/test-de-determination-des-gommes-existantes-dans-les-carburants\\\/#breadcrumb\"},\"inLanguage\":\"fr-FR\",\"potentialAction\":[{\"@type\":\"ReadAction\",\"target\":[\"https:\\\/\\\/webdesi-gn.fr\\\/dev_deltalabo\\\/produits\\\/cat-produit\\\/test-de-determination-des-gommes-existantes-dans-les-carburants\\\/\"]}]},{\"@type\":\"ImageObject\",\"inLanguage\":\"fr-FR\",\"@id\":\"https:\\\/\\\/webdesi-gn.fr\\\/dev_deltalabo\\\/produits\\\/cat-produit\\\/test-de-determination-des-gommes-existantes-dans-les-carburants\\\/#primaryimage\",\"url\":\"https:\\\/\\\/webdesi-gn.fr\\\/dev_deltalabo\\\/wp-content\\\/uploads\\\/2025\\\/11\\\/DELTA-LABO-Test-de-determination-des-gommes-Stanhope-12210-0.webp\",\"contentUrl\":\"https:\\\/\\\/webdesi-gn.fr\\\/dev_deltalabo\\\/wp-content\\\/uploads\\\/2025\\\/11\\\/DELTA-LABO-Test-de-determination-des-gommes-Stanhope-12210-0.webp\",\"width\":800,\"height\":800},{\"@type\":\"BreadcrumbList\",\"@id\":\"https:\\\/\\\/webdesi-gn.fr\\\/dev_deltalabo\\\/produits\\\/cat-produit\\\/test-de-determination-des-gommes-existantes-dans-les-carburants\\\/#breadcrumb\",\"itemListElement\":[{\"@type\":\"ListItem\",\"position\":1,\"name\":\"Accueil\",\"item\":\"https:\\\/\\\/webdesi-gn.fr\\\/dev_deltalabo\\\/\"},{\"@type\":\"ListItem\",\"position\":2,\"name\":\"Produits\",\"item\":\"https:\\\/\\\/webdesi-gn.fr\\\/dev_deltalabo\\\/produits\\\/\"},{\"@type\":\"ListItem\",\"position\":3,\"name\":\"Test de d\u00e9termination des gommes existantes dans les carburants STANHOPE SETA\"}]},{\"@type\":\"WebSite\",\"@id\":\"https:\\\/\\\/webdesi-gn.fr\\\/dev_deltalabo\\\/#website\",\"url\":\"https:\\\/\\\/webdesi-gn.fr\\\/dev_deltalabo\\\/\",\"name\":\"Delta Labo\",\"description\":\"Un site utilisant WordPress\",\"publisher\":{\"@id\":\"https:\\\/\\\/webdesi-gn.fr\\\/dev_deltalabo\\\/#organization\"},\"alternateName\":\"Delta Labo\",\"potentialAction\":[{\"@type\":\"SearchAction\",\"target\":{\"@type\":\"EntryPoint\",\"urlTemplate\":\"https:\\\/\\\/webdesi-gn.fr\\\/dev_deltalabo\\\/?s={search_term_string}\"},\"query-input\":{\"@type\":\"PropertyValueSpecification\",\"valueRequired\":true,\"valueName\":\"search_term_string\"}}],\"inLanguage\":\"fr-FR\"},{\"@type\":\"Organization\",\"@id\":\"https:\\\/\\\/webdesi-gn.fr\\\/dev_deltalabo\\\/#organization\",\"name\":\"DeltaLabo\",\"url\":\"https:\\\/\\\/webdesi-gn.fr\\\/dev_deltalabo\\\/\",\"logo\":{\"@type\":\"ImageObject\",\"inLanguage\":\"fr-FR\",\"@id\":\"https:\\\/\\\/webdesi-gn.fr\\\/dev_deltalabo\\\/#\\\/schema\\\/logo\\\/image\\\/\",\"url\":\"https:\\\/\\\/webdesi-gn.fr\\\/dev_deltalabo\\\/wp-content\\\/uploads\\\/2022\\\/07\\\/logo-deltalabo.png\",\"contentUrl\":\"https:\\\/\\\/webdesi-gn.fr\\\/dev_deltalabo\\\/wp-content\\\/uploads\\\/2022\\\/07\\\/logo-deltalabo.png\",\"width\":694,\"height\":306,\"caption\":\"DeltaLabo\"},\"image\":{\"@id\":\"https:\\\/\\\/webdesi-gn.fr\\\/dev_deltalabo\\\/#\\\/schema\\\/logo\\\/image\\\/\"}}]}<\/script>\n<!-- \/ Yoast SEO plugin. -->","yoast_head_json":{"title":"Test de d\u00e9termination des gommes existantes dans les carburants STANHOPE SETA | DeltaLabo","robots":{"index":"noindex","follow":"follow","max-snippet":"max-snippet:-1","max-image-preview":"max-image-preview:large","max-video-preview":"max-video-preview:-1"},"og_locale":"fr_FR","og_type":"article","og_title":"Test de d\u00e9termination des gommes existantes dans les carburants STANHOPE SETA | DeltaLabo","og_description":"Test de d\u00e9termination des gommes existantes dans les carburants STANHOPE SETA :  Le bain \u00e0 sec Stanhope Seta 5 positions permet la d\u00e9termination de la teneur en gommes existantes (gommes pr\u00e9sentes) dans les carburants d'aviation ainsi que les carburants pour automobiles et les distillats. Il est conforme aux normes ASTM D381, IP 131, IP 540, ISO 6246 et DIN 51784.  Le bain est \u00e9quip\u00e9 d'adaptateurs coniques amovibles pour jets d'air avec tamis en cuivre, ainsi que d'une vanne de r\u00e9gulation du d\u00e9bit d'air et d'un manom\u00e8tre. Il comprend \u00e9galement cinq puits d'essai et un puits pour thermom\u00e8tre. Les sorties peuvent \u00eatre v\u00e9rifi\u00e9es individuellement afin de garantir un d\u00e9bit d'air uniforme. La plage de r\u00e9gulation en temp\u00e9rature varie de 140\u00b0C \u00e0 260\u00b0C.  Deux mod\u00e8les existent : 12200-3: Existent Gum Solid Block Bath - Air et vapeur 12210-0: Existent Gum Solid Block Bath - Air  T\u00e9l\u00e9charger la brochure produit : Test de d\u00e9termination des gommes existantes dans les carburants STANHOPE SETA","og_url":"https:\/\/webdesi-gn.fr\/dev_deltalabo\/produits\/cat-produit\/test-de-determination-des-gommes-existantes-dans-les-carburants\/","og_site_name":"DeltaLabo","article_modified_time":"2025-11-24T12:48:28+00:00","og_image":[{"width":800,"height":800,"url":"https:\/\/webdesi-gn.fr\/dev_deltalabo\/wp-content\/uploads\/2024\/02\/DELTA-LABO-Test-de-determination-des-gommes-Stanhope-12210-0.webp","type":"image\/webp"}],"twitter_card":"summary_large_image","twitter_misc":{"Dur\u00e9e de lecture estim\u00e9e":"1 minute"},"schema":{"@context":"https:\/\/schema.org","@graph":[{"@type":"WebPage","@id":"https:\/\/webdesi-gn.fr\/dev_deltalabo\/produits\/cat-produit\/test-de-determination-des-gommes-existantes-dans-les-carburants\/","url":"https:\/\/webdesi-gn.fr\/dev_deltalabo\/produits\/cat-produit\/test-de-determination-des-gommes-existantes-dans-les-carburants\/","name":"Test de d\u00e9termination des gommes existantes dans les carburants STANHOPE SETA | DeltaLabo","isPartOf":{"@id":"https:\/\/webdesi-gn.fr\/dev_deltalabo\/#website"},"primaryImageOfPage":{"@id":"https:\/\/webdesi-gn.fr\/dev_deltalabo\/produits\/cat-produit\/test-de-determination-des-gommes-existantes-dans-les-carburants\/#primaryimage"},"image":{"@id":"https:\/\/webdesi-gn.fr\/dev_deltalabo\/produits\/cat-produit\/test-de-determination-des-gommes-existantes-dans-les-carburants\/#primaryimage"},"thumbnailUrl":"https:\/\/webdesi-gn.fr\/dev_deltalabo\/wp-content\/uploads\/2025\/11\/DELTA-LABO-Test-de-determination-des-gommes-Stanhope-12210-0.webp","datePublished":"2024-02-22T15:02:49+00:00","dateModified":"2025-11-24T12:48:28+00:00","breadcrumb":{"@id":"https:\/\/webdesi-gn.fr\/dev_deltalabo\/produits\/cat-produit\/test-de-determination-des-gommes-existantes-dans-les-carburants\/#breadcrumb"},"inLanguage":"fr-FR","potentialAction":[{"@type":"ReadAction","target":["https:\/\/webdesi-gn.fr\/dev_deltalabo\/produits\/cat-produit\/test-de-determination-des-gommes-existantes-dans-les-carburants\/"]}]},{"@type":"ImageObject","inLanguage":"fr-FR","@id":"https:\/\/webdesi-gn.fr\/dev_deltalabo\/produits\/cat-produit\/test-de-determination-des-gommes-existantes-dans-les-carburants\/#primaryimage","url":"https:\/\/webdesi-gn.fr\/dev_deltalabo\/wp-content\/uploads\/2025\/11\/DELTA-LABO-Test-de-determination-des-gommes-Stanhope-12210-0.webp","contentUrl":"https:\/\/webdesi-gn.fr\/dev_deltalabo\/wp-content\/uploads\/2025\/11\/DELTA-LABO-Test-de-determination-des-gommes-Stanhope-12210-0.webp","width":800,"height":800},{"@type":"BreadcrumbList","@id":"https:\/\/webdesi-gn.fr\/dev_deltalabo\/produits\/cat-produit\/test-de-determination-des-gommes-existantes-dans-les-carburants\/#breadcrumb","itemListElement":[{"@type":"ListItem","position":1,"name":"Accueil","item":"https:\/\/webdesi-gn.fr\/dev_deltalabo\/"},{"@type":"ListItem","position":2,"name":"Produits","item":"https:\/\/webdesi-gn.fr\/dev_deltalabo\/produits\/"},{"@type":"ListItem","position":3,"name":"Test de d\u00e9termination des gommes existantes dans les carburants STANHOPE SETA"}]},{"@type":"WebSite","@id":"https:\/\/webdesi-gn.fr\/dev_deltalabo\/#website","url":"https:\/\/webdesi-gn.fr\/dev_deltalabo\/","name":"Delta Labo","description":"Un site utilisant WordPress","publisher":{"@id":"https:\/\/webdesi-gn.fr\/dev_deltalabo\/#organization"},"alternateName":"Delta Labo","potentialAction":[{"@type":"SearchAction","target":{"@type":"EntryPoint","urlTemplate":"https:\/\/webdesi-gn.fr\/dev_deltalabo\/?s={search_term_string}"},"query-input":{"@type":"PropertyValueSpecification","valueRequired":true,"valueName":"search_term_string"}}],"inLanguage":"fr-FR"},{"@type":"Organization","@id":"https:\/\/webdesi-gn.fr\/dev_deltalabo\/#organization","name":"DeltaLabo","url":"https:\/\/webdesi-gn.fr\/dev_deltalabo\/","logo":{"@type":"ImageObject","inLanguage":"fr-FR","@id":"https:\/\/webdesi-gn.fr\/dev_deltalabo\/#\/schema\/logo\/image\/","url":"https:\/\/webdesi-gn.fr\/dev_deltalabo\/wp-content\/uploads\/2022\/07\/logo-deltalabo.png","contentUrl":"https:\/\/webdesi-gn.fr\/dev_deltalabo\/wp-content\/uploads\/2022\/07\/logo-deltalabo.png","width":694,"height":306,"caption":"DeltaLabo"},"image":{"@id":"https:\/\/webdesi-gn.fr\/dev_deltalabo\/#\/schema\/logo\/image\/"}}]}},"_links":{"self":[{"href":"https:\/\/webdesi-gn.fr\/dev_deltalabo\/wp-json\/wp\/v2\/product\/256039","targetHints":{"allow":["GET"]}}],"collection":[{"href":"https:\/\/webdesi-gn.fr\/dev_deltalabo\/wp-json\/wp\/v2\/product"}],"about":[{"href":"https:\/\/webdesi-gn.fr\/dev_deltalabo\/wp-json\/wp\/v2\/types\/product"}],"wp:featuredmedia":[{"embeddable":true,"href":"https:\/\/webdesi-gn.fr\/dev_deltalabo\/wp-json\/wp\/v2\/media\/262157"}],"wp:attachment":[{"href":"https:\/\/webdesi-gn.fr\/dev_deltalabo\/wp-json\/wp\/v2\/media?parent=256039"}],"wp:term":[{"taxonomy":"domaine","embeddable":true,"href":"https:\/\/webdesi-gn.fr\/dev_deltalabo\/wp-json\/wp\/v2\/domaine?post=256039"},{"taxonomy":"normes","embeddable":true,"href":"https:\/\/webdesi-gn.fr\/dev_deltalabo\/wp-json\/wp\/v2\/normes?post=256039"},{"taxonomy":"product_brand","embeddable":true,"href":"https:\/\/webdesi-gn.fr\/dev_deltalabo\/wp-json\/wp\/v2\/product_brand?post=256039"},{"taxonomy":"product_cat","embeddable":true,"href":"https:\/\/webdesi-gn.fr\/dev_deltalabo\/wp-json\/wp\/v2\/product_cat?post=256039"},{"taxonomy":"product_tag","embeddable":true,"href":"https:\/\/webdesi-gn.fr\/dev_deltalabo\/wp-json\/wp\/v2\/product_tag?post=256039"}],"curies":[{"name":"wp","href":"https:\/\/api.w.org\/{rel}","templated":true}]}}