{"id":256058,"date":"2024-02-22T16:38:36","date_gmt":"2024-02-22T15:38:36","guid":{"rendered":"https:\/\/webdesi-gn.fr\/dev_deltalabo\/?post_type=product&#038;p=256058"},"modified":"2025-11-24T13:48:12","modified_gmt":"2025-11-24T12:48:12","slug":"point-decoulement-et-de-trouble-compact-scavini-capp-404","status":"publish","type":"product","link":"https:\/\/webdesi-gn.fr\/dev_deltalabo\/produits\/cat-produit\/point-decoulement-et-de-trouble-compact-scavini-capp-404\/","title":{"rendered":"Point d&rsquo;\u00e9coulement et de trouble compact SCAVINI CAPP &#8211; ASTM D97 &#8211; IP 15 &#8211; ISO 3015"},"content":{"rendered":"","protected":false},"excerpt":{"rendered":"<p><strong>Point d&rsquo;\u00e9coulement et de trouble manuel compact Scavini CAPP &#8211; ASTM D97 &#8211; IP 15 &#8211; ISO 3015 : <\/strong><\/p>\n<p>Les instruments Scavini CAPP permettent la d\u00e9termination manuelle du point d&rsquo;\u00e9coulement et du point de trouble des produits p\u00e9troliers selon les normes ASTM D97; ASTM D2500; ASTM D5771; ASTM D5772; ASTM D5773; ASTM D5853; ASTM D5950; IP 15; IP 219; IP 441; IP 444; IP 446; ISO 3015; ISO 3016.<\/p>\n<p>Les nouveaux appareils point d&rsquo;\u00e9coulement, point de trouble manuels Scavini CAPP sont \u00e9quip\u00e9s de compresseurs de type Stirling permettant des constructions extr\u00eamement compactes et des performances de refroidissement uniques. Ils sont directement utilisables sur paillasse !<\/p>\n<p>Dix mod\u00e8les sont disponibles suivant le nombre de puits de mesure et jusqu&rsquo;\u00e0 -75\u00b0C !<\/p>\n<p><strong>T\u00e9l\u00e9charger la brochure produit :<\/strong> <a href=\"https:\/\/www.deltalabo.fr\/wp-content\/uploads\/2025\/03\/Doc-Point-decoulement-et-de-trouble-compact-Scavini-eng-DL.pdf\">Scavini CAPP<\/a><\/p>\n","protected":false},"featured_media":262153,"template":"","meta":{"_acf_changed":false,"site-sidebar-layout":"default","site-content-layout":"","ast-site-content-layout":"default","site-content-style":"default","site-sidebar-style":"default","ast-global-header-display":"","ast-banner-title-visibility":"","ast-main-header-display":"","ast-hfb-above-header-display":"","ast-hfb-below-header-display":"","ast-hfb-mobile-header-display":"","site-post-title":"","ast-breadcrumbs-content":"","ast-featured-img":"","footer-sml-layout":"","ast-disable-related-posts":"","theme-transparent-header-meta":"","adv-header-id-meta":"","stick-header-meta":"","header-above-stick-meta":"","header-main-stick-meta":"","header-below-stick-meta":"","astra-migrate-meta-layouts":"default","ast-page-background-enabled":"default","ast-page-background-meta":{"desktop":{"background-color":"var(--ast-global-color-5)","background-image":"","background-repeat":"repeat","background-position":"center center","background-size":"auto","background-attachment":"scroll","background-type":"","background-media":"","overlay-type":"","overlay-color":"","overlay-opacity":"","overlay-gradient":""},"tablet":{"background-color":"","background-image":"","background-repeat":"repeat","background-position":"center center","background-size":"auto","background-attachment":"scroll","background-type":"","background-media":"","overlay-type":"","overlay-color":"","overlay-opacity":"","overlay-gradient":""},"mobile":{"background-color":"","background-image":"","background-repeat":"repeat","background-position":"center center","background-size":"auto","background-attachment":"scroll","background-type":"","background-media":"","overlay-type":"","overlay-color":"","overlay-opacity":"","overlay-gradient":""}},"ast-content-background-meta":{"desktop":{"background-color":"var(--ast-global-color-4)","background-image":"","background-repeat":"repeat","background-position":"center center","background-size":"auto","background-attachment":"scroll","background-type":"","background-media":"","overlay-type":"","overlay-color":"","overlay-opacity":"","overlay-gradient":""},"tablet":{"background-color":"var(--ast-global-color-4)","background-image":"","background-repeat":"repeat","background-position":"center center","background-size":"auto","background-attachment":"scroll","background-type":"","background-media":"","overlay-type":"","overlay-color":"","overlay-opacity":"","overlay-gradient":""},"mobile":{"background-color":"var(--ast-global-color-4)","background-image":"","background-repeat":"repeat","background-position":"center center","background-size":"auto","background-attachment":"scroll","background-type":"","background-media":"","overlay-type":"","overlay-color":"","overlay-opacity":"","overlay-gradient":""}}},"domaine":[],"normes":[3317,3348,3349,3350,3353,3354,3400,17135,17175,17170,17157,17156,17155,17106,17107],"product_brand":[],"product_cat":[15],"product_tag":[],"class_list":{"0":"post-256058","1":"product","2":"type-product","3":"status-publish","4":"has-post-thumbnail","6":"normes-d2500","7":"normes-d5771","8":"normes-d5772","9":"normes-d5773","10":"normes-d5853","11":"normes-d5950","12":"normes-d97","13":"normes-din-51562","14":"normes-ip-15","15":"normes-ip-219","16":"normes-ip-441","17":"normes-ip-444","18":"normes-ip-446","19":"normes-iso-3015","20":"normes-iso-3016","21":"product_cat-cat-produit","22":"desktop-align-left","23":"tablet-align-left","24":"mobile-align-left","26":"first","27":"instock","28":"shipping-taxable","29":"purchasable","30":"product-type-simple"},"acf":[],"yoast_head":"<!-- This site is optimized with the Yoast SEO plugin v27.4 - https:\/\/yoast.com\/product\/yoast-seo-wordpress\/ -->\n<title>Point d&#039;\u00e9coulement et de trouble compact SCAVINI CAPP - ASTM D97 - IP 15 - ISO 3015 | DeltaLabo<\/title>\n<meta name=\"robots\" content=\"noindex, follow, max-snippet:-1, max-image-preview:large, max-video-preview:-1\" \/>\n<meta property=\"og:locale\" content=\"fr_FR\" \/>\n<meta property=\"og:type\" content=\"article\" \/>\n<meta property=\"og:title\" content=\"Point d&#039;\u00e9coulement et de trouble compact SCAVINI CAPP - ASTM D97 - IP 15 - ISO 3015 | DeltaLabo\" \/>\n<meta property=\"og:description\" content=\"Point d&#039;\u00e9coulement et de trouble manuel compact Scavini CAPP - ASTM D97 - IP 15 - ISO 3015 :   Les instruments Scavini CAPP permettent la d\u00e9termination manuelle du point d&#039;\u00e9coulement et du point de trouble des produits p\u00e9troliers selon les normes ASTM D97; ASTM D2500; ASTM D5771; ASTM D5772; ASTM D5773; ASTM D5853; ASTM D5950; IP 15; IP 219; IP 441; IP 444; IP 446; ISO 3015; ISO 3016.  Les nouveaux appareils point d&#039;\u00e9coulement, point de trouble manuels Scavini CAPP sont \u00e9quip\u00e9s de compresseurs de type Stirling permettant des constructions extr\u00eamement compactes et des performances de refroidissement uniques. Ils sont directement utilisables sur paillasse !  Dix mod\u00e8les sont disponibles suivant le nombre de puits de mesure et jusqu&#039;\u00e0 -75\u00b0C !  T\u00e9l\u00e9charger la brochure produit : Scavini CAPP\" \/>\n<meta property=\"og:url\" content=\"https:\/\/webdesi-gn.fr\/dev_deltalabo\/produits\/cat-produit\/point-decoulement-et-de-trouble-compact-scavini-capp-404\/\" \/>\n<meta property=\"og:site_name\" content=\"DeltaLabo\" \/>\n<meta property=\"article:modified_time\" content=\"2025-11-24T12:48:12+00:00\" \/>\n<meta property=\"og:image\" content=\"https:\/\/webdesi-gn.fr\/dev_deltalabo\/wp-content\/uploads\/2024\/02\/DELTA-LABO-Point-decoulement-et-trouble-compact-Scavini.jpg\" \/>\n\t<meta property=\"og:image:width\" content=\"770\" \/>\n\t<meta property=\"og:image:height\" content=\"754\" \/>\n\t<meta property=\"og:image:type\" content=\"image\/jpeg\" \/>\n<meta name=\"twitter:card\" content=\"summary_large_image\" \/>\n<meta name=\"twitter:label1\" content=\"Dur\u00e9e de lecture estim\u00e9e\" \/>\n\t<meta name=\"twitter:data1\" content=\"1 minute\" \/>\n<script type=\"application\/ld+json\" class=\"yoast-schema-graph\">{\"@context\":\"https:\\\/\\\/schema.org\",\"@graph\":[{\"@type\":\"WebPage\",\"@id\":\"https:\\\/\\\/webdesi-gn.fr\\\/dev_deltalabo\\\/produits\\\/cat-produit\\\/point-decoulement-et-de-trouble-compact-scavini-capp-404\\\/\",\"url\":\"https:\\\/\\\/webdesi-gn.fr\\\/dev_deltalabo\\\/produits\\\/cat-produit\\\/point-decoulement-et-de-trouble-compact-scavini-capp-404\\\/\",\"name\":\"Point d'\u00e9coulement et de trouble compact SCAVINI CAPP - ASTM D97 - IP 15 - ISO 3015 | DeltaLabo\",\"isPartOf\":{\"@id\":\"https:\\\/\\\/webdesi-gn.fr\\\/dev_deltalabo\\\/#website\"},\"primaryImageOfPage\":{\"@id\":\"https:\\\/\\\/webdesi-gn.fr\\\/dev_deltalabo\\\/produits\\\/cat-produit\\\/point-decoulement-et-de-trouble-compact-scavini-capp-404\\\/#primaryimage\"},\"image\":{\"@id\":\"https:\\\/\\\/webdesi-gn.fr\\\/dev_deltalabo\\\/produits\\\/cat-produit\\\/point-decoulement-et-de-trouble-compact-scavini-capp-404\\\/#primaryimage\"},\"thumbnailUrl\":\"https:\\\/\\\/webdesi-gn.fr\\\/dev_deltalabo\\\/wp-content\\\/uploads\\\/2025\\\/11\\\/DELTA-LABO-Point-decoulement-et-trouble-compact-Scavini.jpg\",\"datePublished\":\"2024-02-22T15:38:36+00:00\",\"dateModified\":\"2025-11-24T12:48:12+00:00\",\"breadcrumb\":{\"@id\":\"https:\\\/\\\/webdesi-gn.fr\\\/dev_deltalabo\\\/produits\\\/cat-produit\\\/point-decoulement-et-de-trouble-compact-scavini-capp-404\\\/#breadcrumb\"},\"inLanguage\":\"fr-FR\",\"potentialAction\":[{\"@type\":\"ReadAction\",\"target\":[\"https:\\\/\\\/webdesi-gn.fr\\\/dev_deltalabo\\\/produits\\\/cat-produit\\\/point-decoulement-et-de-trouble-compact-scavini-capp-404\\\/\"]}]},{\"@type\":\"ImageObject\",\"inLanguage\":\"fr-FR\",\"@id\":\"https:\\\/\\\/webdesi-gn.fr\\\/dev_deltalabo\\\/produits\\\/cat-produit\\\/point-decoulement-et-de-trouble-compact-scavini-capp-404\\\/#primaryimage\",\"url\":\"https:\\\/\\\/webdesi-gn.fr\\\/dev_deltalabo\\\/wp-content\\\/uploads\\\/2025\\\/11\\\/DELTA-LABO-Point-decoulement-et-trouble-compact-Scavini.jpg\",\"contentUrl\":\"https:\\\/\\\/webdesi-gn.fr\\\/dev_deltalabo\\\/wp-content\\\/uploads\\\/2025\\\/11\\\/DELTA-LABO-Point-decoulement-et-trouble-compact-Scavini.jpg\",\"width\":770,\"height\":754},{\"@type\":\"BreadcrumbList\",\"@id\":\"https:\\\/\\\/webdesi-gn.fr\\\/dev_deltalabo\\\/produits\\\/cat-produit\\\/point-decoulement-et-de-trouble-compact-scavini-capp-404\\\/#breadcrumb\",\"itemListElement\":[{\"@type\":\"ListItem\",\"position\":1,\"name\":\"Accueil\",\"item\":\"https:\\\/\\\/webdesi-gn.fr\\\/dev_deltalabo\\\/\"},{\"@type\":\"ListItem\",\"position\":2,\"name\":\"Produits\",\"item\":\"https:\\\/\\\/webdesi-gn.fr\\\/dev_deltalabo\\\/produits\\\/\"},{\"@type\":\"ListItem\",\"position\":3,\"name\":\"Point d&rsquo;\u00e9coulement et de trouble compact SCAVINI CAPP &#8211; ASTM D97 &#8211; IP 15 &#8211; ISO 3015\"}]},{\"@type\":\"WebSite\",\"@id\":\"https:\\\/\\\/webdesi-gn.fr\\\/dev_deltalabo\\\/#website\",\"url\":\"https:\\\/\\\/webdesi-gn.fr\\\/dev_deltalabo\\\/\",\"name\":\"Delta Labo\",\"description\":\"Un site utilisant WordPress\",\"publisher\":{\"@id\":\"https:\\\/\\\/webdesi-gn.fr\\\/dev_deltalabo\\\/#organization\"},\"alternateName\":\"Delta Labo\",\"potentialAction\":[{\"@type\":\"SearchAction\",\"target\":{\"@type\":\"EntryPoint\",\"urlTemplate\":\"https:\\\/\\\/webdesi-gn.fr\\\/dev_deltalabo\\\/?s={search_term_string}\"},\"query-input\":{\"@type\":\"PropertyValueSpecification\",\"valueRequired\":true,\"valueName\":\"search_term_string\"}}],\"inLanguage\":\"fr-FR\"},{\"@type\":\"Organization\",\"@id\":\"https:\\\/\\\/webdesi-gn.fr\\\/dev_deltalabo\\\/#organization\",\"name\":\"DeltaLabo\",\"url\":\"https:\\\/\\\/webdesi-gn.fr\\\/dev_deltalabo\\\/\",\"logo\":{\"@type\":\"ImageObject\",\"inLanguage\":\"fr-FR\",\"@id\":\"https:\\\/\\\/webdesi-gn.fr\\\/dev_deltalabo\\\/#\\\/schema\\\/logo\\\/image\\\/\",\"url\":\"https:\\\/\\\/webdesi-gn.fr\\\/dev_deltalabo\\\/wp-content\\\/uploads\\\/2022\\\/07\\\/logo-deltalabo.png\",\"contentUrl\":\"https:\\\/\\\/webdesi-gn.fr\\\/dev_deltalabo\\\/wp-content\\\/uploads\\\/2022\\\/07\\\/logo-deltalabo.png\",\"width\":694,\"height\":306,\"caption\":\"DeltaLabo\"},\"image\":{\"@id\":\"https:\\\/\\\/webdesi-gn.fr\\\/dev_deltalabo\\\/#\\\/schema\\\/logo\\\/image\\\/\"}}]}<\/script>\n<!-- \/ Yoast SEO plugin. -->","yoast_head_json":{"title":"Point d'\u00e9coulement et de trouble compact SCAVINI CAPP - ASTM D97 - IP 15 - ISO 3015 | DeltaLabo","robots":{"index":"noindex","follow":"follow","max-snippet":"max-snippet:-1","max-image-preview":"max-image-preview:large","max-video-preview":"max-video-preview:-1"},"og_locale":"fr_FR","og_type":"article","og_title":"Point d'\u00e9coulement et de trouble compact SCAVINI CAPP - ASTM D97 - IP 15 - ISO 3015 | DeltaLabo","og_description":"Point d'\u00e9coulement et de trouble manuel compact Scavini CAPP - ASTM D97 - IP 15 - ISO 3015 :   Les instruments Scavini CAPP permettent la d\u00e9termination manuelle du point d'\u00e9coulement et du point de trouble des produits p\u00e9troliers selon les normes ASTM D97; ASTM D2500; ASTM D5771; ASTM D5772; ASTM D5773; ASTM D5853; ASTM D5950; IP 15; IP 219; IP 441; IP 444; IP 446; ISO 3015; ISO 3016.  Les nouveaux appareils point d'\u00e9coulement, point de trouble manuels Scavini CAPP sont \u00e9quip\u00e9s de compresseurs de type Stirling permettant des constructions extr\u00eamement compactes et des performances de refroidissement uniques. Ils sont directement utilisables sur paillasse !  Dix mod\u00e8les sont disponibles suivant le nombre de puits de mesure et jusqu'\u00e0 -75\u00b0C !  T\u00e9l\u00e9charger la brochure produit : Scavini CAPP","og_url":"https:\/\/webdesi-gn.fr\/dev_deltalabo\/produits\/cat-produit\/point-decoulement-et-de-trouble-compact-scavini-capp-404\/","og_site_name":"DeltaLabo","article_modified_time":"2025-11-24T12:48:12+00:00","og_image":[{"width":770,"height":754,"url":"https:\/\/webdesi-gn.fr\/dev_deltalabo\/wp-content\/uploads\/2024\/02\/DELTA-LABO-Point-decoulement-et-trouble-compact-Scavini.jpg","type":"image\/jpeg"}],"twitter_card":"summary_large_image","twitter_misc":{"Dur\u00e9e de lecture estim\u00e9e":"1 minute"},"schema":{"@context":"https:\/\/schema.org","@graph":[{"@type":"WebPage","@id":"https:\/\/webdesi-gn.fr\/dev_deltalabo\/produits\/cat-produit\/point-decoulement-et-de-trouble-compact-scavini-capp-404\/","url":"https:\/\/webdesi-gn.fr\/dev_deltalabo\/produits\/cat-produit\/point-decoulement-et-de-trouble-compact-scavini-capp-404\/","name":"Point d'\u00e9coulement et de trouble compact SCAVINI CAPP - ASTM D97 - IP 15 - ISO 3015 | DeltaLabo","isPartOf":{"@id":"https:\/\/webdesi-gn.fr\/dev_deltalabo\/#website"},"primaryImageOfPage":{"@id":"https:\/\/webdesi-gn.fr\/dev_deltalabo\/produits\/cat-produit\/point-decoulement-et-de-trouble-compact-scavini-capp-404\/#primaryimage"},"image":{"@id":"https:\/\/webdesi-gn.fr\/dev_deltalabo\/produits\/cat-produit\/point-decoulement-et-de-trouble-compact-scavini-capp-404\/#primaryimage"},"thumbnailUrl":"https:\/\/webdesi-gn.fr\/dev_deltalabo\/wp-content\/uploads\/2025\/11\/DELTA-LABO-Point-decoulement-et-trouble-compact-Scavini.jpg","datePublished":"2024-02-22T15:38:36+00:00","dateModified":"2025-11-24T12:48:12+00:00","breadcrumb":{"@id":"https:\/\/webdesi-gn.fr\/dev_deltalabo\/produits\/cat-produit\/point-decoulement-et-de-trouble-compact-scavini-capp-404\/#breadcrumb"},"inLanguage":"fr-FR","potentialAction":[{"@type":"ReadAction","target":["https:\/\/webdesi-gn.fr\/dev_deltalabo\/produits\/cat-produit\/point-decoulement-et-de-trouble-compact-scavini-capp-404\/"]}]},{"@type":"ImageObject","inLanguage":"fr-FR","@id":"https:\/\/webdesi-gn.fr\/dev_deltalabo\/produits\/cat-produit\/point-decoulement-et-de-trouble-compact-scavini-capp-404\/#primaryimage","url":"https:\/\/webdesi-gn.fr\/dev_deltalabo\/wp-content\/uploads\/2025\/11\/DELTA-LABO-Point-decoulement-et-trouble-compact-Scavini.jpg","contentUrl":"https:\/\/webdesi-gn.fr\/dev_deltalabo\/wp-content\/uploads\/2025\/11\/DELTA-LABO-Point-decoulement-et-trouble-compact-Scavini.jpg","width":770,"height":754},{"@type":"BreadcrumbList","@id":"https:\/\/webdesi-gn.fr\/dev_deltalabo\/produits\/cat-produit\/point-decoulement-et-de-trouble-compact-scavini-capp-404\/#breadcrumb","itemListElement":[{"@type":"ListItem","position":1,"name":"Accueil","item":"https:\/\/webdesi-gn.fr\/dev_deltalabo\/"},{"@type":"ListItem","position":2,"name":"Produits","item":"https:\/\/webdesi-gn.fr\/dev_deltalabo\/produits\/"},{"@type":"ListItem","position":3,"name":"Point d&rsquo;\u00e9coulement et de trouble compact SCAVINI CAPP &#8211; ASTM D97 &#8211; IP 15 &#8211; ISO 3015"}]},{"@type":"WebSite","@id":"https:\/\/webdesi-gn.fr\/dev_deltalabo\/#website","url":"https:\/\/webdesi-gn.fr\/dev_deltalabo\/","name":"Delta Labo","description":"Un site utilisant WordPress","publisher":{"@id":"https:\/\/webdesi-gn.fr\/dev_deltalabo\/#organization"},"alternateName":"Delta Labo","potentialAction":[{"@type":"SearchAction","target":{"@type":"EntryPoint","urlTemplate":"https:\/\/webdesi-gn.fr\/dev_deltalabo\/?s={search_term_string}"},"query-input":{"@type":"PropertyValueSpecification","valueRequired":true,"valueName":"search_term_string"}}],"inLanguage":"fr-FR"},{"@type":"Organization","@id":"https:\/\/webdesi-gn.fr\/dev_deltalabo\/#organization","name":"DeltaLabo","url":"https:\/\/webdesi-gn.fr\/dev_deltalabo\/","logo":{"@type":"ImageObject","inLanguage":"fr-FR","@id":"https:\/\/webdesi-gn.fr\/dev_deltalabo\/#\/schema\/logo\/image\/","url":"https:\/\/webdesi-gn.fr\/dev_deltalabo\/wp-content\/uploads\/2022\/07\/logo-deltalabo.png","contentUrl":"https:\/\/webdesi-gn.fr\/dev_deltalabo\/wp-content\/uploads\/2022\/07\/logo-deltalabo.png","width":694,"height":306,"caption":"DeltaLabo"},"image":{"@id":"https:\/\/webdesi-gn.fr\/dev_deltalabo\/#\/schema\/logo\/image\/"}}]}},"_links":{"self":[{"href":"https:\/\/webdesi-gn.fr\/dev_deltalabo\/wp-json\/wp\/v2\/product\/256058","targetHints":{"allow":["GET"]}}],"collection":[{"href":"https:\/\/webdesi-gn.fr\/dev_deltalabo\/wp-json\/wp\/v2\/product"}],"about":[{"href":"https:\/\/webdesi-gn.fr\/dev_deltalabo\/wp-json\/wp\/v2\/types\/product"}],"wp:featuredmedia":[{"embeddable":true,"href":"https:\/\/webdesi-gn.fr\/dev_deltalabo\/wp-json\/wp\/v2\/media\/262153"}],"wp:attachment":[{"href":"https:\/\/webdesi-gn.fr\/dev_deltalabo\/wp-json\/wp\/v2\/media?parent=256058"}],"wp:term":[{"taxonomy":"domaine","embeddable":true,"href":"https:\/\/webdesi-gn.fr\/dev_deltalabo\/wp-json\/wp\/v2\/domaine?post=256058"},{"taxonomy":"normes","embeddable":true,"href":"https:\/\/webdesi-gn.fr\/dev_deltalabo\/wp-json\/wp\/v2\/normes?post=256058"},{"taxonomy":"product_brand","embeddable":true,"href":"https:\/\/webdesi-gn.fr\/dev_deltalabo\/wp-json\/wp\/v2\/product_brand?post=256058"},{"taxonomy":"product_cat","embeddable":true,"href":"https:\/\/webdesi-gn.fr\/dev_deltalabo\/wp-json\/wp\/v2\/product_cat?post=256058"},{"taxonomy":"product_tag","embeddable":true,"href":"https:\/\/webdesi-gn.fr\/dev_deltalabo\/wp-json\/wp\/v2\/product_tag?post=256058"}],"curies":[{"name":"wp","href":"https:\/\/api.w.org\/{rel}","templated":true}]}}