{"id":256061,"date":"2024-02-22T16:41:54","date_gmt":"2024-02-22T15:41:54","guid":{"rendered":"https:\/\/webdesi-gn.fr\/dev_deltalabo\/?post_type=product&#038;p=256061"},"modified":"2025-11-24T13:48:08","modified_gmt":"2025-11-24T12:48:08","slug":"point-de-trouble-point-decoulement-manuel-stanhope-seta","status":"publish","type":"product","link":"https:\/\/webdesi-gn.fr\/dev_deltalabo\/produits\/categories\/point-de-trouble-point-decoulement-manuel-stanhope-seta\/","title":{"rendered":"Point de trouble, point d&rsquo;\u00e9coulement manuel STANHOPE SETA"},"content":{"rendered":"","protected":false},"excerpt":{"rendered":"<p><strong>Point de trouble, point d&rsquo;\u00e9coulement manuel STANHOPE SETA :<\/strong><\/p>\n<p>Les instruments Stanhope Seta &#8211; \u00ab\u00a0Compact Cloud and Pour Point\u00a0\u00bb permettent la d\u00e9termination manuelle du point d&rsquo;\u00e9coulement et du point de trouble des produits p\u00e9troliers.<\/p>\n<p>Ils sont conformes aux normes ASTM D97, ASTM D2500, ASTM D5853, IP 15, IP 219, IP 441, ISO 3015, ISO 3016.<\/p>\n<p>Les instruments point d&rsquo;\u00e9coulement, point de trouble manuels Stanhope Seta sont constitu\u00e9s de cryostats \u00e0 plusieurs puits r\u00e9frig\u00e9r\u00e9s ind\u00e9pendamment.<br \/>\nL&rsquo;\u00e9chantillon est refroidi progressivement et c&rsquo;est l&rsquo;op\u00e9rateur qui d\u00e9termine le point d&rsquo;\u00e9coulement ou le point de trouble.<\/p>\n<p>Deux mod\u00e8les sont disponibles suivant les plages de mesure :<br \/>\n&#8211; le mod\u00e8le 94100 avec 3 compartiments ind\u00e9pendants et 4 \u00e9chantillons maxi par compartiment : ambiante \u00e0 -34\u00b0C<br \/>\n&#8211; le mod\u00e8le 93531 avec 3 compartiments ind\u00e9pendants de l&rsquo;ambiante \u00e0 -34\u00b0C + 1 compartiment de -35\u00b0C \u00e0 -51\u00b0C<\/p>\n<p><strong>T\u00e9l\u00e9charger la brochure produit :<\/strong> <a href=\"https:\/\/www.deltalabo.fr\/wp-content\/uploads\/2025\/04\/Brochure-94100-3-Stanhope.pdf\">Point d&rsquo;\u00e9coulement, point de trouble manuel<\/a><\/p>\n","protected":false},"featured_media":262151,"template":"","meta":{"_acf_changed":false,"site-sidebar-layout":"default","site-content-layout":"","ast-site-content-layout":"default","site-content-style":"default","site-sidebar-style":"default","ast-global-header-display":"","ast-banner-title-visibility":"","ast-main-header-display":"","ast-hfb-above-header-display":"","ast-hfb-below-header-display":"","ast-hfb-mobile-header-display":"","site-post-title":"","ast-breadcrumbs-content":"","ast-featured-img":"","footer-sml-layout":"","ast-disable-related-posts":"","theme-transparent-header-meta":"","adv-header-id-meta":"","stick-header-meta":"","header-above-stick-meta":"","header-main-stick-meta":"","header-below-stick-meta":"","astra-migrate-meta-layouts":"default","ast-page-background-enabled":"default","ast-page-background-meta":{"desktop":{"background-color":"var(--ast-global-color-5)","background-image":"","background-repeat":"repeat","background-position":"center center","background-size":"auto","background-attachment":"scroll","background-type":"","background-media":"","overlay-type":"","overlay-color":"","overlay-opacity":"","overlay-gradient":""},"tablet":{"background-color":"","background-image":"","background-repeat":"repeat","background-position":"center center","background-size":"auto","background-attachment":"scroll","background-type":"","background-media":"","overlay-type":"","overlay-color":"","overlay-opacity":"","overlay-gradient":""},"mobile":{"background-color":"","background-image":"","background-repeat":"repeat","background-position":"center center","background-size":"auto","background-attachment":"scroll","background-type":"","background-media":"","overlay-type":"","overlay-color":"","overlay-opacity":"","overlay-gradient":""}},"ast-content-background-meta":{"desktop":{"background-color":"var(--ast-global-color-4)","background-image":"","background-repeat":"repeat","background-position":"center center","background-size":"auto","background-attachment":"scroll","background-type":"","background-media":"","overlay-type":"","overlay-color":"","overlay-opacity":"","overlay-gradient":""},"tablet":{"background-color":"var(--ast-global-color-4)","background-image":"","background-repeat":"repeat","background-position":"center center","background-size":"auto","background-attachment":"scroll","background-type":"","background-media":"","overlay-type":"","overlay-color":"","overlay-opacity":"","overlay-gradient":""},"mobile":{"background-color":"var(--ast-global-color-4)","background-image":"","background-repeat":"repeat","background-position":"center center","background-size":"auto","background-attachment":"scroll","background-type":"","background-media":"","overlay-type":"","overlay-color":"","overlay-opacity":"","overlay-gradient":""}}},"domaine":[],"normes":[17135],"product_brand":[],"product_cat":[17240],"product_tag":[],"class_list":{"0":"post-256061","1":"product","2":"type-product","3":"status-publish","4":"has-post-thumbnail","6":"normes-din-51562","7":"product_cat-categories","8":"desktop-align-left","9":"tablet-align-left","10":"mobile-align-left","12":"first","13":"instock","14":"shipping-taxable","15":"product-type-simple"},"acf":[],"yoast_head":"<!-- This site is optimized with the Yoast SEO plugin v27.4 - https:\/\/yoast.com\/product\/yoast-seo-wordpress\/ -->\n<title>Point de trouble, point d&#039;\u00e9coulement manuel STANHOPE SETA | DeltaLabo<\/title>\n<meta name=\"robots\" content=\"noindex, follow, max-snippet:-1, max-image-preview:large, max-video-preview:-1\" \/>\n<meta property=\"og:locale\" content=\"fr_FR\" \/>\n<meta property=\"og:type\" content=\"article\" \/>\n<meta property=\"og:title\" content=\"Point de trouble, point d&#039;\u00e9coulement manuel STANHOPE SETA | DeltaLabo\" \/>\n<meta property=\"og:description\" content=\"Point de trouble, point d&#039;\u00e9coulement manuel STANHOPE SETA :  Les instruments Stanhope Seta - &quot;Compact Cloud and Pour Point&quot; permettent la d\u00e9termination manuelle du point d&#039;\u00e9coulement et du point de trouble des produits p\u00e9troliers.  Ils sont conformes aux normes ASTM D97, ASTM D2500, ASTM D5853, IP 15, IP 219, IP 441, ISO 3015, ISO 3016.  Les instruments point d&#039;\u00e9coulement, point de trouble manuels Stanhope Seta sont constitu\u00e9s de cryostats \u00e0 plusieurs puits r\u00e9frig\u00e9r\u00e9s ind\u00e9pendamment. L&#039;\u00e9chantillon est refroidi progressivement et c&#039;est l&#039;op\u00e9rateur qui d\u00e9termine le point d&#039;\u00e9coulement ou le point de trouble.  Deux mod\u00e8les sont disponibles suivant les plages de mesure : - le mod\u00e8le 94100 avec 3 compartiments ind\u00e9pendants et 4 \u00e9chantillons maxi par compartiment : ambiante \u00e0 -34\u00b0C - le mod\u00e8le 93531 avec 3 compartiments ind\u00e9pendants de l&#039;ambiante \u00e0 -34\u00b0C + 1 compartiment de -35\u00b0C \u00e0 -51\u00b0C  T\u00e9l\u00e9charger la brochure produit : Point d&#039;\u00e9coulement, point de trouble manuel\" \/>\n<meta property=\"og:url\" content=\"https:\/\/webdesi-gn.fr\/dev_deltalabo\/produits\/cat-produit\/point-de-trouble-point-decoulement-manuel-stanhope-seta\/\" \/>\n<meta property=\"og:site_name\" content=\"DeltaLabo\" \/>\n<meta property=\"article:modified_time\" content=\"2025-11-24T12:48:08+00:00\" \/>\n<meta property=\"og:image\" content=\"https:\/\/webdesi-gn.fr\/dev_deltalabo\/wp-content\/uploads\/2024\/02\/DELTA-LABO-Point-de-trouble-point-decoulement-Stanhope.jpg\" \/>\n\t<meta property=\"og:image:width\" content=\"388\" \/>\n\t<meta property=\"og:image:height\" content=\"370\" \/>\n\t<meta property=\"og:image:type\" content=\"image\/jpeg\" \/>\n<meta name=\"twitter:card\" content=\"summary_large_image\" \/>\n<meta name=\"twitter:label1\" content=\"Dur\u00e9e de lecture estim\u00e9e\" \/>\n\t<meta name=\"twitter:data1\" content=\"1 minute\" \/>\n<script type=\"application\/ld+json\" class=\"yoast-schema-graph\">{\"@context\":\"https:\\\/\\\/schema.org\",\"@graph\":[{\"@type\":\"WebPage\",\"@id\":\"https:\\\/\\\/webdesi-gn.fr\\\/dev_deltalabo\\\/produits\\\/cat-produit\\\/point-de-trouble-point-decoulement-manuel-stanhope-seta\\\/\",\"url\":\"https:\\\/\\\/webdesi-gn.fr\\\/dev_deltalabo\\\/produits\\\/cat-produit\\\/point-de-trouble-point-decoulement-manuel-stanhope-seta\\\/\",\"name\":\"Point de trouble, point d'\u00e9coulement manuel STANHOPE SETA | DeltaLabo\",\"isPartOf\":{\"@id\":\"https:\\\/\\\/webdesi-gn.fr\\\/dev_deltalabo\\\/#website\"},\"primaryImageOfPage\":{\"@id\":\"https:\\\/\\\/webdesi-gn.fr\\\/dev_deltalabo\\\/produits\\\/cat-produit\\\/point-de-trouble-point-decoulement-manuel-stanhope-seta\\\/#primaryimage\"},\"image\":{\"@id\":\"https:\\\/\\\/webdesi-gn.fr\\\/dev_deltalabo\\\/produits\\\/cat-produit\\\/point-de-trouble-point-decoulement-manuel-stanhope-seta\\\/#primaryimage\"},\"thumbnailUrl\":\"https:\\\/\\\/webdesi-gn.fr\\\/dev_deltalabo\\\/wp-content\\\/uploads\\\/2025\\\/11\\\/DELTA-LABO-Point-de-trouble-point-decoulement-Stanhope.jpg\",\"datePublished\":\"2024-02-22T15:41:54+00:00\",\"dateModified\":\"2025-11-24T12:48:08+00:00\",\"breadcrumb\":{\"@id\":\"https:\\\/\\\/webdesi-gn.fr\\\/dev_deltalabo\\\/produits\\\/cat-produit\\\/point-de-trouble-point-decoulement-manuel-stanhope-seta\\\/#breadcrumb\"},\"inLanguage\":\"fr-FR\",\"potentialAction\":[{\"@type\":\"ReadAction\",\"target\":[\"https:\\\/\\\/webdesi-gn.fr\\\/dev_deltalabo\\\/produits\\\/cat-produit\\\/point-de-trouble-point-decoulement-manuel-stanhope-seta\\\/\"]}]},{\"@type\":\"ImageObject\",\"inLanguage\":\"fr-FR\",\"@id\":\"https:\\\/\\\/webdesi-gn.fr\\\/dev_deltalabo\\\/produits\\\/cat-produit\\\/point-de-trouble-point-decoulement-manuel-stanhope-seta\\\/#primaryimage\",\"url\":\"https:\\\/\\\/webdesi-gn.fr\\\/dev_deltalabo\\\/wp-content\\\/uploads\\\/2025\\\/11\\\/DELTA-LABO-Point-de-trouble-point-decoulement-Stanhope.jpg\",\"contentUrl\":\"https:\\\/\\\/webdesi-gn.fr\\\/dev_deltalabo\\\/wp-content\\\/uploads\\\/2025\\\/11\\\/DELTA-LABO-Point-de-trouble-point-decoulement-Stanhope.jpg\",\"width\":388,\"height\":370},{\"@type\":\"BreadcrumbList\",\"@id\":\"https:\\\/\\\/webdesi-gn.fr\\\/dev_deltalabo\\\/produits\\\/cat-produit\\\/point-de-trouble-point-decoulement-manuel-stanhope-seta\\\/#breadcrumb\",\"itemListElement\":[{\"@type\":\"ListItem\",\"position\":1,\"name\":\"Accueil\",\"item\":\"https:\\\/\\\/webdesi-gn.fr\\\/dev_deltalabo\\\/\"},{\"@type\":\"ListItem\",\"position\":2,\"name\":\"Produits\",\"item\":\"https:\\\/\\\/webdesi-gn.fr\\\/dev_deltalabo\\\/produits\\\/\"},{\"@type\":\"ListItem\",\"position\":3,\"name\":\"Point de trouble, point d&rsquo;\u00e9coulement manuel STANHOPE SETA\"}]},{\"@type\":\"WebSite\",\"@id\":\"https:\\\/\\\/webdesi-gn.fr\\\/dev_deltalabo\\\/#website\",\"url\":\"https:\\\/\\\/webdesi-gn.fr\\\/dev_deltalabo\\\/\",\"name\":\"Delta Labo\",\"description\":\"Un site utilisant WordPress\",\"publisher\":{\"@id\":\"https:\\\/\\\/webdesi-gn.fr\\\/dev_deltalabo\\\/#organization\"},\"alternateName\":\"Delta Labo\",\"potentialAction\":[{\"@type\":\"SearchAction\",\"target\":{\"@type\":\"EntryPoint\",\"urlTemplate\":\"https:\\\/\\\/webdesi-gn.fr\\\/dev_deltalabo\\\/?s={search_term_string}\"},\"query-input\":{\"@type\":\"PropertyValueSpecification\",\"valueRequired\":true,\"valueName\":\"search_term_string\"}}],\"inLanguage\":\"fr-FR\"},{\"@type\":\"Organization\",\"@id\":\"https:\\\/\\\/webdesi-gn.fr\\\/dev_deltalabo\\\/#organization\",\"name\":\"DeltaLabo\",\"url\":\"https:\\\/\\\/webdesi-gn.fr\\\/dev_deltalabo\\\/\",\"logo\":{\"@type\":\"ImageObject\",\"inLanguage\":\"fr-FR\",\"@id\":\"https:\\\/\\\/webdesi-gn.fr\\\/dev_deltalabo\\\/#\\\/schema\\\/logo\\\/image\\\/\",\"url\":\"https:\\\/\\\/webdesi-gn.fr\\\/dev_deltalabo\\\/wp-content\\\/uploads\\\/2022\\\/07\\\/logo-deltalabo.png\",\"contentUrl\":\"https:\\\/\\\/webdesi-gn.fr\\\/dev_deltalabo\\\/wp-content\\\/uploads\\\/2022\\\/07\\\/logo-deltalabo.png\",\"width\":694,\"height\":306,\"caption\":\"DeltaLabo\"},\"image\":{\"@id\":\"https:\\\/\\\/webdesi-gn.fr\\\/dev_deltalabo\\\/#\\\/schema\\\/logo\\\/image\\\/\"}}]}<\/script>\n<!-- \/ Yoast SEO plugin. -->","yoast_head_json":{"title":"Point de trouble, point d'\u00e9coulement manuel STANHOPE SETA | DeltaLabo","robots":{"index":"noindex","follow":"follow","max-snippet":"max-snippet:-1","max-image-preview":"max-image-preview:large","max-video-preview":"max-video-preview:-1"},"og_locale":"fr_FR","og_type":"article","og_title":"Point de trouble, point d'\u00e9coulement manuel STANHOPE SETA | DeltaLabo","og_description":"Point de trouble, point d'\u00e9coulement manuel STANHOPE SETA :  Les instruments Stanhope Seta - \"Compact Cloud and Pour Point\" permettent la d\u00e9termination manuelle du point d'\u00e9coulement et du point de trouble des produits p\u00e9troliers.  Ils sont conformes aux normes ASTM D97, ASTM D2500, ASTM D5853, IP 15, IP 219, IP 441, ISO 3015, ISO 3016.  Les instruments point d'\u00e9coulement, point de trouble manuels Stanhope Seta sont constitu\u00e9s de cryostats \u00e0 plusieurs puits r\u00e9frig\u00e9r\u00e9s ind\u00e9pendamment. L'\u00e9chantillon est refroidi progressivement et c'est l'op\u00e9rateur qui d\u00e9termine le point d'\u00e9coulement ou le point de trouble.  Deux mod\u00e8les sont disponibles suivant les plages de mesure : - le mod\u00e8le 94100 avec 3 compartiments ind\u00e9pendants et 4 \u00e9chantillons maxi par compartiment : ambiante \u00e0 -34\u00b0C - le mod\u00e8le 93531 avec 3 compartiments ind\u00e9pendants de l'ambiante \u00e0 -34\u00b0C + 1 compartiment de -35\u00b0C \u00e0 -51\u00b0C  T\u00e9l\u00e9charger la brochure produit : Point d'\u00e9coulement, point de trouble manuel","og_url":"https:\/\/webdesi-gn.fr\/dev_deltalabo\/produits\/cat-produit\/point-de-trouble-point-decoulement-manuel-stanhope-seta\/","og_site_name":"DeltaLabo","article_modified_time":"2025-11-24T12:48:08+00:00","og_image":[{"width":388,"height":370,"url":"https:\/\/webdesi-gn.fr\/dev_deltalabo\/wp-content\/uploads\/2024\/02\/DELTA-LABO-Point-de-trouble-point-decoulement-Stanhope.jpg","type":"image\/jpeg"}],"twitter_card":"summary_large_image","twitter_misc":{"Dur\u00e9e de lecture estim\u00e9e":"1 minute"},"schema":{"@context":"https:\/\/schema.org","@graph":[{"@type":"WebPage","@id":"https:\/\/webdesi-gn.fr\/dev_deltalabo\/produits\/cat-produit\/point-de-trouble-point-decoulement-manuel-stanhope-seta\/","url":"https:\/\/webdesi-gn.fr\/dev_deltalabo\/produits\/cat-produit\/point-de-trouble-point-decoulement-manuel-stanhope-seta\/","name":"Point de trouble, point d'\u00e9coulement manuel STANHOPE SETA | DeltaLabo","isPartOf":{"@id":"https:\/\/webdesi-gn.fr\/dev_deltalabo\/#website"},"primaryImageOfPage":{"@id":"https:\/\/webdesi-gn.fr\/dev_deltalabo\/produits\/cat-produit\/point-de-trouble-point-decoulement-manuel-stanhope-seta\/#primaryimage"},"image":{"@id":"https:\/\/webdesi-gn.fr\/dev_deltalabo\/produits\/cat-produit\/point-de-trouble-point-decoulement-manuel-stanhope-seta\/#primaryimage"},"thumbnailUrl":"https:\/\/webdesi-gn.fr\/dev_deltalabo\/wp-content\/uploads\/2025\/11\/DELTA-LABO-Point-de-trouble-point-decoulement-Stanhope.jpg","datePublished":"2024-02-22T15:41:54+00:00","dateModified":"2025-11-24T12:48:08+00:00","breadcrumb":{"@id":"https:\/\/webdesi-gn.fr\/dev_deltalabo\/produits\/cat-produit\/point-de-trouble-point-decoulement-manuel-stanhope-seta\/#breadcrumb"},"inLanguage":"fr-FR","potentialAction":[{"@type":"ReadAction","target":["https:\/\/webdesi-gn.fr\/dev_deltalabo\/produits\/cat-produit\/point-de-trouble-point-decoulement-manuel-stanhope-seta\/"]}]},{"@type":"ImageObject","inLanguage":"fr-FR","@id":"https:\/\/webdesi-gn.fr\/dev_deltalabo\/produits\/cat-produit\/point-de-trouble-point-decoulement-manuel-stanhope-seta\/#primaryimage","url":"https:\/\/webdesi-gn.fr\/dev_deltalabo\/wp-content\/uploads\/2025\/11\/DELTA-LABO-Point-de-trouble-point-decoulement-Stanhope.jpg","contentUrl":"https:\/\/webdesi-gn.fr\/dev_deltalabo\/wp-content\/uploads\/2025\/11\/DELTA-LABO-Point-de-trouble-point-decoulement-Stanhope.jpg","width":388,"height":370},{"@type":"BreadcrumbList","@id":"https:\/\/webdesi-gn.fr\/dev_deltalabo\/produits\/cat-produit\/point-de-trouble-point-decoulement-manuel-stanhope-seta\/#breadcrumb","itemListElement":[{"@type":"ListItem","position":1,"name":"Accueil","item":"https:\/\/webdesi-gn.fr\/dev_deltalabo\/"},{"@type":"ListItem","position":2,"name":"Produits","item":"https:\/\/webdesi-gn.fr\/dev_deltalabo\/produits\/"},{"@type":"ListItem","position":3,"name":"Point de trouble, point d&rsquo;\u00e9coulement manuel STANHOPE SETA"}]},{"@type":"WebSite","@id":"https:\/\/webdesi-gn.fr\/dev_deltalabo\/#website","url":"https:\/\/webdesi-gn.fr\/dev_deltalabo\/","name":"Delta Labo","description":"Un site utilisant WordPress","publisher":{"@id":"https:\/\/webdesi-gn.fr\/dev_deltalabo\/#organization"},"alternateName":"Delta Labo","potentialAction":[{"@type":"SearchAction","target":{"@type":"EntryPoint","urlTemplate":"https:\/\/webdesi-gn.fr\/dev_deltalabo\/?s={search_term_string}"},"query-input":{"@type":"PropertyValueSpecification","valueRequired":true,"valueName":"search_term_string"}}],"inLanguage":"fr-FR"},{"@type":"Organization","@id":"https:\/\/webdesi-gn.fr\/dev_deltalabo\/#organization","name":"DeltaLabo","url":"https:\/\/webdesi-gn.fr\/dev_deltalabo\/","logo":{"@type":"ImageObject","inLanguage":"fr-FR","@id":"https:\/\/webdesi-gn.fr\/dev_deltalabo\/#\/schema\/logo\/image\/","url":"https:\/\/webdesi-gn.fr\/dev_deltalabo\/wp-content\/uploads\/2022\/07\/logo-deltalabo.png","contentUrl":"https:\/\/webdesi-gn.fr\/dev_deltalabo\/wp-content\/uploads\/2022\/07\/logo-deltalabo.png","width":694,"height":306,"caption":"DeltaLabo"},"image":{"@id":"https:\/\/webdesi-gn.fr\/dev_deltalabo\/#\/schema\/logo\/image\/"}}]}},"_links":{"self":[{"href":"https:\/\/webdesi-gn.fr\/dev_deltalabo\/wp-json\/wp\/v2\/product\/256061","targetHints":{"allow":["GET"]}}],"collection":[{"href":"https:\/\/webdesi-gn.fr\/dev_deltalabo\/wp-json\/wp\/v2\/product"}],"about":[{"href":"https:\/\/webdesi-gn.fr\/dev_deltalabo\/wp-json\/wp\/v2\/types\/product"}],"wp:featuredmedia":[{"embeddable":true,"href":"https:\/\/webdesi-gn.fr\/dev_deltalabo\/wp-json\/wp\/v2\/media\/262151"}],"wp:attachment":[{"href":"https:\/\/webdesi-gn.fr\/dev_deltalabo\/wp-json\/wp\/v2\/media?parent=256061"}],"wp:term":[{"taxonomy":"domaine","embeddable":true,"href":"https:\/\/webdesi-gn.fr\/dev_deltalabo\/wp-json\/wp\/v2\/domaine?post=256061"},{"taxonomy":"normes","embeddable":true,"href":"https:\/\/webdesi-gn.fr\/dev_deltalabo\/wp-json\/wp\/v2\/normes?post=256061"},{"taxonomy":"product_brand","embeddable":true,"href":"https:\/\/webdesi-gn.fr\/dev_deltalabo\/wp-json\/wp\/v2\/product_brand?post=256061"},{"taxonomy":"product_cat","embeddable":true,"href":"https:\/\/webdesi-gn.fr\/dev_deltalabo\/wp-json\/wp\/v2\/product_cat?post=256061"},{"taxonomy":"product_tag","embeddable":true,"href":"https:\/\/webdesi-gn.fr\/dev_deltalabo\/wp-json\/wp\/v2\/product_tag?post=256061"}],"curies":[{"name":"wp","href":"https:\/\/api.w.org\/{rel}","templated":true}]}}