{"id":256086,"date":"2024-03-04T11:03:58","date_gmt":"2024-03-04T10:03:58","guid":{"rendered":"https:\/\/webdesi-gn.fr\/dev_deltalabo\/?post_type=product&#038;p=256086"},"modified":"2025-11-24T13:47:42","modified_gmt":"2025-11-24T12:47:42","slug":"point-eclair-manuel-coupe-ouverte-setaflash-serie-3","status":"publish","type":"product","link":"https:\/\/webdesi-gn.fr\/dev_deltalabo\/produits\/cat-produit\/point-eclair-manuel-coupe-ouverte-setaflash-serie-3\/","title":{"rendered":"Point \u00e9clair manuel coupe ouverte Setaflash S\u00e9rie 3"},"content":{"rendered":"","protected":false},"excerpt":{"rendered":"<p><strong>Point \u00e9clair manuel SetaFlash S\u00e9rie 3 coupe ouverte : <\/strong><\/p>\n<p>L&rsquo;instrument Setaflash S\u00e9rie 3 \u00ab\u00a0open cup\u00a0\u00bb est un appareil point \u00e9clair sp\u00e9cial \u00e0 coupe ouverte r\u00e9pondant aux normes ASTM D4206, BS 3900 Part A11, ISO 9038, UN Class 3 Test L. 3, CFR 49-173.120 et IATA mati\u00e8res dangereuses.<\/p>\n<p>Caract\u00e9ristiques :<\/p>\n<ul>\n<li>Volume d&rsquo;\u00e9chantillon : 2 \u00e0 3ml<\/li>\n<li>Ignition manuelle et d\u00e9termination visuelle du point \u00e9clair<\/li>\n<li>Alimentation en gaz : par petit r\u00e9servoir de gaz rechargeable avec des recharges type briquet<\/li>\n<li>Plage de mesure : ambiante jusqu&rsquo;\u00e0 300\u00b0C<\/li>\n<\/ul>\n<p><strong>T\u00e9l\u00e9charger la brochure produit : <\/strong><a href=\"https:\/\/www.deltalabo.fr\/wp-content\/uploads\/2025\/06\/Doc-point-eclair-Setaflash-3-coupe-ouverte-engl-DL21.pdf\">Setaflash s\u00e9rie 3 open cup<\/a><\/p>\n","protected":false},"featured_media":262144,"template":"","meta":{"_acf_changed":false,"site-sidebar-layout":"default","site-content-layout":"","ast-site-content-layout":"default","site-content-style":"default","site-sidebar-style":"default","ast-global-header-display":"","ast-banner-title-visibility":"","ast-main-header-display":"","ast-hfb-above-header-display":"","ast-hfb-below-header-display":"","ast-hfb-mobile-header-display":"","site-post-title":"","ast-breadcrumbs-content":"","ast-featured-img":"","footer-sml-layout":"","ast-disable-related-posts":"","theme-transparent-header-meta":"","adv-header-id-meta":"","stick-header-meta":"","header-above-stick-meta":"","header-main-stick-meta":"","header-below-stick-meta":"","astra-migrate-meta-layouts":"default","ast-page-background-enabled":"default","ast-page-background-meta":{"desktop":{"background-color":"var(--ast-global-color-5)","background-image":"","background-repeat":"repeat","background-position":"center center","background-size":"auto","background-attachment":"scroll","background-type":"","background-media":"","overlay-type":"","overlay-color":"","overlay-opacity":"","overlay-gradient":""},"tablet":{"background-color":"","background-image":"","background-repeat":"repeat","background-position":"center center","background-size":"auto","background-attachment":"scroll","background-type":"","background-media":"","overlay-type":"","overlay-color":"","overlay-opacity":"","overlay-gradient":""},"mobile":{"background-color":"","background-image":"","background-repeat":"repeat","background-position":"center center","background-size":"auto","background-attachment":"scroll","background-type":"","background-media":"","overlay-type":"","overlay-color":"","overlay-opacity":"","overlay-gradient":""}},"ast-content-background-meta":{"desktop":{"background-color":"var(--ast-global-color-4)","background-image":"","background-repeat":"repeat","background-position":"center center","background-size":"auto","background-attachment":"scroll","background-type":"","background-media":"","overlay-type":"","overlay-color":"","overlay-opacity":"","overlay-gradient":""},"tablet":{"background-color":"var(--ast-global-color-4)","background-image":"","background-repeat":"repeat","background-position":"center center","background-size":"auto","background-attachment":"scroll","background-type":"","background-media":"","overlay-type":"","overlay-color":"","overlay-opacity":"","overlay-gradient":""},"mobile":{"background-color":"var(--ast-global-color-4)","background-image":"","background-repeat":"repeat","background-position":"center center","background-size":"auto","background-attachment":"scroll","background-type":"","background-media":"","overlay-type":"","overlay-color":"","overlay-opacity":"","overlay-gradient":""}}},"domaine":[],"normes":[3334,17135,17151,17150,17149,17142,17125],"product_brand":[],"product_cat":[15],"product_tag":[],"class_list":{"0":"post-256086","1":"product","2":"type-product","3":"status-publish","4":"has-post-thumbnail","6":"normes-d4206","7":"normes-din-51562","8":"normes-ip-523","9":"normes-ip-524","10":"normes-ip-534","11":"normes-ip-602","12":"normes-iso-9038","13":"product_cat-cat-produit","14":"desktop-align-left","15":"tablet-align-left","16":"mobile-align-left","18":"first","19":"instock","20":"shipping-taxable","21":"purchasable","22":"product-type-simple"},"acf":[],"yoast_head":"<!-- This site is optimized with the Yoast SEO plugin v27.4 - https:\/\/yoast.com\/product\/yoast-seo-wordpress\/ -->\n<title>Point \u00e9clair manuel coupe ouverte Setaflash S\u00e9rie 3 | DeltaLabo<\/title>\n<meta name=\"robots\" content=\"noindex, follow, max-snippet:-1, max-image-preview:large, max-video-preview:-1\" \/>\n<meta property=\"og:locale\" content=\"fr_FR\" \/>\n<meta property=\"og:type\" content=\"article\" \/>\n<meta property=\"og:title\" content=\"Point \u00e9clair manuel coupe ouverte Setaflash S\u00e9rie 3 | DeltaLabo\" \/>\n<meta property=\"og:description\" content=\"Point \u00e9clair manuel SetaFlash S\u00e9rie 3 coupe ouverte :   L&#039;instrument Setaflash S\u00e9rie 3 &quot;open cup&quot; est un appareil point \u00e9clair sp\u00e9cial \u00e0 coupe ouverte r\u00e9pondant aux normes ASTM D4206, BS 3900 Part A11, ISO 9038, UN Class 3 Test L. 3, CFR 49-173.120 et IATA mati\u00e8res dangereuses.  Caract\u00e9ristiques :   Volume d&#039;\u00e9chantillon : 2 \u00e0 3ml  Ignition manuelle et d\u00e9termination visuelle du point \u00e9clair  Alimentation en gaz : par petit r\u00e9servoir de gaz rechargeable avec des recharges type briquet  Plage de mesure : ambiante jusqu&#039;\u00e0 300\u00b0C  T\u00e9l\u00e9charger la brochure produit : Setaflash s\u00e9rie 3 open cup\" \/>\n<meta property=\"og:url\" content=\"https:\/\/webdesi-gn.fr\/dev_deltalabo\/produits\/cat-produit\/point-eclair-manuel-coupe-ouverte-setaflash-serie-3\/\" \/>\n<meta property=\"og:site_name\" content=\"DeltaLabo\" \/>\n<meta property=\"article:modified_time\" content=\"2025-11-24T12:47:42+00:00\" \/>\n<meta property=\"og:image\" content=\"https:\/\/webdesi-gn.fr\/dev_deltalabo\/wp-content\/uploads\/2024\/03\/DELTA-LABO-setaflash-coupe-ouverte.jpg\" \/>\n\t<meta property=\"og:image:width\" content=\"783\" \/>\n\t<meta property=\"og:image:height\" content=\"731\" \/>\n\t<meta property=\"og:image:type\" content=\"image\/jpeg\" \/>\n<meta name=\"twitter:card\" content=\"summary_large_image\" \/>\n<meta name=\"twitter:label1\" content=\"Dur\u00e9e de lecture estim\u00e9e\" \/>\n\t<meta name=\"twitter:data1\" content=\"1 minute\" \/>\n<script type=\"application\/ld+json\" class=\"yoast-schema-graph\">{\"@context\":\"https:\\\/\\\/schema.org\",\"@graph\":[{\"@type\":\"WebPage\",\"@id\":\"https:\\\/\\\/webdesi-gn.fr\\\/dev_deltalabo\\\/produits\\\/cat-produit\\\/point-eclair-manuel-coupe-ouverte-setaflash-serie-3\\\/\",\"url\":\"https:\\\/\\\/webdesi-gn.fr\\\/dev_deltalabo\\\/produits\\\/cat-produit\\\/point-eclair-manuel-coupe-ouverte-setaflash-serie-3\\\/\",\"name\":\"Point \u00e9clair manuel coupe ouverte Setaflash S\u00e9rie 3 | DeltaLabo\",\"isPartOf\":{\"@id\":\"https:\\\/\\\/webdesi-gn.fr\\\/dev_deltalabo\\\/#website\"},\"primaryImageOfPage\":{\"@id\":\"https:\\\/\\\/webdesi-gn.fr\\\/dev_deltalabo\\\/produits\\\/cat-produit\\\/point-eclair-manuel-coupe-ouverte-setaflash-serie-3\\\/#primaryimage\"},\"image\":{\"@id\":\"https:\\\/\\\/webdesi-gn.fr\\\/dev_deltalabo\\\/produits\\\/cat-produit\\\/point-eclair-manuel-coupe-ouverte-setaflash-serie-3\\\/#primaryimage\"},\"thumbnailUrl\":\"https:\\\/\\\/webdesi-gn.fr\\\/dev_deltalabo\\\/wp-content\\\/uploads\\\/2025\\\/11\\\/DELTA-LABO-setaflash-coupe-ouverte.jpg\",\"datePublished\":\"2024-03-04T10:03:58+00:00\",\"dateModified\":\"2025-11-24T12:47:42+00:00\",\"breadcrumb\":{\"@id\":\"https:\\\/\\\/webdesi-gn.fr\\\/dev_deltalabo\\\/produits\\\/cat-produit\\\/point-eclair-manuel-coupe-ouverte-setaflash-serie-3\\\/#breadcrumb\"},\"inLanguage\":\"fr-FR\",\"potentialAction\":[{\"@type\":\"ReadAction\",\"target\":[\"https:\\\/\\\/webdesi-gn.fr\\\/dev_deltalabo\\\/produits\\\/cat-produit\\\/point-eclair-manuel-coupe-ouverte-setaflash-serie-3\\\/\"]}]},{\"@type\":\"ImageObject\",\"inLanguage\":\"fr-FR\",\"@id\":\"https:\\\/\\\/webdesi-gn.fr\\\/dev_deltalabo\\\/produits\\\/cat-produit\\\/point-eclair-manuel-coupe-ouverte-setaflash-serie-3\\\/#primaryimage\",\"url\":\"https:\\\/\\\/webdesi-gn.fr\\\/dev_deltalabo\\\/wp-content\\\/uploads\\\/2025\\\/11\\\/DELTA-LABO-setaflash-coupe-ouverte.jpg\",\"contentUrl\":\"https:\\\/\\\/webdesi-gn.fr\\\/dev_deltalabo\\\/wp-content\\\/uploads\\\/2025\\\/11\\\/DELTA-LABO-setaflash-coupe-ouverte.jpg\",\"width\":783,\"height\":731},{\"@type\":\"BreadcrumbList\",\"@id\":\"https:\\\/\\\/webdesi-gn.fr\\\/dev_deltalabo\\\/produits\\\/cat-produit\\\/point-eclair-manuel-coupe-ouverte-setaflash-serie-3\\\/#breadcrumb\",\"itemListElement\":[{\"@type\":\"ListItem\",\"position\":1,\"name\":\"Accueil\",\"item\":\"https:\\\/\\\/webdesi-gn.fr\\\/dev_deltalabo\\\/\"},{\"@type\":\"ListItem\",\"position\":2,\"name\":\"Produits\",\"item\":\"https:\\\/\\\/webdesi-gn.fr\\\/dev_deltalabo\\\/produits\\\/\"},{\"@type\":\"ListItem\",\"position\":3,\"name\":\"Point \u00e9clair manuel coupe ouverte Setaflash S\u00e9rie 3\"}]},{\"@type\":\"WebSite\",\"@id\":\"https:\\\/\\\/webdesi-gn.fr\\\/dev_deltalabo\\\/#website\",\"url\":\"https:\\\/\\\/webdesi-gn.fr\\\/dev_deltalabo\\\/\",\"name\":\"Delta Labo\",\"description\":\"Un site utilisant WordPress\",\"publisher\":{\"@id\":\"https:\\\/\\\/webdesi-gn.fr\\\/dev_deltalabo\\\/#organization\"},\"alternateName\":\"Delta Labo\",\"potentialAction\":[{\"@type\":\"SearchAction\",\"target\":{\"@type\":\"EntryPoint\",\"urlTemplate\":\"https:\\\/\\\/webdesi-gn.fr\\\/dev_deltalabo\\\/?s={search_term_string}\"},\"query-input\":{\"@type\":\"PropertyValueSpecification\",\"valueRequired\":true,\"valueName\":\"search_term_string\"}}],\"inLanguage\":\"fr-FR\"},{\"@type\":\"Organization\",\"@id\":\"https:\\\/\\\/webdesi-gn.fr\\\/dev_deltalabo\\\/#organization\",\"name\":\"DeltaLabo\",\"url\":\"https:\\\/\\\/webdesi-gn.fr\\\/dev_deltalabo\\\/\",\"logo\":{\"@type\":\"ImageObject\",\"inLanguage\":\"fr-FR\",\"@id\":\"https:\\\/\\\/webdesi-gn.fr\\\/dev_deltalabo\\\/#\\\/schema\\\/logo\\\/image\\\/\",\"url\":\"https:\\\/\\\/webdesi-gn.fr\\\/dev_deltalabo\\\/wp-content\\\/uploads\\\/2022\\\/07\\\/logo-deltalabo.png\",\"contentUrl\":\"https:\\\/\\\/webdesi-gn.fr\\\/dev_deltalabo\\\/wp-content\\\/uploads\\\/2022\\\/07\\\/logo-deltalabo.png\",\"width\":694,\"height\":306,\"caption\":\"DeltaLabo\"},\"image\":{\"@id\":\"https:\\\/\\\/webdesi-gn.fr\\\/dev_deltalabo\\\/#\\\/schema\\\/logo\\\/image\\\/\"}}]}<\/script>\n<!-- \/ Yoast SEO plugin. -->","yoast_head_json":{"title":"Point \u00e9clair manuel coupe ouverte Setaflash S\u00e9rie 3 | DeltaLabo","robots":{"index":"noindex","follow":"follow","max-snippet":"max-snippet:-1","max-image-preview":"max-image-preview:large","max-video-preview":"max-video-preview:-1"},"og_locale":"fr_FR","og_type":"article","og_title":"Point \u00e9clair manuel coupe ouverte Setaflash S\u00e9rie 3 | DeltaLabo","og_description":"Point \u00e9clair manuel SetaFlash S\u00e9rie 3 coupe ouverte :   L'instrument Setaflash S\u00e9rie 3 \"open cup\" est un appareil point \u00e9clair sp\u00e9cial \u00e0 coupe ouverte r\u00e9pondant aux normes ASTM D4206, BS 3900 Part A11, ISO 9038, UN Class 3 Test L. 3, CFR 49-173.120 et IATA mati\u00e8res dangereuses.  Caract\u00e9ristiques :   Volume d'\u00e9chantillon : 2 \u00e0 3ml  Ignition manuelle et d\u00e9termination visuelle du point \u00e9clair  Alimentation en gaz : par petit r\u00e9servoir de gaz rechargeable avec des recharges type briquet  Plage de mesure : ambiante jusqu'\u00e0 300\u00b0C  T\u00e9l\u00e9charger la brochure produit : Setaflash s\u00e9rie 3 open cup","og_url":"https:\/\/webdesi-gn.fr\/dev_deltalabo\/produits\/cat-produit\/point-eclair-manuel-coupe-ouverte-setaflash-serie-3\/","og_site_name":"DeltaLabo","article_modified_time":"2025-11-24T12:47:42+00:00","og_image":[{"width":783,"height":731,"url":"https:\/\/webdesi-gn.fr\/dev_deltalabo\/wp-content\/uploads\/2024\/03\/DELTA-LABO-setaflash-coupe-ouverte.jpg","type":"image\/jpeg"}],"twitter_card":"summary_large_image","twitter_misc":{"Dur\u00e9e de lecture estim\u00e9e":"1 minute"},"schema":{"@context":"https:\/\/schema.org","@graph":[{"@type":"WebPage","@id":"https:\/\/webdesi-gn.fr\/dev_deltalabo\/produits\/cat-produit\/point-eclair-manuel-coupe-ouverte-setaflash-serie-3\/","url":"https:\/\/webdesi-gn.fr\/dev_deltalabo\/produits\/cat-produit\/point-eclair-manuel-coupe-ouverte-setaflash-serie-3\/","name":"Point \u00e9clair manuel coupe ouverte Setaflash S\u00e9rie 3 | DeltaLabo","isPartOf":{"@id":"https:\/\/webdesi-gn.fr\/dev_deltalabo\/#website"},"primaryImageOfPage":{"@id":"https:\/\/webdesi-gn.fr\/dev_deltalabo\/produits\/cat-produit\/point-eclair-manuel-coupe-ouverte-setaflash-serie-3\/#primaryimage"},"image":{"@id":"https:\/\/webdesi-gn.fr\/dev_deltalabo\/produits\/cat-produit\/point-eclair-manuel-coupe-ouverte-setaflash-serie-3\/#primaryimage"},"thumbnailUrl":"https:\/\/webdesi-gn.fr\/dev_deltalabo\/wp-content\/uploads\/2025\/11\/DELTA-LABO-setaflash-coupe-ouverte.jpg","datePublished":"2024-03-04T10:03:58+00:00","dateModified":"2025-11-24T12:47:42+00:00","breadcrumb":{"@id":"https:\/\/webdesi-gn.fr\/dev_deltalabo\/produits\/cat-produit\/point-eclair-manuel-coupe-ouverte-setaflash-serie-3\/#breadcrumb"},"inLanguage":"fr-FR","potentialAction":[{"@type":"ReadAction","target":["https:\/\/webdesi-gn.fr\/dev_deltalabo\/produits\/cat-produit\/point-eclair-manuel-coupe-ouverte-setaflash-serie-3\/"]}]},{"@type":"ImageObject","inLanguage":"fr-FR","@id":"https:\/\/webdesi-gn.fr\/dev_deltalabo\/produits\/cat-produit\/point-eclair-manuel-coupe-ouverte-setaflash-serie-3\/#primaryimage","url":"https:\/\/webdesi-gn.fr\/dev_deltalabo\/wp-content\/uploads\/2025\/11\/DELTA-LABO-setaflash-coupe-ouverte.jpg","contentUrl":"https:\/\/webdesi-gn.fr\/dev_deltalabo\/wp-content\/uploads\/2025\/11\/DELTA-LABO-setaflash-coupe-ouverte.jpg","width":783,"height":731},{"@type":"BreadcrumbList","@id":"https:\/\/webdesi-gn.fr\/dev_deltalabo\/produits\/cat-produit\/point-eclair-manuel-coupe-ouverte-setaflash-serie-3\/#breadcrumb","itemListElement":[{"@type":"ListItem","position":1,"name":"Accueil","item":"https:\/\/webdesi-gn.fr\/dev_deltalabo\/"},{"@type":"ListItem","position":2,"name":"Produits","item":"https:\/\/webdesi-gn.fr\/dev_deltalabo\/produits\/"},{"@type":"ListItem","position":3,"name":"Point \u00e9clair manuel coupe ouverte Setaflash S\u00e9rie 3"}]},{"@type":"WebSite","@id":"https:\/\/webdesi-gn.fr\/dev_deltalabo\/#website","url":"https:\/\/webdesi-gn.fr\/dev_deltalabo\/","name":"Delta Labo","description":"Un site utilisant WordPress","publisher":{"@id":"https:\/\/webdesi-gn.fr\/dev_deltalabo\/#organization"},"alternateName":"Delta Labo","potentialAction":[{"@type":"SearchAction","target":{"@type":"EntryPoint","urlTemplate":"https:\/\/webdesi-gn.fr\/dev_deltalabo\/?s={search_term_string}"},"query-input":{"@type":"PropertyValueSpecification","valueRequired":true,"valueName":"search_term_string"}}],"inLanguage":"fr-FR"},{"@type":"Organization","@id":"https:\/\/webdesi-gn.fr\/dev_deltalabo\/#organization","name":"DeltaLabo","url":"https:\/\/webdesi-gn.fr\/dev_deltalabo\/","logo":{"@type":"ImageObject","inLanguage":"fr-FR","@id":"https:\/\/webdesi-gn.fr\/dev_deltalabo\/#\/schema\/logo\/image\/","url":"https:\/\/webdesi-gn.fr\/dev_deltalabo\/wp-content\/uploads\/2022\/07\/logo-deltalabo.png","contentUrl":"https:\/\/webdesi-gn.fr\/dev_deltalabo\/wp-content\/uploads\/2022\/07\/logo-deltalabo.png","width":694,"height":306,"caption":"DeltaLabo"},"image":{"@id":"https:\/\/webdesi-gn.fr\/dev_deltalabo\/#\/schema\/logo\/image\/"}}]}},"_links":{"self":[{"href":"https:\/\/webdesi-gn.fr\/dev_deltalabo\/wp-json\/wp\/v2\/product\/256086","targetHints":{"allow":["GET"]}}],"collection":[{"href":"https:\/\/webdesi-gn.fr\/dev_deltalabo\/wp-json\/wp\/v2\/product"}],"about":[{"href":"https:\/\/webdesi-gn.fr\/dev_deltalabo\/wp-json\/wp\/v2\/types\/product"}],"wp:featuredmedia":[{"embeddable":true,"href":"https:\/\/webdesi-gn.fr\/dev_deltalabo\/wp-json\/wp\/v2\/media\/262144"}],"wp:attachment":[{"href":"https:\/\/webdesi-gn.fr\/dev_deltalabo\/wp-json\/wp\/v2\/media?parent=256086"}],"wp:term":[{"taxonomy":"domaine","embeddable":true,"href":"https:\/\/webdesi-gn.fr\/dev_deltalabo\/wp-json\/wp\/v2\/domaine?post=256086"},{"taxonomy":"normes","embeddable":true,"href":"https:\/\/webdesi-gn.fr\/dev_deltalabo\/wp-json\/wp\/v2\/normes?post=256086"},{"taxonomy":"product_brand","embeddable":true,"href":"https:\/\/webdesi-gn.fr\/dev_deltalabo\/wp-json\/wp\/v2\/product_brand?post=256086"},{"taxonomy":"product_cat","embeddable":true,"href":"https:\/\/webdesi-gn.fr\/dev_deltalabo\/wp-json\/wp\/v2\/product_cat?post=256086"},{"taxonomy":"product_tag","embeddable":true,"href":"https:\/\/webdesi-gn.fr\/dev_deltalabo\/wp-json\/wp\/v2\/product_tag?post=256086"}],"curies":[{"name":"wp","href":"https:\/\/api.w.org\/{rel}","templated":true}]}}