{"id":256093,"date":"2024-03-04T11:14:46","date_gmt":"2024-03-04T10:14:46","guid":{"rendered":"https:\/\/webdesi-gn.fr\/dev_deltalabo\/?post_type=product&#038;p=256093"},"modified":"2025-07-10T10:32:24","modified_gmt":"2025-07-10T08:32:24","slug":"appareil-pression-de-vapeur-semi-automatique-setavap","status":"publish","type":"product","link":"https:\/\/webdesi-gn.fr\/dev_deltalabo\/produits\/cat-produit\/appareil-pression-de-vapeur-semi-automatique-setavap\/","title":{"rendered":"Appareil pression de vapeur semi automatique Setavap 2 STANHOPE SETA &#8211; ASTM D5191 &#8211; IP 394"},"content":{"rendered":"","protected":false},"excerpt":{"rendered":"<p><strong>Appareil de test de pression de vapeur STANHOPE SETA :<\/strong><\/p>\n<p>L&rsquo;appareil SETAVAP 2 est un instrument de mesure de la pression de vapeur d&rsquo;essence, solvants et de produits similaires. Il r\u00e9pond aux normes ASTM D5191, IP 394, IP 409 (37.8\u00b0C), IP 481, EN 13016-1 et EN 13016-2.<\/p>\n<p>Le SETAVAP 2 utilise une chambre de volume fixe r\u00e9gul\u00e9e en temp\u00e9rature \u00e0 37,8\u00b0C \u00b1 0,1\u00b0 C (100\u00b0 F).<\/p>\n<p>Le SETAVAP 2 poss\u00e8de un afficheur num\u00e9rique \u00e0 deux lignes o\u00f9 l\u2019op\u00e9rateur suit la s\u00e9quence de test. Celui-ci affiche aussi le r\u00e9sultat du test et le statut de l\u2019appareil.<\/p>\n<p>Le point final de l&rsquo;essai est d\u00e9termin\u00e9 automatiquement en fonction de la m\u00e9thode d&rsquo;essai choisie. Lorsque la pression atteint une valeur qui est stable autour des 0.1kPa pendant trois minutes, la valeur est enregistr\u00e9e comme point final de l&rsquo;essai.<\/p>\n<p><strong>T\u00e9l\u00e9charger la brochure produit :<\/strong> <a href=\"https:\/\/webdesi-gn.fr\/dev_deltalabo\/wp-content\/uploads\/2025\/03\/Doc-Setavap-2-engl-DL.pdf\">Setavap 2, test de pression de vapeur<\/a><\/p>\n","protected":false},"featured_media":259026,"template":"","meta":{"_acf_changed":false,"site-sidebar-layout":"default","site-content-layout":"","ast-site-content-layout":"default","site-content-style":"default","site-sidebar-style":"default","ast-global-header-display":"","ast-banner-title-visibility":"","ast-main-header-display":"","ast-hfb-above-header-display":"","ast-hfb-below-header-display":"","ast-hfb-mobile-header-display":"","site-post-title":"","ast-breadcrumbs-content":"","ast-featured-img":"","footer-sml-layout":"","ast-disable-related-posts":"","theme-transparent-header-meta":"","adv-header-id-meta":"","stick-header-meta":"","header-above-stick-meta":"","header-main-stick-meta":"","header-below-stick-meta":"","astra-migrate-meta-layouts":"default","ast-page-background-enabled":"default","ast-page-background-meta":{"desktop":{"background-color":"var(--ast-global-color-5)","background-image":"","background-repeat":"repeat","background-position":"center center","background-size":"auto","background-attachment":"scroll","background-type":"","background-media":"","overlay-type":"","overlay-color":"","overlay-opacity":"","overlay-gradient":""},"tablet":{"background-color":"","background-image":"","background-repeat":"repeat","background-position":"center center","background-size":"auto","background-attachment":"scroll","background-type":"","background-media":"","overlay-type":"","overlay-color":"","overlay-opacity":"","overlay-gradient":""},"mobile":{"background-color":"","background-image":"","background-repeat":"repeat","background-position":"center center","background-size":"auto","background-attachment":"scroll","background-type":"","background-media":"","overlay-type":"","overlay-color":"","overlay-opacity":"","overlay-gradient":""}},"ast-content-background-meta":{"desktop":{"background-color":"var(--ast-global-color-4)","background-image":"","background-repeat":"repeat","background-position":"center center","background-size":"auto","background-attachment":"scroll","background-type":"","background-media":"","overlay-type":"","overlay-color":"","overlay-opacity":"","overlay-gradient":""},"tablet":{"background-color":"var(--ast-global-color-4)","background-image":"","background-repeat":"repeat","background-position":"center center","background-size":"auto","background-attachment":"scroll","background-type":"","background-media":"","overlay-type":"","overlay-color":"","overlay-opacity":"","overlay-gradient":""},"mobile":{"background-color":"var(--ast-global-color-4)","background-image":"","background-repeat":"repeat","background-position":"center center","background-size":"auto","background-attachment":"scroll","background-type":"","background-media":"","overlay-type":"","overlay-color":"","overlay-opacity":"","overlay-gradient":""}}},"domaine":[],"normes":[3346,17135,5257,5258,17159,17158,17154],"product_brand":[],"product_cat":[15],"product_tag":[],"class_list":{"0":"post-256093","1":"product","2":"type-product","3":"status-publish","4":"has-post-thumbnail","6":"normes-d5191","7":"normes-din-51562","8":"normes-en-13016-1","9":"normes-en-13016-2","10":"normes-ip-394","11":"normes-ip-409","12":"normes-ip-481","13":"product_cat-cat-produit","14":"desktop-align-left","15":"tablet-align-left","16":"mobile-align-left","18":"first","19":"instock","20":"shipping-taxable","21":"purchasable","22":"product-type-simple"},"acf":[],"yoast_head":"<!-- This site is optimized with the Yoast SEO plugin v27.4 - https:\/\/yoast.com\/product\/yoast-seo-wordpress\/ -->\n<title>Appareil pression de vapeur semi automatique Setavap 2 STANHOPE SETA - ASTM D5191 - IP 394 | DeltaLabo<\/title>\n<meta name=\"robots\" content=\"noindex, follow, max-snippet:-1, max-image-preview:large, max-video-preview:-1\" \/>\n<meta property=\"og:locale\" content=\"fr_FR\" \/>\n<meta property=\"og:type\" content=\"article\" \/>\n<meta property=\"og:title\" content=\"Appareil pression de vapeur semi automatique Setavap 2 STANHOPE SETA - ASTM D5191 - IP 394 | DeltaLabo\" \/>\n<meta property=\"og:description\" content=\"Appareil de test de pression de vapeur STANHOPE SETA :  L&#039;appareil SETAVAP 2 est un instrument de mesure de la pression de vapeur d&#039;essence, solvants et de produits similaires. Il r\u00e9pond aux normes ASTM D5191, IP 394, IP 409 (37.8\u00b0C), IP 481, EN 13016-1 et EN 13016-2.  Le SETAVAP 2 utilise une chambre de volume fixe r\u00e9gul\u00e9e en temp\u00e9rature \u00e0 37,8\u00b0C \u00b1 0,1\u00b0 C (100\u00b0 F).  Le SETAVAP 2 poss\u00e8de un afficheur num\u00e9rique \u00e0 deux lignes o\u00f9 l\u2019op\u00e9rateur suit la s\u00e9quence de test. Celui-ci affiche aussi le r\u00e9sultat du test et le statut de l\u2019appareil.  Le point final de l&#039;essai est d\u00e9termin\u00e9 automatiquement en fonction de la m\u00e9thode d&#039;essai choisie. Lorsque la pression atteint une valeur qui est stable autour des 0.1kPa pendant trois minutes, la valeur est enregistr\u00e9e comme point final de l&#039;essai.  T\u00e9l\u00e9charger la brochure produit : Setavap 2, test de pression de vapeur\" \/>\n<meta property=\"og:url\" content=\"https:\/\/webdesi-gn.fr\/dev_deltalabo\/produits\/cat-produit\/appareil-pression-de-vapeur-semi-automatique-setavap\/\" \/>\n<meta property=\"og:site_name\" content=\"DeltaLabo\" \/>\n<meta property=\"article:modified_time\" content=\"2025-07-10T08:32:24+00:00\" \/>\n<meta property=\"og:image\" content=\"https:\/\/webdesi-gn.fr\/dev_deltalabo\/wp-content\/uploads\/2024\/03\/DELTALABO-Appareil-pression-de-vapeur-Setavap-2.webp\" \/>\n\t<meta property=\"og:image:width\" content=\"800\" \/>\n\t<meta property=\"og:image:height\" content=\"800\" \/>\n\t<meta property=\"og:image:type\" content=\"image\/webp\" \/>\n<meta name=\"twitter:card\" content=\"summary_large_image\" \/>\n<meta name=\"twitter:label1\" content=\"Dur\u00e9e de lecture estim\u00e9e\" \/>\n\t<meta name=\"twitter:data1\" content=\"1 minute\" \/>\n<script type=\"application\/ld+json\" class=\"yoast-schema-graph\">{\"@context\":\"https:\\\/\\\/schema.org\",\"@graph\":[{\"@type\":\"WebPage\",\"@id\":\"https:\\\/\\\/webdesi-gn.fr\\\/dev_deltalabo\\\/produits\\\/cat-produit\\\/appareil-pression-de-vapeur-semi-automatique-setavap\\\/\",\"url\":\"https:\\\/\\\/webdesi-gn.fr\\\/dev_deltalabo\\\/produits\\\/cat-produit\\\/appareil-pression-de-vapeur-semi-automatique-setavap\\\/\",\"name\":\"Appareil pression de vapeur semi automatique Setavap 2 STANHOPE SETA - ASTM D5191 - IP 394 | DeltaLabo\",\"isPartOf\":{\"@id\":\"https:\\\/\\\/webdesi-gn.fr\\\/dev_deltalabo\\\/#website\"},\"primaryImageOfPage\":{\"@id\":\"https:\\\/\\\/webdesi-gn.fr\\\/dev_deltalabo\\\/produits\\\/cat-produit\\\/appareil-pression-de-vapeur-semi-automatique-setavap\\\/#primaryimage\"},\"image\":{\"@id\":\"https:\\\/\\\/webdesi-gn.fr\\\/dev_deltalabo\\\/produits\\\/cat-produit\\\/appareil-pression-de-vapeur-semi-automatique-setavap\\\/#primaryimage\"},\"thumbnailUrl\":\"https:\\\/\\\/webdesi-gn.fr\\\/dev_deltalabo\\\/wp-content\\\/uploads\\\/2024\\\/03\\\/DELTALABO-Appareil-pression-de-vapeur-Setavap-2.webp\",\"datePublished\":\"2024-03-04T10:14:46+00:00\",\"dateModified\":\"2025-07-10T08:32:24+00:00\",\"breadcrumb\":{\"@id\":\"https:\\\/\\\/webdesi-gn.fr\\\/dev_deltalabo\\\/produits\\\/cat-produit\\\/appareil-pression-de-vapeur-semi-automatique-setavap\\\/#breadcrumb\"},\"inLanguage\":\"fr-FR\",\"potentialAction\":[{\"@type\":\"ReadAction\",\"target\":[\"https:\\\/\\\/webdesi-gn.fr\\\/dev_deltalabo\\\/produits\\\/cat-produit\\\/appareil-pression-de-vapeur-semi-automatique-setavap\\\/\"]}]},{\"@type\":\"ImageObject\",\"inLanguage\":\"fr-FR\",\"@id\":\"https:\\\/\\\/webdesi-gn.fr\\\/dev_deltalabo\\\/produits\\\/cat-produit\\\/appareil-pression-de-vapeur-semi-automatique-setavap\\\/#primaryimage\",\"url\":\"https:\\\/\\\/webdesi-gn.fr\\\/dev_deltalabo\\\/wp-content\\\/uploads\\\/2024\\\/03\\\/DELTALABO-Appareil-pression-de-vapeur-Setavap-2.webp\",\"contentUrl\":\"https:\\\/\\\/webdesi-gn.fr\\\/dev_deltalabo\\\/wp-content\\\/uploads\\\/2024\\\/03\\\/DELTALABO-Appareil-pression-de-vapeur-Setavap-2.webp\",\"width\":800,\"height\":800},{\"@type\":\"BreadcrumbList\",\"@id\":\"https:\\\/\\\/webdesi-gn.fr\\\/dev_deltalabo\\\/produits\\\/cat-produit\\\/appareil-pression-de-vapeur-semi-automatique-setavap\\\/#breadcrumb\",\"itemListElement\":[{\"@type\":\"ListItem\",\"position\":1,\"name\":\"Accueil\",\"item\":\"https:\\\/\\\/webdesi-gn.fr\\\/dev_deltalabo\\\/\"},{\"@type\":\"ListItem\",\"position\":2,\"name\":\"Produits\",\"item\":\"https:\\\/\\\/webdesi-gn.fr\\\/dev_deltalabo\\\/produits\\\/\"},{\"@type\":\"ListItem\",\"position\":3,\"name\":\"Appareil pression de vapeur semi automatique Setavap 2 STANHOPE SETA &#8211; ASTM D5191 &#8211; IP 394\"}]},{\"@type\":\"WebSite\",\"@id\":\"https:\\\/\\\/webdesi-gn.fr\\\/dev_deltalabo\\\/#website\",\"url\":\"https:\\\/\\\/webdesi-gn.fr\\\/dev_deltalabo\\\/\",\"name\":\"Delta Labo\",\"description\":\"Un site utilisant WordPress\",\"publisher\":{\"@id\":\"https:\\\/\\\/webdesi-gn.fr\\\/dev_deltalabo\\\/#organization\"},\"alternateName\":\"Delta Labo\",\"potentialAction\":[{\"@type\":\"SearchAction\",\"target\":{\"@type\":\"EntryPoint\",\"urlTemplate\":\"https:\\\/\\\/webdesi-gn.fr\\\/dev_deltalabo\\\/?s={search_term_string}\"},\"query-input\":{\"@type\":\"PropertyValueSpecification\",\"valueRequired\":true,\"valueName\":\"search_term_string\"}}],\"inLanguage\":\"fr-FR\"},{\"@type\":\"Organization\",\"@id\":\"https:\\\/\\\/webdesi-gn.fr\\\/dev_deltalabo\\\/#organization\",\"name\":\"DeltaLabo\",\"url\":\"https:\\\/\\\/webdesi-gn.fr\\\/dev_deltalabo\\\/\",\"logo\":{\"@type\":\"ImageObject\",\"inLanguage\":\"fr-FR\",\"@id\":\"https:\\\/\\\/webdesi-gn.fr\\\/dev_deltalabo\\\/#\\\/schema\\\/logo\\\/image\\\/\",\"url\":\"https:\\\/\\\/webdesi-gn.fr\\\/dev_deltalabo\\\/wp-content\\\/uploads\\\/2022\\\/07\\\/logo-deltalabo.png\",\"contentUrl\":\"https:\\\/\\\/webdesi-gn.fr\\\/dev_deltalabo\\\/wp-content\\\/uploads\\\/2022\\\/07\\\/logo-deltalabo.png\",\"width\":694,\"height\":306,\"caption\":\"DeltaLabo\"},\"image\":{\"@id\":\"https:\\\/\\\/webdesi-gn.fr\\\/dev_deltalabo\\\/#\\\/schema\\\/logo\\\/image\\\/\"}}]}<\/script>\n<!-- \/ Yoast SEO plugin. -->","yoast_head_json":{"title":"Appareil pression de vapeur semi automatique Setavap 2 STANHOPE SETA - ASTM D5191 - IP 394 | DeltaLabo","robots":{"index":"noindex","follow":"follow","max-snippet":"max-snippet:-1","max-image-preview":"max-image-preview:large","max-video-preview":"max-video-preview:-1"},"og_locale":"fr_FR","og_type":"article","og_title":"Appareil pression de vapeur semi automatique Setavap 2 STANHOPE SETA - ASTM D5191 - IP 394 | DeltaLabo","og_description":"Appareil de test de pression de vapeur STANHOPE SETA :  L'appareil SETAVAP 2 est un instrument de mesure de la pression de vapeur d'essence, solvants et de produits similaires. Il r\u00e9pond aux normes ASTM D5191, IP 394, IP 409 (37.8\u00b0C), IP 481, EN 13016-1 et EN 13016-2.  Le SETAVAP 2 utilise une chambre de volume fixe r\u00e9gul\u00e9e en temp\u00e9rature \u00e0 37,8\u00b0C \u00b1 0,1\u00b0 C (100\u00b0 F).  Le SETAVAP 2 poss\u00e8de un afficheur num\u00e9rique \u00e0 deux lignes o\u00f9 l\u2019op\u00e9rateur suit la s\u00e9quence de test. Celui-ci affiche aussi le r\u00e9sultat du test et le statut de l\u2019appareil.  Le point final de l'essai est d\u00e9termin\u00e9 automatiquement en fonction de la m\u00e9thode d'essai choisie. Lorsque la pression atteint une valeur qui est stable autour des 0.1kPa pendant trois minutes, la valeur est enregistr\u00e9e comme point final de l'essai.  T\u00e9l\u00e9charger la brochure produit : Setavap 2, test de pression de vapeur","og_url":"https:\/\/webdesi-gn.fr\/dev_deltalabo\/produits\/cat-produit\/appareil-pression-de-vapeur-semi-automatique-setavap\/","og_site_name":"DeltaLabo","article_modified_time":"2025-07-10T08:32:24+00:00","og_image":[{"width":800,"height":800,"url":"https:\/\/webdesi-gn.fr\/dev_deltalabo\/wp-content\/uploads\/2024\/03\/DELTALABO-Appareil-pression-de-vapeur-Setavap-2.webp","type":"image\/webp"}],"twitter_card":"summary_large_image","twitter_misc":{"Dur\u00e9e de lecture estim\u00e9e":"1 minute"},"schema":{"@context":"https:\/\/schema.org","@graph":[{"@type":"WebPage","@id":"https:\/\/webdesi-gn.fr\/dev_deltalabo\/produits\/cat-produit\/appareil-pression-de-vapeur-semi-automatique-setavap\/","url":"https:\/\/webdesi-gn.fr\/dev_deltalabo\/produits\/cat-produit\/appareil-pression-de-vapeur-semi-automatique-setavap\/","name":"Appareil pression de vapeur semi automatique Setavap 2 STANHOPE SETA - ASTM D5191 - IP 394 | DeltaLabo","isPartOf":{"@id":"https:\/\/webdesi-gn.fr\/dev_deltalabo\/#website"},"primaryImageOfPage":{"@id":"https:\/\/webdesi-gn.fr\/dev_deltalabo\/produits\/cat-produit\/appareil-pression-de-vapeur-semi-automatique-setavap\/#primaryimage"},"image":{"@id":"https:\/\/webdesi-gn.fr\/dev_deltalabo\/produits\/cat-produit\/appareil-pression-de-vapeur-semi-automatique-setavap\/#primaryimage"},"thumbnailUrl":"https:\/\/webdesi-gn.fr\/dev_deltalabo\/wp-content\/uploads\/2024\/03\/DELTALABO-Appareil-pression-de-vapeur-Setavap-2.webp","datePublished":"2024-03-04T10:14:46+00:00","dateModified":"2025-07-10T08:32:24+00:00","breadcrumb":{"@id":"https:\/\/webdesi-gn.fr\/dev_deltalabo\/produits\/cat-produit\/appareil-pression-de-vapeur-semi-automatique-setavap\/#breadcrumb"},"inLanguage":"fr-FR","potentialAction":[{"@type":"ReadAction","target":["https:\/\/webdesi-gn.fr\/dev_deltalabo\/produits\/cat-produit\/appareil-pression-de-vapeur-semi-automatique-setavap\/"]}]},{"@type":"ImageObject","inLanguage":"fr-FR","@id":"https:\/\/webdesi-gn.fr\/dev_deltalabo\/produits\/cat-produit\/appareil-pression-de-vapeur-semi-automatique-setavap\/#primaryimage","url":"https:\/\/webdesi-gn.fr\/dev_deltalabo\/wp-content\/uploads\/2024\/03\/DELTALABO-Appareil-pression-de-vapeur-Setavap-2.webp","contentUrl":"https:\/\/webdesi-gn.fr\/dev_deltalabo\/wp-content\/uploads\/2024\/03\/DELTALABO-Appareil-pression-de-vapeur-Setavap-2.webp","width":800,"height":800},{"@type":"BreadcrumbList","@id":"https:\/\/webdesi-gn.fr\/dev_deltalabo\/produits\/cat-produit\/appareil-pression-de-vapeur-semi-automatique-setavap\/#breadcrumb","itemListElement":[{"@type":"ListItem","position":1,"name":"Accueil","item":"https:\/\/webdesi-gn.fr\/dev_deltalabo\/"},{"@type":"ListItem","position":2,"name":"Produits","item":"https:\/\/webdesi-gn.fr\/dev_deltalabo\/produits\/"},{"@type":"ListItem","position":3,"name":"Appareil pression de vapeur semi automatique Setavap 2 STANHOPE SETA &#8211; ASTM D5191 &#8211; IP 394"}]},{"@type":"WebSite","@id":"https:\/\/webdesi-gn.fr\/dev_deltalabo\/#website","url":"https:\/\/webdesi-gn.fr\/dev_deltalabo\/","name":"Delta Labo","description":"Un site utilisant WordPress","publisher":{"@id":"https:\/\/webdesi-gn.fr\/dev_deltalabo\/#organization"},"alternateName":"Delta Labo","potentialAction":[{"@type":"SearchAction","target":{"@type":"EntryPoint","urlTemplate":"https:\/\/webdesi-gn.fr\/dev_deltalabo\/?s={search_term_string}"},"query-input":{"@type":"PropertyValueSpecification","valueRequired":true,"valueName":"search_term_string"}}],"inLanguage":"fr-FR"},{"@type":"Organization","@id":"https:\/\/webdesi-gn.fr\/dev_deltalabo\/#organization","name":"DeltaLabo","url":"https:\/\/webdesi-gn.fr\/dev_deltalabo\/","logo":{"@type":"ImageObject","inLanguage":"fr-FR","@id":"https:\/\/webdesi-gn.fr\/dev_deltalabo\/#\/schema\/logo\/image\/","url":"https:\/\/webdesi-gn.fr\/dev_deltalabo\/wp-content\/uploads\/2022\/07\/logo-deltalabo.png","contentUrl":"https:\/\/webdesi-gn.fr\/dev_deltalabo\/wp-content\/uploads\/2022\/07\/logo-deltalabo.png","width":694,"height":306,"caption":"DeltaLabo"},"image":{"@id":"https:\/\/webdesi-gn.fr\/dev_deltalabo\/#\/schema\/logo\/image\/"}}]}},"_links":{"self":[{"href":"https:\/\/webdesi-gn.fr\/dev_deltalabo\/wp-json\/wp\/v2\/product\/256093","targetHints":{"allow":["GET"]}}],"collection":[{"href":"https:\/\/webdesi-gn.fr\/dev_deltalabo\/wp-json\/wp\/v2\/product"}],"about":[{"href":"https:\/\/webdesi-gn.fr\/dev_deltalabo\/wp-json\/wp\/v2\/types\/product"}],"wp:featuredmedia":[{"embeddable":true,"href":"https:\/\/webdesi-gn.fr\/dev_deltalabo\/wp-json\/wp\/v2\/media\/259026"}],"wp:attachment":[{"href":"https:\/\/webdesi-gn.fr\/dev_deltalabo\/wp-json\/wp\/v2\/media?parent=256093"}],"wp:term":[{"taxonomy":"domaine","embeddable":true,"href":"https:\/\/webdesi-gn.fr\/dev_deltalabo\/wp-json\/wp\/v2\/domaine?post=256093"},{"taxonomy":"normes","embeddable":true,"href":"https:\/\/webdesi-gn.fr\/dev_deltalabo\/wp-json\/wp\/v2\/normes?post=256093"},{"taxonomy":"product_brand","embeddable":true,"href":"https:\/\/webdesi-gn.fr\/dev_deltalabo\/wp-json\/wp\/v2\/product_brand?post=256093"},{"taxonomy":"product_cat","embeddable":true,"href":"https:\/\/webdesi-gn.fr\/dev_deltalabo\/wp-json\/wp\/v2\/product_cat?post=256093"},{"taxonomy":"product_tag","embeddable":true,"href":"https:\/\/webdesi-gn.fr\/dev_deltalabo\/wp-json\/wp\/v2\/product_tag?post=256093"}],"curies":[{"name":"wp","href":"https:\/\/api.w.org\/{rel}","templated":true}]}}