{"id":256096,"date":"2024-03-04T11:18:12","date_gmt":"2024-03-04T10:18:12","guid":{"rendered":"https:\/\/webdesi-gn.fr\/dev_deltalabo\/?post_type=product&#038;p=256096"},"modified":"2025-11-24T13:47:33","modified_gmt":"2025-11-24T12:47:33","slug":"appareil-test-doxydation-des-huiles","status":"publish","type":"product","link":"https:\/\/webdesi-gn.fr\/dev_deltalabo\/produits\/cat-produit\/appareil-test-doxydation-des-huiles\/","title":{"rendered":"Testeur d&rsquo;oxydation des huiles RPVOT (RBOT) TANNAS QUANTUM &#8211; ASTM D2272 &#8211; IP 229"},"content":{"rendered":"","protected":false},"excerpt":{"rendered":"<p><strong>Testeur d&rsquo;oxydation des huiles RPVOT (RBOT) TANNAS QUANTUM :<\/strong><br \/>\nL&rsquo;appareil pour test d\u2019oxydation des huiles RPVOT (RBOT) Quantum est conforme aux normes ASTM D2272, ASTM D2112, ASTM D4742, ASTM D7098, ASTM D942 et IP 229.<\/p>\n<p>Le RPVOT Quantum est un bain \u00e0 sec pour le test d&rsquo;oxydation des huiles. Il est souvent nomm\u00e9 RPVOT dans les publications et remplace avantageusement les anciens bains liquides RBOT.<\/p>\n<p>L&rsquo;avantage principal du RPVOT Quantum de Tannas par rapport aux autres instruments du march\u00e9, est la thermostatisation directe sur le b\u00e9cher. Il n&rsquo;y a plus de bain d&rsquo;huile, ce qui facilite l&rsquo;entretien. De plus l&rsquo;appareil est tr\u00e8s compact.<\/p>\n<p>Il suffit juste de pr\u00e9parer 50 g d&rsquo;\u00e9chantillon dans le b\u00e9cher avec 5 ml d&rsquo;eau distill\u00e9e et de le placer dans la chambre de mesure.<br \/>\nOn pressurise ensuite la chambre en oxyg\u00e8ne, la r\u00e9gulation en temp\u00e9rature et l\u2019agitation magn\u00e9tique se font ensuite automatiquement.<\/p>\n<p>Vous avez d\u00e9sormais la possibilit\u00e9 d&rsquo;avoir 4 appareils reli\u00e9s ensemble et fonctionnant de mani\u00e8re ind\u00e9pendante.<br \/>\nL&rsquo;acquisition des donn\u00e9es des RPVOT Quantum se fait par ordinateur fourni. Tous les tests sont sauvegard\u00e9s et peuvent \u00eatre consult\u00e9s \u00e0 tout moment.<\/p>\n<p><strong>T\u00e9l\u00e9charger la brochure produit :<\/strong> <a href=\"https:\/\/www.deltalabo.fr\/wp-content\/uploads\/2025\/03\/Brochure-Appareil-test-doxydation-des-huiles-QUANTUM-eng-DL.pdf\">Testeur d&rsquo;oxydation RPVOT (RBOT) Quantum<\/a><\/p>\n<p><strong>Visionner l&rsquo;utilisation du produit :<\/strong> <a href=\"https:\/\/www.youtube.com\/watch?v=PgvCikS2F60\">Testeur d&rsquo;oxydation RPVOT (RBOT) Quantum<\/a><\/p>\n","protected":false},"featured_media":262138,"template":"","meta":{"_acf_changed":false,"site-sidebar-layout":"default","site-content-layout":"","ast-site-content-layout":"default","site-content-style":"default","site-sidebar-style":"default","ast-global-header-display":"","ast-banner-title-visibility":"","ast-main-header-display":"","ast-hfb-above-header-display":"","ast-hfb-below-header-display":"","ast-hfb-mobile-header-display":"","site-post-title":"","ast-breadcrumbs-content":"","ast-featured-img":"","footer-sml-layout":"","ast-disable-related-posts":"","theme-transparent-header-meta":"","adv-header-id-meta":"","stick-header-meta":"","header-above-stick-meta":"","header-main-stick-meta":"","header-below-stick-meta":"","astra-migrate-meta-layouts":"default","ast-page-background-enabled":"default","ast-page-background-meta":{"desktop":{"background-color":"var(--ast-global-color-5)","background-image":"","background-repeat":"repeat","background-position":"center center","background-size":"auto","background-attachment":"scroll","background-type":"","background-media":"","overlay-type":"","overlay-color":"","overlay-opacity":"","overlay-gradient":""},"tablet":{"background-color":"","background-image":"","background-repeat":"repeat","background-position":"center center","background-size":"auto","background-attachment":"scroll","background-type":"","background-media":"","overlay-type":"","overlay-color":"","overlay-opacity":"","overlay-gradient":""},"mobile":{"background-color":"","background-image":"","background-repeat":"repeat","background-position":"center center","background-size":"auto","background-attachment":"scroll","background-type":"","background-media":"","overlay-type":"","overlay-color":"","overlay-opacity":"","overlay-gradient":""}},"ast-content-background-meta":{"desktop":{"background-color":"var(--ast-global-color-4)","background-image":"","background-repeat":"repeat","background-position":"center center","background-size":"auto","background-attachment":"scroll","background-type":"","background-media":"","overlay-type":"","overlay-color":"","overlay-opacity":"","overlay-gradient":""},"tablet":{"background-color":"var(--ast-global-color-4)","background-image":"","background-repeat":"repeat","background-position":"center center","background-size":"auto","background-attachment":"scroll","background-type":"","background-media":"","overlay-type":"","overlay-color":"","overlay-opacity":"","overlay-gradient":""},"mobile":{"background-color":"var(--ast-global-color-4)","background-image":"","background-repeat":"repeat","background-position":"center center","background-size":"auto","background-attachment":"scroll","background-type":"","background-media":"","overlay-type":"","overlay-color":"","overlay-opacity":"","overlay-gradient":""}}},"domaine":[],"normes":[3310,3313,3339,3375,3399,17135,17168],"product_brand":[],"product_cat":[15],"product_tag":[],"class_list":{"0":"post-256096","1":"product","2":"type-product","3":"status-publish","4":"has-post-thumbnail","6":"normes-d2112","7":"normes-d2272","8":"normes-d4742","9":"normes-d7098","10":"normes-d942","11":"normes-din-51562","12":"normes-ip-229","13":"product_cat-cat-produit","14":"desktop-align-left","15":"tablet-align-left","16":"mobile-align-left","18":"first","19":"instock","20":"shipping-taxable","21":"purchasable","22":"product-type-simple"},"acf":[],"yoast_head":"<!-- This site is optimized with the Yoast SEO plugin v27.4 - https:\/\/yoast.com\/product\/yoast-seo-wordpress\/ -->\n<title>Testeur d&#039;oxydation des huiles RPVOT (RBOT) TANNAS QUANTUM - ASTM D2272 - IP 229 | DeltaLabo<\/title>\n<meta name=\"robots\" content=\"noindex, follow, max-snippet:-1, max-image-preview:large, max-video-preview:-1\" \/>\n<meta property=\"og:locale\" content=\"fr_FR\" \/>\n<meta property=\"og:type\" content=\"article\" \/>\n<meta property=\"og:title\" content=\"Testeur d&#039;oxydation des huiles RPVOT (RBOT) TANNAS QUANTUM - ASTM D2272 - IP 229 | DeltaLabo\" \/>\n<meta property=\"og:description\" content=\"Testeur d&#039;oxydation des huiles RPVOT (RBOT) TANNAS QUANTUM : L&#039;appareil pour test d\u2019oxydation des huiles RPVOT (RBOT) Quantum est conforme aux normes ASTM D2272, ASTM D2112, ASTM D4742, ASTM D7098, ASTM D942 et IP 229.  Le RPVOT Quantum est un bain \u00e0 sec pour le test d&#039;oxydation des huiles. Il est souvent nomm\u00e9 RPVOT dans les publications et remplace avantageusement les anciens bains liquides RBOT.  L&#039;avantage principal du RPVOT Quantum de Tannas par rapport aux autres instruments du march\u00e9, est la thermostatisation directe sur le b\u00e9cher. Il n&#039;y a plus de bain d&#039;huile, ce qui facilite l&#039;entretien. De plus l&#039;appareil est tr\u00e8s compact.  Il suffit juste de pr\u00e9parer 50 g d&#039;\u00e9chantillon dans le b\u00e9cher avec 5 ml d&#039;eau distill\u00e9e et de le placer dans la chambre de mesure. On pressurise ensuite la chambre en oxyg\u00e8ne, la r\u00e9gulation en temp\u00e9rature et l\u2019agitation magn\u00e9tique se font ensuite automatiquement.  Vous avez d\u00e9sormais la possibilit\u00e9 d&#039;avoir 4 appareils reli\u00e9s ensemble et fonctionnant de mani\u00e8re ind\u00e9pendante. L&#039;acquisition des donn\u00e9es des RPVOT Quantum se fait par ordinateur fourni. Tous les tests sont sauvegard\u00e9s et peuvent \u00eatre consult\u00e9s \u00e0 tout moment.  T\u00e9l\u00e9charger la brochure produit : Testeur d&#039;oxydation RPVOT (RBOT) Quantum  Visionner l&#039;utilisation du produit : Testeur d&#039;oxydation RPVOT (RBOT) Quantum\" \/>\n<meta property=\"og:url\" content=\"https:\/\/webdesi-gn.fr\/dev_deltalabo\/produits\/cat-produit\/appareil-test-doxydation-des-huiles\/\" \/>\n<meta property=\"og:site_name\" content=\"DeltaLabo\" \/>\n<meta property=\"article:modified_time\" content=\"2025-11-24T12:47:33+00:00\" \/>\n<meta property=\"og:image\" content=\"https:\/\/webdesi-gn.fr\/dev_deltalabo\/wp-content\/uploads\/2024\/03\/DELTALABO-Test-doxydation-des-huiles-RBOT-QUANTUM-Tannas.jpg\" \/>\n\t<meta property=\"og:image:width\" content=\"832\" \/>\n\t<meta property=\"og:image:height\" content=\"761\" \/>\n\t<meta property=\"og:image:type\" content=\"image\/jpeg\" \/>\n<meta name=\"twitter:card\" content=\"summary_large_image\" \/>\n<meta name=\"twitter:label1\" content=\"Dur\u00e9e de lecture estim\u00e9e\" \/>\n\t<meta name=\"twitter:data1\" content=\"1 minute\" \/>\n<script type=\"application\/ld+json\" class=\"yoast-schema-graph\">{\"@context\":\"https:\\\/\\\/schema.org\",\"@graph\":[{\"@type\":\"WebPage\",\"@id\":\"https:\\\/\\\/webdesi-gn.fr\\\/dev_deltalabo\\\/produits\\\/cat-produit\\\/appareil-test-doxydation-des-huiles\\\/\",\"url\":\"https:\\\/\\\/webdesi-gn.fr\\\/dev_deltalabo\\\/produits\\\/cat-produit\\\/appareil-test-doxydation-des-huiles\\\/\",\"name\":\"Testeur d'oxydation des huiles RPVOT (RBOT) TANNAS QUANTUM - ASTM D2272 - IP 229 | DeltaLabo\",\"isPartOf\":{\"@id\":\"https:\\\/\\\/webdesi-gn.fr\\\/dev_deltalabo\\\/#website\"},\"primaryImageOfPage\":{\"@id\":\"https:\\\/\\\/webdesi-gn.fr\\\/dev_deltalabo\\\/produits\\\/cat-produit\\\/appareil-test-doxydation-des-huiles\\\/#primaryimage\"},\"image\":{\"@id\":\"https:\\\/\\\/webdesi-gn.fr\\\/dev_deltalabo\\\/produits\\\/cat-produit\\\/appareil-test-doxydation-des-huiles\\\/#primaryimage\"},\"thumbnailUrl\":\"https:\\\/\\\/webdesi-gn.fr\\\/dev_deltalabo\\\/wp-content\\\/uploads\\\/2025\\\/11\\\/DELTALABO-Test-doxydation-des-huiles-RBOT-QUANTUM-Tannas.jpg\",\"datePublished\":\"2024-03-04T10:18:12+00:00\",\"dateModified\":\"2025-11-24T12:47:33+00:00\",\"breadcrumb\":{\"@id\":\"https:\\\/\\\/webdesi-gn.fr\\\/dev_deltalabo\\\/produits\\\/cat-produit\\\/appareil-test-doxydation-des-huiles\\\/#breadcrumb\"},\"inLanguage\":\"fr-FR\",\"potentialAction\":[{\"@type\":\"ReadAction\",\"target\":[\"https:\\\/\\\/webdesi-gn.fr\\\/dev_deltalabo\\\/produits\\\/cat-produit\\\/appareil-test-doxydation-des-huiles\\\/\"]}]},{\"@type\":\"ImageObject\",\"inLanguage\":\"fr-FR\",\"@id\":\"https:\\\/\\\/webdesi-gn.fr\\\/dev_deltalabo\\\/produits\\\/cat-produit\\\/appareil-test-doxydation-des-huiles\\\/#primaryimage\",\"url\":\"https:\\\/\\\/webdesi-gn.fr\\\/dev_deltalabo\\\/wp-content\\\/uploads\\\/2025\\\/11\\\/DELTALABO-Test-doxydation-des-huiles-RBOT-QUANTUM-Tannas.jpg\",\"contentUrl\":\"https:\\\/\\\/webdesi-gn.fr\\\/dev_deltalabo\\\/wp-content\\\/uploads\\\/2025\\\/11\\\/DELTALABO-Test-doxydation-des-huiles-RBOT-QUANTUM-Tannas.jpg\",\"width\":832,\"height\":761},{\"@type\":\"BreadcrumbList\",\"@id\":\"https:\\\/\\\/webdesi-gn.fr\\\/dev_deltalabo\\\/produits\\\/cat-produit\\\/appareil-test-doxydation-des-huiles\\\/#breadcrumb\",\"itemListElement\":[{\"@type\":\"ListItem\",\"position\":1,\"name\":\"Accueil\",\"item\":\"https:\\\/\\\/webdesi-gn.fr\\\/dev_deltalabo\\\/\"},{\"@type\":\"ListItem\",\"position\":2,\"name\":\"Produits\",\"item\":\"https:\\\/\\\/webdesi-gn.fr\\\/dev_deltalabo\\\/produits\\\/\"},{\"@type\":\"ListItem\",\"position\":3,\"name\":\"Testeur d&rsquo;oxydation des huiles RPVOT (RBOT) TANNAS QUANTUM &#8211; ASTM D2272 &#8211; IP 229\"}]},{\"@type\":\"WebSite\",\"@id\":\"https:\\\/\\\/webdesi-gn.fr\\\/dev_deltalabo\\\/#website\",\"url\":\"https:\\\/\\\/webdesi-gn.fr\\\/dev_deltalabo\\\/\",\"name\":\"Delta Labo\",\"description\":\"Un site utilisant WordPress\",\"publisher\":{\"@id\":\"https:\\\/\\\/webdesi-gn.fr\\\/dev_deltalabo\\\/#organization\"},\"alternateName\":\"Delta Labo\",\"potentialAction\":[{\"@type\":\"SearchAction\",\"target\":{\"@type\":\"EntryPoint\",\"urlTemplate\":\"https:\\\/\\\/webdesi-gn.fr\\\/dev_deltalabo\\\/?s={search_term_string}\"},\"query-input\":{\"@type\":\"PropertyValueSpecification\",\"valueRequired\":true,\"valueName\":\"search_term_string\"}}],\"inLanguage\":\"fr-FR\"},{\"@type\":\"Organization\",\"@id\":\"https:\\\/\\\/webdesi-gn.fr\\\/dev_deltalabo\\\/#organization\",\"name\":\"DeltaLabo\",\"url\":\"https:\\\/\\\/webdesi-gn.fr\\\/dev_deltalabo\\\/\",\"logo\":{\"@type\":\"ImageObject\",\"inLanguage\":\"fr-FR\",\"@id\":\"https:\\\/\\\/webdesi-gn.fr\\\/dev_deltalabo\\\/#\\\/schema\\\/logo\\\/image\\\/\",\"url\":\"https:\\\/\\\/webdesi-gn.fr\\\/dev_deltalabo\\\/wp-content\\\/uploads\\\/2022\\\/07\\\/logo-deltalabo.png\",\"contentUrl\":\"https:\\\/\\\/webdesi-gn.fr\\\/dev_deltalabo\\\/wp-content\\\/uploads\\\/2022\\\/07\\\/logo-deltalabo.png\",\"width\":694,\"height\":306,\"caption\":\"DeltaLabo\"},\"image\":{\"@id\":\"https:\\\/\\\/webdesi-gn.fr\\\/dev_deltalabo\\\/#\\\/schema\\\/logo\\\/image\\\/\"}}]}<\/script>\n<!-- \/ Yoast SEO plugin. -->","yoast_head_json":{"title":"Testeur d'oxydation des huiles RPVOT (RBOT) TANNAS QUANTUM - ASTM D2272 - IP 229 | DeltaLabo","robots":{"index":"noindex","follow":"follow","max-snippet":"max-snippet:-1","max-image-preview":"max-image-preview:large","max-video-preview":"max-video-preview:-1"},"og_locale":"fr_FR","og_type":"article","og_title":"Testeur d'oxydation des huiles RPVOT (RBOT) TANNAS QUANTUM - ASTM D2272 - IP 229 | DeltaLabo","og_description":"Testeur d'oxydation des huiles RPVOT (RBOT) TANNAS QUANTUM : L'appareil pour test d\u2019oxydation des huiles RPVOT (RBOT) Quantum est conforme aux normes ASTM D2272, ASTM D2112, ASTM D4742, ASTM D7098, ASTM D942 et IP 229.  Le RPVOT Quantum est un bain \u00e0 sec pour le test d'oxydation des huiles. Il est souvent nomm\u00e9 RPVOT dans les publications et remplace avantageusement les anciens bains liquides RBOT.  L'avantage principal du RPVOT Quantum de Tannas par rapport aux autres instruments du march\u00e9, est la thermostatisation directe sur le b\u00e9cher. Il n'y a plus de bain d'huile, ce qui facilite l'entretien. De plus l'appareil est tr\u00e8s compact.  Il suffit juste de pr\u00e9parer 50 g d'\u00e9chantillon dans le b\u00e9cher avec 5 ml d'eau distill\u00e9e et de le placer dans la chambre de mesure. On pressurise ensuite la chambre en oxyg\u00e8ne, la r\u00e9gulation en temp\u00e9rature et l\u2019agitation magn\u00e9tique se font ensuite automatiquement.  Vous avez d\u00e9sormais la possibilit\u00e9 d'avoir 4 appareils reli\u00e9s ensemble et fonctionnant de mani\u00e8re ind\u00e9pendante. L'acquisition des donn\u00e9es des RPVOT Quantum se fait par ordinateur fourni. Tous les tests sont sauvegard\u00e9s et peuvent \u00eatre consult\u00e9s \u00e0 tout moment.  T\u00e9l\u00e9charger la brochure produit : Testeur d'oxydation RPVOT (RBOT) Quantum  Visionner l'utilisation du produit : Testeur d'oxydation RPVOT (RBOT) Quantum","og_url":"https:\/\/webdesi-gn.fr\/dev_deltalabo\/produits\/cat-produit\/appareil-test-doxydation-des-huiles\/","og_site_name":"DeltaLabo","article_modified_time":"2025-11-24T12:47:33+00:00","og_image":[{"width":832,"height":761,"url":"https:\/\/webdesi-gn.fr\/dev_deltalabo\/wp-content\/uploads\/2024\/03\/DELTALABO-Test-doxydation-des-huiles-RBOT-QUANTUM-Tannas.jpg","type":"image\/jpeg"}],"twitter_card":"summary_large_image","twitter_misc":{"Dur\u00e9e de lecture estim\u00e9e":"1 minute"},"schema":{"@context":"https:\/\/schema.org","@graph":[{"@type":"WebPage","@id":"https:\/\/webdesi-gn.fr\/dev_deltalabo\/produits\/cat-produit\/appareil-test-doxydation-des-huiles\/","url":"https:\/\/webdesi-gn.fr\/dev_deltalabo\/produits\/cat-produit\/appareil-test-doxydation-des-huiles\/","name":"Testeur d'oxydation des huiles RPVOT (RBOT) TANNAS QUANTUM - ASTM D2272 - IP 229 | DeltaLabo","isPartOf":{"@id":"https:\/\/webdesi-gn.fr\/dev_deltalabo\/#website"},"primaryImageOfPage":{"@id":"https:\/\/webdesi-gn.fr\/dev_deltalabo\/produits\/cat-produit\/appareil-test-doxydation-des-huiles\/#primaryimage"},"image":{"@id":"https:\/\/webdesi-gn.fr\/dev_deltalabo\/produits\/cat-produit\/appareil-test-doxydation-des-huiles\/#primaryimage"},"thumbnailUrl":"https:\/\/webdesi-gn.fr\/dev_deltalabo\/wp-content\/uploads\/2025\/11\/DELTALABO-Test-doxydation-des-huiles-RBOT-QUANTUM-Tannas.jpg","datePublished":"2024-03-04T10:18:12+00:00","dateModified":"2025-11-24T12:47:33+00:00","breadcrumb":{"@id":"https:\/\/webdesi-gn.fr\/dev_deltalabo\/produits\/cat-produit\/appareil-test-doxydation-des-huiles\/#breadcrumb"},"inLanguage":"fr-FR","potentialAction":[{"@type":"ReadAction","target":["https:\/\/webdesi-gn.fr\/dev_deltalabo\/produits\/cat-produit\/appareil-test-doxydation-des-huiles\/"]}]},{"@type":"ImageObject","inLanguage":"fr-FR","@id":"https:\/\/webdesi-gn.fr\/dev_deltalabo\/produits\/cat-produit\/appareil-test-doxydation-des-huiles\/#primaryimage","url":"https:\/\/webdesi-gn.fr\/dev_deltalabo\/wp-content\/uploads\/2025\/11\/DELTALABO-Test-doxydation-des-huiles-RBOT-QUANTUM-Tannas.jpg","contentUrl":"https:\/\/webdesi-gn.fr\/dev_deltalabo\/wp-content\/uploads\/2025\/11\/DELTALABO-Test-doxydation-des-huiles-RBOT-QUANTUM-Tannas.jpg","width":832,"height":761},{"@type":"BreadcrumbList","@id":"https:\/\/webdesi-gn.fr\/dev_deltalabo\/produits\/cat-produit\/appareil-test-doxydation-des-huiles\/#breadcrumb","itemListElement":[{"@type":"ListItem","position":1,"name":"Accueil","item":"https:\/\/webdesi-gn.fr\/dev_deltalabo\/"},{"@type":"ListItem","position":2,"name":"Produits","item":"https:\/\/webdesi-gn.fr\/dev_deltalabo\/produits\/"},{"@type":"ListItem","position":3,"name":"Testeur d&rsquo;oxydation des huiles RPVOT (RBOT) TANNAS QUANTUM &#8211; ASTM D2272 &#8211; IP 229"}]},{"@type":"WebSite","@id":"https:\/\/webdesi-gn.fr\/dev_deltalabo\/#website","url":"https:\/\/webdesi-gn.fr\/dev_deltalabo\/","name":"Delta Labo","description":"Un site utilisant WordPress","publisher":{"@id":"https:\/\/webdesi-gn.fr\/dev_deltalabo\/#organization"},"alternateName":"Delta Labo","potentialAction":[{"@type":"SearchAction","target":{"@type":"EntryPoint","urlTemplate":"https:\/\/webdesi-gn.fr\/dev_deltalabo\/?s={search_term_string}"},"query-input":{"@type":"PropertyValueSpecification","valueRequired":true,"valueName":"search_term_string"}}],"inLanguage":"fr-FR"},{"@type":"Organization","@id":"https:\/\/webdesi-gn.fr\/dev_deltalabo\/#organization","name":"DeltaLabo","url":"https:\/\/webdesi-gn.fr\/dev_deltalabo\/","logo":{"@type":"ImageObject","inLanguage":"fr-FR","@id":"https:\/\/webdesi-gn.fr\/dev_deltalabo\/#\/schema\/logo\/image\/","url":"https:\/\/webdesi-gn.fr\/dev_deltalabo\/wp-content\/uploads\/2022\/07\/logo-deltalabo.png","contentUrl":"https:\/\/webdesi-gn.fr\/dev_deltalabo\/wp-content\/uploads\/2022\/07\/logo-deltalabo.png","width":694,"height":306,"caption":"DeltaLabo"},"image":{"@id":"https:\/\/webdesi-gn.fr\/dev_deltalabo\/#\/schema\/logo\/image\/"}}]}},"_links":{"self":[{"href":"https:\/\/webdesi-gn.fr\/dev_deltalabo\/wp-json\/wp\/v2\/product\/256096","targetHints":{"allow":["GET"]}}],"collection":[{"href":"https:\/\/webdesi-gn.fr\/dev_deltalabo\/wp-json\/wp\/v2\/product"}],"about":[{"href":"https:\/\/webdesi-gn.fr\/dev_deltalabo\/wp-json\/wp\/v2\/types\/product"}],"wp:featuredmedia":[{"embeddable":true,"href":"https:\/\/webdesi-gn.fr\/dev_deltalabo\/wp-json\/wp\/v2\/media\/262138"}],"wp:attachment":[{"href":"https:\/\/webdesi-gn.fr\/dev_deltalabo\/wp-json\/wp\/v2\/media?parent=256096"}],"wp:term":[{"taxonomy":"domaine","embeddable":true,"href":"https:\/\/webdesi-gn.fr\/dev_deltalabo\/wp-json\/wp\/v2\/domaine?post=256096"},{"taxonomy":"normes","embeddable":true,"href":"https:\/\/webdesi-gn.fr\/dev_deltalabo\/wp-json\/wp\/v2\/normes?post=256096"},{"taxonomy":"product_brand","embeddable":true,"href":"https:\/\/webdesi-gn.fr\/dev_deltalabo\/wp-json\/wp\/v2\/product_brand?post=256096"},{"taxonomy":"product_cat","embeddable":true,"href":"https:\/\/webdesi-gn.fr\/dev_deltalabo\/wp-json\/wp\/v2\/product_cat?post=256096"},{"taxonomy":"product_tag","embeddable":true,"href":"https:\/\/webdesi-gn.fr\/dev_deltalabo\/wp-json\/wp\/v2\/product_tag?post=256096"}],"curies":[{"name":"wp","href":"https:\/\/api.w.org\/{rel}","templated":true}]}}