{"id":256100,"date":"2024-03-04T11:36:37","date_gmt":"2024-03-04T10:36:37","guid":{"rendered":"https:\/\/webdesi-gn.fr\/dev_deltalabo\/?post_type=product&#038;p=256100"},"modified":"2025-03-25T10:48:53","modified_gmt":"2025-03-25T09:48:53","slug":"etalon-primaire-crm-en-aromatiques-en-fia","status":"publish","type":"product","link":"https:\/\/webdesi-gn.fr\/dev_deltalabo\/produits\/petrochimie-chimie-nucleaire\/etalon-primaire-crm-en-aromatiques-en-fia\/","title":{"rendered":"Etalon primaire (CRM) en aromatiques en FIA"},"content":{"rendered":"","protected":false},"excerpt":{"rendered":"<p>Etalon primaire PARAGON en aromatiques \/ en FIA pour les carburants essences : les \u00e9talons primaires en aromatiques PARAGON sont issus d&rsquo;essais circulaires. Ceux sont de v\u00e9ritables mat\u00e9riaux de r\u00e9f\u00e9rence (CRM, Certified Reference Material).<\/p>\n<p>Les \u00e9talons primaires en aromatiques sont conformes \u00e0 la norme ASTM D5580 relative \u00e0 la teneur en aromatiques des essences.<br \/>\nLes \u00e9talons primaires en FIA sont conformes \u00e0 la norme ASTM D1319 relative \u00e0 la teneur en aromatiques des k\u00e9ros\u00e8nes par FIA (Fluorescent Indicator Adsorption).<br \/>\nIls sont conditionn\u00e9s en 1 x250ml. Pour une utilisation optimale (sans contamination et sans \u00e9vaporation), nous recommandons une bouteille par test. Leur dur\u00e9e de conservation est de 12 mois.<\/p>\n<p><strong>T\u00e9l\u00e9charger la brochure produit :<\/strong> <a href=\"https:\/\/webdesi-gn.fr\/dev_deltalabo\/wp-content\/uploads\/2025\/03\/Doc-CRM-engl-DL-4.pdf\">Etalon primaire CRM en FIA<\/a><\/p>\n","protected":false},"featured_media":259150,"template":"","meta":{"_acf_changed":false,"site-sidebar-layout":"default","site-content-layout":"","ast-site-content-layout":"default","site-content-style":"default","site-sidebar-style":"default","ast-global-header-display":"","ast-banner-title-visibility":"","ast-main-header-display":"","ast-hfb-above-header-display":"","ast-hfb-below-header-display":"","ast-hfb-mobile-header-display":"","site-post-title":"","ast-breadcrumbs-content":"","ast-featured-img":"","footer-sml-layout":"","ast-disable-related-posts":"","theme-transparent-header-meta":"","adv-header-id-meta":"","stick-header-meta":"","header-above-stick-meta":"","header-main-stick-meta":"","header-below-stick-meta":"","astra-migrate-meta-layouts":"default","ast-page-background-enabled":"default","ast-page-background-meta":{"desktop":{"background-color":"var(--ast-global-color-5)","background-image":"","background-repeat":"repeat","background-position":"center center","background-size":"auto","background-attachment":"scroll","background-type":"","background-media":"","overlay-type":"","overlay-color":"","overlay-opacity":"","overlay-gradient":""},"tablet":{"background-color":"","background-image":"","background-repeat":"repeat","background-position":"center center","background-size":"auto","background-attachment":"scroll","background-type":"","background-media":"","overlay-type":"","overlay-color":"","overlay-opacity":"","overlay-gradient":""},"mobile":{"background-color":"","background-image":"","background-repeat":"repeat","background-position":"center center","background-size":"auto","background-attachment":"scroll","background-type":"","background-media":"","overlay-type":"","overlay-color":"","overlay-opacity":"","overlay-gradient":""}},"ast-content-background-meta":{"desktop":{"background-color":"var(--ast-global-color-4)","background-image":"","background-repeat":"repeat","background-position":"center center","background-size":"auto","background-attachment":"scroll","background-type":"","background-media":"","overlay-type":"","overlay-color":"","overlay-opacity":"","overlay-gradient":""},"tablet":{"background-color":"var(--ast-global-color-4)","background-image":"","background-repeat":"repeat","background-position":"center center","background-size":"auto","background-attachment":"scroll","background-type":"","background-media":"","overlay-type":"","overlay-color":"","overlay-opacity":"","overlay-gradient":""},"mobile":{"background-color":"var(--ast-global-color-4)","background-image":"","background-repeat":"repeat","background-position":"center center","background-size":"auto","background-attachment":"scroll","background-type":"","background-media":"","overlay-type":"","overlay-color":"","overlay-opacity":"","overlay-gradient":""}}},"domaine":[17182],"normes":[],"product_brand":[],"product_cat":[94],"product_tag":[],"class_list":{"0":"post-256100","1":"product","2":"type-product","3":"status-publish","4":"has-post-thumbnail","6":"domaine-etalons","7":"product_cat-petrochimie-chimie-nucleaire","8":"desktop-align-left","9":"tablet-align-left","10":"mobile-align-left","12":"first","13":"instock","14":"shipping-taxable","15":"purchasable","16":"product-type-simple"},"acf":[],"yoast_head":"<!-- This site is optimized with the Yoast SEO plugin v27.4 - https:\/\/yoast.com\/product\/yoast-seo-wordpress\/ -->\n<title>Etalon primaire (CRM) en aromatiques en FIA | DeltaLabo<\/title>\n<meta name=\"robots\" content=\"noindex, follow, max-snippet:-1, max-image-preview:large, max-video-preview:-1\" \/>\n<meta property=\"og:locale\" content=\"fr_FR\" \/>\n<meta property=\"og:type\" content=\"article\" \/>\n<meta property=\"og:title\" content=\"Etalon primaire (CRM) en aromatiques en FIA | DeltaLabo\" \/>\n<meta property=\"og:description\" content=\"Etalon primaire PARAGON en aromatiques \/ en FIA pour les carburants essences : les \u00e9talons primaires en aromatiques PARAGON sont issus d&#039;essais circulaires. Ceux sont de v\u00e9ritables mat\u00e9riaux de r\u00e9f\u00e9rence (CRM, Certified Reference Material).  Les \u00e9talons primaires en aromatiques sont conformes \u00e0 la norme ASTM D5580 relative \u00e0 la teneur en aromatiques des essences. Les \u00e9talons primaires en FIA sont conformes \u00e0 la norme ASTM D1319 relative \u00e0 la teneur en aromatiques des k\u00e9ros\u00e8nes par FIA (Fluorescent Indicator Adsorption). Ils sont conditionn\u00e9s en 1 x250ml. Pour une utilisation optimale (sans contamination et sans \u00e9vaporation), nous recommandons une bouteille par test. Leur dur\u00e9e de conservation est de 12 mois.  T\u00e9l\u00e9charger la brochure produit : Etalon primaire CRM en FIA\" \/>\n<meta property=\"og:url\" content=\"https:\/\/webdesi-gn.fr\/dev_deltalabo\/produits\/domaines\/etalons\/etalon-primaire-crm-en-aromatiques-en-fia\/\" \/>\n<meta property=\"og:site_name\" content=\"DeltaLabo\" \/>\n<meta property=\"article:modified_time\" content=\"2025-03-25T09:48:53+00:00\" \/>\n<meta property=\"og:image\" content=\"https:\/\/webdesi-gn.fr\/dev_deltalabo\/wp-content\/uploads\/2024\/03\/DELTA-LABO-Etalon-primaire-en-aromatiques-en-FIA.webp\" \/>\n\t<meta property=\"og:image:width\" content=\"650\" \/>\n\t<meta property=\"og:image:height\" content=\"802\" \/>\n\t<meta property=\"og:image:type\" content=\"image\/webp\" \/>\n<meta name=\"twitter:card\" content=\"summary_large_image\" \/>\n<meta name=\"twitter:label1\" content=\"Dur\u00e9e de lecture estim\u00e9e\" \/>\n\t<meta name=\"twitter:data1\" content=\"1 minute\" \/>\n<script type=\"application\/ld+json\" class=\"yoast-schema-graph\">{\"@context\":\"https:\\\/\\\/schema.org\",\"@graph\":[{\"@type\":\"WebPage\",\"@id\":\"https:\\\/\\\/webdesi-gn.fr\\\/dev_deltalabo\\\/produits\\\/domaines\\\/etalons\\\/etalon-primaire-crm-en-aromatiques-en-fia\\\/\",\"url\":\"https:\\\/\\\/webdesi-gn.fr\\\/dev_deltalabo\\\/produits\\\/domaines\\\/etalons\\\/etalon-primaire-crm-en-aromatiques-en-fia\\\/\",\"name\":\"Etalon primaire (CRM) en aromatiques en FIA | DeltaLabo\",\"isPartOf\":{\"@id\":\"https:\\\/\\\/webdesi-gn.fr\\\/dev_deltalabo\\\/#website\"},\"primaryImageOfPage\":{\"@id\":\"https:\\\/\\\/webdesi-gn.fr\\\/dev_deltalabo\\\/produits\\\/domaines\\\/etalons\\\/etalon-primaire-crm-en-aromatiques-en-fia\\\/#primaryimage\"},\"image\":{\"@id\":\"https:\\\/\\\/webdesi-gn.fr\\\/dev_deltalabo\\\/produits\\\/domaines\\\/etalons\\\/etalon-primaire-crm-en-aromatiques-en-fia\\\/#primaryimage\"},\"thumbnailUrl\":\"https:\\\/\\\/webdesi-gn.fr\\\/dev_deltalabo\\\/wp-content\\\/uploads\\\/2024\\\/03\\\/DELTA-LABO-Etalon-primaire-en-aromatiques-en-FIA.webp\",\"datePublished\":\"2024-03-04T10:36:37+00:00\",\"dateModified\":\"2025-03-25T09:48:53+00:00\",\"breadcrumb\":{\"@id\":\"https:\\\/\\\/webdesi-gn.fr\\\/dev_deltalabo\\\/produits\\\/domaines\\\/etalons\\\/etalon-primaire-crm-en-aromatiques-en-fia\\\/#breadcrumb\"},\"inLanguage\":\"fr-FR\",\"potentialAction\":[{\"@type\":\"ReadAction\",\"target\":[\"https:\\\/\\\/webdesi-gn.fr\\\/dev_deltalabo\\\/produits\\\/domaines\\\/etalons\\\/etalon-primaire-crm-en-aromatiques-en-fia\\\/\"]}]},{\"@type\":\"ImageObject\",\"inLanguage\":\"fr-FR\",\"@id\":\"https:\\\/\\\/webdesi-gn.fr\\\/dev_deltalabo\\\/produits\\\/domaines\\\/etalons\\\/etalon-primaire-crm-en-aromatiques-en-fia\\\/#primaryimage\",\"url\":\"https:\\\/\\\/webdesi-gn.fr\\\/dev_deltalabo\\\/wp-content\\\/uploads\\\/2024\\\/03\\\/DELTA-LABO-Etalon-primaire-en-aromatiques-en-FIA.webp\",\"contentUrl\":\"https:\\\/\\\/webdesi-gn.fr\\\/dev_deltalabo\\\/wp-content\\\/uploads\\\/2024\\\/03\\\/DELTA-LABO-Etalon-primaire-en-aromatiques-en-FIA.webp\",\"width\":650,\"height\":802},{\"@type\":\"BreadcrumbList\",\"@id\":\"https:\\\/\\\/webdesi-gn.fr\\\/dev_deltalabo\\\/produits\\\/domaines\\\/etalons\\\/etalon-primaire-crm-en-aromatiques-en-fia\\\/#breadcrumb\",\"itemListElement\":[{\"@type\":\"ListItem\",\"position\":1,\"name\":\"Accueil\",\"item\":\"https:\\\/\\\/webdesi-gn.fr\\\/dev_deltalabo\\\/\"},{\"@type\":\"ListItem\",\"position\":2,\"name\":\"Produits\",\"item\":\"https:\\\/\\\/webdesi-gn.fr\\\/dev_deltalabo\\\/produits\\\/\"},{\"@type\":\"ListItem\",\"position\":3,\"name\":\"Etalon primaire (CRM) en aromatiques en FIA\"}]},{\"@type\":\"WebSite\",\"@id\":\"https:\\\/\\\/webdesi-gn.fr\\\/dev_deltalabo\\\/#website\",\"url\":\"https:\\\/\\\/webdesi-gn.fr\\\/dev_deltalabo\\\/\",\"name\":\"Delta Labo\",\"description\":\"Un site utilisant WordPress\",\"publisher\":{\"@id\":\"https:\\\/\\\/webdesi-gn.fr\\\/dev_deltalabo\\\/#organization\"},\"alternateName\":\"Delta Labo\",\"potentialAction\":[{\"@type\":\"SearchAction\",\"target\":{\"@type\":\"EntryPoint\",\"urlTemplate\":\"https:\\\/\\\/webdesi-gn.fr\\\/dev_deltalabo\\\/?s={search_term_string}\"},\"query-input\":{\"@type\":\"PropertyValueSpecification\",\"valueRequired\":true,\"valueName\":\"search_term_string\"}}],\"inLanguage\":\"fr-FR\"},{\"@type\":\"Organization\",\"@id\":\"https:\\\/\\\/webdesi-gn.fr\\\/dev_deltalabo\\\/#organization\",\"name\":\"DeltaLabo\",\"url\":\"https:\\\/\\\/webdesi-gn.fr\\\/dev_deltalabo\\\/\",\"logo\":{\"@type\":\"ImageObject\",\"inLanguage\":\"fr-FR\",\"@id\":\"https:\\\/\\\/webdesi-gn.fr\\\/dev_deltalabo\\\/#\\\/schema\\\/logo\\\/image\\\/\",\"url\":\"https:\\\/\\\/webdesi-gn.fr\\\/dev_deltalabo\\\/wp-content\\\/uploads\\\/2022\\\/07\\\/logo-deltalabo.png\",\"contentUrl\":\"https:\\\/\\\/webdesi-gn.fr\\\/dev_deltalabo\\\/wp-content\\\/uploads\\\/2022\\\/07\\\/logo-deltalabo.png\",\"width\":694,\"height\":306,\"caption\":\"DeltaLabo\"},\"image\":{\"@id\":\"https:\\\/\\\/webdesi-gn.fr\\\/dev_deltalabo\\\/#\\\/schema\\\/logo\\\/image\\\/\"}}]}<\/script>\n<!-- \/ Yoast SEO plugin. -->","yoast_head_json":{"title":"Etalon primaire (CRM) en aromatiques en FIA | DeltaLabo","robots":{"index":"noindex","follow":"follow","max-snippet":"max-snippet:-1","max-image-preview":"max-image-preview:large","max-video-preview":"max-video-preview:-1"},"og_locale":"fr_FR","og_type":"article","og_title":"Etalon primaire (CRM) en aromatiques en FIA | DeltaLabo","og_description":"Etalon primaire PARAGON en aromatiques \/ en FIA pour les carburants essences : les \u00e9talons primaires en aromatiques PARAGON sont issus d'essais circulaires. Ceux sont de v\u00e9ritables mat\u00e9riaux de r\u00e9f\u00e9rence (CRM, Certified Reference Material).  Les \u00e9talons primaires en aromatiques sont conformes \u00e0 la norme ASTM D5580 relative \u00e0 la teneur en aromatiques des essences. Les \u00e9talons primaires en FIA sont conformes \u00e0 la norme ASTM D1319 relative \u00e0 la teneur en aromatiques des k\u00e9ros\u00e8nes par FIA (Fluorescent Indicator Adsorption). Ils sont conditionn\u00e9s en 1 x250ml. Pour une utilisation optimale (sans contamination et sans \u00e9vaporation), nous recommandons une bouteille par test. Leur dur\u00e9e de conservation est de 12 mois.  T\u00e9l\u00e9charger la brochure produit : Etalon primaire CRM en FIA","og_url":"https:\/\/webdesi-gn.fr\/dev_deltalabo\/produits\/domaines\/etalons\/etalon-primaire-crm-en-aromatiques-en-fia\/","og_site_name":"DeltaLabo","article_modified_time":"2025-03-25T09:48:53+00:00","og_image":[{"width":650,"height":802,"url":"https:\/\/webdesi-gn.fr\/dev_deltalabo\/wp-content\/uploads\/2024\/03\/DELTA-LABO-Etalon-primaire-en-aromatiques-en-FIA.webp","type":"image\/webp"}],"twitter_card":"summary_large_image","twitter_misc":{"Dur\u00e9e de lecture estim\u00e9e":"1 minute"},"schema":{"@context":"https:\/\/schema.org","@graph":[{"@type":"WebPage","@id":"https:\/\/webdesi-gn.fr\/dev_deltalabo\/produits\/domaines\/etalons\/etalon-primaire-crm-en-aromatiques-en-fia\/","url":"https:\/\/webdesi-gn.fr\/dev_deltalabo\/produits\/domaines\/etalons\/etalon-primaire-crm-en-aromatiques-en-fia\/","name":"Etalon primaire (CRM) en aromatiques en FIA | DeltaLabo","isPartOf":{"@id":"https:\/\/webdesi-gn.fr\/dev_deltalabo\/#website"},"primaryImageOfPage":{"@id":"https:\/\/webdesi-gn.fr\/dev_deltalabo\/produits\/domaines\/etalons\/etalon-primaire-crm-en-aromatiques-en-fia\/#primaryimage"},"image":{"@id":"https:\/\/webdesi-gn.fr\/dev_deltalabo\/produits\/domaines\/etalons\/etalon-primaire-crm-en-aromatiques-en-fia\/#primaryimage"},"thumbnailUrl":"https:\/\/webdesi-gn.fr\/dev_deltalabo\/wp-content\/uploads\/2024\/03\/DELTA-LABO-Etalon-primaire-en-aromatiques-en-FIA.webp","datePublished":"2024-03-04T10:36:37+00:00","dateModified":"2025-03-25T09:48:53+00:00","breadcrumb":{"@id":"https:\/\/webdesi-gn.fr\/dev_deltalabo\/produits\/domaines\/etalons\/etalon-primaire-crm-en-aromatiques-en-fia\/#breadcrumb"},"inLanguage":"fr-FR","potentialAction":[{"@type":"ReadAction","target":["https:\/\/webdesi-gn.fr\/dev_deltalabo\/produits\/domaines\/etalons\/etalon-primaire-crm-en-aromatiques-en-fia\/"]}]},{"@type":"ImageObject","inLanguage":"fr-FR","@id":"https:\/\/webdesi-gn.fr\/dev_deltalabo\/produits\/domaines\/etalons\/etalon-primaire-crm-en-aromatiques-en-fia\/#primaryimage","url":"https:\/\/webdesi-gn.fr\/dev_deltalabo\/wp-content\/uploads\/2024\/03\/DELTA-LABO-Etalon-primaire-en-aromatiques-en-FIA.webp","contentUrl":"https:\/\/webdesi-gn.fr\/dev_deltalabo\/wp-content\/uploads\/2024\/03\/DELTA-LABO-Etalon-primaire-en-aromatiques-en-FIA.webp","width":650,"height":802},{"@type":"BreadcrumbList","@id":"https:\/\/webdesi-gn.fr\/dev_deltalabo\/produits\/domaines\/etalons\/etalon-primaire-crm-en-aromatiques-en-fia\/#breadcrumb","itemListElement":[{"@type":"ListItem","position":1,"name":"Accueil","item":"https:\/\/webdesi-gn.fr\/dev_deltalabo\/"},{"@type":"ListItem","position":2,"name":"Produits","item":"https:\/\/webdesi-gn.fr\/dev_deltalabo\/produits\/"},{"@type":"ListItem","position":3,"name":"Etalon primaire (CRM) en aromatiques en FIA"}]},{"@type":"WebSite","@id":"https:\/\/webdesi-gn.fr\/dev_deltalabo\/#website","url":"https:\/\/webdesi-gn.fr\/dev_deltalabo\/","name":"Delta Labo","description":"Un site utilisant WordPress","publisher":{"@id":"https:\/\/webdesi-gn.fr\/dev_deltalabo\/#organization"},"alternateName":"Delta Labo","potentialAction":[{"@type":"SearchAction","target":{"@type":"EntryPoint","urlTemplate":"https:\/\/webdesi-gn.fr\/dev_deltalabo\/?s={search_term_string}"},"query-input":{"@type":"PropertyValueSpecification","valueRequired":true,"valueName":"search_term_string"}}],"inLanguage":"fr-FR"},{"@type":"Organization","@id":"https:\/\/webdesi-gn.fr\/dev_deltalabo\/#organization","name":"DeltaLabo","url":"https:\/\/webdesi-gn.fr\/dev_deltalabo\/","logo":{"@type":"ImageObject","inLanguage":"fr-FR","@id":"https:\/\/webdesi-gn.fr\/dev_deltalabo\/#\/schema\/logo\/image\/","url":"https:\/\/webdesi-gn.fr\/dev_deltalabo\/wp-content\/uploads\/2022\/07\/logo-deltalabo.png","contentUrl":"https:\/\/webdesi-gn.fr\/dev_deltalabo\/wp-content\/uploads\/2022\/07\/logo-deltalabo.png","width":694,"height":306,"caption":"DeltaLabo"},"image":{"@id":"https:\/\/webdesi-gn.fr\/dev_deltalabo\/#\/schema\/logo\/image\/"}}]}},"_links":{"self":[{"href":"https:\/\/webdesi-gn.fr\/dev_deltalabo\/wp-json\/wp\/v2\/product\/256100","targetHints":{"allow":["GET"]}}],"collection":[{"href":"https:\/\/webdesi-gn.fr\/dev_deltalabo\/wp-json\/wp\/v2\/product"}],"about":[{"href":"https:\/\/webdesi-gn.fr\/dev_deltalabo\/wp-json\/wp\/v2\/types\/product"}],"wp:featuredmedia":[{"embeddable":true,"href":"https:\/\/webdesi-gn.fr\/dev_deltalabo\/wp-json\/wp\/v2\/media\/259150"}],"wp:attachment":[{"href":"https:\/\/webdesi-gn.fr\/dev_deltalabo\/wp-json\/wp\/v2\/media?parent=256100"}],"wp:term":[{"taxonomy":"domaine","embeddable":true,"href":"https:\/\/webdesi-gn.fr\/dev_deltalabo\/wp-json\/wp\/v2\/domaine?post=256100"},{"taxonomy":"normes","embeddable":true,"href":"https:\/\/webdesi-gn.fr\/dev_deltalabo\/wp-json\/wp\/v2\/normes?post=256100"},{"taxonomy":"product_brand","embeddable":true,"href":"https:\/\/webdesi-gn.fr\/dev_deltalabo\/wp-json\/wp\/v2\/product_brand?post=256100"},{"taxonomy":"product_cat","embeddable":true,"href":"https:\/\/webdesi-gn.fr\/dev_deltalabo\/wp-json\/wp\/v2\/product_cat?post=256100"},{"taxonomy":"product_tag","embeddable":true,"href":"https:\/\/webdesi-gn.fr\/dev_deltalabo\/wp-json\/wp\/v2\/product_tag?post=256100"}],"curies":[{"name":"wp","href":"https:\/\/api.w.org\/{rel}","templated":true}]}}