{"id":256112,"date":"2024-03-04T12:07:51","date_gmt":"2024-03-04T11:07:51","guid":{"rendered":"https:\/\/webdesi-gn.fr\/dev_deltalabo\/?post_type=product&#038;p=256112"},"modified":"2025-03-26T15:35:30","modified_gmt":"2025-03-26T14:35:30","slug":"huiles-etalons-viscosite-ccs-certifies-paragon","status":"publish","type":"product","link":"https:\/\/webdesi-gn.fr\/dev_deltalabo\/produits\/petrochimie-chimie-nucleaire\/huiles-etalons-viscosite-ccs-certifies-paragon\/","title":{"rendered":"Huiles \u00e9talons viscosit\u00e9 CCS certifi\u00e9s PARAGON"},"content":{"rendered":"","protected":false},"excerpt":{"rendered":"<p>Etalons PARAGON certifi\u00e9s UKAS en viscosit\u00e9 CCS (Cold Cranking Simulator) : les huiles \u00e9talons certifi\u00e9es en viscosit\u00e9 CCS de chez PARAGON ont \u00e9t\u00e9 \u00e9labor\u00e9es \u00e0 partir d&rsquo;\u00e9talons primaires selon les proc\u00e9dures ISO 17025.<\/p>\n<p>Les huiles \u00e9talons certifi\u00e9es en viscosit\u00e9 CCS de chez PARAGON sont conditionn\u00e9es en 500ml et permettent la v\u00e9rification en routine des viscosim\u00e8tres selon les normes ASTM D5293 et SAE J300.<br \/>\nLes huiles \u00e9talons certifi\u00e9es en viscosit\u00e9 CCS PARAGON existent sur une large plage de temp\u00e9rature allant de -5 \u00e0 -35\u00b0C.<br \/>\nLeur grande stabilit\u00e9 permet une conservation de 2 ans.<\/p>\n<p><strong>T\u00e9l\u00e9charger la brochure produit :<\/strong> <a href=\"https:\/\/webdesi-gn.fr\/dev_deltalabo\/wp-content\/uploads\/2025\/03\/Doc-etalons-visco-CCS-engl-DL.pdf\">Huiles \u00e9talons certifi\u00e9es en viscosit\u00e9 CCS<\/a><\/p>\n","protected":false},"featured_media":259205,"template":"","meta":{"_acf_changed":false,"site-sidebar-layout":"default","site-content-layout":"","ast-site-content-layout":"default","site-content-style":"default","site-sidebar-style":"default","ast-global-header-display":"","ast-banner-title-visibility":"","ast-main-header-display":"","ast-hfb-above-header-display":"","ast-hfb-below-header-display":"","ast-hfb-mobile-header-display":"","site-post-title":"","ast-breadcrumbs-content":"","ast-featured-img":"","footer-sml-layout":"","ast-disable-related-posts":"","theme-transparent-header-meta":"","adv-header-id-meta":"","stick-header-meta":"","header-above-stick-meta":"","header-main-stick-meta":"","header-below-stick-meta":"","astra-migrate-meta-layouts":"default","ast-page-background-enabled":"default","ast-page-background-meta":{"desktop":{"background-color":"var(--ast-global-color-5)","background-image":"","background-repeat":"repeat","background-position":"center center","background-size":"auto","background-attachment":"scroll","background-type":"","background-media":"","overlay-type":"","overlay-color":"","overlay-opacity":"","overlay-gradient":""},"tablet":{"background-color":"","background-image":"","background-repeat":"repeat","background-position":"center center","background-size":"auto","background-attachment":"scroll","background-type":"","background-media":"","overlay-type":"","overlay-color":"","overlay-opacity":"","overlay-gradient":""},"mobile":{"background-color":"","background-image":"","background-repeat":"repeat","background-position":"center center","background-size":"auto","background-attachment":"scroll","background-type":"","background-media":"","overlay-type":"","overlay-color":"","overlay-opacity":"","overlay-gradient":""}},"ast-content-background-meta":{"desktop":{"background-color":"var(--ast-global-color-4)","background-image":"","background-repeat":"repeat","background-position":"center center","background-size":"auto","background-attachment":"scroll","background-type":"","background-media":"","overlay-type":"","overlay-color":"","overlay-opacity":"","overlay-gradient":""},"tablet":{"background-color":"var(--ast-global-color-4)","background-image":"","background-repeat":"repeat","background-position":"center center","background-size":"auto","background-attachment":"scroll","background-type":"","background-media":"","overlay-type":"","overlay-color":"","overlay-opacity":"","overlay-gradient":""},"mobile":{"background-color":"var(--ast-global-color-4)","background-image":"","background-repeat":"repeat","background-position":"center center","background-size":"auto","background-attachment":"scroll","background-type":"","background-media":"","overlay-type":"","overlay-color":"","overlay-opacity":"","overlay-gradient":""}}},"domaine":[17182],"normes":[],"product_brand":[],"product_cat":[94],"product_tag":[],"class_list":{"0":"post-256112","1":"product","2":"type-product","3":"status-publish","4":"has-post-thumbnail","6":"domaine-etalons","7":"product_cat-petrochimie-chimie-nucleaire","8":"desktop-align-left","9":"tablet-align-left","10":"mobile-align-left","12":"first","13":"instock","14":"shipping-taxable","15":"purchasable","16":"product-type-simple"},"acf":[],"yoast_head":"<!-- This site is optimized with the Yoast SEO plugin v27.4 - https:\/\/yoast.com\/product\/yoast-seo-wordpress\/ -->\n<title>Huiles \u00e9talons viscosit\u00e9 CCS certifi\u00e9s PARAGON | DeltaLabo<\/title>\n<meta name=\"robots\" content=\"noindex, follow, max-snippet:-1, max-image-preview:large, max-video-preview:-1\" \/>\n<meta property=\"og:locale\" content=\"fr_FR\" \/>\n<meta property=\"og:type\" content=\"article\" \/>\n<meta property=\"og:title\" content=\"Huiles \u00e9talons viscosit\u00e9 CCS certifi\u00e9s PARAGON | DeltaLabo\" \/>\n<meta property=\"og:description\" content=\"Etalons PARAGON certifi\u00e9s UKAS en viscosit\u00e9 CCS (Cold Cranking Simulator) : les huiles \u00e9talons certifi\u00e9es en viscosit\u00e9 CCS de chez PARAGON ont \u00e9t\u00e9 \u00e9labor\u00e9es \u00e0 partir d&#039;\u00e9talons primaires selon les proc\u00e9dures ISO 17025.  Les huiles \u00e9talons certifi\u00e9es en viscosit\u00e9 CCS de chez PARAGON sont conditionn\u00e9es en 500ml et permettent la v\u00e9rification en routine des viscosim\u00e8tres selon les normes ASTM D5293 et SAE J300. Les huiles \u00e9talons certifi\u00e9es en viscosit\u00e9 CCS PARAGON existent sur une large plage de temp\u00e9rature allant de -5 \u00e0 -35\u00b0C. Leur grande stabilit\u00e9 permet une conservation de 2 ans.  T\u00e9l\u00e9charger la brochure produit : Huiles \u00e9talons certifi\u00e9es en viscosit\u00e9 CCS\" \/>\n<meta property=\"og:url\" content=\"https:\/\/webdesi-gn.fr\/dev_deltalabo\/produits\/domaines\/etalons\/huiles-etalons-viscosite-ccs-certifies-paragon\/\" \/>\n<meta property=\"og:site_name\" content=\"DeltaLabo\" \/>\n<meta property=\"article:modified_time\" content=\"2025-03-26T14:35:30+00:00\" \/>\n<meta property=\"og:image\" content=\"https:\/\/webdesi-gn.fr\/dev_deltalabo\/wp-content\/uploads\/2024\/03\/DELTA-LABO-Huile-etalon-viscosite-CCS.jpg\" \/>\n\t<meta property=\"og:image:width\" content=\"559\" \/>\n\t<meta property=\"og:image:height\" content=\"538\" \/>\n\t<meta property=\"og:image:type\" content=\"image\/jpeg\" \/>\n<meta name=\"twitter:card\" content=\"summary_large_image\" \/>\n<meta name=\"twitter:label1\" content=\"Dur\u00e9e de lecture estim\u00e9e\" \/>\n\t<meta name=\"twitter:data1\" content=\"1 minute\" \/>\n<script type=\"application\/ld+json\" class=\"yoast-schema-graph\">{\"@context\":\"https:\\\/\\\/schema.org\",\"@graph\":[{\"@type\":\"WebPage\",\"@id\":\"https:\\\/\\\/webdesi-gn.fr\\\/dev_deltalabo\\\/produits\\\/domaines\\\/etalons\\\/huiles-etalons-viscosite-ccs-certifies-paragon\\\/\",\"url\":\"https:\\\/\\\/webdesi-gn.fr\\\/dev_deltalabo\\\/produits\\\/domaines\\\/etalons\\\/huiles-etalons-viscosite-ccs-certifies-paragon\\\/\",\"name\":\"Huiles \u00e9talons viscosit\u00e9 CCS certifi\u00e9s PARAGON | DeltaLabo\",\"isPartOf\":{\"@id\":\"https:\\\/\\\/webdesi-gn.fr\\\/dev_deltalabo\\\/#website\"},\"primaryImageOfPage\":{\"@id\":\"https:\\\/\\\/webdesi-gn.fr\\\/dev_deltalabo\\\/produits\\\/domaines\\\/etalons\\\/huiles-etalons-viscosite-ccs-certifies-paragon\\\/#primaryimage\"},\"image\":{\"@id\":\"https:\\\/\\\/webdesi-gn.fr\\\/dev_deltalabo\\\/produits\\\/domaines\\\/etalons\\\/huiles-etalons-viscosite-ccs-certifies-paragon\\\/#primaryimage\"},\"thumbnailUrl\":\"https:\\\/\\\/webdesi-gn.fr\\\/dev_deltalabo\\\/wp-content\\\/uploads\\\/2024\\\/03\\\/DELTA-LABO-Huile-etalon-viscosite-CCS.jpg\",\"datePublished\":\"2024-03-04T11:07:51+00:00\",\"dateModified\":\"2025-03-26T14:35:30+00:00\",\"breadcrumb\":{\"@id\":\"https:\\\/\\\/webdesi-gn.fr\\\/dev_deltalabo\\\/produits\\\/domaines\\\/etalons\\\/huiles-etalons-viscosite-ccs-certifies-paragon\\\/#breadcrumb\"},\"inLanguage\":\"fr-FR\",\"potentialAction\":[{\"@type\":\"ReadAction\",\"target\":[\"https:\\\/\\\/webdesi-gn.fr\\\/dev_deltalabo\\\/produits\\\/domaines\\\/etalons\\\/huiles-etalons-viscosite-ccs-certifies-paragon\\\/\"]}]},{\"@type\":\"ImageObject\",\"inLanguage\":\"fr-FR\",\"@id\":\"https:\\\/\\\/webdesi-gn.fr\\\/dev_deltalabo\\\/produits\\\/domaines\\\/etalons\\\/huiles-etalons-viscosite-ccs-certifies-paragon\\\/#primaryimage\",\"url\":\"https:\\\/\\\/webdesi-gn.fr\\\/dev_deltalabo\\\/wp-content\\\/uploads\\\/2024\\\/03\\\/DELTA-LABO-Huile-etalon-viscosite-CCS.jpg\",\"contentUrl\":\"https:\\\/\\\/webdesi-gn.fr\\\/dev_deltalabo\\\/wp-content\\\/uploads\\\/2024\\\/03\\\/DELTA-LABO-Huile-etalon-viscosite-CCS.jpg\",\"width\":559,\"height\":538},{\"@type\":\"BreadcrumbList\",\"@id\":\"https:\\\/\\\/webdesi-gn.fr\\\/dev_deltalabo\\\/produits\\\/domaines\\\/etalons\\\/huiles-etalons-viscosite-ccs-certifies-paragon\\\/#breadcrumb\",\"itemListElement\":[{\"@type\":\"ListItem\",\"position\":1,\"name\":\"Accueil\",\"item\":\"https:\\\/\\\/webdesi-gn.fr\\\/dev_deltalabo\\\/\"},{\"@type\":\"ListItem\",\"position\":2,\"name\":\"Produits\",\"item\":\"https:\\\/\\\/webdesi-gn.fr\\\/dev_deltalabo\\\/produits\\\/\"},{\"@type\":\"ListItem\",\"position\":3,\"name\":\"Huiles \u00e9talons viscosit\u00e9 CCS certifi\u00e9s PARAGON\"}]},{\"@type\":\"WebSite\",\"@id\":\"https:\\\/\\\/webdesi-gn.fr\\\/dev_deltalabo\\\/#website\",\"url\":\"https:\\\/\\\/webdesi-gn.fr\\\/dev_deltalabo\\\/\",\"name\":\"Delta Labo\",\"description\":\"Un site utilisant WordPress\",\"publisher\":{\"@id\":\"https:\\\/\\\/webdesi-gn.fr\\\/dev_deltalabo\\\/#organization\"},\"alternateName\":\"Delta Labo\",\"potentialAction\":[{\"@type\":\"SearchAction\",\"target\":{\"@type\":\"EntryPoint\",\"urlTemplate\":\"https:\\\/\\\/webdesi-gn.fr\\\/dev_deltalabo\\\/?s={search_term_string}\"},\"query-input\":{\"@type\":\"PropertyValueSpecification\",\"valueRequired\":true,\"valueName\":\"search_term_string\"}}],\"inLanguage\":\"fr-FR\"},{\"@type\":\"Organization\",\"@id\":\"https:\\\/\\\/webdesi-gn.fr\\\/dev_deltalabo\\\/#organization\",\"name\":\"DeltaLabo\",\"url\":\"https:\\\/\\\/webdesi-gn.fr\\\/dev_deltalabo\\\/\",\"logo\":{\"@type\":\"ImageObject\",\"inLanguage\":\"fr-FR\",\"@id\":\"https:\\\/\\\/webdesi-gn.fr\\\/dev_deltalabo\\\/#\\\/schema\\\/logo\\\/image\\\/\",\"url\":\"https:\\\/\\\/webdesi-gn.fr\\\/dev_deltalabo\\\/wp-content\\\/uploads\\\/2022\\\/07\\\/logo-deltalabo.png\",\"contentUrl\":\"https:\\\/\\\/webdesi-gn.fr\\\/dev_deltalabo\\\/wp-content\\\/uploads\\\/2022\\\/07\\\/logo-deltalabo.png\",\"width\":694,\"height\":306,\"caption\":\"DeltaLabo\"},\"image\":{\"@id\":\"https:\\\/\\\/webdesi-gn.fr\\\/dev_deltalabo\\\/#\\\/schema\\\/logo\\\/image\\\/\"}}]}<\/script>\n<!-- \/ Yoast SEO plugin. -->","yoast_head_json":{"title":"Huiles \u00e9talons viscosit\u00e9 CCS certifi\u00e9s PARAGON | DeltaLabo","robots":{"index":"noindex","follow":"follow","max-snippet":"max-snippet:-1","max-image-preview":"max-image-preview:large","max-video-preview":"max-video-preview:-1"},"og_locale":"fr_FR","og_type":"article","og_title":"Huiles \u00e9talons viscosit\u00e9 CCS certifi\u00e9s PARAGON | DeltaLabo","og_description":"Etalons PARAGON certifi\u00e9s UKAS en viscosit\u00e9 CCS (Cold Cranking Simulator) : les huiles \u00e9talons certifi\u00e9es en viscosit\u00e9 CCS de chez PARAGON ont \u00e9t\u00e9 \u00e9labor\u00e9es \u00e0 partir d'\u00e9talons primaires selon les proc\u00e9dures ISO 17025.  Les huiles \u00e9talons certifi\u00e9es en viscosit\u00e9 CCS de chez PARAGON sont conditionn\u00e9es en 500ml et permettent la v\u00e9rification en routine des viscosim\u00e8tres selon les normes ASTM D5293 et SAE J300. Les huiles \u00e9talons certifi\u00e9es en viscosit\u00e9 CCS PARAGON existent sur une large plage de temp\u00e9rature allant de -5 \u00e0 -35\u00b0C. Leur grande stabilit\u00e9 permet une conservation de 2 ans.  T\u00e9l\u00e9charger la brochure produit : Huiles \u00e9talons certifi\u00e9es en viscosit\u00e9 CCS","og_url":"https:\/\/webdesi-gn.fr\/dev_deltalabo\/produits\/domaines\/etalons\/huiles-etalons-viscosite-ccs-certifies-paragon\/","og_site_name":"DeltaLabo","article_modified_time":"2025-03-26T14:35:30+00:00","og_image":[{"width":559,"height":538,"url":"https:\/\/webdesi-gn.fr\/dev_deltalabo\/wp-content\/uploads\/2024\/03\/DELTA-LABO-Huile-etalon-viscosite-CCS.jpg","type":"image\/jpeg"}],"twitter_card":"summary_large_image","twitter_misc":{"Dur\u00e9e de lecture estim\u00e9e":"1 minute"},"schema":{"@context":"https:\/\/schema.org","@graph":[{"@type":"WebPage","@id":"https:\/\/webdesi-gn.fr\/dev_deltalabo\/produits\/domaines\/etalons\/huiles-etalons-viscosite-ccs-certifies-paragon\/","url":"https:\/\/webdesi-gn.fr\/dev_deltalabo\/produits\/domaines\/etalons\/huiles-etalons-viscosite-ccs-certifies-paragon\/","name":"Huiles \u00e9talons viscosit\u00e9 CCS certifi\u00e9s PARAGON | DeltaLabo","isPartOf":{"@id":"https:\/\/webdesi-gn.fr\/dev_deltalabo\/#website"},"primaryImageOfPage":{"@id":"https:\/\/webdesi-gn.fr\/dev_deltalabo\/produits\/domaines\/etalons\/huiles-etalons-viscosite-ccs-certifies-paragon\/#primaryimage"},"image":{"@id":"https:\/\/webdesi-gn.fr\/dev_deltalabo\/produits\/domaines\/etalons\/huiles-etalons-viscosite-ccs-certifies-paragon\/#primaryimage"},"thumbnailUrl":"https:\/\/webdesi-gn.fr\/dev_deltalabo\/wp-content\/uploads\/2024\/03\/DELTA-LABO-Huile-etalon-viscosite-CCS.jpg","datePublished":"2024-03-04T11:07:51+00:00","dateModified":"2025-03-26T14:35:30+00:00","breadcrumb":{"@id":"https:\/\/webdesi-gn.fr\/dev_deltalabo\/produits\/domaines\/etalons\/huiles-etalons-viscosite-ccs-certifies-paragon\/#breadcrumb"},"inLanguage":"fr-FR","potentialAction":[{"@type":"ReadAction","target":["https:\/\/webdesi-gn.fr\/dev_deltalabo\/produits\/domaines\/etalons\/huiles-etalons-viscosite-ccs-certifies-paragon\/"]}]},{"@type":"ImageObject","inLanguage":"fr-FR","@id":"https:\/\/webdesi-gn.fr\/dev_deltalabo\/produits\/domaines\/etalons\/huiles-etalons-viscosite-ccs-certifies-paragon\/#primaryimage","url":"https:\/\/webdesi-gn.fr\/dev_deltalabo\/wp-content\/uploads\/2024\/03\/DELTA-LABO-Huile-etalon-viscosite-CCS.jpg","contentUrl":"https:\/\/webdesi-gn.fr\/dev_deltalabo\/wp-content\/uploads\/2024\/03\/DELTA-LABO-Huile-etalon-viscosite-CCS.jpg","width":559,"height":538},{"@type":"BreadcrumbList","@id":"https:\/\/webdesi-gn.fr\/dev_deltalabo\/produits\/domaines\/etalons\/huiles-etalons-viscosite-ccs-certifies-paragon\/#breadcrumb","itemListElement":[{"@type":"ListItem","position":1,"name":"Accueil","item":"https:\/\/webdesi-gn.fr\/dev_deltalabo\/"},{"@type":"ListItem","position":2,"name":"Produits","item":"https:\/\/webdesi-gn.fr\/dev_deltalabo\/produits\/"},{"@type":"ListItem","position":3,"name":"Huiles \u00e9talons viscosit\u00e9 CCS certifi\u00e9s PARAGON"}]},{"@type":"WebSite","@id":"https:\/\/webdesi-gn.fr\/dev_deltalabo\/#website","url":"https:\/\/webdesi-gn.fr\/dev_deltalabo\/","name":"Delta Labo","description":"Un site utilisant WordPress","publisher":{"@id":"https:\/\/webdesi-gn.fr\/dev_deltalabo\/#organization"},"alternateName":"Delta Labo","potentialAction":[{"@type":"SearchAction","target":{"@type":"EntryPoint","urlTemplate":"https:\/\/webdesi-gn.fr\/dev_deltalabo\/?s={search_term_string}"},"query-input":{"@type":"PropertyValueSpecification","valueRequired":true,"valueName":"search_term_string"}}],"inLanguage":"fr-FR"},{"@type":"Organization","@id":"https:\/\/webdesi-gn.fr\/dev_deltalabo\/#organization","name":"DeltaLabo","url":"https:\/\/webdesi-gn.fr\/dev_deltalabo\/","logo":{"@type":"ImageObject","inLanguage":"fr-FR","@id":"https:\/\/webdesi-gn.fr\/dev_deltalabo\/#\/schema\/logo\/image\/","url":"https:\/\/webdesi-gn.fr\/dev_deltalabo\/wp-content\/uploads\/2022\/07\/logo-deltalabo.png","contentUrl":"https:\/\/webdesi-gn.fr\/dev_deltalabo\/wp-content\/uploads\/2022\/07\/logo-deltalabo.png","width":694,"height":306,"caption":"DeltaLabo"},"image":{"@id":"https:\/\/webdesi-gn.fr\/dev_deltalabo\/#\/schema\/logo\/image\/"}}]}},"_links":{"self":[{"href":"https:\/\/webdesi-gn.fr\/dev_deltalabo\/wp-json\/wp\/v2\/product\/256112","targetHints":{"allow":["GET"]}}],"collection":[{"href":"https:\/\/webdesi-gn.fr\/dev_deltalabo\/wp-json\/wp\/v2\/product"}],"about":[{"href":"https:\/\/webdesi-gn.fr\/dev_deltalabo\/wp-json\/wp\/v2\/types\/product"}],"wp:featuredmedia":[{"embeddable":true,"href":"https:\/\/webdesi-gn.fr\/dev_deltalabo\/wp-json\/wp\/v2\/media\/259205"}],"wp:attachment":[{"href":"https:\/\/webdesi-gn.fr\/dev_deltalabo\/wp-json\/wp\/v2\/media?parent=256112"}],"wp:term":[{"taxonomy":"domaine","embeddable":true,"href":"https:\/\/webdesi-gn.fr\/dev_deltalabo\/wp-json\/wp\/v2\/domaine?post=256112"},{"taxonomy":"normes","embeddable":true,"href":"https:\/\/webdesi-gn.fr\/dev_deltalabo\/wp-json\/wp\/v2\/normes?post=256112"},{"taxonomy":"product_brand","embeddable":true,"href":"https:\/\/webdesi-gn.fr\/dev_deltalabo\/wp-json\/wp\/v2\/product_brand?post=256112"},{"taxonomy":"product_cat","embeddable":true,"href":"https:\/\/webdesi-gn.fr\/dev_deltalabo\/wp-json\/wp\/v2\/product_cat?post=256112"},{"taxonomy":"product_tag","embeddable":true,"href":"https:\/\/webdesi-gn.fr\/dev_deltalabo\/wp-json\/wp\/v2\/product_tag?post=256112"}],"curies":[{"name":"wp","href":"https:\/\/api.w.org\/{rel}","templated":true}]}}