{"id":256118,"date":"2024-03-04T12:15:33","date_gmt":"2024-03-04T11:15:33","guid":{"rendered":"https:\/\/webdesi-gn.fr\/dev_deltalabo\/?post_type=product&#038;p=256118"},"modified":"2025-03-26T16:00:54","modified_gmt":"2025-03-26T15:00:54","slug":"huiles-etalons-viscosite-certifies-pour-coupes-viscosimetriques-paragon","status":"publish","type":"product","link":"https:\/\/webdesi-gn.fr\/dev_deltalabo\/produits\/petrochimie-chimie-nucleaire\/huiles-etalons-viscosite-certifies-pour-coupes-viscosimetriques-paragon\/","title":{"rendered":"Huiles \u00e9talons viscosit\u00e9 certifi\u00e9s pour coupes viscosim\u00e9triques, PARAGON"},"content":{"rendered":"","protected":false},"excerpt":{"rendered":"<p>Etalons PARAGON certifi\u00e9s UKAS en viscosit\u00e9 pour coupes viscosim\u00e9triques : les huiles \u00e9talons certifi\u00e9es pour coupes viscosim\u00e9triques de chez PARAGON ont \u00e9t\u00e9 \u00e9labor\u00e9es \u00e0 partir d&rsquo;\u00e9talons primaires selon les proc\u00e9dures ISO 17025.<br \/>\nLes huiles \u00e9talons certifi\u00e9es pour coupes viscosim\u00e9triques de chez PARAGON sont conditionn\u00e9es en 500ml et permettent la v\u00e9rification en routine des coupes viscosim\u00e9triques.<br \/>\nLes huiles \u00e9talons certifi\u00e9es pour coupes viscosim\u00e9triques PARAGON sont livr\u00e9es avec un certificat comportant la viscosit\u00e9 cin\u00e9matique, la viscosit\u00e9 dynamique, la viscosit\u00e9 DIN, Ford, ISO, Shell, Zahn et la masse volumique \u00e0 20 et 25\u00b0C.<br \/>\nLeur grande stabilit\u00e9 permet une conservation de 2 ans.<\/p>\n<p><strong>T\u00e9l\u00e9charger la brochure produit :<\/strong> <a href=\"https:\/\/webdesi-gn.fr\/dev_deltalabo\/wp-content\/uploads\/2025\/03\/Doc-etalons-visco-coupes-visco-engl-DL.pdf\">Huiles \u00e9talons pour coupes viscosim\u00e9triques<\/a><\/p>\n","protected":false},"featured_media":259210,"template":"","meta":{"_acf_changed":false,"site-sidebar-layout":"default","site-content-layout":"","ast-site-content-layout":"default","site-content-style":"default","site-sidebar-style":"default","ast-global-header-display":"","ast-banner-title-visibility":"","ast-main-header-display":"","ast-hfb-above-header-display":"","ast-hfb-below-header-display":"","ast-hfb-mobile-header-display":"","site-post-title":"","ast-breadcrumbs-content":"","ast-featured-img":"","footer-sml-layout":"","ast-disable-related-posts":"","theme-transparent-header-meta":"","adv-header-id-meta":"","stick-header-meta":"","header-above-stick-meta":"","header-main-stick-meta":"","header-below-stick-meta":"","astra-migrate-meta-layouts":"default","ast-page-background-enabled":"default","ast-page-background-meta":{"desktop":{"background-color":"var(--ast-global-color-5)","background-image":"","background-repeat":"repeat","background-position":"center center","background-size":"auto","background-attachment":"scroll","background-type":"","background-media":"","overlay-type":"","overlay-color":"","overlay-opacity":"","overlay-gradient":""},"tablet":{"background-color":"","background-image":"","background-repeat":"repeat","background-position":"center center","background-size":"auto","background-attachment":"scroll","background-type":"","background-media":"","overlay-type":"","overlay-color":"","overlay-opacity":"","overlay-gradient":""},"mobile":{"background-color":"","background-image":"","background-repeat":"repeat","background-position":"center center","background-size":"auto","background-attachment":"scroll","background-type":"","background-media":"","overlay-type":"","overlay-color":"","overlay-opacity":"","overlay-gradient":""}},"ast-content-background-meta":{"desktop":{"background-color":"var(--ast-global-color-4)","background-image":"","background-repeat":"repeat","background-position":"center center","background-size":"auto","background-attachment":"scroll","background-type":"","background-media":"","overlay-type":"","overlay-color":"","overlay-opacity":"","overlay-gradient":""},"tablet":{"background-color":"var(--ast-global-color-4)","background-image":"","background-repeat":"repeat","background-position":"center center","background-size":"auto","background-attachment":"scroll","background-type":"","background-media":"","overlay-type":"","overlay-color":"","overlay-opacity":"","overlay-gradient":""},"mobile":{"background-color":"var(--ast-global-color-4)","background-image":"","background-repeat":"repeat","background-position":"center center","background-size":"auto","background-attachment":"scroll","background-type":"","background-media":"","overlay-type":"","overlay-color":"","overlay-opacity":"","overlay-gradient":""}}},"domaine":[17182],"normes":[],"product_brand":[],"product_cat":[94],"product_tag":[],"class_list":{"0":"post-256118","1":"product","2":"type-product","3":"status-publish","4":"has-post-thumbnail","6":"domaine-etalons","7":"product_cat-petrochimie-chimie-nucleaire","8":"desktop-align-left","9":"tablet-align-left","10":"mobile-align-left","12":"first","13":"instock","14":"shipping-taxable","15":"purchasable","16":"product-type-simple"},"acf":[],"yoast_head":"<!-- This site is optimized with the Yoast SEO plugin v27.4 - https:\/\/yoast.com\/product\/yoast-seo-wordpress\/ -->\n<title>Huiles \u00e9talons viscosit\u00e9 certifi\u00e9s pour coupes viscosim\u00e9triques, PARAGON | DeltaLabo<\/title>\n<meta name=\"robots\" content=\"noindex, follow, max-snippet:-1, max-image-preview:large, max-video-preview:-1\" \/>\n<meta property=\"og:locale\" content=\"fr_FR\" \/>\n<meta property=\"og:type\" content=\"article\" \/>\n<meta property=\"og:title\" content=\"Huiles \u00e9talons viscosit\u00e9 certifi\u00e9s pour coupes viscosim\u00e9triques, PARAGON | DeltaLabo\" \/>\n<meta property=\"og:description\" content=\"Etalons PARAGON certifi\u00e9s UKAS en viscosit\u00e9 pour coupes viscosim\u00e9triques : les huiles \u00e9talons certifi\u00e9es pour coupes viscosim\u00e9triques de chez PARAGON ont \u00e9t\u00e9 \u00e9labor\u00e9es \u00e0 partir d&#039;\u00e9talons primaires selon les proc\u00e9dures ISO 17025. Les huiles \u00e9talons certifi\u00e9es pour coupes viscosim\u00e9triques de chez PARAGON sont conditionn\u00e9es en 500ml et permettent la v\u00e9rification en routine des coupes viscosim\u00e9triques. Les huiles \u00e9talons certifi\u00e9es pour coupes viscosim\u00e9triques PARAGON sont livr\u00e9es avec un certificat comportant la viscosit\u00e9 cin\u00e9matique, la viscosit\u00e9 dynamique, la viscosit\u00e9 DIN, Ford, ISO, Shell, Zahn et la masse volumique \u00e0 20 et 25\u00b0C. Leur grande stabilit\u00e9 permet une conservation de 2 ans.  T\u00e9l\u00e9charger la brochure produit : Huiles \u00e9talons pour coupes viscosim\u00e9triques\" \/>\n<meta property=\"og:url\" content=\"https:\/\/webdesi-gn.fr\/dev_deltalabo\/produits\/domaines\/etalons\/huiles-etalons-viscosite-certifies-pour-coupes-viscosimetriques-paragon\/\" \/>\n<meta property=\"og:site_name\" content=\"DeltaLabo\" \/>\n<meta property=\"article:modified_time\" content=\"2025-03-26T15:00:54+00:00\" \/>\n<meta property=\"og:image\" content=\"https:\/\/webdesi-gn.fr\/dev_deltalabo\/wp-content\/uploads\/2024\/03\/DELTA-LABO-Huile-etalon-viscosite-pour-coupe-viscosimetrique.webp\" \/>\n\t<meta property=\"og:image:width\" content=\"650\" \/>\n\t<meta property=\"og:image:height\" content=\"868\" \/>\n\t<meta property=\"og:image:type\" content=\"image\/webp\" \/>\n<meta name=\"twitter:card\" content=\"summary_large_image\" \/>\n<meta name=\"twitter:label1\" content=\"Dur\u00e9e de lecture estim\u00e9e\" \/>\n\t<meta name=\"twitter:data1\" content=\"1 minute\" \/>\n<script type=\"application\/ld+json\" class=\"yoast-schema-graph\">{\"@context\":\"https:\\\/\\\/schema.org\",\"@graph\":[{\"@type\":\"WebPage\",\"@id\":\"https:\\\/\\\/webdesi-gn.fr\\\/dev_deltalabo\\\/produits\\\/domaines\\\/etalons\\\/huiles-etalons-viscosite-certifies-pour-coupes-viscosimetriques-paragon\\\/\",\"url\":\"https:\\\/\\\/webdesi-gn.fr\\\/dev_deltalabo\\\/produits\\\/domaines\\\/etalons\\\/huiles-etalons-viscosite-certifies-pour-coupes-viscosimetriques-paragon\\\/\",\"name\":\"Huiles \u00e9talons viscosit\u00e9 certifi\u00e9s pour coupes viscosim\u00e9triques, PARAGON | DeltaLabo\",\"isPartOf\":{\"@id\":\"https:\\\/\\\/webdesi-gn.fr\\\/dev_deltalabo\\\/#website\"},\"primaryImageOfPage\":{\"@id\":\"https:\\\/\\\/webdesi-gn.fr\\\/dev_deltalabo\\\/produits\\\/domaines\\\/etalons\\\/huiles-etalons-viscosite-certifies-pour-coupes-viscosimetriques-paragon\\\/#primaryimage\"},\"image\":{\"@id\":\"https:\\\/\\\/webdesi-gn.fr\\\/dev_deltalabo\\\/produits\\\/domaines\\\/etalons\\\/huiles-etalons-viscosite-certifies-pour-coupes-viscosimetriques-paragon\\\/#primaryimage\"},\"thumbnailUrl\":\"https:\\\/\\\/webdesi-gn.fr\\\/dev_deltalabo\\\/wp-content\\\/uploads\\\/2024\\\/03\\\/DELTA-LABO-Huile-etalon-viscosite-pour-coupe-viscosimetrique.webp\",\"datePublished\":\"2024-03-04T11:15:33+00:00\",\"dateModified\":\"2025-03-26T15:00:54+00:00\",\"breadcrumb\":{\"@id\":\"https:\\\/\\\/webdesi-gn.fr\\\/dev_deltalabo\\\/produits\\\/domaines\\\/etalons\\\/huiles-etalons-viscosite-certifies-pour-coupes-viscosimetriques-paragon\\\/#breadcrumb\"},\"inLanguage\":\"fr-FR\",\"potentialAction\":[{\"@type\":\"ReadAction\",\"target\":[\"https:\\\/\\\/webdesi-gn.fr\\\/dev_deltalabo\\\/produits\\\/domaines\\\/etalons\\\/huiles-etalons-viscosite-certifies-pour-coupes-viscosimetriques-paragon\\\/\"]}]},{\"@type\":\"ImageObject\",\"inLanguage\":\"fr-FR\",\"@id\":\"https:\\\/\\\/webdesi-gn.fr\\\/dev_deltalabo\\\/produits\\\/domaines\\\/etalons\\\/huiles-etalons-viscosite-certifies-pour-coupes-viscosimetriques-paragon\\\/#primaryimage\",\"url\":\"https:\\\/\\\/webdesi-gn.fr\\\/dev_deltalabo\\\/wp-content\\\/uploads\\\/2024\\\/03\\\/DELTA-LABO-Huile-etalon-viscosite-pour-coupe-viscosimetrique.webp\",\"contentUrl\":\"https:\\\/\\\/webdesi-gn.fr\\\/dev_deltalabo\\\/wp-content\\\/uploads\\\/2024\\\/03\\\/DELTA-LABO-Huile-etalon-viscosite-pour-coupe-viscosimetrique.webp\",\"width\":650,\"height\":868},{\"@type\":\"BreadcrumbList\",\"@id\":\"https:\\\/\\\/webdesi-gn.fr\\\/dev_deltalabo\\\/produits\\\/domaines\\\/etalons\\\/huiles-etalons-viscosite-certifies-pour-coupes-viscosimetriques-paragon\\\/#breadcrumb\",\"itemListElement\":[{\"@type\":\"ListItem\",\"position\":1,\"name\":\"Accueil\",\"item\":\"https:\\\/\\\/webdesi-gn.fr\\\/dev_deltalabo\\\/\"},{\"@type\":\"ListItem\",\"position\":2,\"name\":\"Produits\",\"item\":\"https:\\\/\\\/webdesi-gn.fr\\\/dev_deltalabo\\\/produits\\\/\"},{\"@type\":\"ListItem\",\"position\":3,\"name\":\"Huiles \u00e9talons viscosit\u00e9 certifi\u00e9s pour coupes viscosim\u00e9triques, PARAGON\"}]},{\"@type\":\"WebSite\",\"@id\":\"https:\\\/\\\/webdesi-gn.fr\\\/dev_deltalabo\\\/#website\",\"url\":\"https:\\\/\\\/webdesi-gn.fr\\\/dev_deltalabo\\\/\",\"name\":\"Delta Labo\",\"description\":\"Un site utilisant WordPress\",\"publisher\":{\"@id\":\"https:\\\/\\\/webdesi-gn.fr\\\/dev_deltalabo\\\/#organization\"},\"alternateName\":\"Delta Labo\",\"potentialAction\":[{\"@type\":\"SearchAction\",\"target\":{\"@type\":\"EntryPoint\",\"urlTemplate\":\"https:\\\/\\\/webdesi-gn.fr\\\/dev_deltalabo\\\/?s={search_term_string}\"},\"query-input\":{\"@type\":\"PropertyValueSpecification\",\"valueRequired\":true,\"valueName\":\"search_term_string\"}}],\"inLanguage\":\"fr-FR\"},{\"@type\":\"Organization\",\"@id\":\"https:\\\/\\\/webdesi-gn.fr\\\/dev_deltalabo\\\/#organization\",\"name\":\"DeltaLabo\",\"url\":\"https:\\\/\\\/webdesi-gn.fr\\\/dev_deltalabo\\\/\",\"logo\":{\"@type\":\"ImageObject\",\"inLanguage\":\"fr-FR\",\"@id\":\"https:\\\/\\\/webdesi-gn.fr\\\/dev_deltalabo\\\/#\\\/schema\\\/logo\\\/image\\\/\",\"url\":\"https:\\\/\\\/webdesi-gn.fr\\\/dev_deltalabo\\\/wp-content\\\/uploads\\\/2022\\\/07\\\/logo-deltalabo.png\",\"contentUrl\":\"https:\\\/\\\/webdesi-gn.fr\\\/dev_deltalabo\\\/wp-content\\\/uploads\\\/2022\\\/07\\\/logo-deltalabo.png\",\"width\":694,\"height\":306,\"caption\":\"DeltaLabo\"},\"image\":{\"@id\":\"https:\\\/\\\/webdesi-gn.fr\\\/dev_deltalabo\\\/#\\\/schema\\\/logo\\\/image\\\/\"}}]}<\/script>\n<!-- \/ Yoast SEO plugin. -->","yoast_head_json":{"title":"Huiles \u00e9talons viscosit\u00e9 certifi\u00e9s pour coupes viscosim\u00e9triques, PARAGON | DeltaLabo","robots":{"index":"noindex","follow":"follow","max-snippet":"max-snippet:-1","max-image-preview":"max-image-preview:large","max-video-preview":"max-video-preview:-1"},"og_locale":"fr_FR","og_type":"article","og_title":"Huiles \u00e9talons viscosit\u00e9 certifi\u00e9s pour coupes viscosim\u00e9triques, PARAGON | DeltaLabo","og_description":"Etalons PARAGON certifi\u00e9s UKAS en viscosit\u00e9 pour coupes viscosim\u00e9triques : les huiles \u00e9talons certifi\u00e9es pour coupes viscosim\u00e9triques de chez PARAGON ont \u00e9t\u00e9 \u00e9labor\u00e9es \u00e0 partir d'\u00e9talons primaires selon les proc\u00e9dures ISO 17025. Les huiles \u00e9talons certifi\u00e9es pour coupes viscosim\u00e9triques de chez PARAGON sont conditionn\u00e9es en 500ml et permettent la v\u00e9rification en routine des coupes viscosim\u00e9triques. Les huiles \u00e9talons certifi\u00e9es pour coupes viscosim\u00e9triques PARAGON sont livr\u00e9es avec un certificat comportant la viscosit\u00e9 cin\u00e9matique, la viscosit\u00e9 dynamique, la viscosit\u00e9 DIN, Ford, ISO, Shell, Zahn et la masse volumique \u00e0 20 et 25\u00b0C. Leur grande stabilit\u00e9 permet une conservation de 2 ans.  T\u00e9l\u00e9charger la brochure produit : Huiles \u00e9talons pour coupes viscosim\u00e9triques","og_url":"https:\/\/webdesi-gn.fr\/dev_deltalabo\/produits\/domaines\/etalons\/huiles-etalons-viscosite-certifies-pour-coupes-viscosimetriques-paragon\/","og_site_name":"DeltaLabo","article_modified_time":"2025-03-26T15:00:54+00:00","og_image":[{"width":650,"height":868,"url":"https:\/\/webdesi-gn.fr\/dev_deltalabo\/wp-content\/uploads\/2024\/03\/DELTA-LABO-Huile-etalon-viscosite-pour-coupe-viscosimetrique.webp","type":"image\/webp"}],"twitter_card":"summary_large_image","twitter_misc":{"Dur\u00e9e de lecture estim\u00e9e":"1 minute"},"schema":{"@context":"https:\/\/schema.org","@graph":[{"@type":"WebPage","@id":"https:\/\/webdesi-gn.fr\/dev_deltalabo\/produits\/domaines\/etalons\/huiles-etalons-viscosite-certifies-pour-coupes-viscosimetriques-paragon\/","url":"https:\/\/webdesi-gn.fr\/dev_deltalabo\/produits\/domaines\/etalons\/huiles-etalons-viscosite-certifies-pour-coupes-viscosimetriques-paragon\/","name":"Huiles \u00e9talons viscosit\u00e9 certifi\u00e9s pour coupes viscosim\u00e9triques, PARAGON | DeltaLabo","isPartOf":{"@id":"https:\/\/webdesi-gn.fr\/dev_deltalabo\/#website"},"primaryImageOfPage":{"@id":"https:\/\/webdesi-gn.fr\/dev_deltalabo\/produits\/domaines\/etalons\/huiles-etalons-viscosite-certifies-pour-coupes-viscosimetriques-paragon\/#primaryimage"},"image":{"@id":"https:\/\/webdesi-gn.fr\/dev_deltalabo\/produits\/domaines\/etalons\/huiles-etalons-viscosite-certifies-pour-coupes-viscosimetriques-paragon\/#primaryimage"},"thumbnailUrl":"https:\/\/webdesi-gn.fr\/dev_deltalabo\/wp-content\/uploads\/2024\/03\/DELTA-LABO-Huile-etalon-viscosite-pour-coupe-viscosimetrique.webp","datePublished":"2024-03-04T11:15:33+00:00","dateModified":"2025-03-26T15:00:54+00:00","breadcrumb":{"@id":"https:\/\/webdesi-gn.fr\/dev_deltalabo\/produits\/domaines\/etalons\/huiles-etalons-viscosite-certifies-pour-coupes-viscosimetriques-paragon\/#breadcrumb"},"inLanguage":"fr-FR","potentialAction":[{"@type":"ReadAction","target":["https:\/\/webdesi-gn.fr\/dev_deltalabo\/produits\/domaines\/etalons\/huiles-etalons-viscosite-certifies-pour-coupes-viscosimetriques-paragon\/"]}]},{"@type":"ImageObject","inLanguage":"fr-FR","@id":"https:\/\/webdesi-gn.fr\/dev_deltalabo\/produits\/domaines\/etalons\/huiles-etalons-viscosite-certifies-pour-coupes-viscosimetriques-paragon\/#primaryimage","url":"https:\/\/webdesi-gn.fr\/dev_deltalabo\/wp-content\/uploads\/2024\/03\/DELTA-LABO-Huile-etalon-viscosite-pour-coupe-viscosimetrique.webp","contentUrl":"https:\/\/webdesi-gn.fr\/dev_deltalabo\/wp-content\/uploads\/2024\/03\/DELTA-LABO-Huile-etalon-viscosite-pour-coupe-viscosimetrique.webp","width":650,"height":868},{"@type":"BreadcrumbList","@id":"https:\/\/webdesi-gn.fr\/dev_deltalabo\/produits\/domaines\/etalons\/huiles-etalons-viscosite-certifies-pour-coupes-viscosimetriques-paragon\/#breadcrumb","itemListElement":[{"@type":"ListItem","position":1,"name":"Accueil","item":"https:\/\/webdesi-gn.fr\/dev_deltalabo\/"},{"@type":"ListItem","position":2,"name":"Produits","item":"https:\/\/webdesi-gn.fr\/dev_deltalabo\/produits\/"},{"@type":"ListItem","position":3,"name":"Huiles \u00e9talons viscosit\u00e9 certifi\u00e9s pour coupes viscosim\u00e9triques, PARAGON"}]},{"@type":"WebSite","@id":"https:\/\/webdesi-gn.fr\/dev_deltalabo\/#website","url":"https:\/\/webdesi-gn.fr\/dev_deltalabo\/","name":"Delta Labo","description":"Un site utilisant WordPress","publisher":{"@id":"https:\/\/webdesi-gn.fr\/dev_deltalabo\/#organization"},"alternateName":"Delta Labo","potentialAction":[{"@type":"SearchAction","target":{"@type":"EntryPoint","urlTemplate":"https:\/\/webdesi-gn.fr\/dev_deltalabo\/?s={search_term_string}"},"query-input":{"@type":"PropertyValueSpecification","valueRequired":true,"valueName":"search_term_string"}}],"inLanguage":"fr-FR"},{"@type":"Organization","@id":"https:\/\/webdesi-gn.fr\/dev_deltalabo\/#organization","name":"DeltaLabo","url":"https:\/\/webdesi-gn.fr\/dev_deltalabo\/","logo":{"@type":"ImageObject","inLanguage":"fr-FR","@id":"https:\/\/webdesi-gn.fr\/dev_deltalabo\/#\/schema\/logo\/image\/","url":"https:\/\/webdesi-gn.fr\/dev_deltalabo\/wp-content\/uploads\/2022\/07\/logo-deltalabo.png","contentUrl":"https:\/\/webdesi-gn.fr\/dev_deltalabo\/wp-content\/uploads\/2022\/07\/logo-deltalabo.png","width":694,"height":306,"caption":"DeltaLabo"},"image":{"@id":"https:\/\/webdesi-gn.fr\/dev_deltalabo\/#\/schema\/logo\/image\/"}}]}},"_links":{"self":[{"href":"https:\/\/webdesi-gn.fr\/dev_deltalabo\/wp-json\/wp\/v2\/product\/256118","targetHints":{"allow":["GET"]}}],"collection":[{"href":"https:\/\/webdesi-gn.fr\/dev_deltalabo\/wp-json\/wp\/v2\/product"}],"about":[{"href":"https:\/\/webdesi-gn.fr\/dev_deltalabo\/wp-json\/wp\/v2\/types\/product"}],"wp:featuredmedia":[{"embeddable":true,"href":"https:\/\/webdesi-gn.fr\/dev_deltalabo\/wp-json\/wp\/v2\/media\/259210"}],"wp:attachment":[{"href":"https:\/\/webdesi-gn.fr\/dev_deltalabo\/wp-json\/wp\/v2\/media?parent=256118"}],"wp:term":[{"taxonomy":"domaine","embeddable":true,"href":"https:\/\/webdesi-gn.fr\/dev_deltalabo\/wp-json\/wp\/v2\/domaine?post=256118"},{"taxonomy":"normes","embeddable":true,"href":"https:\/\/webdesi-gn.fr\/dev_deltalabo\/wp-json\/wp\/v2\/normes?post=256118"},{"taxonomy":"product_brand","embeddable":true,"href":"https:\/\/webdesi-gn.fr\/dev_deltalabo\/wp-json\/wp\/v2\/product_brand?post=256118"},{"taxonomy":"product_cat","embeddable":true,"href":"https:\/\/webdesi-gn.fr\/dev_deltalabo\/wp-json\/wp\/v2\/product_cat?post=256118"},{"taxonomy":"product_tag","embeddable":true,"href":"https:\/\/webdesi-gn.fr\/dev_deltalabo\/wp-json\/wp\/v2\/product_tag?post=256118"}],"curies":[{"name":"wp","href":"https:\/\/api.w.org\/{rel}","templated":true}]}}