{"id":256121,"date":"2024-03-04T12:19:56","date_gmt":"2024-03-04T11:19:56","guid":{"rendered":"https:\/\/webdesi-gn.fr\/dev_deltalabo\/?post_type=product&#038;p=256121"},"modified":"2025-03-26T16:06:18","modified_gmt":"2025-03-26T15:06:18","slug":"huiles-etalons-viscosite-certifies-pour-usage-general-paragon","status":"publish","type":"product","link":"https:\/\/webdesi-gn.fr\/dev_deltalabo\/produits\/petrochimie-chimie-nucleaire\/huiles-etalons-viscosite-certifies-pour-usage-general-paragon\/","title":{"rendered":"Huiles \u00e9talons viscosit\u00e9 certifi\u00e9s pour usage g\u00e9n\u00e9ral, PARAGON"},"content":{"rendered":"","protected":false},"excerpt":{"rendered":"<p>Etalons PARAGON certifi\u00e9s UKAS en viscosit\u00e9 pour usage g\u00e9n\u00e9ral : les huiles \u00e9talons certifi\u00e9es pour usage g\u00e9n\u00e9ral de chez PARAGON ont \u00e9t\u00e9 \u00e9labor\u00e9es \u00e0 partir d&rsquo;\u00e9talons primaires selon les proc\u00e9dures ISO 17025.<br \/>\nLes huiles \u00e9talons certifi\u00e9es pour usage g\u00e9n\u00e9ral de chez PARAGON sont conditionn\u00e9es en 500ml et permettent la v\u00e9rification en routine des viscosim\u00e8tres capilaires, Ubbelhode, Cannon, Fenske, Houillon etc&#8230;<br \/>\nLes huiles \u00e9talons certifi\u00e9es pour usage g\u00e9n\u00e9ral PARAGON sont livr\u00e9es avec un certificat comportant la viscosit\u00e9 cin\u00e9matique, la viscosit\u00e9 dynamique et la masse volumique entre 20 et 100\u00b0C.<br \/>\nLeur grande stabilit\u00e9 permet une conservation de 2 ans.<\/p>\n<p><strong>T\u00e9l\u00e9charger la brochure produit :<\/strong> <a href=\"https:\/\/webdesi-gn.fr\/dev_deltalabo\/wp-content\/uploads\/2025\/03\/Doc-etalons-visco-general-engl-DL.pdf\">Huiles \u00e9talons en viscosit\u00e9 pour usage g\u00e9n\u00e9ral<\/a><\/p>\n","protected":false},"featured_media":259213,"template":"","meta":{"_acf_changed":false,"site-sidebar-layout":"default","site-content-layout":"","ast-site-content-layout":"default","site-content-style":"default","site-sidebar-style":"default","ast-global-header-display":"","ast-banner-title-visibility":"","ast-main-header-display":"","ast-hfb-above-header-display":"","ast-hfb-below-header-display":"","ast-hfb-mobile-header-display":"","site-post-title":"","ast-breadcrumbs-content":"","ast-featured-img":"","footer-sml-layout":"","ast-disable-related-posts":"","theme-transparent-header-meta":"","adv-header-id-meta":"","stick-header-meta":"","header-above-stick-meta":"","header-main-stick-meta":"","header-below-stick-meta":"","astra-migrate-meta-layouts":"default","ast-page-background-enabled":"default","ast-page-background-meta":{"desktop":{"background-color":"var(--ast-global-color-5)","background-image":"","background-repeat":"repeat","background-position":"center center","background-size":"auto","background-attachment":"scroll","background-type":"","background-media":"","overlay-type":"","overlay-color":"","overlay-opacity":"","overlay-gradient":""},"tablet":{"background-color":"","background-image":"","background-repeat":"repeat","background-position":"center center","background-size":"auto","background-attachment":"scroll","background-type":"","background-media":"","overlay-type":"","overlay-color":"","overlay-opacity":"","overlay-gradient":""},"mobile":{"background-color":"","background-image":"","background-repeat":"repeat","background-position":"center center","background-size":"auto","background-attachment":"scroll","background-type":"","background-media":"","overlay-type":"","overlay-color":"","overlay-opacity":"","overlay-gradient":""}},"ast-content-background-meta":{"desktop":{"background-color":"var(--ast-global-color-4)","background-image":"","background-repeat":"repeat","background-position":"center center","background-size":"auto","background-attachment":"scroll","background-type":"","background-media":"","overlay-type":"","overlay-color":"","overlay-opacity":"","overlay-gradient":""},"tablet":{"background-color":"var(--ast-global-color-4)","background-image":"","background-repeat":"repeat","background-position":"center center","background-size":"auto","background-attachment":"scroll","background-type":"","background-media":"","overlay-type":"","overlay-color":"","overlay-opacity":"","overlay-gradient":""},"mobile":{"background-color":"var(--ast-global-color-4)","background-image":"","background-repeat":"repeat","background-position":"center center","background-size":"auto","background-attachment":"scroll","background-type":"","background-media":"","overlay-type":"","overlay-color":"","overlay-opacity":"","overlay-gradient":""}}},"domaine":[17182],"normes":[],"product_brand":[],"product_cat":[94],"product_tag":[],"class_list":{"0":"post-256121","1":"product","2":"type-product","3":"status-publish","4":"has-post-thumbnail","6":"domaine-etalons","7":"product_cat-petrochimie-chimie-nucleaire","8":"desktop-align-left","9":"tablet-align-left","10":"mobile-align-left","12":"first","13":"instock","14":"shipping-taxable","15":"purchasable","16":"product-type-simple"},"acf":[],"yoast_head":"<!-- This site is optimized with the Yoast SEO plugin v27.4 - https:\/\/yoast.com\/product\/yoast-seo-wordpress\/ -->\n<title>Huiles \u00e9talons viscosit\u00e9 certifi\u00e9s pour usage g\u00e9n\u00e9ral, PARAGON | DeltaLabo<\/title>\n<meta name=\"robots\" content=\"noindex, follow, max-snippet:-1, max-image-preview:large, max-video-preview:-1\" \/>\n<meta property=\"og:locale\" content=\"fr_FR\" \/>\n<meta property=\"og:type\" content=\"article\" \/>\n<meta property=\"og:title\" content=\"Huiles \u00e9talons viscosit\u00e9 certifi\u00e9s pour usage g\u00e9n\u00e9ral, PARAGON | DeltaLabo\" \/>\n<meta property=\"og:description\" content=\"Etalons PARAGON certifi\u00e9s UKAS en viscosit\u00e9 pour usage g\u00e9n\u00e9ral : les huiles \u00e9talons certifi\u00e9es pour usage g\u00e9n\u00e9ral de chez PARAGON ont \u00e9t\u00e9 \u00e9labor\u00e9es \u00e0 partir d&#039;\u00e9talons primaires selon les proc\u00e9dures ISO 17025. Les huiles \u00e9talons certifi\u00e9es pour usage g\u00e9n\u00e9ral de chez PARAGON sont conditionn\u00e9es en 500ml et permettent la v\u00e9rification en routine des viscosim\u00e8tres capilaires, Ubbelhode, Cannon, Fenske, Houillon etc... Les huiles \u00e9talons certifi\u00e9es pour usage g\u00e9n\u00e9ral PARAGON sont livr\u00e9es avec un certificat comportant la viscosit\u00e9 cin\u00e9matique, la viscosit\u00e9 dynamique et la masse volumique entre 20 et 100\u00b0C. Leur grande stabilit\u00e9 permet une conservation de 2 ans.  T\u00e9l\u00e9charger la brochure produit : Huiles \u00e9talons en viscosit\u00e9 pour usage g\u00e9n\u00e9ral\" \/>\n<meta property=\"og:url\" content=\"https:\/\/webdesi-gn.fr\/dev_deltalabo\/produits\/domaines\/etalons\/huiles-etalons-viscosite-certifies-pour-usage-general-paragon\/\" \/>\n<meta property=\"og:site_name\" content=\"DeltaLabo\" \/>\n<meta property=\"article:modified_time\" content=\"2025-03-26T15:06:18+00:00\" \/>\n<meta property=\"og:image\" content=\"https:\/\/webdesi-gn.fr\/dev_deltalabo\/wp-content\/uploads\/2024\/03\/DELTA-LABO-Huile-etalon-viscosite-pour-usage-general.webp\" \/>\n\t<meta property=\"og:image:width\" content=\"650\" \/>\n\t<meta property=\"og:image:height\" content=\"868\" \/>\n\t<meta property=\"og:image:type\" content=\"image\/webp\" \/>\n<meta name=\"twitter:card\" content=\"summary_large_image\" \/>\n<script type=\"application\/ld+json\" class=\"yoast-schema-graph\">{\"@context\":\"https:\\\/\\\/schema.org\",\"@graph\":[{\"@type\":\"WebPage\",\"@id\":\"https:\\\/\\\/webdesi-gn.fr\\\/dev_deltalabo\\\/produits\\\/domaines\\\/etalons\\\/huiles-etalons-viscosite-certifies-pour-usage-general-paragon\\\/\",\"url\":\"https:\\\/\\\/webdesi-gn.fr\\\/dev_deltalabo\\\/produits\\\/domaines\\\/etalons\\\/huiles-etalons-viscosite-certifies-pour-usage-general-paragon\\\/\",\"name\":\"Huiles \u00e9talons viscosit\u00e9 certifi\u00e9s pour usage g\u00e9n\u00e9ral, PARAGON | DeltaLabo\",\"isPartOf\":{\"@id\":\"https:\\\/\\\/webdesi-gn.fr\\\/dev_deltalabo\\\/#website\"},\"primaryImageOfPage\":{\"@id\":\"https:\\\/\\\/webdesi-gn.fr\\\/dev_deltalabo\\\/produits\\\/domaines\\\/etalons\\\/huiles-etalons-viscosite-certifies-pour-usage-general-paragon\\\/#primaryimage\"},\"image\":{\"@id\":\"https:\\\/\\\/webdesi-gn.fr\\\/dev_deltalabo\\\/produits\\\/domaines\\\/etalons\\\/huiles-etalons-viscosite-certifies-pour-usage-general-paragon\\\/#primaryimage\"},\"thumbnailUrl\":\"https:\\\/\\\/webdesi-gn.fr\\\/dev_deltalabo\\\/wp-content\\\/uploads\\\/2024\\\/03\\\/DELTA-LABO-Huile-etalon-viscosite-pour-usage-general.webp\",\"datePublished\":\"2024-03-04T11:19:56+00:00\",\"dateModified\":\"2025-03-26T15:06:18+00:00\",\"breadcrumb\":{\"@id\":\"https:\\\/\\\/webdesi-gn.fr\\\/dev_deltalabo\\\/produits\\\/domaines\\\/etalons\\\/huiles-etalons-viscosite-certifies-pour-usage-general-paragon\\\/#breadcrumb\"},\"inLanguage\":\"fr-FR\",\"potentialAction\":[{\"@type\":\"ReadAction\",\"target\":[\"https:\\\/\\\/webdesi-gn.fr\\\/dev_deltalabo\\\/produits\\\/domaines\\\/etalons\\\/huiles-etalons-viscosite-certifies-pour-usage-general-paragon\\\/\"]}]},{\"@type\":\"ImageObject\",\"inLanguage\":\"fr-FR\",\"@id\":\"https:\\\/\\\/webdesi-gn.fr\\\/dev_deltalabo\\\/produits\\\/domaines\\\/etalons\\\/huiles-etalons-viscosite-certifies-pour-usage-general-paragon\\\/#primaryimage\",\"url\":\"https:\\\/\\\/webdesi-gn.fr\\\/dev_deltalabo\\\/wp-content\\\/uploads\\\/2024\\\/03\\\/DELTA-LABO-Huile-etalon-viscosite-pour-usage-general.webp\",\"contentUrl\":\"https:\\\/\\\/webdesi-gn.fr\\\/dev_deltalabo\\\/wp-content\\\/uploads\\\/2024\\\/03\\\/DELTA-LABO-Huile-etalon-viscosite-pour-usage-general.webp\",\"width\":650,\"height\":868},{\"@type\":\"BreadcrumbList\",\"@id\":\"https:\\\/\\\/webdesi-gn.fr\\\/dev_deltalabo\\\/produits\\\/domaines\\\/etalons\\\/huiles-etalons-viscosite-certifies-pour-usage-general-paragon\\\/#breadcrumb\",\"itemListElement\":[{\"@type\":\"ListItem\",\"position\":1,\"name\":\"Accueil\",\"item\":\"https:\\\/\\\/webdesi-gn.fr\\\/dev_deltalabo\\\/\"},{\"@type\":\"ListItem\",\"position\":2,\"name\":\"Produits\",\"item\":\"https:\\\/\\\/webdesi-gn.fr\\\/dev_deltalabo\\\/produits\\\/\"},{\"@type\":\"ListItem\",\"position\":3,\"name\":\"Huiles \u00e9talons viscosit\u00e9 certifi\u00e9s pour usage g\u00e9n\u00e9ral, PARAGON\"}]},{\"@type\":\"WebSite\",\"@id\":\"https:\\\/\\\/webdesi-gn.fr\\\/dev_deltalabo\\\/#website\",\"url\":\"https:\\\/\\\/webdesi-gn.fr\\\/dev_deltalabo\\\/\",\"name\":\"Delta Labo\",\"description\":\"Un site utilisant WordPress\",\"publisher\":{\"@id\":\"https:\\\/\\\/webdesi-gn.fr\\\/dev_deltalabo\\\/#organization\"},\"alternateName\":\"Delta Labo\",\"potentialAction\":[{\"@type\":\"SearchAction\",\"target\":{\"@type\":\"EntryPoint\",\"urlTemplate\":\"https:\\\/\\\/webdesi-gn.fr\\\/dev_deltalabo\\\/?s={search_term_string}\"},\"query-input\":{\"@type\":\"PropertyValueSpecification\",\"valueRequired\":true,\"valueName\":\"search_term_string\"}}],\"inLanguage\":\"fr-FR\"},{\"@type\":\"Organization\",\"@id\":\"https:\\\/\\\/webdesi-gn.fr\\\/dev_deltalabo\\\/#organization\",\"name\":\"DeltaLabo\",\"url\":\"https:\\\/\\\/webdesi-gn.fr\\\/dev_deltalabo\\\/\",\"logo\":{\"@type\":\"ImageObject\",\"inLanguage\":\"fr-FR\",\"@id\":\"https:\\\/\\\/webdesi-gn.fr\\\/dev_deltalabo\\\/#\\\/schema\\\/logo\\\/image\\\/\",\"url\":\"https:\\\/\\\/webdesi-gn.fr\\\/dev_deltalabo\\\/wp-content\\\/uploads\\\/2022\\\/07\\\/logo-deltalabo.png\",\"contentUrl\":\"https:\\\/\\\/webdesi-gn.fr\\\/dev_deltalabo\\\/wp-content\\\/uploads\\\/2022\\\/07\\\/logo-deltalabo.png\",\"width\":694,\"height\":306,\"caption\":\"DeltaLabo\"},\"image\":{\"@id\":\"https:\\\/\\\/webdesi-gn.fr\\\/dev_deltalabo\\\/#\\\/schema\\\/logo\\\/image\\\/\"}}]}<\/script>\n<!-- \/ Yoast SEO plugin. -->","yoast_head_json":{"title":"Huiles \u00e9talons viscosit\u00e9 certifi\u00e9s pour usage g\u00e9n\u00e9ral, PARAGON | DeltaLabo","robots":{"index":"noindex","follow":"follow","max-snippet":"max-snippet:-1","max-image-preview":"max-image-preview:large","max-video-preview":"max-video-preview:-1"},"og_locale":"fr_FR","og_type":"article","og_title":"Huiles \u00e9talons viscosit\u00e9 certifi\u00e9s pour usage g\u00e9n\u00e9ral, PARAGON | DeltaLabo","og_description":"Etalons PARAGON certifi\u00e9s UKAS en viscosit\u00e9 pour usage g\u00e9n\u00e9ral : les huiles \u00e9talons certifi\u00e9es pour usage g\u00e9n\u00e9ral de chez PARAGON ont \u00e9t\u00e9 \u00e9labor\u00e9es \u00e0 partir d'\u00e9talons primaires selon les proc\u00e9dures ISO 17025. Les huiles \u00e9talons certifi\u00e9es pour usage g\u00e9n\u00e9ral de chez PARAGON sont conditionn\u00e9es en 500ml et permettent la v\u00e9rification en routine des viscosim\u00e8tres capilaires, Ubbelhode, Cannon, Fenske, Houillon etc... Les huiles \u00e9talons certifi\u00e9es pour usage g\u00e9n\u00e9ral PARAGON sont livr\u00e9es avec un certificat comportant la viscosit\u00e9 cin\u00e9matique, la viscosit\u00e9 dynamique et la masse volumique entre 20 et 100\u00b0C. Leur grande stabilit\u00e9 permet une conservation de 2 ans.  T\u00e9l\u00e9charger la brochure produit : Huiles \u00e9talons en viscosit\u00e9 pour usage g\u00e9n\u00e9ral","og_url":"https:\/\/webdesi-gn.fr\/dev_deltalabo\/produits\/domaines\/etalons\/huiles-etalons-viscosite-certifies-pour-usage-general-paragon\/","og_site_name":"DeltaLabo","article_modified_time":"2025-03-26T15:06:18+00:00","og_image":[{"width":650,"height":868,"url":"https:\/\/webdesi-gn.fr\/dev_deltalabo\/wp-content\/uploads\/2024\/03\/DELTA-LABO-Huile-etalon-viscosite-pour-usage-general.webp","type":"image\/webp"}],"twitter_card":"summary_large_image","schema":{"@context":"https:\/\/schema.org","@graph":[{"@type":"WebPage","@id":"https:\/\/webdesi-gn.fr\/dev_deltalabo\/produits\/domaines\/etalons\/huiles-etalons-viscosite-certifies-pour-usage-general-paragon\/","url":"https:\/\/webdesi-gn.fr\/dev_deltalabo\/produits\/domaines\/etalons\/huiles-etalons-viscosite-certifies-pour-usage-general-paragon\/","name":"Huiles \u00e9talons viscosit\u00e9 certifi\u00e9s pour usage g\u00e9n\u00e9ral, PARAGON | DeltaLabo","isPartOf":{"@id":"https:\/\/webdesi-gn.fr\/dev_deltalabo\/#website"},"primaryImageOfPage":{"@id":"https:\/\/webdesi-gn.fr\/dev_deltalabo\/produits\/domaines\/etalons\/huiles-etalons-viscosite-certifies-pour-usage-general-paragon\/#primaryimage"},"image":{"@id":"https:\/\/webdesi-gn.fr\/dev_deltalabo\/produits\/domaines\/etalons\/huiles-etalons-viscosite-certifies-pour-usage-general-paragon\/#primaryimage"},"thumbnailUrl":"https:\/\/webdesi-gn.fr\/dev_deltalabo\/wp-content\/uploads\/2024\/03\/DELTA-LABO-Huile-etalon-viscosite-pour-usage-general.webp","datePublished":"2024-03-04T11:19:56+00:00","dateModified":"2025-03-26T15:06:18+00:00","breadcrumb":{"@id":"https:\/\/webdesi-gn.fr\/dev_deltalabo\/produits\/domaines\/etalons\/huiles-etalons-viscosite-certifies-pour-usage-general-paragon\/#breadcrumb"},"inLanguage":"fr-FR","potentialAction":[{"@type":"ReadAction","target":["https:\/\/webdesi-gn.fr\/dev_deltalabo\/produits\/domaines\/etalons\/huiles-etalons-viscosite-certifies-pour-usage-general-paragon\/"]}]},{"@type":"ImageObject","inLanguage":"fr-FR","@id":"https:\/\/webdesi-gn.fr\/dev_deltalabo\/produits\/domaines\/etalons\/huiles-etalons-viscosite-certifies-pour-usage-general-paragon\/#primaryimage","url":"https:\/\/webdesi-gn.fr\/dev_deltalabo\/wp-content\/uploads\/2024\/03\/DELTA-LABO-Huile-etalon-viscosite-pour-usage-general.webp","contentUrl":"https:\/\/webdesi-gn.fr\/dev_deltalabo\/wp-content\/uploads\/2024\/03\/DELTA-LABO-Huile-etalon-viscosite-pour-usage-general.webp","width":650,"height":868},{"@type":"BreadcrumbList","@id":"https:\/\/webdesi-gn.fr\/dev_deltalabo\/produits\/domaines\/etalons\/huiles-etalons-viscosite-certifies-pour-usage-general-paragon\/#breadcrumb","itemListElement":[{"@type":"ListItem","position":1,"name":"Accueil","item":"https:\/\/webdesi-gn.fr\/dev_deltalabo\/"},{"@type":"ListItem","position":2,"name":"Produits","item":"https:\/\/webdesi-gn.fr\/dev_deltalabo\/produits\/"},{"@type":"ListItem","position":3,"name":"Huiles \u00e9talons viscosit\u00e9 certifi\u00e9s pour usage g\u00e9n\u00e9ral, PARAGON"}]},{"@type":"WebSite","@id":"https:\/\/webdesi-gn.fr\/dev_deltalabo\/#website","url":"https:\/\/webdesi-gn.fr\/dev_deltalabo\/","name":"Delta Labo","description":"Un site utilisant WordPress","publisher":{"@id":"https:\/\/webdesi-gn.fr\/dev_deltalabo\/#organization"},"alternateName":"Delta Labo","potentialAction":[{"@type":"SearchAction","target":{"@type":"EntryPoint","urlTemplate":"https:\/\/webdesi-gn.fr\/dev_deltalabo\/?s={search_term_string}"},"query-input":{"@type":"PropertyValueSpecification","valueRequired":true,"valueName":"search_term_string"}}],"inLanguage":"fr-FR"},{"@type":"Organization","@id":"https:\/\/webdesi-gn.fr\/dev_deltalabo\/#organization","name":"DeltaLabo","url":"https:\/\/webdesi-gn.fr\/dev_deltalabo\/","logo":{"@type":"ImageObject","inLanguage":"fr-FR","@id":"https:\/\/webdesi-gn.fr\/dev_deltalabo\/#\/schema\/logo\/image\/","url":"https:\/\/webdesi-gn.fr\/dev_deltalabo\/wp-content\/uploads\/2022\/07\/logo-deltalabo.png","contentUrl":"https:\/\/webdesi-gn.fr\/dev_deltalabo\/wp-content\/uploads\/2022\/07\/logo-deltalabo.png","width":694,"height":306,"caption":"DeltaLabo"},"image":{"@id":"https:\/\/webdesi-gn.fr\/dev_deltalabo\/#\/schema\/logo\/image\/"}}]}},"_links":{"self":[{"href":"https:\/\/webdesi-gn.fr\/dev_deltalabo\/wp-json\/wp\/v2\/product\/256121","targetHints":{"allow":["GET"]}}],"collection":[{"href":"https:\/\/webdesi-gn.fr\/dev_deltalabo\/wp-json\/wp\/v2\/product"}],"about":[{"href":"https:\/\/webdesi-gn.fr\/dev_deltalabo\/wp-json\/wp\/v2\/types\/product"}],"wp:featuredmedia":[{"embeddable":true,"href":"https:\/\/webdesi-gn.fr\/dev_deltalabo\/wp-json\/wp\/v2\/media\/259213"}],"wp:attachment":[{"href":"https:\/\/webdesi-gn.fr\/dev_deltalabo\/wp-json\/wp\/v2\/media?parent=256121"}],"wp:term":[{"taxonomy":"domaine","embeddable":true,"href":"https:\/\/webdesi-gn.fr\/dev_deltalabo\/wp-json\/wp\/v2\/domaine?post=256121"},{"taxonomy":"normes","embeddable":true,"href":"https:\/\/webdesi-gn.fr\/dev_deltalabo\/wp-json\/wp\/v2\/normes?post=256121"},{"taxonomy":"product_brand","embeddable":true,"href":"https:\/\/webdesi-gn.fr\/dev_deltalabo\/wp-json\/wp\/v2\/product_brand?post=256121"},{"taxonomy":"product_cat","embeddable":true,"href":"https:\/\/webdesi-gn.fr\/dev_deltalabo\/wp-json\/wp\/v2\/product_cat?post=256121"},{"taxonomy":"product_tag","embeddable":true,"href":"https:\/\/webdesi-gn.fr\/dev_deltalabo\/wp-json\/wp\/v2\/product_tag?post=256121"}],"curies":[{"name":"wp","href":"https:\/\/api.w.org\/{rel}","templated":true}]}}