{"id":256136,"date":"2024-03-04T15:04:08","date_gmt":"2024-03-04T14:04:08","guid":{"rendered":"https:\/\/webdesi-gn.fr\/dev_deltalabo\/?post_type=product&#038;p=256136"},"modified":"2025-12-15T14:28:57","modified_gmt":"2025-12-15T13:28:57","slug":"valise-portable-pour-analyse-de-la-qualite-de-lair-respirable-pressurise-selon-la-norme-en-12021","status":"publish","type":"product","link":"https:\/\/webdesi-gn.fr\/dev_deltalabo\/produits\/cat-produit\/valise-portable-pour-analyse-de-la-qualite-de-lair-respirable-pressurise-selon-la-norme-en-12021\/","title":{"rendered":"Analyseur d&rsquo;air respirable ASCO INSTRUMENTS &#8211; VAR 18"},"content":{"rendered":"","protected":false},"excerpt":{"rendered":"<p><strong>Analyseur d&rsquo;air respirable ASCO INSTRUMENTS &#8211; VAR 18 :<\/strong><\/p>\n<p>Cette valise permet le contr\u00f4le de la qualit\u00e9 de l&rsquo;air respirable pressuris\u00e9 selon les normes AREVA et EN 12021. L&rsquo;utilisation est simple par raccordement direct sur arriv\u00e9es d&rsquo;air respirable basse (0.5 \u00e0 10bars) et\/ou haute pression en option (300bars) type Staubli.<\/p>\n<p>Mesure simultan\u00e9e sur \u00e9cran tactile couleur des teneurs en CO (0 \u00e0 100ppm), CO2 (0 \u00e0 3000ppm), O2 (0 \u00e0 25%V), hygrom\u00e9trie (0\u00b0C \u00e0 -80\u00b0C de point de ros\u00e9e) et huile (0 \u00e0 20ppm).<\/p>\n<ul>\n<li>En option, il est possible de mesurer \u00e9galement les poussi\u00e8res, la temp\u00e9rature, la pression, le NO, le NO2 et le SO2<\/li>\n<li>Fonctionnement sur secteur et\/ou batterie<\/li>\n<li>Livr\u00e9e compl\u00e8te en valise renforc\u00e9e sp\u00e9ciale utilisation sur le terrain<\/li>\n<li>Etalonnage simplifi\u00e9 sur mini bouteilles de gaz \u00e9talon<\/li>\n<li>Existe aussi en version murale fixe avec alarme visuelles et sonores, relais etc&#8230;<\/li>\n<\/ul>\n","protected":false},"featured_media":262136,"template":"","meta":{"_acf_changed":false,"site-sidebar-layout":"default","site-content-layout":"","ast-site-content-layout":"default","site-content-style":"default","site-sidebar-style":"default","ast-global-header-display":"","ast-banner-title-visibility":"","ast-main-header-display":"","ast-hfb-above-header-display":"","ast-hfb-below-header-display":"","ast-hfb-mobile-header-display":"","site-post-title":"","ast-breadcrumbs-content":"","ast-featured-img":"","footer-sml-layout":"","ast-disable-related-posts":"","theme-transparent-header-meta":"default","adv-header-id-meta":"","stick-header-meta":"","header-above-stick-meta":"","header-main-stick-meta":"","header-below-stick-meta":"","astra-migrate-meta-layouts":"set","ast-page-background-enabled":"default","ast-page-background-meta":{"desktop":{"background-color":"var(--ast-global-color-5)","background-image":"","background-repeat":"repeat","background-position":"center center","background-size":"auto","background-attachment":"scroll","background-type":"","background-media":"","overlay-type":"","overlay-color":"","overlay-opacity":"","overlay-gradient":""},"tablet":{"background-color":"","background-image":"","background-repeat":"repeat","background-position":"center center","background-size":"auto","background-attachment":"scroll","background-type":"","background-media":"","overlay-type":"","overlay-color":"","overlay-opacity":"","overlay-gradient":""},"mobile":{"background-color":"","background-image":"","background-repeat":"repeat","background-position":"center center","background-size":"auto","background-attachment":"scroll","background-type":"","background-media":"","overlay-type":"","overlay-color":"","overlay-opacity":"","overlay-gradient":""}},"ast-content-background-meta":{"desktop":{"background-color":"var(--ast-global-color-4)","background-image":"","background-repeat":"repeat","background-position":"center center","background-size":"auto","background-attachment":"scroll","background-type":"","background-media":"","overlay-type":"","overlay-color":"","overlay-opacity":"","overlay-gradient":""},"tablet":{"background-color":"var(--ast-global-color-4)","background-image":"","background-repeat":"repeat","background-position":"center center","background-size":"auto","background-attachment":"scroll","background-type":"","background-media":"","overlay-type":"","overlay-color":"","overlay-opacity":"","overlay-gradient":""},"mobile":{"background-color":"var(--ast-global-color-4)","background-image":"","background-repeat":"repeat","background-position":"center center","background-size":"auto","background-attachment":"scroll","background-type":"","background-media":"","overlay-type":"","overlay-color":"","overlay-opacity":"","overlay-gradient":""}}},"domaine":[],"normes":[5254],"product_brand":[],"product_cat":[15],"product_tag":[],"class_list":{"0":"post-256136","1":"product","2":"type-product","3":"status-publish","4":"has-post-thumbnail","6":"normes-en-12021","7":"product_cat-cat-produit","8":"desktop-align-left","9":"tablet-align-left","10":"mobile-align-left","12":"first","13":"instock","14":"shipping-taxable","15":"product-type-simple"},"acf":[],"yoast_head":"<!-- This site is optimized with the Yoast SEO plugin v27.4 - https:\/\/yoast.com\/product\/yoast-seo-wordpress\/ -->\n<title>Analyseur d&#039;air respirable ASCO INSTRUMENTS - VAR 18 | DeltaLabo<\/title>\n<meta name=\"robots\" content=\"noindex, follow, max-snippet:-1, max-image-preview:large, max-video-preview:-1\" \/>\n<meta property=\"og:locale\" content=\"fr_FR\" \/>\n<meta property=\"og:type\" content=\"article\" \/>\n<meta property=\"og:title\" content=\"Analyseur d&#039;air respirable ASCO INSTRUMENTS - VAR 18 | DeltaLabo\" \/>\n<meta property=\"og:description\" content=\"Analyseur d&#039;air respirable ASCO INSTRUMENTS - VAR 18 :  Cette valise permet le contr\u00f4le de la qualit\u00e9 de l&#039;air respirable pressuris\u00e9 selon les normes AREVA et EN 12021. L&#039;utilisation est simple par raccordement direct sur arriv\u00e9es d&#039;air respirable basse (0.5 \u00e0 10bars) et\/ou haute pression en option (300bars) type Staubli.  Mesure simultan\u00e9e sur \u00e9cran tactile couleur des teneurs en CO (0 \u00e0 100ppm), CO2 (0 \u00e0 3000ppm), O2 (0 \u00e0 25%V), hygrom\u00e9trie (0\u00b0C \u00e0 -80\u00b0C de point de ros\u00e9e) et huile (0 \u00e0 20ppm).   En option, il est possible de mesurer \u00e9galement les poussi\u00e8res, la temp\u00e9rature, la pression, le NO, le NO2 et le SO2  Fonctionnement sur secteur et\/ou batterie  Livr\u00e9e compl\u00e8te en valise renforc\u00e9e sp\u00e9ciale utilisation sur le terrain  Etalonnage simplifi\u00e9 sur mini bouteilles de gaz \u00e9talon  Existe aussi en version murale fixe avec alarme visuelles et sonores, relais etc...\" \/>\n<meta property=\"og:url\" content=\"https:\/\/webdesi-gn.fr\/dev_deltalabo\/produits\/cat-produit\/valise-portable-pour-analyse-de-la-qualite-de-lair-respirable-pressurise-selon-la-norme-en-12021\/\" \/>\n<meta property=\"og:site_name\" content=\"DeltaLabo\" \/>\n<meta property=\"article:modified_time\" content=\"2025-12-15T13:28:57+00:00\" \/>\n<meta property=\"og:image\" content=\"https:\/\/webdesi-gn.fr\/dev_deltalabo\/wp-content\/uploads\/2025\/11\/DELTA-LABO-Analyseur-dair-VAR-18-Asco.jpg\" \/>\n\t<meta property=\"og:image:width\" content=\"563\" \/>\n\t<meta property=\"og:image:height\" content=\"517\" \/>\n\t<meta property=\"og:image:type\" content=\"image\/jpeg\" \/>\n<meta name=\"twitter:card\" content=\"summary_large_image\" \/>\n<meta name=\"twitter:label1\" content=\"Dur\u00e9e de lecture estim\u00e9e\" \/>\n\t<meta name=\"twitter:data1\" content=\"1 minute\" \/>\n<script type=\"application\/ld+json\" class=\"yoast-schema-graph\">{\"@context\":\"https:\\\/\\\/schema.org\",\"@graph\":[{\"@type\":\"WebPage\",\"@id\":\"https:\\\/\\\/webdesi-gn.fr\\\/dev_deltalabo\\\/produits\\\/cat-produit\\\/valise-portable-pour-analyse-de-la-qualite-de-lair-respirable-pressurise-selon-la-norme-en-12021\\\/\",\"url\":\"https:\\\/\\\/webdesi-gn.fr\\\/dev_deltalabo\\\/produits\\\/cat-produit\\\/valise-portable-pour-analyse-de-la-qualite-de-lair-respirable-pressurise-selon-la-norme-en-12021\\\/\",\"name\":\"Analyseur d'air respirable ASCO INSTRUMENTS - VAR 18 | DeltaLabo\",\"isPartOf\":{\"@id\":\"https:\\\/\\\/webdesi-gn.fr\\\/dev_deltalabo\\\/#website\"},\"primaryImageOfPage\":{\"@id\":\"https:\\\/\\\/webdesi-gn.fr\\\/dev_deltalabo\\\/produits\\\/cat-produit\\\/valise-portable-pour-analyse-de-la-qualite-de-lair-respirable-pressurise-selon-la-norme-en-12021\\\/#primaryimage\"},\"image\":{\"@id\":\"https:\\\/\\\/webdesi-gn.fr\\\/dev_deltalabo\\\/produits\\\/cat-produit\\\/valise-portable-pour-analyse-de-la-qualite-de-lair-respirable-pressurise-selon-la-norme-en-12021\\\/#primaryimage\"},\"thumbnailUrl\":\"https:\\\/\\\/webdesi-gn.fr\\\/dev_deltalabo\\\/wp-content\\\/uploads\\\/2025\\\/11\\\/DELTA-LABO-Analyseur-dair-VAR-18-Asco.jpg\",\"datePublished\":\"2024-03-04T14:04:08+00:00\",\"dateModified\":\"2025-12-15T13:28:57+00:00\",\"breadcrumb\":{\"@id\":\"https:\\\/\\\/webdesi-gn.fr\\\/dev_deltalabo\\\/produits\\\/cat-produit\\\/valise-portable-pour-analyse-de-la-qualite-de-lair-respirable-pressurise-selon-la-norme-en-12021\\\/#breadcrumb\"},\"inLanguage\":\"fr-FR\",\"potentialAction\":[{\"@type\":\"ReadAction\",\"target\":[\"https:\\\/\\\/webdesi-gn.fr\\\/dev_deltalabo\\\/produits\\\/cat-produit\\\/valise-portable-pour-analyse-de-la-qualite-de-lair-respirable-pressurise-selon-la-norme-en-12021\\\/\"]}]},{\"@type\":\"ImageObject\",\"inLanguage\":\"fr-FR\",\"@id\":\"https:\\\/\\\/webdesi-gn.fr\\\/dev_deltalabo\\\/produits\\\/cat-produit\\\/valise-portable-pour-analyse-de-la-qualite-de-lair-respirable-pressurise-selon-la-norme-en-12021\\\/#primaryimage\",\"url\":\"https:\\\/\\\/webdesi-gn.fr\\\/dev_deltalabo\\\/wp-content\\\/uploads\\\/2025\\\/11\\\/DELTA-LABO-Analyseur-dair-VAR-18-Asco.jpg\",\"contentUrl\":\"https:\\\/\\\/webdesi-gn.fr\\\/dev_deltalabo\\\/wp-content\\\/uploads\\\/2025\\\/11\\\/DELTA-LABO-Analyseur-dair-VAR-18-Asco.jpg\",\"width\":563,\"height\":517},{\"@type\":\"BreadcrumbList\",\"@id\":\"https:\\\/\\\/webdesi-gn.fr\\\/dev_deltalabo\\\/produits\\\/cat-produit\\\/valise-portable-pour-analyse-de-la-qualite-de-lair-respirable-pressurise-selon-la-norme-en-12021\\\/#breadcrumb\",\"itemListElement\":[{\"@type\":\"ListItem\",\"position\":1,\"name\":\"Accueil\",\"item\":\"https:\\\/\\\/webdesi-gn.fr\\\/dev_deltalabo\\\/\"},{\"@type\":\"ListItem\",\"position\":2,\"name\":\"Produits\",\"item\":\"https:\\\/\\\/webdesi-gn.fr\\\/dev_deltalabo\\\/produits\\\/\"},{\"@type\":\"ListItem\",\"position\":3,\"name\":\"Analyseur d&rsquo;air respirable ASCO INSTRUMENTS &#8211; VAR 18\"}]},{\"@type\":\"WebSite\",\"@id\":\"https:\\\/\\\/webdesi-gn.fr\\\/dev_deltalabo\\\/#website\",\"url\":\"https:\\\/\\\/webdesi-gn.fr\\\/dev_deltalabo\\\/\",\"name\":\"Delta Labo\",\"description\":\"Un site utilisant WordPress\",\"publisher\":{\"@id\":\"https:\\\/\\\/webdesi-gn.fr\\\/dev_deltalabo\\\/#organization\"},\"alternateName\":\"Delta Labo\",\"potentialAction\":[{\"@type\":\"SearchAction\",\"target\":{\"@type\":\"EntryPoint\",\"urlTemplate\":\"https:\\\/\\\/webdesi-gn.fr\\\/dev_deltalabo\\\/?s={search_term_string}\"},\"query-input\":{\"@type\":\"PropertyValueSpecification\",\"valueRequired\":true,\"valueName\":\"search_term_string\"}}],\"inLanguage\":\"fr-FR\"},{\"@type\":\"Organization\",\"@id\":\"https:\\\/\\\/webdesi-gn.fr\\\/dev_deltalabo\\\/#organization\",\"name\":\"DeltaLabo\",\"url\":\"https:\\\/\\\/webdesi-gn.fr\\\/dev_deltalabo\\\/\",\"logo\":{\"@type\":\"ImageObject\",\"inLanguage\":\"fr-FR\",\"@id\":\"https:\\\/\\\/webdesi-gn.fr\\\/dev_deltalabo\\\/#\\\/schema\\\/logo\\\/image\\\/\",\"url\":\"https:\\\/\\\/webdesi-gn.fr\\\/dev_deltalabo\\\/wp-content\\\/uploads\\\/2022\\\/07\\\/logo-deltalabo.png\",\"contentUrl\":\"https:\\\/\\\/webdesi-gn.fr\\\/dev_deltalabo\\\/wp-content\\\/uploads\\\/2022\\\/07\\\/logo-deltalabo.png\",\"width\":694,\"height\":306,\"caption\":\"DeltaLabo\"},\"image\":{\"@id\":\"https:\\\/\\\/webdesi-gn.fr\\\/dev_deltalabo\\\/#\\\/schema\\\/logo\\\/image\\\/\"}}]}<\/script>\n<!-- \/ Yoast SEO plugin. -->","yoast_head_json":{"title":"Analyseur d'air respirable ASCO INSTRUMENTS - VAR 18 | DeltaLabo","robots":{"index":"noindex","follow":"follow","max-snippet":"max-snippet:-1","max-image-preview":"max-image-preview:large","max-video-preview":"max-video-preview:-1"},"og_locale":"fr_FR","og_type":"article","og_title":"Analyseur d'air respirable ASCO INSTRUMENTS - VAR 18 | DeltaLabo","og_description":"Analyseur d'air respirable ASCO INSTRUMENTS - VAR 18 :  Cette valise permet le contr\u00f4le de la qualit\u00e9 de l'air respirable pressuris\u00e9 selon les normes AREVA et EN 12021. L'utilisation est simple par raccordement direct sur arriv\u00e9es d'air respirable basse (0.5 \u00e0 10bars) et\/ou haute pression en option (300bars) type Staubli.  Mesure simultan\u00e9e sur \u00e9cran tactile couleur des teneurs en CO (0 \u00e0 100ppm), CO2 (0 \u00e0 3000ppm), O2 (0 \u00e0 25%V), hygrom\u00e9trie (0\u00b0C \u00e0 -80\u00b0C de point de ros\u00e9e) et huile (0 \u00e0 20ppm).   En option, il est possible de mesurer \u00e9galement les poussi\u00e8res, la temp\u00e9rature, la pression, le NO, le NO2 et le SO2  Fonctionnement sur secteur et\/ou batterie  Livr\u00e9e compl\u00e8te en valise renforc\u00e9e sp\u00e9ciale utilisation sur le terrain  Etalonnage simplifi\u00e9 sur mini bouteilles de gaz \u00e9talon  Existe aussi en version murale fixe avec alarme visuelles et sonores, relais etc...","og_url":"https:\/\/webdesi-gn.fr\/dev_deltalabo\/produits\/cat-produit\/valise-portable-pour-analyse-de-la-qualite-de-lair-respirable-pressurise-selon-la-norme-en-12021\/","og_site_name":"DeltaLabo","article_modified_time":"2025-12-15T13:28:57+00:00","og_image":[{"width":563,"height":517,"url":"https:\/\/webdesi-gn.fr\/dev_deltalabo\/wp-content\/uploads\/2025\/11\/DELTA-LABO-Analyseur-dair-VAR-18-Asco.jpg","type":"image\/jpeg"}],"twitter_card":"summary_large_image","twitter_misc":{"Dur\u00e9e de lecture estim\u00e9e":"1 minute"},"schema":{"@context":"https:\/\/schema.org","@graph":[{"@type":"WebPage","@id":"https:\/\/webdesi-gn.fr\/dev_deltalabo\/produits\/cat-produit\/valise-portable-pour-analyse-de-la-qualite-de-lair-respirable-pressurise-selon-la-norme-en-12021\/","url":"https:\/\/webdesi-gn.fr\/dev_deltalabo\/produits\/cat-produit\/valise-portable-pour-analyse-de-la-qualite-de-lair-respirable-pressurise-selon-la-norme-en-12021\/","name":"Analyseur d'air respirable ASCO INSTRUMENTS - VAR 18 | DeltaLabo","isPartOf":{"@id":"https:\/\/webdesi-gn.fr\/dev_deltalabo\/#website"},"primaryImageOfPage":{"@id":"https:\/\/webdesi-gn.fr\/dev_deltalabo\/produits\/cat-produit\/valise-portable-pour-analyse-de-la-qualite-de-lair-respirable-pressurise-selon-la-norme-en-12021\/#primaryimage"},"image":{"@id":"https:\/\/webdesi-gn.fr\/dev_deltalabo\/produits\/cat-produit\/valise-portable-pour-analyse-de-la-qualite-de-lair-respirable-pressurise-selon-la-norme-en-12021\/#primaryimage"},"thumbnailUrl":"https:\/\/webdesi-gn.fr\/dev_deltalabo\/wp-content\/uploads\/2025\/11\/DELTA-LABO-Analyseur-dair-VAR-18-Asco.jpg","datePublished":"2024-03-04T14:04:08+00:00","dateModified":"2025-12-15T13:28:57+00:00","breadcrumb":{"@id":"https:\/\/webdesi-gn.fr\/dev_deltalabo\/produits\/cat-produit\/valise-portable-pour-analyse-de-la-qualite-de-lair-respirable-pressurise-selon-la-norme-en-12021\/#breadcrumb"},"inLanguage":"fr-FR","potentialAction":[{"@type":"ReadAction","target":["https:\/\/webdesi-gn.fr\/dev_deltalabo\/produits\/cat-produit\/valise-portable-pour-analyse-de-la-qualite-de-lair-respirable-pressurise-selon-la-norme-en-12021\/"]}]},{"@type":"ImageObject","inLanguage":"fr-FR","@id":"https:\/\/webdesi-gn.fr\/dev_deltalabo\/produits\/cat-produit\/valise-portable-pour-analyse-de-la-qualite-de-lair-respirable-pressurise-selon-la-norme-en-12021\/#primaryimage","url":"https:\/\/webdesi-gn.fr\/dev_deltalabo\/wp-content\/uploads\/2025\/11\/DELTA-LABO-Analyseur-dair-VAR-18-Asco.jpg","contentUrl":"https:\/\/webdesi-gn.fr\/dev_deltalabo\/wp-content\/uploads\/2025\/11\/DELTA-LABO-Analyseur-dair-VAR-18-Asco.jpg","width":563,"height":517},{"@type":"BreadcrumbList","@id":"https:\/\/webdesi-gn.fr\/dev_deltalabo\/produits\/cat-produit\/valise-portable-pour-analyse-de-la-qualite-de-lair-respirable-pressurise-selon-la-norme-en-12021\/#breadcrumb","itemListElement":[{"@type":"ListItem","position":1,"name":"Accueil","item":"https:\/\/webdesi-gn.fr\/dev_deltalabo\/"},{"@type":"ListItem","position":2,"name":"Produits","item":"https:\/\/webdesi-gn.fr\/dev_deltalabo\/produits\/"},{"@type":"ListItem","position":3,"name":"Analyseur d&rsquo;air respirable ASCO INSTRUMENTS &#8211; VAR 18"}]},{"@type":"WebSite","@id":"https:\/\/webdesi-gn.fr\/dev_deltalabo\/#website","url":"https:\/\/webdesi-gn.fr\/dev_deltalabo\/","name":"Delta Labo","description":"Un site utilisant WordPress","publisher":{"@id":"https:\/\/webdesi-gn.fr\/dev_deltalabo\/#organization"},"alternateName":"Delta Labo","potentialAction":[{"@type":"SearchAction","target":{"@type":"EntryPoint","urlTemplate":"https:\/\/webdesi-gn.fr\/dev_deltalabo\/?s={search_term_string}"},"query-input":{"@type":"PropertyValueSpecification","valueRequired":true,"valueName":"search_term_string"}}],"inLanguage":"fr-FR"},{"@type":"Organization","@id":"https:\/\/webdesi-gn.fr\/dev_deltalabo\/#organization","name":"DeltaLabo","url":"https:\/\/webdesi-gn.fr\/dev_deltalabo\/","logo":{"@type":"ImageObject","inLanguage":"fr-FR","@id":"https:\/\/webdesi-gn.fr\/dev_deltalabo\/#\/schema\/logo\/image\/","url":"https:\/\/webdesi-gn.fr\/dev_deltalabo\/wp-content\/uploads\/2022\/07\/logo-deltalabo.png","contentUrl":"https:\/\/webdesi-gn.fr\/dev_deltalabo\/wp-content\/uploads\/2022\/07\/logo-deltalabo.png","width":694,"height":306,"caption":"DeltaLabo"},"image":{"@id":"https:\/\/webdesi-gn.fr\/dev_deltalabo\/#\/schema\/logo\/image\/"}}]}},"_links":{"self":[{"href":"https:\/\/webdesi-gn.fr\/dev_deltalabo\/wp-json\/wp\/v2\/product\/256136","targetHints":{"allow":["GET"]}}],"collection":[{"href":"https:\/\/webdesi-gn.fr\/dev_deltalabo\/wp-json\/wp\/v2\/product"}],"about":[{"href":"https:\/\/webdesi-gn.fr\/dev_deltalabo\/wp-json\/wp\/v2\/types\/product"}],"wp:featuredmedia":[{"embeddable":true,"href":"https:\/\/webdesi-gn.fr\/dev_deltalabo\/wp-json\/wp\/v2\/media\/262136"}],"wp:attachment":[{"href":"https:\/\/webdesi-gn.fr\/dev_deltalabo\/wp-json\/wp\/v2\/media?parent=256136"}],"wp:term":[{"taxonomy":"domaine","embeddable":true,"href":"https:\/\/webdesi-gn.fr\/dev_deltalabo\/wp-json\/wp\/v2\/domaine?post=256136"},{"taxonomy":"normes","embeddable":true,"href":"https:\/\/webdesi-gn.fr\/dev_deltalabo\/wp-json\/wp\/v2\/normes?post=256136"},{"taxonomy":"product_brand","embeddable":true,"href":"https:\/\/webdesi-gn.fr\/dev_deltalabo\/wp-json\/wp\/v2\/product_brand?post=256136"},{"taxonomy":"product_cat","embeddable":true,"href":"https:\/\/webdesi-gn.fr\/dev_deltalabo\/wp-json\/wp\/v2\/product_cat?post=256136"},{"taxonomy":"product_tag","embeddable":true,"href":"https:\/\/webdesi-gn.fr\/dev_deltalabo\/wp-json\/wp\/v2\/product_tag?post=256136"}],"curies":[{"name":"wp","href":"https:\/\/api.w.org\/{rel}","templated":true}]}}