{"id":256139,"date":"2024-03-04T15:07:09","date_gmt":"2024-03-04T14:07:09","guid":{"rendered":"https:\/\/webdesi-gn.fr\/dev_deltalabo\/?post_type=product&#038;p=256139"},"modified":"2025-11-24T15:30:19","modified_gmt":"2025-11-24T14:30:19","slug":"consistometre-de-bostwick-selon-astm-f1080-93-2002","status":"publish","type":"product","link":"https:\/\/webdesi-gn.fr\/dev_deltalabo\/produits\/metallurgie-siderurgie\/consistometre-de-bostwick-selon-astm-f1080-93-2002\/","title":{"rendered":"Consistom\u00e8tre de Bostwick selon ASTM F1080-93"},"content":{"rendered":"","protected":false},"excerpt":{"rendered":"<p><strong>Consistom\u00e8tre de Bostwick selon ASTM F1080-93 : <\/strong><\/p>\n<p>Le consistom\u00e8tre de Bostwick est un outil de laboratoire, peu couteux et durable, qui permet un contr\u00f4le rapide et pr\u00e9cis de la consistance de la viscosit\u00e9 et des taux d&rsquo;\u00e9coulement. Il est constitu\u00e9 d&rsquo;une coulotte en inox \u00e0 l&rsquo;extr\u00e9mit\u00e9 de laquelle l&rsquo;\u00e9chantillon est d\u00e9pos\u00e9 (100mL). Un niveau permet de r\u00e9gler la plan\u00e9it\u00e9 de l&rsquo;ensemble.<\/p>\n<p>Par ailleurs, il n&rsquo;y a pas de bulle de r\u00e9glage du niveau \u00e0 l&rsquo;extr\u00e9mit\u00e9 du consistom\u00e8tre car c&rsquo;est une source d&rsquo;erreurs. En effet, lorsque la bulle se trouve sur une \u00ab\u00a0extension\u00a0\u00bb m\u00e9tallique du consistom\u00e8tre, il est fr\u00e9quent que cette partie se torde rendant faux le r\u00e9glage du niveau.<\/p>\n<p>Principe de mesure : l&rsquo;op\u00e9rateur rel\u00e8ve la petite trappe qui a pour effet de lib\u00e9rer l&rsquo;\u00e9chantillon qui va s&rsquo;\u00e9couler. La distance parcourue est mesur\u00e9e en centim\u00e8tres pendant 30 secondes. Cette mesure permet d&rsquo;appr\u00e9cier la consistance d&rsquo;un produit p\u00e2teux (compote, pur\u00e9e, coulis de tomate, cr\u00e8mes, etc&#8230;)<\/p>\n<p><strong>T\u00e9l\u00e9charger la brochure produit :<\/strong> <a href=\"https:\/\/www.deltalabo.fr\/wp-content\/uploads\/2025\/09\/Doc-Bostwick-engl-DL.pdf\">Consistom\u00e8tre de Bostwick selon ASTM F1080-93<\/a><\/p>\n","protected":false},"featured_media":262133,"template":"","meta":{"_acf_changed":false,"site-sidebar-layout":"default","site-content-layout":"","ast-site-content-layout":"default","site-content-style":"default","site-sidebar-style":"default","ast-global-header-display":"","ast-banner-title-visibility":"","ast-main-header-display":"","ast-hfb-above-header-display":"","ast-hfb-below-header-display":"","ast-hfb-mobile-header-display":"","site-post-title":"","ast-breadcrumbs-content":"","ast-featured-img":"","footer-sml-layout":"","ast-disable-related-posts":"","theme-transparent-header-meta":"","adv-header-id-meta":"","stick-header-meta":"","header-above-stick-meta":"","header-main-stick-meta":"","header-below-stick-meta":"","astra-migrate-meta-layouts":"default","ast-page-background-enabled":"default","ast-page-background-meta":{"desktop":{"background-color":"var(--ast-global-color-5)","background-image":"","background-repeat":"repeat","background-position":"center center","background-size":"auto","background-attachment":"scroll","background-type":"","background-media":"","overlay-type":"","overlay-color":"","overlay-opacity":"","overlay-gradient":""},"tablet":{"background-color":"","background-image":"","background-repeat":"repeat","background-position":"center center","background-size":"auto","background-attachment":"scroll","background-type":"","background-media":"","overlay-type":"","overlay-color":"","overlay-opacity":"","overlay-gradient":""},"mobile":{"background-color":"","background-image":"","background-repeat":"repeat","background-position":"center center","background-size":"auto","background-attachment":"scroll","background-type":"","background-media":"","overlay-type":"","overlay-color":"","overlay-opacity":"","overlay-gradient":""}},"ast-content-background-meta":{"desktop":{"background-color":"var(--ast-global-color-4)","background-image":"","background-repeat":"repeat","background-position":"center center","background-size":"auto","background-attachment":"scroll","background-type":"","background-media":"","overlay-type":"","overlay-color":"","overlay-opacity":"","overlay-gradient":""},"tablet":{"background-color":"var(--ast-global-color-4)","background-image":"","background-repeat":"repeat","background-position":"center center","background-size":"auto","background-attachment":"scroll","background-type":"","background-media":"","overlay-type":"","overlay-color":"","overlay-opacity":"","overlay-gradient":""},"mobile":{"background-color":"var(--ast-global-color-4)","background-image":"","background-repeat":"repeat","background-position":"center center","background-size":"auto","background-attachment":"scroll","background-type":"","background-media":"","overlay-type":"","overlay-color":"","overlay-opacity":"","overlay-gradient":""}}},"domaine":[17183],"normes":[],"product_brand":[],"product_cat":[17240,86],"product_tag":[],"class_list":{"0":"post-256139","1":"product","2":"type-product","3":"status-publish","4":"has-post-thumbnail","6":"domaine-analyses-physico-chimiques","7":"product_cat-categories","8":"product_cat-metallurgie-siderurgie","9":"desktop-align-left","10":"tablet-align-left","11":"mobile-align-left","13":"first","14":"instock","15":"shipping-taxable","16":"product-type-simple"},"acf":[],"yoast_head":"<!-- This site is optimized with the Yoast SEO plugin v27.4 - https:\/\/yoast.com\/product\/yoast-seo-wordpress\/ -->\n<title>Consistom\u00e8tre de Bostwick selon ASTM F1080-93 | DeltaLabo<\/title>\n<meta name=\"robots\" content=\"noindex, follow, max-snippet:-1, max-image-preview:large, max-video-preview:-1\" \/>\n<meta property=\"og:locale\" content=\"fr_FR\" \/>\n<meta property=\"og:type\" content=\"article\" \/>\n<meta property=\"og:title\" content=\"Consistom\u00e8tre de Bostwick selon ASTM F1080-93 | DeltaLabo\" \/>\n<meta property=\"og:description\" content=\"Consistom\u00e8tre de Bostwick selon ASTM F1080-93 :   Le consistom\u00e8tre de Bostwick est un outil de laboratoire, peu couteux et durable, qui permet un contr\u00f4le rapide et pr\u00e9cis de la consistance de la viscosit\u00e9 et des taux d&#039;\u00e9coulement. Il est constitu\u00e9 d&#039;une coulotte en inox \u00e0 l&#039;extr\u00e9mit\u00e9 de laquelle l&#039;\u00e9chantillon est d\u00e9pos\u00e9 (100mL). Un niveau permet de r\u00e9gler la plan\u00e9it\u00e9 de l&#039;ensemble.  Par ailleurs, il n&#039;y a pas de bulle de r\u00e9glage du niveau \u00e0 l&#039;extr\u00e9mit\u00e9 du consistom\u00e8tre car c&#039;est une source d&#039;erreurs. En effet, lorsque la bulle se trouve sur une &quot;extension&quot; m\u00e9tallique du consistom\u00e8tre, il est fr\u00e9quent que cette partie se torde rendant faux le r\u00e9glage du niveau.  Principe de mesure : l&#039;op\u00e9rateur rel\u00e8ve la petite trappe qui a pour effet de lib\u00e9rer l&#039;\u00e9chantillon qui va s&#039;\u00e9couler. La distance parcourue est mesur\u00e9e en centim\u00e8tres pendant 30 secondes. Cette mesure permet d&#039;appr\u00e9cier la consistance d&#039;un produit p\u00e2teux (compote, pur\u00e9e, coulis de tomate, cr\u00e8mes, etc...)  T\u00e9l\u00e9charger la brochure produit : Consistom\u00e8tre de Bostwick selon ASTM F1080-93\" \/>\n<meta property=\"og:url\" content=\"https:\/\/webdesi-gn.fr\/dev_deltalabo\/produits\/metallurgie-siderurgie\/consistometre-de-bostwick-selon-astm-f1080-93-2002\/\" \/>\n<meta property=\"og:site_name\" content=\"DeltaLabo\" \/>\n<meta property=\"article:modified_time\" content=\"2025-11-24T14:30:19+00:00\" \/>\n<meta property=\"og:image\" content=\"https:\/\/webdesi-gn.fr\/dev_deltalabo\/wp-content\/uploads\/2025\/11\/DELTA-LABo-consistometre-de-bostwick-1.png\" \/>\n\t<meta property=\"og:image:width\" content=\"700\" \/>\n\t<meta property=\"og:image:height\" content=\"700\" \/>\n\t<meta property=\"og:image:type\" content=\"image\/png\" \/>\n<meta name=\"twitter:card\" content=\"summary_large_image\" \/>\n<meta name=\"twitter:label1\" content=\"Dur\u00e9e de lecture estim\u00e9e\" \/>\n\t<meta name=\"twitter:data1\" content=\"1 minute\" \/>\n<script type=\"application\/ld+json\" class=\"yoast-schema-graph\">{\"@context\":\"https:\\\/\\\/schema.org\",\"@graph\":[{\"@type\":\"WebPage\",\"@id\":\"https:\\\/\\\/webdesi-gn.fr\\\/dev_deltalabo\\\/produits\\\/metallurgie-siderurgie\\\/consistometre-de-bostwick-selon-astm-f1080-93-2002\\\/\",\"url\":\"https:\\\/\\\/webdesi-gn.fr\\\/dev_deltalabo\\\/produits\\\/metallurgie-siderurgie\\\/consistometre-de-bostwick-selon-astm-f1080-93-2002\\\/\",\"name\":\"Consistom\u00e8tre de Bostwick selon ASTM F1080-93 | DeltaLabo\",\"isPartOf\":{\"@id\":\"https:\\\/\\\/webdesi-gn.fr\\\/dev_deltalabo\\\/#website\"},\"primaryImageOfPage\":{\"@id\":\"https:\\\/\\\/webdesi-gn.fr\\\/dev_deltalabo\\\/produits\\\/metallurgie-siderurgie\\\/consistometre-de-bostwick-selon-astm-f1080-93-2002\\\/#primaryimage\"},\"image\":{\"@id\":\"https:\\\/\\\/webdesi-gn.fr\\\/dev_deltalabo\\\/produits\\\/metallurgie-siderurgie\\\/consistometre-de-bostwick-selon-astm-f1080-93-2002\\\/#primaryimage\"},\"thumbnailUrl\":\"https:\\\/\\\/webdesi-gn.fr\\\/dev_deltalabo\\\/wp-content\\\/uploads\\\/2025\\\/11\\\/DELTA-LABo-consistometre-de-bostwick-1.png\",\"datePublished\":\"2024-03-04T14:07:09+00:00\",\"dateModified\":\"2025-11-24T14:30:19+00:00\",\"breadcrumb\":{\"@id\":\"https:\\\/\\\/webdesi-gn.fr\\\/dev_deltalabo\\\/produits\\\/metallurgie-siderurgie\\\/consistometre-de-bostwick-selon-astm-f1080-93-2002\\\/#breadcrumb\"},\"inLanguage\":\"fr-FR\",\"potentialAction\":[{\"@type\":\"ReadAction\",\"target\":[\"https:\\\/\\\/webdesi-gn.fr\\\/dev_deltalabo\\\/produits\\\/metallurgie-siderurgie\\\/consistometre-de-bostwick-selon-astm-f1080-93-2002\\\/\"]}]},{\"@type\":\"ImageObject\",\"inLanguage\":\"fr-FR\",\"@id\":\"https:\\\/\\\/webdesi-gn.fr\\\/dev_deltalabo\\\/produits\\\/metallurgie-siderurgie\\\/consistometre-de-bostwick-selon-astm-f1080-93-2002\\\/#primaryimage\",\"url\":\"https:\\\/\\\/webdesi-gn.fr\\\/dev_deltalabo\\\/wp-content\\\/uploads\\\/2025\\\/11\\\/DELTA-LABo-consistometre-de-bostwick-1.png\",\"contentUrl\":\"https:\\\/\\\/webdesi-gn.fr\\\/dev_deltalabo\\\/wp-content\\\/uploads\\\/2025\\\/11\\\/DELTA-LABo-consistometre-de-bostwick-1.png\",\"width\":700,\"height\":700},{\"@type\":\"BreadcrumbList\",\"@id\":\"https:\\\/\\\/webdesi-gn.fr\\\/dev_deltalabo\\\/produits\\\/metallurgie-siderurgie\\\/consistometre-de-bostwick-selon-astm-f1080-93-2002\\\/#breadcrumb\",\"itemListElement\":[{\"@type\":\"ListItem\",\"position\":1,\"name\":\"Accueil\",\"item\":\"https:\\\/\\\/webdesi-gn.fr\\\/dev_deltalabo\\\/\"},{\"@type\":\"ListItem\",\"position\":2,\"name\":\"Produits\",\"item\":\"https:\\\/\\\/webdesi-gn.fr\\\/dev_deltalabo\\\/produits\\\/\"},{\"@type\":\"ListItem\",\"position\":3,\"name\":\"Consistom\u00e8tre de Bostwick selon ASTM F1080-93\"}]},{\"@type\":\"WebSite\",\"@id\":\"https:\\\/\\\/webdesi-gn.fr\\\/dev_deltalabo\\\/#website\",\"url\":\"https:\\\/\\\/webdesi-gn.fr\\\/dev_deltalabo\\\/\",\"name\":\"Delta Labo\",\"description\":\"Un site utilisant WordPress\",\"publisher\":{\"@id\":\"https:\\\/\\\/webdesi-gn.fr\\\/dev_deltalabo\\\/#organization\"},\"alternateName\":\"Delta Labo\",\"potentialAction\":[{\"@type\":\"SearchAction\",\"target\":{\"@type\":\"EntryPoint\",\"urlTemplate\":\"https:\\\/\\\/webdesi-gn.fr\\\/dev_deltalabo\\\/?s={search_term_string}\"},\"query-input\":{\"@type\":\"PropertyValueSpecification\",\"valueRequired\":true,\"valueName\":\"search_term_string\"}}],\"inLanguage\":\"fr-FR\"},{\"@type\":\"Organization\",\"@id\":\"https:\\\/\\\/webdesi-gn.fr\\\/dev_deltalabo\\\/#organization\",\"name\":\"DeltaLabo\",\"url\":\"https:\\\/\\\/webdesi-gn.fr\\\/dev_deltalabo\\\/\",\"logo\":{\"@type\":\"ImageObject\",\"inLanguage\":\"fr-FR\",\"@id\":\"https:\\\/\\\/webdesi-gn.fr\\\/dev_deltalabo\\\/#\\\/schema\\\/logo\\\/image\\\/\",\"url\":\"https:\\\/\\\/webdesi-gn.fr\\\/dev_deltalabo\\\/wp-content\\\/uploads\\\/2022\\\/07\\\/logo-deltalabo.png\",\"contentUrl\":\"https:\\\/\\\/webdesi-gn.fr\\\/dev_deltalabo\\\/wp-content\\\/uploads\\\/2022\\\/07\\\/logo-deltalabo.png\",\"width\":694,\"height\":306,\"caption\":\"DeltaLabo\"},\"image\":{\"@id\":\"https:\\\/\\\/webdesi-gn.fr\\\/dev_deltalabo\\\/#\\\/schema\\\/logo\\\/image\\\/\"}}]}<\/script>\n<!-- \/ Yoast SEO plugin. -->","yoast_head_json":{"title":"Consistom\u00e8tre de Bostwick selon ASTM F1080-93 | DeltaLabo","robots":{"index":"noindex","follow":"follow","max-snippet":"max-snippet:-1","max-image-preview":"max-image-preview:large","max-video-preview":"max-video-preview:-1"},"og_locale":"fr_FR","og_type":"article","og_title":"Consistom\u00e8tre de Bostwick selon ASTM F1080-93 | DeltaLabo","og_description":"Consistom\u00e8tre de Bostwick selon ASTM F1080-93 :   Le consistom\u00e8tre de Bostwick est un outil de laboratoire, peu couteux et durable, qui permet un contr\u00f4le rapide et pr\u00e9cis de la consistance de la viscosit\u00e9 et des taux d'\u00e9coulement. Il est constitu\u00e9 d'une coulotte en inox \u00e0 l'extr\u00e9mit\u00e9 de laquelle l'\u00e9chantillon est d\u00e9pos\u00e9 (100mL). Un niveau permet de r\u00e9gler la plan\u00e9it\u00e9 de l'ensemble.  Par ailleurs, il n'y a pas de bulle de r\u00e9glage du niveau \u00e0 l'extr\u00e9mit\u00e9 du consistom\u00e8tre car c'est une source d'erreurs. En effet, lorsque la bulle se trouve sur une \"extension\" m\u00e9tallique du consistom\u00e8tre, il est fr\u00e9quent que cette partie se torde rendant faux le r\u00e9glage du niveau.  Principe de mesure : l'op\u00e9rateur rel\u00e8ve la petite trappe qui a pour effet de lib\u00e9rer l'\u00e9chantillon qui va s'\u00e9couler. La distance parcourue est mesur\u00e9e en centim\u00e8tres pendant 30 secondes. Cette mesure permet d'appr\u00e9cier la consistance d'un produit p\u00e2teux (compote, pur\u00e9e, coulis de tomate, cr\u00e8mes, etc...)  T\u00e9l\u00e9charger la brochure produit : Consistom\u00e8tre de Bostwick selon ASTM F1080-93","og_url":"https:\/\/webdesi-gn.fr\/dev_deltalabo\/produits\/metallurgie-siderurgie\/consistometre-de-bostwick-selon-astm-f1080-93-2002\/","og_site_name":"DeltaLabo","article_modified_time":"2025-11-24T14:30:19+00:00","og_image":[{"width":700,"height":700,"url":"https:\/\/webdesi-gn.fr\/dev_deltalabo\/wp-content\/uploads\/2025\/11\/DELTA-LABo-consistometre-de-bostwick-1.png","type":"image\/png"}],"twitter_card":"summary_large_image","twitter_misc":{"Dur\u00e9e de lecture estim\u00e9e":"1 minute"},"schema":{"@context":"https:\/\/schema.org","@graph":[{"@type":"WebPage","@id":"https:\/\/webdesi-gn.fr\/dev_deltalabo\/produits\/metallurgie-siderurgie\/consistometre-de-bostwick-selon-astm-f1080-93-2002\/","url":"https:\/\/webdesi-gn.fr\/dev_deltalabo\/produits\/metallurgie-siderurgie\/consistometre-de-bostwick-selon-astm-f1080-93-2002\/","name":"Consistom\u00e8tre de Bostwick selon ASTM F1080-93 | DeltaLabo","isPartOf":{"@id":"https:\/\/webdesi-gn.fr\/dev_deltalabo\/#website"},"primaryImageOfPage":{"@id":"https:\/\/webdesi-gn.fr\/dev_deltalabo\/produits\/metallurgie-siderurgie\/consistometre-de-bostwick-selon-astm-f1080-93-2002\/#primaryimage"},"image":{"@id":"https:\/\/webdesi-gn.fr\/dev_deltalabo\/produits\/metallurgie-siderurgie\/consistometre-de-bostwick-selon-astm-f1080-93-2002\/#primaryimage"},"thumbnailUrl":"https:\/\/webdesi-gn.fr\/dev_deltalabo\/wp-content\/uploads\/2025\/11\/DELTA-LABo-consistometre-de-bostwick-1.png","datePublished":"2024-03-04T14:07:09+00:00","dateModified":"2025-11-24T14:30:19+00:00","breadcrumb":{"@id":"https:\/\/webdesi-gn.fr\/dev_deltalabo\/produits\/metallurgie-siderurgie\/consistometre-de-bostwick-selon-astm-f1080-93-2002\/#breadcrumb"},"inLanguage":"fr-FR","potentialAction":[{"@type":"ReadAction","target":["https:\/\/webdesi-gn.fr\/dev_deltalabo\/produits\/metallurgie-siderurgie\/consistometre-de-bostwick-selon-astm-f1080-93-2002\/"]}]},{"@type":"ImageObject","inLanguage":"fr-FR","@id":"https:\/\/webdesi-gn.fr\/dev_deltalabo\/produits\/metallurgie-siderurgie\/consistometre-de-bostwick-selon-astm-f1080-93-2002\/#primaryimage","url":"https:\/\/webdesi-gn.fr\/dev_deltalabo\/wp-content\/uploads\/2025\/11\/DELTA-LABo-consistometre-de-bostwick-1.png","contentUrl":"https:\/\/webdesi-gn.fr\/dev_deltalabo\/wp-content\/uploads\/2025\/11\/DELTA-LABo-consistometre-de-bostwick-1.png","width":700,"height":700},{"@type":"BreadcrumbList","@id":"https:\/\/webdesi-gn.fr\/dev_deltalabo\/produits\/metallurgie-siderurgie\/consistometre-de-bostwick-selon-astm-f1080-93-2002\/#breadcrumb","itemListElement":[{"@type":"ListItem","position":1,"name":"Accueil","item":"https:\/\/webdesi-gn.fr\/dev_deltalabo\/"},{"@type":"ListItem","position":2,"name":"Produits","item":"https:\/\/webdesi-gn.fr\/dev_deltalabo\/produits\/"},{"@type":"ListItem","position":3,"name":"Consistom\u00e8tre de Bostwick selon ASTM F1080-93"}]},{"@type":"WebSite","@id":"https:\/\/webdesi-gn.fr\/dev_deltalabo\/#website","url":"https:\/\/webdesi-gn.fr\/dev_deltalabo\/","name":"Delta Labo","description":"Un site utilisant WordPress","publisher":{"@id":"https:\/\/webdesi-gn.fr\/dev_deltalabo\/#organization"},"alternateName":"Delta Labo","potentialAction":[{"@type":"SearchAction","target":{"@type":"EntryPoint","urlTemplate":"https:\/\/webdesi-gn.fr\/dev_deltalabo\/?s={search_term_string}"},"query-input":{"@type":"PropertyValueSpecification","valueRequired":true,"valueName":"search_term_string"}}],"inLanguage":"fr-FR"},{"@type":"Organization","@id":"https:\/\/webdesi-gn.fr\/dev_deltalabo\/#organization","name":"DeltaLabo","url":"https:\/\/webdesi-gn.fr\/dev_deltalabo\/","logo":{"@type":"ImageObject","inLanguage":"fr-FR","@id":"https:\/\/webdesi-gn.fr\/dev_deltalabo\/#\/schema\/logo\/image\/","url":"https:\/\/webdesi-gn.fr\/dev_deltalabo\/wp-content\/uploads\/2022\/07\/logo-deltalabo.png","contentUrl":"https:\/\/webdesi-gn.fr\/dev_deltalabo\/wp-content\/uploads\/2022\/07\/logo-deltalabo.png","width":694,"height":306,"caption":"DeltaLabo"},"image":{"@id":"https:\/\/webdesi-gn.fr\/dev_deltalabo\/#\/schema\/logo\/image\/"}}]}},"_links":{"self":[{"href":"https:\/\/webdesi-gn.fr\/dev_deltalabo\/wp-json\/wp\/v2\/product\/256139","targetHints":{"allow":["GET"]}}],"collection":[{"href":"https:\/\/webdesi-gn.fr\/dev_deltalabo\/wp-json\/wp\/v2\/product"}],"about":[{"href":"https:\/\/webdesi-gn.fr\/dev_deltalabo\/wp-json\/wp\/v2\/types\/product"}],"wp:featuredmedia":[{"embeddable":true,"href":"https:\/\/webdesi-gn.fr\/dev_deltalabo\/wp-json\/wp\/v2\/media\/262133"}],"wp:attachment":[{"href":"https:\/\/webdesi-gn.fr\/dev_deltalabo\/wp-json\/wp\/v2\/media?parent=256139"}],"wp:term":[{"taxonomy":"domaine","embeddable":true,"href":"https:\/\/webdesi-gn.fr\/dev_deltalabo\/wp-json\/wp\/v2\/domaine?post=256139"},{"taxonomy":"normes","embeddable":true,"href":"https:\/\/webdesi-gn.fr\/dev_deltalabo\/wp-json\/wp\/v2\/normes?post=256139"},{"taxonomy":"product_brand","embeddable":true,"href":"https:\/\/webdesi-gn.fr\/dev_deltalabo\/wp-json\/wp\/v2\/product_brand?post=256139"},{"taxonomy":"product_cat","embeddable":true,"href":"https:\/\/webdesi-gn.fr\/dev_deltalabo\/wp-json\/wp\/v2\/product_cat?post=256139"},{"taxonomy":"product_tag","embeddable":true,"href":"https:\/\/webdesi-gn.fr\/dev_deltalabo\/wp-json\/wp\/v2\/product_tag?post=256139"}],"curies":[{"name":"wp","href":"https:\/\/api.w.org\/{rel}","templated":true}]}}